{"id":23216,"date":"2020-06-04T09:46:01","date_gmt":"2020-06-04T07:46:01","guid":{"rendered":"https:\/\/pjama.eu\/product\/pjama-dryguardians-yokasteluhalytinpaketti\/"},"modified":"2026-04-20T20:10:06","modified_gmt":"2026-04-20T18:10:06","slug":"pjama-dryguardians-yokasteluhalytinpaketti","status":"publish","type":"product","link":"https:\/\/pjama.eu\/fi\/tuote\/pjama-dryguardians-yokasteluhalytinpaketti\/","title":{"rendered":"Pjama DryGuardians Y\u00f6kasteluh\u00e4lytinpaketti"},"content":{"rendered":"<h3>Pjama DryGuardians Y\u00f6kasteluh\u00e4lytinpaketti<\/h3>\n<h4>Hoito Y\u00f6kasteluh\u00e4lyttimell\u00e4<\/h4>\n<p>Pjama DryGuardians Y\u00f6kasteluh\u00e4lytinpaketti on tehokas v\u00e4line sek\u00e4 lasten ett\u00e4 aikuisten<br \/>\nvuodekastelun ja y\u00f6her\u00e4ilyn hoitoon. Tutkimukset osoittavat, ett\u00e4<x id=\"gid_1\"><\/x>motivaation yll\u00e4pit\u00e4minen ja hoidon johdonmukainen k\u00e4ytt\u00f6 joka y\u00f6 on avainasemassa<x id=\"gid_2\"><\/x>s\u00e4ngyn kastelun voittamisessa. T\u00e4m\u00e4 setti helpottaa aikataulussa pysymist\u00e4 ja onnistumista.  <\/p>\n<p>H\u00e4lytin toimii kaikkien Pjama-hoitovaatteiden, kuten housujen, shortsien ja alusvaatteiden kanssa.<br \/>\nSe koostuu vaatteeseen kiinnitett\u00e4v\u00e4st\u00e4 anturista ja s\u00e4ngyn l\u00e4heisyyteen sijoitetusta kaiutinyksik\u00f6st\u00e4.<br \/>\nKun anturi havaitsee kosteutta, h\u00e4lytys laukeaa ja her\u00e4tt\u00e4\u00e4 k\u00e4ytt\u00e4j\u00e4n. Jatkuva k\u00e4ytt\u00f6 auttaa<br \/>\nkouluttamaan aivot reagoimaan kehon signaaleihin ja lopettamaan s\u00e4ngyn kastelun. <\/p>\n<p>T\u00e4ydellisell\u00e4 Pjama-hoitosarjalla (johon sis\u00e4ltyv\u00e4t harmaat hoitohousut tai -shortsit) saat sek\u00e4<br \/>\n-suojan ett\u00e4 hoidon yhdess\u00e4. Nukkumista varten anturi voidaan liitt\u00e4\u00e4<br \/>\n<strong>DryGuardians-sovellus puhelimessa<\/strong>, jolloin \u00e4\u00e4nekk\u00e4\u00e4n h\u00e4lytyksen sijasta kuuluu huomaamaton v\u00e4rin\u00e4.<br \/>\nN\u00e4in lapset voivat jatkaa hoitoa keskeytyksett\u00e4 my\u00f6s kodin ulkopuolella.<\/p>\n<h4>Miten Pjama DryGuardians Y\u00f6kasteluh\u00e4lytin toimii?<\/h4>\n<p>Anturi kiinnitet\u00e4\u00e4n Pjama-vaatteiden vy\u00f6t\u00e4r\u00f6nauhaan, jossa on integroidut anturijohdot<br \/>\n, jotka laajentavat tunnistusaluetta. N\u00e4in varmistetaan luotettava tunnistus riippumatta siit\u00e4, mihin virtsa laskeutuu tai<br \/>\nmiss\u00e4 nukkuma-asennossa k\u00e4ytt\u00e4j\u00e4 on. T\u00e4m\u00e4 toiminto on erityisen arvokas pojille,<br \/>\nmutta yht\u00e4 t\u00e4rke\u00e4 tyt\u00f6ille, jotka nukkuvat vaihtelevissa asennoissa.  <\/p>\n<p>Kun kosteus havaitaan, kytketty h\u00e4lytysyksikk\u00f6 aktivoituu v\u00e4litt\u00f6m\u00e4sti, keskeytt\u00e4\u00e4 vuodepesun<br \/>\nja kannustaa k\u00e4ytt\u00e4j\u00e4\u00e4 her\u00e4\u00e4m\u00e4\u00e4n ja k\u00e4ym\u00e4\u00e4n kylpyhuoneessa.<\/p>\n<h4>Ominaisuudet ja hy\u00f6dyt<\/h4>\n<ul>\n<li><strong>Tehokas hoito:<\/strong> Tukee lapsia ja aikuisia, joilla on y\u00f6llinen enureesi.<\/li>\n<li><strong>Suunniteltu y\u00f6kyl\u00e4ilyyn:<\/strong> DryGuardians App -sovelluksen kanssa huomaamattomia v\u00e4r\u00e4htelyj\u00e4 varten.<\/li>\n<li><strong>USB-lataus:<\/strong> K\u00e4tev\u00e4 ja nopea lataus USB:n kautta.<\/li>\n<li><strong>Langaton j\u00e4rjestelm\u00e4:<\/strong> H\u00e4lytysyksikk\u00f6 voidaan sijoittaa enint\u00e4\u00e4n 10 metrin p\u00e4\u00e4h\u00e4n anturista.<\/li>\n<li><strong>Vanhempien ilmoitukset:<\/strong> Liit\u00e4 h\u00e4lytys vanhempien puhelimeen v\u00e4litt\u00f6mi\u00e4 h\u00e4lytyksi\u00e4 varten.<\/li>\n<\/ul>\n<h4>Seuraa edistymist\u00e4 DryGuardians-sovelluksella<\/h4>\n<p>DryGuardians-sovelluksen avulla voit kirjata onnettomuudet, seurata hoidon edistymist\u00e4 ja saada henkil\u00f6kohtaisia suosituksia<br \/>\n, jotka on kehitetty yhteisty\u00f6ss\u00e4 Ruotsin terveydenhuollon kanssa. N\u00e4m\u00e4 oivallukset auttavat optimoimaan hoitoa<br \/>\nja tarjoavat arvokasta tietoa, jonka voit tarvittaessa jakaa l\u00e4\u00e4k\u00e4reiden kanssa. <\/p>\n<h4>K\u00e4yt\u00e4nn\u00f6n vinkkej\u00e4 k\u00e4ytt\u00f6\u00e4 varten<\/h4>\n<ul>\n<li>Varmista, ett\u00e4 vaatteet istuvat kunnolla, ja aseta h\u00e4lytyksen \u00e4\u00e4nenvoimakkuus sopivalle tasolle.<\/li>\n<li>Opeta lapsille, miten h\u00e4lytys toimii, ja ota heid\u00e4t mukaan prosessiin.<\/li>\n<li>Kun h\u00e4lytys soi, her\u00e4t\u00e4 lapsi ja ohjaa h\u00e4net kylpyhuoneeseen.<\/li>\n<li>Noudata vaatteiden pesuohjeita laadun s\u00e4ilytt\u00e4miseksi.<\/li>\n<\/ul>\n<h4>Anturin hoito<\/h4>\n<p><span style=\"font-weight: 400;\">Parhaan suorituskyvyn saavuttamiseksi irrota ja kuivaa anturi aina k\u00e4yt\u00f6n j\u00e4lkeen.<\/span><span style=\"font-weight: 400;\"><br \/>\n<\/span><span style=\"font-weight: 400;\">V\u00e4lt\u00e4 j\u00e4tt\u00e4m\u00e4st\u00e4 sit\u00e4 kiinni m\u00e4rk\u00e4\u00e4n vaatteeseen &#8211; t\u00e4m\u00e4 est\u00e4\u00e4 korroosiota ja pident\u00e4\u00e4 akun k\u00e4ytt\u00f6ik\u00e4\u00e4.<\/span><\/p>\n<h4>Motivaatio ja k\u00e4rsiv\u00e4llisyys ovat avainasemassa<\/h4>\n<p>Vuodepesun hoito vaatii aikaa, motivaatiota ja kannustusta. Vanhempien tulisi tukea lapsiaan<x id=\"gid_0\"><\/x>my\u00f6nteisell\u00e4 palautteella ja juhlia edistymist\u00e4 matkan varrella. Pienempien virstanpylv\u00e4iden asettaminen auttaa pit\u00e4m\u00e4\u00e4n motivaation<br \/>\nkorkealla, ja perimm\u00e4isen\u00e4 tavoitteena on p\u00e4\u00e4st\u00e4 eroon s\u00e4ngyn kastumisesta.  <\/p>\n<p>Jos haluat lis\u00e4tietoja enureesista ja hoitoratkaisuista, vieraile osoitteessa<br \/>\n<a href=\"https:\/\/pjama.eu\/fi\/\">verkkosivusto tai<\/a> lataa tuotteen k\u00e4ytt\u00f6ohjeet<br \/>\n<a href=\"https:\/\/pjama.eu\/fi\/tuotteen-kasikirjat\/\">t\u00e4\u00e4ll\u00e4.<\/a><\/p>\n<footer>\u00a9 2024 Pjama.<\/footer>\n","protected":false},"excerpt":{"rendered":"<h3>Y\u00f6kasteluh\u00e4lytin &#8211; sis\u00e4lt\u00e4\u00e4 anturin ja kaiuttimen &#8211; osa DryGuardians-menetelm\u00e4\u00e4.<\/h3>\n<p>Pjama DryGuardians Y\u00f6kasteluh\u00e4lytinpaketti sis\u00e4lt\u00e4\u00e4:<\/p>\n<ul>\n<li>Anturi, joka kiinnitet\u00e4\u00e4n painonapeilla<\/li>\n<li>S\u00e4ngyn l\u00e4helle sijoitettava kaiutin<\/li>\n<\/ul>\n<p>Anturi kiinnitet\u00e4\u00e4n Pjama-housuihin, shortseihin, boksereihin tai briefs-malliin, ja se tarjoaa<br \/>\nyksinkertaisen, tehokkaan ja luotettavan tavan hoitaa vuodekastelua ja enureesia.<\/p>\n<p>Jos haluat k\u00e4ytt\u00e4\u00e4 y\u00f6kasteluh\u00e4lytint\u00e4 \u00e4lypuhelimella, lataa<br \/>\n<strong>DryGuardians App ilmaiseksi<\/strong> osoitteesta<br \/>\n<a href=\"https:\/\/play.google.com\/store\/apps\/details?id=com.pjama&amp;hl=fi&amp;gl=FI\">Google Play<\/a><br \/>\n<a href=\"https:\/\/apps.apple.com\/fi\/app\/dryguardians\/id1498084664\"> tai App Store.<\/a><\/p>\n","protected":false},"featured_media":31175,"template":"","meta":{"_et_pb_use_builder":"off","_et_pb_old_content":"<h3>Bedwetting Alarm for Pjama Treatment Series<\/h3>\r\n<h4>Treatment with Bedwetting Alarm<\/h4>\r\nThe bedwetting alarm is an effective tool for treating bedwetting and nighttime enuresis, for both children and adults. Research shows that about 70% of individuals who undergo bedwetting treatment with an alarm are completely cured, provided there is motivation to follow the treatment every night during the treatment period. The Pjama bedwetting alarm works with all Pjama treatment garments, including pants, shorts, and underwear. The alarm consists of a sensor that clips onto Pjama pants or underwear and a loudspeaker unit placed by the bed. When the sensor detects moisture, the bedwetting alarm is triggered, waking the person undergoing treatment. Consistent use during the treatment period helps break the bedwetting habit, also known as nighttime enuresis.\r\n\r\nWith the Pjama treatment kit, which includes gray treatment pants or shorts, you get both protection and treatment in one. The Pjama pants or shorts keep the bed dry, while the bedwetting alarm helps establish new routines. For sleepovers, the sensor can be connected to the DryGuardians app on your phone, allowing for discreet vibrations instead of a loud alarm. This is perfect for children with enuresis who want to attend sleepovers without interrupting their treatment.\r\n<h4>How Does the Pjama Bedwetting Alarm Work?<\/h4>\r\nThe bedwetting alarm is designed to help both children and adults with bedwetting and acts as a first-line treatment for enuresis. The sensor attached to the Pjama clothing is connected to an alarm unit that activates upon contact with moisture. This bedwetting treatment works by immediately interrupting the bedwetting, training the brain to respond to the body's signals. The treatment garments have integrated sensor wires, which increase the surface area of the sensor. This means that no matter where the urine lands or the sleeping position you or your child is in, the alarm will reliably detect bedwetting. This feature can be especially valuable for boys, as the area where urine first contacts can vary. The same applies to girls who sleep in different positions, particularly if they often sleep on their back.\r\n<h4>Features and Benefits of the Pjama Bedwetting Alarm<\/h4>\r\n<ul>\r\n \t<li><strong>Effective Treatment:<\/strong> Helps with nighttime enuresis for both children and adults.<\/li>\r\n \t<li><strong>Designed for Sleepovers:<\/strong> Use a mobile phone and the DryGuardians app for discreet treatment.<\/li>\r\n \t<li><strong>USB Charging:<\/strong> The alarm unit is easily charged with a USB charger.<\/li>\r\n \t<li><strong>Wireless System:<\/strong> The alarm unit can be placed up to 10 meters from the sensor.<\/li>\r\n \t<li><strong>Parent Notifications:<\/strong> Connect the bedwetting alarm to a parent's phone to receive notifications upon leakage.<\/li>\r\n<\/ul>\r\n<h4>Track Progress with the DryGuardians App<\/h4>\r\nWith the DryGuardians app, you can easily track progress in treating bedwetting and nighttime enuresis. DryGuardians provides predictions and recommendations developed in collaboration with Swedish healthcare, tailored to how your treatment progresses and ensuring that it is optimized for your specific circumstances and results. Log all accidents and track trends over time, which can help you or your child stay motivated. The collected information is also valuable to share with a doctor if additional advice is needed.\r\n<h4>Practical Tips for Use<\/h4>\r\n<ul>\r\n \t<li>Ensure the clothes fit properly and choose an alarm volume that suits your needs.<\/li>\r\n \t<li>Teach the child how the bedwetting alarm works and involve them in the process.<\/li>\r\n \t<li>When the alarm goes off, wake the child and help them go to the bathroom.<\/li>\r\n \t<li>Wash the Pjama garments according to the instructions to maintain quality.<\/li>\r\n<\/ul>\r\n<h4>Motivation and Patience Are Key<\/h4>\r\nTreating bedwetting and nighttime enuresis is a process that requires both motivation and patience, whether you are an adult or a child. Parents should encourage their children and provide positive feedback for every progress made. Setting smaller goals along the way can help maintain high motivation, with the ultimate goal of becoming free from bedwetting.\r\n\r\nFor more information about bedwetting alarms and enuresis alarms for both children and adults, read more on our <a href=\"https:\/\/pjama.se\">website<\/a> or download the manual <a href=\"https:\/\/pjama.se\/produkt-manualer\/\">here<\/a>.\r\n\r\n<footer>\u00a9 2024 Pjama.<\/footer>\u00a0","_et_gb_content_width":""},"product_brand":[],"product_cat":[238,236,237,239],"product_tag":[],"class_list":{"0":"post-23216","1":"product","2":"type-product","3":"status-publish","4":"has-post-thumbnail","6":"product_cat-yokasteluhalytin","7":"product_cat-pjama-hoito","8":"product_cat-pjamadryguardians_2025","9":"product_cat-tarvikkeet","10":"product_shipping_class-eu","12":"first","13":"instock","14":"taxable","15":"shipping-taxable","16":"purchasable","17":"product-type-simple"},"composite_virtual":false,"composite_layout":"","composite_add_to_cart_form_location":"","composite_editable_in_cart":false,"composite_sold_individually_context":"","composite_shop_price_calc":"","composite_components":[],"composite_scenarios":[],"_links":{"self":[{"href":"https:\/\/pjama.eu\/fi\/wp-json\/wp\/v2\/product\/23216","targetHints":{"allow":["GET"]}}],"collection":[{"href":"https:\/\/pjama.eu\/fi\/wp-json\/wp\/v2\/product"}],"about":[{"href":"https:\/\/pjama.eu\/fi\/wp-json\/wp\/v2\/types\/product"}],"wp:featuredmedia":[{"embeddable":true,"href":"https:\/\/pjama.eu\/fi\/wp-json\/wp\/v2\/media\/31175"}],"wp:attachment":[{"href":"https:\/\/pjama.eu\/fi\/wp-json\/wp\/v2\/media?parent=23216"}],"wp:term":[{"taxonomy":"product_brand","embeddable":true,"href":"https:\/\/pjama.eu\/fi\/wp-json\/wp\/v2\/product_brand?post=23216"},{"taxonomy":"product_cat","embeddable":true,"href":"https:\/\/pjama.eu\/fi\/wp-json\/wp\/v2\/product_cat?post=23216"},{"taxonomy":"product_tag","embeddable":true,"href":"https:\/\/pjama.eu\/fi\/wp-json\/wp\/v2\/product_tag?post=23216"}],"curies":[{"name":"wp","href":"https:\/\/api.w.org\/{rel}","templated":true}]}}