{"id":23219,"date":"2023-01-09T15:59:19","date_gmt":"2023-01-09T14:59:19","guid":{"rendered":"https:\/\/pjama.eu\/product\/pjama-dryguardians-sekapakkaus-bokserit\/"},"modified":"2026-05-10T10:40:39","modified_gmt":"2026-05-10T08:40:39","slug":"pjama-dryguardians-sekapakkaus-bokserit","status":"publish","type":"product","link":"https:\/\/pjama.eu\/fi\/tuote\/pjama-dryguardians-sekapakkaus-bokserit\/","title":{"rendered":"Pjama DryGuardians \u2013 Sekapakkaus Bokserit"},"content":{"rendered":"<h3 style=\"color: #d35917;\">Pjama DryGuardians \u2013 Sekapakkaus Bokserit<\/h3>\n<p>Pjama DryGuardians \u2013 Sekapakkaus Bokserit tarjoaa t\u00e4ydellisen ratkaisun vuodepesun hoitoon, joka sis\u00e4lt\u00e4\u00e4 Pjama DryGuardians \u2013 Alarm, Bedwetting Service \u2013palvelun, unipuvun shortsit ja bokserit. Se takaa tehokkaan hoidon ja pit\u00e4\u00e4 s\u00e4ngyn kuivana koko y\u00f6n. DryGuardians App antaa sinulle p\u00e4\u00e4syn hoitopalveluun ilman lis\u00e4kustannuksia. Lataa se <a href=\"https:\/\/play.google.com\/store\/apps\/details?id=com.pjama&amp;hl=fi&amp;gl=FI\" target=\"_blank\" rel=\"noopener\">Google Playsta tai<\/a> <a href=\"https:\/\/apps.apple.com\/fi\/app\/dryguardians\/id1498084664\" target=\"_blank\" rel=\"noopener\">App Storesta.<\/a><\/p>\n<p>Pjama DryGuardians Y\u00f6asu lapsille on yht\u00e4 mukava kuin tavallinen pyjama, mutta se on yhteydess\u00e4 herkk\u00e4\u00e4n h\u00e4lytysj\u00e4rjestelm\u00e4\u00e4n tehokasta hoitoa varten. Shortsit pit\u00e4v\u00e4t s\u00e4ngyn kuivana prosessin aikana. <\/p>\n<h4 style=\"color: #072130;\">Helppohoitoisuus<\/h4>\n<p><span style=\"font-weight: 400;\">Pjama DryGuardians Y\u00f6asu lapsille &#8211; Shortsit ovat konepest\u00e4v\u00e4t (60\u00b0C) ja ne voidaan kuivata rumpukuivauksessa.<\/span> <span style=\"font-weight: 400;\">HUOMAUTUS: Housujen ja shortsien kuivumisaika on pidempi niiden imukykyisyyden vuoksi. K\u00e4\u00e4nn\u00e4 vaate aina nurinp\u00e4in pesun aikana, jotta kosteus p\u00e4\u00e4see paremmin poistumaan kankaasta. <\/span> <span style=\"font-weight: 400;\">Ne ovat kest\u00e4vi\u00e4 ja kustannustehokkaita &#8211; <\/span><b>Pjama takaa v\u00e4hint\u00e4\u00e4n 100 pesukertaa ja jopa 4 kuukauden s\u00e4\u00e4nn\u00f6llisen k\u00e4yt\u00f6n, kun sit\u00e4 hoidetaan pesuohjeidemme mukaisesti.<\/b> <span style=\"font-weight: 400;\">Luotettava ja k\u00e4yt\u00e4nn\u00f6llinen ratkaisu lapsille, jotka kastelevat y\u00f6ll\u00e4 s\u00e4ngyn.<\/span> <a href=\"https:\/\/pjama.eu\/fi\/pjama-pesuohje\/\"><span style=\"font-weight: 400;\">Lue t\u00e4ydelliset hoito-ohjeet &#8217;<\/span><\/a><\/p>\n<h4 style=\"color: #072130;\">Ohjattu hoito DryGuardians-sovelluksella<\/h4>\n<p>Sovelluksen keskeinen ominaisuus on kalenteri, johon kirjaat y\u00f6lliset tulokset. N\u00e4iden tietojen perusteella sovellus tarjoaa ohjausta ja motivaatiota videoiden, tekstien ja kuvien avulla. Sovellus voi antaa hoidon arvioinnin 4 <strong>viikon kuluttua .<\/strong> Vaikka tulokset eiv\u00e4t olisikaan v\u00e4litt\u00f6mi\u00e4, hoito voi tehota my\u00f6hemm\u00e4ss\u00e4 vaiheessa.   <\/p>\n<ul>\n<li>K\u00e4yt\u00e4 sovellusta \u00e4\u00e4nilaitteena, jossa on useita soitto\u00e4\u00e4ni\u00e4.<\/li>\n<li>\u00c4\u00e4nit\u00e4 henkil\u00f6kohtainen h\u00e4lytys\u00e4\u00e4ni.<\/li>\n<li>Aseta p\u00e4iv\u00e4h\u00e4lytykset kylpyhuoneen muistutuksia varten.<\/li>\n<li>Saat asiantuntijan neuvoja ja yleisi\u00e4 hoitovinkkej\u00e4.<\/li>\n<\/ul>\n<p>DryGuardians-sovellus on ladattavissa ilmaiseksi <a href=\"https:\/\/play.google.com\/store\/apps\/details?id=com.pjama&amp;hl=fi&amp;gl=FI\" target=\"_blank\" rel=\"noopener\">Google Play sta tai<\/a> <a href=\"https:\/\/apps.apple.com\/fi\/app\/dryguardians\/id1498084664\" target=\"_blank\" rel=\"noopener\">App Storesta.<\/a> Lue lis\u00e4\u00e4 verkkosivuiltamme <a href=\"https:\/\/pjama.eu\/fi\/yokastelu-sovellus\/\">.<\/a> <\/p>\n<h4 style=\"color: #072130;\">Materiaali<\/h4>\n<p>Pjama DryGuardians Y\u00f6asu lapsille -shortsit on valmistettu <em>Tencelist\u00e4.<\/em> Ulompi kerros on laminoitu vedenpit\u00e4v\u00e4ksi s\u00e4ilytt\u00e4en samalla hengitt\u00e4vyyden. Imukykyinen kerros haaroissa pit\u00e4\u00e4 nesteen sis\u00e4ll\u00e4. Kaikki kankaat ovat \u00d6ko-Tex-sertifioituja ja turvallisia lapsille.   <\/p>\n<p>Shortseja on kahta eri versiota: Pjama DryGuardians Y\u00f6asu lapsille ja Pjama DryGuardians Alushousut &#8211; bokserit, jotka on suunniteltu kevyemmille tapauksille. Koot vaihtelevat vartalon pituudesta 98 cm:st\u00e4 164 cm:iin.<br \/>\nTarkat mitat ja imeytymistiedot <a href=\"https:\/\/pjama.eu\/fi\/yokastelu-sovellus\/\">l\u00f6yd\u00e4t kokooppaastamme<\/a>. <\/p>\n<p>Pjama DryGuardians Alushousut &#8211; Boxers -alusvaatteet on my\u00f6s valmistettu \u00d6ko-Tex-sertifioiduista kankaista, jotka ovat turvallisia ja hell\u00e4varaisia iholle. Kaikissa Mix Kit -vaatteissa on sis\u00e4\u00e4nrakennetut anturilangat laajemman havaitsemisalueen varmistamiseksi, mik\u00e4 takaa luotettavan havaitsemisen nukkuma-asennosta riippumatta. T\u00e4m\u00e4 on erityisen hy\u00f6dyllist\u00e4 pojille, joilla virtsan virtaus vaihtelee, ja yht\u00e4 luotettavaa tyt\u00f6ille.  <\/p>\n<h4 style=\"color: #072130;\">K\u00e4ytt\u00f6<\/h4>\n<p>Sis\u00e4\u00e4nrakennetut anturilangat haarojen ymp\u00e4rill\u00e4 havaitsevat virtsan nopeasti. Kiinnit\u00e4 anturi vy\u00f6t\u00e4r\u00f6nauhaan ja k\u00e4ynnist\u00e4 h\u00e4lytys. Aseta h\u00e4lytysyksikk\u00f6 s\u00e4ngyn viereen. Kun s\u00e4ngyn kastuminen tapahtuu, y\u00f6kasteluh\u00e4lytin aktivoituu v\u00e4litt\u00f6m\u00e4sti. Lapsi voi pys\u00e4ytt\u00e4\u00e4 sen painamalla ON\/OFF-painiketta, menn\u00e4 sitten kylpyhuoneeseen ja vaihtaa kuivat shortsit tai bokserit.    Voit yhdist\u00e4\u00e4 h\u00e4lytyksen \u00e4lypuhelimeen lataamalla DryGuardians App -sovelluksen.<\/p>\n<h4 style=\"color: #072130;\">Anturin hoito<\/h4>\n<p><span style=\"font-weight: 400;\">Parhaan suorituskyvyn saavuttamiseksi irrota ja kuivaa anturi aina k\u00e4yt\u00f6n j\u00e4lkeen.<\/span> <span style=\"font-weight: 400;\">V\u00e4lt\u00e4 j\u00e4tt\u00e4m\u00e4st\u00e4 sit\u00e4 kiinni m\u00e4rk\u00e4\u00e4n vaatteeseen &#8211; t\u00e4m\u00e4 est\u00e4\u00e4 korroosiota ja pident\u00e4\u00e4 akun k\u00e4ytt\u00f6ik\u00e4\u00e4.<\/span><\/p>\n<h4 style=\"color: #072130;\">Info<\/h4>\n<ul>\n<li>Pjama Alarm liitet\u00e4\u00e4n shortseihin ja boksereihin vy\u00f6t\u00e4r\u00f6nauhan napeilla.<\/li>\n<li>Sis\u00e4\u00e4nrakennettu anturikierre nopeaa ja luotettavaa tunnistusta varten.<\/li>\n<li>Imukykyiset shortsit suojaavat s\u00e4nky\u00e4.<\/li>\n<li>Mukava ja huomaamaton istuvuus.<\/li>\n<li>Pesukelpoinen 60 \u00b0C:ssa ja kuivausrumpuk\u00e4sittelyss\u00e4.<\/li>\n<li>Koko: Lapset.<\/li>\n<li>V\u00e4rit: V\u00e4rit: Harmaa ja sininen.<\/li>\n<li>USB-lataus (sovitin ei sis\u00e4lly).<\/li>\n<li>H\u00e4lytysopas saatavilla <a href=\"https:\/\/pjama.eu\/fi\/tuotteen-kasikirjat\/\">verkkosivuillamme.<\/a><\/li>\n<li>Lue lis\u00e4\u00e4 lasten kastumisesta <a href=\"https:\/\/pjama.eu\/fi\/mika-on-enuresis\/\">t\u00e4\u00e4lt\u00e4.<\/a><\/li>\n<\/ul>\n<h4 style=\"color: #072130;\">Parasta kokemusta varten<\/h4>\n<ul>\n<li>2222Varmista oikea koko, jotta puku istuu hyvin mutta mukavasti (katso kokoopas).<\/li>\n<li>Ota lapsi mukaan ja selit\u00e4 hoitoprosessi.<\/li>\n<li>Mukauta h\u00e4lytys\u00e4\u00e4ni ja \u00e4\u00e4nenvoimakkuus.<\/li>\n<li>Lataa DryGuardians-sovellus henkil\u00f6kohtaista opastusta varten.<\/li>\n<li>Kiinnit\u00e4 anturi ja pid\u00e4 kaiutin 10 metrin et\u00e4isyydell\u00e4.<\/li>\n<li>Her\u00e4t\u00e4 lapsesi, kun h\u00e4lytys soi, ja vie h\u00e4net vessaan.<\/li>\n<li>Poista anturi ja pese shortsit\/boxerit k\u00e4yt\u00f6n j\u00e4lkeen.<\/li>\n<li>Kirjaa tulokset sovellukseen seurataksesi edistymist\u00e4 ja saadaksesi neuvoja.<\/li>\n<\/ul>\n<h4 style=\"color: #072130;\">Motivaatio ja k\u00e4rsiv\u00e4llisyys ovat avainasemassa<\/h4>\n<p>Hoidon onnistuminen vaatii k\u00e4rsiv\u00e4llisyytt\u00e4 ja kannustusta. Juhli pieni\u00e4 askelia kohti kuivaa s\u00e4nky\u00e4 ilman apua. Positiivinen vahvistaminen pit\u00e4\u00e4 lapset motivoituneina. Jos sin\u00e4 vanhempana olet motivoitunut, my\u00f6s lapsesi motivoituu!   <\/p>\n<p>\u00a9 2024 Pjama.<\/p>\n","protected":false},"excerpt":{"rendered":"<h3><span data-sheets-root=\"1\">Nippu: Sis\u00e4lt\u00e4\u00e4 useita komponentteja joustavuuden vuoksi &#8211; osa DryGuardians-menetelm\u00e4\u00e4.<\/span><\/h3>\n<p>T\u00e4m\u00e4n joustavan ja kattavan sarjan avulla voit luoda oman henkil\u00f6kohtaisen sarjan, jolla voit hoitaa tehokkaasti enureesia (vuodekastelua).<\/p>\n<p><b>Valitse tuotteiden m\u00e4\u00e4r\u00e4 seuraavista:<\/b><\/p>\n<ul>\n<li>Pjama DryGuardians Y\u00f6kasteluh\u00e4lytinpaketti<\/li>\n<li>Pjama DryGuardians Y\u00f6asu lapsille &#8211; Shortsit<\/li>\n<li>Pjama DryGuardians Alushousut &#8211; bokserit<\/li>\n<li>DryGuardians App (ilmainen<br \/>\n<a href=\"https:\/\/play.google.com\/store\/apps\/details?id=com.pjama&amp;hl=fi&amp;gl=FI\"> <\/a><a href=\"https:\/\/apps.apple.com\/fi\/app\/dryguardians\/id1498084664\">Google Play<\/a> tai App Store).<\/li>\n<\/ul>\n<p>Pehme\u00e4t shortsit, joissa on sis\u00e4\u00e4nrakennetut anturilangat, pit\u00e4v\u00e4t s\u00e4ngyn kuivana ja mahdollistavat virtsan nopean havaitsemisen &#8211; t\u00e4ydellinen sek\u00e4 kotona ett\u00e4 matkoilla. Pjama vuodevaatetusbokserit havaitsevat nopeasti ja tehokkaasti, kun lapsesi kastelee s\u00e4ngyn.  DryGuardians-sovellus analysoi tietoja, tarjoaa asiantuntijoiden vinkkej\u00e4 ja antaa sinun seurata edistymist\u00e4si.<\/p>\n<p><em>Autamme sinua p\u00e4\u00e4sem\u00e4\u00e4n eroon vuodepesusta!<\/em><\/p>\n","protected":false},"featured_media":31258,"template":"","meta":{"_et_pb_use_builder":"","_et_pb_old_content":"","_et_gb_content_width":""},"product_brand":[],"product_cat":[238,222,236,237],"product_tag":[],"class_list":{"0":"post-23219","1":"product","2":"type-product","3":"status-publish","4":"has-post-thumbnail","6":"product_cat-yokasteluhalytin","7":"product_cat-lapset","8":"product_cat-pjama-hoito","9":"product_cat-pjamadryguardians_2025","10":"product_shipping_class-eu","11":"pa_size-ika-10-12","12":"pa_size-ika-5-6","13":"pa_size-ika-6-8","14":"pa_size-ika-8-10","15":"pa_size-pieni","17":"first","18":"instock","19":"taxable","20":"shipping-taxable","21":"purchasable","22":"product-type-composite"},"composite_virtual":false,"composite_layout":"single","composite_add_to_cart_form_location":"default","composite_editable_in_cart":false,"composite_sold_individually_context":"product","composite_shop_price_calc":"min_max","composite_components":[{"id":"1743164570","title":"Pjama Bedwetting Alarm","description":"<p>Y\u00f6kasteluh\u00e4lytin kaiuttimella ja anturilla.<\/p>\n","query_type":"product_ids","query_ids":[23216],"default_option_id":23216,"thumbnail_id":6376,"thumbnail_src":"https:\/\/pjama.eu\/wp-content\/uploads\/Pjama-alarm-600x400-1-300x300-1.jpeg","quantity_min":1,"quantity_max":1,"priced_individually":true,"shipped_individually":false,"optional":false,"discount":"","options_style":"dropdowns","pagination_style":"classic","display_prices":"absolute","show_sorting_options":false,"show_filtering_options":false,"attribute_filter_ids":[],"select_action":"view","product_title_visible":false,"product_descr_visible":false,"product_price_visible":true,"product_thumb_visible":true,"subtotal_visible_product":false,"subtotal_visible_cart":true,"subtotal_visible_orders":true},{"id":"1743164571","title":"Hoito bokserit alusvaatteet","description":"<p>Boxer Bedwetting Treatment alusvaatteet. Ei imukykyinen. <\/p>\n","query_type":"product_ids","query_ids":[23248],"default_option_id":23248,"thumbnail_id":3726,"thumbnail_src":"https:\/\/pjama.eu\/wp-content\/uploads\/Boxer-underwear.jpg","quantity_min":2,"quantity_max":6,"priced_individually":true,"shipped_individually":false,"optional":false,"discount":"","options_style":"dropdowns","pagination_style":"classic","display_prices":"absolute","show_sorting_options":false,"show_filtering_options":false,"attribute_filter_ids":[],"select_action":"view","product_title_visible":false,"product_descr_visible":false,"product_price_visible":true,"product_thumb_visible":true,"subtotal_visible_product":false,"subtotal_visible_cart":true,"subtotal_visible_orders":true},{"id":"1743164572","title":"Hoito Shortsit","description":"<p>Imukykyinen Bedwetting hoito shortsit. Tuotteessa on sis\u00e4\u00e4nommellut anturilangat, joihin voit liitt\u00e4\u00e4 anturin. <\/p>\n","query_type":"product_ids","query_ids":[23244],"default_option_id":23244,"thumbnail_id":4407,"thumbnail_src":"https:\/\/pjama.eu\/wp-content\/uploads\/Pjama_treatment_shorts.jpeg","quantity_min":1,"quantity_max":4,"priced_individually":true,"shipped_individually":false,"optional":false,"discount":"","options_style":"dropdowns","pagination_style":"classic","display_prices":"absolute","show_sorting_options":false,"show_filtering_options":false,"attribute_filter_ids":[],"select_action":"view","product_title_visible":false,"product_descr_visible":false,"product_price_visible":true,"product_thumb_visible":true,"subtotal_visible_product":false,"subtotal_visible_cart":true,"subtotal_visible_orders":true}],"composite_scenarios":[],"_links":{"self":[{"href":"https:\/\/pjama.eu\/fi\/wp-json\/wp\/v2\/product\/23219","targetHints":{"allow":["GET"]}}],"collection":[{"href":"https:\/\/pjama.eu\/fi\/wp-json\/wp\/v2\/product"}],"about":[{"href":"https:\/\/pjama.eu\/fi\/wp-json\/wp\/v2\/types\/product"}],"wp:featuredmedia":[{"embeddable":true,"href":"https:\/\/pjama.eu\/fi\/wp-json\/wp\/v2\/media\/31258"}],"wp:attachment":[{"href":"https:\/\/pjama.eu\/fi\/wp-json\/wp\/v2\/media?parent=23219"}],"wp:term":[{"taxonomy":"product_brand","embeddable":true,"href":"https:\/\/pjama.eu\/fi\/wp-json\/wp\/v2\/product_brand?post=23219"},{"taxonomy":"product_cat","embeddable":true,"href":"https:\/\/pjama.eu\/fi\/wp-json\/wp\/v2\/product_cat?post=23219"},{"taxonomy":"product_tag","embeddable":true,"href":"https:\/\/pjama.eu\/fi\/wp-json\/wp\/v2\/product_tag?post=23219"}],"curies":[{"name":"wp","href":"https:\/\/api.w.org\/{rel}","templated":true}]}}