{"id":23225,"date":"2021-01-29T14:15:16","date_gmt":"2021-01-29T13:15:16","guid":{"rendered":"https:\/\/pjama.eu\/product\/pjama-dryguardians-halytinanturi\/"},"modified":"2026-02-02T18:57:27","modified_gmt":"2026-02-02T17:57:27","slug":"pjama-dryguardians-halytinanturi","status":"publish","type":"product","link":"https:\/\/pjama.eu\/fi\/tuote\/pjama-dryguardians-halytinanturi\/","title":{"rendered":"Pjama DryGuardians H\u00e4lytinanturi"},"content":{"rendered":"<h3>Pjama DryGuardians H\u00e4lytinanturi<\/h3>\n<h4>Hoito anturin ja sovelluksen avulla<\/h4>\n<p>Y\u00f6kasteluh\u00e4lytimet ovat tehokas keino hoitaa sek\u00e4 lasten ett\u00e4 aikuisten kastelua ja y\u00f6llist\u00e4 y\u00f6kastelua<br \/>\n. Tutkimukset osoittavat, ett\u00e4 noin 70 % henkil\u00f6ist\u00e4, jotka k\u00e4yv\u00e4t hoidossa<br \/>\ny\u00f6kasteluh\u00e4lyttimen avulla, paranevat t\u00e4ysin, jos he pysyv\u00e4t motivoituneina ja noudattavat<br \/>\nhoitoa johdonmukaisesti koko ajan. <\/p>\n<p>Pjama DryGuardians H\u00e4lytinanturi toimii kaikkien Pjama-hoitovaatteiden, kuten housujen,<br \/>\nshortsien ja <em> alusvaatteiden kanssa (myyd\u00e4\u00e4n erikseen).<\/em><\/p>\n<p>J\u00e4rjestelm\u00e4 koostuu anturista, joka kiinnitet\u00e4\u00e4n Pjama-vaatteisiin ja jota k\u00e4ytet\u00e4\u00e4n yhdess\u00e4<br \/>\n-\u00e4lypuhelimen kanssa, jossa on DryGuardians-sovellus. Kun anturi havaitsee kosteutta, h\u00e4lytys laukeaa<br \/><!-- -->puhelimessa ja her\u00e4tt\u00e4\u00e4 k\u00e4ytt\u00e4j\u00e4n. Johdonmukainen k\u00e4ytt\u00f6 auttaa katkaisemaan tavan kastella s\u00e4nkyyn<br \/>\n(y\u00f6llinen y\u00f6kastelu).  <\/p>\n<p>Pjama <a href=\"https:\/\/pjama.eu\/fi\/tuote\/pjama-dryguardians-usein-yokasteleville-shortsit\/\">-hoitopakkauksessa,<\/a><br \/>\n, joka sis\u00e4lt\u00e4\u00e4 harmaat hoitohousut tai -shortsit, saat sek\u00e4 suojaa ett\u00e4 hoitoa yhdess\u00e4.<br \/>\nVaatteet pit\u00e4v\u00e4t s\u00e4ngyn kuivana, kun taas h\u00e4lytys auttaa luomaan uusia rutiineja. Y\u00f6pymisi\u00e4 varten<br \/>\nDryGuardians App -sovellus mahdollistaa \u00e4\u00e4nekk\u00e4\u00e4n h\u00e4lytyksen sijaan huomaamattomat v\u00e4rin\u00e4t, joten se on ihanteellinen lapsille<br \/>\n, jotka haluavat osallistua y\u00f6kyl\u00e4ilyyn keskeytt\u00e4m\u00e4tt\u00e4 hoitoa. <\/p>\n<h4>Miten Pjama DryGuardians H\u00e4lytinanturi toimii?<\/h4>\n<p>Anturi ja \u00e4lypuhelin toimivat yhdess\u00e4 t\u00e4ydellisen\u00e4 y\u00f6kasteluh\u00e4lytysj\u00e4rjestelm\u00e4n\u00e4, joka on suunniteltu auttamaan<br \/>\nlapsia ja aikuisia. Anturi kiinnitet\u00e4\u00e4n Pjama-vaatteisiin ja yhdistet\u00e4\u00e4n DryGuardians App-sovellukseen.<br \/>\nSe aktivoituu, kun se joutuu kosketuksiin kosteuden kanssa, keskeytt\u00e4\u00e4 kastelun v\u00e4litt\u00f6m\u00e4sti ja kouluttaa aivot<br \/>\nreagoimaan kehon signaaleihin. <\/p>\n<p>Vaatteisiin on ommeltu anturijohdot, jotka lis\u00e4\u00e4v\u00e4t tunnistusaluetta. T\u00e4m\u00e4 takaa luotettavan havaitsemisen<x id=\"gid_0\"><\/x>virtsan sijainnista tai makuuasennosta riippumatta. T\u00e4m\u00e4 on erityisen arvokasta pojille, mutta yht\u00e4 lailla<br \/>\ntehokasta tyt\u00f6ille, erityisesti niille, jotka nukkuvat usein sel\u00e4ll\u00e4\u00e4n.  <\/p>\n<h4>Ominaisuudet ja hy\u00f6dyt<\/h4>\n<ul>\n<li><strong>Tehokas hoito:<\/strong> Tukee sek\u00e4 lapsia ett\u00e4 aikuisia, joilla on y\u00f6llinen enureesi.<\/li>\n<li><strong>Ihanteellinen y\u00f6pymiseen:<\/strong> DryGuardians App -sovelluksen kanssa huomaamatonta hoitoa varten.<\/li>\n<li><strong>Langaton yhteys:<\/strong> Puhelin voidaan sijoittaa 5-20 metrin p\u00e4\u00e4h\u00e4n mallista riippuen.<\/li>\n<li><strong>Vanhempien ilmoitukset:<\/strong> Yhdist\u00e4 h\u00e4lytys vanhempien puhelimeen v\u00e4litt\u00f6mi\u00e4 h\u00e4lytyksi\u00e4 varten.<\/li>\n<li><strong>Suuri havaitsemisalue:<\/strong> Nopea kosteuden havaitseminen nukkuma-asennosta riippumatta.<\/li>\n<\/ul>\n<h4>Anturin hoito<\/h4>\n<p><span style=\"font-weight: 400;\">Parhaan suorituskyvyn saavuttamiseksi irrota ja kuivaa anturi aina k\u00e4yt\u00f6n j\u00e4lkeen.<\/span><span style=\"font-weight: 400;\"><br \/>\n<\/span><span style=\"font-weight: 400;\">V\u00e4lt\u00e4 j\u00e4tt\u00e4m\u00e4st\u00e4 sit\u00e4 kiinni m\u00e4rk\u00e4\u00e4n vaatteeseen &#8211; t\u00e4m\u00e4 est\u00e4\u00e4 korroosiota ja pident\u00e4\u00e4 akun k\u00e4ytt\u00f6ik\u00e4\u00e4.<\/span><\/p>\n<h4>Seuraa edistymist\u00e4 DryGuardians-sovelluksella<\/h4>\n<p>DryGuardians App -sovelluksen avulla voit helposti kirjata tapaturmat, seurata hoidon edistymist\u00e4,<br \/>\nja saada henkil\u00f6kohtaisia suosituksia, jotka on kehitetty Ruotsin terveydenhuollon kanssa.<br \/>\nSovellus auttaa sinua tai lastasi pysym\u00e4\u00e4n motivoituneena ja tarjoaa arvokasta tietoa<br \/>\n, jonka voit tarvittaessa jakaa l\u00e4\u00e4k\u00e4rin kanssa.<\/p>\n<h4>K\u00e4yt\u00e4nn\u00f6n vinkkej\u00e4 k\u00e4ytt\u00f6\u00e4 varten<\/h4>\n<ul>\n<li>Varmista, ett\u00e4 vaatteet istuvat oikein, ja valitse sopiva h\u00e4lytys\u00e4\u00e4ni sovelluksessa.<\/li>\n<li>Opeta lapsellesi, miten h\u00e4lytys toimii, ja ota h\u00e4net mukaan prosessiin.<\/li>\n<li>Kun h\u00e4lytys laukeaa, auta lasta her\u00e4\u00e4m\u00e4\u00e4n ja k\u00e4ym\u00e4\u00e4n vessassa.<\/li>\n<li>Pese Pjama-vaatteet hoito-ohjeiden mukaisesti laadun s\u00e4ilytt\u00e4miseksi.<\/li>\n<\/ul>\n<h4>Motivaatio ja k\u00e4rsiv\u00e4llisyys ovat avainasemassa<\/h4>\n<p>Vuodepesun hoito vaatii k\u00e4rsiv\u00e4llisyytt\u00e4, johdonmukaisuutta ja kannustusta. Vanhempien tulisi antaa<br \/>\npositiivista palautetta ja juhlia pieni\u00e4 virstanpylv\u00e4it\u00e4 matkan varrella. Perimm\u00e4inen tavoite<br \/>\non kuivuus ilman apuv\u00e4lineit\u00e4, ja Pjama DryGuardians H\u00e4lytinanturi kaltaiset v\u00e4lineet voivat tehd\u00e4<br \/>\nmatkasta sujuvamman.  <\/p>\n<p>Jos haluat lis\u00e4tietoja enureesin hoitoratkaisuista, k\u00e4y osoitteessa meid\u00e4n<br \/>\n<a href=\"https:\/\/pjama.eu\/fi\/\">verkkosivusto tai<\/a> lataa k\u00e4sikirja<br \/>\n<a href=\"https:\/\/pjama.eu\/fi\/tuotteen-kasikirjat\/\">t\u00e4\u00e4ll\u00e4.<\/a><\/p>\n<footer>\u00a9 2024 Pjama.<\/footer>\n","protected":false},"excerpt":{"rendered":"<h3>Kosteusanturi DryGuardians-uni- ja alusvaatteiden liitt\u00e4miseksi h\u00e4lytykseen.<\/h3>\n<p>Pjama DryGuardians H\u00e4lytinanturi sis\u00e4lt\u00e4\u00e4:<\/p>\n<ul>\n<li>Anturi, joka kiinnittyy painonapeilla<\/li>\n<li>DryGuardians App h\u00e4lytyslaitteena<\/li>\n<\/ul>\n<p>Anturi kiinnitet\u00e4\u00e4n Pjama-housuihin, shortseihin, boksereihin tai briefs-malliin, ja se on helppo,<br \/>\ntehokas ja turvallinen tapa hoitaa vuodekastelua ja enureesia.<\/p>\n<p>Jos haluat k\u00e4ytt\u00e4\u00e4 enureesih\u00e4lytint\u00e4 \u00e4lypuhelimen kanssa, lataa<br \/>\n<strong>DryGuardians App ilmaiseksi<\/strong> osoitteesta<br \/>\n<a href=\"https:\/\/play.google.com\/store\/apps\/details?id=com.pjama&amp;hl=fi&amp;gl=FI\">Google Play<\/a><br \/>\n<a href=\"https:\/\/apps.apple.com\/fi\/app\/dryguardians\/id1498084664\"> tai App Store.<\/a><\/p>\n","protected":false},"featured_media":23227,"template":"","meta":{"_et_pb_use_builder":"","_et_pb_old_content":"","_et_gb_content_width":""},"product_brand":[],"product_cat":[265],"product_tag":[],"class_list":{"0":"post-23225","1":"product","2":"type-product","3":"status-publish","4":"has-post-thumbnail","6":"product_cat-tarvikkeet_2025","7":"product_shipping_class-eu","9":"first","10":"onbackorder","11":"taxable","12":"shipping-taxable","13":"purchasable","14":"product-type-simple"},"composite_virtual":false,"composite_layout":"","composite_add_to_cart_form_location":"","composite_editable_in_cart":false,"composite_sold_individually_context":"","composite_shop_price_calc":"","composite_components":[],"composite_scenarios":[],"_links":{"self":[{"href":"https:\/\/pjama.eu\/fi\/wp-json\/wp\/v2\/product\/23225","targetHints":{"allow":["GET"]}}],"collection":[{"href":"https:\/\/pjama.eu\/fi\/wp-json\/wp\/v2\/product"}],"about":[{"href":"https:\/\/pjama.eu\/fi\/wp-json\/wp\/v2\/types\/product"}],"wp:featuredmedia":[{"embeddable":true,"href":"https:\/\/pjama.eu\/fi\/wp-json\/wp\/v2\/media\/23227"}],"wp:attachment":[{"href":"https:\/\/pjama.eu\/fi\/wp-json\/wp\/v2\/media?parent=23225"}],"wp:term":[{"taxonomy":"product_brand","embeddable":true,"href":"https:\/\/pjama.eu\/fi\/wp-json\/wp\/v2\/product_brand?post=23225"},{"taxonomy":"product_cat","embeddable":true,"href":"https:\/\/pjama.eu\/fi\/wp-json\/wp\/v2\/product_cat?post=23225"},{"taxonomy":"product_tag","embeddable":true,"href":"https:\/\/pjama.eu\/fi\/wp-json\/wp\/v2\/product_tag?post=23225"}],"curies":[{"name":"wp","href":"https:\/\/api.w.org\/{rel}","templated":true}]}}