{"id":23228,"date":"2021-01-29T14:39:48","date_gmt":"2021-01-29T13:39:48","guid":{"rendered":"https:\/\/pjama.eu\/product\/pjama-dryguardians-halytinkaiutin\/"},"modified":"2025-12-14T16:19:08","modified_gmt":"2025-12-14T15:19:08","slug":"pjama-dryguardians-halytinkaiutin","status":"publish","type":"product","link":"https:\/\/pjama.eu\/fi\/tuote\/pjama-dryguardians-halytinkaiutin\/","title":{"rendered":"Pjama DryGuardians H\u00e4lytinkaiutin"},"content":{"rendered":"<h3>Pjama DryGuardians H\u00e4lytinkaiutin<\/h3>\n<p>Pjama DryGuardians H\u00e4lytinkaiutin toimii sek\u00e4 <a href=\"https:\/\/pjama.eu\/fi\/tuote\/pjama-dryguardians-itsenainen-halytinanturi\/\">Pjama DryGuardians Itsen\u00e4inen h\u00e4lytinanturi ett\u00e4<\/a><br \/>\n<a href=\"https:\/\/pjama.eu\/fi\/tuote\/pjama-dryguardians-halytinanturi\/\">Pjama DryGuardians H\u00e4lytinanturi for<\/a> Pjama treatment housut, shortsit ja alusvaatteet.<br \/>\n<a href=\"https:\/\/pjama.eu\/fi\/dryguardians-app-auttaa-sinua-hoitamaan-kastelua-ilmaiseksi\/\">Koko-opas.<\/a><\/p>\n<h4>Pjama Y\u00f6kasteluh\u00e4lytin -j\u00e4rjestelm\u00e4\u00e4<\/h4>\n<p>Pjama DryGuardians H\u00e4lytinkaiutin voidaan yhdist\u00e4\u00e4 hoitohousuissa, shortseissa ja alusvaatteissa k\u00e4ytett\u00e4v\u00e4n Pjama DryGuardians H\u00e4lytinanturi<br \/>\n-anturin kanssa. Kaiuttimen avulla voit valita h\u00e4lytys\u00e4\u00e4net,<br \/>\ns\u00e4\u00e4t\u00e4\u00e4 \u00e4\u00e4nenvoimakkuutta ja yhdist\u00e4\u00e4 useita antureita. Kaiutin latautuu mukana tulevalla USB-kaapelilla.<br \/>\nLis\u00e4\u00e4\u00e4niyksik\u00f6it\u00e4 varten vanhemmat voivat k\u00e4ytt\u00e4\u00e4 my\u00f6s DryGuardians App -sovelluksen h\u00e4lytystoimintoa.<br \/>\n<strong>Lataa<\/strong> DryGuardians App osoitteesta<br \/>\n<a href=\"https:\/\/play.google.com\/store\/apps\/details?id=com.pjama&amp;hl=fi&amp;gl=FI\" target=\"_blank\" rel=\"noopener\">Google Play<\/a><br \/>\n<a href=\"https:\/\/apps.apple.com\/fi\/app\/dryguardians\/id1498084664\" target=\"_blank\" rel=\"noopener\"> tai App Store.<\/a><\/p>\n<h4>T\u00e4m\u00e4 tuote sis\u00e4lt\u00e4\u00e4:<\/h4>\n<ul>\n<li>1 \u00d7 Pjama DryGuardians h\u00e4lytinkaiutin<\/li>\n<\/ul>\n<h4>K\u00e4ytt\u00f6<\/h4>\n<p>Sijoita Pjama DryGuardians H\u00e4lytinkaiutin 10 metrin p\u00e4\u00e4h\u00e4n anturista saadaksesi parhaat tulokset.<br \/>\nKun h\u00e4lytys soi, lapsi voi pys\u00e4ytt\u00e4\u00e4 sen painamalla kaiuttimen p\u00e4\u00e4ll\u00e4 olevaa ON-painiketta.<br \/>\nJos haluat k\u00e4ytt\u00e4\u00e4 h\u00e4lytint\u00e4 \u00e4lypuhelimella, lataa DryGuardians App osoitteesta<br \/>\n<a href=\"https:\/\/play.google.com\/store\/apps\/details?id=com.pjama&amp;hl=fi&amp;gl=FI\" target=\"_blank\" rel=\"noopener\">Google Play tai<\/a><br \/>\n<a href=\"https:\/\/apps.apple.com\/fi\/app\/dryguardians\/id1498084664\" target=\"_blank\" rel=\"noopener\">App Store.<\/a><\/p>\n<h4>Pariliitos anturin kanssa<\/h4>\n<p>Yhdist\u00e4 tunnistin ja Pjama DryGuardians H\u00e4lytinkaiutin painamalla &#8221;\u00e4\u00e4nenvoimakkuus&#8221;- ja &#8221;\u00e4\u00e4ni&#8221;-painikkeita<br \/>\nsamanaikaisesti 3 sekunnin ajan. Oikosulje sitten anturi asettamalla metalliesine<br \/>\n(veitsi tai sakset) painikkeiden v\u00e4liin, tai k\u00e4yt\u00e4 vesipisaraa pinnalla painikkeettomien antureiden tapauksessa.<br \/>\n3-5 sekunnin kuluttua kaiutin antaa \u00e4\u00e4nimerkin onnistuneen parituksen vahvistukseksi. <\/p>\n<h4>Tuotetiedot<\/h4>\n<ul>\n<li><em>V\u00e4ri: vaaleansininen<\/em> <\/li>\n<li><em>Mitat (L \u00d7 K \u00d7 S):<\/em> 11 \u00d7 7 \u00d7 3 cm<\/li>\n<li><em>Lataus:<\/em> USB-laturi (mukana)<\/li>\n<li><em>Latausaika:<\/em> Latausaika: Tietokone: 1.0A: 3 tuntia.<\/li>\n<li><em>Tilavuus:<\/em> S\u00e4\u00e4dett\u00e4v\u00e4<\/li>\n<li><em>H\u00e4lytyssignaalit:<\/em> Tyypit: 7 tyyppi\u00e4<\/li>\n<li>T\u00e4ydellinen k\u00e4ytt\u00f6opas on saatavilla<br \/>\n<a href=\"https:\/\/pjama.eu\/fi\/tuotteen-kasikirjat\/\">-sivustollamme.<\/a><\/li>\n<li>Lue lis\u00e4\u00e4 vuodepesusta<br \/>\n<a href=\"https:\/\/pjama.eu\/fi\/mika-on-enuresis\/\"> t\u00e4\u00e4lt\u00e4.<\/a><\/li>\n<\/ul>\n<h4>Seuraa edistymist\u00e4 DryGuardians-sovelluksella<\/h4>\n<p>DryGuardians App tarjoaa kalenterin kirjaamista varten, h\u00e4lytystoiminnot, useita signaaleja,<br \/>\nja hy\u00f6dyllisi\u00e4 vinkkej\u00e4. Voit my\u00f6s asettaa p\u00e4iv\u00e4h\u00e4lytyksi\u00e4 lapsille, joilla esiintyy vuotoja<x id=\"gid_1\"><\/x>p\u00e4iv\u00e4n aikana. Sovellus on ladattavissa ilmaiseksi, ja se yhdist\u00e4\u00e4 sinut DryGuardians<br \/>\nBedwetting Cliniciin, joka tarjoaa henkil\u00f6kohtaista ohjausta ja hoitovinkkej\u00e4.<br \/>\n\u00c4l\u00e4 unohda kirjata tuloksia iltaisin, jotta voit seurata edistymist\u00e4 ja jakaa n\u00e4kemyksi\u00e4 hoitajien kanssa.  <\/p>\n<h4>Hoito vaatii motivaatiota ja k\u00e4rsiv\u00e4llisyytt\u00e4<\/h4>\n<p>K\u00e4rsiv\u00e4llisyys on t\u00e4rke\u00e4\u00e4, kun hoidetaan vuodepotilasta. Lopullinen tavoite on kuiva s\u00e4nky ilman apuv\u00e4lineit\u00e4,<br \/>\nmutta pienempien virstanpylv\u00e4iden asettaminen matkan varrelle tekee matkasta helpommin hallittavissa olevan.<br \/>\nVanhemmilla on keskeinen rooli pit\u00e4m\u00e4ll\u00e4 lapset motivoituneina rohkaisemalla ja antamalla positiivista palautetta.<br \/>\nPysy johdonmukaisena ja anna Pjama DryGuardians -h\u00e4lytinkaiutin ja -sovelluksen olla osa matkaa<br \/>\nkohti kuivuutta. <\/p>\n<footer>\u00a9 2024 Pjama.<\/footer>\n","protected":false},"excerpt":{"rendered":"<h3><span data-sheets-root=\"1\">Ulkoinen kaiutin turvalliseen her\u00e4tt\u00e4miseen h\u00e4lytyksen avulla &#8211; osa DryGuardians-menetelm\u00e4\u00e4.<\/span><\/h3>\n<p>Lis\u00e4kaiutin Pjama-y\u00f6kasteluh\u00e4lyttimille.<\/p>\n<p>Toimii sek\u00e4 Pjama Connect Y\u00f6kasteluh\u00e4lytin -h\u00e4lyttimen ett\u00e4<br \/>\nPjama DryGuardians H\u00e4lytinanturin kanssa housujen, shortsien, alushousujen ja boksereiden hoitoon.<\/p>\n","protected":false},"featured_media":31203,"template":"","meta":{"_et_pb_use_builder":"off","_et_pb_old_content":"<h3>Pjama Speaker<\/h3>\r\nThe Pjama Speaker works with both the <a href=\"https:\/\/pjama.se\/sangvatningslarm\/\">Pjama Connect Bedwetting Alarm<\/a> and the <a href=\"https:\/\/pjama.se\/produkter\/pjama-sensor\/\">Pjama Sensor<\/a> for Pjama treatment pants, shorts, and underwear.\r\n<h4>Part of the Pjama Bedwetting Alarm System<\/h4>\r\nThe Pjama Speaker can be connected to the Pjama Sensor used with treatment pants, shorts, and underwear from Pjama. With the Pjama Speaker, you can choose the alarm signal, adjust the volume, and pair it with different sensors from Pjama. The speaker is charged using the included USB cable. If you want an additional sound unit to, for example, wake you as a parent, you can use the alarm function in the DryGuardians App on your phone. Download the <em>DryGuardians App<\/em> from <a href=\"https:\/\/play.google.com\/store\/apps\/details?id=com.pjama&gl=sv&hl=sv\">Google Play<\/a> or <a href=\"https:\/\/apps.apple.com\/sv\/app\/pjama\/id1498084664?mt=8&l=sv\">App Store<\/a>.\r\n<h4>This Product Includes:<\/h4>\r\n<ul>\r\n \t<li>1 x Pjama Speaker<\/li>\r\n<\/ul>\r\n<h4>Usage<\/h4>\r\nDuring treatment, place the Pjama Speaker within 10 meters of the sensor for best results. When the alarm sounds, your child can easily turn off the alarm by pressing the \"ON\" button on the top of the speaker. To use the bedwetting alarm with your smartphone, you need to download the DryGuardians App from <a href=\"https:\/\/play.google.com\/store\/apps\/details?id=com.pjama\">Google Play<\/a> or <a href=\"https:\/\/apps.apple.com\/se\/app\/pjama\/id1498084664\">App Store<\/a>.\r\n<h4>Pairing with Sensor<\/h4>\r\nPair the sensor with the Pjama Speaker by pressing the \"volume\" and \"tone\" buttons on the speaker unit simultaneously for 3 seconds. Then short-circuit the sensor by placing a metal object such as a knife or scissors on the sensor buttons, or by placing a drop of water on the sensor surface if you have a buttonless sensor. Let the metal object stay on the sensor for about 3-5 seconds, and the speaker will indicate that the sensor is paired by sounding the alarm.\r\n<h4>Product Info<\/h4>\r\n<ul>\r\n \t<li><em>Color: Light Blue<\/em><\/li>\r\n \t<li><em>Dimensions (w-h-d): 11 x 7 x 3 cm<\/em><\/li>\r\n \t<li>Charging: Charges with a USB charger (included)<\/li>\r\n \t<li>Charging time (full charge): Via Computer: 4-6 hrs. Via AC Adapter 5V1.0A: 3 hrs<\/li>\r\n \t<li>Volume: Adjustable<\/li>\r\n \t<li>Alarm Signals: 7 types<\/li>\r\n \t<li>The full manual for the Pjama bedwetting alarm can be found on our <a href=\"https:\/\/pjama.se\/produkt-manualer\/\">website<\/a>.<\/li>\r\n \t<li>Learn more about bedwetting <a href=\"https:\/\/www.rikshandboken-bhv.se\/pediatrik\/uro-genitalt\/sangvatning-hos-barn\/\">here<\/a>.<\/li>\r\n<\/ul>\r\n<h4>Track Your Progress with the DryGuardians App<\/h4>\r\nThe DryGuardians App includes several features. You get access to a calendar for logging, alarm functions, different alarm signals, and general tips and advice to assist with bedwetting treatment. It\u2019s also possible to set daytime alarms for children who experience leaks during the day. The DryGuardians App is free to download from <a href=\"https:\/\/play.google.com\/store\/apps\/details?id=com.pjama&gl=sv&hl=sv\">Google Play<\/a> or <a href=\"https:\/\/apps.apple.com\/sv\/app\/pjama\/id1498084664?mt=8&l=sv\">App Store<\/a>. DryGuardians Bedwetting Clinic gives you personalized tips and guidance through the app during your bedwetting treatment.\r\n\r\nDon\u2019t forget to log the night\u2019s results in the DryGuardians app to keep track of your or your child\u2019s progress. Learn more about the DryGuardians app and bedwetting clinic on our <a href=\"https:\/\/pjama.se\/pjama-sangvatningsklinik\/\">website<\/a>.\r\n<h4>Treatment is a Process Where Motivation and Patience are Key<\/h4>\r\nPatience is key! For faster and long-lasting improvement, patience and motivation are required. If you are a new Pjama user, it\u2019s helpful to keep your ultimate goal in mind \u2013 a dry bed without assistance. If your end goal feels far away, you can set smaller milestones along the way. If you are a parent of a child using Pjama treatment, it\u2019s important to keep the child motivated as well. Provide positive feedback and compliments. If you are motivated, your child will be too! Let Pjama be part of the journey to help your child stay dry!\r\n\r\n\u00a0","_et_gb_content_width":""},"product_brand":[],"product_cat":[265],"product_tag":[],"class_list":{"0":"post-23228","1":"product","2":"type-product","3":"status-publish","4":"has-post-thumbnail","6":"product_cat-tarvikkeet_2025","7":"product_shipping_class-eu","9":"first","10":"instock","11":"taxable","12":"shipping-taxable","13":"purchasable","14":"product-type-simple"},"composite_virtual":false,"composite_layout":"","composite_add_to_cart_form_location":"","composite_editable_in_cart":false,"composite_sold_individually_context":"","composite_shop_price_calc":"","composite_components":[],"composite_scenarios":[],"_links":{"self":[{"href":"https:\/\/pjama.eu\/fi\/wp-json\/wp\/v2\/product\/23228","targetHints":{"allow":["GET"]}}],"collection":[{"href":"https:\/\/pjama.eu\/fi\/wp-json\/wp\/v2\/product"}],"about":[{"href":"https:\/\/pjama.eu\/fi\/wp-json\/wp\/v2\/types\/product"}],"wp:featuredmedia":[{"embeddable":true,"href":"https:\/\/pjama.eu\/fi\/wp-json\/wp\/v2\/media\/31203"}],"wp:attachment":[{"href":"https:\/\/pjama.eu\/fi\/wp-json\/wp\/v2\/media?parent=23228"}],"wp:term":[{"taxonomy":"product_brand","embeddable":true,"href":"https:\/\/pjama.eu\/fi\/wp-json\/wp\/v2\/product_brand?post=23228"},{"taxonomy":"product_cat","embeddable":true,"href":"https:\/\/pjama.eu\/fi\/wp-json\/wp\/v2\/product_cat?post=23228"},{"taxonomy":"product_tag","embeddable":true,"href":"https:\/\/pjama.eu\/fi\/wp-json\/wp\/v2\/product_tag?post=23228"}],"curies":[{"name":"wp","href":"https:\/\/api.w.org\/{rel}","templated":true}]}}