{"id":23232,"date":"2022-01-18T14:17:35","date_gmt":"2022-01-18T13:17:35","guid":{"rendered":"https:\/\/pjama.eu\/product\/pjama-protect-lakana-ja-sangynsuoja-vuode-patja\/"},"modified":"2025-12-13T11:40:42","modified_gmt":"2025-12-13T10:40:42","slug":"pjama-protect-lakana-ja-sangynsuoja-vuode-patja","status":"publish","type":"product","link":"https:\/\/pjama.eu\/fi\/tuote\/pjama-protect-lakana-ja-sangynsuoja-vuode-patja\/","title":{"rendered":"Pjama Protect lakana ja s\u00e4ngynsuoja &#8211; Vuode Patja"},"content":{"rendered":"<h4>Pjama Protect lakana ja s\u00e4ngynsuojus &#8211; Bed Mattress &#8211; Laadukkaimmalle patjalle!<\/h4>\n<p><strong><br \/>\nPjama Protect -lakana ja s\u00e4ngynsuojus &#8211; S\u00e4ngyn patja on valmistettu<br \/>\nTencel-kuiduista, jotka ovat pehme\u00e4mpi\u00e4 kuin silkki, joten niiden p\u00e4\u00e4ll\u00e4 on unelma nukkua.<br \/>\n<\/strong><\/p>\n<h5>Vedenpit\u00e4v\u00e4<\/h5>\n<p>Hieno polyuretaanikalvo est\u00e4\u00e4 nesteen tunkeutumisen patjaan<br \/>\nja toimii samalla p\u00f6lyesteen\u00e4. Se suojaa my\u00f6s patjan sivuja. <\/p>\n<h5>P\u00f6lyeste<\/h5>\n<p>Hienojakoisen polyuretaanikalvon ansiosta kangas toimii p\u00f6lyesteen\u00e4,<br \/>\nest\u00e4\u00e4 hengitystieallergioita aiheuttavien p\u00f6lypunkkien hengitt\u00e4misen. Kemikaaliton. <\/p>\n<h5>Hengitt\u00e4v\u00e4<\/h5>\n<p>Kangas est\u00e4\u00e4 nesteiden l\u00e4pivuodon, mutta on silti t\u00e4ysin hengitt\u00e4v\u00e4.<\/p>\n<h5>Luonnollinen<\/h5>\n<p>Kangaspinta on 100-prosenttisesti luonnollinen, puukuidusta valmistettu: TENCEL\u2122 \/ SMARTCEL\u2122.<br \/>\nKemikaaliton.<\/p>\n<h5>Hiljainen<\/h5>\n<p>T\u00e4ysin huomaamaton kangas: huomaamaton ja \u00e4\u00e4net\u00f6n.<\/p>\n<h5>Antibakteerinen<\/h5>\n<p>TENCEL\u2122 Lyocell-kuitu, joka on erinomainen kosteudenhallinta, ja SMARTCEL\u2122-kuitu,<br \/>\n, joka tunnetaan t\u00e4rkeist\u00e4 antibakteerisista ominaisuuksistaan, est\u00e4v\u00e4t bakteerien kasvua.<\/p>\n<h5>Helppohoitoisuus<\/h5>\n<p>Konepest\u00e4v\u00e4 60 \u00b0C:ssa ja kuivausrumpukuivauksessa alhaisessa l\u00e4mp\u00f6tilassa.<\/p>\n<h5>Bi-elastinen<\/h5>\n<p>Se mukautuu t\u00e4ydellisesti patjaan, jota se suojaa. Sopii kaikkiin patjojen paksuuksiin. <\/p>\n<h5>Kosmeettinen vaikutus<\/h5>\n<p>Sinkkioksidi on hyv\u00e4ksi iholle ja tukee luonnollisesti ihosolujen uudistumista.<\/p>\n<h5>Hajun hallinta<\/h5>\n<p>TENCEL\u2122- ja SMARTCEL\u2122-kuidut est\u00e4v\u00e4t bakteerien ja sienten kasvun aiheuttamia hajuja.<\/p>\n<h5>Ymp\u00e4rist\u00f6yst\u00e4v\u00e4llinen<\/h5>\n<p>Sek\u00e4 kankaan ett\u00e4 lopputuotteen valmistusprosessi on ymp\u00e4rist\u00f6yst\u00e4v\u00e4llinen.<\/p>\n","protected":false},"excerpt":{"rendered":"<h4>Lakana ja s\u00e4ngynsuoja samassa tuotteessa &#8211; tavallisille s\u00e4ngyn patjoille.<\/h4>\n<p><strong><br \/>\nPjama Protect -lakana ja s\u00e4ngynsuojus &#8211; S\u00e4ngyn patja on valmistettu<br \/>\nTencel-kuiduista, jotka ovat pehme\u00e4mpi\u00e4 kuin silkki, joten niiden p\u00e4\u00e4ll\u00e4 on unelma nukkua.<br \/>\n<\/strong><\/p>\n<p>Vuoteemme altistuvat p\u00e4ivitt\u00e4in monille haitallisille tekij\u00f6ille. S\u00e4ngynsuojamme suojaavat s\u00e4nky\u00e4si esimerkiksi seuraavilta asioilta: <\/p>\n<ul>\n<li>Kosteus &#8211; Ihminen menett\u00e4\u00e4 joka y\u00f6 jopa 0,5 litraa vett\u00e4 haihtumalla.<\/li>\n<li>Inkontinenssivuodot &#8211; Eri el\u00e4m\u00e4nvaiheissa voi esiinty\u00e4 kastelu- tai <em>m\u00e4rk\u00e4ilyongelmia<\/em>.<\/li>\n<li>Lika ja nesteet &#8211; Esimerkiksi ruuasta ja lemmikkiel\u00e4imist\u00e4 per\u00e4isin olevat nesteet.<\/li>\n<li>P\u00f6lypunkit ja allergeenit.<\/li>\n<\/ul>\n<p>Hieno polyuretaanikalvo est\u00e4\u00e4 nesteiden tunkeutumisen patjaan<br \/>\nja toimii samalla p\u00f6lyesteen\u00e4, mik\u00e4 est\u00e4\u00e4 p\u00f6lypunkkien hengitt\u00e4misen<br \/>\nja auttaa allergioissa. Se suojaa my\u00f6s patjan sivuja.<br \/>\nSuojat ovat korkealaatuisia ja ne on luokiteltu l\u00e4\u00e4kinn\u00e4llisiksi laitteiksi. <\/p>\n<p>Jos sin\u00e4 tai lapsesi k\u00e4rsii vuodekastelusta,<br \/>\n<em>enureesi,<\/em> voit lukea lis\u00e4\u00e4 t\u00e4st\u00e4 aiheesta.<br \/>\n<a href=\"https:\/\/pjama.eu\/fi\/mika-on-enuresis\/\">t\u00e4\u00e4ll\u00e4.<\/a><\/p>\n","protected":false},"featured_media":22871,"template":"","meta":{"_et_pb_use_builder":"on","_et_pb_old_content":"<h3 style=\"color:#d35917\">Pjama Protect Sheet and Bed Protector - Bed Mattress - For the Highest Quality Mattress!<\/h3>\r\n<strong>The Pjama Protect Sheet and Bed Protector - Bed Mattress is made from Tencel fibers, softer than silk, making it a dream to sleep on.\r\n<\/strong>\r\n<h4 style=\"color:#072130\">Waterproof<\/h4>\r\nThe fine polyurethane membrane prevents liquid from seeping into the mattress while also acting as a barrier to dust. It also protects the sides of the mattress.\r\n<h4 style=\"color:#072130\">Dust Barrier<\/h4>\r\nThanks to the fine polyurethane membrane, the fabric acts as a barrier to dust, preventing inhalation of dust mites that cause respiratory allergies. Chemical-free.\r\n<h4 style=\"color:#072130\">Breathable<\/h4>\r\nThe fabric prevents liquids from seeping through yet remains fully breathable.\r\n<h4 style=\"color:#072130\">Natural<\/h4>\r\nThe fabric surface is 100% natural, made from wood fibers: TENCEL\u2122 \/ SMARTCEL\u2122.\r\nChemical-free.\r\n<h4 style=\"color:#072130\">Silent<\/h4>\r\nCompletely discreet fabric: undetectable and silent.\r\n<h4 style=\"color:#072130\">Antibacterial<\/h4>\r\nDue to TENCEL\u2122 Lyocell fiber, with excellent moisture control, and SMARTCEL\u2122 fiber, known for its important antibacterial properties, bacteria growth is prevented.\r\n<h4 style=\"color:#072130\">Easy Care<\/h4>\r\nMachine washable at 60\u00b0C and tumble dry at low temperature.\r\n<h4 style=\"color:#072130\">Bi-elastic<\/h4>\r\nIt adapts perfectly to the mattress it protects. Fits all mattress thicknesses.\r\n<h4 style=\"color:#072130\">Cosmetic Effect<\/h4>\r\nZinc oxide is good for your skin and naturally supports skin cell regeneration.\r\n<h4 style=\"color:#072130\">Odor Control<\/h4>\r\nTENCEL\u2122 and SMARTCEL\u2122 fibers prevent odors caused by bacterial and fungal growth.\r\n<h4 style=\"color:#072130\">Eco-friendly<\/h4>\r\nThe manufacturing process for both the fabric and the finished product is eco-friendly.","_et_gb_content_width":""},"product_brand":[],"product_cat":[224,222,225],"product_tag":[],"class_list":{"0":"post-23232","1":"product","2":"type-product","3":"status-publish","4":"has-post-thumbnail","6":"product_cat-patjojen-ja-vuodevaatteiden-suojaus-2","7":"product_cat-lapset","8":"product_cat-pjamaprotect_2025","9":"product_shipping_class-eu","10":"pa_size-105-x-200-x-16-cm","11":"pa_size-120-x-200-x-16-cm","12":"pa_size-140-x-200-x-16-cm","13":"pa_size-160-x-200-x-16-cm","14":"pa_size-180-x-200-x-16-cm","15":"pa_size-60-x-120-x-16-cm","16":"pa_size-70-x-140-x-16-cm","17":"pa_size-70-x-160-x-16-cm","18":"pa_size-80-x-200-x-16-cm","19":"pa_size-90-x-200x-16-cm","21":"first","22":"instock","23":"taxable","24":"shipping-taxable","25":"purchasable","26":"product-type-variable"},"composite_virtual":false,"composite_layout":"","composite_add_to_cart_form_location":"","composite_editable_in_cart":false,"composite_sold_individually_context":"","composite_shop_price_calc":"","composite_components":[],"composite_scenarios":[],"_links":{"self":[{"href":"https:\/\/pjama.eu\/fi\/wp-json\/wp\/v2\/product\/23232","targetHints":{"allow":["GET"]}}],"collection":[{"href":"https:\/\/pjama.eu\/fi\/wp-json\/wp\/v2\/product"}],"about":[{"href":"https:\/\/pjama.eu\/fi\/wp-json\/wp\/v2\/types\/product"}],"wp:featuredmedia":[{"embeddable":true,"href":"https:\/\/pjama.eu\/fi\/wp-json\/wp\/v2\/media\/22871"}],"wp:attachment":[{"href":"https:\/\/pjama.eu\/fi\/wp-json\/wp\/v2\/media?parent=23232"}],"wp:term":[{"taxonomy":"product_brand","embeddable":true,"href":"https:\/\/pjama.eu\/fi\/wp-json\/wp\/v2\/product_brand?post=23232"},{"taxonomy":"product_cat","embeddable":true,"href":"https:\/\/pjama.eu\/fi\/wp-json\/wp\/v2\/product_cat?post=23232"},{"taxonomy":"product_tag","embeddable":true,"href":"https:\/\/pjama.eu\/fi\/wp-json\/wp\/v2\/product_tag?post=23232"}],"curies":[{"name":"wp","href":"https:\/\/api.w.org\/{rel}","templated":true}]}}