{"id":23236,"date":"2023-01-09T16:29:02","date_gmt":"2023-01-09T15:29:02","guid":{"rendered":"https:\/\/pjama.eu\/product\/pjama-dryguardians-sekapakkaus-brief-malli\/"},"modified":"2025-12-15T10:06:22","modified_gmt":"2025-12-15T09:06:22","slug":"pjama-dryguardians-sekapakkaus-brief-malli","status":"publish","type":"product","link":"https:\/\/pjama.eu\/fi\/tuote\/pjama-dryguardians-sekapakkaus-brief-malli\/","title":{"rendered":"Pjama DryGuardians \u2013 Sekapakkaus Brief-malli"},"content":{"rendered":"<h4>Pjama DryGuardians \u2013 Sekapakkaus Brief-malli<\/h4>\n<p>Pjama DryGuardians \u2013 Sekapakkaus Brief-malli tarjoaa t\u00e4ydellisen ratkaisun kastelun hoitoon, joka sis\u00e4lt\u00e4\u00e4 Pjama DryGuardians Y\u00f6kasteluh\u00e4lytinpaketin, hoitopalvelun, shortsit ja briefs-malli.<br \/>\nSe tarjoaa sek\u00e4 hoitoa ett\u00e4 suojaa, jotta s\u00e4nky pysyy y\u00f6ll\u00e4 kuivana.<br \/>\nVoit k\u00e4ytt\u00e4\u00e4 hoitopalvelua DryGuardians-sovelluksessa ilman lis\u00e4kustannuksia.<br \/>\nLataa DryGuardians-sovellus osoitteesta<br \/>\n<a href=\"https:\/\/play.google.com\/store\/apps\/details?id=com.pjama&amp;hl=fi&amp;gl=FI\" target=\"_blank\" rel=\"noopener\">Google Play<\/a> tai<br \/>\n<a href=\"https:\/\/apps.apple.com\/fi\/app\/dryguardians\/id1498084664\" target=\"_blank\" rel=\"noopener\">App Store.<\/a><\/p>\n<p>Pjama DryGuardians Y\u00f6asu lapsille tuntuvat ihan tavallisilta pyjamahousuilta, mutta ne yhdistyv\u00e4t herkk\u00e4\u00e4n y\u00f6kasteluh\u00e4lyttimeen.<br \/>\nNe hoitavat vuodekastelua ja pit\u00e4v\u00e4t s\u00e4ngyn kuivana prosessin aikana.<\/p>\n<h4>Helppohoitoisuus<\/h4>\n<p><span style=\"font-weight: 400;\">Pjama DryGuardians Y\u00f6asu lapsille &#8211; Shortsit ovat konepest\u00e4v\u00e4t (60\u00b0C) ja ne voidaan kuivata rumpukuivauksessa.<\/span><span style=\"font-weight: 400;\"><br \/>\n<\/span><span style=\"font-weight: 400;\">HUOMAUTUS: Housujen ja shortsien kuivumisaika on pidempi niiden imukykyisyyden vuoksi. K\u00e4\u00e4nn\u00e4 vaate aina nurinp\u00e4in pesun aikana, jotta kosteus p\u00e4\u00e4see paremmin poistumaan kankaasta. <\/span><span style=\"font-weight: 400;\"><br \/>\n<\/span><span style=\"font-weight: 400;\">Ne ovat kest\u00e4vi\u00e4 ja kustannustehokkaita &#8211; <\/span><b>Pjama takaa v\u00e4hint\u00e4\u00e4n 100 pesukertaa ja jopa 4 kuukauden s\u00e4\u00e4nn\u00f6llisen k\u00e4yt\u00f6n, kun sit\u00e4 hoidetaan pesuohjeidemme mukaisesti.<\/b><span style=\"font-weight: 400;\"><br \/>\n<\/span><span style=\"font-weight: 400;\">Luotettava ja k\u00e4yt\u00e4nn\u00f6llinen ratkaisu lapsille, jotka kastelevat y\u00f6ll\u00e4 s\u00e4ngyn.<\/span><span style=\"font-weight: 400;\"><br \/>\n<\/span><a href=\"https:\/\/pjama.eu\/fi\/tuote\/pjama-protect-yokasteluhousut-lapsille-aikuisille\/\"><span style=\"font-weight: 400;\">Lue t\u00e4ydelliset hoito-ohjeet &#8217;<\/span><\/a><\/p>\n<h4>Ohjattu hoito DryGuardians-sovelluksella<\/h4>\n<p>DryGuardians-sovellus sis\u00e4lt\u00e4\u00e4 \u00e4lykk\u00e4it\u00e4 ominaisuuksia, kuten kalenterin, jolla voit kirjata y\u00f6lliset tulokset.<br \/>\nTallennettujen tietojen perusteella sovellus antaa motivoivia viestej\u00e4 videon, tekstin ja kuvien avulla.<br \/>\nSovellus voi antaa arvion hoidon tehokkuudesta jo 4 <strong>viikon<\/strong> kuluttua.<br \/>\nVaikka hoito ei toimisikaan heti, se voi olla tehokasta my\u00f6hemm\u00e4ss\u00e4 vaiheessa.<\/p>\n<ul>\n<li>K\u00e4yt\u00e4 sovellusta \u00e4\u00e4niyksikk\u00f6n\u00e4 ja aseta erilaisia soitto\u00e4\u00e4ni\u00e4.<\/li>\n<li>\u00c4\u00e4nit\u00e4 oma h\u00e4lytys\u00e4\u00e4nesi.<\/li>\n<li>Aseta p\u00e4iv\u00e4kohtaiset muistutukset WC-k\u00e4yntej\u00e4 varten.<\/li>\n<li>Saat asiantuntijoiden vinkkej\u00e4 ja neuvoja hoidon aikana.<\/li>\n<\/ul>\n<p>DryGuardians App on ladattavissa ilmaiseksi osoitteesta<br \/>\n<a href=\"https:\/\/play.google.com\/store\/apps\/details?id=com.pjama&amp;hl=fi&amp;gl=FI\" target=\"_blank\" rel=\"noopener\">Google Play<\/a> tai<br \/>\n<a href=\"https:\/\/apps.apple.com\/fi\/app\/dryguardians\/id1498084664\" target=\"_blank\" rel=\"noopener\">App Store.<\/a><br \/>\nLue lis\u00e4\u00e4 hoitopalvelusta osoitteessa osoitteessa<br \/>\n<a href=\"https:\/\/pjama.eu\/fi\/dryguardians-app-auttaa-sinua-hoitamaan-kastelua-ilmaiseksi\/\">verkkosivusto.<\/a><\/p>\n<h4>Materiaali<\/h4>\n<p>Pjama DryGuardians Y\u00f6asu lapsille Shortsit on valmistettu <em>Tencelist\u00e4,<\/em> joka on laminoitu vedenpit\u00e4v\u00e4ksi suojaksi ja hengitt\u00e4v\u00e4ksi.<br \/>\nImukykyinen kerros on ommeltu haarojen alueelle pit\u00e4m\u00e4\u00e4n nesteet shortsien sis\u00e4ll\u00e4.<br \/>\nKaikki kankaat ovat \u00d6ko-Tex-sertifioituja.<\/p>\n<p>Shortseja on kahta mallia: Pjama DryGuardians Y\u00f6asu lapsille Shortsit ja Pjama DryGuardians Alushousut &#8211; briefs-malli, jotka on suunniteltu lapsille, joilla on kevyempi vedenpoisto.<br \/>\nKoot vaihtelevat vartalon pituudesta 98 cm:st\u00e4 164 cm:iin.<br \/>\nMitat ja imeytymiskapasiteetti l\u00f6ytyv\u00e4t osoitteesta<br \/>\n<a href=\"https:\/\/pjama.eu\/fi\/dryguardians-app-auttaa-sinua-hoitamaan-kastelua-ilmaiseksi\/\">Koko-opas.<\/a><\/p>\n<p>Pjama DryGuardians Alushousut \u2013 Sekapakkaus Brief-malli \u2013 on my\u00f6s valmistettu korkealaatuisista \u00d6ko-Tex-sertifioiduista kankaista, jotka ovat turvallisia ja hell\u00e4varaisia lasten iholle.<br \/>\nKaikissa Mix Kitin tuotteissa on sis\u00e4\u00e4nrakennetut anturijohdot, jotka mahdollistavat laajan havaitsemisalueen ja takaavat luotettavan havaitsemisen nukkumisasennosta riippumatta.<\/p>\n<h4>K\u00e4ytt\u00f6<\/h4>\n<p>Hoitovaatteissa on sis\u00e4\u00e4nrakennetut anturijohdot haarojen alueella virtsan nopeaa havaitsemista varten.<br \/>\nKiinnit\u00e4 anturi vy\u00f6t\u00e4r\u00f6nauhaan ja k\u00e4ynnist\u00e4 h\u00e4lytys. Aseta h\u00e4lytysyksikk\u00f6 s\u00e4ngyn viereen.<br \/>\nJos lapsi kastelee s\u00e4ngyn, h\u00e4lytys k\u00e4ynnistyy v\u00e4litt\u00f6m\u00e4sti. <\/p>\n<p>H\u00e4lytys voidaan pys\u00e4ytt\u00e4\u00e4 painamalla ON\/OFF-painiketta. Lapsen on t\u00e4m\u00e4n j\u00e4lkeen ment\u00e4v\u00e4 kylpyhuoneeseen ja vaihdettava kuiviin vaatteisiin.<br \/>\nLataa DryGuardians App \u00e4lypuhelink\u00e4ytt\u00f6\u00e4 varten. <\/p>\n<h4>Anturin hoito<\/h4>\n<p><span style=\"font-weight: 400;\">Parhaan suorituskyvyn saavuttamiseksi irrota ja kuivaa anturi aina k\u00e4yt\u00f6n j\u00e4lkeen.<\/span><span style=\"font-weight: 400;\"><br \/>\n<\/span><span style=\"font-weight: 400;\">V\u00e4lt\u00e4 j\u00e4tt\u00e4m\u00e4st\u00e4 sit\u00e4 kiinni m\u00e4rk\u00e4\u00e4n vaatteeseen &#8211; t\u00e4m\u00e4 est\u00e4\u00e4 korroosiota ja pident\u00e4\u00e4 akun k\u00e4ytt\u00f6ik\u00e4\u00e4.<\/span><\/p>\n<h4>Info<\/h4>\n<ul>\n<li>Pjama Y\u00f6kasteluh\u00e4lytin liitet\u00e4\u00e4n shortseihin ja briefs-malliin vy\u00f6t\u00e4r\u00f6nappien avulla.<\/li>\n<li>Sis\u00e4\u00e4nrakennetut anturijohdot nopeaa ja luotettavaa havaitsemista varten.<\/li>\n<li>Imukykyiset shortsit suojaavat s\u00e4nky\u00e4.<\/li>\n<li>Mukava ja huomaamaton.<\/li>\n<li>Pesukelpoinen 60 \u00b0C:ssa ja sopii rumpukuivaukseen.<\/li>\n<li>Koko: Lapset.<\/li>\n<li>V\u00e4ri: harmaa ja sininen.<\/li>\n<li>USB-lataus (sovitin ei sis\u00e4lly).<\/li>\n<li>H\u00e4lytysopas on saatavilla <a href=\"https:\/\/pjama.eu\/fi\/tuotteen-kasikirjat\/\">verkkosivuillamme.<\/a><\/li>\n<li>Lue lis\u00e4\u00e4 lasten kastumisesta <a href=\"https:\/\/pjama.eu\/fi\/mika-on-enuresis\/\">t\u00e4\u00e4lt\u00e4.<\/a><\/li>\n<\/ul>\n<h4>Parasta kokemusta varten<\/h4>\n<ul>\n<li>Tarkista koko varmistaaksesi, ett\u00e4 puku istuu hyvin mutta mukavasti (katso kokoopas).<\/li>\n<li>Ota lapsesi mukaan prosessiin motivaation vuoksi.<\/li>\n<li>Valitse ja mukauta h\u00e4lytys\u00e4\u00e4ni ja \u00e4\u00e4nenvoimakkuus.<\/li>\n<li>Lataa DryGuardians-sovellus r\u00e4\u00e4t\u00e4l\u00f6ityj\u00e4 ohjeita varten.<\/li>\n<li>Kiinnit\u00e4 anturi ja aseta kaiutin 10 metrin p\u00e4\u00e4h\u00e4n.<\/li>\n<li>Her\u00e4t\u00e4 lapsi, kun h\u00e4lytys soi, ja ohjaa h\u00e4net vessaan.<\/li>\n<li>Pese vaatteet jokaisen k\u00e4ytt\u00f6kerran j\u00e4lkeen.<\/li>\n<li>Kirjaa tulokset sovellukseen saadaksesi r\u00e4\u00e4t\u00e4l\u00f6ity\u00e4 palautetta ja vinkkej\u00e4.<\/li>\n<\/ul>\n<h4>Motivaatio ja k\u00e4rsiv\u00e4llisyys ovat avainasemassa<\/h4>\n<p>Kastelun hoito vaatii k\u00e4rsiv\u00e4llisyytt\u00e4 ja motivaatiota.<br \/>\nPid\u00e4 perimm\u00e4inen tavoite mieless\u00e4si &#8211; kuiva s\u00e4nky ilman apua.<br \/>\nJuhli pieni\u00e4 onnistumisia, jotta lapsesi pysyy motivoituneena.<br \/>\nKannustaminen ja my\u00f6nteinen palaute ovat olennaisen t\u00e4rkeit\u00e4 hoidon onnistumisen kannalta.<\/p>\n","protected":false},"excerpt":{"rendered":"<h3><span data-sheets-root=\"1\">Nippu: Sis\u00e4lt\u00e4\u00e4 useita komponentteja joustavuuden vuoksi &#8211; osa DryGuardians-menetelm\u00e4\u00e4.<\/span><\/h3>\n<p>T\u00e4m\u00e4n joustavan ja kattavan sarjan avulla voit luoda oman henkil\u00f6kohtaisen sarjan, jolla voit hoitaa tehokkaasti enureesia (vuodekastelua).<\/p>\n<p><b>Valitse tuotteiden m\u00e4\u00e4r\u00e4 seuraavista:<\/b><\/p>\n<ul>\n<li>Pjama DryGuardians Y\u00f6kasteluh\u00e4lytinpaketti<\/li>\n<li>Pjama DryGuardians Y\u00f6asu lapsille Shortsit<\/li>\n<li>Pjama DryGuardians Alushousut Underwear Briefs<\/li>\n<li>DryGuardians App (ilmainen<br \/>\n<a href=\"https:\/\/play.google.com\/store\/apps\/details?id=com.pjama&amp;hl=fi&amp;gl=FI\">Google Play <\/a>tai<br \/>\n<a href=\"https:\/\/apps.apple.com\/fi\/app\/dryguardians\/id1498084664\">App Store<\/a>)<\/li>\n<\/ul>\n<p>Pehme\u00e4t shortsit, joissa on sis\u00e4\u00e4nrakennetut anturijohdot, pit\u00e4v\u00e4t s\u00e4ngyn kuivana ja mahdollistavat virtsan nopean havaitsemisen &#8211; t\u00e4ydelliset niin kotiin kuin matkoillekin.<br \/>\nPjama-alkkarit havaitsevat nopeasti ja tehokkaasti, kun lapsesi kastelee s\u00e4ngyn.<\/p>\n<p>DryGuardians-sovellus analysoi tietoja, antaa asiantuntijoiden vinkkej\u00e4 ja antaa sinun seurata edistymist\u00e4si.<\/p>\n<p><em>Me autamme sinua lopettamaan kastelun!<\/em><\/p>\n","protected":false},"featured_media":31267,"template":"","meta":{"_et_pb_use_builder":"off","_et_pb_old_content":"<h4>DryGuardians Mixkit for Girls<\/h4>\r\nPjama Bedwetting Alarm, Treatment Service, Shorts, and Underwear offer you a complete solution for bedwetting treatment, while also providing a solution to keep the bed dry at night.\r\nYou can access the Treatment Service in the DryGuardians App at no extra cost. Download the DryGuardians App from <a href=\"https:\/\/play.google.com\/store\/apps\/details?id=com.pjama&gl=sv&hl=sv\">Google Play<\/a> or <a href=\"https:\/\/apps.apple.com\/sv\/app\/pjama\/id1498084664?mt=8&l=sv\">App Store<\/a>.\r\nWearing Pjama Treatment Shorts is as comfortable as wearing any other pajamas, while also connecting to a sensitive bedwetting alarm to treat bedwetting and keep the bed dry during the treatment process.\r\n<h4>GET GUIDED WITH OUR TREATMENT SERVICE IN THE DryGuardians APP - EVALUATION AFTER 4 WEEKS<\/h4>\r\nThe Treatment Service in the DryGuardians app includes several smart features. The core of the service\/app is the calendar where you can easily log the outcome of the night. Based on this information, we guide and motivate you through the treatment with messages in the form of video, text, and images. These messages will appear in the feed in the DryGuardians App during treatment.\r\nUndergoing treatment with a bedwetting alarm often impacts the entire family. With the data generated, we can already make an assessment after <strong>4 weeks<\/strong> to see if the treatment is working or not. If the treatment doesn\u2019t seem to be working, it\u2019s entirely possible that it may work at a later stage. Additionally, you get access to the following:\r\n<ul>\r\n \t<li>Use the app as a sound unit and set different ringtones.<\/li>\r\n \t<li>Record your own alarm sound.<\/li>\r\n \t<li>Set daytime alarms (to remind bathroom visits during the day).<\/li>\r\n \t<li>General tips and advice during the treatment of nocturnal enuresis.<\/li>\r\n<\/ul>\r\nThe Treatment Service in the DryGuardians app is free to download from <a href=\"https:\/\/play.google.com\/store\/apps\/details?id=com.pjama&gl=sv&hl=sv\">Google Play<\/a> or <a href=\"https:\/\/apps.apple.com\/sv\/app\/pjama\/id1498084664?mt=8&l=sv\">App Store<\/a>. Read more about the DryGuardians app and the Treatment Service on our <a href=\"https:\/\/pjama.eu\/dryguardians-app-3\/\">website<\/a>.\r\n<h4>Material<\/h4>\r\nPjama Treatment Shorts are made of a soft material called <em>Tencel<\/em>. The outer layer of <em>Tencel<\/em> in the shorts is laminated, making the shorts waterproof, while the product also has excellent breathability. An absorbent material is sewn into the critical area in the crotch, ensuring that liquid stays inside the shorts. All materials are Oeko-Tex certified and safe for children.\r\n\r\nThe Treatment Shorts come in two models: <em>Pjama Treatment Shorts<\/em> and <em>Pjama Treatment Shorts Light<\/em>. The Light version is designed for children with lighter bedwetting. Sizes range from body length 98 cm to 164 cm. For exact measurements and absorption capacity, visit our <a href=\"https:\/\/pjama.eu\/size-guide\/\">Size Guide<\/a>.\r\n\r\nPjama Briefs Treatment Underwear are made from high-quality, Oeko-Tex certified fabrics that are safe and gentle on children\u2019s skin.\r\n\r\nAll items in the DryGuardians Mixkit have built-in sensor wires, increasing the detection area for this bedwetting alarm. Practically, this means that regardless of where the urine hits or what sleeping position you or your child are in, the alarm will safely detect bedwetting. For boys, this can be especially valuable as the area where urine first hits often varies. For girls who have different sleeping positions, especially if they often sleep on their back, the same applies.\r\n<h4>Usage<\/h4>\r\nThe treatment garments have built-in sensor wires around the crotch area that quickly detect urine. Simply snap on the sensor at the front waist and start the bedwetting alarm, and you are ready to begin treatment! Place the bedwetting alarm near the bed at the child\u2019s side.\r\nIf the child wets the bed, the sensitive built-in sensor wires in the shorts or underwear quickly detect the urine and activate the alarm. The child can easily stop the alarm by pressing the \"ON\/OFF\" button on the top of the alarm and then go to the bathroom to finish urinating and change into a new pair of Pjama Treatment Shorts or Underwear.\r\nTo use the bedwetting alarm with your smartphone, you need to download the DryGuardians App from <a href=\"https:\/\/play.google.com\/store\/apps\/details?id=com.pjama\">Google Play<\/a> or <a href=\"https:\/\/apps.apple.com\/se\/app\/pjama\/id1498084664\">App Store<\/a>.\r\n<h4>INFO<\/h4>\r\n<ul>\r\n \t<li><em>Pjama Bedwetting Alarm easily connects to both the shorts and underwear through buttons at the waist.<\/em><\/li>\r\n \t<li><em>Built-in sensor wires for quick and reliable urine detection.<\/em><\/li>\r\n \t<li><em>Absorbent (Shorts, protects the bed).<\/em><\/li>\r\n \t<li><em>Comfortable and discreet.<\/em><\/li>\r\n \t<li><em>Washable at 60\u00b0C and can be tumble dried.<\/em><\/li>\r\n \t<li><em>Size: Children.<\/em><\/li>\r\n \t<li><em>Color: Gray and Blue.<\/em><\/li>\r\n \t<li>Pjama bedwetting alarm is charged with a USB charger (adapter not included).<\/li>\r\n \t<li>The manual for the Pjama bedwetting alarm can be found on our <a href=\"https:\/\/pjama.eu\/product-manuals\/\">website<\/a>.<\/li>\r\n \t<li>Read more about bedwetting in children <a href=\"https:\/\/pjama.eu\/what-is-enuresis\/\">here<\/a>.<\/li>\r\n<\/ul>\r\n<h4>FOR THE BEST EXPERIENCE WITH PJAMA<\/h4>\r\nStart by ensuring you have the correct size. Pjama should fit snugly at the waist (without being too tight). Be sure to check our size guide before ordering your Pjama.\r\n<ul>\r\n \t<li>Prepare for treatment by including your child and explaining the process when your child wets the bed.<\/li>\r\n \t<li>Choose an alarm sound and volume for the speaker.<\/li>\r\n \t<li>Download the DryGuardians App from <a href=\"https:\/\/play.google.com\/store\/apps\/details?id=com.pjama&gl=sv&hl=sv\">Google Play<\/a> or <a href=\"https:\/\/apps.apple.com\/sv\/app\/pjama\/id1498084664?mt=8&l=sv\">App Store<\/a>. With our Treatment Service, you\u2019ll receive personalized guidance based on your results.<\/li>\r\n \t<li>Attach the sensor to your Pjama bedwetting shorts or underwear.<\/li>\r\n \t<li>Place the speaker within 10 meters of the sensor.<\/li>\r\n \t<li>When the bedwetting alarm goes off, wake your child and take them to the toilet. It is important for the child to wake up.<\/li>\r\n \t<li>Remove the sensor, turn the shorts inside out, and wash them.<\/li>\r\n \t<li>Record the night\u2019s results in the DryGuardians app for personalized guidance during your bedwetting treatment.<\/li>\r\n<\/ul>\r\n<h4>MOTIVATION AND PATIENCE ARE KEY<\/h4>\r\nPatience is key! For faster and longer-lasting improvement, patience and motivation are required. If you are a new Pjama user, it\u2019s helpful to keep your ultimate goal in mind \u2013 a dry bed without assistance. With encouraging feedback and smaller milestones, the treatment of nocturnal enuresis becomes more successful.\r\nIf you are a parent of a child using Pjama treatment, it\u2019s important to also keep the child motivated. Provide positive feedback and compliments. If you are motivated, your child will be too!\r\n\r\n\u00a9 2024 Pjama.","_et_gb_content_width":""},"product_brand":[],"product_cat":[238,222,236,237],"product_tag":[],"class_list":{"0":"post-23236","1":"product","2":"type-product","3":"status-publish","4":"has-post-thumbnail","6":"product_cat-yokasteluhalytin","7":"product_cat-lapset","8":"product_cat-pjama-hoito","9":"product_cat-pjamadryguardians_2025","10":"product_shipping_class-eu","11":"pa_size-ika-10-12","12":"pa_size-ika-5-6","13":"pa_size-ika-6-8","14":"pa_size-ika-8-10","15":"pa_size-pieni","17":"first","18":"instock","19":"taxable","20":"shipping-taxable","21":"purchasable","22":"product-type-composite"},"composite_virtual":false,"composite_layout":"single","composite_add_to_cart_form_location":"default","composite_editable_in_cart":false,"composite_sold_individually_context":"product","composite_shop_price_calc":"min_max","composite_components":[{"id":"1743154529","title":"Pjama Bedwetting Alarm","description":"<p>Y\u00f6kasteluh\u00e4lytin kaiuttimella ja anturilla.<\/p>\n","query_type":"product_ids","query_ids":[23216],"default_option_id":23216,"thumbnail_id":6376,"thumbnail_src":"https:\/\/pjama.eu\/wp-content\/uploads\/Pjama-alarm-600x400-1-300x300-1.jpeg","quantity_min":1,"quantity_max":1,"priced_individually":true,"shipped_individually":false,"optional":false,"discount":"","options_style":"dropdowns","pagination_style":"classic","display_prices":"absolute","show_sorting_options":false,"show_filtering_options":false,"attribute_filter_ids":[],"select_action":"view","product_title_visible":false,"product_descr_visible":false,"product_price_visible":true,"product_thumb_visible":true,"subtotal_visible_product":false,"subtotal_visible_cart":true,"subtotal_visible_orders":true},{"id":"1743154530","title":"Hoito Briefs","description":"<p>Bedwetting hoito alusvaatteet. Ei imukykyinen. <\/p>\n","query_type":"product_ids","query_ids":[23233],"default_option_id":23233,"thumbnail_id":3729,"thumbnail_src":"https:\/\/pjama.eu\/wp-content\/uploads\/hipster-only.jpg","quantity_min":2,"quantity_max":4,"priced_individually":true,"shipped_individually":false,"optional":false,"discount":"","options_style":"dropdowns","pagination_style":"classic","display_prices":"absolute","show_sorting_options":false,"show_filtering_options":false,"attribute_filter_ids":[],"select_action":"view","product_title_visible":false,"product_descr_visible":false,"product_price_visible":true,"product_thumb_visible":true,"subtotal_visible_product":false,"subtotal_visible_cart":true,"subtotal_visible_orders":true},{"id":"1743154531","title":"Hoito Shortsit","description":"<p>Imukykyinen Bedwetting hoito shortsit. Tuotteessa on sis\u00e4\u00e4nommellut anturilangat, joihin voit liitt\u00e4\u00e4 anturin. <\/p>\n","query_type":"product_ids","query_ids":[23244],"default_option_id":23244,"thumbnail_id":4407,"thumbnail_src":"https:\/\/pjama.eu\/wp-content\/uploads\/Pjama_treatment_shorts.jpeg","quantity_min":1,"quantity_max":4,"priced_individually":true,"shipped_individually":false,"optional":false,"discount":"","options_style":"dropdowns","pagination_style":"classic","display_prices":"absolute","show_sorting_options":false,"show_filtering_options":false,"attribute_filter_ids":[],"select_action":"view","product_title_visible":false,"product_descr_visible":false,"product_price_visible":true,"product_thumb_visible":true,"subtotal_visible_product":false,"subtotal_visible_cart":true,"subtotal_visible_orders":true}],"composite_scenarios":[],"_links":{"self":[{"href":"https:\/\/pjama.eu\/fi\/wp-json\/wp\/v2\/product\/23236","targetHints":{"allow":["GET"]}}],"collection":[{"href":"https:\/\/pjama.eu\/fi\/wp-json\/wp\/v2\/product"}],"about":[{"href":"https:\/\/pjama.eu\/fi\/wp-json\/wp\/v2\/types\/product"}],"wp:featuredmedia":[{"embeddable":true,"href":"https:\/\/pjama.eu\/fi\/wp-json\/wp\/v2\/media\/31267"}],"wp:attachment":[{"href":"https:\/\/pjama.eu\/fi\/wp-json\/wp\/v2\/media?parent=23236"}],"wp:term":[{"taxonomy":"product_brand","embeddable":true,"href":"https:\/\/pjama.eu\/fi\/wp-json\/wp\/v2\/product_brand?post=23236"},{"taxonomy":"product_cat","embeddable":true,"href":"https:\/\/pjama.eu\/fi\/wp-json\/wp\/v2\/product_cat?post=23236"},{"taxonomy":"product_tag","embeddable":true,"href":"https:\/\/pjama.eu\/fi\/wp-json\/wp\/v2\/product_tag?post=23236"}],"curies":[{"name":"wp","href":"https:\/\/api.w.org\/{rel}","templated":true}]}}