{"id":23241,"date":"2020-03-21T12:32:23","date_gmt":"2020-03-21T11:32:23","guid":{"rendered":"https:\/\/pjama.eu\/product\/pjama-protect-yokastelushortsit-lapsille\/"},"modified":"2026-05-06T14:13:26","modified_gmt":"2026-05-06T12:13:26","slug":"yokasteluhousut-lapsille","status":"publish","type":"product","link":"https:\/\/pjama.eu\/fi\/tuote\/yokasteluhousut-lapsille\/","title":{"rendered":"Pjama Protect Y\u00f6kastelushortsit Lapset lapset"},"content":{"rendered":"<h3 style=\"color: #d35917;\">Pjama Protect Y\u00f6kastelushortsit Lapset lapset<\/h3>\n<h4 style=\"color: #072130;\">Paras tuki kasteluun<\/h4>\n<p>Etsitk\u00f6 ratkaisua lapsille, jotka kastelevat s\u00e4ngyn tai k\u00e4rsiv\u00e4t y\u00f6llisest\u00e4 enureesista? Pjama Protect Y\u00f6kastelushortsit Children on mukava, huomaamaton ja tehokas ratkaisu vuodepesun hallintaan. T\u00e4ydelliset lapsille, jotka kastelevat s\u00e4ngyn \u00f6isin tai ovat juuri alkaneet kastella. N\u00e4m\u00e4 shortsit ovat vedenpit\u00e4v\u00e4t ja uudelleenk\u00e4ytett\u00e4v\u00e4t, ja ne tarjoavat turvallisuutta ja mukavuutta sek\u00e4 lapsille ett\u00e4 vanhemmille.  <\/p>\n<h4 style=\"color: #072130;\">Edut Pjama Protect Y\u00f6kastelushortsit Lapset edut<\/h4>\n<ul>\n<li><strong>Suojaa ja mukavuutta:<\/strong> ihanteellinen lapsille, jotka kastelevat s\u00e4ngyn.<\/li>\n<li><strong>Huomaamaton ja tyylik\u00e4s:<\/strong> T\u00e4ydellinen lapsille, jotka nukkuvat poissa kotoa.<\/li>\n<li><strong>Ymp\u00e4rist\u00f6yst\u00e4v\u00e4llinen ratkaisu:<\/strong> Vaippojen kaltaisten kertak\u00e4ytt\u00f6tuotteiden tarve v\u00e4henee.<\/li>\n<li><strong>Auttaa y\u00f6lliseen enureesiin:<\/strong> Se auttaa lasta her\u00e4\u00e4m\u00e4\u00e4n ja k\u00e4ym\u00e4\u00e4n vessassa.<\/li>\n<\/ul>\n<h4 style=\"color: #072130;\">Turvallinen ja k\u00e4yt\u00e4nn\u00f6llinen ratkaisu<\/h4>\n<p>Pjama Protect Y\u00f6kastelushortsit Children on valmistettu hengitt\u00e4v\u00e4st\u00e4, vedenpit\u00e4v\u00e4st\u00e4 materiaalista, joka suojaa patjoja ja lakanoita. Ne sopivat erinomaisesti lapsille, jotka kastelevat s\u00e4ngyn y\u00f6ll\u00e4, olipa kyseess\u00e4 sitten 6-vuotias, joka on alkanut kastella s\u00e4nky\u00e4, tai vanhemmat lapset, jotka k\u00e4rsiv\u00e4t enureesista. <\/p>\n<h4 style=\"color: #072130;\">Koot kaikille lapsille<\/h4>\n<p>Tarjoamme kokoja 98-164 cm, jotta ne sopivat kaikenik\u00e4isille lapsille. Jos lapsesi tarvitsee isompaa kokoa, sit\u00e4 on saatavilla aikuisten <a href=\"https:\/\/pjama.eu\/fi\/aikuisten-yokastelutuotteet\/\">myym\u00e4l\u00e4st\u00e4 aina kokoon XL asti<\/a>. Shortsit on valmistettu Tencel-kankaasta, joka on laminoitu, jotta ne ovat vedenpit\u00e4v\u00e4t mutta hell\u00e4varaiset iholle. K\u00e4ytetyt kankaat ovat <a href=\"https:\/\/www.oeko-tex.com\/en\/our-standards\/oeko-tex-standard-100\" target=\"_blank\" rel=\"noopener\">\u00d6ko-Tex-sertifioituja.<\/a> L\u00f6yd\u00e4t oikean koon ja n\u00e4et, kuinka paljon kukin koko voi ime\u00e4 itseens\u00e4, katso <a href=\"https:\/\/pjama.eu\/fi\/pjama-koko-opas\/\">kokooppaamme.<\/a> Tarvitsetko suuremman koon? Tutustu <a href=\"https:\/\/pjama.eu\/fi\/aikuisten-yokastelutuotteet\/\">aikuisten valikoimaan, josta saat<\/a> saman suojan ja mukavuuden laajemmissa kooissa.     <\/p>\n<h4 style=\"color: #072130;\">T\u00e4ydellinen y\u00f6kyl\u00e4ilyyn<\/h4>\n<p>Lapset, jotka k\u00e4rsiv\u00e4t vuodepesusta, saattavat tuntea olonsa ep\u00e4varmaksi nukkuessaan muualla kuin kotona, esimerkiksi y\u00f6kyl\u00e4ilyjen tai y\u00f6pymist\u00e4 vaativien aktiviteettien yhteydess\u00e4. Pjama Protect Y\u00f6kastelushortsit -sortsien avulla lapsesi voi tuntea olonsa turvalliseksi huomaamattoman ulkon\u00e4\u00f6n ja shortsien tarjoaman suojan ansiosta. <\/p>\n<h4 style=\"color: #072130;\">Helppohoitoisuus<\/h4>\n<p>Pjama Protect Y\u00f6kastelushortsit Children on konepest\u00e4v\u00e4 60\u00b0C:ssa ja kuivausrumpukelpoinen. Huomautus: Shortsien kuivuminen voi kest\u00e4\u00e4 kauemmin imukykyisen ominaisuuden vuoksi. Muista k\u00e4\u00e4nt\u00e4\u00e4 vaate nurinp\u00e4in pesun aikana, jotta kosteus saadaan puristettua ulos. Ne ovat kest\u00e4vi\u00e4 ja taloudellisia, ja ne ovat t\u00e4ydellinen ratkaisu lapsille, jotka ovat alkaneet kastella s\u00e4nky\u00e4 y\u00f6ll\u00e4. <b>Pjama takaa v\u00e4hint\u00e4\u00e4n 100 pesukertaa ja jopa 4 kuukauden s\u00e4\u00e4nn\u00f6llisen k\u00e4yt\u00f6n, kun sit\u00e4 hoidetaan pesuohjeidemme mukaisesti.<\/b> <a href=\"https:\/\/pjama.eu\/fi\/pjama-pesuohje\/\">Lue t\u00e4ydelliset hoito-ohjeet t\u00e4\u00e4lt\u00e4.<\/a><\/p>\n<h4 style=\"color: #072130;\">Vinkkej\u00e4 bedwettingin hallintaan<\/h4>\n<p>K\u00e4yt\u00e4nn\u00f6n apu kuivaa unta varten<\/p>\n<ul>\n<li><strong>K\u00e4yt\u00e4 Pjama Protect Y\u00f6kastelushortsit Lapset:<\/strong> Yksinkertainen ja mukava apuv\u00e4line s\u00e4ngyn pit\u00e4miseen kuivana sek\u00e4 kotona ett\u00e4 y\u00f6kyl\u00e4ilyjen aikana. T\u00e4ydellinen, kun haluat v\u00e4ltt\u00e4\u00e4 lakanoiden vaihtamisen keskell\u00e4 y\u00f6t\u00e4 ja antaa lapsellesi turvallisuutta ja mukavuutta. <\/li>\n<\/ul>\n<p>Tuotteet hoitoon Bedwetting<\/p>\n<ul>\n<li><a href=\"https:\/\/pjama.eu\/fi\/yokastelun-hoito\/\">Pjama Y\u00f6kasteluh\u00e4lytin:<\/a> Tehokas hoitotoimenpide, joka auttaa lasta kehitt\u00e4m\u00e4\u00e4n parempaa virtsarakon hallintaa ja luomaan y\u00f6llisi\u00e4 rutiineja.<\/li>\n<li><a href=\"https:\/\/pjama.eu\/fi\/yokastelu-sovellus\/\">DryGuardians App:<\/a> Seuraa edistymist\u00e4 ja tutustu hoidon tehokkuuteen. Sovellus helpottaa my\u00f6s viestint\u00e4\u00e4 hoitajien kanssa. <\/li>\n<\/ul>\n<p>Olipa kyse sitten apuv\u00e4lineest\u00e4 tai hoitotuotteesta, on t\u00e4rke\u00e4\u00e4, ett\u00e4 viestint\u00e4 on avointa. Puhu avoimesti s\u00e4ngyn kastumisesta, jotta stressi ja h\u00e4pe\u00e4n tunteet v\u00e4henev\u00e4t. T\u00e4m\u00e4 voi tukea lapsesi kehityst\u00e4 ja lis\u00e4t\u00e4 h\u00e4nen turvallisuudentunnettaan vedenpaisumuksen suhteen.  <\/p>\n<h4 style=\"color: #072130;\">Mik\u00e4 on y\u00f6llinen nukahtamish\u00e4iri\u00f6?<\/h4>\n<p>Vuodekastelu, joka tunnetaan my\u00f6s nimell\u00e4 <em>y\u00f6llinen enureesi, tapahtuu<\/em>, kun lapset kastelevat s\u00e4ngyn y\u00f6ll\u00e4. Se on yleinen ongelma erityisesti poikien keskuudessa, ja se koskee miljoonia lapsia maailmanlaajuisesti. Muista: t\u00e4m\u00e4 ei ole lapsen vika, eik\u00e4 sen pit\u00e4isi johtaa h\u00e4pe\u00e4\u00e4n tai rangaistukseen.   Tarvitsetko lis\u00e4\u00e4 opastusta? Ota rohkeasti yhteytt\u00e4 hoitajaan tai l\u00e4\u00e4k\u00e4riin, jos sinulla on kysytt\u00e4v\u00e4\u00e4 kastumisesta tai tarvitset lis\u00e4tietoja mahdollisista hoitovaihtoehdoista. Ammattiapuun hakeutuminen voi olla t\u00e4rke\u00e4 askel lapsesi tukemisessa parhaalla mahdollisella tavalla. <\/p>\n<footer>\u00a9 2024 Pjama.<\/footer>\n","protected":false},"excerpt":{"rendered":"<h3>Y\u00f6kastelushortsit lapsille &#8211; pit\u00e4\u00e4 s\u00e4ngyn kuivana.<\/h3>\n<p>Pjama Protect Y\u00f6kastelushortsit tarjoaa helppohoitoisen, huomaamattoman ja mukavan ratkaisun lapsille, jotka kastelevat s\u00e4ngyn.<\/p>\n<ul>\n<li>Hengitt\u00e4v\u00e4 ja t\u00e4ysin vedenpit\u00e4v\u00e4, jotta s\u00e4nky pysyy kuivana.<\/li>\n<li>Pehme\u00e4t ja yht\u00e4 mukavat kuin tavalliset pyjamahousut.<\/li>\n<li>Konepest\u00e4v\u00e4 60 \u00b0C:ssa ja rumpukuivaus.<\/li>\n<\/ul>\n<p>Tarvitsetko suuremman koon? Tutustu <a href=\"https:\/\/pjama.eu\/fi\/tuote\/vedenpitavat-yokastelushortsit\/\">aikuisten valikoimaan, josta saat<\/a> saman suojan ja mukavuuden laajemmissa kooissa. <\/p>\n","protected":false},"featured_media":31293,"template":"","meta":{"_et_pb_use_builder":"off","_et_pb_old_content":"<h3 style=\"color: #d35917\">Pjama Protect Y\u00f6kastelushortsit Lapset lapset<\/h3>\n<h4 style=\"color: #072130\">Paras tuki kasteluun<\/h4>\nEtsitk\u00f6 ratkaisua lapsille, jotka kastelevat s\u00e4ngyn tai k\u00e4rsiv\u00e4t y\u00f6llisest\u00e4 enureesista? Pjama Protect Y\u00f6kastelushortsit Children on mukava, huomaamaton ja tehokas ratkaisu vuodepesun hallintaan. T\u00e4ydelliset lapsille, jotka kastelevat s\u00e4ngyn \u00f6isin tai ovat juuri alkaneet kastella. N\u00e4m\u00e4 shortsit ovat vedenpit\u00e4v\u00e4t ja uudelleenk\u00e4ytett\u00e4v\u00e4t, ja ne tarjoavat turvallisuutta ja mukavuutta sek\u00e4 lapsille ett\u00e4 vanhemmille.  \n<h4 style=\"color: #072130\">Edut Pjama Protect Y\u00f6kastelushortsit Lapset edut<\/h4>\n<ul>\n \t<li><strong>Suojaa ja mukavuutta:<\/strong> ihanteellinen lapsille, jotka kastelevat s\u00e4ngyn.<\/li>\n \t<li><strong>Huomaamaton ja tyylik\u00e4s:<\/strong> T\u00e4ydellinen lapsille, jotka nukkuvat poissa kotoa.<\/li>\n \t<li><strong>Ymp\u00e4rist\u00f6yst\u00e4v\u00e4llinen ratkaisu:<\/strong> Vaippojen kaltaisten kertak\u00e4ytt\u00f6tuotteiden tarve v\u00e4henee.<\/li>\n \t<li><strong>Auttaa y\u00f6lliseen enureesiin:<\/strong> Se auttaa lasta her\u00e4\u00e4m\u00e4\u00e4n ja k\u00e4ym\u00e4\u00e4n vessassa.<\/li>\n<\/ul>\n<h4 style=\"color: #072130\">Turvallinen ja k\u00e4yt\u00e4nn\u00f6llinen ratkaisu<\/h4>\nPjama Protect Y\u00f6kastelushortsit Children on valmistettu hengitt\u00e4v\u00e4st\u00e4, vedenpit\u00e4v\u00e4st\u00e4 materiaalista, joka suojaa patjoja ja lakanoita. Ne sopivat erinomaisesti lapsille, jotka kastelevat s\u00e4ngyn y\u00f6ll\u00e4, olipa kyseess\u00e4 sitten 6-vuotias, joka on alkanut kastella s\u00e4nky\u00e4, tai vanhemmat lapset, jotka k\u00e4rsiv\u00e4t enureesista. \n<h4 style=\"color: #072130\">Koot kaikille lapsille<\/h4>\nTarjoamme kokoja 98-164 cm, jotta ne sopivat kaikenik\u00e4isille lapsille. Jos lapsesi tarvitsee suuremman koon, sit\u00e4 on saatavilla aikuisten <a href=\"https:\/\/pjama.eu\/fi\/aikuisten-yokastelutuotteet\/\">myym\u00e4l\u00e4ss\u00e4 aina kokoon XL asti<\/a>. Shortsit on valmistettu Tencel-kankaasta, joka on laminoitu, jotta ne ovat vedenpit\u00e4v\u00e4t mutta hell\u00e4varaiset iholle. K\u00e4ytetyt kankaat ovat <a href=\"https:\/\/www.oeko-tex.com\/en\/our-standards\/oeko-tex-standard-100\">\u00d6ko-Tex-sertifioituja.<\/a> L\u00f6yd\u00e4t oikean koon ja n\u00e4et, kuinka paljon kukin koko voi ime\u00e4 itseens\u00e4, katso <a href=\"https:\/\/pjama.eu\/fi\/pjama-koko-opas\/\">kokooppaamme.<\/a>    \n\nTarvitsetko suurempaa kokoa? Tutustu <a href=\"https:\/\/pjama.eu\/fi\/aikuisten-yokastelutuotteet\/\">aikuisten valikoimaan, josta saat<\/a> saman suojan ja mukavuuden laajemmissa kooissa. \n<h4 style=\"color: #072130\">T\u00e4ydellinen y\u00f6kyl\u00e4ilyyn<\/h4>\nLapset, jotka k\u00e4rsiv\u00e4t vuodepesusta, saattavat tuntea olonsa ep\u00e4varmaksi nukkuessaan muualla kuin kotona, esimerkiksi y\u00f6kyl\u00e4ilyjen tai y\u00f6pymist\u00e4 vaativien aktiviteettien yhteydess\u00e4. Pjama Protect Y\u00f6kastelushortsit -sortsien avulla lapsesi voi tuntea olonsa turvalliseksi huomaamattoman ulkon\u00e4\u00f6n ja shortsien tarjoaman suojan ansiosta. \n<h4 style=\"color: #072130\">Helppohoitoisuus<\/h4>\nPjama Protect Y\u00f6kastelushortsit Children on konepest\u00e4v\u00e4 60\u00b0C:ssa ja kuivausrumpukelpoinen. Huomautus: Shortsien kuivuminen voi kest\u00e4\u00e4 kauemmin imukykyisen ominaisuuden vuoksi.\nMuista k\u00e4\u00e4nt\u00e4\u00e4 vaate nurinp\u00e4in pesun aikana, jotta kosteus saadaan puristettua ulos.  Ne ovat kest\u00e4vi\u00e4 ja taloudellisia, ja ne ovat t\u00e4ydellinen ratkaisu lapsille, jotka ovat alkaneet kastella s\u00e4nky\u00e4 y\u00f6ll\u00e4. <b>Pjama takaa v\u00e4hint\u00e4\u00e4n 100 pesukertaa ja jopa 4 kuukauden s\u00e4\u00e4nn\u00f6llisen k\u00e4yt\u00f6n, kun sit\u00e4 hoidetaan pesuohjeidemme mukaisesti.<\/b><span style=\"font-weight: 400\">\n<\/span><a href=\"https:\/\/pjama.eu\/fi\/pjama-pesuohje\/\">Lue t\u00e4ydelliset hoito-ohjeet t\u00e4\u00e4lt\u00e4.<\/a>\n<h4 style=\"color: #072130\">Vinkkej\u00e4 bedwettingin hallintaan<\/h4>\nK\u00e4yt\u00e4nn\u00f6n apu kuivaa unta varten\n<ul>\n \t<li><strong>K\u00e4yt\u00e4 Pjama Protect Y\u00f6kastelushortsit Lapset:<\/strong>\npit\u00e4\u00e4 s\u00e4ngyn kuivana sek\u00e4 kotona ett\u00e4 y\u00f6kyl\u00e4ilyjen aikana. T\u00e4ydellinen, kun haluat v\u00e4ltt\u00e4\u00e4\nlakanoiden vaihtamisen keskell\u00e4 y\u00f6t\u00e4 ja antaa lapsellesi turvallisuutta ja mukavuutta. <\/li>\n<\/ul>\nTuotteet hoitoon Bedwetting\n<ul>\n \t<li><a href=\"https:\/\/pjama.eu\/fi\/yokastelun-hoito\/\">Pjama Y\u00f6kasteluh\u00e4lytin:<\/a> Tehokas hoitotoimenpide, joka auttaa lasta kehitt\u00e4m\u00e4\u00e4n parempaa virtsarakon hallintaa ja luomaan y\u00f6llisi\u00e4 rutiineja.<\/li>\n \t<li><a href=\"https:\/\/pjama.eu\/fi\/yokastelu-sovellus\/\">DryGuardians App:<\/a> Seuraa edistymist\u00e4 ja tutustu hoidon tehokkuuteen. Sovellus helpottaa my\u00f6s viestint\u00e4\u00e4 hoitajien kanssa. <\/li>\n<\/ul>\nOlipa kyse sitten apuv\u00e4lineest\u00e4 tai hoitotuotteesta, on t\u00e4rke\u00e4\u00e4, ett\u00e4 viestint\u00e4 on avointa. Puhu avoimesti s\u00e4ngyn kastumisesta, jotta stressi ja h\u00e4pe\u00e4n tunteet v\u00e4henev\u00e4t. T\u00e4m\u00e4 voi tukea lapsesi kehityst\u00e4 ja lis\u00e4t\u00e4 h\u00e4nen turvallisuudentunnettaan vedenpaisumuksen suhteen.  \n<h4 style=\"color: #072130\">Mik\u00e4 on y\u00f6llinen nukahtamish\u00e4iri\u00f6?<\/h4>\nVuodekastelu, joka tunnetaan my\u00f6s nimell\u00e4 <em>y\u00f6llinen enureesi, tapahtuu<\/em>, kun lapset kastelevat s\u00e4ngyn y\u00f6ll\u00e4. Se on yleinen ongelma erityisesti poikien keskuudessa, ja se koskee miljoonia lapsia maailmanlaajuisesti. Muista: t\u00e4m\u00e4 ei ole lapsen vika, eik\u00e4 sen pit\u00e4isi johtaa h\u00e4pe\u00e4\u00e4n tai rangaistukseen.\nTarvitsetko lis\u00e4\u00e4 ohjausta?\n\nOta rohkeasti yhteytt\u00e4 hoitajaan tai l\u00e4\u00e4k\u00e4riin, jos sinulla on kysytt\u00e4v\u00e4\u00e4 kastumisesta tai tarvitset lis\u00e4tietoja mahdollisista hoitovaihtoehdoista. Ammattiapuun hakeutuminen voi olla t\u00e4rke\u00e4 askel lapsesi tukemisessa parhaalla mahdollisella tavalla. \n\n<footer>\u00a9 2024 Pjama.<\/footer>","_et_gb_content_width":""},"product_brand":[],"product_cat":[259,222,225],"product_tag":[],"class_list":{"0":"post-23241","1":"product","2":"type-product","3":"status-publish","4":"has-post-thumbnail","6":"product_cat-pjama-original","7":"product_cat-lapset","8":"product_cat-pjamaprotect_2025","9":"product_shipping_class-eu","10":"pa_size-ika-10-12","11":"pa_size-ika-3-4","12":"pa_size-ika-5-6","13":"pa_size-ika-6-8","14":"pa_size-ika-8-10","15":"pa_size-pieni","17":"first","18":"instock","19":"taxable","20":"shipping-taxable","21":"purchasable","22":"product-type-variable"},"composite_virtual":false,"composite_layout":"","composite_add_to_cart_form_location":"","composite_editable_in_cart":false,"composite_sold_individually_context":"","composite_shop_price_calc":"","composite_components":[],"composite_scenarios":[],"_links":{"self":[{"href":"https:\/\/pjama.eu\/fi\/wp-json\/wp\/v2\/product\/23241","targetHints":{"allow":["GET"]}}],"collection":[{"href":"https:\/\/pjama.eu\/fi\/wp-json\/wp\/v2\/product"}],"about":[{"href":"https:\/\/pjama.eu\/fi\/wp-json\/wp\/v2\/types\/product"}],"wp:featuredmedia":[{"embeddable":true,"href":"https:\/\/pjama.eu\/fi\/wp-json\/wp\/v2\/media\/31293"}],"wp:attachment":[{"href":"https:\/\/pjama.eu\/fi\/wp-json\/wp\/v2\/media?parent=23241"}],"wp:term":[{"taxonomy":"product_brand","embeddable":true,"href":"https:\/\/pjama.eu\/fi\/wp-json\/wp\/v2\/product_brand?post=23241"},{"taxonomy":"product_cat","embeddable":true,"href":"https:\/\/pjama.eu\/fi\/wp-json\/wp\/v2\/product_cat?post=23241"},{"taxonomy":"product_tag","embeddable":true,"href":"https:\/\/pjama.eu\/fi\/wp-json\/wp\/v2\/product_tag?post=23241"}],"curies":[{"name":"wp","href":"https:\/\/api.w.org\/{rel}","templated":true}]}}