{"id":23243,"date":"2020-03-21T12:49:41","date_gmt":"2020-03-21T11:49:41","guid":{"rendered":"https:\/\/pjama.eu\/product\/pjama-protect-yokastelushortsit-aikuisille\/"},"modified":"2026-04-24T12:01:37","modified_gmt":"2026-04-24T10:01:37","slug":"vedenpitavat-yokastelushortsit","status":"publish","type":"product","link":"https:\/\/pjama.eu\/fi\/tuote\/vedenpitavat-yokastelushortsit\/","title":{"rendered":"Pjama Protect Y\u00f6kastelushortsit aikuisille"},"content":{"rendered":"<h3 style=\"color: #d35917;\">Pjama Protect Y\u00f6kastelushortsit aikuisille<\/h3>\n<h4 style=\"color: #072130;\">Paras ratkaisu y\u00f6lliseen enureesiin ja virtsankarkailuun<\/h4>\n<p>Etsitk\u00f6 tehokasta ratkaisua aikuisten s\u00e4ngyn kastelun tai y\u00f6llisen enureesin hallintaan? Pjama Protect Y\u00f6kastelushortsit aikuisille ovat mukavat, huomaamattomat ja tehokkaat ratkaisut s\u00e4ngyn kastelun hoitoon. T\u00e4ydellinen aikuisille, jotka k\u00e4rsiv\u00e4t y\u00f6llisest\u00e4 virtsankarkailusta. N\u00e4m\u00e4 shortsit ovat pehme\u00e4t, vedenpit\u00e4v\u00e4t, uudelleenk\u00e4ytett\u00e4v\u00e4t ja tarjoavat turvallisuutta sek\u00e4 kotona ett\u00e4 matkoilla.   <\/p>\n<h4 style=\"color: #072130;\">Pjama Protect Y\u00f6kastelushortsit edut aikuisille<\/h4>\n<ul>\n<li><strong>Suojaa ja mukavuutta:<\/strong> Pit\u00e4\u00e4 s\u00e4ngyn kuivana virtsavuodon ja vuodekastelun aikana, mik\u00e4 takaa mukavan ja turvallisen y\u00f6n.<\/li>\n<li><strong>Huomaamaton ja toimiva muotoilu:<\/strong> Siksi ne sopivat aikuisille, jotka haluavat huomaamattoman ratkaisun.<\/li>\n<li><strong>Ymp\u00e4rist\u00f6yst\u00e4v\u00e4llinen ja kustannustehokas:<\/strong> v\u00e4hent\u00e4\u00e4 kertak\u00e4ytt\u00f6tuotteiden tarvetta ja on parempi ymp\u00e4rist\u00f6lle.<\/li>\n<li><strong>Apua y\u00f6lliseen enureesiin:<\/strong> Suunniteltu antamaan palautetta kosteuden kautta, toisin kuin vaipat, ja kannustamaan her\u00e4\u00e4miseen ja kylpyhuoneen k\u00e4ytt\u00e4miseen.<\/li>\n<\/ul>\n<h4 style=\"color: #072130;\">Turvallinen ja k\u00e4yt\u00e4nn\u00f6llinen ratkaisu<\/h4>\n<p>Pjama Protect Y\u00f6kastelushortsit aikuisille on valmistettu hengitt\u00e4v\u00e4st\u00e4 ja vedenpit\u00e4v\u00e4st\u00e4 materiaalista, joka suojaa sek\u00e4 patjaa ett\u00e4 lakanoita. Ne sopivat aikuisille, jotka k\u00e4rsiv\u00e4t y\u00f6her\u00e4ilyst\u00e4, olipa kyseess\u00e4 sitten tilap\u00e4inen tai pitk\u00e4aikainen ongelma. Shortsit sopivat sek\u00e4 miehille ett\u00e4 naisille.  <\/p>\n<h4 style=\"color: #072130;\">Aikuisten koot<\/h4>\n<p>Tarjoamme kokoja Smallista XL:\u00e4\u00e4n kaikille vartalotyypeille sopiviksi. Shortsit on valmistettu Tencel-kankaasta, joka on laminoitu, jotta ne ovat vedenpit\u00e4v\u00e4t mutta hell\u00e4varaiset iholle. K\u00e4ytetyt kankaat ovat <a href=\"https:\/\/www.oeko-tex.com\/en\/our-standards\/oeko-tex-standard-100\" target=\"_blank\" rel=\"noopener\">\u00d6ko-Tex-sertifioituja.<\/a> L\u00f6yt\u00e4\u00e4ksesi oikean koon ja n\u00e4hd\u00e4ksesi kunkin koon imukyvyn, tutustu <a href=\"https:\/\/pjama.eu\/fi\/yokastelu-sovellus\/\">kokooppaaseemme.<\/a>   <\/p>\n<p>Tarvitsetko pienemp\u00e4\u00e4 kokoa? Tutustu <a href=\"https:\/\/pjama.eu\/fi\/tuote\/vedenpitavat-yokastelushortsit\/\">lastenvalikoimaamme, josta saat<\/a> saman suojan ja mukavuuden isommissa kooissa. <\/p>\n<h4 style=\"color: #072130;\">T\u00e4ydellinen y\u00f6t pois<\/h4>\n<p>Vuodepesusta k\u00e4rsiv\u00e4t aikuiset voivat tuntea olonsa turvattomaksi ollessaan poissa kotoa, esimerkiksi matkoilla tai y\u00f6pyess\u00e4\u00e4n perheen ja yst\u00e4vien luona. Aikuisten Pjama Protect Y\u00f6kastelushortsit tarjoavat turvallisen ja huomaamattoman ratkaisun, joka voi v\u00e4hent\u00e4\u00e4 ahdistusta n\u00e4iss\u00e4 tilanteissa. Pjaman visiona on tehd\u00e4 enureesista k\u00e4rsivien ihmisten el\u00e4m\u00e4st\u00e4 helpompaa, jotta he voivat el\u00e4\u00e4 mahdollisimman normaalia el\u00e4m\u00e4\u00e4 ilman rajoituksia.  <\/p>\n<h4 style=\"color: #072130;\">Helppo huolto<\/h4>\n<p>Pjama Protect Y\u00f6kastelushortsit for Adults on konepest\u00e4v\u00e4 60\u00b0C:ssa ja se voidaan kuivata rumpukuivauksessa. Huomaathan, ett\u00e4 niiden kuivuminen voi kest\u00e4\u00e4 kauemmin niiden imukykyisyyden vuoksi. K\u00e4\u00e4nn\u00e4 vaate pesun aikana nurinp\u00e4in, jotta neste poistuu mahdollisimman hyvin. N\u00e4m\u00e4 shortsit ovat kest\u00e4v\u00e4t ja kustannustehokkaat &#8211; t\u00e4ydellinen ratkaisu aikuisille, joilla on y\u00f6llinen enureesi.<br \/>\n<b>Pjama takaa v\u00e4hint\u00e4\u00e4n 100 pesukertaa ja jopa 4 kuukauden s\u00e4\u00e4nn\u00f6llisen k\u00e4yt\u00f6n, kun sit\u00e4 hoidetaan pesuohjeidemme mukaisesti.<\/b> <a href=\"https:\/\/pjama.eu\/fi\/pjama-pesuohje\/\"><span style=\"font-weight: 400;\">Lue t\u00e4ydelliset hoito-ohjeet &#8217;<\/span><\/a><\/p>\n<h4 style=\"color: #072130;\">Vinkkej\u00e4 bedwettingin hallintaan<\/h4>\n<p><strong>K\u00e4yt\u00e4nn\u00f6n apuv\u00e4lineit\u00e4 kuivaan uneen.<\/strong><\/p>\n<ul>\n<li><strong>K\u00e4yt\u00e4 Pjama Protect Y\u00f6kastelushortsit aikuisille:<\/strong> Yksinkertainen ja mukava apuv\u00e4line, joka pit\u00e4\u00e4 s\u00e4ngyn kuivana sek\u00e4 kotona ett\u00e4 matkoilla. Sopii t\u00e4ydellisesti v\u00e4ltt\u00e4m\u00e4\u00e4n s\u00e4ngyn vaihtamisen vaivaa keskell\u00e4 y\u00f6t\u00e4 ja tarjoaa turvallisuutta ja mukavuutta. <\/li>\n<\/ul>\n<h4 style=\"color: #072130;\">Tuotteet y\u00f6llisen enureesin hoitoon<\/h4>\n<ul>\n<li><a href=\"https:\/\/pjama.eu\/fi\/yokastelun-hoito\/\">Pjama Bedwetting Alarm:<\/a> Tehokas apuv\u00e4line, joka auttaa kehitt\u00e4m\u00e4\u00e4n parempaa virtsarakon hallintaa ja luomaan y\u00f6llisi\u00e4 rutiineja. Sek\u00e4 <a href=\"https:\/\/pjama.eu\/fi\/tuote\/pjama-dryguardians-alushousut-bokserit\/\">miesten bokserit<\/a> ett\u00e4 <a href=\"https:\/\/pjama.eu\/fi\/tuote\/pjama-dryguardians-alushousut-briefs-malli\/\">naisten briefs-malli<\/a> ovat saatavana aikuisten koossa, ja niihin on liitetty y\u00f6kasteluh\u00e4lytin. K\u00e4yt\u00e4 n\u00e4it\u00e4 yhdess\u00e4 suojaavien y\u00f6pukushortsien kanssa, jotta saat v\u00e4litt\u00f6m\u00e4n palautteen kosteuden esiintymisest\u00e4.  <\/li>\n<li><a href=\"https:\/\/pjama.eu\/fi\/yokastelu-sovellus\/\">DryGuardians App:<\/a> Seuraa edistymist\u00e4 ja tutustu hoidon tehokkuuteen. Sovellus tukee my\u00f6s viestint\u00e4\u00e4 terveydenhuollon tarjoajien kanssa. <\/li>\n<\/ul>\n<p>Jos sinua ei ole koskaan hoidettu kasteluun tai y\u00f6lliseen enureesiin, t\u00e4m\u00e4 voi olla ratkaisu sinulle. Pjama tekee yhteisty\u00f6t\u00e4 ruotsalaisen terveydenhuollon kanssa tarjotakseen apuv\u00e4lineit\u00e4 ja hoitovaihtoehtoja vuodepotilaille. <\/p>\n<h4 style=\"color: #072130;\">Mik\u00e4 on y\u00f6llinen enureesi?<\/h4>\n<p>Vuodekastelu eli y\u00f6llinen enureesi on aikuisten keskuudessa yleisempi ongelma kuin ihmiset ehk\u00e4 luulevatkaan, ja siihen liittyy tahaton virtsan menett\u00e4minen unen aikana. On t\u00e4rke\u00e4\u00e4 ymm\u00e4rt\u00e4\u00e4, ett\u00e4 kyseess\u00e4 on hallittavissa oleva tilanne, jonka ei pit\u00e4isi aiheuttaa h\u00e4pe\u00e4\u00e4 tai syyllisyytt\u00e4. Avoin puhuminen y\u00f6kasteluista voi v\u00e4hent\u00e4\u00e4 stressi\u00e4 ja h\u00e4pe\u00e4n tunteita ja tarjota tarvittavaa lohtua y\u00f6llisen enureesin hallintaan.  <\/p>\n<h4 style=\"color: #072130;\">Tarvitsetko lis\u00e4\u00e4 opastusta?<\/h4>\n<p>Ota rohkeasti yhteytt\u00e4 sairaanhoitajaan tai l\u00e4\u00e4k\u00e4riin, joka neuvoo sinua hoidossa ja keskustele mahdollisista vaihtoehdoista. Asiantuntija-apuun hakeutuminen voi olla t\u00e4rke\u00e4 askel s\u00e4ngyn kastelun tai y\u00f6llisen enureesin hallinnassa ja hoidossa. <\/p>\n<footer>\u00a9 2024 Pjama.<\/footer>\n","protected":false},"excerpt":{"rendered":"<div class=\"product-description\">\n<h3><span data-sheets-root=\"1\">Imukykyiset y\u00f6kastelushortsit aikuisille &#8211; huomaamattomat ja mukavat.<\/span><\/h3>\n<p>Pjama Protect Y\u00f6kastelushortsit for Adults ovat helppohoitoiset, huomaamaton ja mukavat ratkaisut aikuisille, joilla on vedenpoisto-ongelmia.<\/p>\n<ul>\n<li>Hengitt\u00e4v\u00e4 ja t\u00e4ysin vedenpit\u00e4v\u00e4, jotta s\u00e4nky pysyy kuivana.<\/li>\n<li>Yht\u00e4 pehme\u00e4t ja mukavat kuin tavalliset pyjamahousut.<\/li>\n<li>Konepest\u00e4v\u00e4 60 \u00b0C:ssa ja rumpukuivaus.<\/li>\n<\/ul>\n<p>Tarvitsetko pienemp\u00e4\u00e4 kokoa? Tutustu <a href=\"https:\/\/pjama.eu\/fi\/tuote\/vedenpitavat-yokastelushortsit\/\">lastenvalikoimaamme, josta saat<\/a> saman suojan ja mukavuuden isommissa kooissa. <\/p>\n<\/div>\n","protected":false},"featured_media":31302,"template":"","meta":{"_et_pb_use_builder":"","_et_pb_old_content":"","_et_gb_content_width":""},"product_brand":[],"product_cat":[259,249,225],"product_tag":[],"class_list":{"0":"post-23243","1":"product","2":"type-product","3":"status-publish","4":"has-post-thumbnail","6":"product_cat-pjama-original","7":"product_cat-aikuiset","8":"product_cat-pjamaprotect_2025","9":"product_shipping_class-eu","10":"pa_size-levea","11":"pa_size-medium","12":"pa_size-pieni","13":"pa_size-suuri","14":"pa_size-xlarge","15":"pa_size-xwide","16":"pa_size-xxwide","18":"first","19":"instock","20":"taxable","21":"shipping-taxable","22":"purchasable","23":"product-type-variable"},"composite_virtual":false,"composite_layout":"","composite_add_to_cart_form_location":"","composite_editable_in_cart":false,"composite_sold_individually_context":"","composite_shop_price_calc":"","composite_components":[],"composite_scenarios":[],"_links":{"self":[{"href":"https:\/\/pjama.eu\/fi\/wp-json\/wp\/v2\/product\/23243","targetHints":{"allow":["GET"]}}],"collection":[{"href":"https:\/\/pjama.eu\/fi\/wp-json\/wp\/v2\/product"}],"about":[{"href":"https:\/\/pjama.eu\/fi\/wp-json\/wp\/v2\/types\/product"}],"wp:featuredmedia":[{"embeddable":true,"href":"https:\/\/pjama.eu\/fi\/wp-json\/wp\/v2\/media\/31302"}],"wp:attachment":[{"href":"https:\/\/pjama.eu\/fi\/wp-json\/wp\/v2\/media?parent=23243"}],"wp:term":[{"taxonomy":"product_brand","embeddable":true,"href":"https:\/\/pjama.eu\/fi\/wp-json\/wp\/v2\/product_brand?post=23243"},{"taxonomy":"product_cat","embeddable":true,"href":"https:\/\/pjama.eu\/fi\/wp-json\/wp\/v2\/product_cat?post=23243"},{"taxonomy":"product_tag","embeddable":true,"href":"https:\/\/pjama.eu\/fi\/wp-json\/wp\/v2\/product_tag?post=23243"}],"curies":[{"name":"wp","href":"https:\/\/api.w.org\/{rel}","templated":true}]}}