{"id":23247,"date":"2021-02-01T11:59:38","date_gmt":"2021-02-01T10:59:38","guid":{"rendered":"https:\/\/pjama.eu\/product\/pjama-dryguardians-alusvaate-ja-halytinsarja-bokserit\/"},"modified":"2025-12-15T08:44:12","modified_gmt":"2025-12-15T07:44:12","slug":"pjama-dryguardians-alusvaate-ja-halytinsarja-bokserit","status":"publish","type":"product","link":"https:\/\/pjama.eu\/fi\/tuote\/pjama-dryguardians-alusvaate-ja-halytinsarja-bokserit\/","title":{"rendered":"Pjama DryGuardians &#8211; Alusvaate- ja h\u00e4lytinsarja &#8211; Bokserit"},"content":{"rendered":"<h3>Pjama DryGuardians &#8211; Underwear and alarm Kit &#8211; Boxers \u2013 Effective Bedwetting Alarm Treatment for Boys<\/h3>\n<p>Pjama DryGuardians &#8211; Alusvaate- ja h\u00e4lytinsarja &#8211; Bokserit on t\u00e4ydellinen ratkaisu pojille, jotka k\u00e4rsiv\u00e4t y\u00f6kastelusta (y\u00f6llinen enureesi). Yhdess\u00e4 DryGuardians-sovelluksemme kanssa saat tehokkaan ja mukavan hoidon vuodepesuun. N\u00e4iss\u00e4 s\u00e4ngynpettymish\u00e4lyttimiss\u00e4 on sis\u00e4\u00e4nommellut anturilangat, jotka havaitsevat nopeasti kosteuden ja aktivoivat y\u00f6kasteluh\u00e4lytin auttaakseen lasta her\u00e4\u00e4m\u00e4\u00e4n ja lopettamaan virtsaamisen. DryGuardians-hoitopalvelu analysoi vuodepesun ja antaa r\u00e4\u00e4t\u00e4l\u00f6ityj\u00e4 vinkkej\u00e4, neuvoja ja ennusteita matkan varrella.   <\/p>\n<p>Lataa DryGuardians-sovellus <a href=\"https:\/\/play.google.com\/store\/apps\/details?id=com.pjama&amp;hl=fi&amp;gl=FI\" target=\"_blank\" rel=\"noopener\">Google Playsta tai<\/a> <a href=\"https:\/\/apps.apple.com\/fi\/app\/dryguardians\/id1498084664\" target=\"_blank\" rel=\"noopener\">App Storesta seurataksesi<\/a> edistymist\u00e4 ja saadaksesi henkil\u00f6kohtaista opastusta koko y\u00f6llisen enureesin hoidon ajan.<\/p>\n<h4>Ominaisuudet<\/h4>\n<p>Y\u00f6kasteluh\u00e4lytin on suunniteltu auttamaan sek\u00e4 lapsia ett\u00e4 aikuisia, jotka k\u00e4rsiv\u00e4t kastumisesta, ja se toimii ensilinjan hoitona enureesiin. Pjama-alusvaatteisiin kiinnitetty anturi on yhdistetty h\u00e4lytysyksikk\u00f6\u00f6n, joka aktivoituu, kun se havaitsee kosteutta. T\u00e4m\u00e4 y\u00f6kasteluh\u00e4lytin-hoito toimii lopettamalla v\u00e4litt\u00f6m\u00e4sti vuodekastelun ja kouluttamalla aivot reagoimaan kehon signaaleihin.  <\/p>\n<p>Pjama DryGuardians Alusvaate- ja h\u00e4lytinsarja &#8211; Bokserit on suunniteltu erityisesti poikien anatomiaa ja virtsavirran kohdealuetta varten. Boxershortseissa on vy\u00f6t\u00e4r\u00f6ll\u00e4 kaksi pient\u00e4 nappia, joihin voit helposti kiinnitt\u00e4\u00e4 y\u00f6kasteluh\u00e4lyttimen anturin. Sis\u00e4\u00e4nommeltujen anturilankojen ansiosta h\u00e4lytysj\u00e4rjestelm\u00e4 havaitsee helposti kosteuden ja aktivoi nopeasti y\u00f6kasteluh\u00e4lytin, mik\u00e4 hoitaa tehokkaasti ja turvallisesti y\u00f6llist\u00e4 enureesia.  <\/p>\n<p>Pjama DryGuardians &#8211; Alusvaate- ja h\u00e4lytinsarja &#8211; Bokserit &#8211; laitteen sis\u00e4\u00e4nommellut anturilangat lis\u00e4\u00e4v\u00e4t kohdealuetta ja parantavat tunnistustarkkuutta. T\u00e4m\u00e4 tarkoittaa, ett\u00e4 riippumatta siit\u00e4, mihin virtsa laskeutuu tai miss\u00e4 nukkuma-asennossa lapsesi on, h\u00e4lytin havaitsee turvallisesti vuodepesun. T\u00e4m\u00e4 voi olla erityisen arvokasta pojille, sill\u00e4 alue, johon virtsa ensimm\u00e4isen kerran koskettaa, vaihtelee usein.  <\/p>\n<h4>K\u00e4ytt\u00f6<\/h4>\n<p>Pjama DryGuardians Alushousut &#8211; Boxers ovat yht\u00e4 mukavat kuin tavalliset alusvaatteet, joten ne sopivat erinomaisesti lapsille, jotka k\u00e4rsiv\u00e4t vuodepesusta. Pjama DryGuardians &#8211; Alusvaate- ja h\u00e4lytinsarja &#8211; Bokserit y\u00f6lliseen enureesiin eiv\u00e4t ime nestett\u00e4. Hoito keskittyy tavan katkaisemiseen virtsata s\u00e4nkyyn.  <\/p>\n<p>Pakkaus sis\u00e4lt\u00e4\u00e4:<\/p>\n<ul>\n<li>2 x Pjama DryGuardians &#8211; Alushousut &#8211; Bokserit<\/li>\n<li>1 x Pjama DryGuardians Y\u00f6kasteluh\u00e4lytinpaketti (anturi ja \u00e4\u00e4niyksikk\u00f6)<\/li>\n<\/ul>\n<p>Napsauta anturi vain Pjama DryGuardians Alushousujen etuvy\u00f6t\u00e4r\u00f6nauhaan ja k\u00e4ynnist\u00e4 y\u00f6kasteluh\u00e4lytys, ja olet valmis aloittamaan hoidon! Aseta y\u00f6kasteluh\u00e4lytin s\u00e4ngyn l\u00e4helle.<br \/>\nJos sin\u00e4 tai lapsesi kastelee s\u00e4ngyn, alusvaatteisiin ommellut herk\u00e4t anturilangat aktivoivat h\u00e4lytyksen nopeasti. Sin\u00e4 tai lapsesi voit helposti pys\u00e4ytt\u00e4\u00e4 h\u00e4lytyksen painamalla h\u00e4lytysyksik\u00f6n yl\u00e4osassa olevaa &#8221;ON\/OFF-painiketta&#8221; ja menn\u00e4 sitten kylpyhuoneeseen virtsaamaan loppuun.  <\/p>\n<p>Jos haluat k\u00e4ytt\u00e4\u00e4 y\u00f6kasteluh\u00e4lytint\u00e4 \u00e4lypuhelimellasi ja osallistua hoitopalveluun, lataa DryGuardians App -sovellus. H\u00e4lytin yhdistyy automaattisesti DryGuardians-sovellukseen, kun se on avoinna puhelimessasi. <\/p>\n<h4>Anturin hoito<\/h4>\n<p><span style=\"font-weight: 400;\">Parhaan suorituskyvyn saavuttamiseksi irrota ja kuivaa anturi aina k\u00e4yt\u00f6n j\u00e4lkeen.<\/span><span style=\"font-weight: 400;\"><br \/>\n<\/span><span style=\"font-weight: 400;\">V\u00e4lt\u00e4 j\u00e4tt\u00e4m\u00e4st\u00e4 sit\u00e4 kiinni m\u00e4rk\u00e4\u00e4n vaatteeseen &#8211; t\u00e4m\u00e4 est\u00e4\u00e4 korroosiota ja pident\u00e4\u00e4 akun k\u00e4ytt\u00f6ik\u00e4\u00e4.<\/span><\/p>\n<h4>Pjama DryGuardians &#8211; Alusvaate- ja h\u00e4lytinsarja &#8211; Bokserit &#8211; ominaisuudet ja edut<\/h4>\n<ul>\n<li><strong>Tehokas hoito:<\/strong> Auttaa lasten y\u00f6lliseen enureesiin.<\/li>\n<li><strong>R\u00e4\u00e4t\u00e4l\u00f6ity y\u00f6pymist\u00e4 varten:<\/strong> K\u00e4yt\u00e4 \u00e4lypuhelinta ja DryGuardians-sovellusta huomaamatonta hoitoa varten.<\/li>\n<li><strong>USB-lataus:<\/strong> H\u00e4lytyslaite latautuu helposti USB-laturilla.<\/li>\n<li><strong>Langaton j\u00e4rjestelm\u00e4:<\/strong> H\u00e4lytysyksikk\u00f6 voidaan sijoittaa enint\u00e4\u00e4n 10 metrin p\u00e4\u00e4h\u00e4n anturista.<\/li>\n<li><strong>Ilmoitukset vanhemmille:<\/strong> Liit\u00e4 y\u00f6kasteluh\u00e4lytin vanhempien matkapuhelimeen, jotta saat ilmoituksia vuodoista.<\/li>\n<li><strong>Turvallinen havaitseminen:<\/strong> Suuri kohdealue, joka on mukautettu virtsavirtaan.<\/li>\n<li><strong>Mukava ja pehme\u00e4:<\/strong> Valmistettu korkealaatuisista, \u00d6ko-Tex-sertifioiduista kankaista, jotka ovat turvallisia ja hell\u00e4varaisia lasten iholle.<\/li>\n<li><strong>Kest\u00e4v\u00e4:<\/strong> 60 asteessa pest\u00e4v\u00e4 ja voidaan kuivata rumpukuivauksessa.<\/li>\n<\/ul>\n<p><span style=\"color: #666666; font-size: 14px;\">Muista irrottaa Pjama-anturi y\u00f6kasteluh\u00e4lyttimest\u00e4, kun sit\u00e4 ei k\u00e4ytet\u00e4 ja ennen pesua.<\/span><\/p>\n<h4>DryGuardians-sovellus ja bedwetting-klinikka<\/h4>\n<p>DryGuardians-sovelluksen avulla voit helposti seurata edistymist\u00e4 s\u00e4ngyn kastelun ja y\u00f6llisen y\u00f6kastelun hoidossa. DryGuardians tarjoaa yhdess\u00e4 Ruotsin terveydenhuoltoj\u00e4rjestelm\u00e4n kanssa kehitettyj\u00e4 ennusteita ja suosituksia, jotka on r\u00e4\u00e4t\u00e4l\u00f6ity sen mukaan, miten hoitosi etenee, ja varmistaa, ett\u00e4 se on optimoitu juuri sinun tarpeisiisi ja edistymiseesi. Kirjaa kaikki tapaturmat ja n\u00e4e ajan my\u00f6t\u00e4 tapahtuvat trendit, mik\u00e4 voi auttaa sinua tai lastasi pysym\u00e4\u00e4n motivoituneena. Ker\u00e4tyt tiedot ovat my\u00f6s arvokkaita jaettavaksi l\u00e4\u00e4k\u00e4reiden kanssa, jos tarvitaan lis\u00e4ohjeita.   <\/p>\n<ul>\n<li>K\u00e4yt\u00e4 sovellusta \u00e4\u00e4niyksikk\u00f6n\u00e4 y\u00f6kasteluh\u00e4lyttimelle ja valitse erilaisia h\u00e4lytys\u00e4\u00e4ni\u00e4.<\/li>\n<li>Kirjaa illan tulokset kalenteriin, jotta voit seurata edistymist\u00e4 ja saada henkil\u00f6kohtaisia vinkkej\u00e4.<\/li>\n<li>Saat henkil\u00f6kohtaisia neuvoja ja tukea enureesin hoidon aikana.<\/li>\n<li>Aseta p\u00e4iv\u00e4h\u00e4lytykset, jotka muistuttavat sinua tai lastasi k\u00e4ym\u00e4\u00e4n vessassa.<\/li>\n<\/ul>\n<p>DryGuardians-sovellus on ladattavissa ilmaiseksi <a href=\"https:\/\/play.google.com\/store\/apps\/details?id=com.pjama&amp;hl=fi&amp;gl=FI\" target=\"_blank\" rel=\"noopener\">Google Playsta tai<\/a> <a href=\"https:\/\/apps.apple.com\/fi\/app\/dryguardians\/id1498084664\" target=\"_blank\" rel=\"noopener\">App Storesta.<\/a> Lue lis\u00e4\u00e4 bedwetting-klinikastamme ja siit\u00e4, miten voimme auttaa sinua tai lastasi <a href=\"https:\/\/pjama.eu\/fi\/\">verkkosivuillamme.<\/a><\/p>\n<h4>Hoitoprosessi &#8211; motivaatio ja k\u00e4rsiv\u00e4llisyys ovat avainasemassa<\/h4>\n<p>Y\u00f6llisen enureesin hoito vaatii motivaatiota ja k\u00e4rsiv\u00e4llisyytt\u00e4, erityisesti ensimm\u00e4isten viikkojen aikana. Sek\u00e4 lasten ett\u00e4 vanhempien on t\u00e4rke\u00e4\u00e4 asettaa realistisia tavoitteita ja juhlia edistymist\u00e4. Muista, ett\u00e4 tavoitteena on kuiva s\u00e4nky ilman apua, ja tiet\u00e4 t\u00e4h\u00e4n voidaan helpottaa DryGuardians for Boysin kaltaisilla ty\u00f6kaluilla. <\/p>\n<p>Vanhempana voit pit\u00e4\u00e4 lapsesi motivoituneena antamalla positiivista palautetta ja kehuja. <em>DryGuardians App-sovelluksen avulla voit saada vinkkej\u00e4 ja neuvoja ,<\/em> jotka on r\u00e4\u00e4t\u00e4l\u00f6ity hoidon edistymisen mukaan. T\u00e4m\u00e4 on turvallinen ja tehokas tapa parantaa enureesista k\u00e4rsivien lasten ja aikuisten jokap\u00e4iv\u00e4ist\u00e4 el\u00e4m\u00e4\u00e4.  <\/p>\n<p>\u00a9 2024 Pjama.<\/p>\n","protected":false},"excerpt":{"rendered":"<h3>Pjama DryGuardians &#8211; Alusvaate- ja h\u00e4lytinsarja &#8211; Bokserit<\/h3>\n<p>Pjama DryGuardians &#8211; alusvaate- ja h\u00e4lytinsarja &#8211; Bokserit on t\u00e4ydellinen palvelu, joka mahdollistaa tehokkaan ja turvallisen hoidon enureesin (vuodekastelun) hoidossa.<\/p>\n<ul>\n<li>Sis\u00e4lt\u00e4\u00e4 2 x Pjama DryGuardians Alushousut &#8211; bokserit ja 1 x Pjama DryGuardians t\u00e4ydellinen y\u00f6kasteluh\u00e4lytin (anturi ja \u00e4\u00e4niyksikk\u00f6).<\/li>\n<li>Suuri kohdealue nopeaa ja turvallista reagointia varten.<\/li>\n<li>Yht\u00e4 pehme\u00e4t ja mukavat kuin tavalliset bokserit.<\/li>\n<li>Konepest\u00e4v\u00e4 60 \u00b0C:ssa ja kuivausrumpukuivaus.<\/li>\n<\/ul>\n<p>Lataa DryGuardians-sovellus, ilmainen hoitopalvelu vuodekastelijoille, Google <a href=\"https:\/\/play.google.com\/store\/apps\/details?id=com.pjama&amp;hl=fi&amp;gl=FI\">Playsta tai App Storesta<\/a> <a href=\"https:\/\/apps.apple.com\/fi\/app\/dryguardians\/id1498084664\" target=\"_blank\" rel=\"noopener\">.<\/a><\/p>\n","protected":false},"featured_media":31155,"template":"","meta":{"_et_pb_use_builder":"","_et_pb_old_content":"","_et_gb_content_width":""},"product_brand":[],"product_cat":[238,222,236,237],"product_tag":[],"class_list":{"0":"post-23247","1":"product","2":"type-product","3":"status-publish","4":"has-post-thumbnail","6":"product_cat-yokasteluhalytin","7":"product_cat-lapset","8":"product_cat-pjama-hoito","9":"product_cat-pjamadryguardians_2025","10":"product_shipping_class-eu","11":"pa_size-ika-10-12","12":"pa_size-ika-5-6","13":"pa_size-ika-6-8","14":"pa_size-ika-8-10","15":"pa_size-pieni","17":"first","18":"instock","19":"taxable","20":"shipping-taxable","21":"purchasable","22":"product-type-composite"},"composite_virtual":false,"composite_layout":"single","composite_add_to_cart_form_location":"default","composite_editable_in_cart":false,"composite_sold_individually_context":"product","composite_shop_price_calc":"min_max","composite_components":[{"id":"1743167486","title":"Pjama Bedwetting Alarm","description":"<p>Y\u00f6kasteluh\u00e4lytin kaiuttimella ja anturilla.  <\/p>\n","query_type":"product_ids","query_ids":[23216],"default_option_id":23216,"thumbnail_id":6376,"thumbnail_src":"https:\/\/pjama.eu\/wp-content\/uploads\/Pjama-alarm-600x400-1-300x300-1.jpeg","quantity_min":1,"quantity_max":1,"priced_individually":true,"shipped_individually":false,"optional":false,"discount":"","options_style":"dropdowns","pagination_style":"classic","display_prices":"absolute","show_sorting_options":false,"show_filtering_options":false,"attribute_filter_ids":[],"select_action":"view","product_title_visible":false,"product_descr_visible":false,"product_price_visible":true,"product_thumb_visible":true,"subtotal_visible_product":false,"subtotal_visible_cart":true,"subtotal_visible_orders":true},{"id":"1743167487","title":"Hoito bokserit alusvaatteet","description":"<p>Boxer Bedwetting Treatment alusvaatteet. Ei imukykyinen. <\/p>\n","query_type":"product_ids","query_ids":[23248],"default_option_id":23248,"thumbnail_id":3726,"thumbnail_src":"https:\/\/pjama.eu\/wp-content\/uploads\/Boxer-underwear.jpg","quantity_min":2,"quantity_max":9,"priced_individually":true,"shipped_individually":false,"optional":false,"discount":"","options_style":"dropdowns","pagination_style":"classic","display_prices":"absolute","show_sorting_options":false,"show_filtering_options":false,"attribute_filter_ids":[],"select_action":"view","product_title_visible":false,"product_descr_visible":false,"product_price_visible":true,"product_thumb_visible":true,"subtotal_visible_product":false,"subtotal_visible_cart":true,"subtotal_visible_orders":true}],"composite_scenarios":[],"_links":{"self":[{"href":"https:\/\/pjama.eu\/fi\/wp-json\/wp\/v2\/product\/23247","targetHints":{"allow":["GET"]}}],"collection":[{"href":"https:\/\/pjama.eu\/fi\/wp-json\/wp\/v2\/product"}],"about":[{"href":"https:\/\/pjama.eu\/fi\/wp-json\/wp\/v2\/types\/product"}],"wp:featuredmedia":[{"embeddable":true,"href":"https:\/\/pjama.eu\/fi\/wp-json\/wp\/v2\/media\/31155"}],"wp:attachment":[{"href":"https:\/\/pjama.eu\/fi\/wp-json\/wp\/v2\/media?parent=23247"}],"wp:term":[{"taxonomy":"product_brand","embeddable":true,"href":"https:\/\/pjama.eu\/fi\/wp-json\/wp\/v2\/product_brand?post=23247"},{"taxonomy":"product_cat","embeddable":true,"href":"https:\/\/pjama.eu\/fi\/wp-json\/wp\/v2\/product_cat?post=23247"},{"taxonomy":"product_tag","embeddable":true,"href":"https:\/\/pjama.eu\/fi\/wp-json\/wp\/v2\/product_tag?post=23247"}],"curies":[{"name":"wp","href":"https:\/\/api.w.org\/{rel}","templated":true}]}}