{"id":23248,"date":"2021-01-29T16:00:19","date_gmt":"2021-01-29T15:00:19","guid":{"rendered":"https:\/\/pjama.eu\/product\/pjama-dryguardians-alushousut-bokserit\/"},"modified":"2026-02-14T12:35:17","modified_gmt":"2026-02-14T11:35:17","slug":"pjama-dryguardians-alushousut-bokserit","status":"publish","type":"product","link":"https:\/\/pjama.eu\/fi\/tuote\/pjama-dryguardians-alushousut-bokserit\/","title":{"rendered":"Pjama DryGuardians Alushousut &#8211; bokserit"},"content":{"rendered":"<h3>Pjama DryGuardians Alushousut &#8211; bokserit<\/h3>\n<p>Pjama DryGuardians Alushousut &#8211; Boxers ovat t\u00e4ydellinen ratkaisu pojille, jotka k\u00e4rsiv\u00e4t<br \/>\nvuodekastelusta (nocturnal enuresis). Yhdess\u00e4 Pjama Bedwetting Alarm tai Sensor<br \/>\nja DryGuardians App -sovelluksen kanssa voit hoitaa tehokkaasti ja mukavasti vuodevedenpoistoa.<br \/>\nAlusvaatteissa on sis\u00e4\u00e4nommellut anturilangat, jotka havaitsevat nopeasti kosteuden ja aktivoivat h\u00e4lytyksen,<br \/>\nauttavat lasta her\u00e4\u00e4m\u00e4\u00e4n ja lopettamaan virtsaamisen. <\/p>\n<p>Lataa DryGuardians-sovellus osoitteesta<br \/>\n<a href=\"https:\/\/play.google.com\/store\/apps\/details?id=com.pjama&amp;hl=fi&amp;gl=FI\" target=\"_blank\" rel=\"noopener\">Google Play<\/a><br \/>\ntai<br \/>\n<a href=\"https:\/\/apps.apple.com\/fi\/app\/dryguardians\/id1498084664\" target=\"_blank\" rel=\"noopener\">App Store<\/a><br \/>\nseurata edistymist\u00e4 ja saada henkil\u00f6kohtaista ohjausta hoidon aikana.<\/p>\n<h4>Ominaisuudet<\/h4>\n<ul>\n<li>Suunniteltu erityisesti pojille; yhteensopiva Pjama Y\u00f6kasteluh\u00e4lytin tai Sensor kanssa.<\/li>\n<li>Varustettu kahdella pienell\u00e4 painikkeella vy\u00f6t\u00e4r\u00f6nauhassa anturin liitt\u00e4mist\u00e4 varten.<\/li>\n<li>Sis\u00e4\u00e4nommellut anturijohdot haarojen ymp\u00e4rill\u00e4 takaavat nopean ja tarkan tunnistuksen.<\/li>\n<li>Suurempi kohdealue tarkoittaa luotettavaa havaitsemista nukkumisasennosta riippumatta.<\/li>\n<li>Erityisen tehokas pojille, mutta my\u00f6s sel\u00e4ll\u00e4\u00e4n nukkuville tyt\u00f6ille.<\/li>\n<\/ul>\n<h4>K\u00e4ytt\u00f6<\/h4>\n<p>Pjama DryGuardians Alushousut &#8211; Boxers ovat yht\u00e4 mukavat kuin tavalliset alusvaatteet, joten lasten on helppo k\u00e4ytt\u00e4\u00e4 niit\u00e4<br \/>\n. N\u00e4m\u00e4 hoitobokserit on suunniteltu k\u00e4ytett\u00e4v\u00e4ksi Pjama Y\u00f6kasteluh\u00e4lytin kanssa, eiv\u00e4tk\u00e4 ne ime nestett\u00e4.<br \/>\nHoito keskittyy s\u00e4ngyn kastelun tavan katkaisemiseen. <\/p>\n<p><strong>Pakkaus sis\u00e4lt\u00e4\u00e4:<\/strong><\/p>\n<ul>\n<li>1 x Pjama DryGuardians Alushousut &#8211; bokserit (h\u00e4lytys myyd\u00e4\u00e4n erikseen)<\/li>\n<\/ul>\n<p>Kiinnit\u00e4 anturi vy\u00f6t\u00e4r\u00f6nauhaan ja aseta h\u00e4lytin s\u00e4ngyn viereen.<br \/>\nJos lapsi kastuu, sis\u00e4\u00e4nommellut anturijohdot havaitsevat sen nopeasti ja aktivoivat h\u00e4lytyksen.<br \/>\nLapsi voi pys\u00e4ytt\u00e4\u00e4 h\u00e4lytyksen, menn\u00e4 vessaan ja vaihtaa alusvaatteet.<br \/>\nJos haluat k\u00e4ytt\u00e4\u00e4 \u00e4lypuhelimella, lataa DryGuardians App.<\/p>\n<h4>Materiaali<\/h4>\n<p>Valmistettu korkealaatuisista, \u00d6ko-Tex-sertifioiduista kankaista, jotka ovat turvallisia ja hell\u00e4varaisia lasten iholle.<\/p>\n<h4>Tiedot<\/h4>\n<ul>\n<li><em>Liittyy Pjama Y\u00f6kasteluh\u00e4lyttimeen (vy\u00f6t\u00e4r\u00f6nauhan painikkeiden kautta).<\/em><\/li>\n<li><em>Sis\u00e4\u00e4nommellut anturijohdot tarkkaa tunnistusta varten<\/em><\/li>\n<li><em>Mukava ja pehme\u00e4<\/em><\/li>\n<li><em>Hienovarainen ja k\u00e4yt\u00e4nn\u00f6llinen<\/em><\/li>\n<li><em>Konepest\u00e4v\u00e4 60\u00b0C:ssa<\/em><\/li>\n<li><em>kuivausrumpukuivaimen kest\u00e4v\u00e4<\/em><\/li>\n<li><em>Koot:<\/em> Lapset ja aikuiset<\/li>\n<li><em>V\u00e4ri: Sininen<\/em> <\/li>\n<\/ul>\n<p style=\"color: #666666; font-size: 14px;\">Muista irrottaa Pjama-anturi h\u00e4lyttimest\u00e4 ennen pesua.<\/p>\n<h4>DryGuardians-sovellus ja bedwetting-klinikka<\/h4>\n<p>DryGuardians App tukee hoitoa kehittyneill\u00e4 ominaisuuksilla:<\/p>\n<ul>\n<li>K\u00e4yt\u00e4 sovellusta \u00e4\u00e4niyksikk\u00f6n\u00e4, jossa on mukautettavat h\u00e4lytyssignaalit.<\/li>\n<li>Kirjaa \u00f6iset tulokset kalenteriin, jotta voit seurata edistymist\u00e4 ja saada henkil\u00f6kohtaisia vinkkej\u00e4.<\/li>\n<li>Saat asiantuntevaa neuvontaa ja tukea hoidon aikana.<\/li>\n<li>Aseta p\u00e4iv\u00e4h\u00e4lytykset muistuttamaan vessak\u00e4ynneist\u00e4.<\/li>\n<\/ul>\n<p>Sovellus on ladattavissa ilmaiseksi osoitteesta<br \/>\n<a href=\"https:\/\/play.google.com\/store\/apps\/details?id=com.pjama&amp;hl=fi&amp;gl=FI\" target=\"_blank\" rel=\"noopener\">Google Play<\/a><br \/>\ntai<br \/>\n<a href=\"https:\/\/apps.apple.com\/fi\/app\/dryguardians\/id1498084664\" target=\"_blank\" rel=\"noopener\">App Store.<\/a><br \/>\nLue lis\u00e4\u00e4 Bedwetting Clinic -palvelustamme osoitteessa meid\u00e4n<br \/>\n<a href=\"https:\/\/pjama.eu\/fi\/\">verkkosivusto.<\/a><\/p>\n<h4>Hoitoprosessi &#8211; motivaatio ja k\u00e4rsiv\u00e4llisyys<\/h4>\n<p>Y\u00f6llisen enureesin hoitaminen vaatii motivaatiota ja k\u00e4rsiv\u00e4llisyytt\u00e4, etenkin alussa.<br \/>\nRealististen tavoitteiden asettaminen ja edistymisen juhlistaminen on avainasemassa.<br \/>\nPjama DryGuardians Boxer -alusvaatteiden ja h\u00e4lytyksen kaltaisten v\u00e4lineiden avulla tie kuiviin \u00f6ihin helpottuu.<br \/>\nVanhemmat voivat tukea lapsia rohkaisemalla ja vahvistamalla heit\u00e4 positiivisesti, ja DryGuardians-sovellus antaa r\u00e4\u00e4t\u00e4l\u00f6ityj\u00e4 vinkkej\u00e4.<br \/>\nYhdess\u00e4 t\u00e4m\u00e4 luo turvallisen ja tehokkaan polun kohti menestyst\u00e4.<\/p>\n<footer>\u00a9 2024 Pjama.<\/footer>\n","protected":false},"excerpt":{"rendered":"<h3>Pjama DryGuardians Alushousut &#8211; bokserit<\/h3>\n<p>Pjama DryGuardians Alushousut &#8211; Boxers tarjoaa tehokkaan ja turvallisen ratkaisun<br \/>\nenureesin (vuodekastelun) hoitoon.<\/p>\n<ul>\n<li>Yhteensopiva Pjama Y\u00f6kasteluh\u00e4lytin kanssa &#8211; hoitaa vuodepotilasta helposti, turvallisesti ja mukavasti.<\/li>\n<li>Suuri kohdealue kastumisen nopeaa ja luotettavaa havaitsemista varten.<\/li>\n<li>Yht\u00e4 pehme\u00e4t ja mukavat kuin tavalliset bokserit.<\/li>\n<li>Konepest\u00e4v\u00e4 60 \u00b0C:ssa ja kuivausrumpukuivaus.<\/li>\n<\/ul>\n<p>Osta h\u00e4lytin ja lataa DryGuardians App, ilmainen bedwetting-hoitopalvelu,<br \/>\nosoitteesta<br \/>\n<a href=\"https:\/\/play.google.com\/store\/apps\/details?id=com.pjama&amp;hl=fi&amp;gl=FI\">Google Play<\/a><br \/>\ntai<br \/>\n<a href=\"https:\/\/apps.apple.com\/fi\/app\/dryguardians\/id1498084664\">App Store.<\/a><\/p>\n","protected":false},"featured_media":30978,"template":"","meta":{"_et_pb_use_builder":"off","_et_pb_old_content":"<h3>Pjama Boxer Bedwetting Treatment Underwear \u2013 Effective Alarm Treatment for Bedwetting in Boys<\/h3>\r\nPjama Boxer Bedwetting Treatment Underwear is the perfect solution for boys suffering from bedwetting (nocturnal enuresis). In combination with a Pjama Bedwetting Alarm or a Pjama Sensor and our DryGuardians app, you can effectively and comfortably treat bedwetting. These bedwetting underwear feature sewn-in sensor wires that quickly detect moisture and activate a bedwetting alarm to help the child wake up and stop urination.\r\n\r\nDownload the DryGuardians app from <a href=\"https:\/\/play.google.com\/store\/apps\/details?id=com.pjama&gl=sv&hl=sv\">Google Play<\/a> or <a href=\"https:\/\/apps.apple.com\/sv\/app\/pjama\/id1498084664?mt=8&l=sv\">App Store<\/a> to track progress and receive personalized guidance throughout the treatment of nocturnal enuresis.\r\n<h4>Features<\/h4>\r\nPjama Boxer Bedwetting Treatment Underwear is specially designed for boys and works in conjunction with the Pjama Bedwetting Alarm or Pjama Sensor. The underwear is equipped with two small buttons on the waist to connect the sensor. Sewn-in sensor wires around the crotch area make it easy for the alarm system to detect moisture and quickly trigger a bedwetting alarm, helping to effectively and safely treat nocturnal enuresis.\r\n\r\nThe sewn-in sensor wires in the Pjama Boxer Bedwetting Treatment Underwear increase the target area and ensure more accurate detection. This means that regardless of where urine lands or the sleeping position of you or your child, the alarm will reliably detect bedwetting. For boys, this is particularly valuable since the area where urine first hits often varies. The same applies to girls, especially if they tend to sleep on their back.\r\n<h4>Usage<\/h4>\r\nWearing Pjama Boxer Bedwetting Treatment Underwear is as comfortable as wearing regular underwear, making them ideal for children suffering from bedwetting. These underwear for nocturnal enuresis are designed to be used in combination with the Pjama bedwetting alarm and do not absorb liquid. The treatment focuses on breaking the habit of urinating in bed.\r\n\r\nThe package includes:\r\n<ul>\r\n \t<li>1 x Pjama Boxer Bedwetting Treatment Underwear\r\n(Please note that the Pjama Bedwetting Alarm is sold separately.)<\/li>\r\n<\/ul>\r\nSimply attach the sensor to the front waist of the boxer treatment underwear and start the bedwetting alarm to begin the treatment! Place the bedwetting alarm next to the bed.\r\nIf you or the child urinates, the sensitive sewn-in sensor wires in the treatment underwear will quickly detect it and activate the alarm. You or the child can easily stop the alarm by pressing the \"ON\/OFF button\" on the top of the alarm and then proceed to the bathroom to complete the urination.\r\n\r\nTo use the bedwetting alarm with your smartphone, you need to download the DryGuardians App.\r\n<h4>Material<\/h4>\r\nPjama Boxer Bedwetting Treatment Underwear is made of high-quality, Oeko-Tex certified fabrics that are safe and gentle on children\u2019s skin.\r\n<h4>Information<\/h4>\r\n<ul>\r\n \t<li><em>Connects to Pjama Bedwetting Alarm (via buttons on the front of the boxer shorts)<\/em><\/li>\r\n \t<li><em>Sewn-in sensor wires for greater accuracy<\/em><\/li>\r\n \t<li><em>Comfortable and soft<\/em><\/li>\r\n \t<li><em>Discrete and practical<\/em><\/li>\r\n \t<li><em>Machine washable at 60\u00b0C<\/em><\/li>\r\n \t<li><em>Can be tumble dried<\/em><\/li>\r\n \t<li><em>Sizes: Children and Adults<\/em><\/li>\r\n \t<li><em>Color: Blue<\/em><\/li>\r\n<\/ul>\r\n<span style=\"color: #666666;font-size: 14px\">Remember to detach the Pjama Sensor from the bedwetting alarm when not in use and before washing.<\/span>\r\n<h4>DryGuardians App and Bedwetting Clinic<\/h4>\r\nThe DryGuardians app offers advanced features for treating bedwetting and nocturnal enuresis:\r\n<ul>\r\n \t<li>Use the app as a sound device for your bedwetting alarm and choose different alarm signals.<\/li>\r\n \t<li>Log the night\u2019s results in the calendar to track progress and receive personalized tips.<\/li>\r\n \t<li>Get personalized advice and support during enuresis treatment.<\/li>\r\n \t<li>Set daily alarms to remind you or the child to use the bathroom during the day.<\/li>\r\n<\/ul>\r\nThe DryGuardians app is free to download from <a href=\"https:\/\/play.google.com\/store\/apps\/details?id=com.pjama&gl=sv&hl=sv\">Google Play<\/a> or <a href=\"https:\/\/apps.apple.com\/sv\/app\/pjama\/id1498084664?mt=8&l=sv\">App Store<\/a>. Learn more about our Bedwetting Clinic and how we can help you or your child on our <a href=\"https:\/\/pjama.eu\/\">website<\/a>.\r\n<h4>The Treatment Process \u2013 Motivation and Patience are Key<\/h4>\r\nTreating nocturnal enuresis requires motivation and patience, especially during the first few weeks. For both children and parents, it is important to set realistic goals and celebrate progress. Remember, the goal is a dry bed without aids, and the journey there can be made easier with tools like Pjama Boxer Bedwetting Treatment Underwear and the bedwetting alarm.\r\n\r\nAs a parent, you can keep your child motivated by giving positive feedback and compliments. With the help of <em>DryGuardians App<\/em>, you can get tips and advice tailored to your treatment progress. This is a safe and effective path to a better everyday life for children and adults suffering from enuresis.\r\n\r\n\u00a9 2024 Pjama.","_et_gb_content_width":""},"product_brand":[],"product_cat":[222,249,237,239,238],"product_tag":[],"class_list":{"0":"post-23248","1":"product","2":"type-product","3":"status-publish","4":"has-post-thumbnail","6":"product_cat-lapset","7":"product_cat-aikuiset","8":"product_cat-pjamadryguardians_2025","9":"product_cat-tarvikkeet","10":"product_cat-yokasteluhalytin","11":"product_shipping_class-eu","12":"pa_size-ika-10-12","13":"pa_size-ika-5-6","14":"pa_size-ika-6-8","15":"pa_size-ika-8-10","16":"pa_size-medium","17":"pa_size-pieni","18":"pa_size-suuri","19":"pa_size-xlarge","20":"pa_size-xxlarge","22":"first","23":"instock","24":"taxable","25":"shipping-taxable","26":"purchasable","27":"product-type-variable"},"composite_virtual":false,"composite_layout":"","composite_add_to_cart_form_location":"","composite_editable_in_cart":false,"composite_sold_individually_context":"","composite_shop_price_calc":"","composite_components":[],"composite_scenarios":[],"_links":{"self":[{"href":"https:\/\/pjama.eu\/fi\/wp-json\/wp\/v2\/product\/23248","targetHints":{"allow":["GET"]}}],"collection":[{"href":"https:\/\/pjama.eu\/fi\/wp-json\/wp\/v2\/product"}],"about":[{"href":"https:\/\/pjama.eu\/fi\/wp-json\/wp\/v2\/types\/product"}],"wp:featuredmedia":[{"embeddable":true,"href":"https:\/\/pjama.eu\/fi\/wp-json\/wp\/v2\/media\/30978"}],"wp:attachment":[{"href":"https:\/\/pjama.eu\/fi\/wp-json\/wp\/v2\/media?parent=23248"}],"wp:term":[{"taxonomy":"product_brand","embeddable":true,"href":"https:\/\/pjama.eu\/fi\/wp-json\/wp\/v2\/product_brand?post=23248"},{"taxonomy":"product_cat","embeddable":true,"href":"https:\/\/pjama.eu\/fi\/wp-json\/wp\/v2\/product_cat?post=23248"},{"taxonomy":"product_tag","embeddable":true,"href":"https:\/\/pjama.eu\/fi\/wp-json\/wp\/v2\/product_tag?post=23248"}],"curies":[{"name":"wp","href":"https:\/\/api.w.org\/{rel}","templated":true}]}}