{"id":23251,"date":"2022-12-15T14:39:25","date_gmt":"2022-12-15T13:39:25","guid":{"rendered":"https:\/\/pjama.eu\/product\/pjama-variseva-halytyskello-sininen\/"},"modified":"2025-12-13T12:20:37","modified_gmt":"2025-12-13T11:20:37","slug":"pjama-variseva-halytyskello-sininen","status":"publish","type":"product","link":"https:\/\/pjama.eu\/fi\/tuote\/pjama-variseva-halytyskello-sininen\/","title":{"rendered":"Pjama V\u00e4risev\u00e4 h\u00e4lytyskello &#8211; sininen"},"content":{"rendered":"<h4>Pjama V\u00e4risev\u00e4 h\u00e4lytyskello &#8211; sininen<\/h4>\n<p>Tyylik\u00e4s ja moderni Pjama V\u00e4risev\u00e4 h\u00e4lytyskello, jota k\u00e4ytet\u00e4\u00e4n p\u00e4iv\u00e4ll\u00e4 virtsan vuotamisen yhteydess\u00e4 muistutuksena WC:n k\u00e4yt\u00f6st\u00e4.<br \/>\nH\u00e4lytys voidaan asettaa enint\u00e4\u00e4n 8 kertaa p\u00e4iv\u00e4ss\u00e4. Nauha on valmistettu pehme\u00e4st\u00e4 ja joustavasta silikonista, joka on s\u00e4\u00e4dett\u00e4viss\u00e4 oikean kokoiseksi.<br \/>\nPjama V\u00e4risev\u00e4 h\u00e4lytyskello &#8211; sininen on digitaalinen LED-n\u00e4ytt\u00f6. T\u00e4m\u00e4 v\u00e4risev\u00e4 muistutuskello sopii my\u00f6s lasten muistutusv\u00e4lineeksi. <\/p>\n<p>Kello n\u00e4ytt\u00e4\u00e4 aikaa aivan kuten tavallinen kello. Pjama V\u00e4risev\u00e4 h\u00e4lytyskelloa &#8211; sininen k\u00e4ytet\u00e4\u00e4n muistuttamaan lapsia tai aikuisia virtsarakon tyhjent\u00e4misest\u00e4<br \/>\np\u00e4iv\u00e4n aikana tai muihin tarpeellisiin muistutuksiin. Se toimii v\u00e4risev\u00e4n\u00e4 rannekellona k\u00e4yt\u00e4nn\u00f6lliseen ja huomaamattomaan k\u00e4ytt\u00f6\u00f6n arjessa. <\/p>\n<h4>P\u00e4ivitt\u00e4inen k\u00e4ytt\u00f6<\/h4>\n<p>Sinist\u00e4 pjama v\u00e4risev\u00e4\u00e4 h\u00e4lytyskelloa voivat k\u00e4ytt\u00e4\u00e4 lapset ja aikuiset, jotka k\u00e4rsiv\u00e4t p\u00e4iv\u00e4kastumisesta ja tarvitsevat muistutuksia k\u00e4ym\u00e4l\u00e4ss\u00e4 k\u00e4ymisest\u00e4.<\/p>\n<ul>\n<li>Paina kerran Time\/Alarm-painiketta n\u00e4ytt\u00e4\u00e4ksesi kellonajan.<\/li>\n<li>Tarkista akun varaustaso (0-100 prosenttia) painamalla Time\/Alarm-painiketta kahdesti.<\/li>\n<li>T\u00e4rin\u00e4 voidaan pys\u00e4ytt\u00e4\u00e4 v\u00e4litt\u00f6m\u00e4sti painamalla painiketta, tai se pys\u00e4htyy automaattisesti 60 sekunnin kuluttua.<\/li>\n<\/ul>\n<p>T\u00e4m\u00e4 lapsille tarkoitettu v\u00e4rin\u00e4kello antaa huomaamatonta palautetta v\u00e4rin\u00f6ill\u00e4, jotka muistuttavat heit\u00e4 k\u00e4ym\u00e4\u00e4n wc:ss\u00e4.<\/p>\n<h4>Kellon lataaminen<\/h4>\n<p>Poista kello kumikotelosta ja liit\u00e4 USB-portti virtal\u00e4hteeseen (5 V) tai kannettavaan tietokoneeseen.<br \/>\nKun USB-kaapeli on kytketty, sininen valo osoittaa latausta. Kun kello on ladattu t\u00e4yteen, sininen merkkivalo palaa.<x id=\"gid_0\"><\/x>T\u00e4yteen ladatun kellon akku kest\u00e4\u00e4 6-15 p\u00e4iv\u00e4\u00e4. T\u00e4m\u00e4 v\u00e4risev\u00e4 muistutuskello on suunniteltu kest\u00e4v\u00e4ksi ja helppok\u00e4ytt\u00f6iseksi sek\u00e4 lapsille ett\u00e4 aikuisille.  <\/p>\n<h4>Yksityiskohdat<\/h4>\n<p>Virtal\u00e4hde: DC 5V, lataustulo: Micro USB, K\u00e4ytt\u00f6l\u00e4mp\u00f6tila: 0 &#8211; 45\u00b0C.<\/p>\n<h4>Vinkkej\u00e4 lapsille, joilla on p\u00e4iv\u00e4ll\u00e4 virtsankarkailu<\/h4>\n<p>Lasten kastuminen p\u00e4iv\u00e4ll\u00e4 on yleinen ongelma. Noin 3-4 % 3-12-vuotiaista lapsista kokee s\u00e4\u00e4nn\u00f6llisesti p\u00e4iv\u00e4vuotoa, mutta se voi h\u00e4vit\u00e4 oikealla tuella. <\/p>\n<ul>\n<li>Kannusta lasta k\u00e4ym\u00e4\u00e4n s\u00e4\u00e4nn\u00f6llisesti vessassa, vaikka h\u00e4n ei tuntisikaan tarvetta.<\/li>\n<li>Suunnittele s\u00e4\u00e4nn\u00f6lliset WC-ajat ja varmista, ett\u00e4 lapsi tyhjent\u00e4\u00e4 rakkonsa kokonaan.<\/li>\n<li>Virtsap\u00e4iv\u00e4kirja voi auttaa seuraamaan malleja ja parantamaan virtsarakon hallintaa.<\/li>\n<li>\u00c4l\u00e4 koskaan rankaise lasta tapaturmista, vaan rohkaise h\u00e4nt\u00e4 ja vahvista h\u00e4nen itseluottamustaan.<\/li>\n<li>Varmista, ett\u00e4 lapsi juo riitt\u00e4v\u00e4sti, jotta h\u00e4nen nestetasapainonsa pysyy hyv\u00e4n\u00e4 ja vessak\u00e4ynnit helpottuvat.<\/li>\n<li>V\u00e4r\u00e4htelev\u00e4 rannekello voi olla hy\u00f6dyllinen v\u00e4line, joka muistuttaa lasta wc:n k\u00e4ytt\u00e4misest\u00e4, varsinkin kun et ole paikalla muistuttamassa h\u00e4nt\u00e4 henkil\u00f6kohtaisesti.<\/li>\n<\/ul>\n<h4>Jos lapsesi kastelee s\u00e4ngyn y\u00f6ll\u00e4<\/h4>\n<p>L\u00e4\u00e4ketieteellinen termi vuodepesulle on y\u00f6llinen enureesi. Asiantuntijat arvioivat, ett\u00e4 maailmanlaajuisesti jopa 160 miljoonaa ihmist\u00e4 k\u00e4rsii vuodepesusta.<br \/>\nVuodepesu voi vaikuttaa kielteisesti perheisiin, mutta on olemassa vinkkej\u00e4 ongelman hallintaan: <\/p>\n<ul>\n<li>Kastelu ei ole lapsesi vika. \u00c4l\u00e4 rankaise tai kiusaa lasta. <\/li>\n<li>Anna lapsen juoda, mit\u00e4 h\u00e4n haluaa. Ruotsalaiset tutkimukset osoittavat, ettei sill\u00e4 ole juurikaan vaikutusta y\u00f6kasteluh\u00e4lytyshoitoihin. <\/li>\n<li>K\u00e4yt\u00e4 <a href=\"https:\/\/pjama.eu\/fi\/pjama-bedwetting-shop\/\">Pjamaa, kun<\/a> lapsesi nukkuu, sek\u00e4 kotona ett\u00e4 muualla.<\/li>\n<li>K\u00e4yt\u00e4 p\u00e4iv\u00e4kastelua varten Pjama V\u00e4risev\u00e4 h\u00e4lytyskelloa Pjama V\u00e4risev\u00e4 h\u00e4lytyskello &#8211; Blue.<\/li>\n<li>Lataa <a href=\"https:\/\/pjama.eu\/fi\/dryguardians-app-auttaa-sinua-hoitamaan-kastelua-ilmaiseksi\/\">DryGuardians-sovellus, jotta voit<\/a> k\u00e4ytt\u00e4\u00e4 kalenteria ja tallentaa edistymisen. T\u00e4st\u00e4 on hy\u00f6ty\u00e4 my\u00f6s silloin, kun otat yhteytt\u00e4 l\u00e4\u00e4k\u00e4riin. <\/li>\n<li>Puhu siit\u00e4! Monet aikuiset ja lapset k\u00e4rsiv\u00e4t vuodepesusta, mutta kukaan ei puhu siit\u00e4. <\/li>\n<\/ul>\n<h4>Haluatko oppia lis\u00e4\u00e4?<\/h4>\n<p>Voit lukea lis\u00e4\u00e4 s\u00e4ngyn kastumisesta sivultamme.<br \/>\n<a href=\"https:\/\/pjama.eu\/fi\/mika-on-enuresis\/\">Mik\u00e4 on enureesi?.<\/a><\/p>\n","protected":false},"excerpt":{"rendered":"<h4><span data-sheets-root=\"1\">Huomaamaton sininen Pjama V\u00e4risev\u00e4 h\u00e4lytyskello &#8211; p\u00e4iv\u00e4kohtaiset muistutukset WC-k\u00e4ynneist\u00e4 tai l\u00e4\u00e4kityksest\u00e4<\/span><\/h4>\n<p>Tyylik\u00e4s ja moderni Pjama V\u00e4risev\u00e4 h\u00e4lytyskello, jota k\u00e4ytet\u00e4\u00e4n p\u00e4iv\u00e4ll\u00e4 virtsan vuotamiseen muistutuksena vessassa k\u00e4ymisest\u00e4 tai muihin muistutuksiin.<\/p>\n<ul>\n<li>Digitaalinen LED-n\u00e4ytt\u00f6.<\/li>\n<li>Kello n\u00e4ytt\u00e4\u00e4 aikaa aivan kuten tavallinen kello.<\/li>\n<li>H\u00e4lytys voidaan asettaa enint\u00e4\u00e4n 8 kertaa p\u00e4iv\u00e4ss\u00e4.<\/li>\n<li>Nauha on valmistettu pehme\u00e4st\u00e4 ja joustavasta silikonista, joka on s\u00e4\u00e4dett\u00e4viss\u00e4 oikean kokoiseksi.<\/li>\n<li>Lataus Micro USB:n kautta.<\/li>\n<li>T\u00e4yteen ladatun kellon akku kest\u00e4\u00e4 6-15 p\u00e4iv\u00e4\u00e4.<\/li>\n<\/ul>\n<p>Kun Pjama V\u00e4risev\u00e4 h\u00e4lytyskello &#8211; sininen ei en\u00e4\u00e4 tarvita muistutukseksi vessassa k\u00e4ymisest\u00e4, se toimii t\u00e4ydellisesti tavallisena rannekellona.<\/p>\n","protected":false},"featured_media":23252,"template":"","meta":{"_et_pb_use_builder":"","_et_pb_old_content":"","_et_gb_content_width":""},"product_brand":[],"product_cat":[264,222,265],"product_tag":[],"class_list":{"0":"post-23251","1":"product","2":"type-product","3":"status-publish","4":"has-post-thumbnail","6":"product_cat-kello-jossa-on-varinahalytys","7":"product_cat-lapset","8":"product_cat-tarvikkeet_2025","9":"product_shipping_class-eu","11":"first","12":"instock","13":"taxable","14":"shipping-taxable","15":"purchasable","16":"product-type-simple"},"composite_virtual":false,"composite_layout":"","composite_add_to_cart_form_location":"","composite_editable_in_cart":false,"composite_sold_individually_context":"","composite_shop_price_calc":"","composite_components":[],"composite_scenarios":[],"_links":{"self":[{"href":"https:\/\/pjama.eu\/fi\/wp-json\/wp\/v2\/product\/23251","targetHints":{"allow":["GET"]}}],"collection":[{"href":"https:\/\/pjama.eu\/fi\/wp-json\/wp\/v2\/product"}],"about":[{"href":"https:\/\/pjama.eu\/fi\/wp-json\/wp\/v2\/types\/product"}],"wp:featuredmedia":[{"embeddable":true,"href":"https:\/\/pjama.eu\/fi\/wp-json\/wp\/v2\/media\/23252"}],"wp:attachment":[{"href":"https:\/\/pjama.eu\/fi\/wp-json\/wp\/v2\/media?parent=23251"}],"wp:term":[{"taxonomy":"product_brand","embeddable":true,"href":"https:\/\/pjama.eu\/fi\/wp-json\/wp\/v2\/product_brand?post=23251"},{"taxonomy":"product_cat","embeddable":true,"href":"https:\/\/pjama.eu\/fi\/wp-json\/wp\/v2\/product_cat?post=23251"},{"taxonomy":"product_tag","embeddable":true,"href":"https:\/\/pjama.eu\/fi\/wp-json\/wp\/v2\/product_tag?post=23251"}],"curies":[{"name":"wp","href":"https:\/\/api.w.org\/{rel}","templated":true}]}}