{"id":23420,"date":"2023-09-26T14:56:47","date_gmt":"2023-09-26T12:56:47","guid":{"rendered":"https:\/\/pjama.eu\/product\/pjama-dryguardians-miehille-bokserit\/"},"modified":"2025-12-15T10:10:41","modified_gmt":"2025-12-15T09:10:41","slug":"pjama-dryguardians-miehille-bokserit","status":"publish","type":"product","link":"https:\/\/pjama.eu\/fi\/tuote\/pjama-dryguardians-miehille-bokserit\/","title":{"rendered":"Pjama DryGuardians &#8211; Miehille &#8211; Bokserit"},"content":{"rendered":"<h3>Pjama DryGuardians &#8211; For Men &#8211; Boxers<\/h3>\n<p>Pjama DryGuardians &#8211; For Men &#8211; Boxers on t\u00e4ydellinen ratkaisu miehille, jotka k\u00e4rsiv\u00e4t vuodekastelusta (y\u00f6llinen enureesi).<br \/>\nYhdess\u00e4 DryGuardians App -sovelluksen kanssa saat tehokasta ja miellytt\u00e4v\u00e4\u00e4 hoitoa.<br \/>\nBoksereissa on sis\u00e4\u00e4nrakennetut anturilangat, jotka havaitsevat nopeasti kosteuden ja aktivoivat h\u00e4lytyksen, mik\u00e4 auttaa k\u00e4ytt\u00e4j\u00e4\u00e4 her\u00e4\u00e4m\u00e4\u00e4n ja keskeytt\u00e4\u00e4 virtsaamisen.<br \/>\nDryGuardians-palvelu analysoi my\u00f6s kasteluasetelmia ja antaa henkil\u00f6kohtaisia vinkkej\u00e4, neuvoja ja ennusteita matkan varrella.<\/p>\n<p>Lataa DryGuardians-sovellus osoitteesta<br \/>\n<a href=\"https:\/\/play.google.com\/store\/apps\/details?id=com.pjama&amp;hl=fi&amp;gl=FI\" target=\"_blank\" rel=\"noopener\">Google Play<\/a> tai<br \/>\n<a href=\"https:\/\/apps.apple.com\/fi\/app\/dryguardians\/id1498084664\" target=\"_blank\" rel=\"noopener\">App Store<\/a><br \/>\nseurata edistymist\u00e4 ja saada r\u00e4\u00e4t\u00e4l\u00f6ity\u00e4 ohjausta.<\/p>\n<h4>Ominaisuudet<\/h4>\n<p>H\u00e4lytin on suunniteltu sek\u00e4 lapsille ett\u00e4 aikuisille, ja sit\u00e4 pidet\u00e4\u00e4n enureesin ensisijaisena hoitona.<br \/>\nAnturi liitet\u00e4\u00e4n boksereihin kahdella pienell\u00e4 napilla vy\u00f6t\u00e4r\u00f6nauhassa.<br \/>\nSis\u00e4\u00e4nrakennetut anturilangat haarojen ymp\u00e4rill\u00e4 takaavat luotettavan tunnistuksen nukkuma-asennosta riippumatta.<br \/>\nT\u00e4m\u00e4 tekee siit\u00e4 erityisen tehokkaan miehille, joilla virtsan virtaus ja kosketuskohdat voivat vaihdella.<\/p>\n<h4>K\u00e4ytt\u00f6<\/h4>\n<p>Bokserit ovat yht\u00e4 mukavat kuin tavalliset alusvaatteet, joten ne sopivat erinomaisesti huomaamattomaan hoitoon.<br \/>\n<strong>Huomautus: T\u00e4m\u00e4 tuote ei ime nestett\u00e4.<\/strong><br \/>\nLis\u00e4suojan saamiseksi vuoteelle hoitosarja voidaan yhdist\u00e4\u00e4 seuraaviin tuotteisiin<br \/>\n<a href=\"https:\/\/pjama.eu\/fi\/tuote\/pjama-protect-yokastelushortsit-aikuisille\/\">Pjama imukykyiset vuodevaatteet.<\/a><\/p>\n<ul>\n<li>2 \u00d7 Pjama DryGuardians &#8211; Miehille &#8211; Bokserit<\/li>\n<li>1 \u00d7 Pjama DryGuardians Y\u00f6kasteluh\u00e4lytinpaketti (anturi ja \u00e4\u00e4niyksikk\u00f6)<\/li>\n<\/ul>\n<p>Kiinnit\u00e4 anturi vy\u00f6t\u00e4r\u00f6nauhaan ja k\u00e4ynnist\u00e4 h\u00e4lytys.<br \/>\nJos vahinko tapahtuu, langat havaitsevat kosteuden ja aktivoivat h\u00e4lytyksen.<br \/>\nH\u00e4lytys voidaan pys\u00e4ytt\u00e4\u00e4 ON\/OFF-painikkeella.<br \/>\nDryGuardians App yhdistyy automaattisesti, kun se avataan \u00e4lypuhelimessa.<\/p>\n<h4>Ominaisuudet ja hy\u00f6dyt<\/h4>\n<ul>\n<li><strong>Tehokas hoito:<\/strong> Tukee aikuisia ja lapsia, joilla on y\u00f6llinen enureesi.<\/li>\n<li><strong>Hienovarainen:<\/strong> DryGuardians-sovellus: Yhdistet\u00e4\u00e4n DryGuardians-sovellukseen hiljaista hoitoa varten miss\u00e4 tahansa.<\/li>\n<li><strong>USB-lataus:<\/strong> Lataus: Lataa helposti USB:ll\u00e4.<\/li>\n<li><strong>Langaton:<\/strong> H\u00e4lytysyksikk\u00f6 toimii enint\u00e4\u00e4n 10 metrin p\u00e4\u00e4ss\u00e4 anturista.<\/li>\n<li><strong>Puhelinilmoitukset:<\/strong> Vastaanota h\u00e4lytyksi\u00e4 suoraan \u00e4lypuhelimeesi.<\/li>\n<li><strong>Luotettava havaitseminen:<\/strong> Suuri anturialue takaa turvallisen havaitsemisen.<\/li>\n<li><strong>Mukava ja pehme\u00e4: \u00d6ko-Tex<\/strong> -sertifioidut kankaat, hell\u00e4varaiset iholle.<\/li>\n<li><strong>Kest\u00e4v\u00e4:<\/strong> 60\u00b0C:ssa pest\u00e4v\u00e4 ja rumpukuivaukseen sopiva.<\/li>\n<\/ul>\n<p style=\"color: #666; font-size: 14px;\">Muista irrottaa Pjama-anturi ennen pesua.<\/p>\n<h4>DryGuardians-sovellus ja bedwetting-klinikka<\/h4>\n<p>DryGuardians-sovelluksen avulla k\u00e4ytt\u00e4j\u00e4t voivat seurata edistymist\u00e4 ja saada r\u00e4\u00e4t\u00e4l\u00f6ityj\u00e4 suosituksia, jotka on kehitetty ruotsalaisen terveydenhuollon asiantuntemuksen avulla.<br \/>\nSe auttaa yll\u00e4pit\u00e4m\u00e4\u00e4n motivaatiota kirjaamalla tulokset, tunnistamalla trendit ja jakamalla tiedot tarvittaessa terveydenhuollon tarjoajien kanssa.<\/p>\n<ul>\n<li>Valitse h\u00e4lytys\u00e4\u00e4net suoraan sovelluksessa.<\/li>\n<li>Kirjaa y\u00f6lliset tulokset, jotta voit seurata parannuksia.<\/li>\n<li>Saat r\u00e4\u00e4t\u00e4l\u00f6ity\u00e4 tukea hoidon aikana.<\/li>\n<li>Aseta muistutuksia vessak\u00e4ynneist\u00e4 p\u00e4iv\u00e4n aikana.<\/li>\n<\/ul>\n<p>Sovellus on ladattavissa ilmaiseksi osoitteesta<br \/>\n<a href=\"https:\/\/play.google.com\/store\/apps\/details?id=com.pjama&amp;hl=fi&amp;gl=FI\" target=\"_blank\" rel=\"noopener\">Google Play<\/a> tai<br \/>\n<a href=\"https:\/\/apps.apple.com\/fi\/app\/dryguardians\/id1498084664\" target=\"_blank\" rel=\"noopener\">App Store.<\/a><br \/>\nLue lis\u00e4\u00e4 Bedwetting <a href=\"https:\/\/pjama.eu\/fi\/\">Clinicist\u00e4 verkkosivuiltamme<\/a>.<\/p>\n<h4>Hoitoprosessi &#8211; motivaatio ja k\u00e4rsiv\u00e4llisyys ovat avainasemassa<\/h4>\n<p>Y\u00f6llisen enureesin hoito vaatii motivaatiota ja k\u00e4rsiv\u00e4llisyytt\u00e4, erityisesti ensimm\u00e4isten viikkojen aikana.<br \/>\nLopullinen tavoite on kuiva s\u00e4nky ilman apuv\u00e4lineit\u00e4, mutta pienempien virstanpylv\u00e4iden asettaminen matkan varrella auttaa.<br \/>\nDryGuardians App -sovelluksen avulla voit pysy\u00e4 motivoituneena, seurata edistymist\u00e4si ja saada neuvoja, jotka on r\u00e4\u00e4t\u00e4l\u00f6ity juuri sinun matkaasi varten.<br \/>\nT\u00e4m\u00e4n ansiosta Pjama DryGuardians &#8211; For Men (Boxers) on turvallinen ja tehokas ratkaisu parempaan arkeen.<\/p>\n","protected":false},"excerpt":{"rendered":"<h3><span data-sheets-root=\"1\">Nippu: T\u00e4ydellinen, miehille r\u00e4\u00e4t\u00e4l\u00f6ity hoitopaketti &#8211; osa DryGuardians-menetelm\u00e4\u00e4.<\/span><\/h3>\n<p>Pjama DryGuardians Alushousut &#8211; For Men &#8211; Boxers on t\u00e4ydellinen palvelu, joka mahdollistaa aikuisten enureesin (vuodekastelun) tehokkaan ja turvallisen hoidon.<\/p>\n<ul>\n<li>Sis\u00e4lt\u00e4\u00e4 2 \u00d7 Pjama DryGuardians &#8211; For Men &#8211; Boxers ja 1 \u00d7 Pjama DryGuardians Y\u00f6kasteluh\u00e4lytinpaketti (anturi ja \u00e4\u00e4niyksikk\u00f6).<\/li>\n<li>Suuri havaitsemisalue, joka mahdollistaa turvallisen ja nopean reagoinnin s\u00e4ngyn kastumiseen.<\/li>\n<li>Yht\u00e4 pehme\u00e4t ja mukavat kuin tavalliset alusvaatteet.<\/li>\n<li>Konepest\u00e4v\u00e4 60 \u00b0C:ssa ja kuivausrumpukuivaus.<\/li>\n<\/ul>\n<p>Lataa DryGuardians-sovellus, ilmainen kastelunhoitopalvelu, osoitteesta<br \/>\n<a href=\"https:\/\/play.google.com\/store\/apps\/details?id=com.pjama&amp;hl=fi&amp;gl=FI\" target=\"_blank\" rel=\"noopener\">Google Play<\/a> tai<br \/>\n<a href=\"https:\/\/apps.apple.com\/fi\/app\/dryguardians\/id1498084664\">App Store.<\/a><\/p>\n","protected":false},"featured_media":31038,"template":"","meta":{"_et_pb_use_builder":"","_et_pb_old_content":"","_et_gb_content_width":""},"product_brand":[],"product_cat":[249],"product_tag":[],"class_list":{"0":"post-23420","1":"product","2":"type-product","3":"status-publish","4":"has-post-thumbnail","6":"product_cat-aikuiset","7":"product_shipping_class-eu","8":"pa_size-ika-10-12","9":"pa_size-ika-5-6","10":"pa_size-ika-6-8","11":"pa_size-ika-8-10","12":"pa_size-pieni","14":"first","15":"instock","16":"taxable","17":"shipping-taxable","18":"purchasable","19":"product-type-composite"},"composite_virtual":false,"composite_layout":"single","composite_add_to_cart_form_location":"default","composite_editable_in_cart":false,"composite_sold_individually_context":"product","composite_shop_price_calc":"min_max","composite_components":[{"id":"1743167139","title":"Pjama Bedwetting Alarm","description":"<p>Y\u00f6kasteluh\u00e4lytin kaiuttimella ja anturilla.  <\/p>\n","query_type":"product_ids","query_ids":[23216],"default_option_id":23216,"thumbnail_id":6376,"thumbnail_src":"https:\/\/pjama.eu\/wp-content\/uploads\/Pjama-alarm-600x400-1-300x300-1.jpeg","quantity_min":1,"quantity_max":1,"priced_individually":true,"shipped_individually":false,"optional":false,"discount":"","options_style":"dropdowns","pagination_style":"classic","display_prices":"absolute","show_sorting_options":false,"show_filtering_options":false,"attribute_filter_ids":[],"select_action":"view","product_title_visible":false,"product_descr_visible":false,"product_price_visible":true,"product_thumb_visible":true,"subtotal_visible_product":false,"subtotal_visible_cart":true,"subtotal_visible_orders":true},{"id":"1743167140","title":"Hoito bokserit alusvaatteet","description":"<p>Boxer Bedwetting Treatment alusvaatteet. Ei imukykyinen. <\/p>\n","query_type":"product_ids","query_ids":[23248],"default_option_id":23248,"thumbnail_id":3726,"thumbnail_src":"https:\/\/pjama.eu\/wp-content\/uploads\/Boxer-underwear.jpg","quantity_min":2,"quantity_max":9,"priced_individually":true,"shipped_individually":false,"optional":false,"discount":"","options_style":"dropdowns","pagination_style":"classic","display_prices":"absolute","show_sorting_options":false,"show_filtering_options":false,"attribute_filter_ids":[],"select_action":"view","product_title_visible":false,"product_descr_visible":false,"product_price_visible":true,"product_thumb_visible":true,"subtotal_visible_product":false,"subtotal_visible_cart":true,"subtotal_visible_orders":true}],"composite_scenarios":[],"_links":{"self":[{"href":"https:\/\/pjama.eu\/fi\/wp-json\/wp\/v2\/product\/23420","targetHints":{"allow":["GET"]}}],"collection":[{"href":"https:\/\/pjama.eu\/fi\/wp-json\/wp\/v2\/product"}],"about":[{"href":"https:\/\/pjama.eu\/fi\/wp-json\/wp\/v2\/types\/product"}],"wp:featuredmedia":[{"embeddable":true,"href":"https:\/\/pjama.eu\/fi\/wp-json\/wp\/v2\/media\/31038"}],"wp:attachment":[{"href":"https:\/\/pjama.eu\/fi\/wp-json\/wp\/v2\/media?parent=23420"}],"wp:term":[{"taxonomy":"product_brand","embeddable":true,"href":"https:\/\/pjama.eu\/fi\/wp-json\/wp\/v2\/product_brand?post=23420"},{"taxonomy":"product_cat","embeddable":true,"href":"https:\/\/pjama.eu\/fi\/wp-json\/wp\/v2\/product_cat?post=23420"},{"taxonomy":"product_tag","embeddable":true,"href":"https:\/\/pjama.eu\/fi\/wp-json\/wp\/v2\/product_tag?post=23420"}],"curies":[{"name":"wp","href":"https:\/\/api.w.org\/{rel}","templated":true}]}}