{"id":23424,"date":"2020-03-21T12:06:50","date_gmt":"2020-03-21T11:06:50","guid":{"rendered":"https:\/\/pjama.eu\/product\/pjama-protect-bedwetting-yokasteluhousut-lapsille\/"},"modified":"2025-12-14T12:00:10","modified_gmt":"2025-12-14T11:00:10","slug":"pjama-protect-bedwetting-yokasteluhousut-lapsille","status":"publish","type":"product","link":"https:\/\/pjama.eu\/fi\/tuote\/pjama-protect-bedwetting-yokasteluhousut-lapsille\/","title":{"rendered":"Pjama Protect Bedwetting Y\u00f6kasteluhousut lapsille"},"content":{"rendered":"<h3>Pjama Protect Bedwetting Y\u00f6kasteluhousut lapsille<\/h3>\n<h4>&#8211; Paras tuki kasteluun<\/h4>\n<p>Etsitk\u00f6 ratkaisua lapsille, jotka kastelevat s\u00e4ngyn tai k\u00e4rsiv\u00e4t y\u00f6llisest\u00e4 enureesista?<br \/>\nLasten Pjama Protect Y\u00f6kasteluhousut tarjoaa mukavan, huomaamattoman ja tehokkaan<br \/>\n-ratkaisun vuodepesun hallintaan. T\u00e4ydellinen lapsille, jotka kastelevat s\u00e4ngyn y\u00f6ll\u00e4 tai joilla<x id=\"gid_1\"><\/x>on juuri alkanut tapahtua vahinkoja. N\u00e4m\u00e4 housut ovat vedenpit\u00e4v\u00e4t ja uudelleenk\u00e4ytett\u00e4v\u00e4t, ja ne tarjoavat<br \/>\nmukavuutta ja mielenrauhaa sek\u00e4 lapsille ett\u00e4 vanhemmille.  <\/p>\n<h4>Pjama Protect Y\u00f6kasteluhousut lapsille<\/h4>\n<ul>\n<li><strong>Suojaa ja mukavuutta:<\/strong> ihanteellinen lapsille, jotka kastelevat s\u00e4ngyn.<\/li>\n<li><strong>Huomaamaton ja tyylik\u00e4s:<\/strong> N\u00e4ytt\u00e4\u00e4 tavallisilta pyjamalta \/ housuilta, t\u00e4ydellinen y\u00f6kyl\u00e4ilyyn.<\/li>\n<li><strong>Ymp\u00e4rist\u00f6yst\u00e4v\u00e4llinen ratkaisu:<\/strong> Vaippojen kaltaisten kertak\u00e4ytt\u00f6tuotteiden tarve v\u00e4henee.<\/li>\n<li><strong>Auttaa y\u00f6lliseen enureesiin:<\/strong> Suunniteltu antamaan lapselle palautetta antamalla h\u00e4nen tuntea kosteuden, toisin kuin vaipat, mik\u00e4 saa h\u00e4net her\u00e4\u00e4m\u00e4\u00e4n ja k\u00e4ym\u00e4\u00e4n vessassa.<\/li>\n<\/ul>\n<h4>Turvallinen ja k\u00e4yt\u00e4nn\u00f6llinen ratkaisu<\/h4>\n<p>Lasten Pjama Protect Y\u00f6kasteluhousut on valmistettu hengitt\u00e4v\u00e4st\u00e4 ja vedenpit\u00e4v\u00e4st\u00e4 materiaalista<br \/>\n, joka suojaa patjoja ja lakanoita. Ne sopivat erinomaisesti lapsille, jotka kastelevat s\u00e4ngyn y\u00f6ll\u00e4,<br \/>\nolipa kyseess\u00e4 sitten kuusivuotias, joka on juuri aloittanut s\u00e4nkyyn kastumisen, tai isommat lapset, jotka k\u00e4rsiv\u00e4t enureesista. <\/p>\n<h4>Koot kaikille lapsille<\/h4>\n<p>Tarjoamme kokoja 98-164 cm korkeuteen, jotta ne sopivat kaikenik\u00e4isille lapsille.<br \/>\nJos lapsesi tarvitsee suurempaa kokoa, tutustu meid\u00e4n<br \/>\n<a href=\"https:\/\/pjama.eu\/fi\/tuote\/pjama-protect-yokasteluhousut-lapsille-aikuisille\/\">Aikuisten luokka kokoon XL asti<\/a>.<br \/>\nHousut on valmistettu Tencel-kankaasta, joka on laminoitu, jotta ne ovat vedenpit\u00e4v\u00e4t mutta silti hell\u00e4varaiset iholle.<br \/>\n<a href=\"https:\/\/www.oeko-tex.com\/en\/our-standards\/oeko-tex-standard-100\" target=\"_blank\" rel=\"noopener\">K\u00e4ytetyt kankaat<\/a> ovat \u00d6ko-Tex-sertifioituja.<br \/>\nL\u00f6yt\u00e4\u00e4ksesi oikean koon ja n\u00e4hd\u00e4ksesi, kuinka paljon kukin koko voi ime\u00e4 itseens\u00e4, tutustu meid\u00e4n<br \/>\n<a href=\"https:\/\/pjama.eu\/fi\/dryguardians-app-auttaa-sinua-hoitamaan-kastelua-ilmaiseksi\/\">koko-opas.<\/a><\/p>\n<p>Tarvitsetko suuremman koon? Tutustu <a href=\"https:\/\/pjama.eu\/fi\/tuote\/pjama-protect-yokasteluhousut-lapsille-aikuisille\/\">aikuisten valikoimaan, josta saat<\/a> saman suojan ja mukavuuden laajemmissa kooissa. <\/p>\n<h4>T\u00e4ydellinen y\u00f6kyl\u00e4ilyyn<\/h4>\n<p>Lapset, jotka k\u00e4rsiv\u00e4t vuodepesusta, saattavat tuntea olonsa ep\u00e4varmaksi nukkuessaan poissa kotoa yst\u00e4vien luona<br \/>\ntai y\u00f6n yli tapahtuvien aktiviteettien aikana. Lasten Pjama Protect Y\u00f6kasteluhousut lapsille -housujen avulla lapsesi voi tuntea olonsa turvalliseksi<br \/>\nn\u00e4iden housujen huomaamattoman ulkon\u00e4\u00f6n ja luotettavan suojan ansiosta. <\/p>\n<h4>Helppohoitoisuus<\/h4>\n<p>Pjama Protect Y\u00f6kasteluhousut lapsille konepest\u00e4v\u00e4 (60\u00b0C) ja kuivausrumpukelpoinen.<br \/>\nHuomautus: Housujen kuivumisaika on pidempi niiden imukykyisen ominaisuuden vuoksi.<br \/>\nMuista k\u00e4\u00e4nt\u00e4\u00e4 vaate nurinp\u00e4in pesun aikana, jotta neste p\u00e4\u00e4see puristumaan ulos linkousohjelman aikana.<br \/>\n<span style=\"font-weight: 400;\">Ne ovat kest\u00e4vi\u00e4 ja kustannustehokkaita &#8211; <\/span><b>Pjama takaa v\u00e4hint\u00e4\u00e4n 100 pesukertaa ja jopa 4 kuukauden s\u00e4\u00e4nn\u00f6llisen k\u00e4yt\u00f6n, kun sit\u00e4 hoidetaan pesuohjeidemme mukaisesti.<\/b><span style=\"font-weight: 400;\"><br \/>\n<\/span><span style=\"font-weight: 400;\">Luotettava ja k\u00e4yt\u00e4nn\u00f6llinen ratkaisu lapsille, jotka kastelevat y\u00f6ll\u00e4 s\u00e4ngyn.<\/span><span style=\"font-weight: 400;\"><br \/>\n<\/span><a href=\"https:\/\/pjama.eu\/fi\/tuote\/pjama-protect-yokasteluhousut-lapsille-aikuisille\/\"><span style=\"font-weight: 400;\">Lue t\u00e4ydelliset hoito-ohjeet &#8217;<\/span><\/a><\/p>\n<h4>Vinkkej\u00e4 bedwettingin hallintaan<\/h4>\n<p>K\u00e4yt\u00e4nn\u00f6n apu kuivaa unta varten<\/p>\n<ul>\n<li><strong>K\u00e4yt\u00e4 Pjama Protect Y\u00f6kasteluhousut lapsille:<\/strong><br \/>\npit\u00e4\u00e4 s\u00e4ngyn kuivana sek\u00e4 kotona ett\u00e4 y\u00f6kyl\u00e4ilyjen aikana. T\u00e4ydellinen ratkaisu, jolla v\u00e4ltet\u00e4\u00e4n lakanoiden vaihtaminen<br \/>\nkeskell\u00e4 y\u00f6t\u00e4 ja tarjotaan lapselle mukavuutta ja turvallisuutta. <\/li>\n<\/ul>\n<p>Bedwetting hoito tuotteet<\/p>\n<ul>\n<li><a href=\"https:\/\/pjama.eu\/fi\/pjama-dryguardians-yokasteluhalyttimet\/\">Pjama Bedwetting Alarm:<\/a> Tehokas hoitotoimenpide, joka auttaa lasta kehitt\u00e4m\u00e4\u00e4n parempaa virtsarakon hallintaa ja y\u00f6llisi\u00e4 rutiineja.<\/li>\n<li><a href=\"https:\/\/pjama.eu\/fi\/dryguardians-app-auttaa-sinua-hoitamaan-kastelua-ilmaiseksi\/\">DryGuardians App:<\/a> Seuraa edistymist\u00e4 ja tutustu hoidon tehokkuuteen. Sovellus helpottaa my\u00f6s viestint\u00e4\u00e4 terveydenhuollon tarjoajien kanssa. <\/li>\n<\/ul>\n<p>Olipa kyseess\u00e4 apuv\u00e4lineen tai hoitotuotteen etsiminen, on t\u00e4rke\u00e4\u00e4 kommunikoida avoimesti.<br \/>\nAvoin puhuminen vuodepesusta voi v\u00e4hent\u00e4\u00e4 stressi\u00e4 ja h\u00e4pe\u00e4n tunteita. T\u00e4m\u00e4 tukee lapsen<br \/>\nkehityst\u00e4 ja lis\u00e4\u00e4 h\u00e4nen turvallisuudentunnettaan vuodepesun suhteen. <\/p>\n<h4>Mik\u00e4 on y\u00f6llinen nukahtamish\u00e4iri\u00f6?<\/h4>\n<p>Vuodekastelu, joka tunnetaan my\u00f6s nimell\u00e4 <em>y\u00f6llinen enureesi, tarkoittaa sit\u00e4, ett\u00e4<\/em> lapset kastelevat s\u00e4ngyn y\u00f6ll\u00e4.<br \/>\nSe on yleinen ongelma erityisesti poikien keskuudessa, ja se koskettaa miljoonia lapsia maailmanlaajuisesti.<br \/>\nMuista: t\u00e4m\u00e4 ei ole lapsen vika, eik\u00e4 sen pit\u00e4isi johtaa h\u00e4pe\u00e4\u00e4n tai rangaistukseen.<\/p>\n<h4>Tarvitsetko lis\u00e4\u00e4 opastusta?<\/h4>\n<p>Ota rohkeasti yhteytt\u00e4 hoitajaan tai l\u00e4\u00e4k\u00e4riin, jos sinulla on kysytt\u00e4v\u00e4\u00e4 kastumisesta tai tarvitset<br \/>\nlis\u00e4tietoja mahdollisista hoitovaihtoehdoista. Ammattiapuun hakeutuminen voi olla<br \/>\nt\u00e4rke\u00e4 askel lapsesi tukemisessa parhaalla mahdollisella tavalla. <\/p>\n<footer>\u00a9 2024 Pjama.<\/footer>\n","protected":false},"excerpt":{"rendered":"<h3>Y\u00f6kasteluhousut lapsille &#8211; pit\u00e4\u00e4 s\u00e4ngyn kuivana.<\/h3>\n<p>Lasten Pjama Protect Y\u00f6kasteluhousut lapsille on helppohoitoinen, huomaamaton, huomaamaton,<br \/>\nja mukava ratkaisu lapsille, jotka kastelevat s\u00e4ngyn.<\/p>\n<ul>\n<li>Hengitt\u00e4v\u00e4 ja t\u00e4ysin vedenpit\u00e4v\u00e4, jotta s\u00e4nky pysyy kuivana.<\/li>\n<li>Yht\u00e4 pehme\u00e4t ja mukavat kuin tavalliset pyjamahousut.<\/li>\n<li>Konepest\u00e4v\u00e4 60 \u00b0C:ssa ja kuivausrumpukuivaus.<\/li>\n<\/ul>\n<p>Tarvitsetko suuremman koon? Tutustu <a href=\"https:\/\/pjama.eu\/fi\/bedwetting-shop-aikuiset\/\">aikuisten valikoimaan, josta saat<\/a> saman suojan ja mukavuuden laajemmissa kooissa. <\/p>\n","protected":false},"featured_media":31336,"template":"","meta":{"_et_pb_use_builder":"","_et_pb_old_content":"","_et_gb_content_width":""},"product_brand":[],"product_cat":[259,222,225],"product_tag":[],"class_list":{"0":"post-23424","1":"product","2":"type-product","3":"status-publish","4":"has-post-thumbnail","6":"product_cat-pjama-original","7":"product_cat-lapset","8":"product_cat-pjamaprotect_2025","9":"product_shipping_class-eu","10":"pa_size-ika-10-12","11":"pa_size-ika-3-4","12":"pa_size-ika-5-6","13":"pa_size-ika-6-8","14":"pa_size-ika-8-10","15":"pa_size-pieni","17":"first","18":"instock","19":"taxable","20":"shipping-taxable","21":"purchasable","22":"product-type-variable"},"composite_virtual":false,"composite_layout":"","composite_add_to_cart_form_location":"","composite_editable_in_cart":false,"composite_sold_individually_context":"","composite_shop_price_calc":"","composite_components":[],"composite_scenarios":[],"_links":{"self":[{"href":"https:\/\/pjama.eu\/fi\/wp-json\/wp\/v2\/product\/23424","targetHints":{"allow":["GET"]}}],"collection":[{"href":"https:\/\/pjama.eu\/fi\/wp-json\/wp\/v2\/product"}],"about":[{"href":"https:\/\/pjama.eu\/fi\/wp-json\/wp\/v2\/types\/product"}],"wp:featuredmedia":[{"embeddable":true,"href":"https:\/\/pjama.eu\/fi\/wp-json\/wp\/v2\/media\/31336"}],"wp:attachment":[{"href":"https:\/\/pjama.eu\/fi\/wp-json\/wp\/v2\/media?parent=23424"}],"wp:term":[{"taxonomy":"product_brand","embeddable":true,"href":"https:\/\/pjama.eu\/fi\/wp-json\/wp\/v2\/product_brand?post=23424"},{"taxonomy":"product_cat","embeddable":true,"href":"https:\/\/pjama.eu\/fi\/wp-json\/wp\/v2\/product_cat?post=23424"},{"taxonomy":"product_tag","embeddable":true,"href":"https:\/\/pjama.eu\/fi\/wp-json\/wp\/v2\/product_tag?post=23424"}],"curies":[{"name":"wp","href":"https:\/\/api.w.org\/{rel}","templated":true}]}}