{"id":23471,"date":"2020-03-21T12:40:14","date_gmt":"2020-03-21T11:40:14","guid":{"rendered":"https:\/\/pjama.eu\/product\/pjama-protect-yokasteluhousut-lapsille-aikuisille\/"},"modified":"2026-05-07T13:38:36","modified_gmt":"2026-05-07T11:38:36","slug":"yokasteluhousut-aikuisille","status":"publish","type":"product","link":"https:\/\/pjama.eu\/fi\/tuote\/yokasteluhousut-aikuisille\/","title":{"rendered":"Pjama Protect Y\u00f6kasteluhousut lapsille aikuisille"},"content":{"rendered":"<h3 style=\"color: #d35917;\">Pjama Protect Y\u00f6kasteluhousut lapsille aikuisille<\/h3>\n<h4 style=\"color: #072130;\">&#8211; Paras tuki y\u00f6lliseen enureesiin ja virtsankarkailuun<\/h4>\n<p>Etsitk\u00f6 tehokasta ratkaisua aikuisten y\u00f6kastelun tai y\u00f6llisen enureesin hallintaan? Pjama Protect Y\u00f6kasteluhousut lapsille tarjoaa mukavan, huomaamattoman ja tehokkaan ratkaisun vedenpoiston hallintaan. T\u00e4ydellinen aikuisille, jotka k\u00e4rsiv\u00e4t virtsankarkailusta y\u00f6n aikana. N\u00e4m\u00e4 housut ovat pehme\u00e4t, vedenpit\u00e4v\u00e4t, uudelleenk\u00e4ytett\u00e4v\u00e4t ja tarjoavat mielenrauhaa sek\u00e4 kotona ett\u00e4 y\u00f6n yli poissa ollessa.  <\/p>\n<h4 style=\"color: #072130;\">Pjama Protect Y\u00f6kasteluhousut lapsille<\/h4>\n<ul>\n<li><strong>Suojaa ja mukavuutta:<\/strong> Pit\u00e4\u00e4 s\u00e4ngyn kuivana virtsavuodon ja vuodekastelun aikana, mik\u00e4 takaa turvallisen ja mukavan y\u00f6n.<\/li>\n<li><strong>Huomaamaton ja toimiva muotoilu:<\/strong> Siksi ne sopivat aikuisille, jotka etsiv\u00e4t huomaamatonta ratkaisua.<\/li>\n<li><strong>Ymp\u00e4rist\u00f6yst\u00e4v\u00e4llinen ja taloudellinen: pest\u00e4v\u00e4<\/strong> ja uudelleenk\u00e4ytett\u00e4v\u00e4, v\u00e4hent\u00e4\u00e4 kertak\u00e4ytt\u00f6tuotteiden tarvetta ja on parempi ymp\u00e4rist\u00f6lle.<\/li>\n<li><strong>Auttaa y\u00f6lliseen enureesiin:<\/strong> Toisin kuin vaipat, se antaa palautetta tuntemalla kosteuden ja kehottaa sinua her\u00e4\u00e4m\u00e4\u00e4n ja k\u00e4ym\u00e4\u00e4n vessassa.<\/li>\n<\/ul>\n<h4 style=\"color: #072130;\">Turvallinen ja k\u00e4yt\u00e4nn\u00f6llinen ratkaisu<\/h4>\n<p>Pjama Protect Y\u00f6kasteluhousut lapsille on valmistettu materiaalista, joka on sek\u00e4 hengitt\u00e4v\u00e4 ett\u00e4 vedenpit\u00e4v\u00e4 ja suojaa sek\u00e4 patjaa ett\u00e4 lakanoita. Ne sopivat aikuisille, jotka k\u00e4rsiv\u00e4t y\u00f6llisest\u00e4 enureesista, olipa kyseess\u00e4 sitten tilap\u00e4inen tai pitk\u00e4aikainen ongelma. Housut sopivat sek\u00e4 miehille ett\u00e4 naisille.  <\/p>\n<h4 style=\"color: #072130;\">Koot aikuisille<\/h4>\n<p>Tarjoamme kokoja Smallista XL:\u00e4\u00e4n kaikille vartalotyypeille sopiviksi. Housut on valmistettu Tencel-kankaasta, joka on laminoitu, jotta ne olisivat vedenpit\u00e4v\u00e4t ja silti hell\u00e4varaiset iholle. K\u00e4ytetyt kankaat ovat <a href=\"https:\/\/www.oeko-tex.com\/en\/our-standards\/oeko-tex-standard-100\" target=\"_blank\" rel=\"noopener\">\u00d6ko-Tex-sertifioituja.<\/a> L\u00f6yt\u00e4\u00e4ksesi oikean koon ja n\u00e4hd\u00e4ksesi, kuinka paljon kukin koko voi ime\u00e4 itseens\u00e4, katso <a href=\"https:\/\/pjama.eu\/fi\/pjama-koko-opas\/\">kokooppaamme.<\/a>   <\/p>\n<p>Tarvitsetko pienemp\u00e4\u00e4 kokoa? Tutustu <a href=\"https:\/\/pjama.eu\/fi\/tuote\/vedenpitavat-yokastelushortsit\/\">Lasten valikoimaan, josta saat <\/a> saman suojan ja mukavuuden isommissa kooissa. <\/p>\n<h4 style=\"color: #072130;\">T\u00e4ydellinen y\u00f6t pois<\/h4>\n<p>Aikuiset, joilla on ongelmia vuodepesun kanssa, voivat tuntea olonsa turvattomaksi, kun he ovat poissa kotoa, esimerkiksi matkoilla tai perheen ja yst\u00e4vien luona. Aikuisten Pjama Protect Y\u00f6kasteluhousut tarjoaa rauhoittavan ja huomaamattoman ratkaisun, joka lievitt\u00e4\u00e4 huolta n\u00e4ist\u00e4 tilanteista. Pjaman visiona on auttaa enureesista k\u00e4rsivi\u00e4 viett\u00e4m\u00e4\u00e4n mahdollisimman normaalia el\u00e4m\u00e4\u00e4 ilman rajoituksia.  <\/p>\n<h4 style=\"color: #072130;\">Helppohoitoisuus<\/h4>\n<p>Pjama Protect Y\u00f6kasteluhousut lapsille konepest\u00e4v\u00e4 60\u00b0C:ssa ja se voidaan kuivata rumpukuivauksessa. Huomaa, ett\u00e4 niiden kuivuminen voi kest\u00e4\u00e4 kauemmin imukykyisen ominaisuuden vuoksi. K\u00e4\u00e4nn\u00e4 vaate nurinp\u00e4in pesun aikana kosteuden poistumisen optimoimiseksi. N\u00e4m\u00e4 housut ovat sek\u00e4 kest\u00e4v\u00e4t ett\u00e4 taloudelliset &#8211; t\u00e4ydellinen ratkaisu aikuisille, joilla on y\u00f6llinen enureesi.<br \/>\n<b>Pjama takaa v\u00e4hint\u00e4\u00e4n 100 pesukertaa ja jopa 4 kuukauden s\u00e4\u00e4nn\u00f6llisen k\u00e4yt\u00f6n, kun sit\u00e4 hoidetaan pesuohjeidemme mukaisesti.<\/b><span style=\"font-weight: 400;\"> <\/span> <a href=\"https:\/\/pjama.eu\/fi\/pjama-pesuohje\/\"><span style=\"font-weight: 400;\">Lue t\u00e4ydelliset hoito-ohjeet &#8217;<\/span><\/a><\/p>\n<h4 style=\"color: #072130;\">Vinkkej\u00e4 bedwettingin hallintaan<\/h4>\n<p>K\u00e4yt\u00e4nn\u00f6n apuv\u00e4lineit\u00e4 kuivaan uneen.<\/p>\n<ul>\n<li><strong>K\u00e4yt\u00e4 Pjama Protect Y\u00f6kasteluhousut lapsille:<\/strong> Helppo ja mukava apuv\u00e4line s\u00e4ngyn kuivana pit\u00e4miseen sek\u00e4 kotona ett\u00e4 matkoilla. T\u00e4ydellinen v\u00e4line, jolla v\u00e4lt\u00e4t vuodevaatteiden vaihtamisen keskell\u00e4 y\u00f6t\u00e4 ja varmistat mukavuuden ja turvallisuuden. <\/li>\n<\/ul>\n<h4 style=\"color: #072130;\">Tuotteet y\u00f6llisen enureesin hoitoon<\/h4>\n<ul>\n<li><a href=\"https:\/\/pjama.eu\/fi\/yokastelun-hoito\/\">Pjama Y\u00f6kasteluh\u00e4lytin:<\/a> Tehokas apuv\u00e4line, joka auttaa kehitt\u00e4m\u00e4\u00e4n parempaa virtsarakon hallintaa ja luomaan y\u00f6llisi\u00e4 rutiineja. Sek\u00e4 <a href=\"https:\/\/pjama.eu\/fi\/tuote\/pjama-dryguardians-alushousut-bokserit\/\">miesten bokserit<\/a> ett\u00e4 <a href=\"https:\/\/pjama.eu\/fi\/tuote\/pjama-dryguardians-alushousut-briefs-malli\/\">naisten briefs-malli<\/a> ovat saatavana aikuisten koossa, ja niiden mukana on my\u00f6s y\u00f6kasteluh\u00e4lytin. K\u00e4yt\u00e4 n\u00e4it\u00e4 suojaavien y\u00f6pukuhousujen alla, jotta saat v\u00e4litt\u00f6m\u00e4n palautteen, kun kosteutta esiintyy.  <\/li>\n<li><a href=\"https:\/\/pjama.eu\/fi\/yokastelu-sovellus\/\">DryGuardians App:<\/a> Seuraa edistymist\u00e4 ja tutustu hoidon tehokkuuteen. Sovellus tukee my\u00f6s viestint\u00e4\u00e4 terveydenhuollon tarjoajien kanssa. <\/li>\n<\/ul>\n<p>Jos sinua ei ole koskaan aiemmin hoidettu kastelun tai y\u00f6her\u00e4ilyn vuoksi, t\u00e4m\u00e4 voi olla sinulle sopiva vaihtoehto. Pjama tekee yhteisty\u00f6t\u00e4 ruotsalaisen terveydenhuollon kanssa tarjotakseen apuv\u00e4lineit\u00e4 ja hoitovaihtoehtoja vuodepotilaille. <\/p>\n<h4 style=\"color: #072130;\">Mik\u00e4 on y\u00f6llinen nukahtamish\u00e4iri\u00f6?<\/h4>\n<p>Vuodekastelu eli y\u00f6llinen enureesi on aikuisten keskuudessa yleisemp\u00e4\u00e4 kuin moni luulee, ja siin\u00e4 henkil\u00f6 vuotaa tahattomasti virtsaa tai kastelee s\u00e4ngyn unen aikana. On t\u00e4rke\u00e4\u00e4 ymm\u00e4rt\u00e4\u00e4, ett\u00e4 kyseess\u00e4 on hallittavissa oleva tilanne, jonka ei pit\u00e4isi aiheuttaa h\u00e4pe\u00e4\u00e4 tai syyllisyytt\u00e4. Avoin puhuminen s\u00e4ngyn kastumisesta voi v\u00e4hent\u00e4\u00e4 stressi\u00e4 ja h\u00e4pe\u00e4n tunteita ja antaa tarvittavaa varmuutta y\u00f6llisen enureesin hallintaan.  <\/p>\n<h4 style=\"color: #072130;\">Tarvitsetko lis\u00e4\u00e4 opastusta?<\/h4>\n<p>Ota rohkeasti yhteytt\u00e4 sairaanhoitajaan tai l\u00e4\u00e4k\u00e4riin, joka neuvoo sinua hoidossa ja keskustele mahdollisista vaihtoehdoista. Asiantuntija-apuun hakeutuminen voi olla t\u00e4rke\u00e4 askel s\u00e4ngyn kastelun tai y\u00f6llisen y\u00f6kastelun hallinnassa ja hoidossa. <\/p>\n<footer>\u00a9 2024 Pjama.<\/footer>\n","protected":false},"excerpt":{"rendered":"<div class=\"product-description\">\n<h3>Y\u00f6kasteluhousut aikuisille &#8211; huomaamattomat ja mukavat.<\/h3>\n<p>Pjama Protect Y\u00f6kasteluhousut lapsille tarjoaa helppohoitoisen, huomaamattoman ja mukavan ratkaisun aikuisille, jotka k\u00e4rsiv\u00e4t vedenpaisumuksesta.<\/p>\n<ul>\n<li>Hengitt\u00e4v\u00e4 ja t\u00e4ysin vedenpit\u00e4v\u00e4, jotta s\u00e4nky pysyy kuivana.<\/li>\n<li>Pehme\u00e4t ja yht\u00e4 mukavat kuin tavalliset pyjamahousut.<\/li>\n<li>Konepest\u00e4v\u00e4 60 \u00b0C:ssa ja rumpukuivaus.<\/li>\n<\/ul>\n<p>Tarvitsetko pienemp\u00e4\u00e4 kokoa? Tutustu <a href=\"https:\/\/pjama.eu\/fi\/tuote\/vedenpitavat-yokastelushortsit\/\">Children-mallistoomme, josta l\u00f6yd\u00e4t <\/a> saman suojan ja mukavuuden laajennetuissa kooissa. <\/p>\n<\/div>\n","protected":false},"featured_media":31311,"template":"","meta":{"_et_pb_use_builder":"","_et_pb_old_content":"","_et_gb_content_width":""},"product_brand":[],"product_cat":[259,249,225],"product_tag":[],"class_list":{"0":"post-23471","1":"product","2":"type-product","3":"status-publish","4":"has-post-thumbnail","6":"product_cat-pjama-original","7":"product_cat-aikuiset","8":"product_cat-pjamaprotect_2025","9":"product_shipping_class-eu","10":"pa_size-medium","11":"pa_size-pieni","12":"pa_size-suuri","13":"pa_size-xlarge","15":"first","16":"instock","17":"taxable","18":"shipping-taxable","19":"purchasable","20":"product-type-variable"},"composite_virtual":false,"composite_layout":"","composite_add_to_cart_form_location":"","composite_editable_in_cart":false,"composite_sold_individually_context":"","composite_shop_price_calc":"","composite_components":[],"composite_scenarios":[],"_links":{"self":[{"href":"https:\/\/pjama.eu\/fi\/wp-json\/wp\/v2\/product\/23471","targetHints":{"allow":["GET"]}}],"collection":[{"href":"https:\/\/pjama.eu\/fi\/wp-json\/wp\/v2\/product"}],"about":[{"href":"https:\/\/pjama.eu\/fi\/wp-json\/wp\/v2\/types\/product"}],"wp:featuredmedia":[{"embeddable":true,"href":"https:\/\/pjama.eu\/fi\/wp-json\/wp\/v2\/media\/31311"}],"wp:attachment":[{"href":"https:\/\/pjama.eu\/fi\/wp-json\/wp\/v2\/media?parent=23471"}],"wp:term":[{"taxonomy":"product_brand","embeddable":true,"href":"https:\/\/pjama.eu\/fi\/wp-json\/wp\/v2\/product_brand?post=23471"},{"taxonomy":"product_cat","embeddable":true,"href":"https:\/\/pjama.eu\/fi\/wp-json\/wp\/v2\/product_cat?post=23471"},{"taxonomy":"product_tag","embeddable":true,"href":"https:\/\/pjama.eu\/fi\/wp-json\/wp\/v2\/product_tag?post=23471"}],"curies":[{"name":"wp","href":"https:\/\/api.w.org\/{rel}","templated":true}]}}