{"id":23485,"date":"2020-03-21T12:23:06","date_gmt":"2020-03-21T11:23:06","guid":{"rendered":"https:\/\/pjama.eu\/product\/pjama-protect-yokastelushortsit-lapsille-starter-kit-aloituspakkaus\/"},"modified":"2025-12-14T13:32:26","modified_gmt":"2025-12-14T12:32:26","slug":"pjama-protect-yokastelushortsit-lapsille-starter-kit-aloituspakkaus","status":"publish","type":"product","link":"https:\/\/pjama.eu\/fi\/tuote\/pjama-protect-yokastelushortsit-lapsille-starter-kit-aloituspakkaus\/","title":{"rendered":"Pjama Protect Y\u00f6kastelushortsit lapsille &#8211; Starter Kit &#8211; Aloituspakkaus"},"content":{"rendered":"<h3>Pjama Protect Y\u00f6kastelushortsit for Children &#8211; Starter Kit. T\u00e4ydellinen ratkaisu kasteluun <\/h3>\n<p>Pjama Protect Y\u00f6kastelushortsit for Children &#8211; Starter Kit on innovatiivinen ja k\u00e4yt\u00e4nn\u00f6llinen ratkaisu<br \/>\n, jonka avulla voit hallita vedenpoistoa mukavasti, turvallisesti ja tehokkaasti. T\u00e4m\u00e4 aloituspakkaus<br \/>\n<strong>sis\u00e4lt\u00e4\u00e4 kaksi (2) paria Pjama Protect Y\u00f6kastelushortsit ja yhden (1) vedenpit\u00e4v\u00e4 Pjama-laukku<\/strong>,<br \/>\n, joten se on kokonaisratkaisu, jota on helppo k\u00e4ytt\u00e4\u00e4 sek\u00e4 kotona ett\u00e4 matkoilla. <\/p>\n<p>Vedenpit\u00e4v\u00e4t ja uudelleenk\u00e4ytett\u00e4v\u00e4t shortsit on suunniteltu tarjoamaan sek\u00e4 lapsille ett\u00e4 vanhemmille<br \/>\nmielenrauhaa ja mukavuutta, ja vedenpit\u00e4v\u00e4 Pjama-laukku helpottaa k\u00e4ytettyjen shortsien hallintaa y\u00f6kyl\u00e4ilyjen aikana tai matkalla. Shortsit auttavat pit\u00e4m\u00e4\u00e4n s\u00e4ngyn kuivana<br \/>\nkoko y\u00f6n, jolloin vuodevaatteita ei tarvitse vaihtaa tapaturmien j\u00e4lkeen ja koko perheen y\u00f6 on rauhallisempi<br \/>\n. <\/p>\n<p>Aloituspakkaus on ihanteellinen ratkaisu vanhemmille, jotka etsiv\u00e4t<br \/>\n<strong>ymp\u00e4rist\u00f6yst\u00e4v\u00e4llinen ja kustannustehokas menetelm\u00e4<\/strong> vuodeveden kastelun hallintaan. Uudelleenk\u00e4ytett\u00e4vien shortsien,<x id=\"gid_1\"><\/x>, ansiosta kertak\u00e4ytt\u00f6tuotteiden, kuten vaippojen, tarve v\u00e4henee, mik\u00e4 on parempi sek\u00e4<x id=\"gid_2\"><\/x>ymp\u00e4rist\u00f6n ett\u00e4 lompakon kannalta. Lis\u00e4ksi shortsit ovat hell\u00e4varaiset lapsen iholle<br \/>\nja ne on valmistettu korkealaatuisista materiaaleista, jotka on sertifioitu turvalliseen k\u00e4ytt\u00f6\u00f6n.  <\/p>\n<p>Olipa kyseess\u00e4 koti, matka tai lapsen poissaolo, Pjama Protect Y\u00f6kastelushortsit for Children &#8211; Starter Kit tarjoaa huomaamattoman ja k\u00e4yt\u00e4nn\u00f6llisen ratkaisun, joka tekee jokap\u00e4iv\u00e4isest\u00e4 el\u00e4m\u00e4st\u00e4<br \/>\nhelpompaa ja mukavampaa sek\u00e4 lapsille ett\u00e4 vanhemmille.<\/p>\n<h4>Mit\u00e4 Starter Kit sis\u00e4lt\u00e4\u00e4?<\/h4>\n<ul>\n<li><strong>2 paria Pjama Protect Y\u00f6kastelushortsit for Children &#8211;<\/strong> Mukavat, huomaamattomat ja vedenpit\u00e4v\u00e4t shortsit, jotka suojaavat s\u00e4nky\u00e4 onnettomuuksilta.<\/li>\n<li><strong>1 vedenpit\u00e4v\u00e4 Pjama-laukku &#8211;<\/strong> T\u00e4ydellinen k\u00e4ytettyjen shortsien s\u00e4ilytykseen y\u00f6kyl\u00e4ilyjen tai matkojen aikana.<\/li>\n<\/ul>\n<h4>Pjama Protect Y\u00f6kastelushortsit for Children &#8211; Starter Kit -paketin edut<\/h4>\n<ul>\n<li><strong>Suojaa s\u00e4nky\u00e4:<\/strong> Sortsit pit\u00e4v\u00e4t s\u00e4ngyn kuivana ja v\u00e4hent\u00e4v\u00e4t tarvetta vaihtaa vuodevaatteita keskell\u00e4 y\u00f6t\u00e4.<\/li>\n<li><strong>Huomaamaton ja tyylik\u00e4s:<\/strong> T\u00e4ydelliset y\u00f6kyl\u00e4ilyyn yst\u00e4vien tai perheen kanssa.<\/li>\n<li><strong>Ymp\u00e4rist\u00f6yst\u00e4v\u00e4llinen vaihtoehto:<\/strong> Uudelleenk\u00e4ytett\u00e4v\u00e4t shortsit, jotka v\u00e4hent\u00e4v\u00e4t kertak\u00e4ytt\u00f6tuotteiden aiheuttamaa j\u00e4tett\u00e4.<\/li>\n<li><strong>K\u00e4tev\u00e4 Pjama:<\/strong> Veden kest\u00e4v\u00e4 pussi helpottaa k\u00e4ytettyjen shortsien s\u00e4ilytt\u00e4mist\u00e4 ilman vuotoja.<\/li>\n<\/ul>\n<h4>Turvallinen ja mukava ratkaisu<\/h4>\n<p>Pjama Protect Y\u00f6kastelushortsit on valmistettu hengitt\u00e4vist\u00e4 ja vedenpit\u00e4vist\u00e4 materiaaleista, joten niit\u00e4<br \/>\non mukava k\u00e4ytt\u00e4\u00e4 koko y\u00f6n. Laadukas Tencel-kangas, joka on<br \/>\n<a href=\"https:\/\/www.oeko-tex.com\/en\/our-standards\/oeko-tex-standard-100\" target=\"_blank\" rel=\"noopener\">\u00d6ko-Tex-sertifioitu,<\/a> takaa mukavuuden herk\u00e4lle iholle. Mukana olevan vedenpit\u00e4v\u00e4n Pjama-laukun avulla<br \/>\non helppo hallita k\u00e4ytettyj\u00e4 shortseja matkoilla tai y\u00f6kyl\u00e4ilyjen aikana. <\/p>\n<h4>T\u00e4ydellinen y\u00f6kyl\u00e4ilyyn ja matkustamiseen<\/h4>\n<p>Pjama Protect Y\u00f6kastelushortsit for Children &#8211; Starter Kit -paketin avulla lapsesi voi tuntea olonsa turvalliseksi,<br \/>\n, jopa y\u00f6kyl\u00e4ilyjen aikana poissa kotoa. Shortsit n\u00e4ytt\u00e4v\u00e4t tavallisilta pyjamahousuilta, ja<br \/>\nmukana tulevan pussin ansiosta niit\u00e4 on helppo k\u00e4sitell\u00e4 ilman vaivaa, kun vahinko tapahtuu. <\/p>\n<h4>Koot kaikenik\u00e4isille lapsille<\/h4>\n<p>Shortseja on kokoja 98-164 cm, joten ne sopivat eri-ik\u00e4isille lapsille.<br \/>\nJos haluat suurempia kokoja, tutustu aikuisten <a href=\"https:\/\/pjama.eu\/fi\/tuote\/pjama-protect-yokastelushortsit-aikuisille\/\">malleihimme.<\/a> K\u00e4yt\u00e4<br \/>\n<a href=\"https:\/\/pjama.eu\/fi\/dryguardians-app-auttaa-sinua-hoitamaan-kastelua-ilmaiseksi\/\">koko-oppaan avulla<\/a> l\u00f6yd\u00e4t lapsellesi sopivan koon.<br \/>\nOn t\u00e4rke\u00e4\u00e4, ett\u00e4 shortsit istuvat tiukasti vy\u00f6t\u00e4r\u00f6n ymp\u00e4rille, mutta eiv\u00e4t ole liian tiukat.<\/p>\n<h4>Helppohoitoisuus<\/h4>\n<ul>\n<li>Shortsit voidaan pest\u00e4 koneessa 60 \u00b0C:ssa ja kuivata kuivausrummussa.<\/li>\n<li>K\u00e4\u00e4nn\u00e4 shortsit nurinp\u00e4in pesun aikana, jotta kosteus puristuu ulos linkousvaiheessa.<\/li>\n<li>Vedenpit\u00e4v\u00e4 Pjama-laukku voidaan pest\u00e4 koneessa tai se voidaan helposti huuhdella ja k\u00e4ytt\u00e4\u00e4 uudelleen.<\/li>\n<li>Lis\u00e4tietoja saat <a href=\"https:\/\/pjama.eu\/fi\/tuote\/pjama-protect-yokasteluhousut-lapsille-aikuisille\/\">hoito-ohjeistamme.<\/a><br \/>\n<b>Pjama takaa v\u00e4hint\u00e4\u00e4n 100 pesukertaa ja jopa 4 kuukauden s\u00e4\u00e4nn\u00f6llisen k\u00e4yt\u00f6n, kun sit\u00e4 hoidetaan pesuohjeidemme mukaisesti<\/b>.<\/li>\n<\/ul>\n<h4>Tehokkaasti hallita bedwetting<\/h4>\n<ul>\n<li><strong>K\u00e4ytt\u00f6 apuv\u00e4lineen\u00e4:<\/strong> Y\u00f6kastelushortsit ovat yksinkertainen ratkaisu s\u00e4ngyn kuivana pit\u00e4miseen.<\/li>\n<li><strong>Hoitoa varten:<\/strong> Yhdistettyn\u00e4 <a href=\"https:\/\/pjama.eu\/fi\/yokasteluhalytin\/\">y\u00f6kasteluh\u00e4lytimiin ja hoitokalsareihin auttaa<\/a> lasta lopettamaan vuodekastelun.<\/li>\n<li><strong>DryGuardians App:<\/strong> Seuraa lapsesi edistymist\u00e4 ja kirjaa se <a href=\"https:\/\/pjama.eu\/fi\/dryguardians-app-auttaa-sinua-hoitamaan-kastelua-ilmaiseksi\/\">DryGuardians-sovellukseen.<\/a><\/li>\n<\/ul>\n<h4>Mik\u00e4 on vuodekastelu (y\u00f6llinen y\u00f6kastelu)?<\/h4>\n<p>Kastelu on yleinen ongelma, joka voi johtua virtsarakon kypsymisest\u00e4 tai syv\u00e4st\u00e4 unesta.<br \/>\nOn t\u00e4rke\u00e4\u00e4 muistaa, ett\u00e4 t\u00e4m\u00e4 ei ole lapsen vika, ja oikealla tuella<br \/>\nvoidaan saavuttaa merkitt\u00e4v\u00e4\u00e4 edistyst\u00e4.<\/p>\n<h4>Tarvitsetko lis\u00e4\u00e4 apua?<\/h4>\n<p>Kysy l\u00e4\u00e4k\u00e4rilt\u00e4si tai sairaanhoitajaltasi, jos sinulla on kysytt\u00e4v\u00e4\u00e4 kastumisesta tai hoitovaihtoehdoista.<br \/>\nPjama Protect Y\u00f6kastelushortsit for Children &#8211; Starter Kitin avulla saat sek\u00e4 mielenrauhaa ett\u00e4<br \/>\nmukavuutta &#8211; kotona ja matkalla!<\/p>\n<footer>\u00a9 2024 Pjama.<\/footer>\n","protected":false},"excerpt":{"rendered":"<h3><span data-sheets-root=\"1\">Paketti: imukykyiset y\u00f6kastelushortsit + v\u00e4ltt\u00e4m\u00e4tt\u00f6myystarvikkeet s\u00e4ngyn suojaamisen aloittamiseen.<\/span><\/h3>\n<p>K\u00e4yt\u00e4nn\u00f6llinen aloituspakkaus, jossa on kaksi vedenpit\u00e4v\u00e4\u00e4 ja mukavaa Pjama Protect Y\u00f6kastelushortsit for Children,<br \/>\nsek\u00e4 vedenpit\u00e4v\u00e4 s\u00e4ilytyspussi.<\/p>\n<ul>\n<li>Suojaa s\u00e4nky\u00e4: Vedenpit\u00e4v\u00e4 ja hengitt\u00e4v\u00e4.<\/li>\n<li>Hienovarainen ja pehme\u00e4: N\u00e4ytt\u00e4\u00e4 tavallisilta pyjamahousuilta.<\/li>\n<li>Helppohoitoinen: Koneessa pest\u00e4v\u00e4 ja kuivausrummussa kuivattava.<\/li>\n<\/ul>\n<p>T\u00e4ydellinen sek\u00e4 kotik\u00e4ytt\u00f6\u00f6n ett\u00e4 y\u00f6kyl\u00e4ilyyn!<\/p>\n","protected":false},"featured_media":31328,"template":"","meta":{"_et_pb_use_builder":"","_et_pb_old_content":"","_et_gb_content_width":""},"product_brand":[],"product_cat":[259,222,225],"product_tag":[],"class_list":{"0":"post-23485","1":"product","2":"type-product","3":"status-publish","4":"has-post-thumbnail","6":"product_cat-pjama-original","7":"product_cat-lapset","8":"product_cat-pjamaprotect_2025","9":"product_shipping_class-eu","10":"pa_size-ika-10-12","11":"pa_size-ika-3-4","12":"pa_size-ika-5-6","13":"pa_size-ika-6-8","14":"pa_size-ika-8-10","15":"pa_size-pieni","17":"first","18":"instock","19":"taxable","20":"shipping-taxable","21":"purchasable","22":"product-type-composite"},"composite_virtual":false,"composite_layout":"single","composite_add_to_cart_form_location":"default","composite_editable_in_cart":false,"composite_sold_individually_context":"product","composite_shop_price_calc":"min_max","composite_components":[{"id":"1743168533","title":"Pjama laukku","description":"<p>Vedenpit\u00e4v\u00e4 pussi m\u00e4rkien vaatteiden s\u00e4ilytt\u00e4miseen, kun nukut muualla.<\/p>\n","query_type":"product_ids","query_ids":[23486],"default_option_id":23486,"thumbnail_id":4402,"thumbnail_src":"https:\/\/pjama.eu\/wp-content\/uploads\/Pjama_bag.jpeg","quantity_min":1,"quantity_max":1,"priced_individually":true,"shipped_individually":false,"optional":false,"discount":"","options_style":"dropdowns","pagination_style":"classic","display_prices":"absolute","show_sorting_options":false,"show_filtering_options":false,"attribute_filter_ids":[],"select_action":"view","product_title_visible":false,"product_descr_visible":false,"product_price_visible":true,"product_thumb_visible":true,"subtotal_visible_product":false,"subtotal_visible_cart":true,"subtotal_visible_orders":true},{"id":"1743168534","title":"Pjama y\u00f6kastelushortsit","description":"<p>Imukykyinen pyjamavaate, joka pit\u00e4\u00e4 s\u00e4ngyn kuivana.<\/p>\n","query_type":"product_ids","query_ids":[23241],"default_option_id":23241,"thumbnail_id":7507,"thumbnail_src":"https:\/\/pjama.eu\/wp-content\/uploads\/Shorts_Pjama-1-1.jpeg","quantity_min":2,"quantity_max":6,"priced_individually":true,"shipped_individually":false,"optional":false,"discount":"","options_style":"dropdowns","pagination_style":"classic","display_prices":"absolute","show_sorting_options":false,"show_filtering_options":false,"attribute_filter_ids":[],"select_action":"view","product_title_visible":false,"product_descr_visible":false,"product_price_visible":true,"product_thumb_visible":true,"subtotal_visible_product":false,"subtotal_visible_cart":true,"subtotal_visible_orders":true}],"composite_scenarios":[],"_links":{"self":[{"href":"https:\/\/pjama.eu\/fi\/wp-json\/wp\/v2\/product\/23485","targetHints":{"allow":["GET"]}}],"collection":[{"href":"https:\/\/pjama.eu\/fi\/wp-json\/wp\/v2\/product"}],"about":[{"href":"https:\/\/pjama.eu\/fi\/wp-json\/wp\/v2\/types\/product"}],"wp:featuredmedia":[{"embeddable":true,"href":"https:\/\/pjama.eu\/fi\/wp-json\/wp\/v2\/media\/31328"}],"wp:attachment":[{"href":"https:\/\/pjama.eu\/fi\/wp-json\/wp\/v2\/media?parent=23485"}],"wp:term":[{"taxonomy":"product_brand","embeddable":true,"href":"https:\/\/pjama.eu\/fi\/wp-json\/wp\/v2\/product_brand?post=23485"},{"taxonomy":"product_cat","embeddable":true,"href":"https:\/\/pjama.eu\/fi\/wp-json\/wp\/v2\/product_cat?post=23485"},{"taxonomy":"product_tag","embeddable":true,"href":"https:\/\/pjama.eu\/fi\/wp-json\/wp\/v2\/product_tag?post=23485"}],"curies":[{"name":"wp","href":"https:\/\/api.w.org\/{rel}","templated":true}]}}