{"id":23522,"date":"2022-12-15T14:31:34","date_gmt":"2022-12-15T13:31:34","guid":{"rendered":"https:\/\/pjama.eu\/product\/pjama-variseva-halytyskello-musta\/"},"modified":"2026-05-07T13:56:16","modified_gmt":"2026-05-07T11:56:16","slug":"variseva-muistutuskello","status":"publish","type":"product","link":"https:\/\/pjama.eu\/fi\/tuote\/variseva-muistutuskello\/","title":{"rendered":"Pjama V\u00e4risev\u00e4 h\u00e4lytyskello &#8211; musta"},"content":{"rendered":"<h3 style=\"color: #d35917;\">Pjama V\u00e4risev\u00e4 h\u00e4lytyskello &#8211; musta<\/h3>\n<p>Tyylik\u00e4s ja moderni Pjama V\u00e4risev\u00e4 h\u00e4lytyskello, jota k\u00e4ytet\u00e4\u00e4n p\u00e4iv\u00e4ll\u00e4 virtsan vuotamiseen muistutuksena vessassa k\u00e4ymisest\u00e4 tai muihin muistutuksiin.<\/p>\n<ul>\n<li>Digitaalinen LED-n\u00e4ytt\u00f6.<\/li>\n<li>Kello n\u00e4ytt\u00e4\u00e4 aikaa aivan kuten tavallinen kello.<\/li>\n<li>H\u00e4lytys voidaan asettaa enint\u00e4\u00e4n 8 kertaa p\u00e4iv\u00e4ss\u00e4.<\/li>\n<li>Nauha on valmistettu pehme\u00e4st\u00e4 ja joustavasta silikonista, joka on s\u00e4\u00e4dett\u00e4viss\u00e4 oikean kokoiseksi.<\/li>\n<li>Lataus Micro USB:n kautta.<\/li>\n<li>T\u00e4yteen ladatun kellon akku kest\u00e4\u00e4 6-15 p\u00e4iv\u00e4\u00e4.<\/li>\n<\/ul>\n<p>Kun v\u00e4risev\u00e4\u00e4 muistutuskelloa ei en\u00e4\u00e4 tarvita vessamuistutuksiin, se toimii t\u00e4ydellisesti tavallisena rannekellona.<\/p>\n<h4 style=\"color: #072130;\">P\u00e4ivitt\u00e4inen k\u00e4ytt\u00f6<\/h4>\n<p>Pjama V\u00e4risev\u00e4 h\u00e4lytyskelloa &#8211; musta voivat k\u00e4ytt\u00e4\u00e4 lapset ja aikuiset, jotka k\u00e4rsiv\u00e4t p\u00e4iv\u00e4kastumisesta ja tarvitsevat muistutuksen vessassa k\u00e4ymisest\u00e4.<\/p>\n<ul>\n<li>Paina kerran Time\/Alarm-painiketta n\u00e4ytt\u00e4\u00e4ksesi kellonajan.<\/li>\n<li>Tarkista akun varaustaso (0-100 prosenttia) painamalla Time\/Alarm-painiketta kahdesti.<\/li>\n<li>T\u00e4rin\u00e4 voidaan pys\u00e4ytt\u00e4\u00e4 v\u00e4litt\u00f6m\u00e4sti painamalla painiketta, tai se pys\u00e4htyy automaattisesti 60 sekunnin kuluttua.<\/li>\n<\/ul>\n<p>T\u00e4m\u00e4 v\u00e4risev\u00e4 muistutuskello antaa huomaamattomia v\u00e4rin\u00f6it\u00e4, jotka muistuttavat WC-k\u00e4ynneist\u00e4.<\/p>\n<h4 style=\"color: #072130;\">Kellon lataaminen<\/h4>\n<p>Poista kello silikonisuojuksesta ja liit\u00e4 kellon USB-portti virtal\u00e4hteeseen (5 V) tai kannettavaan tietokoneeseen. Sininen valo osoittaa, ett\u00e4 se latautuu. Kun kello on ladattu 100-prosenttisesti t\u00e4yteen, sininen merkkivalo palaa. T\u00e4yteen ladattuna akku kest\u00e4\u00e4 6-15 p\u00e4iv\u00e4\u00e4. T\u00e4m\u00e4 Pjama V\u00e4risev\u00e4 h\u00e4lytyskello &#8211; musta on suunniteltu kest\u00e4v\u00e4ksi ja helppok\u00e4ytt\u00f6iseksi sek\u00e4 lapsille ett\u00e4 aikuisille.   <\/p>\n<h4 style=\"color: #072130;\">Yksityiskohdat<\/h4>\n<p>Virtal\u00e4hde: DC 5V, lataustulo: Micro USB, K\u00e4ytt\u00f6l\u00e4mp\u00f6tila-alue: 0 &#8211; 45\u00b0Celcius.<\/p>\n<h4 style=\"color: #072130;\">Vinkkej\u00e4 lapsille, joilla on p\u00e4iv\u00e4ll\u00e4 virtsankarkailu<\/h4>\n<p>P\u00e4iv\u00e4saikaan kastuminen on yleinen ongelma lasten keskuudessa. Noin 3-4 % 3-12-vuotiaista lapsista kokee s\u00e4\u00e4nn\u00f6llisesti p\u00e4iv\u00e4kastelua, mutta sit\u00e4 voidaan v\u00e4hent\u00e4\u00e4 asianmukaisella tuella. <\/p>\n<ul>\n<li>Kannusta lasta k\u00e4ym\u00e4\u00e4n s\u00e4\u00e4nn\u00f6llisesti vessassa, vaikka h\u00e4n ei tuntisikaan tarvetta.<\/li>\n<li>Suunnittele kiinte\u00e4t k\u00e4ymisaikataulut ja varmista, ett\u00e4 lapsi tyhjent\u00e4\u00e4 virtsarakkonsa kokonaan.<\/li>\n<li>Virtsaamisp\u00e4iv\u00e4kirja voi auttaa seuraamaan virtsaamistottumuksia ja parantamaan virtsarakon hallintaa.<\/li>\n<li>\u00c4l\u00e4 koskaan rankaise lasta tapaturmista, vaan rohkaise h\u00e4nt\u00e4 ja vahvista h\u00e4nen itseluottamustaan.<\/li>\n<li>Varmista, ett\u00e4 lapsi juo riitt\u00e4v\u00e4sti vett\u00e4 hyv\u00e4n nesteytyksen yll\u00e4pit\u00e4miseksi ja vessak\u00e4yntien tukemiseksi.<\/li>\n<li>Pjama V\u00e4risev\u00e4 h\u00e4lytyskello voi olla hy\u00f6dyllinen apuv\u00e4line muistuttamaan lasta wc:n k\u00e4ytt\u00e4misest\u00e4, varsinkin kun et ole paikalla muistuttamassa h\u00e4nt\u00e4 henkil\u00f6kohtaisesti.<\/li>\n<\/ul>\n<h4 style=\"color: #072130;\">Mit\u00e4 jos lapsesi kastelee y\u00f6ll\u00e4?<\/h4>\n<p>L\u00e4\u00e4ketieteellinen termi vuodepesulle on y\u00f6llinen enureesi. Asiantuntijat arvioivat, ett\u00e4 maailmanlaajuisesti jopa 160 miljoonaa ihmist\u00e4 k\u00e4rsii vuodepesusta. Vuodevedell\u00e4 kastuminen voi vaikuttaa merkitt\u00e4v\u00e4sti perheisiin. On kuitenkin olemassa muutamia vinkkej\u00e4, miten asiaa voidaan hallita:   <\/p>\n<ul>\n<li>Kastelu ei ole lapsesi vika. \u00c4l\u00e4 koskaan rankaise tai kiusaa lasta. <\/li>\n<li>Anna lapsen juoda, mit\u00e4 h\u00e4n haluaa. Ruotsalaiset tutkimukset ovat osoittaneet, ettei sill\u00e4 ole juurikaan vaikutusta y\u00f6kasteluh\u00e4lytin-hoitoihin. <\/li>\n<li>K\u00e4yt\u00e4 <a href=\"https:\/\/pjama.eu\/fi\/tuote\/vedenpitavat-yokastelushortsit\/\">pjamaa, kun<\/a> lapsi nukkuu, sek\u00e4 kotona ett\u00e4 muualla.<\/li>\n<li>K\u00e4yt\u00e4 virtsan vuotamiseen p\u00e4iv\u00e4ll\u00e4 Pjama V\u00e4risev\u00e4 h\u00e4lytyskelloa.<\/li>\n<li>Lataa <a href=\"https:\/\/pjama.eu\/fi\/yokastelu-sovellus\/\">DryGuardians-sovellus k\u00e4ytt\u00e4\u00e4ksesi<\/a> kalenteria ja seurataksesi edistymist\u00e4. T\u00e4st\u00e4 on hy\u00f6ty\u00e4 my\u00f6s silloin, kun otat yhteytt\u00e4 l\u00e4\u00e4k\u00e4riin. <\/li>\n<li>Puhu siit\u00e4! Monet aikuiset ja lapset k\u00e4rsiv\u00e4t vuodepesusta, mutta kukaan ei puhu siit\u00e4. <\/li>\n<\/ul>\n<h4 style=\"color: #072130;\">Haluatko oppia lis\u00e4\u00e4?<\/h4>\n<p>Voit lukea lis\u00e4\u00e4 s\u00e4ngyn kastumisesta kanssamme kohdasta <a href=\"https:\/\/pjama.eu\/fi\/mika-on-enuresis\/\">Mik\u00e4 on Enuresis?.<\/a><\/p>\n","protected":false},"excerpt":{"rendered":"<h4><span data-sheets-root=\"1\">Huomaamaton musta Pjama V\u00e4risev\u00e4 h\u00e4lytyskello &#8211; p\u00e4iv\u00e4kohtaiset muistutukset wc-k\u00e4ynneist\u00e4 tai l\u00e4\u00e4kityksest\u00e4<\/span><\/h4>\n<p>Tyylik\u00e4s ja moderni Pjama V\u00e4risev\u00e4 h\u00e4lytyskello &#8211; musta, jota k\u00e4ytet\u00e4\u00e4n p\u00e4iv\u00e4ll\u00e4 virtsan vuotamiseen muistutuksena vessassa k\u00e4ymisest\u00e4 tai muihin muistutuksiin.<\/p>\n<ul>\n<li>Digitaalinen LED-n\u00e4ytt\u00f6.<\/li>\n<li>Kello n\u00e4ytt\u00e4\u00e4 aikaa aivan kuten tavallinen kello.<\/li>\n<li>H\u00e4lytys voidaan asettaa enint\u00e4\u00e4n 8 kertaa p\u00e4iv\u00e4ss\u00e4.<\/li>\n<li>Nauha on valmistettu pehme\u00e4st\u00e4 ja joustavasta silikonista, joka on s\u00e4\u00e4dett\u00e4viss\u00e4 oikean kokoiseksi.<\/li>\n<li>Lataus Micro USB:n kautta.<\/li>\n<li>T\u00e4yteen ladatun kellon akku kest\u00e4\u00e4 6-15 p\u00e4iv\u00e4\u00e4.<\/li>\n<\/ul>\n<p>Kun kelloa ei en\u00e4\u00e4 tarvita vessak\u00e4yntien muistutuksena, se toimii t\u00e4ydellisesti tavallisena rannekellona.<\/p>\n","protected":false},"featured_media":23523,"template":"","meta":{"_et_pb_use_builder":"","_et_pb_old_content":"","_et_gb_content_width":""},"product_brand":[],"product_cat":[264,222,265],"product_tag":[],"class_list":{"0":"post-23522","1":"product","2":"type-product","3":"status-publish","4":"has-post-thumbnail","6":"product_cat-kello-jossa-on-varinahalytys","7":"product_cat-lapset","8":"product_cat-tarvikkeet_2025","9":"product_shipping_class-eu","11":"first","12":"instock","13":"taxable","14":"shipping-taxable","15":"purchasable","16":"product-type-simple"},"composite_virtual":false,"composite_layout":"","composite_add_to_cart_form_location":"","composite_editable_in_cart":false,"composite_sold_individually_context":"","composite_shop_price_calc":"","composite_components":[],"composite_scenarios":[],"_links":{"self":[{"href":"https:\/\/pjama.eu\/fi\/wp-json\/wp\/v2\/product\/23522","targetHints":{"allow":["GET"]}}],"collection":[{"href":"https:\/\/pjama.eu\/fi\/wp-json\/wp\/v2\/product"}],"about":[{"href":"https:\/\/pjama.eu\/fi\/wp-json\/wp\/v2\/types\/product"}],"wp:featuredmedia":[{"embeddable":true,"href":"https:\/\/pjama.eu\/fi\/wp-json\/wp\/v2\/media\/23523"}],"wp:attachment":[{"href":"https:\/\/pjama.eu\/fi\/wp-json\/wp\/v2\/media?parent=23522"}],"wp:term":[{"taxonomy":"product_brand","embeddable":true,"href":"https:\/\/pjama.eu\/fi\/wp-json\/wp\/v2\/product_brand?post=23522"},{"taxonomy":"product_cat","embeddable":true,"href":"https:\/\/pjama.eu\/fi\/wp-json\/wp\/v2\/product_cat?post=23522"},{"taxonomy":"product_tag","embeddable":true,"href":"https:\/\/pjama.eu\/fi\/wp-json\/wp\/v2\/product_tag?post=23522"}],"curies":[{"name":"wp","href":"https:\/\/api.w.org\/{rel}","templated":true}]}}