{"id":29643,"date":"2022-12-15T14:46:15","date_gmt":"2022-12-15T13:46:15","guid":{"rendered":"https:\/\/pjama.eu\/product\/pjama-variseva-halytyskello-vaaleansininen\/"},"modified":"2025-12-14T19:11:33","modified_gmt":"2025-12-14T18:11:33","slug":"pjama-variseva-halytyskello-vaaleansininen","status":"publish","type":"product","link":"https:\/\/pjama.eu\/fi\/tuote\/pjama-variseva-halytyskello-vaaleansininen\/","title":{"rendered":"Pjama V\u00e4risev\u00e4 h\u00e4lytyskello &#8211; vaaleansininen"},"content":{"rendered":"<h4>Pjama V\u00e4risev\u00e4 h\u00e4lytyskello &#8211; vaaleansininen<\/h4>\n<p>Pjama V\u00e4risev\u00e4 h\u00e4lytyskello on tyylik\u00e4s ja moderni rannekello, jossa on v\u00e4rin\u00e4h\u00e4lytys, jota k\u00e4ytet\u00e4\u00e4n p\u00e4iv\u00e4ll\u00e4 virtsan vuotamisen yhteydess\u00e4 muistutuksena wc:ss\u00e4 k\u00e4ymisest\u00e4. H\u00e4lytys voidaan asettaa enint\u00e4\u00e4n 8 kertaa p\u00e4iv\u00e4ss\u00e4. Ranneke on valmistettu pehme\u00e4st\u00e4 ja joustavasta silikonista, joka on s\u00e4\u00e4dett\u00e4viss\u00e4 oikean kokoiseksi. Pjama V\u00e4risev\u00e4 h\u00e4lytyskello -kellossa on digitaalinen LED-n\u00e4ytt\u00f6. T\u00e4m\u00e4 v\u00e4risev\u00e4 muistutuskello sopii erinomaisesti my\u00f6s lapsille muistutusv\u00e4lineeksi.<br \/>\nKello n\u00e4ytt\u00e4\u00e4 aikaa aivan kuten tavallinen kello.<br \/>\nPjama V\u00e4risev\u00e4 h\u00e4lytyskelloa k\u00e4ytet\u00e4\u00e4n muistuttamaan lapsia tai aikuisia virtsarakon tyhjent\u00e4misest\u00e4 p\u00e4iv\u00e4n aikana tai muistuttamaan muista tarvittavista toimista. Se toimii k\u00e4yt\u00e4nn\u00f6llisen\u00e4 ja huomaamattomana v\u00e4risev\u00e4n\u00e4 rannekellona p\u00e4ivitt\u00e4iseen k\u00e4ytt\u00f6\u00f6n.     <\/p>\n<h4>P\u00c4IVITT\u00c4INEN K\u00c4YTT\u00d6<\/h4>\n<p>Pjama V\u00e4risev\u00e4 h\u00e4lytyskelloa voivat k\u00e4ytt\u00e4\u00e4 lapset ja aikuiset, jotka k\u00e4rsiv\u00e4t p\u00e4iv\u00e4kastumisesta ja tarvitsevat muistutuksia vessassa k\u00e4ymisest\u00e4.<br \/>\n&#8211; Paina kerran Time\/Alarm-painiketta n\u00e4ytt\u00e4\u00e4ksesi kellonajan.<br \/>\n&#8211; Tarkista akun varaustaso (0-100 prosenttia) painamalla Time\/Alarm-painiketta kahdesti.<br \/>\n&#8211; T\u00e4rin\u00e4 voidaan pys\u00e4ytt\u00e4\u00e4 v\u00e4litt\u00f6m\u00e4sti painamalla painiketta, tai se pys\u00e4htyy automaattisesti 60 sekunnin kuluttua.<\/p>\n<p>T\u00e4m\u00e4 lapsille tarkoitettu v\u00e4rin\u00e4kello antaa huomaamattomia v\u00e4rin\u00f6it\u00e4, jotka muistuttavat lapsia WC-k\u00e4ynneist\u00e4.<\/p>\n<h4>KELLON LATAAMINEN<\/h4>\n<p>Poista kello silikonikotelosta ja liit\u00e4 kellon USB-portti virtal\u00e4hteeseen (5 V) tai kannettavaan tietokoneeseen. Sininen valo osoittaa, ett\u00e4 kello latautuu, kun USB-kaapeli on kytketty. Kun kello on ladattu t\u00e4yteen, sininen merkkivalo pysyy p\u00e4\u00e4ll\u00e4. T\u00e4yteen ladattu akku kest\u00e4\u00e4 6-15 p\u00e4iv\u00e4\u00e4.<br \/>\nT\u00e4m\u00e4 v\u00e4r\u00e4htelev\u00e4 kello on suunniteltu kest\u00e4v\u00e4ksi ja helppok\u00e4ytt\u00f6iseksi sek\u00e4 lapsille ett\u00e4 aikuisille.   <\/p>\n<h4>Yksityiskohdat<\/h4>\n<p>Virtal\u00e4hde: DC 5V, Latausliit\u00e4nt\u00e4: Micro USB, L\u00e4mp\u00f6tila-alue: 0\u201345 celsiusastetta.<\/p>\n<h4>Vinkkej\u00e4 lapsille, joilla on p\u00e4iv\u00e4ll\u00e4 virtsankarkailu<\/h4>\n<p>Lasten kastuminen p\u00e4iv\u00e4ll\u00e4 on yleinen ongelma. Noin 3-4 prosenttia 3-12-vuotiaista lapsista vuotaa s\u00e4\u00e4nn\u00f6llisesti p\u00e4iv\u00e4virtsaa, mutta se voi h\u00e4vit\u00e4 asianmukaisen tuen avulla. <\/p>\n<ul>\n<li>Kannusta lasta k\u00e4ym\u00e4\u00e4n s\u00e4\u00e4nn\u00f6llisesti vessassa, vaikka h\u00e4n ei tuntisikaan tarvetta.<\/li>\n<li>Suunnittele s\u00e4\u00e4nn\u00f6lliset vessak\u00e4ynnit ja varmista, ett\u00e4 lapsi tyhjent\u00e4\u00e4 virtsarakkonsa kokonaan.<\/li>\n<li>Pissap\u00e4iv\u00e4kirja voi auttaa seuraamaan tapoja ja parantamaan virtsarakon hallintaa.<\/li>\n<li>\u00c4l\u00e4 koskaan rankaise lasta tapaturmista, vaan rohkaise ja rakenna h\u00e4nen luottamustaan.<\/li>\n<li>Varmista, ett\u00e4 lapsi juo riitt\u00e4v\u00e4sti, jotta h\u00e4n voi yll\u00e4pit\u00e4\u00e4 asianmukaista nesteytyst\u00e4 ja helpottaa k\u00e4ym\u00e4l\u00e4k\u00e4yntej\u00e4.<\/li>\n<li>Pjama V\u00e4risev\u00e4 h\u00e4lytyskello voi olla hyv\u00e4 apuv\u00e4line muistuttamaan lasta vessassa k\u00e4ymisest\u00e4, varsinkin kun et voi itse olla paikalla muistuttamassa.<\/li>\n<\/ul>\n<h4>Jos lapsesi kastelee s\u00e4ngyn y\u00f6ll\u00e4<\/h4>\n<p>L\u00e4\u00e4ketieteellinen termi vuodepesulle on y\u00f6llinen enureesi. Asiantuntijat arvioivat, ett\u00e4 maailmanlaajuisesti jopa 160 miljoonaa ihmist\u00e4 k\u00e4rsii vuodepesusta. Vuodevedell\u00e4 kastuminen voi vaikuttaa kielteisesti perheisiin, mutta on olemassa joitakin vinkkej\u00e4 ongelman hallintaan. T\u00e4ss\u00e4 on pieni luettelo, josta voi olla apua:   <\/p>\n<ul>\n<li>Kastelu ei ole lapsesi vika. \u00c4l\u00e4 rankaise tai kiusaa lasta. <\/li>\n<li>Anna lapsen juoda niin paljon kuin h\u00e4n haluaa. Ruotsalaiset tutkimukset ovat osoittaneet, ettei sill\u00e4 ole juurikaan vaikutusta y\u00f6kasteluh\u00e4lytimen hoitoon. <\/li>\n<li>K\u00e4yt\u00e4 <a href=\"https:\/\/pjama.eu\/fi\/pjama-bedwetting-shop\/\">pjamaa, kun<\/a> lapsi nukkuu, sek\u00e4 kotona ett\u00e4 muualla.<\/li>\n<li>K\u00e4yt\u00e4 virtsan vuotamiseen p\u00e4iv\u00e4ll\u00e4 Pjama V\u00e4risev\u00e4 h\u00e4lytyskelloa.<\/li>\n<li>Lataa <a href=\"https:\/\/pjama.eu\/fi\/dryguardians-app-auttaa-sinua-hoitamaan-kastelua-ilmaiseksi\/\">DryGuardians-sovellus k\u00e4ytt\u00e4\u00e4ksesi<\/a> kalenteria ja seurataksesi edistymist\u00e4. T\u00e4st\u00e4 on hy\u00f6ty\u00e4 my\u00f6s silloin, kun otat yhteytt\u00e4 l\u00e4\u00e4k\u00e4riin.<\/li>\n<li>Puhu siit\u00e4! Monet aikuiset ja lapset k\u00e4rsiv\u00e4t vuodepesusta, mutta kukaan ei puhu siit\u00e4. <\/li>\n<\/ul>\n<h4>Haluatko tiet\u00e4\u00e4 lis\u00e4\u00e4?<\/h4>\n<p>Voit lukea lis\u00e4\u00e4 vuodepesusta &#8221;<a href=\"https:\/\/pjama.eu\/fi\/mika-on-enuresis\/\">Mit\u00e4 on nukahtaminen?&#8221; -sivulta.<\/a><\/p>\n","protected":false},"excerpt":{"rendered":"<h4>Pjama V\u00e4risev\u00e4 h\u00e4lytyskello &#8211; vaaleansininen<\/h4>\n<p>Tyylik\u00e4s ja moderni Pjama V\u00e4risev\u00e4 h\u00e4lytyskello, jota k\u00e4ytet\u00e4\u00e4n p\u00e4iv\u00e4ll\u00e4 virtsan vuotamiseen muistutuksena WC:n k\u00e4yt\u00f6st\u00e4 tai muihin muistutuksiin.<\/p>\n<ul>\n<li>Digitaalinen LED-n\u00e4ytt\u00f6.<\/li>\n<li>Kello n\u00e4ytt\u00e4\u00e4 aikaa aivan kuten tavallinen kello.<\/li>\n<li>H\u00e4lytys voidaan asettaa enint\u00e4\u00e4n 8 kertaa p\u00e4iv\u00e4ss\u00e4.<\/li>\n<li>Nauha on valmistettu pehme\u00e4st\u00e4 ja joustavasta silikonista, joka on s\u00e4\u00e4dett\u00e4viss\u00e4 oikean kokoiseksi.<\/li>\n<li>Lataus Micro USB:n kautta.<\/li>\n<li>T\u00e4yteen ladatun kellon akku kest\u00e4\u00e4 6-15 p\u00e4iv\u00e4\u00e4.<\/li>\n<\/ul>\n<p>Kun pjama v\u00e4risev\u00e4 h\u00e4lytyskelloa ei en\u00e4\u00e4 tarvita vessamuistutuksiin, sit\u00e4 voidaan k\u00e4ytt\u00e4\u00e4 tavallisena rannekellona.<\/p>\n","protected":false},"featured_media":24776,"template":"","meta":{"_et_pb_use_builder":"","_et_pb_old_content":"","_et_gb_content_width":""},"product_brand":[],"product_cat":[264,265],"product_tag":[],"class_list":{"0":"post-29643","1":"product","2":"type-product","3":"status-publish","4":"has-post-thumbnail","6":"product_cat-kello-jossa-on-varinahalytys","7":"product_cat-tarvikkeet_2025","8":"product_shipping_class-eu","10":"first","11":"instock","12":"taxable","13":"shipping-taxable","14":"purchasable","15":"product-type-simple"},"composite_virtual":false,"composite_layout":"","composite_add_to_cart_form_location":"","composite_editable_in_cart":false,"composite_sold_individually_context":"","composite_shop_price_calc":"","composite_components":[],"composite_scenarios":[],"_links":{"self":[{"href":"https:\/\/pjama.eu\/fi\/wp-json\/wp\/v2\/product\/29643","targetHints":{"allow":["GET"]}}],"collection":[{"href":"https:\/\/pjama.eu\/fi\/wp-json\/wp\/v2\/product"}],"about":[{"href":"https:\/\/pjama.eu\/fi\/wp-json\/wp\/v2\/types\/product"}],"wp:featuredmedia":[{"embeddable":true,"href":"https:\/\/pjama.eu\/fi\/wp-json\/wp\/v2\/media\/24776"}],"wp:attachment":[{"href":"https:\/\/pjama.eu\/fi\/wp-json\/wp\/v2\/media?parent=29643"}],"wp:term":[{"taxonomy":"product_brand","embeddable":true,"href":"https:\/\/pjama.eu\/fi\/wp-json\/wp\/v2\/product_brand?post=29643"},{"taxonomy":"product_cat","embeddable":true,"href":"https:\/\/pjama.eu\/fi\/wp-json\/wp\/v2\/product_cat?post=29643"},{"taxonomy":"product_tag","embeddable":true,"href":"https:\/\/pjama.eu\/fi\/wp-json\/wp\/v2\/product_tag?post=29643"}],"curies":[{"name":"wp","href":"https:\/\/api.w.org\/{rel}","templated":true}]}}