{"id":29644,"date":"2022-12-15T14:22:15","date_gmt":"2022-12-15T13:22:15","guid":{"rendered":"https:\/\/pjama.eu\/product\/pjama-variseva-halytyskello-vaaleanpunainen\/"},"modified":"2026-04-24T11:32:16","modified_gmt":"2026-04-24T09:32:16","slug":"vaaleanpunainen-variseva-muistutuskello","status":"publish","type":"product","link":"https:\/\/pjama.eu\/fi\/tuote\/vaaleanpunainen-variseva-muistutuskello\/","title":{"rendered":"Pjama V\u00e4risev\u00e4 h\u00e4lytyskello &#8211; vaaleanpunainen"},"content":{"rendered":"<h3 style=\"color: #d35917;\">Pjama V\u00e4risev\u00e4 h\u00e4lytyskello vaaleanpunainen<\/h3>\n<p>Tyylik\u00e4s ja moderni vaaleanpunainen Pjama V\u00e4risev\u00e4 h\u00e4lytyskello, jota k\u00e4ytet\u00e4\u00e4n p\u00e4iv\u00e4ll\u00e4 virtsan vuotamiseen muistutuksena vessassa k\u00e4ymisest\u00e4 tai muihin muistutuksiin. H\u00e4lytys voidaan asettaa enint\u00e4\u00e4n 8 kertaa p\u00e4iv\u00e4ss\u00e4. Nauha on valmistettu pehme\u00e4st\u00e4 ja joustavasta silikonista, joka on s\u00e4\u00e4dett\u00e4viss\u00e4 oikean kokoiseksi. Pjama V\u00e4risev\u00e4 h\u00e4lytyskello Pink on digitaalinen LED-n\u00e4ytt\u00f6. T\u00e4m\u00e4 v\u00e4risev\u00e4 kello sopii my\u00f6s lasten muistutusv\u00e4lineeksi. <\/p>\n<p>Kello n\u00e4ytt\u00e4\u00e4 aikaa aivan kuten tavallinen kello. Pjama V\u00e4risev\u00e4 h\u00e4lytyskello Pink k\u00e4ytet\u00e4\u00e4n muistuttamaan lapsia tai aikuisia virtsarakon tyhjent\u00e4misest\u00e4 p\u00e4iv\u00e4n aikana tai muistuttamaan muista tarpeellisista teht\u00e4vist\u00e4. Se toimii v\u00e4risev\u00e4n\u00e4 rannekellona k\u00e4yt\u00e4nn\u00f6lliseen ja huomaamattomaan k\u00e4ytt\u00f6\u00f6n jokap\u00e4iv\u00e4isess\u00e4 el\u00e4m\u00e4ss\u00e4. <\/p>\n<h4 style=\"color: #072130;\">P\u00e4ivitt\u00e4inen k\u00e4ytt\u00f6<\/h4>\n<p>Vaaleanpunaista Pjama V\u00e4risev\u00e4\u00e4 h\u00e4lytyskelloa voivat k\u00e4ytt\u00e4\u00e4 lapset ja aikuiset, jotka k\u00e4rsiv\u00e4t virtsan vuotamisesta p\u00e4iv\u00e4ll\u00e4 ja tarvitsevat muistutuksia vessassa k\u00e4ymisest\u00e4.<\/p>\n<ul>\n<li>Paina Time\/Alarm-painiketta kerran n\u00e4ytt\u00e4\u00e4ksesi kellonajan.<\/li>\n<li>Tarkista akun varaustaso (0-100 %) painamalla Time\/Alarm-painiketta kahdesti.<\/li>\n<li>T\u00e4rin\u00e4 voidaan pys\u00e4ytt\u00e4\u00e4 v\u00e4litt\u00f6m\u00e4sti painamalla painiketta, tai se pys\u00e4htyy automaattisesti 60 sekunnin kuluttua.<\/li>\n<\/ul>\n<p>T\u00e4m\u00e4 lapsille tarkoitettu v\u00e4rin\u00e4kello antaa palautetta huomaamattomilla v\u00e4rin\u00f6ill\u00e4, jotka muistuttavat lapsia vessak\u00e4ynneist\u00e4.<\/p>\n<h4 style=\"color: #072130;\">Kellon lataaminen<\/h4>\n<p>Irrota pjama V\u00e4risev\u00e4 h\u00e4lytyskello silikonikotelosta ja liit\u00e4 kellon USB-portti virtal\u00e4hteeseen (5 V) tai kannettavaan tietokoneeseen. Kun USB-kaapeli on kytketty, sininen valo osoittaa, ett\u00e4 kello latautuu. Kun kello on ladattu t\u00e4yteen (100 %), sininen merkkivalo j\u00e4\u00e4 palamaan.   T\u00e4yteen ladatun kellon akku kest\u00e4\u00e4 6-15 p\u00e4iv\u00e4\u00e4. T\u00e4m\u00e4 v\u00e4rin\u00e4kello on suunniteltu kest\u00e4v\u00e4ksi ja helppok\u00e4ytt\u00f6iseksi sek\u00e4 lapsille ett\u00e4 aikuisille.<\/p>\n<h4 style=\"color: #072130;\">Yksityiskohdat<\/h4>\n<p>Power Source: DC 5V, Charging Input: Micro USB, Operating Temperature: 0 to 45\u00b0 Celcius.<\/p>\n<h4 style=\"color: #072130;\">Vinkkej\u00e4 lapsille, joilla on p\u00e4iv\u00e4ll\u00e4 virtsankarkailu<\/h4>\n<p>Lasten tapaturmat p\u00e4iv\u00e4ll\u00e4 ovat yleisi\u00e4. Noin 3-4 %:lla 3-12-vuotiaista lapsista esiintyy s\u00e4\u00e4nn\u00f6llisi\u00e4 p\u00e4iv\u00e4vuotoja, mutta ne voivat h\u00e4vit\u00e4 asianmukaisella tuella. <\/p>\n<ul>\n<li>Kannusta lasta k\u00e4ym\u00e4\u00e4n s\u00e4\u00e4nn\u00f6llisesti vessassa, vaikka h\u00e4n ei tuntisikaan tarvetta.<\/li>\n<li>Suunnittele kiinte\u00e4t ajat k\u00e4ym\u00e4l\u00e4k\u00e4ynneille ja varmista, ett\u00e4 lapsi tyhjent\u00e4\u00e4 virtsarakkonsa kokonaan.<\/li>\n<li>Virtsap\u00e4iv\u00e4kirja voi auttaa seuraamaan virtsaamistottumuksia ja parantamaan virtsaamisen hallintaa.<\/li>\n<li>\u00c4l\u00e4 koskaan rankaise lasta tapaturmista &#8211; rohkaise ja rakenna h\u00e4nen itseluottamustaan.<\/li>\n<li>Varmista, ett\u00e4 lapsi juo riitt\u00e4v\u00e4sti, jotta h\u00e4nen nestetasapainonsa s\u00e4ilyy hyv\u00e4n\u00e4 ja vessak\u00e4ynnit helpottuvat.<\/li>\n<li>V\u00e4r\u00e4htelev\u00e4 rannekello voi olla hy\u00f6dyllinen v\u00e4line, joka muistuttaa lasta k\u00e4ym\u00e4\u00e4n vessassa, varsinkin kun et voi olla paikalla muistuttamassa h\u00e4nt\u00e4 henkil\u00f6kohtaisesti.<\/li>\n<\/ul>\n<h4 style=\"color: #072130;\">Jos lapsesi kastelee s\u00e4ngyn y\u00f6ll\u00e4<\/h4>\n<p>L\u00e4\u00e4ketieteellinen termi vuodepesulle on y\u00f6llinen enureesi. Asiantuntijat arvioivat, ett\u00e4 maailmanlaajuisesti jopa 160 miljoonaa ihmist\u00e4 k\u00e4rsii vuodepesusta. Vuodevedell\u00e4 kastuminen voi vaikuttaa merkitt\u00e4v\u00e4sti perheisiin, mutta on olemassa vinkkej\u00e4, miten asiaa voi hallita. Seuraavassa on muutamia hy\u00f6dyllisi\u00e4 ehdotuksia:   <\/p>\n<ul>\n<li>Kastelu ei ole lapsesi vika. \u00c4l\u00e4 rankaise tai kiusaa h\u00e4nt\u00e4. <\/li>\n<li>Anna lapsen juoda niin paljon kuin h\u00e4n haluaa. Ruotsalaiset tutkimukset ovat osoittaneet, ett\u00e4 t\u00e4ll\u00e4 ei ole juurikaan vaikutusta y\u00f6kasteluh\u00e4lytyshoitoihin. <\/li>\n<li>K\u00e4yt\u00e4 <a href=\"https:\/\/pjama.eu\/fi\/tuote\/vedenpitavat-yokastelushortsit\/\">pjamaa, kun<\/a> lapsi nukkuu, sek\u00e4 kotona ett\u00e4 matkoilla.<\/li>\n<li>K\u00e4yt\u00e4 p\u00e4iv\u00e4ll\u00e4 tapahtuvaan virtsavuotoon Pjaman V\u00e4risev\u00e4 h\u00e4lytyskello Pink.<\/li>\n<li>Lataa <a href=\"https:\/\/pjama.eu\/fi\/yokastelu-sovellus\/\">DryGuardians-sovellus k\u00e4ytt\u00e4\u00e4ksesi<\/a> kalenteria ja seurataksesi edistymist\u00e4. T\u00e4st\u00e4 on hy\u00f6ty\u00e4 my\u00f6s silloin, kun otat yhteytt\u00e4 l\u00e4\u00e4k\u00e4riin.<\/li>\n<li>Puhu siit\u00e4! Monet aikuiset ja lapset k\u00e4rsiv\u00e4t vuodepesusta, mutta kukaan ei puhu siit\u00e4. <\/li>\n<\/ul>\n<h4 style=\"color: #072130;\">Haluatko tiet\u00e4\u00e4 lis\u00e4\u00e4?<\/h4>\n<p>Voit lukea lis\u00e4\u00e4 s\u00e4ngyn kastumisesta sivuiltamme: <a href=\"https:\/\/pjama.eu\/fi\/mika-on-enuresis\/\">Mik\u00e4 on enureesi?<\/a><\/p>\n","protected":false},"excerpt":{"rendered":"<h4><span data-sheets-root=\"1\">Huomaamaton pjama V\u00e4risev\u00e4 h\u00e4lytyskello vaaleanpunainen &#8211; p\u00e4iv\u00e4kohtaiset muistutukset wc-k\u00e4ynneist\u00e4 tai l\u00e4\u00e4kityksest\u00e4<\/span><\/h4>\n<p>Tyylik\u00e4s ja moderni vaaleanpunainen Pjama V\u00e4risev\u00e4 h\u00e4lytyskello, jota k\u00e4ytet\u00e4\u00e4n p\u00e4iv\u00e4ll\u00e4 virtsan vuotamiseen muistutuksena vessassa k\u00e4ymisest\u00e4 tai muihin muistutuksiin.<\/p>\n<ul>\n<li>Digitaalinen LED-n\u00e4ytt\u00f6.<\/li>\n<li>Kello n\u00e4ytt\u00e4\u00e4 ajan aivan kuten tavallinen kello.<\/li>\n<li>H\u00e4lytys voidaan asettaa enint\u00e4\u00e4n 8 h\u00e4lytysjaksolle p\u00e4iv\u00e4ss\u00e4.<\/li>\n<li>Nauha on valmistettu pehme\u00e4st\u00e4 ja joustavasta silikonista, joka on s\u00e4\u00e4dett\u00e4viss\u00e4 oikean kokoiseksi.<\/li>\n<li>Lataus Micro USB:ll\u00e4.<\/li>\n<li>T\u00e4yteen ladattu akku voi kest\u00e4\u00e4 6-15 p\u00e4iv\u00e4\u00e4.<\/li>\n<\/ul>\n<p>Kun kelloa ei en\u00e4\u00e4 tarvita muistutuksena WC-k\u00e4ynneist\u00e4, sit\u00e4 voidaan k\u00e4ytt\u00e4\u00e4 tavallisena rannekellona.<\/p>\n","protected":false},"featured_media":24777,"template":"","meta":{"_et_pb_use_builder":"","_et_pb_old_content":"","_et_gb_content_width":""},"product_brand":[],"product_cat":[264,222,265],"product_tag":[],"class_list":{"0":"post-29644","1":"product","2":"type-product","3":"status-publish","4":"has-post-thumbnail","6":"product_cat-kello-jossa-on-varinahalytys","7":"product_cat-lapset","8":"product_cat-tarvikkeet_2025","9":"product_shipping_class-eu","11":"first","12":"instock","13":"taxable","14":"shipping-taxable","15":"purchasable","16":"product-type-simple"},"composite_virtual":false,"composite_layout":"","composite_add_to_cart_form_location":"","composite_editable_in_cart":false,"composite_sold_individually_context":"","composite_shop_price_calc":"","composite_components":[],"composite_scenarios":[],"_links":{"self":[{"href":"https:\/\/pjama.eu\/fi\/wp-json\/wp\/v2\/product\/29644","targetHints":{"allow":["GET"]}}],"collection":[{"href":"https:\/\/pjama.eu\/fi\/wp-json\/wp\/v2\/product"}],"about":[{"href":"https:\/\/pjama.eu\/fi\/wp-json\/wp\/v2\/types\/product"}],"wp:featuredmedia":[{"embeddable":true,"href":"https:\/\/pjama.eu\/fi\/wp-json\/wp\/v2\/media\/24777"}],"wp:attachment":[{"href":"https:\/\/pjama.eu\/fi\/wp-json\/wp\/v2\/media?parent=29644"}],"wp:term":[{"taxonomy":"product_brand","embeddable":true,"href":"https:\/\/pjama.eu\/fi\/wp-json\/wp\/v2\/product_brand?post=29644"},{"taxonomy":"product_cat","embeddable":true,"href":"https:\/\/pjama.eu\/fi\/wp-json\/wp\/v2\/product_cat?post=29644"},{"taxonomy":"product_tag","embeddable":true,"href":"https:\/\/pjama.eu\/fi\/wp-json\/wp\/v2\/product_tag?post=29644"}],"curies":[{"name":"wp","href":"https:\/\/api.w.org\/{rel}","templated":true}]}}