{"id":31030,"date":"2026-02-20T19:01:38","date_gmt":"2026-02-20T18:01:38","guid":{"rendered":"https:\/\/pjama.eu\/?post_type=product&#038;p=31030"},"modified":"2026-03-11T06:30:28","modified_gmt":"2026-03-11T05:30:28","slug":"pjama-dryguardians-alusvaate-ja-halytinsarja-bokserit-copy","status":"publish","type":"product","link":"https:\/\/pjama.eu\/fi\/tuote\/pjama-dryguardians-alusvaate-ja-halytinsarja-bokserit-copy\/","title":{"rendered":"DryGuardians Y\u00f6kasteluh\u00e4lytin &#8211; Standard"},"content":{"rendered":"<h2>DryGuardians Y\u00f6kasteluh\u00e4lytin Standard &#8211; T\u00e4ydellinen Y\u00f6kasteluh\u00e4lytin Standard Kit luotettavaa hoitoa varten.<\/h2>\n<p><strong>DryGuardians Y\u00f6kasteluh\u00e4lytin Standard on<\/strong> j\u00e4sennelty ja luotettava ratkaisu perheille, jotka etsiv\u00e4t tehokasta tapaa hallita kastelua. T\u00e4ss\u00e4 Y\u00f6kasteluh\u00e4lytin Standard -pakkauksessa yhdistyv\u00e4t edistyksellinen h\u00e4lytysteknologia ja kaksi paria anturilla varustettuja alusvaatteita, jotka antavat lapsellesi johdonmukaisuutta ja mukavuutta, jota tarvitaan onnistuneeseen hoitoon. T\u00e4m\u00e4 jokap\u00e4iv\u00e4iseen k\u00e4ytt\u00f6\u00f6n suunniteltu Standard-versio tarjoaa kaiken tarvittavan turvallisen ja k\u00e4yt\u00e4nn\u00f6llisen vedenpaisumuksen hoidon aloittamiseen kotona.  <\/p>\n<p>Lataa DryGuardians-sovellus <a href=\"https:\/\/play.google.com\/store\/apps\/details?id=com.pjama&amp;hl=fi&amp;gl=FI\" target=\"_blank\" rel=\"noopener\">Google Playsta tai<\/a> <a href=\"https:\/\/apps.apple.com\/fi\/app\/dryguardians\/id1498084664\" target=\"_blank\" rel=\"noopener\">App Storesta seurataksesi<\/a> edistymist\u00e4 ja saadaksesi henkil\u00f6kohtaista opastusta koko y\u00f6llisen enureesin hoidon ajan.<\/p>\n<h3>Y\u00f6kasteluh\u00e4lytinin ominaisuudet<\/h3>\n<p>Y\u00f6kasteluh\u00e4lytin -standardij\u00e4rjestelm\u00e4 on kehitetty tukemaan lapsia, jotka k\u00e4rsiv\u00e4t y\u00f6llisist\u00e4 kastelu- ja virtsaamisonnettomuuksista. Se toimii strukturoituna enureesih\u00e4lytysj\u00e4rjestelm\u00e4n\u00e4, joka auttaa aivoja v\u00e4hitellen reagoimaan kehon signaaleihin unen aikana. <\/p>\n<p>Anturi kiinnitet\u00e4\u00e4n DryGuardians-alusvaatteisiin ja yhdistet\u00e4\u00e4n langattomasti h\u00e4lytysyksikk\u00f6\u00f6n. Kun kosteus havaitaan, kosteusanturin h\u00e4lytys aktivoituu v\u00e4litt\u00f6m\u00e4sti, mik\u00e4 auttaa lasta her\u00e4\u00e4m\u00e4\u00e4n ja k\u00e4ym\u00e4\u00e4n vessassa. <\/p>\n<p>T\u00e4ss\u00e4 menetelm\u00e4ss\u00e4 keskityt\u00e4\u00e4n tietoisuuden lis\u00e4\u00e4miseen ja pitk\u00e4aikaisten kuivien \u00f6iden tukemiseen johdonmukaisuuden ja rutiinin avulla.<\/p>\n<h3>Miksi valita standardiversio?<\/h3>\n<p>Vakiopakkaus sis\u00e4lt\u00e4\u00e4:<\/p>\n<ul>\n<li><strong>2 x DryGuardians alusvaatteet (<\/strong> bokserit tai briefs-malli)<\/li>\n<li><strong>1 x DryGuardians Y\u00f6kasteluh\u00e4lytin (<\/strong> anturi + \u00e4\u00e4niyksikk\u00f6)<\/li>\n<\/ul>\n<p>Kaksi paria hoitokalsareita takaa:<\/p>\n<ul>\n<li>Helppo hygieniakierto<\/li>\n<li>Jatkuva hoito my\u00f6s pesuohjelmien aikana<\/li>\n<li>Suurempi mukavuus kiireisille perheille<\/li>\n<li>Parempi pitk\u00e4n aikav\u00e4lin arvo verrattuna yhden vaatteen ratkaisuihin.<\/li>\n<\/ul>\n<p>Y\u00f6kasteluh\u00e4lytin-j\u00e4rjestelm\u00e4n vakiopakkaus on ihanteellinen perheille, jotka haluavat t\u00e4ydellisen ja k\u00e4yt\u00e4nn\u00f6llisen j\u00e4rjestelm\u00e4n ilman tarpeetonta monimutkaisuutta.<\/p>\n<h3>Suunniteltu tarkkaa ja luotettavaa havaitsemista varten<\/h3>\n<p>DryGuardians-alusvaatteet on varustettu kohdealueelle ommelluilla anturilangoilla. N\u00e4m\u00e4 langat laajentavat tunnistuspintaa, jolloin enureesih\u00e4lytin reagoi nopeasti ja luotettavasti. <\/p>\n<p>Riippumatta siit\u00e4, miss\u00e4 asennossa lapsi nukkuu, kosteusanturih\u00e4lytin havaitsee varhaiset merkit kastumisesta ja aktivoi h\u00e4lytysyksik\u00f6n. T\u00e4m\u00e4 v\u00e4lit\u00f6n palaute tukee oppimisprosessia ja auttaa v\u00e4hent\u00e4m\u00e4\u00e4n toistuvia y\u00f6llisi\u00e4 virtsaamisonnettomuuksia ajan my\u00f6t\u00e4. <\/p>\n<p>Saatavilla on sek\u00e4 bokserit ett\u00e4 briefs-malli, joten voit valita istuvuuden, joka tuntuu lapsestasi luonnollisimmalta ja mukavimmalta.<\/p>\n<h3>K\u00e4ytt\u00f6 &#8211; Yksinkertainen ja lapsiyst\u00e4v\u00e4llinen<\/h3>\n<p>DryGuardians-alusvaatteet tuntuvat aivan tavallisilta alusvaatteilta. Vaatteet ovat pehmeit\u00e4, huomaamattomia ja valmistettu \u00d6ko-Tex-sertifioiduista kankaista, jotka ovat hell\u00e4varaisia lasten iholle. <\/p>\n<p>Alusvaatteet eiv\u00e4t ime nestett\u00e4. Sen sijaan keskityt\u00e4\u00e4n s\u00e4ngyn kastelun lopettamiseen h\u00e4lytyspohjaisen harjoittelun avulla. <\/p>\n<h3>Kuinka k\u00e4ytt\u00e4\u00e4 Y\u00f6kasteluh\u00e4lytint\u00e4 Standardia:<\/h3>\n<ol>\n<li>Napsauta anturi vy\u00f6t\u00e4r\u00f6nauhan painikkeisiin.<\/li>\n<li>Sijoita h\u00e4lytysyksikk\u00f6 l\u00e4helle s\u00e4nky\u00e4 (enint\u00e4\u00e4n 10 metrin p\u00e4\u00e4h\u00e4n).<\/li>\n<li>Laita h\u00e4lytys p\u00e4\u00e4lle ennen nukkumaanmenoa.<\/li>\n<li>Jos kosteutta havaitaan, h\u00e4lytys aktivoituu.<\/li>\n<li>Lapsesi sammuttaa h\u00e4lytyksen ja menee vessaan.<\/li>\n<\/ol>\n<p>H\u00e4lytysyksikk\u00f6 (kaiutin) on ladattavissa USB:ll\u00e4, ja anturi voi my\u00f6s muodostaa yhteyden DryGuardians App -sovellukseen lis\u00e4tukea varten.<\/p>\n<h3>Anturin hoito<\/h3>\n<p><span style=\"font-weight: 400;\">Parhaan suorituskyvyn saavuttamiseksi irrota ja kuivaa anturi aina k\u00e4yt\u00f6n j\u00e4lkeen.<\/span><span style=\"font-weight: 400;\"><br \/>\n<\/span><span style=\"font-weight: 400;\">V\u00e4lt\u00e4 j\u00e4tt\u00e4m\u00e4st\u00e4 sit\u00e4 kiinni m\u00e4rk\u00e4\u00e4n vaatteeseen &#8211; t\u00e4m\u00e4 est\u00e4\u00e4 korroosiota ja pident\u00e4\u00e4 akun k\u00e4ytt\u00f6ik\u00e4\u00e4.<\/span><\/p>\n<h3>DryGuardians Y\u00f6kasteluh\u00e4lytin Standardin ominaisuudet ja edut<\/h3>\n<ul>\n<li>Strukturoitu ja tehokas kastumisen hoitoj\u00e4rjestelm\u00e4<\/li>\n<li>Langaton kosteusanturin h\u00e4lytystekniikka<\/li>\n<li>Kaksi paria alusvaatteita hygieniaa ja vaihtelua varten.<\/li>\n<li>Suuri tunnistusalue tarkkaa reagointia varten<\/li>\n<li>Pehme\u00e4t, miellytt\u00e4v\u00e4t materiaalit<\/li>\n<li>Konepest\u00e4v\u00e4 60\u00b0C:ssa ja kuivausrumpu turvallinen.<\/li>\n<li>USB-ladattava h\u00e4lytysyksikk\u00f6 (kaiutin)<\/li>\n<li>Sovellusyhteys edistymisen seurantaa varten<\/li>\n<li>Tukee lapsen luottamusta ja itsen\u00e4isyytt\u00e4<\/li>\n<\/ul>\n<p>T\u00e4m\u00e4 mukavuuden, luotettavuuden ja k\u00e4yt\u00e4nn\u00f6llisen muotoilun yhdistelm\u00e4 tekee Y\u00f6kasteluh\u00e4lytin standardista luotettavan valinnan perheille, jotka hallitsevat kastelua kotona.<\/p>\n<h2>Hoitoprosessi &#8211; Johdonmukaisuus luo tuloksia<\/h2>\n<p>Kastelun hallinta vaatii k\u00e4rsiv\u00e4llisyytt\u00e4, rohkaisua ja realistisia odotuksia. Ensimm\u00e4iset viikot saattavat vaatia lis\u00e4tukea, mutta Y\u00f6kasteluh\u00e4lytin-standardin johdonmukainen y\u00f6llinen k\u00e4ytt\u00f6 auttaa rakentamaan tietoisuutta ja uusia tapoja. <\/p>\n<ul>\n<li>Vanhemmilla on t\u00e4rke\u00e4 rooli:<\/li>\n<li>Positiivisen vahvistuksen tarjoaminen<\/li>\n<li>S\u00e4\u00e4nn\u00f6llisten nukkumaanmenorutiinien yll\u00e4pit\u00e4minen<\/li>\n<li>Pienten parannusten juhlistaminen<\/li>\n<\/ul>\n<p>Rakenteiden ja kannustuksen avulla monet perheet voivat edet\u00e4 tasaisesti kohti kuivia \u00f6it\u00e4.<\/p>\n<p>DryGuardians-sovellus on ladattavissa ilmaiseksi <a href=\"https:\/\/play.google.com\/store\/apps\/details?id=com.pjama&amp;hl=fi&amp;gl=FI\" target=\"_blank\" rel=\"noopener\">Google Playsta tai<\/a> <a href=\"https:\/\/apps.apple.com\/fi\/app\/dryguardians\/id1498084664\" target=\"_blank\" rel=\"noopener\">App Storesta.<\/a> Lue lis\u00e4\u00e4 bedwetting-klinikastamme ja siit\u00e4, miten voimme auttaa sinua tai lastasi <a href=\"https:\/\/pjama.eu\/fi\/\">verkkosivustollamme.<\/a> <\/p>\n<h3>Hoitoprosessi &#8211; motivaatio ja k\u00e4rsiv\u00e4llisyys ovat avainasemassa<\/h3>\n<p><strong>DryGuardians Y\u00f6kasteluh\u00e4lytin Standard tarjoaa<\/strong> k\u00e4yt\u00e4nn\u00f6llisen ja t\u00e4ydellisen ratkaisun perheille, jotka ovat valmiita ottamaan seuraavan askeleen kastelun hallinnassa. Kahden parin anturilla varustettujen alusvaatteiden ja luotettavan y\u00f6kastelun h\u00e4lytysj\u00e4rjestelm\u00e4n ansiosta sinulla on kaikki tarvittava alkuun. <\/p>\n<p>Tilaa Y\u00f6kasteluh\u00e4lytin vakiovarusteena jo t\u00e4n\u00e4\u00e4n ja tue lastasi matkalla kohti suurempaa itseluottamusta, itsen\u00e4isyytt\u00e4 ja rauhallisempia \u00f6it\u00e4.<\/p>\n<p>\u00a9 2024 Pjama.<\/p>\n","protected":false},"excerpt":{"rendered":"<h2>DryGuardians Y\u00f6kasteluh\u00e4lytin Standard<\/h2>\n<p>DryGuardians Y\u00f6kasteluh\u00e4lytin Standard on t\u00e4ydellinen ratkaisu tehokkaaseen kastelun hoitoon kotona.<\/p>\n<p>Sis\u00e4lt\u00e4\u00e4 2 <strong>x DryGuardians-alusvaatteet (<\/strong> bokserimalli tai briefs-malli) ja 1 x <strong>Y\u00f6kasteluh\u00e4lytin (anturi +<\/strong> \u00e4\u00e4niyksikk\u00f6).<\/p>\n<ul>\n<li>Kaksi paria helppoon hygieniakiertoon<\/li>\n<li>Nopea ja luotettava kosteuden havaitseminen<\/li>\n<li>Pehme\u00e4t ja mukavat kuin tavalliset alusvaatteet<\/li>\n<li>Konepest\u00e4v\u00e4 60\u00b0C:ssa ja kuivausrumpu turvallinen.<\/li>\n<\/ul>\n<p>Yksinkertainen, j\u00e4sennelty tapa tukea kuivia \u00f6it\u00e4 ja itseluottamuksen kasvua.<\/p>\n<p>Lataa DryGuardians-sovellus, ilmainen hoitopalvelu vuodekastelijoille, Google <a href=\"https:\/\/play.google.com\/store\/apps\/details?id=com.pjama&amp;hl=fi&amp;gl=FI\">Playsta tai App Storesta<\/a> <a href=\"https:\/\/apps.apple.com\/fi\/app\/dryguardians\/id1498084664\" target=\"_blank\" rel=\"noopener\">.<\/a><\/p>\n","protected":false},"featured_media":31109,"template":"","meta":{"_et_pb_use_builder":"","_et_pb_old_content":"","_et_gb_content_width":""},"product_brand":[],"product_cat":[238,222,236,237],"product_tag":[],"class_list":{"0":"post-31030","1":"product","2":"type-product","3":"status-publish","4":"has-post-thumbnail","6":"product_cat-yokasteluhalytin","7":"product_cat-lapset","8":"product_cat-pjama-hoito","9":"product_cat-pjamadryguardians_2025","10":"product_shipping_class-eu","11":"pa_size-ika-10-12","12":"pa_size-ika-5-6","13":"pa_size-ika-6-8","14":"pa_size-ika-8-10","15":"pa_size-pieni","17":"first","18":"instock","19":"sold-individually","20":"taxable","21":"shipping-taxable","22":"purchasable","23":"product-type-composite"},"composite_virtual":false,"composite_layout":"single","composite_add_to_cart_form_location":"default","composite_editable_in_cart":false,"composite_sold_individually_context":"product","composite_shop_price_calc":"min_max","composite_components":[{"id":"1743167486","title":"Pjama Bedwetting Alarm","description":"<p>Y\u00f6kasteluh\u00e4lytin kaiuttimella ja anturilla.  <\/p>\n","query_type":"product_ids","query_ids":[23216],"default_option_id":23216,"thumbnail_id":6376,"thumbnail_src":"https:\/\/pjama.eu\/wp-content\/uploads\/Pjama-alarm-600x400-1-300x300-1.jpeg","quantity_min":1,"quantity_max":1,"priced_individually":true,"shipped_individually":false,"optional":false,"discount":"","options_style":"dropdowns","pagination_style":"classic","display_prices":"absolute","show_sorting_options":false,"show_filtering_options":false,"attribute_filter_ids":[],"select_action":"view","product_title_visible":false,"product_descr_visible":false,"product_price_visible":true,"product_thumb_visible":true,"subtotal_visible_product":false,"subtotal_visible_cart":true,"subtotal_visible_orders":true},{"id":"1773136716","title":"Valitse alusvaatetyyppi  ","description":"<p>Valitse hoitoh\u00e4lytyksen kanssa k\u00e4ytett\u00e4v\u00e4t alusvaatteet.<\/p>\n","query_type":"product_ids","query_ids":[23248,23233],"default_option_id":"","thumbnail_id":30715,"thumbnail_src":"https:\/\/pjama.eu\/wp-content\/uploads\/Pjama_boxers_and_briefs.jpg","quantity_min":2,"quantity_max":6,"priced_individually":true,"shipped_individually":false,"optional":false,"discount":"","options_style":"dropdowns","pagination_style":"classic","display_prices":"absolute","show_sorting_options":false,"show_filtering_options":false,"attribute_filter_ids":[],"select_action":"view","product_title_visible":false,"product_descr_visible":false,"product_price_visible":true,"product_thumb_visible":true,"subtotal_visible_product":false,"subtotal_visible_cart":true,"subtotal_visible_orders":true}],"composite_scenarios":[{"id":"1773136717","name":"Show Boxer size \/ hide Briefs size","description":"","configuration":[{"component_id":"1773136716","options_modifier":"in","component_options":[23248]}],"actions":[{"action_id":"compat_group","is_active":false},{"action_id":"conditional_components","is_active":true,"hidden_components":[]},{"action_id":"conditional_options","is_active":false,"hidden_options":[]}],"enabled":true},{"id":"1773137216","name":"Show Briefs size \/ hide Boxer size","description":"","configuration":[{"component_id":"1773136716","options_modifier":"in","component_options":[23233]}],"actions":[{"action_id":"compat_group","is_active":false},{"action_id":"conditional_components","is_active":true,"hidden_components":[]},{"action_id":"conditional_options","is_active":false,"hidden_options":[]}],"enabled":true}],"_links":{"self":[{"href":"https:\/\/pjama.eu\/fi\/wp-json\/wp\/v2\/product\/31030","targetHints":{"allow":["GET"]}}],"collection":[{"href":"https:\/\/pjama.eu\/fi\/wp-json\/wp\/v2\/product"}],"about":[{"href":"https:\/\/pjama.eu\/fi\/wp-json\/wp\/v2\/types\/product"}],"wp:featuredmedia":[{"embeddable":true,"href":"https:\/\/pjama.eu\/fi\/wp-json\/wp\/v2\/media\/31109"}],"wp:attachment":[{"href":"https:\/\/pjama.eu\/fi\/wp-json\/wp\/v2\/media?parent=31030"}],"wp:term":[{"taxonomy":"product_brand","embeddable":true,"href":"https:\/\/pjama.eu\/fi\/wp-json\/wp\/v2\/product_brand?post=31030"},{"taxonomy":"product_cat","embeddable":true,"href":"https:\/\/pjama.eu\/fi\/wp-json\/wp\/v2\/product_cat?post=31030"},{"taxonomy":"product_tag","embeddable":true,"href":"https:\/\/pjama.eu\/fi\/wp-json\/wp\/v2\/product_tag?post=31030"}],"curies":[{"name":"wp","href":"https:\/\/api.w.org\/{rel}","templated":true}]}}