{"id":31064,"date":"2026-02-20T19:39:13","date_gmt":"2026-02-20T18:39:13","guid":{"rendered":"https:\/\/pjama.eu\/?post_type=product&#038;p=31064"},"modified":"2026-03-11T07:20:16","modified_gmt":"2026-03-11T06:20:16","slug":"pjama-dryguardians-alusvaate-ja-halytinsarja-bokserit-copy-copy","status":"publish","type":"product","link":"https:\/\/pjama.eu\/fi\/tuote\/pjama-dryguardians-alusvaate-ja-halytinsarja-bokserit-copy-copy\/","title":{"rendered":"DryGuardians Y\u00f6kasteluh\u00e4lytin &#8211; Premium"},"content":{"rendered":"<h2>DryGuardians Y\u00f6kasteluh\u00e4lytin Premium &#8211; T\u00e4ydellinen Y\u00f6kasteluh\u00e4lytin Premium -pakkaus tehokasta hoitoa varten.<\/h2>\n<p>DryGuardians Y\u00f6kasteluh\u00e4lytin Premium on t\u00e4ydellisin ja k\u00e4tevin ratkaisumme perheille, jotka etsiv\u00e4t tehokasta hoitoa vuodepesulle. T\u00e4ss\u00e4 huolellisesti suunnitellussa paketissa yhdistyv\u00e4t edistyksellinen h\u00e4lytysteknologia, ylim\u00e4\u00e4r\u00e4iset alusvaatteet ja suojaavat y\u00f6kastelushortsit, joten vanhemmat saavat kaiken tarvittavan, jotta he voivat hallita s\u00e4nkyyn kastumista luottavaisesti ja johdonmukaisesti.<br \/>\nJos lapsesi kamppailee s\u00e4nkyyn kastumisen tai y\u00f6llisten virtsaamisonnettomuuksien kanssa, t\u00e4m\u00e4 Y\u00f6kasteluh\u00e4lytin Premium -paketti tarjoaa rakennetta, mukavuutta ja pitk\u00e4aikaista arvoa yhdess\u00e4 kattavassa j\u00e4rjestelm\u00e4ss\u00e4.<br \/>\nLataa <a href=\"https:\/\/play.google.com\/store\/apps\/details?id=com.pjama&amp;hl=fi&amp;gl=FI\" target=\"_blank\" rel=\"noopener\">DryGuardians-sovellus<\/a> <a href=\"https:\/\/apps.apple.com\/fi\/app\/dryguardians\/id1498084664\" target=\"_blank\" rel=\"noopener\">Google Playsta<\/a> tai App Storesta, jotta voit seurata edistymist\u00e4 ja saada henkil\u00f6kohtaista ohjausta koko hoitomatkan ajan. <\/p>\n<h3>Mik\u00e4 tekee t\u00e4st\u00e4 Y\u00f6kasteluh\u00e4lytin Premium -ratkaisun?<\/h3>\n<p>Premium-versio on suunniteltu perheille, jotka haluavat enemm\u00e4n joustavuutta, paremman hygieniakierron ja lis\u00e4suojaa hoidon aikana.<\/p>\n<h4>Premium Kit sis\u00e4lt\u00e4\u00e4:<\/h4>\n<ul>\n<li><strong>2 paria DryGuardians-alusvaatteita (<\/strong> valitse bokserit tai briefs-malli).<\/li>\n<li><strong>1 DryGuardians Y\u00f6kasteluh\u00e4lytin (<\/strong> anturi + \u00e4\u00e4niyksikk\u00f6)<\/li>\n<li><strong>1 pari imukykyisi\u00e4 hoitohousuja<\/strong><\/li>\n<\/ul>\n<p>T\u00e4m\u00e4 laajennettu sarja tarjoaa kattavamman ratkaisun kuin tavallinen enureesih\u00e4lytyssarja. Kun mukana on kaksi paria sensorilangalla varustettuja alusvaatteita, lapsellasi on aina tuore pari valmiina, kun toinen on pesussa. Imukykyiset hoitohousut tarjoavat lis\u00e4suojaa s\u00e4nkyyn, mik\u00e4 tekee y\u00f6aikaisesta hoidosta helpompaa ja k\u00e4yt\u00e4nn\u00f6llisemp\u00e4\u00e4.  <\/p>\n<h3>Miten Y\u00f6kasteluh\u00e4lytin Premium toimii<\/h3>\n<p>DryGuardians Y\u00f6kasteluh\u00e4lytin Premium toimii kliinisesti suositeltuna ensisijaisena l\u00e4hestymistapana vuodekastelun ja y\u00f6llisen enureesin hoitoon. J\u00e4rjestelm\u00e4 toimii auttamalla aivoja oppimaan reagoimaan virtsarakon signaaleihin unen aikana. <\/p>\n<h4>Vaiheittainen prosessi:<\/h4>\n<ol>\n<li>Alusvaatteisiin tai hoitoshortseihin ommellut anturilangat havaitsevat kosteuden v\u00e4litt\u00f6m\u00e4sti.<\/li>\n<li>Vaatteeseen kiinnitetty langaton kosteusanturi l\u00e4hett\u00e4\u00e4 signaalin h\u00e4lytysyksikk\u00f6\u00f6n.<\/li>\n<li>H\u00e4lytys aktivoituu ja her\u00e4tt\u00e4\u00e4 lapsesi.<\/li>\n<li>Lapsesi menee vessaan virtsaamaan loppuun.<\/li>\n<li>Irrota anturi, pyyhi tarvittaessa<\/li>\n<li>Ajan mittaan aivot oppivat reagoimaan, ennen kuin y\u00f6llisi\u00e4 virtsaamisonnettomuuksia tapahtuu.<\/li>\n<\/ol>\n<p>Sis\u00e4\u00e4nrakennetut anturilangat luovat suuren tunnistusalueen, joka takaa tarkan vasteen nukkumisasennosta riippumatta. T\u00e4m\u00e4 tekee Y\u00f6kasteluh\u00e4lytin premium -j\u00e4rjestelm\u00e4st\u00e4 luotettavan sek\u00e4 pojille ett\u00e4 tyt\u00f6ille. <\/p>\n<h4>Anturin hoito<\/h4>\n<p><span style=\"font-weight: 400;\">Parhaan suorituskyvyn saavuttamiseksi irrota ja kuivaa anturi aina k\u00e4yt\u00f6n j\u00e4lkeen.<\/span><span style=\"font-weight: 400;\"><br \/>\n<\/span><span style=\"font-weight: 400;\">V\u00e4lt\u00e4 j\u00e4tt\u00e4m\u00e4st\u00e4 sit\u00e4 kiinni m\u00e4rk\u00e4\u00e4n vaatteeseen &#8211; t\u00e4m\u00e4 est\u00e4\u00e4 korroosiota ja pident\u00e4\u00e4 akun k\u00e4ytt\u00f6ik\u00e4\u00e4.<\/span><\/p>\n<h4>Suunniteltu mukavuutta, luottamusta ja p\u00e4ivitt\u00e4ist\u00e4 el\u00e4m\u00e4\u00e4 varten<\/h4>\n<p>Lapset onnistuvat todenn\u00e4k\u00f6isemmin, kun hoito tuntuu normaalilta ja mukavalta. Siksi t\u00e4m\u00e4n Y\u00f6kasteluh\u00e4lytin premium -pakkauksen jokainen vaate on valmistettu pehmeist\u00e4 kankaista, jotka ovat hell\u00e4varaisia herk\u00e4lle iholle. <\/p>\n<ul>\n<li><strong>Tehokas hoito:<\/strong> Auttaa lasten y\u00f6lliseen enureesiin.<\/li>\n<li><strong>R\u00e4\u00e4t\u00e4l\u00f6ity y\u00f6pymist\u00e4 varten:<\/strong> K\u00e4yt\u00e4 \u00e4lypuhelinta ja DryGuardians-sovellusta huomaamatonta hoitoa varten.<\/li>\n<li><strong>USB-lataus:<\/strong> H\u00e4lytyslaite latautuu helposti USB-laturilla.<\/li>\n<li><strong>Langaton j\u00e4rjestelm\u00e4:<\/strong> H\u00e4lytysyksikk\u00f6 voidaan sijoittaa enint\u00e4\u00e4n 10 metrin p\u00e4\u00e4h\u00e4n anturista.<\/li>\n<li><strong>Ilmoitukset vanhemmille:<\/strong> Liit\u00e4 y\u00f6kasteluh\u00e4lytin vanhempien matkapuhelimeen, jotta saat ilmoituksia vuodoista.<\/li>\n<li><strong>Turvallinen havaitseminen:<\/strong> Suuri kohdealue, joka on mukautettu virtsavirtaan.<\/li>\n<li><strong>Mukava ja pehme\u00e4:<\/strong> Valmistettu korkealaatuisista, \u00d6ko-Tex-sertifioiduista kankaista, jotka ovat turvallisia ja hell\u00e4varaisia lasten iholle.<\/li>\n<li><strong>Kest\u00e4v\u00e4:<\/strong> 60 asteessa pest\u00e4v\u00e4 ja voidaan kuivata rumpukuivauksessa. Kun peset shortsit, k\u00e4\u00e4nn\u00e4 ne nurinp\u00e4in (!).<\/li>\n<\/ul>\n<p>Alusvaatteet eiv\u00e4t ime nestett\u00e4. Sen tarkoituksena on toimia yhdess\u00e4 enureesih\u00e4lyttimen kanssa, jotta vuodepesu saadaan katkaistua tehokkaasti. <\/p>\n<p>Muista irrottaa Pjama-anturi, kun sit\u00e4 ei k\u00e4ytet\u00e4 ja ennen pesua.<\/p>\n<h4>\u00c4lyk\u00e4s teknologia DryGuardians-sovelluksen avulla<\/h4>\n<p data-start=\"3698\" data-end=\"3833\">Y\u00f6kasteluh\u00e4lytin premium -j\u00e4rjestelm\u00e4 yhdistyy saumattomasti DryGuardians App -sovellukseen, jolloin hoidosta tulee ohjattu ja seurattava prosessi.<\/p>\n<p data-start=\"3835\" data-end=\"3857\">Sovelluksen avulla voit:<\/p>\n<ul>\n<li>kirjaa y\u00f6lliset tulokset ja seuraa edistymist\u00e4<\/li>\n<li>Saat j\u00e4sennelty\u00e4 ohjausta ja vinkkej\u00e4<\/li>\n<li>K\u00e4yt\u00e4 \u00e4lypuhelinta huomaamattomana \u00e4\u00e4nentoistoyksikk\u00f6n\u00e4<\/li>\n<li>Aseta muistutukset p\u00e4iv\u00e4k\u00e4yntej\u00e4 varten<\/li>\n<li>Seuraa trendej\u00e4 lapsen luottamuksen ja itsen\u00e4isyyden tukemiseksi<\/li>\n<\/ul>\n<p>Vanhemmat voivat my\u00f6s saada ilmoituksia, mik\u00e4 helpottaa lapsen tukemista koko prosessin ajan.<\/p>\n<p>DryGuardians-sovellus on ladattavissa ilmaiseksi <a href=\"https:\/\/play.google.com\/store\/apps\/details?id=com.pjama&amp;hl=fi&amp;gl=FI\" target=\"_blank\" rel=\"noopener\">Google Playsta tai<\/a> <a href=\"https:\/\/apps.apple.com\/fi\/app\/dryguardians\/id1498084664\" target=\"_blank\" rel=\"noopener\">App Storesta.<\/a> Lue lis\u00e4\u00e4 bedwetting-klinikastamme ja siit\u00e4, miten voimme auttaa sinua tai lastasi <a href=\"https:\/\/pjama.eu\/fi\/\">verkkosivustollamme.<\/a> <\/p>\n<h3>Hoitoprosessi &#8211; motivaatio ja johdonmukaisuus ovat t\u00e4rkeit\u00e4 asioita<\/h3>\n<p>Tehokas kastelun hoito vaatii k\u00e4rsiv\u00e4llisyytt\u00e4 ja kannustusta. Edistyminen voi vied\u00e4 aikaa, erityisesti ensimm\u00e4isin\u00e4 viikkoina. Y\u00f6kasteluh\u00e4lytin premium-paketin johdonmukainen y\u00f6llinen k\u00e4ytt\u00f6 auttaa rakentamaan uusia nukkumistottumuksia.  <\/p>\n<p>Tue lastasi:<\/p>\n<ul>\n<li>Positiivinen vahvistaminen<\/li>\n<li>Selke\u00e4t rutiinit<\/li>\n<li>Pienten parannusten juhlistaminen<\/li>\n<li>Osallistuminen oman edistymisen seurantaan<\/li>\n<\/ul>\n<p>Rakenteiden ja oikeiden v\u00e4lineiden avulla monet perheet n\u00e4kev\u00e4t merkitt\u00e4v\u00e4\u00e4 parannusta ja vahvistavat samalla lapsensa itseluottamusta ja itsen\u00e4isyytt\u00e4.<\/p>\n<h3>Miksi valita DryGuardians Y\u00f6kasteluh\u00e4lytin Premium?<\/h3>\n<ul>\n<li>T\u00e4ydellinen all-in-one-ratkaisu<\/li>\n<li>ylim\u00e4\u00e4r\u00e4iset alusvaatteet hygieniaa ja vaihtelua varten<\/li>\n<li>Absorboivat hoitoshortsit antavat lis\u00e4suojaa.<\/li>\n<li>Langaton, helppok\u00e4ytt\u00f6inen enureesih\u00e4lytin<\/li>\n<li>Mukava, lapsiyst\u00e4v\u00e4llinen muotoilu<\/li>\n<li>Sovelluksella tuettu edistymisen seuranta<\/li>\n<li>K\u00e4yt\u00e4nn\u00f6llinen jokap\u00e4iv\u00e4iseen el\u00e4m\u00e4\u00e4n ja matkustamiseen<\/li>\n<\/ul>\n<p>T\u00e4m\u00e4 on muutakin kuin pelkk\u00e4 y\u00f6kasteluh\u00e4lytin. Se on j\u00e4sennelty, tukeva j\u00e4rjestelm\u00e4, joka on suunniteltu auttamaan lasta siirtym\u00e4\u00e4n kohti kuivia \u00f6it\u00e4 arvokkaasti ja luottavaisesti. <\/p>\n<h2>Aloita lapsesi matka kohti kuivia \u00f6it\u00e4<\/h2>\n<p>Valitse DryGuardians Y\u00f6kasteluh\u00e4lytin Premium jo t\u00e4n\u00e4\u00e4n ja anna perheellesi t\u00e4ydellinen, luotettava ja harkitusti suunniteltu ratkaisu vedenpoiston hallintaan. Tilaa nyt ja ota ensimm\u00e4inen askel kohti rauhallisempia \u00f6it\u00e4, suurempaa itsen\u00e4isyytt\u00e4 ja pysyv\u00e4\u00e4 luottamusta. <\/p>\n<p>\u00a9 2024 Pjama.<\/p>\n","protected":false},"excerpt":{"rendered":"<h2 data-start=\"0\" data-end=\"42\">DryGuardians Y\u00f6kasteluh\u00e4lytin Premium<\/h2>\n<p>DryGuardians Y\u00f6kasteluh\u00e4lytin Premium on t\u00e4ydellinen ja k\u00e4tev\u00e4 ratkaisu tehokkaaseen kastelun hoitoon. T\u00e4m\u00e4 premium-pakkaus antaa kaiken tarvittavan johdonmukaiseen, j\u00e4senneltyyn y\u00f6lliseen tukeen. <\/p>\n<p><strong>2 x DryGuardians-alusvaatteet (<\/strong> bokserimalli tai briefs-malli), 1 x <strong>Y\u00f6kasteluh\u00e4lytin (anturi + \u00e4\u00e4niyksikk\u00f6<\/strong> ) ja 1 x imukykyiset <strong>hoitohousut.<\/strong><\/p>\n<ul>\n<li style=\"list-style-type: none;\">\n<ul>\n<li>Premium all-in-one enuresis h\u00e4lytysj\u00e4rjestelm\u00e4<\/li>\n<li>Ylim\u00e4\u00e4r\u00e4iset alusvaatteet hygieniakierron helpottamiseksi<\/li>\n<li>Absorboivat shortsit lis\u00e4\u00e4v\u00e4t s\u00e4ngyn suojaa.<\/li>\n<li>Nopea ja luotettava kosteuden havaitseminen<\/li>\n<li>Pehme\u00e4, konepest\u00e4v\u00e4 ja kuivausrummussa kuivattava.<\/li>\n<\/ul>\n<\/li>\n<\/ul>\n<p>Lataa DryGuardians-sovellus, ilmainen hoitopalvelu vuodekastelijoille, Google <a href=\"https:\/\/play.google.com\/store\/apps\/details?id=com.pjama&amp;hl=fi&amp;gl=FI\">Playsta tai App Storesta<\/a> <a href=\"https:\/\/apps.apple.com\/fi\/app\/dryguardians\/id1498084664\" target=\"_blank\" rel=\"noopener\">.<\/a><\/p>\n","protected":false},"featured_media":30990,"template":"","meta":{"_et_pb_use_builder":"","_et_pb_old_content":"","_et_gb_content_width":""},"product_brand":[],"product_cat":[238,222,236,237],"product_tag":[],"class_list":{"0":"post-31064","1":"product","2":"type-product","3":"status-publish","4":"has-post-thumbnail","6":"product_cat-yokasteluhalytin","7":"product_cat-lapset","8":"product_cat-pjama-hoito","9":"product_cat-pjamadryguardians_2025","10":"product_shipping_class-eu","11":"pa_size-ika-10-12","12":"pa_size-ika-5-6","13":"pa_size-ika-6-8","14":"pa_size-ika-8-10","15":"pa_size-pieni","17":"first","18":"instock","19":"sold-individually","20":"taxable","21":"shipping-taxable","22":"purchasable","23":"product-type-composite"},"composite_virtual":false,"composite_layout":"single","composite_add_to_cart_form_location":"default","composite_editable_in_cart":false,"composite_sold_individually_context":"product","composite_shop_price_calc":"min_max","composite_components":[{"id":"1743167486","title":"Pjama Bedwetting Alarm","description":"<p>Y\u00f6kasteluh\u00e4lytin kaiuttimella ja anturilla.  <\/p>\n","query_type":"product_ids","query_ids":[23216],"default_option_id":23216,"thumbnail_id":6376,"thumbnail_src":"https:\/\/pjama.eu\/wp-content\/uploads\/Pjama-alarm-600x400-1-300x300-1.jpeg","quantity_min":1,"quantity_max":1,"priced_individually":true,"shipped_individually":false,"optional":false,"discount":"","options_style":"dropdowns","pagination_style":"classic","display_prices":"absolute","show_sorting_options":false,"show_filtering_options":false,"attribute_filter_ids":[],"select_action":"view","product_title_visible":false,"product_descr_visible":false,"product_price_visible":true,"product_thumb_visible":true,"subtotal_visible_product":false,"subtotal_visible_cart":true,"subtotal_visible_orders":true},{"id":"1771617061","title":"Pjama DryGuardians Y\u00f6asu lapsille","description":"<p>Imukykyiset hoitoshortsit<\/p>\n","query_type":"product_ids","query_ids":[23244],"default_option_id":23244,"thumbnail_id":22855,"thumbnail_src":"https:\/\/pjama.eu\/wp-content\/uploads\/pjama-dryguardians-bedwetting-treatment-shorts-children.jpg.jpeg","quantity_min":1,"quantity_max":1,"priced_individually":true,"shipped_individually":false,"optional":false,"discount":"","options_style":"dropdowns","pagination_style":"classic","display_prices":"absolute","show_sorting_options":false,"show_filtering_options":false,"attribute_filter_ids":[],"select_action":"view","product_title_visible":false,"product_descr_visible":false,"product_price_visible":true,"product_thumb_visible":true,"subtotal_visible_product":false,"subtotal_visible_cart":true,"subtotal_visible_orders":true},{"id":"1773167708","title":"Valitse alusvaatetyyppi  ","description":"<p>Valitse hoitoh\u00e4lytyksen kanssa k\u00e4ytett\u00e4v\u00e4t alusvaatteet.<\/p>\n","query_type":"product_ids","query_ids":[23248,23233],"default_option_id":"","thumbnail_id":7126,"thumbnail_src":"https:\/\/pjama.eu\/wp-content\/uploads\/Pjama_boxersbriefs_bg-2.jpg","quantity_min":2,"quantity_max":6,"priced_individually":true,"shipped_individually":false,"optional":false,"discount":"","options_style":"dropdowns","pagination_style":"classic","display_prices":"absolute","show_sorting_options":false,"show_filtering_options":false,"attribute_filter_ids":[],"select_action":"view","product_title_visible":false,"product_descr_visible":false,"product_price_visible":true,"product_thumb_visible":true,"subtotal_visible_product":false,"subtotal_visible_cart":true,"subtotal_visible_orders":true}],"composite_scenarios":[{"id":"1773167882","name":"Show Boxer size \/ hide Briefs size","description":"","configuration":[{"component_id":"1773167708","options_modifier":"in","component_options":[23248]}],"actions":[{"action_id":"compat_group","is_active":false},{"action_id":"conditional_components","is_active":false,"hidden_components":[]},{"action_id":"conditional_options","is_active":false,"hidden_options":[]}],"enabled":true},{"id":"1773167883","name":"Show Briefs size \/ hide Boxer size","description":"","configuration":[{"component_id":"1773167708","options_modifier":"in","component_options":[23233]}],"actions":[{"action_id":"compat_group","is_active":false},{"action_id":"conditional_components","is_active":false,"hidden_components":[]},{"action_id":"conditional_options","is_active":false,"hidden_options":[]}],"enabled":true}],"_links":{"self":[{"href":"https:\/\/pjama.eu\/fi\/wp-json\/wp\/v2\/product\/31064","targetHints":{"allow":["GET"]}}],"collection":[{"href":"https:\/\/pjama.eu\/fi\/wp-json\/wp\/v2\/product"}],"about":[{"href":"https:\/\/pjama.eu\/fi\/wp-json\/wp\/v2\/types\/product"}],"wp:featuredmedia":[{"embeddable":true,"href":"https:\/\/pjama.eu\/fi\/wp-json\/wp\/v2\/media\/30990"}],"wp:attachment":[{"href":"https:\/\/pjama.eu\/fi\/wp-json\/wp\/v2\/media?parent=31064"}],"wp:term":[{"taxonomy":"product_brand","embeddable":true,"href":"https:\/\/pjama.eu\/fi\/wp-json\/wp\/v2\/product_brand?post=31064"},{"taxonomy":"product_cat","embeddable":true,"href":"https:\/\/pjama.eu\/fi\/wp-json\/wp\/v2\/product_cat?post=31064"},{"taxonomy":"product_tag","embeddable":true,"href":"https:\/\/pjama.eu\/fi\/wp-json\/wp\/v2\/product_tag?post=31064"}],"curies":[{"name":"wp","href":"https:\/\/api.w.org\/{rel}","templated":true}]}}