{"id":23873,"date":"2020-03-26T14:58:36","date_gmt":"2020-03-26T13:58:36","guid":{"rendered":"https:\/\/pjama.eu\/retrait-et-retour\/"},"modified":"2026-03-24T13:06:43","modified_gmt":"2026-03-24T12:06:43","slug":"retrait-et-retour","status":"publish","type":"page","link":"https:\/\/pjama.eu\/fr\/retrait-et-retour\/","title":{"rendered":"Retrait et retour"},"content":{"rendered":"<p>[et_pb_section fb_built=\u00a0\u00bb1&Prime; custom_padding_last_edited=\u00a0\u00bbon|phone\u00a0\u00bb _builder_version=\u00a0\u00bb4.27.4&Prime; background_color=\u00a0\u00bbgcid-5eef58f4-760a-49fb-ad33-042d93415a96&Prime; background_enable_image=\u00a0\u00bboff\u00a0\u00bb background_position=\u00a0\u00bbtop_right\u00a0\u00bb custom_padding=\u00a0\u00bb100px||49px||false|false\u00a0\u00bb custom_padding_tablet=\u00a0\u00bb90px||0px||false|false\u00a0\u00bb custom_padding_phone=\u00a0\u00bb40px||0px||false|false\u00a0\u00bb top_divider_color=\u00a0\u00bb#61a2df\u00a0\u00bb top_divider_height=\u00a0\u00bb500px\u00a0\u00bb bottom_divider_style=\u00a0\u00bbasymmetric\u00a0\u00bb bottom_divider_color=\u00a0\u00bb#ffffff\u00a0\u00bb da_disable_devices=\u00a0\u00bboff|off|off\u00a0\u00bb collapsed=\u00a0\u00bbon\u00a0\u00bb global_colors_info=\u00a0\u00bb{%22gcid-5eef58f4-760a-49fb-ad33-042d93415a96%22:%91%22background_color%22%93}\u00a0\u00bb da_is_popup=\u00a0\u00bboff\u00a0\u00bb da_exit_intent=\u00a0\u00bboff\u00a0\u00bb da_has_close=\u00a0\u00bbon\u00a0\u00bb da_alt_close=\u00a0\u00bboff\u00a0\u00bb da_dark_close=\u00a0\u00bboff\u00a0\u00bb da_not_modal=\u00a0\u00bbon\u00a0\u00bb da_is_singular=\u00a0\u00bboff\u00a0\u00bb da_with_loader=\u00a0\u00bboff\u00a0\u00bb da_has_shadow=\u00a0\u00bbon\u00a0\u00bb][et_pb_row _builder_version=\u00a0\u00bb4.16&Prime; custom_margin=\u00a0\u00bb|auto|60px|auto||\u00a0\u00bb global_colors_info=\u00a0\u00bb{}\u00a0\u00bb][et_pb_column type=\u00a0\u00bb4_4&Prime; _builder_version=\u00a0\u00bb4.16&Prime; global_colors_info=\u00a0\u00bb{}\u00a0\u00bb][et_pb_heading title=\u00a0\u00bbPJAMA\u00a0\u00bb _builder_version=\u00a0\u00bb4.27.4&Prime; _module_preset=\u00a0\u00bbdefault\u00a0\u00bb title_text_color=\u00a0\u00bb#D35917&Prime; title_font_size=\u00a0\u00bb40px\u00a0\u00bb title_font_size_tablet=\u00a0\u00bb40px\u00a0\u00bb title_font_size_phone=\u00a0\u00bb25px\u00a0\u00bb title_font_size_last_edited=\u00a0\u00bbon|phone\u00a0\u00bb global_colors_info=\u00a0\u00bb{}\u00a0\u00bb][\/et_pb_heading][et_pb_text _builder_version=\u00a0\u00bb4.27.4&Prime; header_text_align=\u00a0\u00bbleft\u00a0\u00bb header_font_size=\u00a0\u00bb75px\u00a0\u00bb text_orientation=\u00a0\u00bbright\u00a0\u00bb background_layout=\u00a0\u00bbdark\u00a0\u00bb custom_padding_tablet=\u00a0\u00bb\u00a0\u00bb custom_padding_phone=\u00a0\u00bb0px||54px||false|false\u00a0\u00bb custom_padding_last_edited=\u00a0\u00bbon|phone\u00a0\u00bb header_font_size_tablet=\u00a0\u00bb75px\u00a0\u00bb header_font_size_phone=\u00a0\u00bb40px\u00a0\u00bb header_font_size_last_edited=\u00a0\u00bbon|phone\u00a0\u00bb global_colors_info=\u00a0\u00bb{}\u00a0\u00bb]<\/p>\n<h1 class=\"hero\">garantie et retour<\/h1>\n<p>[\/et_pb_text][\/et_pb_column][\/et_pb_row][\/et_pb_section][et_pb_section fb_built=\u00a0\u00bb1&Prime; _builder_version=\u00a0\u00bb4.16&Prime; background_color=\u00a0\u00bbrgba(255,255,255,0)\u00a0\u00bb custom_margin_tablet=\u00a0\u00bb-60px||||false|false\u00a0\u00bb custom_margin_phone=\u00a0\u00bb\u00a0\u00bb custom_margin_last_edited=\u00a0\u00bbon|phone\u00a0\u00bb custom_padding=\u00a0\u00bb0px||0px|||\u00a0\u00bb da_disable_devices=\u00a0\u00bboff|off|off\u00a0\u00bb collapsed=\u00a0\u00bbon\u00a0\u00bb global_colors_info=\u00a0\u00bb{}\u00a0\u00bb da_is_popup=\u00a0\u00bboff\u00a0\u00bb da_exit_intent=\u00a0\u00bboff\u00a0\u00bb da_has_close=\u00a0\u00bbon\u00a0\u00bb da_alt_close=\u00a0\u00bboff\u00a0\u00bb da_dark_close=\u00a0\u00bboff\u00a0\u00bb da_not_modal=\u00a0\u00bbon\u00a0\u00bb da_is_singular=\u00a0\u00bboff\u00a0\u00bb da_with_loader=\u00a0\u00bboff\u00a0\u00bb da_has_shadow=\u00a0\u00bbon\u00a0\u00bb][et_pb_row custom_padding_last_edited=\u00a0\u00bbon|desktop\u00a0\u00bb _builder_version=\u00a0\u00bb4.16&Prime; background_size=\u00a0\u00bbinitial\u00a0\u00bb background_position=\u00a0\u00bbtop_left\u00a0\u00bb background_repeat=\u00a0\u00bbrepeat\u00a0\u00bb width=\u00a0\u00bb65%\u00a0\u00bb width_tablet=\u00a0\u00bb80%\u00a0\u00bb width_phone=\u00a0\u00bb90%\u00a0\u00bb width_last_edited=\u00a0\u00bbon|desktop\u00a0\u00bb custom_padding=\u00a0\u00bb||60px|||\u00a0\u00bb custom_padding_tablet=\u00a0\u00bb||0px||false|false\u00a0\u00bb custom_padding_phone=\u00a0\u00bb\u00a0\u00bb global_colors_info=\u00a0\u00bb{}\u00a0\u00bb][et_pb_column type=\u00a0\u00bb4_4&Prime; _builder_version=\u00a0\u00bb4.16&Prime; custom_padding=\u00a0\u00bb|||\u00a0\u00bb global_colors_info=\u00a0\u00bb{}\u00a0\u00bb custom_padding__hover=\u00a0\u00bb|||\u00a0\u00bb][et_pb_text _builder_version=\u00a0\u00bb4.27.6&Prime; header_2_text_color=\u00a0\u00bbgcid-5eef58f4-760a-49fb-ad33-042d93415a96&Prime; hover_enabled=\u00a0\u00bb0&Prime; global_colors_info=\u00a0\u00bb{%22gcid-5eef58f4-760a-49fb-ad33-042d93415a96%22:%91%22header_2_text_color%22%93}\u00a0\u00bb text_font=\u00a0\u00bb&#8211;et_global_body_font|&#8211;et_global_heading_font_weight|||||||\u00a0\u00bb sticky_enabled=\u00a0\u00bb0&Prime;]<\/p>\n<h2>DROIT D&rsquo;ACHAT ANNULATION ET RETOUR DE L&rsquo;ARTICLE (DES ARTICLES)<\/h2>\n<p>Vous avez le droit d&rsquo;annuler votre achat si l&rsquo;article que vous avez achet\u00e9 ne correspond pas \u00e0 vos attentes. Aucune transaction n&rsquo;est termin\u00e9e tant que vous n&rsquo;avez pas re\u00e7u et accept\u00e9 votre\/vos article(s). Vous devez \u00eatre enti\u00e8rement satisfait, sinon vous serez rembours\u00e9. Si vous n&rsquo;\u00eates pas satisfait, vous disposez d&rsquo;un d\u00e9lai de 14 jours \u00e0 compter de la date de r\u00e9ception de votre\/vos article(s). Vous avez le droit d&rsquo;ouvrir l&#8217;emballage pour v\u00e9rifier que le(s) article(s) est (sont) en parfait \u00e9tat.    <\/p>\n<p>Le produit doit \u00eatre renvoy\u00e9 dans le m\u00eame \u00e9tat et dans son emballage d&rsquo;origine, accompagn\u00e9 de tous les manuels et pi\u00e8ces n\u00e9cessaires. Le retour sera effectu\u00e9 dans le m\u00eame emballage que celui dans lequel il a \u00e9t\u00e9 exp\u00e9di\u00e9 ou dans un emballage \u00e9quivalent. Lorsque vous faites usage de votre droit comme indiqu\u00e9 ci-dessus, vous recevrez, apr\u00e8s un retour satisfaisant, un remboursement (\u00e0 l&rsquo;exclusion des frais de port de retour) de notre part dans un d\u00e9lai de 30 jours \u00e0 compter de la r\u00e9ception des marchandises.  <\/p>\n<h2>DROIT D&rsquo;\u00c9CHANGE<\/h2>\n<p>En tant que client, vous avez le droit d&rsquo;\u00e9changer votre\/vos article(s) contre un produit \u00e9quivalent dans les 14 jours suivant la r\u00e9ception de l&rsquo;article\/des articles, bien que le droit d&rsquo;\u00e9change ne s&rsquo;applique pas aux ventes et aux produits faisant l&rsquo;objet d&rsquo;une offre sp\u00e9ciale. Pour qu&rsquo;un retour soit accept\u00e9, l&rsquo;article doit \u00eatre retourn\u00e9 dans son \u00e9tat d&rsquo;origine et dans son emballage d&rsquo;origine, accompagn\u00e9 de tous les manuels et pi\u00e8ces n\u00e9cessaires. Le retour doit \u00eatre effectu\u00e9 dans le m\u00eame emballage que celui dans lequel il a \u00e9t\u00e9 re\u00e7u, ou dans un emballage \u00e9quivalent. Lors de l&rsquo;\u00e9change d&rsquo;un ou de plusieurs articles achet\u00e9s, les frais de transport de retour seront \u00e0 notre charge.   <\/p>\n<h2>R\u00c9CLAMATIONS<\/h2>\n<p>Si le(s) article(s) est (sont) endommag\u00e9(s) \u00e0 la r\u00e9ception, ou si vous recevez un produit incorrect, ou si le(s) article(s) diff\u00e8re(nt) d&rsquo;une quelconque mani\u00e8re de l&rsquo;accord conclu entre vous et nous, vous avez le droit d&rsquo;introduire une r\u00e9clamation. Les r\u00e9clamations concernant un article doivent \u00eatre introduites dans les plus brefs d\u00e9lais. Une r\u00e9clamation introduite dans les deux mois suivant la d\u00e9couverte d&rsquo;un d\u00e9faut sera toujours consid\u00e9r\u00e9e comme ayant \u00e9t\u00e9 introduite dans le d\u00e9lai imparti. D\u00e8s qu&rsquo;un article retourn\u00e9 a \u00e9t\u00e9 re\u00e7u conform\u00e9ment \u00e0 ce qui est indiqu\u00e9 ci-dessus sous \u00ab\u00a0Droit d&rsquo;annulation d&rsquo;achat et de retour d&rsquo;article(s)\u00a0\u00bb, un remboursement vous sera effectu\u00e9 dans les 30 jours suivant la r\u00e9ception de votre r\u00e9clamation.   <\/p>\n<p>Votre droit d&rsquo;introduire une r\u00e9clamation contre un article achet\u00e9 est r\u00e9gi par les r\u00e8gles applicables en vertu des lois du pays \u00e0 partir duquel vous avez pass\u00e9 votre commande. Votre droit d&rsquo;introduire une r\u00e9clamation contre un article achet\u00e9 ne d\u00e9passera toutefois jamais 2 ans. <\/p>\n<p><strong>Si vous avez besoin de plus d&rsquo;instructions concernant l&rsquo;introduction d&rsquo;une plainte, veuillez contacter notre service client\u00e8le par courrier \u00e9lectronique \u00e0 l&rsquo;adresse <a href=\"mailto:support@pjama.se\">support@pjama.se<\/a>.<\/strong><\/p>\n<p>Si le produit est d\u00e9fectueux ou si vous avez re\u00e7u le mauvais article, les frais de retour sont \u00e0 notre charge.<\/p>\n<h2>RESPONSABILIT\u00c9 EN CAS DE RETOUR DES MARCHANDISES<\/h2>\n<p>Lorsque vous utilisez le droit de r\u00e9tractation, le droit de r\u00e9clamation ou le droit d&rsquo;\u00e9change, vous \u00eates responsable du ou des articles retourn\u00e9s lors de la r\u00e9exp\u00e9dition, et vous \u00eates donc tenu de nous indemniser pour le ou les articles retourn\u00e9s s&rsquo;ils sont endommag\u00e9s ou perdus lors de la r\u00e9exp\u00e9dition. \u00c9tant donn\u00e9 que vous \u00eates responsable des articles retourn\u00e9s jusqu&rsquo;\u00e0 ce que nous les ayons re\u00e7us, nous vous recommandons de noter le num\u00e9ro de suivi du colis. <\/p>\n<p>[\/et_pb_text][et_pb_cta title=\u00a0\u00bbinstructions\u00a0\u00bb button_url=\u00a0\u00bbhttps:\/\/pjama.eu\/wp-content\/uploads\/F29-01-Return-form-FR-2025-1-1.pdf\u00a0\u00bb url_new_window=\u00a0\u00bbon\u00a0\u00bb button_text=\u00a0\u00bbT\u00e9l\u00e9charger les instructions\u00a0\u00bb _builder_version=\u00a0\u00bb4.27.6&Prime; header_text_color=\u00a0\u00bb#D35917&Prime; background_color=\u00a0\u00bbgcid-5eef58f4-760a-49fb-ad33-042d93415a96&Prime; custom_margin=\u00a0\u00bb||20px||false|false\u00a0\u00bb custom_margin_tablet=\u00a0\u00bb\u00a0\u00bb custom_margin_phone=\u00a0\u00bb||20px||false|false\u00a0\u00bb custom_margin_last_edited=\u00a0\u00bbon|phone\u00a0\u00bb hover_enabled=\u00a0\u00bb0&Prime; border_radii=\u00a0\u00bbon|10px|10px|10px|10px\u00a0\u00bb box_shadow_style=\u00a0\u00bbpreset1&Prime; global_colors_info=\u00a0\u00bb{%22gcid-5eef58f4-760a-49fb-ad33-042d93415a96%22:%91%22background_color%22%93}\u00a0\u00bb body_font=\u00a0\u00bb&#8211;et_global_body_font|&#8211;et_global_heading_font_weight|||||||\u00a0\u00bb body_text_shadow_style=\u00a0\u00bbpreset1&Prime; header_text_shadow_style=\u00a0\u00bbpreset1&Prime; sticky_enabled=\u00a0\u00bb0&Prime; custom_button=\u00a0\u00bbon\u00a0\u00bb button_bg_color=\u00a0\u00bb#61A2DF\u00a0\u00bb button_bg_enable_color=\u00a0\u00bbon\u00a0\u00bb button_border_color=\u00a0\u00bb#F8F8F8&Prime; button_border_radius=\u00a0\u00bb10px\u00a0\u00bb button_font=\u00a0\u00bb&#8211;et_global_body_font|700|||||||\u00a0\u00bb button_text_shadow_style=\u00a0\u00bbpreset1&Prime; box_shadow_style_button=\u00a0\u00bbpreset2&Prime;]<\/p>\n<p><strong>Pour le retrait, le remplacement, le retour ou la r\u00e9clamation, t\u00e9l\u00e9chargez et lisez les instructions.<\/strong><\/p>\n<p>[\/et_pb_cta][\/et_pb_column][\/et_pb_row][\/et_pb_section][et_pb_section fb_built=\u00a0\u00bb1&Prime; _builder_version=\u00a0\u00bb4.27.4&Prime; background_enable_color=\u00a0\u00bboff\u00a0\u00bb custom_margin_tablet=\u00a0\u00bb-60px||||false|false\u00a0\u00bb custom_margin_phone=\u00a0\u00bb\u00a0\u00bb custom_margin_last_edited=\u00a0\u00bbon|phone\u00a0\u00bb custom_padding=\u00a0\u00bb20px||||false|false\u00a0\u00bb da_disable_devices=\u00a0\u00bboff|off|off\u00a0\u00bb collapsed=\u00a0\u00bbon\u00a0\u00bb global_colors_info=\u00a0\u00bb{}\u00a0\u00bb da_is_popup=\u00a0\u00bboff\u00a0\u00bb da_exit_intent=\u00a0\u00bboff\u00a0\u00bb da_has_close=\u00a0\u00bbon\u00a0\u00bb da_alt_close=\u00a0\u00bboff\u00a0\u00bb da_dark_close=\u00a0\u00bboff\u00a0\u00bb da_not_modal=\u00a0\u00bbon\u00a0\u00bb da_is_singular=\u00a0\u00bboff\u00a0\u00bb da_with_loader=\u00a0\u00bboff\u00a0\u00bb da_has_shadow=\u00a0\u00bbon\u00a0\u00bb][et_pb_row custom_padding_last_edited=\u00a0\u00bbon|desktop\u00a0\u00bb _builder_version=\u00a0\u00bb4.16&Prime; background_size=\u00a0\u00bbinitial\u00a0\u00bb background_position=\u00a0\u00bbtop_left\u00a0\u00bb background_repeat=\u00a0\u00bbrepeat\u00a0\u00bb width=\u00a0\u00bb65%\u00a0\u00bb width_tablet=\u00a0\u00bb80%\u00a0\u00bb width_phone=\u00a0\u00bb90%\u00a0\u00bb width_last_edited=\u00a0\u00bbon|desktop\u00a0\u00bb custom_padding=\u00a0\u00bb||60px|||\u00a0\u00bb custom_padding_tablet=\u00a0\u00bb||0px||false|false\u00a0\u00bb custom_padding_phone=\u00a0\u00bb\u00a0\u00bb global_colors_info=\u00a0\u00bb{}\u00a0\u00bb][et_pb_column type=\u00a0\u00bb4_4&Prime; _builder_version=\u00a0\u00bb4.16&Prime; custom_padding=\u00a0\u00bb|||\u00a0\u00bb global_colors_info=\u00a0\u00bb{}\u00a0\u00bb custom_padding__hover=\u00a0\u00bb|||\u00a0\u00bb][et_pb_text module_id=\u00a0\u00bbdelivery\u00a0\u00bb _builder_version=\u00a0\u00bb4.27.6&Prime; header_2_text_color=\u00a0\u00bbgcid-5eef58f4-760a-49fb-ad33-042d93415a96&Prime; hover_enabled=\u00a0\u00bb0&Prime; global_colors_info=\u00a0\u00bb{%22gcid-5eef58f4-760a-49fb-ad33-042d93415a96%22:%91%22header_2_text_color%22%93}\u00a0\u00bb text_font=\u00a0\u00bb&#8211;et_global_body_font|&#8211;et_global_heading_font_weight|||||||\u00a0\u00bb sticky_enabled=\u00a0\u00bb0&Prime;]<\/p>\n<h2>LIVRAISON<\/h2>\n<p>La livraison est normalement effectu\u00e9e dans les 10 jours ouvrables. En cas de retard de livraison, vous avez le droit d&rsquo;annuler l&rsquo;achat sans frais si vous n&rsquo;acceptez pas la nouvelle date de livraison propos\u00e9e. Le remboursement de votre paiement sera effectu\u00e9 dans les 30 jours suivant la r\u00e9ception de votre avis d&rsquo;annulation d&rsquo;achat.  <\/p>\n<p>Vous serez inform\u00e9 par SMS ou par courrier lorsque le(s) colis sera(ont) pr\u00eat(s) \u00e0 \u00eatre retir\u00e9(s). Nous facturons les colis non retir\u00e9s afin de couvrir les frais administratifs et de transport (aller et retour). La facture correspondante sera envoy\u00e9e dans les 30 jours suivant l&rsquo;enregistrement du colis non r\u00e9cup\u00e9r\u00e9 chez nous.  <\/p>\n<h2>EXP\u00c9DITION<\/h2>\n<p>Nous sommes responsables des articles endommag\u00e9s ou perdus lors de la livraison. Les r\u00e9clamations concernant les articles endommag\u00e9s pendant le transport doivent \u00eatre faites conform\u00e9ment \u00e0 ce qui est indiqu\u00e9 dans la section \u00ab\u00a0R\u00e9clamations\u00a0\u00bb ci-dessus. <\/p>\n<h2>CLAUSE DE NON-RESPONSABILIT\u00c9<\/h2>\n<p>Nous d\u00e9clinons toute responsabilit\u00e9 en cas d&rsquo;erreur d&rsquo;impression ou de frappe concernant les prix et autres informations que nous fournissons.<\/p>\n<p>[\/et_pb_text][\/et_pb_column][\/et_pb_row][\/et_pb_section]<\/p>\n","protected":false},"excerpt":{"rendered":"<p>garantie et retourDROIT D&rsquo;ACHAT ANNULATION ET RETOUR DE L&rsquo;ARTICLE (DES ARTICLES) Vous avez le droit d&rsquo;annuler votre achat si l&rsquo;article que vous avez achet\u00e9 ne correspond pas \u00e0 vos attentes. Aucune transaction n&rsquo;est termin\u00e9e tant que vous n&rsquo;avez pas re\u00e7u et accept\u00e9 votre\/vos article(s). Vous devez \u00eatre enti\u00e8rement satisfait, sinon vous serez rembours\u00e9. Si vous [&hellip;]<\/p>\n","protected":false},"author":1,"featured_media":0,"parent":0,"menu_order":0,"comment_status":"closed","ping_status":"closed","template":"","meta":{"_et_pb_use_builder":"on","_et_pb_old_content":"","_et_gb_content_width":"","footnotes":""},"class_list":["post-23873","page","type-page","status-publish","hentry"],"_links":{"self":[{"href":"https:\/\/pjama.eu\/fr\/wp-json\/wp\/v2\/pages\/23873","targetHints":{"allow":["GET"]}}],"collection":[{"href":"https:\/\/pjama.eu\/fr\/wp-json\/wp\/v2\/pages"}],"about":[{"href":"https:\/\/pjama.eu\/fr\/wp-json\/wp\/v2\/types\/page"}],"author":[{"embeddable":true,"href":"https:\/\/pjama.eu\/fr\/wp-json\/wp\/v2\/users\/1"}],"replies":[{"embeddable":true,"href":"https:\/\/pjama.eu\/fr\/wp-json\/wp\/v2\/comments?post=23873"}],"version-history":[{"count":10,"href":"https:\/\/pjama.eu\/fr\/wp-json\/wp\/v2\/pages\/23873\/revisions"}],"predecessor-version":[{"id":35011,"href":"https:\/\/pjama.eu\/fr\/wp-json\/wp\/v2\/pages\/23873\/revisions\/35011"}],"wp:attachment":[{"href":"https:\/\/pjama.eu\/fr\/wp-json\/wp\/v2\/media?parent=23873"}],"curies":[{"name":"wp","href":"https:\/\/api.w.org\/{rel}","templated":true}]}}