{"id":23906,"date":"2020-03-23T11:06:27","date_gmt":"2020-03-23T10:06:27","guid":{"rendered":"https:\/\/pjama.eu\/quest-ce-que-lenuresie\/"},"modified":"2026-05-10T10:37:09","modified_gmt":"2026-05-10T08:37:09","slug":"quest-ce-que-lenuresie","status":"publish","type":"page","link":"https:\/\/pjama.eu\/fr\/quest-ce-que-lenuresie\/","title":{"rendered":"Qu&rsquo;est-ce que l&rsquo;\u00e9nur\u00e9sie ?"},"content":{"rendered":"<p>[et_pb_section fb_built=\u00a0\u00bb1&Prime; custom_padding_last_edited=\u00a0\u00bbon|phone\u00a0\u00bb _builder_version=\u00a0\u00bb4.27.4&Prime; background_color=\u00a0\u00bbgcid-5eef58f4-760a-49fb-ad33-042d93415a96&Prime; background_enable_image=\u00a0\u00bboff\u00a0\u00bb background_size=\u00a0\u00bbcontain\u00a0\u00bb background_position=\u00a0\u00bbtop_left\u00a0\u00bb custom_padding=\u00a0\u00bb8%||8%||true|false\u00a0\u00bb custom_padding_tablet=\u00a0\u00bb7%||10%||false|false\u00a0\u00bb custom_padding_phone=\u00a0\u00bb10%||13%||false|false\u00a0\u00bb bottom_divider_style=\u00a0\u00bbasymmetric\u00a0\u00bb bottom_divider_color=\u00a0\u00bb#ffffff\u00a0\u00bb bottom_divider_height=\u00a0\u00bb76px\u00a0\u00bb bottom_divider_height_tablet=\u00a0\u00bb52px\u00a0\u00bb bottom_divider_height_phone=\u00a0\u00bb33px\u00a0\u00bb bottom_divider_height_last_edited=\u00a0\u00bbon|phone\u00a0\u00bb background_last_edited=\u00a0\u00bbon|phone\u00a0\u00bb da_disable_devices=\u00a0\u00bboff|off|off\u00a0\u00bb collapsed=\u00a0\u00bboff\u00a0\u00bb global_colors_info=\u00a0\u00bb{%22gcid-5eef58f4-760a-49fb-ad33-042d93415a96%22:%91%22background_color%22%93}\u00a0\u00bb da_is_popup=\u00a0\u00bboff\u00a0\u00bb da_exit_intent=\u00a0\u00bboff\u00a0\u00bb da_has_close=\u00a0\u00bbon\u00a0\u00bb da_alt_close=\u00a0\u00bboff\u00a0\u00bb da_dark_close=\u00a0\u00bboff\u00a0\u00bb da_not_modal=\u00a0\u00bbon\u00a0\u00bb da_is_singular=\u00a0\u00bboff\u00a0\u00bb da_with_loader=\u00a0\u00bboff\u00a0\u00bb da_has_shadow=\u00a0\u00bbon\u00a0\u00bb][et_pb_row custom_padding_last_edited=\u00a0\u00bbon|phone\u00a0\u00bb _builder_version=\u00a0\u00bb4.27.4&Prime; custom_padding=\u00a0\u00bb0px||0px|||\u00a0\u00bb custom_padding_tablet=\u00a0\u00bb0px||0px|||\u00a0\u00bb custom_padding_phone=\u00a0\u00bb20px||0px||false|false\u00a0\u00bb collapsed=\u00a0\u00bboff\u00a0\u00bb global_colors_info=\u00a0\u00bb{}\u00a0\u00bb][et_pb_column type=\u00a0\u00bb4_4&Prime; _builder_version=\u00a0\u00bb4.16&Prime; global_colors_info=\u00a0\u00bb{}\u00a0\u00bb][et_pb_heading title=\u00a0\u00bbComprendre l&#039;\u00e9nur\u00e9sie\u00a0\u00bb _builder_version=\u00a0\u00bb4.27.4&Prime; _module_preset=\u00a0\u00bbdefault\u00a0\u00bb title_text_color=\u00a0\u00bb#D35917&Prime; title_font_size=\u00a0\u00bb40px\u00a0\u00bb title_font_size_tablet=\u00a0\u00bb40px\u00a0\u00bb title_font_size_phone=\u00a0\u00bb25px\u00a0\u00bb title_font_size_last_edited=\u00a0\u00bbon|phone\u00a0\u00bb global_colors_info=\u00a0\u00bb{}\u00a0\u00bb][\/et_pb_heading][et_pb_heading title=\u00a0\u00bbQu&#039;est-ce que l&#039;\u00e9nur\u00e9sie ?\u00a0\u00bb _builder_version=\u00a0\u00bb4.27.4&Prime; _module_preset=\u00a0\u00bbdefault\u00a0\u00bb title_text_color=\u00a0\u00bb#F8F8F8&Prime; title_font_size=\u00a0\u00bb75px\u00a0\u00bb title_font_size_tablet=\u00a0\u00bb75px\u00a0\u00bb title_font_size_phone=\u00a0\u00bb40px\u00a0\u00bb title_font_size_last_edited=\u00a0\u00bbon|phone\u00a0\u00bb global_colors_info=\u00a0\u00bb{}\u00a0\u00bb][\/et_pb_heading][\/et_pb_column][\/et_pb_row][\/et_pb_section][et_pb_section fb_built=\u00a0\u00bb1&Prime; custom_padding_last_edited=\u00a0\u00bbon|phone\u00a0\u00bb _builder_version=\u00a0\u00bb4.16&Prime; custom_padding=\u00a0\u00bb20px||||false|false\u00a0\u00bb custom_padding_tablet=\u00a0\u00bb0px||||false|false\u00a0\u00bb custom_padding_phone=\u00a0\u00bb0px||||false|false\u00a0\u00bb da_disable_devices=\u00a0\u00bboff|off|off\u00a0\u00bb collapsed=\u00a0\u00bboff\u00a0\u00bb global_colors_info=\u00a0\u00bb{}\u00a0\u00bb da_is_popup=\u00a0\u00bboff\u00a0\u00bb da_exit_intent=\u00a0\u00bboff\u00a0\u00bb da_has_close=\u00a0\u00bbon\u00a0\u00bb da_alt_close=\u00a0\u00bboff\u00a0\u00bb da_dark_close=\u00a0\u00bboff\u00a0\u00bb da_not_modal=\u00a0\u00bbon\u00a0\u00bb da_is_singular=\u00a0\u00bboff\u00a0\u00bb da_with_loader=\u00a0\u00bboff\u00a0\u00bb da_has_shadow=\u00a0\u00bbon\u00a0\u00bb][et_pb_row column_structure=\u00a0\u00bb2_3,1_3&Prime; _builder_version=\u00a0\u00bb4.16&Prime; global_colors_info=\u00a0\u00bb{}\u00a0\u00bb][et_pb_column type=\u00a0\u00bb2_3&Prime; _builder_version=\u00a0\u00bb4.16&Prime; custom_padding=\u00a0\u00bb|||\u00a0\u00bb global_colors_info=\u00a0\u00bb{}\u00a0\u00bb custom_padding__hover=\u00a0\u00bb|||\u00a0\u00bb][et_pb_text _builder_version=\u00a0\u00bb4.27.6&Prime; header_2_text_color=\u00a0\u00bb#D35917&Prime; header_3_text_color=\u00a0\u00bbgcid-5eef58f4-760a-49fb-ad33-042d93415a96&Prime; hover_enabled=\u00a0\u00bb0&Prime; global_colors_info=\u00a0\u00bb{%22gcid-5eef58f4-760a-49fb-ad33-042d93415a96%22:%91%22header_3_text_color%22%93}\u00a0\u00bb text_font=\u00a0\u00bb&#8211;et_global_body_font|&#8211;et_global_heading_font_weight|||||||\u00a0\u00bb sticky_enabled=\u00a0\u00bb0&Prime;]<\/p>\n<h2>Qu&rsquo;est-ce que l&rsquo;\u00e9nur\u00e9sie ?<\/h2>\n<p>L&rsquo;\u00e9nur\u00e9sie &#8211; ou pipi au lit &#8211; consiste \u00e0 uriner involontairement pendant le sommeil. Elle est beaucoup plus fr\u00e9quente qu&rsquo;on ne le pense et peut toucher aussi bien les enfants que les adultes.<br data-start=\"746\" data-end=\"749\">Voyons de plus pr\u00e8s pourquoi elle se produit, comment elle peut \u00eatre prise en charge et ce que vous pouvez faire pour aider votre enfant ou vous-m\u00eame. <\/p>\n<h3>CAUSES ET FACTEURS<\/h3>\n<p>La situation de chaque personne est unique. Mais la recherche montre que l&rsquo;\u00e9nur\u00e9sie r\u00e9sulte souvent d&rsquo;une combinaison de facteurs g\u00e9n\u00e9tiques, biologiques et environnementaux.<br data-start=\"1081\" data-end=\"1084\">Vous trouverez ci-dessous les causes les plus courantes &#8211; et comment elles agissent ensemble. <\/p>\n<h3>HISTOIRE DE LA FAMILLE<\/h3>\n<p>Oui, l&rsquo;\u00e9nur\u00e9sie peut \u00eatre g\u00e9n\u00e9tique.<\/p>\n<ul>\n<li>Environ 50 % des enfants qui font pipi au lit ont au moins un parent qui a fait de m\u00eame.<\/li>\n<li>Si les deux parents ont fait pipi au lit lorsqu&rsquo;ils \u00e9taient enfants, la probabilit\u00e9 que leur enfant fasse de m\u00eame s&rsquo;\u00e9l\u00e8ve \u00e0 75 %.<\/li>\n<li>Un enfant qui n&rsquo;a pas d&rsquo;ant\u00e9c\u00e9dents familiaux n&rsquo;a que 15 % de chances d&rsquo;\u00eatre touch\u00e9.<br data-start=\"1513\" data-end=\"1516\">L&rsquo;\u00e9nur\u00e9sie est \u00e9galement plus fr\u00e9quente chez les gar\u00e7ons que chez les filles.<br data-start=\"1570\" data-end=\"1573\"><em data-start=\"1574\" data-end=\"1605\">(Source : <a class=\"decorated-link\" href=\"http:\/\/www.urologyhealth.org\" target=\"_new\" rel=\"noopener\" data-start=\"1583\" data-end=\"1604\">www.urologyhealth.org<\/a><\/em>)<\/li>\n<\/ul>\n<h3><b>UN D\u00c9VELOPPEMENT LENT DU CONTR\u00d4LE DE LA VESSIE PAR LE CERVEAU<\/b><\/h3>\n<p>Vous avez probablement d\u00e9j\u00e0 entendu quelqu&rsquo;un dire <em data-start=\"1699\" data-end=\"1729\">: \u00ab\u00a0Mon enfant dort si profond\u00e9ment<\/em>\u00ab\u00a0.<br data-start=\"1729\" data-end=\"1732\">Dans certains cas, c&rsquo;est vrai &#8211; et c&rsquo;est important. Le sommeil profond peut retarder la communication entre la vessie et le cerveau. Au lieu de se r\u00e9veiller pour uriner, les muscles du plancher pelvien se d\u00e9tendent et la vessie se vide pendant que l&rsquo;enfant continue \u00e0 dormir.  <\/p>\n<p data-start=\"1983\" data-end=\"2172\">Ce lien entre le cerveau et la vessie m\u00fbrit avec le temps, mais il peut \u00eatre soutenu et renforc\u00e9 par un traitement coh\u00e9rent, comme l&rsquo;utilisation des v\u00eatements de nuit DryGuardians de Pjama et du syst\u00e8me d&rsquo;alarme.<\/p>\n<h3><b>R\u00c9DUCTION DE LA CAPACIT\u00c9 DE LA VESSIE<\/b><\/h3>\n<p>Certains enfants ont simplement une vessie qui contient moins d&rsquo;urine que la moyenne. Lorsque la vessie se remplit plus rapidement pendant la nuit, des accidents peuvent se produire. Ce ph\u00e9nom\u00e8ne est courant et s&rsquo;am\u00e9liore g\u00e9n\u00e9ralement au fur et \u00e0 mesure que l&rsquo;enfant grandit.  <\/p>\n<h3><b>SURPRODUCTION D&rsquo;URINE PENDANT LE SOMMEIL<\/b><\/h3>\n<p>Chez certains enfants, les reins produisent trop d&rsquo;urine la nuit.<br data-start=\"2532\" data-end=\"2535\">Normalement, le cerveau lib\u00e8re une hormone appel\u00e9e vasopressine (ADH) pour ralentir la production d&rsquo;urine pendant le sommeil.<br data-start=\"2643\" data-end=\"2646\">Si le cerveau ne lib\u00e8re pas assez de cette hormone, ou si les reins ne r\u00e9agissent pas correctement, l&rsquo;enfant se r\u00e9veille pour uriner ou fait pipi au lit pendant son sommeil.<\/p>\n<p data-start=\"2819\" data-end=\"2931\">Les boissons contenant de la caf\u00e9ine ou du gaz carbonique peuvent \u00e9galement stimuler les reins et augmenter la production d&rsquo;urine pendant la nuit.<\/p>\n<h3>LES TROUBLES DU SOMMEIL<\/h3>\n<p>Les troubles du sommeil tels que l&rsquo;apn\u00e9e obstructive du sommeil ou le somnambulisme peuvent entra\u00eener la lib\u00e9ration par le c\u0153ur de peptide natriur\u00e9tique auriculaire (ANP), une hormone qui demande aux reins de produire plus d&rsquo;urine pendant la nuit.<\/p>\n<h3>CONSTIPATION<\/h3>\n<p>La constipation peut exercer une pression suppl\u00e9mentaire sur la vessie, r\u00e9duisant sa capacit\u00e9 et son contr\u00f4le.<br data-start=\"3293\" data-end=\"3296\">Le soulagement de la constipation contribue souvent \u00e0 am\u00e9liorer les sympt\u00f4mes de l&rsquo;\u00e9nur\u00e9sie.<\/p>\n<p>[\/et_pb_text][\/et_pb_column][et_pb_column type=\u00a0\u00bb1_3&Prime; _builder_version=\u00a0\u00bb4.16&Prime; custom_padding=\u00a0\u00bb|||\u00a0\u00bb global_colors_info=\u00a0\u00bb{}\u00a0\u00bb custom_padding__hover=\u00a0\u00bb|||\u00a0\u00bb][et_pb_image src=\u00a0\u00bbhttps:\/\/pjama.eu\/wp-content\/uploads\/pjama-experts-estimate.svg\u00a0\u00bb _builder_version=\u00a0\u00bb4.16&Prime; global_colors_info=\u00a0\u00bb{}\u00a0\u00bb][\/et_pb_image][\/et_pb_column][\/et_pb_row][et_pb_row column_structure=\u00a0\u00bb1_3,2_3&Prime; _builder_version=\u00a0\u00bb4.16&Prime; global_colors_info=\u00a0\u00bb{}\u00a0\u00bb][et_pb_column type=\u00a0\u00bb1_3&Prime; _builder_version=\u00a0\u00bb4.16&Prime; global_colors_info=\u00a0\u00bb{}\u00a0\u00bb][\/et_pb_column][et_pb_column type=\u00a0\u00bb2_3&Prime; _builder_version=\u00a0\u00bb4.16&Prime; global_colors_info=\u00a0\u00bb{}\u00a0\u00bb][et_pb_text module_class=\u00a0\u00bbcustom_bullets_wpcc custom_bullets_wpcc&#8211;point\u00a0\u00bb _builder_version=\u00a0\u00bb4.27.6&Prime; header_2_text_color=\u00a0\u00bbgcid-5eef58f4-760a-49fb-ad33-042d93415a96&Prime; hover_enabled=\u00a0\u00bb0&Prime; ul_font_size_tablet=\u00a0\u00bb\u00a0\u00bb ul_font_size_phone=\u00a0\u00bb17px\u00a0\u00bb ul_font_size_last_edited=\u00a0\u00bbon|phone\u00a0\u00bb global_colors_info=\u00a0\u00bb{%22gcid-5eef58f4-760a-49fb-ad33-042d93415a96%22:%91%22header_2_text_color%22%93}\u00a0\u00bb text_font=\u00a0\u00bb&#8211;et_global_body_font|&#8211;et_global_heading_font_weight|||||||\u00a0\u00bb sticky_enabled=\u00a0\u00bb0&Prime;]<\/p>\n<h2>VIVRE AVEC L&rsquo;\u00c9NUR\u00c9SIE<\/h2>\n<p>L&rsquo;\u00e9nur\u00e9sie peut affecter les enfants et les familles sur le plan \u00e9motionnel, mais elle peut \u00eatre g\u00e9r\u00e9e avec succ\u00e8s. Voici quelques conseils et rappels qui font une r\u00e9elle diff\u00e9rence : <\/p>\n<ul>\n<li>L&rsquo;\u00e9nur\u00e9sie n&rsquo;est pas la faute de votre enfant &#8211; ne le punissez jamais et ne le taquinez pas.<\/li>\n<li>Laissez votre enfant manger et boire normalement. La recherche su\u00e9doise montre que ces habitudes n&rsquo;ont qu&rsquo;un impact minime sur le traitement. <\/li>\n<li>Utilisez les v\u00eatements de nuit Pjama DryGuardians &#8211; \u00e0 la maison comme \u00e0 l&rsquo;ext\u00e9rieur.<\/li>\n<li>Suivez vos progr\u00e8s avec l&rsquo;application <span style=\"font-weight: 400;\"> <a href=\"https:\/\/pjama.eu\/fr\/alarme-pipi-au-lit-application\/\">DryGuardians App<\/a> <\/span>DryGuardians App, en utilisant le calendrier int\u00e9gr\u00e9 pour enregistrer les nuits s\u00e8ches et les nuits humides. Cela peut \u00e9galement s&rsquo;av\u00e9rer utile lorsque vous consultez votre m\u00e9decin. <\/li>\n<li>Parler ouvertement &#8211; l&rsquo;\u00e9nur\u00e9sie est un ph\u00e9nom\u00e8ne courant et le fait de partager ses exp\u00e9riences contribue \u00e0 att\u00e9nuer la honte.<\/li>\n<li>Ne dites jamais que c&rsquo;est honteux. Les enfants en entendent d\u00e9j\u00e0 suffisamment parler ailleurs. <\/li>\n<li>N&rsquo;abandonnez pas ! Le traitement prend du temps, mais les progr\u00e8s viendront &#8211; et vous vous en sortez tr\u00e8s bien. <\/li>\n<\/ul>\n<p>[\/et_pb_text][\/et_pb_column][\/et_pb_row][\/et_pb_section][et_pb_section fb_built=\u00a0\u00bb1&Prime; custom_padding_last_edited=\u00a0\u00bbon|phone\u00a0\u00bb _builder_version=\u00a0\u00bb4.27.4&Prime; background_enable_color=\u00a0\u00bboff\u00a0\u00bb custom_padding=\u00a0\u00bb20px||||false|false\u00a0\u00bb custom_padding_tablet=\u00a0\u00bb0px||||false|false\u00a0\u00bb custom_padding_phone=\u00a0\u00bb0px||||false|false\u00a0\u00bb da_disable_devices=\u00a0\u00bboff|off|off\u00a0\u00bb collapsed=\u00a0\u00bbon\u00a0\u00bb global_colors_info=\u00a0\u00bb{}\u00a0\u00bb da_is_popup=\u00a0\u00bboff\u00a0\u00bb da_exit_intent=\u00a0\u00bboff\u00a0\u00bb da_has_close=\u00a0\u00bbon\u00a0\u00bb da_alt_close=\u00a0\u00bboff\u00a0\u00bb da_dark_close=\u00a0\u00bboff\u00a0\u00bb da_not_modal=\u00a0\u00bbon\u00a0\u00bb da_is_singular=\u00a0\u00bboff\u00a0\u00bb da_with_loader=\u00a0\u00bboff\u00a0\u00bb da_has_shadow=\u00a0\u00bbon\u00a0\u00bb][et_pb_row column_structure=\u00a0\u00bb2_3,1_3&Prime; _builder_version=\u00a0\u00bb4.16&Prime; global_colors_info=\u00a0\u00bb{}\u00a0\u00bb][et_pb_column type=\u00a0\u00bb2_3&Prime; _builder_version=\u00a0\u00bb4.16&Prime; custom_padding=\u00a0\u00bb|||\u00a0\u00bb global_colors_info=\u00a0\u00bb{}\u00a0\u00bb custom_padding__hover=\u00a0\u00bb|||\u00a0\u00bb][et_pb_text _builder_version=\u00a0\u00bb4.27.6&Prime; header_2_text_color=\u00a0\u00bb#D35917&Prime; header_3_text_color=\u00a0\u00bbgcid-5eef58f4-760a-49fb-ad33-042d93415a96&Prime; hover_enabled=\u00a0\u00bb0&Prime; global_colors_info=\u00a0\u00bb{%22gcid-5eef58f4-760a-49fb-ad33-042d93415a96%22:%91%22header_3_text_color%22%93}\u00a0\u00bb text_font=\u00a0\u00bb&#8211;et_global_body_font|&#8211;et_global_heading_font_weight|||||||\u00a0\u00bb sticky_enabled=\u00a0\u00bb0&Prime;]<\/p>\n<h2>L&rsquo;\u00c9NUR\u00c9SIE CHEZ L&rsquo;ADULTE : QUELLES EN SONT LES CAUSES ?<\/h2>\n<p data-start=\"4266\" data-end=\"4442\">Bien que l&rsquo;\u00e9nur\u00e9sie soit souvent associ\u00e9e aux enfants, elle touche \u00e9galement environ 5 millions d&rsquo;adultes rien qu&rsquo;aux \u00c9tats-Unis<em data-start=\"4393\" data-end=\"4438\">(Source : <a href=\"https:\/\/www.nafc.org\/adult-bedwetting\" target=\"_blank\" rel=\"noopener noreferrer\">* National Association for Continence<\/a><\/em>).<\/p>\n<p data-start=\"4444\" data-end=\"4535\">Il existe de nombreuses causes potentielles &#8211; des d\u00e9clencheurs temporaires aux conditions m\u00e9dicales sous-jacentes.<\/p>\n<h3>GENETIQUE<\/h3>\n<p>Tout comme chez les enfants, l&rsquo;\u00e9nur\u00e9sie de l&rsquo;adulte peut \u00eatre h\u00e9r\u00e9ditaire.<\/p>\n<h3><b>Infections du tractus urinaire (IVU)<\/b><\/h3>\n<p>Une infection de la vessie peut augmenter l&rsquo;envie d&rsquo;uriner, entra\u00eenant parfois des accidents pendant le sommeil.<br data-start=\"4804\" data-end=\"4807\">La plupart des infections urinaires sont b\u00e9nignes et disparaissent rapidement avec des antibiotiques.<\/p>\n<h3><b>LES EFFETS SECONDAIRES DES M\u00c9DICAMENTS<\/b><\/h3>\n<p>Certains m\u00e9dicaments pour les maladies cardiaques, la sant\u00e9 mentale ou la pression art\u00e9rielle peuvent affecter le contr\u00f4le de la vessie.<\/p>\n<h3>LE STRESS ET L&rsquo;ANXI\u00c9T\u00c9<\/h3>\n<p>Le stress mental peut d\u00e9clencher ou aggraver l&rsquo;\u00e9nur\u00e9sie. Dans de nombreux cas, les sympt\u00f4mes disparaissent lorsque le niveau de stress diminue. <\/p>\n<h3>BOISSONS ET STIMULANTS<\/h3>\n<p>Les boissons contenant de la caf\u00e9ine ou du gaz carbonique peuvent irriter la vessie et augmenter la production d&rsquo;urine.<\/p>\n<h3><b>AUTRES CONDITIONS M\u00c9DICALES<\/b><\/h3>\n<p>Certains adultes ont une vessie plus petite, une vessie hyperactive ou des diff\u00e9rences structurelles qui r\u00e9duisent la capacit\u00e9 de stockage pendant la nuit.<\/p>\n<p data-start=\"5446\" data-end=\"5672\">Si vous faites pipi au lit \u00e0 l&rsquo;\u00e2ge adulte, consultez votre m\u00e9decin pour \u00e9liminer les causes sous-jacentes.<br data-start=\"5536\" data-end=\"5539\">Si l&rsquo;\u00e9nur\u00e9sie pr\u00e9sente rarement des risques pour la sant\u00e9 physique, elle peut fortement affecter la qualit\u00e9 de vie et l&rsquo;estime de soi.<\/p>\n<p>&nbsp;<\/p>\n<p>[\/et_pb_text][\/et_pb_column][et_pb_column type=\u00a0\u00bb1_3&Prime; _builder_version=\u00a0\u00bb4.16&Prime; custom_padding=\u00a0\u00bb|||\u00a0\u00bb global_colors_info=\u00a0\u00bb{}\u00a0\u00bb custom_padding__hover=\u00a0\u00bb|||\u00a0\u00bb][et_pb_image src=\u00a0\u00bbhttps:\/\/pjama.eu\/wp-content\/uploads\/pjama-figure-panic.svg\u00a0\u00bb alt=\u00a0\u00bbL&#039;\u00e9nur\u00e9sie du Pjama\u00a0\u00bb title_text=\u00a0\u00bbPjama-figure-panique\u00a0\u00bb align=\u00a0\u00bbcenter\u00a0\u00bb _builder_version=\u00a0\u00bb4.27.4&Prime; width_tablet=\u00a0\u00bb\u00a0\u00bb width_phone=\u00a0\u00bb40%\u00a0\u00bb width_last_edited=\u00a0\u00bbon|phone\u00a0\u00bb global_colors_info=\u00a0\u00bb{}\u00a0\u00bb][\/et_pb_image][\/et_pb_column][\/et_pb_row][et_pb_row column_structure=\u00a0\u00bb1_3,2_3&Prime; custom_padding_last_edited=\u00a0\u00bbon|phone\u00a0\u00bb _builder_version=\u00a0\u00bb4.27.4&Prime; custom_margin_tablet=\u00a0\u00bb\u00a0\u00bb custom_margin_phone=\u00a0\u00bb0px||||false|false\u00a0\u00bb custom_margin_last_edited=\u00a0\u00bbon|phone\u00a0\u00bb custom_padding_tablet=\u00a0\u00bb\u00a0\u00bb custom_padding_phone=\u00a0\u00bb1px||||false|false\u00a0\u00bb global_colors_info=\u00a0\u00bb{}\u00a0\u00bb][et_pb_column type=\u00a0\u00bb1_3&Prime; _builder_version=\u00a0\u00bb4.16&Prime; global_colors_info=\u00a0\u00bb{}\u00a0\u00bb][\/et_pb_column][et_pb_column type=\u00a0\u00bb2_3&Prime; _builder_version=\u00a0\u00bb4.16&Prime; global_colors_info=\u00a0\u00bb{}\u00a0\u00bb][et_pb_text module_class=\u00a0\u00bbcustom_bullets_wpcc custom_bullets_wpcc&#8211;point\u00a0\u00bb _builder_version=\u00a0\u00bb4.27.6&Prime; header_2_text_color=\u00a0\u00bb#D35917&Prime; header_3_text_color=\u00a0\u00bbgcid-5eef58f4-760a-49fb-ad33-042d93415a96&Prime; hover_enabled=\u00a0\u00bb0&Prime; ul_font_size_tablet=\u00a0\u00bb\u00a0\u00bb ul_font_size_phone=\u00a0\u00bb17px\u00a0\u00bb ul_font_size_last_edited=\u00a0\u00bbon|phone\u00a0\u00bb global_colors_info=\u00a0\u00bb{%22gcid-5eef58f4-760a-49fb-ad33-042d93415a96%22:%91%22header_3_text_color%22%93}\u00a0\u00bb text_font=\u00a0\u00bb&#8211;et_global_body_font|&#8211;et_global_heading_font_weight|||||||\u00a0\u00bb sticky_enabled=\u00a0\u00bb0&Prime;]<\/p>\n<h2><b>LA PRISE EN CHARGE ET LE TRAITEMENT DE L&rsquo;\u00c9NUR\u00c9SIE CHEZ L&rsquo;ADULTE<\/b><\/h2>\n<p>Vivre avec l&rsquo;\u00e9nur\u00e9sie de l&rsquo;adulte peut \u00eatre un d\u00e9fi \u00e9motionnel, mais de l&rsquo;aide est disponible.<br data-start=\"5810\" data-end=\"5813\">Voici les strat\u00e9gies de traitement les plus courantes :<\/p>\n<p>&nbsp;<\/p>\n<h3 data-start=\"5861\" data-end=\"5879\"><strong data-start=\"5865\" data-end=\"5879\">M\u00e9dicaments<\/strong><\/h3>\n<p data-start=\"5880\" data-end=\"6015\">Certains m\u00e9dicaments peuvent aider \u00e0 r\u00e9duire les sympt\u00f4mes ou \u00e0 contr\u00f4ler la production d&rsquo;urine pendant la nuit.<br data-start=\"5957\" data-end=\"5960\">Cependant, il ne s&rsquo;agit pas de rem\u00e8des, mais d&rsquo;une aide \u00e0 la prise en charge.<\/p>\n<h3 data-start=\"6017\" data-end=\"6042\"><strong data-start=\"6021\" data-end=\"6042\">Alarme pipi au lit<\/strong><\/h3>\n<p data-start=\"6043\" data-end=\"6229\">Les alarmes pour l&rsquo;\u00e9nur\u00e9sie peuvent aider \u00e0 r\u00e9apprendre au corps \u00e0 se r\u00e9veiller avant qu&rsquo;un accident ne se produise.<br data-start=\"6124\" data-end=\"6127\">Le Capteur d&rsquo;alarme autonome Pjama DryGuardians est une option discr\u00e8te et efficace pour les adultes.<\/p>\n<h3 data-start=\"6231\" data-end=\"6246\"><strong data-start=\"6235\" data-end=\"6246\">Th\u00e9rapie<\/strong><\/h3>\n<p data-start=\"6247\" data-end=\"6351\">Si le stress ou l&rsquo;anxi\u00e9t\u00e9 contribuent \u00e0 votre \u00e9nur\u00e9sie, la th\u00e9rapie peut vous aider \u00e0 traiter les causes sous-jacentes.<\/p>\n<h3 data-start=\"6353\" data-end=\"6378\"><strong data-start=\"6357\" data-end=\"6378\">Routine d&rsquo;hydratation<\/strong><\/h3>\n<p data-start=\"6379\" data-end=\"6578\">Buvez 6 \u00e0 8 verres de liquide par jour, id\u00e9alement plus t\u00f4t dans la journ\u00e9e.<br data-start=\"6444\" data-end=\"6447\">R\u00e9duisez votre consommation de liquide le soir et choisissez des boissons non caf\u00e9in\u00e9es et non gazeuses pour r\u00e9duire le risque d&rsquo;accidents nocturnes.<\/p>\n<p>[\/et_pb_text][\/et_pb_column][\/et_pb_row][\/et_pb_section]<\/p>\n","protected":false},"excerpt":{"rendered":"<p>Qu&rsquo;est-ce que l&rsquo;\u00e9nur\u00e9sie ? L&rsquo;\u00e9nur\u00e9sie &#8211; ou pipi au lit &#8211; consiste \u00e0 uriner involontairement pendant le sommeil. Elle est beaucoup plus fr\u00e9quente qu&rsquo;on ne le pense et peut toucher aussi bien les enfants que les adultes.Voyons de plus pr\u00e8s pourquoi elle se produit, comment elle peut \u00eatre prise en charge et ce que vous [&hellip;]<\/p>\n","protected":false},"author":1,"featured_media":0,"parent":0,"menu_order":0,"comment_status":"closed","ping_status":"closed","template":"","meta":{"_et_pb_use_builder":"on","_et_pb_old_content":"","_et_gb_content_width":"","footnotes":""},"class_list":["post-23906","page","type-page","status-publish","hentry"],"_links":{"self":[{"href":"https:\/\/pjama.eu\/fr\/wp-json\/wp\/v2\/pages\/23906","targetHints":{"allow":["GET"]}}],"collection":[{"href":"https:\/\/pjama.eu\/fr\/wp-json\/wp\/v2\/pages"}],"about":[{"href":"https:\/\/pjama.eu\/fr\/wp-json\/wp\/v2\/types\/page"}],"author":[{"embeddable":true,"href":"https:\/\/pjama.eu\/fr\/wp-json\/wp\/v2\/users\/1"}],"replies":[{"embeddable":true,"href":"https:\/\/pjama.eu\/fr\/wp-json\/wp\/v2\/comments?post=23906"}],"version-history":[{"count":21,"href":"https:\/\/pjama.eu\/fr\/wp-json\/wp\/v2\/pages\/23906\/revisions"}],"predecessor-version":[{"id":36939,"href":"https:\/\/pjama.eu\/fr\/wp-json\/wp\/v2\/pages\/23906\/revisions\/36939"}],"wp:attachment":[{"href":"https:\/\/pjama.eu\/fr\/wp-json\/wp\/v2\/media?parent=23906"}],"curies":[{"name":"wp","href":"https:\/\/api.w.org\/{rel}","templated":true}]}}