{"id":23907,"date":"2020-03-17T10:42:30","date_gmt":"2020-03-17T09:42:30","guid":{"rendered":"https:\/\/pjama.eu\/comment-laver-et-secher-votre-pjama\/"},"modified":"2026-03-25T12:35:15","modified_gmt":"2026-03-25T11:35:15","slug":"entretien-pjama","status":"publish","type":"page","link":"https:\/\/pjama.eu\/fr\/entretien-pjama\/","title":{"rendered":"Comment laver votre Pjama"},"content":{"rendered":"<p>[et_pb_section fb_built=\u00a0\u00bb1&Prime; custom_padding_last_edited=\u00a0\u00bbon|desktop\u00a0\u00bb _builder_version=\u00a0\u00bb4.27.4&Prime; background_color=\u00a0\u00bbgcid-5eef58f4-760a-49fb-ad33-042d93415a96&Prime; height_tablet=\u00a0\u00bb\u00a0\u00bb height_phone=\u00a0\u00bbauto\u00a0\u00bb height_last_edited=\u00a0\u00bbon|phone\u00a0\u00bb custom_padding=\u00a0\u00bb6%||6%||true|false\u00a0\u00bb custom_padding_tablet=\u00a0\u00bb\u00a0\u00bb custom_padding_phone=\u00a0\u00bb10%||7%||false|false\u00a0\u00bb top_divider_arrangement_tablet=\u00a0\u00bb\u00a0\u00bb top_divider_arrangement_phone=\u00a0\u00bb\u00a0\u00bb top_divider_arrangement_last_edited=\u00a0\u00bbon|phone\u00a0\u00bb bottom_divider_style=\u00a0\u00bbasymmetric\u00a0\u00bb bottom_divider_color=\u00a0\u00bb#ffffff\u00a0\u00bb bottom_divider_height=\u00a0\u00bb66px\u00a0\u00bb bottom_divider_flip=\u00a0\u00bbhorizontal\u00a0\u00bb bottom_divider_height_tablet=\u00a0\u00bb55px\u00a0\u00bb bottom_divider_height_phone=\u00a0\u00bb33px\u00a0\u00bb bottom_divider_height_last_edited=\u00a0\u00bbon|phone\u00a0\u00bb da_disable_devices=\u00a0\u00bboff|off|off\u00a0\u00bb collapsed=\u00a0\u00bboff\u00a0\u00bb global_colors_info=\u00a0\u00bb{%22gcid-5eef58f4-760a-49fb-ad33-042d93415a96%22:%91%22background_color%22%93}\u00a0\u00bb da_is_popup=\u00a0\u00bboff\u00a0\u00bb da_exit_intent=\u00a0\u00bboff\u00a0\u00bb da_has_close=\u00a0\u00bbon\u00a0\u00bb da_alt_close=\u00a0\u00bboff\u00a0\u00bb da_dark_close=\u00a0\u00bboff\u00a0\u00bb da_not_modal=\u00a0\u00bbon\u00a0\u00bb da_is_singular=\u00a0\u00bboff\u00a0\u00bb da_with_loader=\u00a0\u00bboff\u00a0\u00bb da_has_shadow=\u00a0\u00bbon\u00a0\u00bb][et_pb_row _builder_version=\u00a0\u00bb4.27.4&Prime; _module_preset=\u00a0\u00bbdefault\u00a0\u00bb global_colors_info=\u00a0\u00bb{}\u00a0\u00bb][et_pb_column type=\u00a0\u00bb4_4&Prime; _builder_version=\u00a0\u00bb4.27.4&Prime; _module_preset=\u00a0\u00bbdefault\u00a0\u00bb global_colors_info=\u00a0\u00bb{}\u00a0\u00bb][et_pb_heading title=\u00a0\u00bbEntretien Pjama : Guide Complet de Lavage\u00a0\u00bb _builder_version=\u00a0\u00bb4.27.4&Prime; _module_preset=\u00a0\u00bbdefault\u00a0\u00bb title_text_color=\u00a0\u00bb#D35917&Prime; title_font_size=\u00a0\u00bb40px\u00a0\u00bb title_font_size_tablet=\u00a0\u00bb40px\u00a0\u00bb title_font_size_phone=\u00a0\u00bb25px\u00a0\u00bb title_font_size_last_edited=\u00a0\u00bbon|phone\u00a0\u00bb global_colors_info=\u00a0\u00bb{}\u00a0\u00bb][\/et_pb_heading][et_pb_heading title=\u00a0\u00bbComment Laver et S\u00e9cher vos Pantalons et Shorts Pjama\u00a0\u00bb _builder_version=\u00a0\u00bb4.27.4&Prime; _module_preset=\u00a0\u00bbdefault\u00a0\u00bb title_text_color=\u00a0\u00bb#F8F8F8&Prime; title_font_size=\u00a0\u00bb75px\u00a0\u00bb title_font_size_tablet=\u00a0\u00bb75px\u00a0\u00bb title_font_size_phone=\u00a0\u00bb40px\u00a0\u00bb title_font_size_last_edited=\u00a0\u00bbon|phone\u00a0\u00bb global_colors_info=\u00a0\u00bb{}\u00a0\u00bb][\/et_pb_heading][\/et_pb_column][\/et_pb_row][\/et_pb_section][et_pb_section fb_built=\u00a0\u00bb1&Prime; admin_label=\u00a0\u00bbSektion\u00a0\u00bb _builder_version=\u00a0\u00bb4.16&Prime; background_color=\u00a0\u00bb#ffffff\u00a0\u00bb custom_margin_tablet=\u00a0\u00bb-60px||||false|false\u00a0\u00bb custom_margin_last_edited=\u00a0\u00bboff|desktop\u00a0\u00bb custom_padding=\u00a0\u00bb50px|||||\u00a0\u00bb da_disable_devices=\u00a0\u00bboff|off|off\u00a0\u00bb collapsed=\u00a0\u00bboff\u00a0\u00bb global_colors_info=\u00a0\u00bb{}\u00a0\u00bb da_is_popup=\u00a0\u00bboff\u00a0\u00bb da_exit_intent=\u00a0\u00bboff\u00a0\u00bb da_has_close=\u00a0\u00bbon\u00a0\u00bb da_alt_close=\u00a0\u00bboff\u00a0\u00bb da_dark_close=\u00a0\u00bboff\u00a0\u00bb da_not_modal=\u00a0\u00bbon\u00a0\u00bb da_is_singular=\u00a0\u00bboff\u00a0\u00bb da_with_loader=\u00a0\u00bboff\u00a0\u00bb da_has_shadow=\u00a0\u00bbon\u00a0\u00bb][et_pb_row column_structure=\u00a0\u00bb2_3,1_3&Prime; custom_padding_last_edited=\u00a0\u00bbon|desktop\u00a0\u00bb _builder_version=\u00a0\u00bb4.16&Prime; background_size=\u00a0\u00bbinitial\u00a0\u00bb background_position=\u00a0\u00bbtop_left\u00a0\u00bb background_repeat=\u00a0\u00bbrepeat\u00a0\u00bb custom_padding=\u00a0\u00bb0px||60px|||\u00a0\u00bb custom_padding_tablet=\u00a0\u00bb||0px||false|false\u00a0\u00bb custom_padding_phone=\u00a0\u00bb\u00a0\u00bb global_colors_info=\u00a0\u00bb{}\u00a0\u00bb][et_pb_column type=\u00a0\u00bb2_3&Prime; _builder_version=\u00a0\u00bb4.16&Prime; custom_padding=\u00a0\u00bb|||\u00a0\u00bb global_colors_info=\u00a0\u00bb{}\u00a0\u00bb custom_padding__hover=\u00a0\u00bb|||\u00a0\u00bb][et_pb_heading title=\u00a0\u00bbPANTALONS ET SHORTS DE PJAMA\u00a0\u00bb _builder_version=\u00a0\u00bb4.27.4&Prime; _module_preset=\u00a0\u00bbdefault\u00a0\u00bb title_level=\u00a0\u00bbh3&Prime; title_text_color=\u00a0\u00bbgcid-5eef58f4-760a-49fb-ad33-042d93415a96&Prime; global_colors_info=\u00a0\u00bb{%22gcid-5eef58f4-760a-49fb-ad33-042d93415a96%22:%91%22title_text_color%22%93}\u00a0\u00bb][\/et_pb_heading][et_pb_heading title=\u00a0\u00bbEntretien facile pour une durabilit\u00e9 maximale\u00a0\u00bb _builder_version=\u00a0\u00bb4.27.4&Prime; _module_preset=\u00a0\u00bbdefault\u00a0\u00bb title_level=\u00a0\u00bbh2&Prime; title_text_color=\u00a0\u00bb#D35917&Prime; global_colors_info=\u00a0\u00bb{}\u00a0\u00bb][\/et_pb_heading][et_pb_text _builder_version=\u00a0\u00bb4.27.6&Prime; header_2_text_color=\u00a0\u00bb#61a2df\u00a0\u00bb header_3_text_color=\u00a0\u00bbgcid-5eef58f4-760a-49fb-ad33-042d93415a96&Prime; hover_enabled=\u00a0\u00bb0&Prime; ul_font_size_tablet=\u00a0\u00bb\u00a0\u00bb ul_font_size_phone=\u00a0\u00bb17px\u00a0\u00bb ul_font_size_last_edited=\u00a0\u00bbon|phone\u00a0\u00bb global_colors_info=\u00a0\u00bb{%22gcid-5eef58f4-760a-49fb-ad33-042d93415a96%22:%91%22header_3_text_color%22%93}\u00a0\u00bb text_font=\u00a0\u00bb&#8211;et_global_body_font|&#8211;et_global_heading_font_weight|||||||\u00a0\u00bb sticky_enabled=\u00a0\u00bb0&Prime;]<\/p>\n<h3>Entretien Pjama : \u00c9tapes cl\u00e9s pour le lavage<\/h3>\n<p>Les v\u00eatements Pjama sont lavables et durables. Un bon entretien Pjama garantit l&rsquo;efficacit\u00e9 de la protection contre l&rsquo;\u00e9nur\u00e9sie sur le long terme.<br data-start=\"254\" data-end=\"257\">Mettez les pantalons juste avant de vous coucher pour les garder en bon \u00e9tat. Ils ne sont pas faits pour les aventures ludiques ou les sauts avant de dormir. Et quand vient le moment de laver votre Pjama, voici comment faire :  <\/p>\n<ul>\n<li>Retirez le capteur avant de le laver.<\/li>\n<li>Lavez votre Pjama avec des couleurs similaires pour \u00e9viter les d\u00e9colorations.<\/li>\n<li>Ne laissez pas d&rsquo;objets pointus, comme des fermetures \u00e9clair ou des pi\u00e8ces m\u00e9talliques, dans le lave-linge.<\/li>\n<li>Retournez le v\u00eatement avant de le laver.<\/li>\n<li>Laver \u00e0 une temp\u00e9rature maximale de 60 \u00b0C.<\/li>\n<li>Terminez par un cycle d&rsquo;essorage \u00e9lev\u00e9.<\/li>\n<li>S\u00e9cher \u00e0 temp\u00e9rature ambiante ou \u00e0 l&rsquo;air libre ; en cas de s\u00e9chage par culbutage, ne pas d\u00e9passer 60 \u00b0C.<\/li>\n<\/ul>\n<p><strong>\u00c0 \u00e9viter :<\/strong><\/p>\n<ul>\n<li>Nettoyage \u00e0 sec &#8211; les produits chimiques peuvent endommager le tissu et les capteurs.<\/li>\n<li>Assouplisseurs &#8211; ils r\u00e9duisent la capacit\u00e9 d&rsquo;absorption et peuvent nuire \u00e0 la fonctionnalit\u00e9 des capteurs.<\/li>\n<li>Agents de blanchiment &#8211; ils peuvent endommager les qualit\u00e9s de r\u00e9tention d&rsquo;eau du tissu.<\/li>\n<li>Repassage &#8211; la chaleur peut endommager le tissu ou les fils des capteurs.<\/li>\n<\/ul>\n<p>En raison des mat\u00e9riaux absorbants du Pjama, le s\u00e9chage peut prendre plus de temps que d&rsquo;habitude. Le cycle \u00e0 essorage \u00e9lev\u00e9 et le s\u00e9chage \u00e0 l&rsquo;envers permettent de r\u00e9duire le temps de s\u00e9chage. <\/p>\n<p>Les <a href=\"https:\/\/pjama.eu\/fr\/pantalon-anti-pipi-au-lit\/\">composants uniques<\/a> du Pjama entra\u00eenent des temps de s\u00e9chage plus longs que les tissus ordinaires. En suivant ces instructions de lavage, vous vous assurez que vos pantalons et shorts restent en bon \u00e9tat et conservent leur fonctionnalit\u00e9. <\/p>\n<p>[\/et_pb_text][\/et_pb_column][et_pb_column type=\u00a0\u00bb1_3&Prime; _builder_version=\u00a0\u00bb4.16&Prime; custom_padding=\u00a0\u00bb|||\u00a0\u00bb global_colors_info=\u00a0\u00bb{}\u00a0\u00bb custom_padding__hover=\u00a0\u00bb|||\u00a0\u00bb][et_pb_image src=\u00a0\u00bbhttps:\/\/pjama.eu\/wp-content\/uploads\/Pjama_wash-1.png\u00a0\u00bb alt=\u00a0\u00bbPjama lav\u00e9  \u00a0\u00bb title_text=\u00a0\u00bbPjama_wash-1&Prime; _builder_version=\u00a0\u00bb4.27.4&Prime; transform_scale_tablet=\u00a0\u00bb\u00a0\u00bb transform_scale_phone=\u00a0\u00bb\u00a0\u00bb transform_scale_last_edited=\u00a0\u00bbon|desktop\u00a0\u00bb transform_translate=\u00a0\u00bb0px|-135px\u00a0\u00bb transform_translate_tablet=\u00a0\u00bb0px|0px\u00a0\u00bb transform_translate_phone=\u00a0\u00bb\u00a0\u00bb transform_translate_last_edited=\u00a0\u00bbon|desktop\u00a0\u00bb transform_translate_linked=\u00a0\u00bboff\u00a0\u00bb transform_rotate_tablet=\u00a0\u00bb\u00a0\u00bb transform_rotate_phone=\u00a0\u00bb\u00a0\u00bb transform_rotate_last_edited=\u00a0\u00bbon|desktop\u00a0\u00bb transform_skew_tablet=\u00a0\u00bb\u00a0\u00bb transform_skew_phone=\u00a0\u00bb\u00a0\u00bb transform_skew_last_edited=\u00a0\u00bbon|desktop\u00a0\u00bb transform_origin_tablet=\u00a0\u00bb\u00a0\u00bb transform_origin_phone=\u00a0\u00bb\u00a0\u00bb transform_origin_last_edited=\u00a0\u00bbon|desktop\u00a0\u00bb transform_styles_last_edited=\u00a0\u00bbon|desktop\u00a0\u00bb width=\u00a0\u00bb100%\u00a0\u00bb width_tablet=\u00a0\u00bb70%\u00a0\u00bb width_phone=\u00a0\u00bb60%\u00a0\u00bb width_last_edited=\u00a0\u00bbon|phone\u00a0\u00bb module_alignment=\u00a0\u00bbcenter\u00a0\u00bb custom_margin_tablet=\u00a0\u00bb||30px||false|false\u00a0\u00bb custom_margin_phone=\u00a0\u00bb||30px||false|false\u00a0\u00bb custom_margin_last_edited=\u00a0\u00bbon|desktop\u00a0\u00bb transform_styles_tablet=\u00a0\u00bb\u00a0\u00bb transform_styles_phone=\u00a0\u00bb\u00a0\u00bb global_colors_info=\u00a0\u00bb{}\u00a0\u00bb][\/et_pb_image][\/et_pb_column][\/et_pb_row][et_pb_row column_structure=\u00a0\u00bb1_4,1_4,1_4,1_4&Prime; _builder_version=\u00a0\u00bb4.27.4&Prime; background_color=\u00a0\u00bbgcid-5eef58f4-760a-49fb-ad33-042d93415a96&Prime; custom_margin=\u00a0\u00bb||50px||false|false\u00a0\u00bb border_radii=\u00a0\u00bbon|6px|6px|6px|6px\u00a0\u00bb global_colors_info=\u00a0\u00bb{%22gcid-5eef58f4-760a-49fb-ad33-042d93415a96%22:%91%22background_color%22%93}\u00a0\u00bb][et_pb_column type=\u00a0\u00bb1_4&Prime; _builder_version=\u00a0\u00bb4.16&Prime; global_colors_info=\u00a0\u00bb{}\u00a0\u00bb][et_pb_blurb title=\u00a0\u00bbMax 60 \u00b0C\u00a0\u00bb image=\u00a0\u00bbhttps:\/\/pjama.eu\/wp-content\/uploads\/washing-machine-max60.svg\u00a0\u00bb image_icon_width=\u00a0\u00bb25%\u00a0\u00bb _builder_version=\u00a0\u00bb4.27.4&Prime; header_level=\u00a0\u00bbh2&Prime; header_text_color=\u00a0\u00bb#D35917&Prime; text_orientation=\u00a0\u00bbcenter\u00a0\u00bb background_layout=\u00a0\u00bbdark\u00a0\u00bb max_width_tablet=\u00a0\u00bb\u00a0\u00bb max_width_phone=\u00a0\u00bb50%\u00a0\u00bb max_width_last_edited=\u00a0\u00bbon|phone\u00a0\u00bb module_alignment=\u00a0\u00bbcenter\u00a0\u00bb image_max_width=\u00a0\u00bb25%\u00a0\u00bb global_colors_info=\u00a0\u00bb{}\u00a0\u00bb][\/et_pb_blurb][\/et_pb_column][et_pb_column type=\u00a0\u00bb1_4&Prime; _builder_version=\u00a0\u00bb4.16&Prime; global_colors_info=\u00a0\u00bb{}\u00a0\u00bb][et_pb_blurb title=\u00a0\u00bbMax 60 \u00b0C\u00a0\u00bb image=\u00a0\u00bbhttps:\/\/pjama.eu\/wp-content\/uploads\/laundry-max60.svg\u00a0\u00bb image_icon_width=\u00a0\u00bb25%\u00a0\u00bb _builder_version=\u00a0\u00bb4.27.4&Prime; header_level=\u00a0\u00bbh2&Prime; header_text_color=\u00a0\u00bb#D35917&Prime; text_orientation=\u00a0\u00bbcenter\u00a0\u00bb background_layout=\u00a0\u00bbdark\u00a0\u00bb max_width_tablet=\u00a0\u00bb\u00a0\u00bb max_width_phone=\u00a0\u00bb50%\u00a0\u00bb max_width_last_edited=\u00a0\u00bbon|phone\u00a0\u00bb module_alignment=\u00a0\u00bbcenter\u00a0\u00bb image_max_width=\u00a0\u00bb25%\u00a0\u00bb global_colors_info=\u00a0\u00bb{}\u00a0\u00bb][\/et_pb_blurb][\/et_pb_column][et_pb_column type=\u00a0\u00bb1_4&Prime; _builder_version=\u00a0\u00bb4.16&Prime; global_colors_info=\u00a0\u00bb{}\u00a0\u00bb][et_pb_blurb title=\u00a0\u00bbPAS DE REPASSAGE\u00a0\u00bb image=\u00a0\u00bbhttps:\/\/pjama.eu\/wp-content\/uploads\/dry.svg\u00a0\u00bb image_icon_width=\u00a0\u00bb25%\u00a0\u00bb _builder_version=\u00a0\u00bb4.27.4&Prime; header_level=\u00a0\u00bbh2&Prime; header_text_color=\u00a0\u00bb#D35917&Prime; text_orientation=\u00a0\u00bbcenter\u00a0\u00bb background_layout=\u00a0\u00bbdark\u00a0\u00bb max_width_tablet=\u00a0\u00bb\u00a0\u00bb max_width_phone=\u00a0\u00bb50%\u00a0\u00bb max_width_last_edited=\u00a0\u00bbon|phone\u00a0\u00bb module_alignment=\u00a0\u00bbcenter\u00a0\u00bb image_max_width=\u00a0\u00bb25%\u00a0\u00bb global_colors_info=\u00a0\u00bb{}\u00a0\u00bb][\/et_pb_blurb][\/et_pb_column][et_pb_column type=\u00a0\u00bb1_4&Prime; _builder_version=\u00a0\u00bb4.16&Prime; global_colors_info=\u00a0\u00bb{}\u00a0\u00bb][et_pb_blurb title=\u00a0\u00bbLAVAGE \u00c0 L&#039;ENVERS\u00a0\u00bb image=\u00a0\u00bbhttps:\/\/pjama.eu\/wp-content\/uploads\/pjama-icon-inside-out.svg\u00a0\u00bb image_icon_width=\u00a0\u00bb25%\u00a0\u00bb _builder_version=\u00a0\u00bb4.27.4&Prime; header_level=\u00a0\u00bbh2&Prime; header_text_color=\u00a0\u00bb#D35917&Prime; text_orientation=\u00a0\u00bbcenter\u00a0\u00bb background_layout=\u00a0\u00bbdark\u00a0\u00bb max_width_tablet=\u00a0\u00bb\u00a0\u00bb max_width_phone=\u00a0\u00bb50%\u00a0\u00bb max_width_last_edited=\u00a0\u00bbon|phone\u00a0\u00bb module_alignment=\u00a0\u00bbcenter\u00a0\u00bb image_max_width=\u00a0\u00bb25%\u00a0\u00bb global_colors_info=\u00a0\u00bb{}\u00a0\u00bb][\/et_pb_blurb][\/et_pb_column][\/et_pb_row][et_pb_row column_structure=\u00a0\u00bb1_2,1_2&Prime; custom_padding_last_edited=\u00a0\u00bbon|desktop\u00a0\u00bb _builder_version=\u00a0\u00bb4.16&Prime; background_size=\u00a0\u00bbinitial\u00a0\u00bb background_position=\u00a0\u00bbtop_left\u00a0\u00bb background_repeat=\u00a0\u00bbrepeat\u00a0\u00bb custom_padding=\u00a0\u00bb0px||60px|||\u00a0\u00bb custom_padding_tablet=\u00a0\u00bb||0px||false|false\u00a0\u00bb custom_padding_phone=\u00a0\u00bb\u00a0\u00bb global_colors_info=\u00a0\u00bb{}\u00a0\u00bb][et_pb_column type=\u00a0\u00bb1_2&Prime; _builder_version=\u00a0\u00bb4.16&Prime; custom_padding=\u00a0\u00bb|||\u00a0\u00bb global_colors_info=\u00a0\u00bb{}\u00a0\u00bb custom_padding__hover=\u00a0\u00bb|||\u00a0\u00bb][et_pb_video src=\u00a0\u00bbhttps:\/\/pjama.eu\/wp-content\/uploads\/Pjama-washing-and-drying-instructions.mp4&Prime; image_src=\u00a0\u00bbhttps:\/\/pjama.eu\/wp-content\/uploads\/pjama_tvattrad.jpg\u00a0\u00bb play_icon_color=\u00a0\u00bb#F8F8F8&Prime; _builder_version=\u00a0\u00bb4.27.4&Prime; border_radii=\u00a0\u00bbon|10px|10px|10px|10px\u00a0\u00bb global_colors_info=\u00a0\u00bb{}\u00a0\u00bb][\/et_pb_video][\/et_pb_column][et_pb_column type=\u00a0\u00bb1_2&Prime; _builder_version=\u00a0\u00bb4.16&Prime; custom_padding=\u00a0\u00bb|||\u00a0\u00bb global_colors_info=\u00a0\u00bb{}\u00a0\u00bb custom_padding__hover=\u00a0\u00bb|||\u00a0\u00bb][et_pb_text _builder_version=\u00a0\u00bb4.27.6&Prime; header_2_text_color=\u00a0\u00bb#61a2df\u00a0\u00bb header_3_text_color=\u00a0\u00bbgcid-5eef58f4-760a-49fb-ad33-042d93415a96&Prime; hover_enabled=\u00a0\u00bb0&Prime; ul_font_size_tablet=\u00a0\u00bb\u00a0\u00bb ul_font_size_phone=\u00a0\u00bb17px\u00a0\u00bb ul_font_size_last_edited=\u00a0\u00bbon|phone\u00a0\u00bb global_colors_info=\u00a0\u00bb{%22gcid-5eef58f4-760a-49fb-ad33-042d93415a96%22:%91%22header_3_text_color%22%93}\u00a0\u00bb text_font=\u00a0\u00bb&#8211;et_global_body_font|&#8211;et_global_heading_font_weight|||||||\u00a0\u00bb sticky_enabled=\u00a0\u00bb0&Prime;]<\/p>\n<h3><b>FAIRE S\u00c9CHER SON PANTALON DE PJAMA OU SON SHORT<\/b><span style=\"font-weight: 400;\"><br \/><\/span><\/h3>\n<p>Les v\u00eatements de Pjama sont fabriqu\u00e9s avec des mat\u00e9riaux absorbants qui prennent naturellement plus de temps \u00e0 s\u00e9cher.<br data-start=\"384\" data-end=\"387\">Le temps de s\u00e9chage d\u00e9pend de plusieurs facteurs tels que l&rsquo;humidit\u00e9, la temp\u00e9rature de la pi\u00e8ce et l&rsquo;efficacit\u00e9 du cycle d&rsquo;essorage de votre machine \u00e0 laver.<\/p>\n<p data-start=\"521\" data-end=\"550\">Pour r\u00e9duire le temps de s\u00e9chage :<\/p>\n<ul>\n<li>Mettez le v\u00eatement \u00e0 l&rsquo;envers afin que la couche imperm\u00e9able ne retienne pas l&rsquo;humidit\u00e9.<\/li>\n<li>Terminez toujours votre lavage par un cycle d&rsquo;essorage \u00e9lev\u00e9 &#8211; c&rsquo;est l&rsquo;un des meilleurs moyens de r\u00e9duire le temps de s\u00e9chage.<\/li>\n<li>S\u00e9cher \u00e0 l&rsquo;int\u00e9rieur \u00e0 temp\u00e9rature ambiante ou \u00e0 l&rsquo;ext\u00e9rieur.<br \/>Si vous utilisez un s\u00e8che-linge, veillez \u00e0 ce que la temp\u00e9rature ne d\u00e9passe pas 60 \u00b0C.<\/li>\n<\/ul>\n<p>Conseil d&rsquo;expert : Optimisez l&rsquo;entretien Pjama avec un essorage puissant pour un s\u00e9chage acc\u00e9l\u00e9r\u00e9.<\/p>\n<p>[\/et_pb_text][\/et_pb_column][\/et_pb_row][\/et_pb_section][et_pb_section fb_built=\u00a0\u00bb1&Prime; _builder_version=\u00a0\u00bb4.27.4&Prime; _module_preset=\u00a0\u00bbdefault\u00a0\u00bb da_disable_devices=\u00a0\u00bboff|off|off\u00a0\u00bb global_colors_info=\u00a0\u00bb{}\u00a0\u00bb da_is_popup=\u00a0\u00bboff\u00a0\u00bb da_exit_intent=\u00a0\u00bboff\u00a0\u00bb da_has_close=\u00a0\u00bbon\u00a0\u00bb da_alt_close=\u00a0\u00bboff\u00a0\u00bb da_dark_close=\u00a0\u00bboff\u00a0\u00bb da_not_modal=\u00a0\u00bbon\u00a0\u00bb da_is_singular=\u00a0\u00bboff\u00a0\u00bb da_with_loader=\u00a0\u00bboff\u00a0\u00bb da_has_shadow=\u00a0\u00bbon\u00a0\u00bb][et_pb_row column_structure=\u00a0\u00bb3_5,2_5&Prime; _builder_version=\u00a0\u00bb4.27.4&Prime; _module_preset=\u00a0\u00bbdefault\u00a0\u00bb global_colors_info=\u00a0\u00bb{}\u00a0\u00bb][et_pb_column type=\u00a0\u00bb3_5&Prime; _builder_version=\u00a0\u00bb4.27.4&Prime; _module_preset=\u00a0\u00bbdefault\u00a0\u00bb global_colors_info=\u00a0\u00bb{}\u00a0\u00bb][et_pb_heading title=\u00a0\u00bbCALE\u00c7ONS ET MOD\u00c8LES BRIEFS DE PJAMA\u00a0\u00bb _builder_version=\u00a0\u00bb4.27.4&Prime; _module_preset=\u00a0\u00bbdefault\u00a0\u00bb title_text_color=\u00a0\u00bb#D35917&Prime; global_colors_info=\u00a0\u00bb{}\u00a0\u00bb][\/et_pb_heading][et_pb_heading title=\u00a0\u00bbConseils d&#039;Entretien pour un S\u00e9chage Rapide\u00a0\u00bb _builder_version=\u00a0\u00bb4.27.4&Prime; _module_preset=\u00a0\u00bbdefault\u00a0\u00bb title_level=\u00a0\u00bbh2&Prime; title_text_color=\u00a0\u00bbgcid-5eef58f4-760a-49fb-ad33-042d93415a96&Prime; global_colors_info=\u00a0\u00bb{%22gcid-5eef58f4-760a-49fb-ad33-042d93415a96%22:%91%22title_text_color%22%93}\u00a0\u00bb][\/et_pb_heading][et_pb_text _builder_version=\u00a0\u00bb4.27.6&Prime; header_2_text_color=\u00a0\u00bb#61a2df\u00a0\u00bb header_3_text_color=\u00a0\u00bbgcid-5eef58f4-760a-49fb-ad33-042d93415a96&Prime; hover_enabled=\u00a0\u00bb0&Prime; ul_font_size_tablet=\u00a0\u00bb\u00a0\u00bb ul_font_size_phone=\u00a0\u00bb17px\u00a0\u00bb ul_font_size_last_edited=\u00a0\u00bbon|phone\u00a0\u00bb global_colors_info=\u00a0\u00bb{%22gcid-5eef58f4-760a-49fb-ad33-042d93415a96%22:%91%22header_3_text_color%22%93}\u00a0\u00bb text_font=\u00a0\u00bb&#8211;et_global_body_font|&#8211;et_global_heading_font_weight|||||||\u00a0\u00bb sticky_enabled=\u00a0\u00bb0&Prime;]<\/p>\n<h3>Instructions de Lavage pour Sous-v\u00eatements Pjama<\/h3>\n<p>L&rsquo;entretien de votre Pjama DryGuardians est essentiel. Suivez ces instructions de lavage sp\u00e9cifiques pour pr\u00e9server les fils capteurs int\u00e9gr\u00e9s. <\/p>\n<ul>\n<li>Retirez le capteur avant de le laver.<\/li>\n<li>Laver avec des v\u00eatements de couleur similaire.<\/li>\n<li>\u00c9vitez de laver des objets comportant des parties m\u00e9talliques.<\/li>\n<li>La temp\u00e9rature de lavage ne doit pas d\u00e9passer 60 \u00b0C.<\/li>\n<li>S\u00e9cher \u00e0 l&rsquo;air libre \u00e0 temp\u00e9rature ambiante ou \u00e0 l&rsquo;ext\u00e9rieur.<\/li>\n<li>Si vous utilisez un s\u00e8che-linge, maintenez la temp\u00e9rature \u00e0 60 \u00b0C ou moins.<\/li>\n<\/ul>\n<p><strong>Ne le faites pas :<\/strong><\/p>\n<ul>\n<li>Nettoyage \u00e0 sec &#8211; les produits chimiques peuvent endommager le fil ou le tissu.<\/li>\n<li>Utiliser des assouplissants &#8211; ils peuvent affecter les performances du capteur.<\/li>\n<li>Fer \u00e0 repasser &#8211; la chaleur peut endommager les fils du capteur int\u00e9gr\u00e9.<\/li>\n<\/ul>\n<p>[\/et_pb_text][\/et_pb_column][et_pb_column type=\u00a0\u00bb2_5&Prime; _builder_version=\u00a0\u00bb4.27.4&Prime; _module_preset=\u00a0\u00bbdefault\u00a0\u00bb global_colors_info=\u00a0\u00bb{}\u00a0\u00bb][et_pb_image src=\u00a0\u00bbhttps:\/\/pjama.eu\/wp-content\/uploads\/Pjama_boxersbriefs_bg-2.jpg\u00a0\u00bb alt=\u00a0\u00bbSous-v\u00eatements pour l&#039;\u00e9nur\u00e9sie\u00a0\u00bb title_text=\u00a0\u00bbPjama_boxersbriefs_bg (2)\u00a0\u00bb _builder_version=\u00a0\u00bb4.27.4&Prime; _module_preset=\u00a0\u00bbdefault\u00a0\u00bb min_height=\u00a0\u00bb100px\u00a0\u00bb custom_margin=\u00a0\u00bb|||15px|false|false\u00a0\u00bb global_colors_info=\u00a0\u00bb{}\u00a0\u00bb][\/et_pb_image][\/et_pb_column][\/et_pb_row][et_pb_row column_structure=\u00a0\u00bb1_3,1_3,1_3&Prime; _builder_version=\u00a0\u00bb4.27.4&Prime; background_color=\u00a0\u00bbgcid-5eef58f4-760a-49fb-ad33-042d93415a96&Prime; custom_margin=\u00a0\u00bb||50px||false|false\u00a0\u00bb border_radii=\u00a0\u00bbon|10px|10px|10px|10px\u00a0\u00bb global_colors_info=\u00a0\u00bb{%22gcid-5eef58f4-760a-49fb-ad33-042d93415a96%22:%91%22background_color%22%93}\u00a0\u00bb][et_pb_column type=\u00a0\u00bb1_3&Prime; _builder_version=\u00a0\u00bb4.16&Prime; global_colors_info=\u00a0\u00bb{}\u00a0\u00bb][et_pb_blurb title=\u00a0\u00bbMax 60 \u00b0C\u00a0\u00bb image=\u00a0\u00bbhttps:\/\/pjama.eu\/wp-content\/uploads\/washing-machine-max60.svg\u00a0\u00bb image_icon_width=\u00a0\u00bb25%\u00a0\u00bb _builder_version=\u00a0\u00bb4.27.4&Prime; header_level=\u00a0\u00bbh2&Prime; header_text_color=\u00a0\u00bb#D35917&Prime; text_orientation=\u00a0\u00bbcenter\u00a0\u00bb background_layout=\u00a0\u00bbdark\u00a0\u00bb max_width_tablet=\u00a0\u00bb\u00a0\u00bb max_width_phone=\u00a0\u00bb50%\u00a0\u00bb max_width_last_edited=\u00a0\u00bbon|phone\u00a0\u00bb module_alignment=\u00a0\u00bbcenter\u00a0\u00bb image_max_width=\u00a0\u00bb25%\u00a0\u00bb global_colors_info=\u00a0\u00bb{}\u00a0\u00bb][\/et_pb_blurb][\/et_pb_column][et_pb_column type=\u00a0\u00bb1_3&Prime; _builder_version=\u00a0\u00bb4.16&Prime; global_colors_info=\u00a0\u00bb{}\u00a0\u00bb][et_pb_blurb title=\u00a0\u00bbMax 60 \u00b0C\u00a0\u00bb image=\u00a0\u00bbhttps:\/\/pjama.eu\/wp-content\/uploads\/laundry-max60.svg\u00a0\u00bb image_icon_width=\u00a0\u00bb25%\u00a0\u00bb _builder_version=\u00a0\u00bb4.27.4&Prime; header_level=\u00a0\u00bbh2&Prime; header_text_color=\u00a0\u00bb#D35917&Prime; text_orientation=\u00a0\u00bbcenter\u00a0\u00bb background_layout=\u00a0\u00bbdark\u00a0\u00bb max_width_tablet=\u00a0\u00bb\u00a0\u00bb max_width_phone=\u00a0\u00bb50%\u00a0\u00bb max_width_last_edited=\u00a0\u00bbon|phone\u00a0\u00bb module_alignment=\u00a0\u00bbcenter\u00a0\u00bb image_max_width=\u00a0\u00bb25%\u00a0\u00bb global_colors_info=\u00a0\u00bb{}\u00a0\u00bb][\/et_pb_blurb][\/et_pb_column][et_pb_column type=\u00a0\u00bb1_3&Prime; _builder_version=\u00a0\u00bb4.16&Prime; global_colors_info=\u00a0\u00bb{}\u00a0\u00bb][et_pb_blurb title=\u00a0\u00bbPAS DE REPASSAGE\u00a0\u00bb image=\u00a0\u00bbhttps:\/\/pjama.eu\/wp-content\/uploads\/dry.svg\u00a0\u00bb image_icon_width=\u00a0\u00bb25%\u00a0\u00bb _builder_version=\u00a0\u00bb4.27.4&Prime; header_level=\u00a0\u00bbh2&Prime; header_text_color=\u00a0\u00bb#D35917&Prime; text_orientation=\u00a0\u00bbcenter\u00a0\u00bb background_layout=\u00a0\u00bbdark\u00a0\u00bb max_width_tablet=\u00a0\u00bb\u00a0\u00bb max_width_phone=\u00a0\u00bb48%\u00a0\u00bb max_width_last_edited=\u00a0\u00bbon|phone\u00a0\u00bb module_alignment=\u00a0\u00bbcenter\u00a0\u00bb image_max_width=\u00a0\u00bb25%\u00a0\u00bb global_colors_info=\u00a0\u00bb{}\u00a0\u00bb][\/et_pb_blurb][\/et_pb_column][\/et_pb_row][\/et_pb_section]<\/p>\n","protected":false},"excerpt":{"rendered":"<p>Entretien Pjama : \u00c9tapes cl\u00e9s pour le lavage Les v\u00eatements Pjama sont lavables et durables. Un bon entretien Pjama garantit l&rsquo;efficacit\u00e9 de la protection contre l&rsquo;\u00e9nur\u00e9sie sur le long terme.Mettez les pantalons juste avant de vous coucher pour les garder en bon \u00e9tat. Ils ne sont pas faits pour les aventures ludiques ou les sauts [&hellip;]<\/p>\n","protected":false},"author":1,"featured_media":19913,"parent":0,"menu_order":0,"comment_status":"closed","ping_status":"closed","template":"","meta":{"_et_pb_use_builder":"on","_et_pb_old_content":"","_et_gb_content_width":"","footnotes":""},"class_list":["post-23907","page","type-page","status-publish","has-post-thumbnail","hentry"],"_links":{"self":[{"href":"https:\/\/pjama.eu\/fr\/wp-json\/wp\/v2\/pages\/23907","targetHints":{"allow":["GET"]}}],"collection":[{"href":"https:\/\/pjama.eu\/fr\/wp-json\/wp\/v2\/pages"}],"about":[{"href":"https:\/\/pjama.eu\/fr\/wp-json\/wp\/v2\/types\/page"}],"author":[{"embeddable":true,"href":"https:\/\/pjama.eu\/fr\/wp-json\/wp\/v2\/users\/1"}],"replies":[{"embeddable":true,"href":"https:\/\/pjama.eu\/fr\/wp-json\/wp\/v2\/comments?post=23907"}],"version-history":[{"count":26,"href":"https:\/\/pjama.eu\/fr\/wp-json\/wp\/v2\/pages\/23907\/revisions"}],"predecessor-version":[{"id":35099,"href":"https:\/\/pjama.eu\/fr\/wp-json\/wp\/v2\/pages\/23907\/revisions\/35099"}],"wp:featuredmedia":[{"embeddable":true,"href":"https:\/\/pjama.eu\/fr\/wp-json\/wp\/v2\/media\/19913"}],"wp:attachment":[{"href":"https:\/\/pjama.eu\/fr\/wp-json\/wp\/v2\/media?parent=23907"}],"curies":[{"name":"wp","href":"https:\/\/api.w.org\/{rel}","templated":true}]}}