{"id":23917,"date":"2020-02-17T17:55:20","date_gmt":"2020-02-17T16:55:20","guid":{"rendered":"https:\/\/pjama.eu\/a-propos-de-pjama-notre-histoire\/"},"modified":"2026-03-26T12:02:10","modified_gmt":"2026-03-26T11:02:10","slug":"pjama","status":"publish","type":"page","link":"https:\/\/pjama.eu\/fr\/pjama\/","title":{"rendered":"\u00c0 propos de Pjama &#8211; notre histoire"},"content":{"rendered":"<p>[et_pb_section fb_built=\u00a0\u00bb1&Prime; custom_padding_last_edited=\u00a0\u00bbon|phone\u00a0\u00bb _builder_version=\u00a0\u00bb4.27.4&Prime; use_background_color_gradient=\u00a0\u00bbon\u00a0\u00bb background_color_gradient_stops=\u00a0\u00bbgcid-5eef58f4-760a-49fb-ad33-042d93415a96 0%|rgba(0,0,0,0.2) 100%\u00a0\u00bb background_color_gradient_overlays_image=\u00a0\u00bbon\u00a0\u00bb background_color_gradient_start=\u00a0\u00bbrgba(0,0,0,0.2)\u00a0\u00bb background_color_gradient_end=\u00a0\u00bbrgba(0,0,0,0.2)\u00a0\u00bb background_image=\u00a0\u00bbhttps:\/\/pjama.eu\/wp-content\/uploads\/pjama-happy-kids-looking-from-above-1.jpg\u00a0\u00bb custom_padding=\u00a0\u00bb7%||7%||true|false\u00a0\u00bb custom_padding_tablet=\u00a0\u00bb60px||60px||true|false\u00a0\u00bb custom_padding_phone=\u00a0\u00bb40px||40px||false|false\u00a0\u00bb top_divider_color=\u00a0\u00bb#61a2df\u00a0\u00bb top_divider_height=\u00a0\u00bb500px\u00a0\u00bb bottom_divider_color=\u00a0\u00bb#ffffff\u00a0\u00bb bottom_divider_flip=\u00a0\u00bbhorizontal\u00a0\u00bb bottom_divider_height_tablet=\u00a0\u00bb58px\u00a0\u00bb bottom_divider_height_phone=\u00a0\u00bb32px\u00a0\u00bb bottom_divider_height_last_edited=\u00a0\u00bbon|phone\u00a0\u00bb da_disable_devices=\u00a0\u00bboff|off|off\u00a0\u00bb collapsed=\u00a0\u00bboff\u00a0\u00bb global_colors_info=\u00a0\u00bb{%22gcid-5eef58f4-760a-49fb-ad33-042d93415a96%22:%91%22background_color_gradient_stops%22%93}\u00a0\u00bb da_is_popup=\u00a0\u00bboff\u00a0\u00bb da_exit_intent=\u00a0\u00bboff\u00a0\u00bb da_has_close=\u00a0\u00bbon\u00a0\u00bb da_alt_close=\u00a0\u00bboff\u00a0\u00bb da_dark_close=\u00a0\u00bboff\u00a0\u00bb da_not_modal=\u00a0\u00bbon\u00a0\u00bb da_is_singular=\u00a0\u00bboff\u00a0\u00bb da_with_loader=\u00a0\u00bboff\u00a0\u00bb da_has_shadow=\u00a0\u00bbon\u00a0\u00bb][et_pb_row column_structure=\u00a0\u00bb3_4,1_4&Prime; custom_padding_last_edited=\u00a0\u00bbon|phone\u00a0\u00bb _builder_version=\u00a0\u00bb4.27.4&Prime; custom_margin=\u00a0\u00bb|auto|6px|auto||\u00a0\u00bb custom_padding=\u00a0\u00bb0px||0px|||\u00a0\u00bb custom_padding_tablet=\u00a0\u00bb0px||0px|||\u00a0\u00bb custom_padding_phone=\u00a0\u00bb26px||0px||false|false\u00a0\u00bb global_colors_info=\u00a0\u00bb{}\u00a0\u00bb][et_pb_column type=\u00a0\u00bb3_4&Prime; _builder_version=\u00a0\u00bb4.16&Prime; global_colors_info=\u00a0\u00bb{}\u00a0\u00bb][et_pb_text _builder_version=\u00a0\u00bb4.27.4&Prime; header_font_size=\u00a0\u00bb75px\u00a0\u00bb header_3_text_color=\u00a0\u00bb#D35917&Prime; header_3_font_size=\u00a0\u00bb40px\u00a0\u00bb background_layout=\u00a0\u00bbdark\u00a0\u00bb header_font_size_tablet=\u00a0\u00bb75px\u00a0\u00bb header_font_size_phone=\u00a0\u00bb40px\u00a0\u00bb header_font_size_last_edited=\u00a0\u00bbon|phone\u00a0\u00bb header_3_font_size_tablet=\u00a0\u00bb40px\u00a0\u00bb header_3_font_size_phone=\u00a0\u00bb25px\u00a0\u00bb header_3_font_size_last_edited=\u00a0\u00bbon|phone\u00a0\u00bb text_orientation_tablet=\u00a0\u00bb\u00a0\u00bb text_orientation_phone=\u00a0\u00bbleft\u00a0\u00bb text_orientation_last_edited=\u00a0\u00bbon|desktop\u00a0\u00bb text_text_shadow_style=\u00a0\u00bbpreset1&Prime; text_text_shadow_blur_strength=\u00a0\u00bb0.5em\u00a0\u00bb text_text_shadow_color=\u00a0\u00bbrgba(0,0,0,0.15)\u00a0\u00bb global_colors_info=\u00a0\u00bb{}\u00a0\u00bb]<\/p>\n<h3>\u00c0 PROPOS DE NOUS<\/h3>\n<h1 class=\"hero\">Pjama : Nous aidons les enfants \u00e0 rester secs et \u00e0 se sentir pleinement int\u00e9gr\u00e9s.<\/h1>\n<p>[\/et_pb_text][\/et_pb_column][et_pb_column type=\u00a0\u00bb1_4&Prime; _builder_version=\u00a0\u00bb4.16&Prime; global_colors_info=\u00a0\u00bb{}\u00a0\u00bb][\/et_pb_column][\/et_pb_row][\/et_pb_section][et_pb_section fb_built=\u00a0\u00bb1&Prime; custom_padding_last_edited=\u00a0\u00bbon|desktop\u00a0\u00bb _builder_version=\u00a0\u00bb4.16&Prime; custom_padding=\u00a0\u00bb60px||60px||true|false\u00a0\u00bb custom_padding_tablet=\u00a0\u00bb20px||20px||true|false\u00a0\u00bb custom_padding_phone=\u00a0\u00bb\u00a0\u00bb da_disable_devices=\u00a0\u00bboff|off|off\u00a0\u00bb collapsed=\u00a0\u00bboff\u00a0\u00bb global_colors_info=\u00a0\u00bb{}\u00a0\u00bb da_is_popup=\u00a0\u00bboff\u00a0\u00bb da_exit_intent=\u00a0\u00bboff\u00a0\u00bb da_has_close=\u00a0\u00bbon\u00a0\u00bb da_alt_close=\u00a0\u00bboff\u00a0\u00bb da_dark_close=\u00a0\u00bboff\u00a0\u00bb da_not_modal=\u00a0\u00bbon\u00a0\u00bb da_is_singular=\u00a0\u00bboff\u00a0\u00bb da_with_loader=\u00a0\u00bboff\u00a0\u00bb da_has_shadow=\u00a0\u00bbon\u00a0\u00bb][et_pb_row column_structure=\u00a0\u00bb3_4,1_4&Prime; custom_padding_last_edited=\u00a0\u00bbon|desktop\u00a0\u00bb _builder_version=\u00a0\u00bb4.16&Prime; background_size=\u00a0\u00bbinitial\u00a0\u00bb background_position=\u00a0\u00bbtop_left\u00a0\u00bb background_repeat=\u00a0\u00bbrepeat\u00a0\u00bb custom_padding=\u00a0\u00bb0px||60px|||\u00a0\u00bb custom_padding_tablet=\u00a0\u00bb||0px||false|false\u00a0\u00bb custom_padding_phone=\u00a0\u00bb\u00a0\u00bb global_colors_info=\u00a0\u00bb{}\u00a0\u00bb][et_pb_column type=\u00a0\u00bb3_4&Prime; _builder_version=\u00a0\u00bb4.16&Prime; custom_padding=\u00a0\u00bb|||\u00a0\u00bb global_colors_info=\u00a0\u00bb{}\u00a0\u00bb custom_padding__hover=\u00a0\u00bb|||\u00a0\u00bb][et_pb_text _builder_version=\u00a0\u00bb4.27.6&Prime; text_font=\u00a0\u00bb&#8211;et_global_body_font|&#8211;et_global_heading_font_weight|||||||\u00a0\u00bb header_2_text_color=\u00a0\u00bb#D35917&Prime; hover_enabled=\u00a0\u00bb0&Prime; global_colors_info=\u00a0\u00bb{}\u00a0\u00bb header_3_text_color=\u00a0\u00bb#072130&Prime; sticky_enabled=\u00a0\u00bb0&Prime;]<\/p>\n<h3>NOTRE<\/h3>\n<h2>MISSION CONTRE L&rsquo;\u00c9NUR\u00c9SIE<\/h2>\n<p>Chez Pjama, nous croyons que chacun m\u00e9rite de s&rsquo;endormir sereinement, sans craindre les fuites nocturnes.<br \/>\nChez Pjama, notre mission est d&rsquo;aider enfants et adultes \u00e0 vivre pleinement chaque nuit \u2014 soir\u00e9es pyjama et voyages inclus \u2014 sans la crainte du pipi au lit.<\/p>\n<p>L&rsquo;\u00e9nur\u00e9sie (le pipi au lit) est plus fr\u00e9quente qu&rsquo;on ne le pense, et Pjama s&rsquo;engage \u00e0 briser ce tabou pour soutenir les familles.<br \/>\nNotre travail repose sur l&#8217;empathie et la compr\u00e9hension. Nous voulons \u00e9liminer la stigmatisation, cr\u00e9er la confiance et donner aux familles des outils pratiques pour leur faciliter la vie.<br \/>\nLa confiance, le confort et l&rsquo;inclusion sont \u00e0 la base de tout ce que nous faisons. <\/p>\n<p>Nous sommes fiers d&rsquo;aider les familles du monde entier \u00e0 passer de l&rsquo;inqui\u00e9tude \u00e0 l&rsquo;autonomie &#8211; une nuit s\u00e8che \u00e0 la fois.[\/et_pb_text][et_pb_text _builder_version=\u00a0\u00bb4.27.6&Prime; text_font=\u00a0\u00bb&#8211;et_global_body_font|&#8211;et_global_heading_font_weight|||||||\u00a0\u00bb header_2_text_color=\u00a0\u00bb#D35917&Prime; custom_padding=\u00a0\u00bb36px|||||\u00a0\u00bb hover_enabled=\u00a0\u00bb0&Prime; global_colors_info=\u00a0\u00bb{}\u00a0\u00bb header_3_text_color=\u00a0\u00bb#072130&Prime; sticky_enabled=\u00a0\u00bb0&Prime;]<\/p>\n<h3>L&rsquo;HISTOIRE<\/h3>\n<h2>DE PJAMA<\/h2>\n<p>En 2010, Torbj\u00f6rn G\u00e4rdenfors et M\u00e5rten Bernstad se sont fix\u00e9 un objectif clair : donner aux enfants qui font pipi au lit la m\u00eame libert\u00e9 et la m\u00eame confiance que les autres.<\/p>\n<p>Ce qui a commenc\u00e9 comme une petite id\u00e9e su\u00e9doise est devenu Pjama &#8211; une marque d\u00e9di\u00e9e \u00e0 la dignit\u00e9 et \u00e0 l&rsquo;inclusion.<br \/>\nLeur premi\u00e8re innovation, des v\u00eatements de nuit absorbants, a permis aux enfants de dormir paisiblement \u00e0 la maison ou \u00e0 l&rsquo;ext\u00e9rieur, sans g\u00eane ni limitation.<\/p>\n<p>Huit ans plus tard, l&rsquo;entreprise a \u00e9largi son champ d&rsquo;action. En 2018, Pjama avait commenc\u00e9 \u00e0 rechercher comment les textiles intelligents et la technologie connect\u00e9e pouvaient traiter l&rsquo;\u00e9nur\u00e9sie, et pas seulement s&rsquo;en prot\u00e9ger.<br \/>\nEn collaborant \u00e9troitement avec les services de sant\u00e9 su\u00e9dois et les principaux sp\u00e9cialistes de l&rsquo;\u00e9nur\u00e9sie, l&rsquo;\u00e9quipe a d\u00e9velopp\u00e9 une vision pour une solution compl\u00e8te, ax\u00e9e sur les donn\u00e9es, qui pourrait changer des vies. <\/p>\n<p>\u00c0 l&rsquo;occasion du 10e anniversaire de Pjama, cette vision est devenue r\u00e9alit\u00e9 avec le lancement de Pjama DryGuardians : l&rsquo;alliance de textiles intelligents et de capteurs num\u00e9riques pour favoriser des nuits s\u00e8ches.<\/p>\n<p>D&rsquo;une petite id\u00e9e dans le sud de la Su\u00e8de, Pjama est devenue une entreprise internationale au service de milliers de familles, de cliniques et de soignants dans le monde entier.<\/p>\n<p>&nbsp;[\/et_pb_text][\/et_pb_column][et_pb_column type=\u00a0\u00bb1_4&Prime; _builder_version=\u00a0\u00bb4.16&Prime; custom_padding=\u00a0\u00bb|||\u00a0\u00bb global_colors_info=\u00a0\u00bb{}\u00a0\u00bb custom_padding__hover=\u00a0\u00bb|||\u00a0\u00bb][et_pb_image src=\u00a0\u00bbhttps:\/\/pjama.eu\/wp-content\/uploads\/speechbubble.svg\u00a0\u00bb alt=\u00a0\u00bb\u00c0 propos de Pjama\u00a0\u00bb title_text=\u00a0\u00bbbulle d&#039;air\u00a0\u00bb align=\u00a0\u00bbcenter\u00a0\u00bb align_tablet=\u00a0\u00bb\u00a0\u00bb align_phone=\u00a0\u00bb\u00a0\u00bb align_last_edited=\u00a0\u00bbon|desktop\u00a0\u00bb _builder_version=\u00a0\u00bb4.27.4&Prime; width=\u00a0\u00bb100%\u00a0\u00bb width_tablet=\u00a0\u00bb85%\u00a0\u00bb width_phone=\u00a0\u00bb70%\u00a0\u00bb width_last_edited=\u00a0\u00bbon|phone\u00a0\u00bb module_alignment=\u00a0\u00bbcenter\u00a0\u00bb custom_margin=\u00a0\u00bb50px||||false|false\u00a0\u00bb custom_margin_tablet=\u00a0\u00bb20px||||false|false\u00a0\u00bb custom_margin_phone=\u00a0\u00bb20px||||false|false\u00a0\u00bb custom_margin_last_edited=\u00a0\u00bbon|desktop\u00a0\u00bb global_colors_info=\u00a0\u00bb{}\u00a0\u00bb][\/et_pb_image][\/et_pb_column][\/et_pb_row][et_pb_row column_structure=\u00a0\u00bb1_3,2_3&Prime; _builder_version=\u00a0\u00bb4.22.1&Prime; background_size=\u00a0\u00bbinitial\u00a0\u00bb background_position=\u00a0\u00bbtop_left\u00a0\u00bb background_repeat=\u00a0\u00bbrepeat\u00a0\u00bb custom_margin=\u00a0\u00bb||40px||false|false\u00a0\u00bb custom_padding=\u00a0\u00bb||30px||false|false\u00a0\u00bb global_colors_info=\u00a0\u00bb{}\u00a0\u00bb][et_pb_column type=\u00a0\u00bb1_3&Prime; _builder_version=\u00a0\u00bb4.16&Prime; custom_padding=\u00a0\u00bb|||\u00a0\u00bb global_colors_info=\u00a0\u00bb{}\u00a0\u00bb custom_padding__hover=\u00a0\u00bb|||\u00a0\u00bb][et_pb_image src=\u00a0\u00bbhttps:\/\/pjama.eu\/wp-content\/uploads\/favicon.png\u00a0\u00bb alt=\u00a0\u00bb\u00c0 propos de Pjama\u00a0\u00bb title_text=\u00a0\u00bbfavicon\u00a0\u00bb show_bottom_space=\u00a0\u00bboff\u00a0\u00bb _builder_version=\u00a0\u00bb4.27.4&Prime; width_tablet=\u00a0\u00bb\u00a0\u00bb width_phone=\u00a0\u00bb100%\u00a0\u00bb width_last_edited=\u00a0\u00bbon|phone\u00a0\u00bb max_width_tablet=\u00a0\u00bb\u00a0\u00bb max_width_phone=\u00a0\u00bb\u00a0\u00bb max_width_last_edited=\u00a0\u00bbon|phone\u00a0\u00bb module_alignment=\u00a0\u00bbcenter\u00a0\u00bb height_tablet=\u00a0\u00bb\u00a0\u00bb height_phone=\u00a0\u00bb1000px\u00a0\u00bb height_last_edited=\u00a0\u00bbon|phone\u00a0\u00bb max_height_tablet=\u00a0\u00bb\u00a0\u00bb max_height_phone=\u00a0\u00bb202px\u00a0\u00bb max_height_last_edited=\u00a0\u00bbon|phone\u00a0\u00bb global_colors_info=\u00a0\u00bb{}\u00a0\u00bb][\/et_pb_image][\/et_pb_column][et_pb_column type=\u00a0\u00bb2_3&Prime; _builder_version=\u00a0\u00bb4.16&Prime; custom_padding=\u00a0\u00bb|||\u00a0\u00bb global_colors_info=\u00a0\u00bb{}\u00a0\u00bb custom_padding__hover=\u00a0\u00bb|||\u00a0\u00bb][et_pb_text _builder_version=\u00a0\u00bb4.27.6&Prime; text_font=\u00a0\u00bb&#8211;et_global_body_font|&#8211;et_global_heading_font_weight|||||||\u00a0\u00bb header_2_text_color=\u00a0\u00bbgcid-5eef58f4-760a-49fb-ad33-042d93415a96&Prime; custom_padding=\u00a0\u00bb||0px||false|false\u00a0\u00bb hover_enabled=\u00a0\u00bb0&Prime; global_colors_info=\u00a0\u00bb{%22gcid-5eef58f4-760a-49fb-ad33-042d93415a96%22:%91%22header_2_text_color%22%93}\u00a0\u00bb sticky_enabled=\u00a0\u00bb0&Prime;]<\/p>\n<h2>NOS SOLUTIONS PJAMA<\/h2>\n<p>Nous proposons des v\u00eatements <a href=\"https:\/\/pjama.eu\/fr\/pantalon-anti-pipi-au-lit\/\">de nuit protecteurs de<\/a> haute qualit\u00e9 (v\u00eatements de nuit Pjama Protect) pour les filles, les gar\u00e7ons, les femmes et les hommes. Nous cr\u00e9ons des solutions de traitement intelligentes \u00e0 l&rsquo;aide des <a href=\"https:\/\/pjama.eu\/fr\/pantalon-enuresie-avec-alarme\/\">v\u00eatements de nuit Pjama DryGuardians<\/a>, des <a href=\"https:\/\/pjama.eu\/fr\/alarme-pipi-au-lit-sans-fil\/\">alarmes<\/a> et de l&rsquo;<a href=\"https:\/\/pjama.eu\/fr\/alarme-pipi-au-lit-application\/\">application DryGuardians<\/a>. <\/p>\n<p>Dans l&rsquo;appli, les utilisateurs peuvent enregistrer leurs r\u00e9sultats nocturnes, recevoir des commentaires personnalis\u00e9s et suivre leurs progr\u00e8s au fil du temps.<br \/>Pour les professionnels de sant\u00e9, Pjama fournit un portail d\u00e9di\u00e9 o\u00f9 les cliniciens peuvent suivre le traitement, ajuster les recommandations et soutenir les patients \u00e0 distance.<\/p>\n<p>Nos produits sont durables, lavables et p\u00e9rennes, r\u00e9duisant les d\u00e9chets des alternatives jetables et promouvant une consommation responsable.<br \/>Depuis 2014, Pjama a aid\u00e9 plus de 30 000 personnes \u00e0 g\u00e9rer ou \u00e0 surmonter l&rsquo;\u00e9nur\u00e9sie &#8211; avec confort, confiance et dignit\u00e9.<\/p>\n<p>[\/et_pb_text][et_pb_text _builder_version=\u00a0\u00bb4.27.6&Prime; text_font=\u00a0\u00bb&#8211;et_global_body_font|&#8211;et_global_heading_font_weight|||||||\u00a0\u00bb header_2_text_color=\u00a0\u00bbgcid-5eef58f4-760a-49fb-ad33-042d93415a96&Prime; custom_padding=\u00a0\u00bb||0px||false|false\u00a0\u00bb hover_enabled=\u00a0\u00bb0&Prime; global_colors_info=\u00a0\u00bb{%22gcid-5eef58f4-760a-49fb-ad33-042d93415a96%22:%91%22header_2_text_color%22%93}\u00a0\u00bb sticky_enabled=\u00a0\u00bb0&Prime;]<\/p>\n<h2>POURQUOI NOUS NOUS DISTINGUONS<\/h2>\n<p>Pjama propose une solution compl\u00e8te contre l&rsquo;\u00e9nur\u00e9sie : bien plus qu&rsquo;un produit, nous offrons un accompagnement et des conseils experts de A \u00e0 Z.<br \/>Nos mod\u00e8les sont discrets, confortables et efficaces &#8211; ils sont con\u00e7us pour ressembler \u00e0 des v\u00eatements de nuit normaux et de haute qualit\u00e9, tout en prot\u00e9geant le lit.<\/p>\n<p>Chaque produit que nous cr\u00e9ons allie l&rsquo;exp\u00e9rience de l&rsquo;utilisateur, les connaissances m\u00e9dicales et la technologie de pointe. Nous sommes \u00e0 l&rsquo;\u00e9coute des familles, nous collaborons \u00e9troitement avec des experts en soins de sant\u00e9 et nous testons rigoureusement nos solutions pour garantir une s\u00e9curit\u00e9 durable et des performances fiables. <\/p>\n<p>La gamme Pjama couvre tous les besoins &#8211; de la protection et du traitement aux accessoires pratiques qui simplifient et soutiennent les routines quotidiennes.<br \/>Notre mission va au-del\u00e0 des nuits s\u00e8ches &#8211; nous nous effor\u00e7ons d&rsquo;apporter la confiance, l&rsquo;ind\u00e9pendance et l&rsquo;inclusion \u00e0 chaque personne affect\u00e9e par l&rsquo;\u00e9nur\u00e9sie.<\/p>\n<p>Alors que nous continuons \u00e0 nous d\u00e9velopper, notre objectif reste le m\u00eame : aider les gens, o\u00f9 qu&rsquo;ils soient, \u00e0 vivre pleinement leur vie &#8211; sans limites, sans honte et sans interruption.<\/p>\n<p>[\/et_pb_text][\/et_pb_column][\/et_pb_row][\/et_pb_section]<\/p>\n","protected":false},"excerpt":{"rendered":"<p>\u00c0 PROPOS DE NOUS Pjama : Nous aidons les enfants \u00e0 rester secs et \u00e0 se sentir pleinement int\u00e9gr\u00e9s.NOTRE MISSION CONTRE L&rsquo;\u00c9NUR\u00c9SIE Chez Pjama, nous croyons que chacun m\u00e9rite de s&rsquo;endormir sereinement, sans craindre les fuites nocturnes. Chez Pjama, notre mission est d&rsquo;aider enfants et adultes \u00e0 vivre pleinement chaque nuit \u2014 soir\u00e9es pyjama et [&hellip;]<\/p>\n","protected":false},"author":1,"featured_media":28097,"parent":0,"menu_order":0,"comment_status":"closed","ping_status":"closed","template":"","meta":{"_et_pb_use_builder":"on","_et_pb_old_content":"<!-- wp:paragraph -->\r\n<p>This is an example page. It's different from a blog post because it will stay in one place and will show up in your site navigation (in most themes). Most people start with an About page that introduces them to potential site visitors. It might say something like this:<\/p>\r\n<!-- \/wp:paragraph --><!-- wp:quote -->\r\n<blockquote class=\"wp-block-quote\">\r\n<p>Hi there! I'm a bike messenger by day, aspiring actor by night, and this is my website. I live in Los Angeles, have a great dog named Jack, and I like pi\u00f1a coladas. (And gettin' caught in the rain.)<\/p>\r\n<\/blockquote>\r\n<!-- \/wp:quote --><!-- wp:paragraph -->\r\n<p>...or something like this:<\/p>\r\n<!-- \/wp:paragraph --><!-- wp:quote -->\r\n<blockquote class=\"wp-block-quote\">\r\n<p>The XYZ Doohickey Company was founded in 1971, and has been providing quality doohickeys to the public ever since. Located in Gotham City, XYZ employs over 2,000 people and does all kinds of awesome things for the Gotham community.<\/p>\r\n<\/blockquote>\r\n<!-- \/wp:quote --><!-- wp:paragraph -->\r\n<p>As a new WordPress user, you should go to <a href=\"https:\/\/pjama.eu\/wp-admin\/\">your dashboard<\/a> to delete this page and create new pages for your content. Have fun!<\/p>\r\n<!-- \/wp:paragraph -->","_et_gb_content_width":"","footnotes":""},"class_list":["post-23917","page","type-page","status-publish","has-post-thumbnail","hentry"],"_links":{"self":[{"href":"https:\/\/pjama.eu\/fr\/wp-json\/wp\/v2\/pages\/23917","targetHints":{"allow":["GET"]}}],"collection":[{"href":"https:\/\/pjama.eu\/fr\/wp-json\/wp\/v2\/pages"}],"about":[{"href":"https:\/\/pjama.eu\/fr\/wp-json\/wp\/v2\/types\/page"}],"author":[{"embeddable":true,"href":"https:\/\/pjama.eu\/fr\/wp-json\/wp\/v2\/users\/1"}],"replies":[{"embeddable":true,"href":"https:\/\/pjama.eu\/fr\/wp-json\/wp\/v2\/comments?post=23917"}],"version-history":[{"count":16,"href":"https:\/\/pjama.eu\/fr\/wp-json\/wp\/v2\/pages\/23917\/revisions"}],"predecessor-version":[{"id":35092,"href":"https:\/\/pjama.eu\/fr\/wp-json\/wp\/v2\/pages\/23917\/revisions\/35092"}],"wp:featuredmedia":[{"embeddable":true,"href":"https:\/\/pjama.eu\/fr\/wp-json\/wp\/v2\/media\/28097"}],"wp:attachment":[{"href":"https:\/\/pjama.eu\/fr\/wp-json\/wp\/v2\/media?parent=23917"}],"curies":[{"name":"wp","href":"https:\/\/api.w.org\/{rel}","templated":true}]}}