{"id":23969,"date":"2023-09-15T16:07:23","date_gmt":"2023-09-15T14:07:23","guid":{"rendered":"https:\/\/pjama.eu\/magasin-denuresie-adultes\/"},"modified":"2026-03-26T13:36:00","modified_gmt":"2026-03-26T12:36:00","slug":"incontinence-nocturne-adulte","status":"publish","type":"page","link":"https:\/\/pjama.eu\/fr\/incontinence-nocturne-adulte\/","title":{"rendered":"Magasin d&rsquo;\u00e9nur\u00e9sie Adultes"},"content":{"rendered":"<p>[et_pb_section fb_built=\u00a0\u00bb1&Prime; _builder_version=\u00a0\u00bb4.27.4&Prime; _module_preset=\u00a0\u00bbdefault\u00a0\u00bb background_color=\u00a0\u00bb#072130&Prime; use_background_color_gradient=\u00a0\u00bbon\u00a0\u00bb background_color_gradient_stops=\u00a0\u00bb#072130 0%|rgba(248,248,248,0) 99%\u00a0\u00bb background_color_gradient_overlays_image=\u00a0\u00bbon\u00a0\u00bb background_image=\u00a0\u00bbhttps:\/\/pjama.eu\/wp-content\/uploads\/Blue_shorts_adult-1-1.jpg\u00a0\u00bb da_disable_devices=\u00a0\u00bboff|off|off\u00a0\u00bb global_colors_info=\u00a0\u00bb{}\u00a0\u00bb da_is_popup=\u00a0\u00bboff\u00a0\u00bb da_exit_intent=\u00a0\u00bboff\u00a0\u00bb da_has_close=\u00a0\u00bbon\u00a0\u00bb da_alt_close=\u00a0\u00bboff\u00a0\u00bb da_dark_close=\u00a0\u00bboff\u00a0\u00bb da_not_modal=\u00a0\u00bbon\u00a0\u00bb da_is_singular=\u00a0\u00bboff\u00a0\u00bb da_with_loader=\u00a0\u00bboff\u00a0\u00bb da_has_shadow=\u00a0\u00bbon\u00a0\u00bb][et_pb_row column_structure=\u00a0\u00bb3_5,2_5&Prime; _builder_version=\u00a0\u00bb4.27.4&Prime; _module_preset=\u00a0\u00bbdefault\u00a0\u00bb global_colors_info=\u00a0\u00bb{}\u00a0\u00bb][et_pb_column type=\u00a0\u00bb3_5&Prime; _builder_version=\u00a0\u00bb4.27.4&Prime; _module_preset=\u00a0\u00bbdefault\u00a0\u00bb global_colors_info=\u00a0\u00bb{}\u00a0\u00bb][et_pb_heading title=\u00a0\u00bbSOLUTIONS ET PROTECTIONS POUR L&#039;INCONTINENCE NOCTURNE CHEZ L&#039;ADULTE\u00a0\u00bb _builder_version=\u00a0\u00bb4.27.5&Prime; _module_preset=\u00a0\u00bbdefault\u00a0\u00bb title_text_color=\u00a0\u00bb#F8F8F8&Prime; global_colors_info=\u00a0\u00bb{}\u00a0\u00bb][\/et_pb_heading][et_pb_text _builder_version=\u00a0\u00bb4.27.6&Prime; _module_preset=\u00a0\u00bbdefault\u00a0\u00bb text_font=\u00a0\u00bb&#8211;et_global_body_font|&#8211;et_global_heading_font_weight|||||||\u00a0\u00bb text_text_color=\u00a0\u00bb#F8F8F8&Prime; text_font_size=\u00a0\u00bb15px\u00a0\u00bb custom_margin=\u00a0\u00bb||0px||false|false\u00a0\u00bb hover_enabled=\u00a0\u00bb0&Prime; text_text_shadow_style=\u00a0\u00bbpreset1&Prime; global_colors_info=\u00a0\u00bb{}\u00a0\u00bb sticky_enabled=\u00a0\u00bb0&Prime;]<\/p>\n<p><span style=\"font-weight: 400;\">G\u00e9rer l&rsquo;incontinence nocturne adulte avec confort et discr\u00e9tion pour retrouver un sommeil serein.<\/span><\/p>\n<p data-start=\"412\" data-end=\"836\"><span style=\"font-weight: 400;\">D\u00e9couvrez la gamme <em data-start=\"431\" data-end=\"459\">Pjama Protect d\u00e9di\u00e9e \u00e0 l&rsquo;incontinence nocturne adulte <\/em>: une protection efficace l\u00e0 o\u00f9 le confort rencontre la discr\u00e9tion absolue.<br data-start=\"493\" data-end=\"496\">Avec les v\u00eatements de nuit Pjama Protect, les adultes peuvent dormir tranquilles en sachant qu&rsquo;ils disposent d&rsquo;une protection douce, respirante et absorbante qui garde le lit sec \u00e0 la maison et en voyage.<br data-start=\"664\" data-end=\"667\">Les v\u00eatements sont discrets, ne rouillent pas et ressemblent \u00e0 des pantalons ou des shorts de pyjama ordinaires &#8211; une alternative simple, lavable et durable aux produits \u00e0 usage unique.<\/span><\/p>\n<p><span style=\"font-weight: 400;\">Si vous \u00eates pr\u00eat \u00e0 commencer un traitement, le syst\u00e8me Pjama DryGuardians offre une voie intelligente et efficace.<\/span><span style=\"font-weight: 400;\"><br \/><\/span><span style=\"font-weight: 400;\">Utilisez l&rsquo;Alarme pipi au lit et l&rsquo;<a href=\"https:\/\/pjama.eu\/fr\/alarme-pipi-au-lit-application\/\">appli DryGuardians<\/a> pour un entra\u00eenement guid\u00e9 et personnalis\u00e9 vers une s\u00e9cheresse durable.<\/span><\/p>\n<p><span style=\"font-weight: 400;\">Pour une protection suppl\u00e9mentaire pendant le traitement, vous pouvez porter vos sous-v\u00eatements sous les v\u00eatements de nuit Pjama Protect ou ajouter la literie Pjama Protect pour plus de s\u00e9curit\u00e9.<\/span><\/p>\n<p><span style=\"font-weight: 400;\">Nos protections pour l&rsquo;incontinence nocturne adulte offrent une s\u00e9curit\u00e9 lavable, un traitement intelligent et une confiance retrouv\u00e9e chaque matin.  <\/span><\/p>\n<p>&nbsp;<\/p>\n<p>&nbsp;<\/p>\n<p>[\/et_pb_text][\/et_pb_column][et_pb_column type=\u00a0\u00bb2_5&Prime; _builder_version=\u00a0\u00bb4.27.4&Prime; _module_preset=\u00a0\u00bbdefault\u00a0\u00bb global_colors_info=\u00a0\u00bb{}\u00a0\u00bb][et_pb_video src=\u00a0\u00bbhttps:\/\/pjama.eu\/wp-content\/uploads\/Pjama-for-bedwetters-US.mp4&Prime; image_src=\u00a0\u00bbhttps:\/\/pjama.eu\/wp-content\/uploads\/Pjama_saengvaetning_anvaendning.jpg\u00a0\u00bb _builder_version=\u00a0\u00bb4.27.4&Prime; _module_preset=\u00a0\u00bbdefault\u00a0\u00bb border_width_all=\u00a0\u00bb5px\u00a0\u00bb border_color_all=\u00a0\u00bb#F8F8F8&Prime; global_colors_info=\u00a0\u00bb{}\u00a0\u00bb][\/et_pb_video][\/et_pb_column][\/et_pb_row][\/et_pb_section][et_pb_section fb_built=\u00a0\u00bb1&Prime; _builder_version=\u00a0\u00bb4.16&Prime; background_color=\u00a0\u00bbrgba(0,0,0,0)\u00a0\u00bb custom_margin_tablet=\u00a0\u00bb-60px||||false|false\u00a0\u00bb custom_margin_last_edited=\u00a0\u00bboff|desktop\u00a0\u00bb custom_padding=\u00a0\u00bb48px|||||\u00a0\u00bb da_disable_devices=\u00a0\u00bboff|off|off\u00a0\u00bb collapsed=\u00a0\u00bboff\u00a0\u00bb global_colors_info=\u00a0\u00bb{}\u00a0\u00bb da_is_popup=\u00a0\u00bboff\u00a0\u00bb da_exit_intent=\u00a0\u00bboff\u00a0\u00bb da_has_close=\u00a0\u00bbon\u00a0\u00bb da_alt_close=\u00a0\u00bboff\u00a0\u00bb da_dark_close=\u00a0\u00bboff\u00a0\u00bb da_not_modal=\u00a0\u00bbon\u00a0\u00bb da_is_singular=\u00a0\u00bboff\u00a0\u00bb da_with_loader=\u00a0\u00bboff\u00a0\u00bb da_has_shadow=\u00a0\u00bbon\u00a0\u00bb][et_pb_row custom_padding_last_edited=\u00a0\u00bbon|phone\u00a0\u00bb _builder_version=\u00a0\u00bb4.19.3&Prime; background_size=\u00a0\u00bbinitial\u00a0\u00bb background_position=\u00a0\u00bbtop_left\u00a0\u00bb background_repeat=\u00a0\u00bbrepeat\u00a0\u00bb custom_margin=\u00a0\u00bb5%||||false|false\u00a0\u00bb custom_padding=\u00a0\u00bb0px||60px|||\u00a0\u00bb custom_padding_tablet=\u00a0\u00bb||60px||false|false\u00a0\u00bb custom_padding_phone=\u00a0\u00bb\u00a0\u00bb global_colors_info=\u00a0\u00bb{}\u00a0\u00bb][et_pb_column type=\u00a0\u00bb4_4&Prime; _builder_version=\u00a0\u00bb4.16&Prime; custom_padding=\u00a0\u00bb|||\u00a0\u00bb global_colors_info=\u00a0\u00bb{}\u00a0\u00bb custom_padding__hover=\u00a0\u00bb|||\u00a0\u00bb][et_pb_shop type=\u00a0\u00bbproduct_category\u00a0\u00bb include_categories=\u00a0\u00bb45&Prime; icon_hover_color=\u00a0\u00bbRGBA(255,255,255,0)\u00a0\u00bb hover_overlay_color=\u00a0\u00bbrgba(31,68,139,0.5)\u00a0\u00bb _builder_version=\u00a0\u00bb4.27.6&Prime; _module_preset=\u00a0\u00bbdefault\u00a0\u00bb title_font=\u00a0\u00bb||||||||\u00a0\u00bb title_text_color=\u00a0\u00bbgcid-5eef58f4-760a-49fb-ad33-042d93415a96&Prime; price_font=\u00a0\u00bb&#8211;et_global_body_font||||||||\u00a0\u00bb border_radii=\u00a0\u00bbon|7px|7px|7px|7px\u00a0\u00bb global_colors_info=\u00a0\u00bb{%22gcid-5eef58f4-760a-49fb-ad33-042d93415a96%22:%91%22title_text_color%22%93}\u00a0\u00bb][\/et_pb_shop][et_pb_button button_url=\u00a0\u00bb@ET-DC@eyJkeW5hbWljIjp0cnVlLCJjb250ZW50IjoicG9zdF9saW5rX3VybF9wYWdlIiwic2V0dGluZ3MiOnsicG9zdF9pZCI6IjI2MjQ2IiwiZW5hYmxlX2h0bWwiOiJvZmYifX0=@\u00a0\u00bb button_text=\u00a0\u00bbRETOUR \u00c0 LA BOUTIQUE EN LIGNE\u00a0\u00bb button_alignment=\u00a0\u00bbcenter\u00a0\u00bb _builder_version=\u00a0\u00bb4.27.6&Prime; _dynamic_attributes=\u00a0\u00bbbutton_url\u00a0\u00bb _module_preset=\u00a0\u00bbdefault\u00a0\u00bb custom_button=\u00a0\u00bbon\u00a0\u00bb button_bg_color=\u00a0\u00bb#61A2DF\u00a0\u00bb button_border_color=\u00a0\u00bb#F8F8F8&Prime; button_border_radius=\u00a0\u00bb10px\u00a0\u00bb button_font=\u00a0\u00bb&#8211;et_global_body_font|700|||||||\u00a0\u00bb button_text_shadow_style=\u00a0\u00bbpreset1&Prime; box_shadow_style=\u00a0\u00bbpreset3&Prime; box_shadow_color=\u00a0\u00bb#1F448B\u00a0\u00bb global_colors_info=\u00a0\u00bb{}\u00a0\u00bb][\/et_pb_button][\/et_pb_column][\/et_pb_row][et_pb_row _builder_version=\u00a0\u00bb4.27.6&Prime; _module_preset=\u00a0\u00bbdefault\u00a0\u00bb global_colors_info=\u00a0\u00bb{}\u00a0\u00bb][et_pb_column type=\u00a0\u00bb4_4&Prime; _builder_version=\u00a0\u00bb4.27.6&Prime; _module_preset=\u00a0\u00bbdefault\u00a0\u00bb global_colors_info=\u00a0\u00bb{}\u00a0\u00bb][et_pb_text _builder_version=\u00a0\u00bb4.27.6&Prime; _module_preset=\u00a0\u00bbdefault\u00a0\u00bb text_font=\u00a0\u00bb&#8211;et_global_body_font|&#8211;et_global_heading_font_weight|||||||\u00a0\u00bb header_2_text_color=\u00a0\u00bb#D35917&Prime; header_3_text_color=\u00a0\u00bb#072130&Prime; global_colors_info=\u00a0\u00bb{}\u00a0\u00bb]<\/p>\n<h3><b>Comprendre l&rsquo;incontinence nocturne chez l&rsquo;adulte<\/b><\/h3>\n<h2><b>Solutions contre l&rsquo;incontinence nocturne adulte<\/b><\/h2>\n<p>Souvent per\u00e7ue comme un trouble de l&rsquo;enfance, l&rsquo;incontinence nocturne adulte touche pourtant des millions de personnes en Europe. Des millions d&rsquo;adultes en Europe connaissent des fuites urinaires nocturnes \u00e0 un moment ou \u00e0 un autre de leur vie en raison de probl\u00e8mes m\u00e9dicaux, du stress, des effets secondaires de m\u00e9dicaments, de troubles du sommeil ou de changements dans le fonctionnement de la vessie. <\/p>\n<p>Le sujet \u00e9tant rarement abord\u00e9 ouvertement, de nombreux adultes pensent qu&rsquo;ils doivent r\u00e9gler le probl\u00e8me en priv\u00e9. Heureusement, les produits modernes contre l&rsquo;\u00e9nur\u00e9sie nocturne pour adultes offrent des solutions discr\u00e8tes et efficaces qui permettent de dormir confortablement sans \u00eatre d\u00e9rang\u00e9. <\/p>\n<p>Chez Pjama, notre approche est ax\u00e9e sur la confiance, le confort et les solutions \u00e0 long terme. Que vous ayez besoin d&rsquo;une protection fiable pour la nuit ou que vous soyez pr\u00eat \u00e0 commencer un traitement actif, notre gamme de produits lavables pour l&rsquo;\u00e9nur\u00e9sie est con\u00e7ue pour favoriser un meilleur sommeil et une meilleure qualit\u00e9 de vie. <\/p>\n<p>[\/et_pb_text][\/et_pb_column][\/et_pb_row][et_pb_row _builder_version=\u00a0\u00bb4.27.6&Prime; _module_preset=\u00a0\u00bbdefault\u00a0\u00bb global_colors_info=\u00a0\u00bb{}\u00a0\u00bb][et_pb_column type=\u00a0\u00bb4_4&Prime; _builder_version=\u00a0\u00bb4.27.6&Prime; _module_preset=\u00a0\u00bbdefault\u00a0\u00bb global_colors_info=\u00a0\u00bb{}\u00a0\u00bb][et_pb_text _builder_version=\u00a0\u00bb4.27.6&Prime; _module_preset=\u00a0\u00bbdefault\u00a0\u00bb text_font=\u00a0\u00bb&#8211;et_global_body_font|&#8211;et_global_heading_font_weight|||||||\u00a0\u00bb header_2_text_color=\u00a0\u00bb#D35917&Prime; header_3_text_color=\u00a0\u00bb#072130&Prime; global_colors_info=\u00a0\u00bb{}\u00a0\u00bb]<\/p>\n<h3><b>Pourquoi choisir une protection lavable pour l&rsquo;incontinence nocturne adulte ?<\/b><\/h3>\n<h2><b>Protection fiable contre les fuites urinaires nocturnes<\/b><\/h2>\n<p>De nombreux adultes essaient d&rsquo;abord des produits d&rsquo;incontinence jetables, mais les solutions lavables offrent plusieurs avantages importants. Nos v\u00eatements pour l&rsquo;incontinence nocturne adulte sont con\u00e7us comme des pyjamas \u00e9l\u00e9gants, offrant une absorption maximale pour une protection nocturne totale. <\/p>\n<p>Contrairement aux produits jetables qui ressemblent \u00e0 des couches, les v\u00eatements de nuit Pjama Protect offrent une solution discr\u00e8te et confortable qui s&rsquo;int\u00e8gre naturellement \u00e0 votre routine nocturne.<\/p>\n<p>Les pantalons anti-\u00e9nur\u00e9sie Pjama (Protect et Pjama DryGuardians) sont fabriqu\u00e9s en Tencel\u2122 doux avec une membrane respirante et imperm\u00e9able et des couches hautement absorbantes qui gardent l&rsquo;humidit\u00e9 contenue. Tous les textiles sont <a href=\"https:\/\/www.oeko-tex.com\/en\/our-standards\/oeko-tex-standard-100\" target=\"_blank\" rel=\"noopener\">certifi\u00e9s Oeko-Tex<\/a> et r\u00e9pondent aux normes les plus strictes en mati\u00e8re de s\u00e9curit\u00e9 et de respect de la peau. <\/p>\n<p>[\/et_pb_text][et_pb_text _builder_version=\u00a0\u00bb4.27.6&Prime; _module_preset=\u00a0\u00bbdefault\u00a0\u00bb text_font=\u00a0\u00bb&#8211;et_global_body_font|&#8211;et_global_heading_font_weight|||||||\u00a0\u00bb header_2_text_color=\u00a0\u00bb#D35917&Prime; header_3_text_color=\u00a0\u00bb#072130&Prime; custom_padding=\u00a0\u00bb5px|5px||5px|false|false\u00a0\u00bb border_radii=\u00a0\u00bbon|5px|5px|5px|5px\u00a0\u00bb border_width_all=\u00a0\u00bb2px\u00a0\u00bb border_color_all=\u00a0\u00bb#D35917&Prime; global_colors_info=\u00a0\u00bb{}\u00a0\u00bb]<\/p>\n<p><strong><b>Comparatif : Protections lavables vs jetables pour l&rsquo;incontinence nocturne adulte<\/b><\/strong><\/p>\n<table>\n<tbody>\n<tr>\n<td><b>Caract\u00e9ristiques<\/b><\/td>\n<td><b>V\u00eatements de nuit lavables Pjama<\/b><\/td>\n<td><b>Produits jetables<\/b><\/td>\n<\/tr>\n<tr>\n<td><span style=\"font-weight: 400;\">Apparence<\/span><\/td>\n<td><span style=\"font-weight: 400;\">Ressemble \u00e0 un pantalon de pyjama normal<\/span><\/td>\n<td><span style=\"font-weight: 400;\">Protection de type couche<\/span><\/td>\n<\/tr>\n<tr>\n<td><span style=\"font-weight: 400;\">Confort<\/span><\/td>\n<td><span style=\"font-weight: 400;\">Tissu doux et respirant pour v\u00eatements de nuit<\/span><\/td>\n<td><span style=\"font-weight: 400;\">Mat\u00e9riaux \u00e0 base de plastique<\/span><\/td>\n<\/tr>\n<tr>\n<td><span style=\"font-weight: 400;\">Bruit<\/span><\/td>\n<td><span style=\"font-weight: 400;\">Silencieux et sans bruit<\/span><\/td>\n<td><span style=\"font-weight: 400;\">Peut produire des bruits de froissement<\/span><\/td>\n<\/tr>\n<tr>\n<td><span style=\"font-weight: 400;\">Durabilit\u00e9<\/span><\/td>\n<td><span style=\"font-weight: 400;\">R\u00e9utilisable jusqu&rsquo;\u00e0 100 lavages<\/span><\/td>\n<td><span style=\"font-weight: 400;\">D\u00e9chets \u00e0 usage unique<\/span><\/td>\n<\/tr>\n<tr>\n<td><span style=\"font-weight: 400;\">Co\u00fbt \u00e0 long terme<\/span><\/td>\n<td><span style=\"font-weight: 400;\">Rentabilit\u00e9 dans le temps<\/span><\/td>\n<td><span style=\"font-weight: 400;\">Achats mensuels continus<\/span><\/td>\n<\/tr>\n<tr>\n<td><span style=\"font-weight: 400;\">Confiance<\/span><\/td>\n<td><span style=\"font-weight: 400;\">Discret et priv\u00e9<\/span><\/td>\n<td><span style=\"font-weight: 400;\">Souvent visible ou encombrant<\/span><\/td>\n<\/tr>\n<\/tbody>\n<\/table>\n<p>[\/et_pb_text][et_pb_text _builder_version=\u00a0\u00bb4.27.6&Prime; _module_preset=\u00a0\u00bbdefault\u00a0\u00bb text_font=\u00a0\u00bb&#8211;et_global_body_font|&#8211;et_global_heading_font_weight|||||||\u00a0\u00bb global_colors_info=\u00a0\u00bb{}\u00a0\u00bb]<\/p>\n<p>Pour de nombreux adultes, le principal avantage est la discr\u00e9tion. Les produits pour l&rsquo;\u00e9nur\u00e9sie Pjama ressemblant \u00e0 des v\u00eatements de nuit normaux, ils vous permettent de pr\u00e9server votre intimit\u00e9, que vous dormiez \u00e0 la maison, chez un partenaire ou en voyage. <\/p>\n<p>[\/et_pb_text][\/et_pb_column][\/et_pb_row][et_pb_row _builder_version=\u00a0\u00bb4.27.6&Prime; _module_preset=\u00a0\u00bbdefault\u00a0\u00bb global_colors_info=\u00a0\u00bb{}\u00a0\u00bb][et_pb_column type=\u00a0\u00bb4_4&Prime; _builder_version=\u00a0\u00bb4.27.6&Prime; _module_preset=\u00a0\u00bbdefault\u00a0\u00bb global_colors_info=\u00a0\u00bb{}\u00a0\u00bb][et_pb_text _builder_version=\u00a0\u00bb4.27.6&Prime; _module_preset=\u00a0\u00bbdefault\u00a0\u00bb text_font=\u00a0\u00bb&#8211;et_global_body_font|&#8211;et_global_heading_font_weight|||||||\u00a0\u00bb header_2_text_color=\u00a0\u00bb#D35917&Prime; header_3_text_color=\u00a0\u00bb#072130&Prime; global_colors_info=\u00a0\u00bb{}\u00a0\u00bb]<\/p>\n<h3><b>G\u00e9rer l&rsquo;incontinence nocturne adulte au quotidien<\/b><\/h3>\n<h2><b>Solutions discr\u00e8tes pour les voyages et l&rsquo;incontinence nocturne adulte<\/b><\/h2>\n<p>Les produits fiables contre l&rsquo;\u00e9nur\u00e9sie doivent s&rsquo;adapter \u00e0 la vie r\u00e9elle. Les adultes ont souvent besoin de solutions qui fonctionnent dans diff\u00e9rentes situations sans attirer l&rsquo;attention. <\/p>\n<p><strong>At Home<br \/><\/strong>De nombreux adultes pr\u00e9f\u00e8rent une protection qui leur permet de dormir confortablement sans se soucier de changer les draps ou de d\u00e9ranger leur partenaire. Les v\u00eatements de nuit lavables offrent une absorption fiable pendant la nuit tout en conservant le confort d&rsquo;un pyjama normal. <\/p>\n<p><strong>Voyages et s\u00e9jours d&rsquo;une nuit<br \/><\/strong>Voyager avec des produits jetables peut \u00eatre g\u00eanant et visible. Les produits lavables contre l&rsquo;\u00e9nur\u00e9sie pour adultes offrent une alternative discr\u00e8te qui se glisse facilement dans les bagages et ressemble \u00e0 un v\u00eatement de nuit standard. <\/p>\n<p><strong>Convalescence ou \u00e9tats temporaires<br \/><\/strong>L&rsquo;\u00e9nur\u00e9sie peut parfois survenir lors de la convalescence apr\u00e8s une intervention chirurgicale, une maladie ou une p\u00e9riode de stress. Dans ces cas-l\u00e0, les v\u00eatements de nuit r\u00e9utilisables offrent une protection fiable sans avoir \u00e0 s&rsquo;engager dans des produits jetables \u00e0 long terme. <\/p>\n<p>[\/et_pb_text][\/et_pb_column][\/et_pb_row][et_pb_row _builder_version=\u00a0\u00bb4.27.6&Prime; _module_preset=\u00a0\u00bbdefault\u00a0\u00bb global_colors_info=\u00a0\u00bb{}\u00a0\u00bb][et_pb_column type=\u00a0\u00bb4_4&Prime; _builder_version=\u00a0\u00bb4.27.6&Prime; _module_preset=\u00a0\u00bbdefault\u00a0\u00bb global_colors_info=\u00a0\u00bb{}\u00a0\u00bb][et_pb_text _builder_version=\u00a0\u00bb4.27.6&Prime; _module_preset=\u00a0\u00bbdefault\u00a0\u00bb text_font=\u00a0\u00bb&#8211;et_global_body_font|&#8211;et_global_heading_font_weight|||||||\u00a0\u00bb header_2_text_color=\u00a0\u00bb#D35917&Prime; header_3_text_color=\u00a0\u00bb#072130&Prime; global_colors_info=\u00a0\u00bb{}\u00a0\u00bb]<\/p>\n<h3><b>Quelle protection pour l&rsquo;incontinence nocturne adulte choisir ?<\/b><\/h3>\n<h2><b>Pantalon d&rsquo;incontinence nocturne adulte ou traitement par alarme ?<\/b><\/h2>\n<p>Le choix de la bonne solution d\u00e9pend souvent de vos objectifs et de la cause de l&rsquo;\u00e9nur\u00e9sie. Certains adultes souhaitent avant tout une protection discr\u00e8te pendant la nuit, tandis que d&rsquo;autres recherchent des options de traitement \u00e0 long terme. <\/p>\n<p><strong><b>Pour une protection discr\u00e8te<br \/><\/b><\/strong>Les v\u00eatements de nuit Pjama Protect sont con\u00e7us pour garder le lit au sec tout en ayant l&rsquo;apparence et la sensation d&rsquo;un pantalon ou d&rsquo;un short de pyjama normal. Ces v\u00eatements combinent des couches absorbantes, des tissus respirants et une protection imperm\u00e9able pour offrir une couverture fiable pendant la nuit. <\/p>\n<p>Ils conviennent particuli\u00e8rement aux adultes qui souhaitent une alternative lavable aux produits jetables<span style=\"font-weight: 400;\"> et qui restent confortables nuit apr\u00e8s nuit.<\/span><\/p>\n<p><strong><b>Pour une protection discr\u00e8te<br \/><\/b><\/strong>Les adultes qui souhaitent s&rsquo;attaquer \u00e0 la cause sous-jacente de l&rsquo;\u00e9nur\u00e9sie peuvent b\u00e9n\u00e9ficier du syst\u00e8me Pjama DryGuardians. Ce syst\u00e8me associe une alarme pipi au lit \u00e0 des sous-v\u00eatements connect\u00e9s et \u00e0 l&rsquo;appli de traitement DryGuardians. <\/p>\n<p>La th\u00e9rapie de l&rsquo;Alarme pipi au lit fonctionne en renfor\u00e7ant la r\u00e9ponse du cerveau aux signaux de la vessie pendant le sommeil. Avec le temps, cela peut aider \u00e0 entra\u00eener le corps \u00e0 se r\u00e9veiller avant qu&rsquo;un accident ne se produise. <\/p>\n<p>Le syst\u00e8me DryGuardians permet aux adultes de suivre leurs progr\u00e8s, de recevoir des conseils et de suivre un programme structur\u00e9 en vue d&rsquo;une s\u00e9cheresse durable.<\/p>\n<p>[\/et_pb_text][\/et_pb_column][\/et_pb_row][et_pb_row _builder_version=\u00a0\u00bb4.27.6&Prime; _module_preset=\u00a0\u00bbdefault\u00a0\u00bb global_colors_info=\u00a0\u00bb{}\u00a0\u00bb][et_pb_column type=\u00a0\u00bb4_4&Prime; _builder_version=\u00a0\u00bb4.27.6&Prime; _module_preset=\u00a0\u00bbdefault\u00a0\u00bb global_colors_info=\u00a0\u00bb{}\u00a0\u00bb][et_pb_text _builder_version=\u00a0\u00bb4.27.6&Prime; _module_preset=\u00a0\u00bbdefault\u00a0\u00bb text_font=\u00a0\u00bb&#8211;et_global_body_font|&#8211;et_global_heading_font_weight|||||||\u00a0\u00bb header_2_text_color=\u00a0\u00bb#D35917&Prime; header_3_text_color=\u00a0\u00bb#072130&Prime; global_colors_info=\u00a0\u00bb{}\u00a0\u00bb]<\/p>\n<h3><b>Des solutions discr\u00e8tes pour l&rsquo;\u00e9nur\u00e9sie con\u00e7ues pour les adultes<\/b><\/h3>\n<h2><b>V\u00eatements de nuit confortables et d&rsquo;apparence normale<\/b><\/h2>\n<p>Lors de la recherche de produits pour adultes atteints d&rsquo;\u00e9nur\u00e9sie, la discr\u00e9tion et le confort sont souvent les facteurs les plus importants. Les adultes veulent une protection qui s&rsquo;int\u00e8gre naturellement dans leur mode de vie, sans se sentir m\u00e9dicalis\u00e9s ou contraignants. <\/p>\n<p>Les v\u00eatements de nuit lavables de Pjama sont con\u00e7us pour r\u00e9pondre \u00e0 ces besoins. Les v\u00eatements utilisent des mati\u00e8res douces et respirantes et des couches absorbantes pour garder le lit au sec tout en conservant l&rsquo;aspect et la sensation d&rsquo;un v\u00eatement de nuit normal. Parce qu&rsquo;ils sont r\u00e9utilisables et lavables en machine, ils constituent \u00e9galement une solution durable et rentable au fil du temps.  <\/p>\n<p>Pour les adultes qui souhaitent une protection suppl\u00e9mentaire pendant le traitement, les shorts et pantalons anti-\u00e9nur\u00e9sie Pjama Protect + les sous-v\u00eatements DryGuardians Pjama peuvent \u00e9galement \u00eatre utilis\u00e9s avec le syst\u00e8me d&rsquo;alarme anti-\u00e9nur\u00e9sie Pjama DryGuardians, cr\u00e9ant ainsi une approche combin\u00e9e qui offre \u00e0 la fois une protection et des progr\u00e8s.<\/p>\n<p>[\/et_pb_text][\/et_pb_column][\/et_pb_row][et_pb_row _builder_version=\u00a0\u00bb4.27.6&Prime; _module_preset=\u00a0\u00bbdefault\u00a0\u00bb global_colors_info=\u00a0\u00bb{}\u00a0\u00bb][et_pb_column type=\u00a0\u00bb4_4&Prime; _builder_version=\u00a0\u00bb4.27.6&Prime; _module_preset=\u00a0\u00bbdefault\u00a0\u00bb global_colors_info=\u00a0\u00bb{}\u00a0\u00bb][et_pb_text _builder_version=\u00a0\u00bb4.27.6&Prime; _module_preset=\u00a0\u00bbdefault\u00a0\u00bb text_font=\u00a0\u00bb&#8211;et_global_body_font|&#8211;et_global_heading_font_weight|||||||\u00a0\u00bb header_2_text_color=\u00a0\u00bb#D35917&Prime; header_3_text_color=\u00a0\u00bb#072130&Prime; global_colors_info=\u00a0\u00bb{}\u00a0\u00bb]<\/p>\n<h3><b>Une approche moderne de la gestion de l&rsquo;\u00e9nur\u00e9sie chez l&rsquo;adulte<\/b><\/h3>\n<h2><b>Discr\u00e9tion, vie priv\u00e9e et cr\u00e9dibilit\u00e9 m\u00e9dicale<\/b><\/h2>\n<p>Vivre avec l&rsquo;\u00e9nur\u00e9sie \u00e0 l&rsquo;\u00e2ge adulte peut \u00eatre source d&rsquo;isolement, mais des solutions efficaces existent. Aujourd&rsquo;hui, les produits pour adultes qui traitent l&rsquo;\u00e9nur\u00e9sie combinent confort, discr\u00e9tion et options de traitement ou de notification innovantes qui permettent de retrouver plus facilement la confiance en soi et de dormir paisiblement. <\/p>\n<p>Que vous g\u00e9riez l&rsquo;\u00e9nur\u00e9sie nocturne \u00e0 long terme, que vous ayez des accidents nocturnes temporaires ou que vous commenciez un programme de traitement, Pjama vous propose des solutions con\u00e7ues pour vous accompagner vers un meilleur sommeil.<\/p>\n<p>Gr\u00e2ce \u00e0 leur protection lavable, leur technologie de traitement intelligente et leur design discret, les produits pour l&rsquo;\u00e9nur\u00e9sie de Pjama aident les adultes \u00e0 dormir confortablement et en toute confiance chaque nuit.<\/p>\n<p>[\/et_pb_text][\/et_pb_column][\/et_pb_row][et_pb_row _builder_version=\u00a0\u00bb4.27.6&Prime; _module_preset=\u00a0\u00bbdefault\u00a0\u00bb global_colors_info=\u00a0\u00bb{}\u00a0\u00bb][et_pb_column type=\u00a0\u00bb4_4&Prime; _builder_version=\u00a0\u00bb4.27.6&Prime; _module_preset=\u00a0\u00bbdefault\u00a0\u00bb global_colors_info=\u00a0\u00bb{}\u00a0\u00bb][et_pb_button button_url=\u00a0\u00bb@ET-DC@eyJkeW5hbWljIjp0cnVlLCJjb250ZW50IjoicG9zdF9saW5rX3VybF9wYWdlIiwic2V0dGluZ3MiOnsicG9zdF9pZCI6IjI2MjQ2IiwiZW5hYmxlX2h0bWwiOiJvZmYifX0=@\u00a0\u00bb button_text=\u00a0\u00bbRETOUR \u00c0 LA BOUTIQUE EN LIGNE\u00a0\u00bb button_alignment=\u00a0\u00bbcenter\u00a0\u00bb _builder_version=\u00a0\u00bb4.27.6&Prime; _dynamic_attributes=\u00a0\u00bbbutton_url\u00a0\u00bb _module_preset=\u00a0\u00bbdefault\u00a0\u00bb custom_button=\u00a0\u00bbon\u00a0\u00bb button_bg_color=\u00a0\u00bb#61A2DF\u00a0\u00bb button_border_color=\u00a0\u00bb#F8F8F8&Prime; button_border_radius=\u00a0\u00bb10px\u00a0\u00bb button_font=\u00a0\u00bb&#8211;et_global_body_font|700|||||||\u00a0\u00bb button_text_shadow_style=\u00a0\u00bbpreset1&Prime; box_shadow_style=\u00a0\u00bbpreset3&Prime; box_shadow_color=\u00a0\u00bb#1F448B\u00a0\u00bb global_colors_info=\u00a0\u00bb{}\u00a0\u00bb][\/et_pb_button][\/et_pb_column][\/et_pb_row][\/et_pb_section]<\/p>\n","protected":false},"excerpt":{"rendered":"<p>Pantalons d&rsquo;\u00e9nur\u00e9sie, sous-v\u00eatements et alarmes pour l&rsquo;\u00e9nur\u00e9sie chez l&rsquo;adulte. Facilitez-vous la vie avec nos produits pour l&rsquo;\u00e9nur\u00e9sie. <\/p>\n","protected":false},"author":33,"featured_media":28070,"parent":0,"menu_order":0,"comment_status":"closed","ping_status":"closed","template":"","meta":{"_et_pb_use_builder":"on","_et_pb_old_content":"","_et_gb_content_width":"","footnotes":""},"class_list":["post-23969","page","type-page","status-publish","has-post-thumbnail","hentry"],"_links":{"self":[{"href":"https:\/\/pjama.eu\/fr\/wp-json\/wp\/v2\/pages\/23969","targetHints":{"allow":["GET"]}}],"collection":[{"href":"https:\/\/pjama.eu\/fr\/wp-json\/wp\/v2\/pages"}],"about":[{"href":"https:\/\/pjama.eu\/fr\/wp-json\/wp\/v2\/types\/page"}],"author":[{"embeddable":true,"href":"https:\/\/pjama.eu\/fr\/wp-json\/wp\/v2\/users\/33"}],"replies":[{"embeddable":true,"href":"https:\/\/pjama.eu\/fr\/wp-json\/wp\/v2\/comments?post=23969"}],"version-history":[{"count":31,"href":"https:\/\/pjama.eu\/fr\/wp-json\/wp\/v2\/pages\/23969\/revisions"}],"predecessor-version":[{"id":35316,"href":"https:\/\/pjama.eu\/fr\/wp-json\/wp\/v2\/pages\/23969\/revisions\/35316"}],"wp:featuredmedia":[{"embeddable":true,"href":"https:\/\/pjama.eu\/fr\/wp-json\/wp\/v2\/media\/28070"}],"wp:attachment":[{"href":"https:\/\/pjama.eu\/fr\/wp-json\/wp\/v2\/media?parent=23969"}],"curies":[{"name":"wp","href":"https:\/\/api.w.org\/{rel}","templated":true}]}}