{"id":26283,"date":"2025-11-13T14:12:49","date_gmt":"2025-11-13T13:12:49","guid":{"rendered":"https:\/\/pjama.eu\/boutique-pjama-pour-lenuresie\/"},"modified":"2026-03-25T10:47:53","modified_gmt":"2026-03-25T09:47:53","slug":"produits-pipi-au-lit","status":"publish","type":"page","link":"https:\/\/pjama.eu\/fr\/produits-pipi-au-lit\/","title":{"rendered":"Boutique Pjama pour l&rsquo;\u00e9nur\u00e9sie"},"content":{"rendered":"<p>[et_pb_section fb_built=\u00a0\u00bb1&Prime; _builder_version=\u00a0\u00bb4.27.4&Prime; background_enable_color=\u00a0\u00bboff\u00a0\u00bb background_enable_image=\u00a0\u00bboff\u00a0\u00bb background_size=\u00a0\u00bbinitial\u00a0\u00bb background_position=\u00a0\u00bbtop_center\u00a0\u00bb custom_margin=\u00a0\u00bb||70px||false|false\u00a0\u00bb custom_padding=\u00a0\u00bb50px||50px||true|false\u00a0\u00bb da_disable_devices=\u00a0\u00bboff|off|off\u00a0\u00bb global_colors_info=\u00a0\u00bb{}\u00a0\u00bb da_is_popup=\u00a0\u00bboff\u00a0\u00bb da_exit_intent=\u00a0\u00bboff\u00a0\u00bb da_has_close=\u00a0\u00bbon\u00a0\u00bb da_alt_close=\u00a0\u00bboff\u00a0\u00bb da_dark_close=\u00a0\u00bboff\u00a0\u00bb da_not_modal=\u00a0\u00bbon\u00a0\u00bb da_is_singular=\u00a0\u00bboff\u00a0\u00bb da_with_loader=\u00a0\u00bboff\u00a0\u00bb da_has_shadow=\u00a0\u00bbon\u00a0\u00bb][et_pb_row custom_padding_last_edited=\u00a0\u00bbon|phone\u00a0\u00bb _builder_version=\u00a0\u00bb4.27.5&Prime; custom_margin_tablet=\u00a0\u00bb\u00a0\u00bb custom_margin_phone=\u00a0\u00bb0px||0px||false|false\u00a0\u00bb custom_margin_last_edited=\u00a0\u00bbon|phone\u00a0\u00bb custom_padding=\u00a0\u00bb||0px|||\u00a0\u00bb custom_padding_tablet=\u00a0\u00bb||0px|||\u00a0\u00bb custom_padding_phone=\u00a0\u00bb10px||0px||false|false\u00a0\u00bb global_colors_info=\u00a0\u00bb{}\u00a0\u00bb][et_pb_column type=\u00a0\u00bb4_4&Prime; _builder_version=\u00a0\u00bb4.16&Prime; global_colors_info=\u00a0\u00bb{}\u00a0\u00bb][et_pb_heading title=\u00a0\u00bbBIENVENUE SUR LE SITE DE\u00a0\u00bb _builder_version=\u00a0\u00bb4.27.5&Prime; _module_preset=\u00a0\u00bbdefault\u00a0\u00bb title_level=\u00a0\u00bbh3&Prime; title_text_align=\u00a0\u00bbcenter\u00a0\u00bb title_text_color=\u00a0\u00bbgcid-5eef58f4-760a-49fb-ad33-042d93415a96&Prime; custom_margin_tablet=\u00a0\u00bb\u00a0\u00bb custom_margin_phone=\u00a0\u00bb||0px||false|false\u00a0\u00bb custom_margin_last_edited=\u00a0\u00bbon|phone\u00a0\u00bb global_colors_info=\u00a0\u00bb{%22gcid-5eef58f4-760a-49fb-ad33-042d93415a96%22:%91%22title_text_color%22%93}\u00a0\u00bb][\/et_pb_heading][et_pb_heading title=\u00a0\u00bbPjama : Votre boutique sp\u00e9cialis\u00e9e en produits pipi au lit\u00a0\u00bb _builder_version=\u00a0\u00bb4.27.5&Prime; _module_preset=\u00a0\u00bbdefault\u00a0\u00bb title_text_align=\u00a0\u00bbcenter\u00a0\u00bb title_text_color=\u00a0\u00bb#D35917&Prime; custom_margin=\u00a0\u00bb||0px||false|false\u00a0\u00bb custom_margin_tablet=\u00a0\u00bb||0px||false|false\u00a0\u00bb custom_margin_phone=\u00a0\u00bb||-20px||false|false\u00a0\u00bb custom_margin_last_edited=\u00a0\u00bbon|desktop\u00a0\u00bb custom_padding=\u00a0\u00bb||0px||false|false\u00a0\u00bb custom_padding_tablet=\u00a0\u00bb||0px||false|false\u00a0\u00bb custom_padding_phone=\u00a0\u00bb||0px||false|false\u00a0\u00bb custom_padding_last_edited=\u00a0\u00bbon|phone\u00a0\u00bb global_colors_info=\u00a0\u00bb{}\u00a0\u00bb][\/et_pb_heading][\/et_pb_column][\/et_pb_row][\/et_pb_section][et_pb_section fb_built=\u00a0\u00bb1&Prime; _builder_version=\u00a0\u00bb4.27.4&Prime; _module_preset=\u00a0\u00bbdefault\u00a0\u00bb background_color=\u00a0\u00bbgcid-5eef58f4-760a-49fb-ad33-042d93415a96&Prime; custom_margin=\u00a0\u00bb||-90px||false|false\u00a0\u00bb custom_padding=\u00a0\u00bb||0px||false|false\u00a0\u00bb da_disable_devices=\u00a0\u00bboff|off|off\u00a0\u00bb global_colors_info=\u00a0\u00bb{%22gcid-5eef58f4-760a-49fb-ad33-042d93415a96%22:%91%22background_color%22%93}\u00a0\u00bb da_is_popup=\u00a0\u00bboff\u00a0\u00bb da_exit_intent=\u00a0\u00bboff\u00a0\u00bb da_has_close=\u00a0\u00bbon\u00a0\u00bb da_alt_close=\u00a0\u00bboff\u00a0\u00bb da_dark_close=\u00a0\u00bboff\u00a0\u00bb da_not_modal=\u00a0\u00bbon\u00a0\u00bb da_is_singular=\u00a0\u00bboff\u00a0\u00bb da_with_loader=\u00a0\u00bboff\u00a0\u00bb da_has_shadow=\u00a0\u00bbon\u00a0\u00bb][et_pb_row column_structure=\u00a0\u00bb1_4,1_4,1_4,1_4&Prime; _builder_version=\u00a0\u00bb4.27.4&Prime; _module_preset=\u00a0\u00bbdefault\u00a0\u00bb transform_translate=\u00a0\u00bb0px|-140px\u00a0\u00bb global_colors_info=\u00a0\u00bb{}\u00a0\u00bb][et_pb_column type=\u00a0\u00bb1_4&Prime; _builder_version=\u00a0\u00bb4.27.4&Prime; _module_preset=\u00a0\u00bbdefault\u00a0\u00bb global_colors_info=\u00a0\u00bb{}\u00a0\u00bb][et_pb_blurb title=\u00a0\u00bbPjama Protect : Pantalons et shorts pipi au lit\u00a0\u00bb url=\u00a0\u00bbhttps:\/\/pjama.eu\/fr\/pantalon-anti-pipi-au-lit\/\u00a0\u00bb image=\u00a0\u00bbhttps:\/\/pjama.eu\/wp-content\/uploads\/Pjama_shorts_2.jpeg\u00a0\u00bb alt=\u00a0\u00bb\u00c0 propos de l&#039;\u00e9nur\u00e9sie de Pjama\u00a0\u00bb _builder_version=\u00a0\u00bb4.27.6&Prime; _module_preset=\u00a0\u00bbdefault\u00a0\u00bb header_text_align=\u00a0\u00bbcenter\u00a0\u00bb header_text_color=\u00a0\u00bb#D35917&Prime; header_font_size=\u00a0\u00bb25px\u00a0\u00bb body_font=\u00a0\u00bb&#8211;et_global_body_font|&#8211;et_global_heading_font_weight|||||||\u00a0\u00bb body_text_align=\u00a0\u00bbcenter\u00a0\u00bb body_text_color=\u00a0\u00bb#F8F8F8&Prime; body_font_size=\u00a0\u00bb16px\u00a0\u00bb header_text_shadow_style=\u00a0\u00bbpreset1&Prime; body_text_shadow_style=\u00a0\u00bbpreset1&Prime; border_radii_image=\u00a0\u00bbon|10px|10px|10px|10px\u00a0\u00bb border_width_all_image=\u00a0\u00bb4px\u00a0\u00bb border_color_all_image=\u00a0\u00bb#F8F8F8&Prime; global_colors_info=\u00a0\u00bb{}\u00a0\u00bb]<\/p>\n<p>Des solutions absorbantes fiables qui gardent le lit sec et les accidents priv\u00e9s.<br \/>Lorsque le traitement n&rsquo;est pas la priorit\u00e9, la tranquillit\u00e9 d&rsquo;esprit l&rsquo;est.<\/p>\n<p>[\/et_pb_blurb][\/et_pb_column][et_pb_column type=\u00a0\u00bb1_4&Prime; _builder_version=\u00a0\u00bb4.27.4&Prime; _module_preset=\u00a0\u00bbdefault\u00a0\u00bb global_colors_info=\u00a0\u00bb{}\u00a0\u00bb][et_pb_blurb title=\u00a0\u00bbPjama DryGuardians : Alarmes pipi au lit (\u00c9nur\u00e9sie)\u00a0\u00bb url=\u00a0\u00bbhttps:\/\/pjama.eu\/fr\/alarme-pipi-au-lit\/\u00a0\u00bb image=\u00a0\u00bbhttps:\/\/pjama.eu\/wp-content\/uploads\/Bedwetting-Treatment-e1694759000209-1-2.jpg\u00a0\u00bb alt=\u00a0\u00bb\u00c0 propos de l&#039;\u00e9nur\u00e9sie de Pjama\u00a0\u00bb _builder_version=\u00a0\u00bb4.27.6&Prime; _module_preset=\u00a0\u00bbdefault\u00a0\u00bb header_text_align=\u00a0\u00bbcenter\u00a0\u00bb header_text_color=\u00a0\u00bb#D35917&Prime; header_font_size=\u00a0\u00bb25px\u00a0\u00bb body_font=\u00a0\u00bb&#8211;et_global_body_font|&#8211;et_global_heading_font_weight|||||||\u00a0\u00bb body_text_align=\u00a0\u00bbcenter\u00a0\u00bb body_text_color=\u00a0\u00bb#F8F8F8&Prime; body_font_size=\u00a0\u00bb16px\u00a0\u00bb header_text_shadow_style=\u00a0\u00bbpreset1&Prime; body_text_shadow_style=\u00a0\u00bbpreset1&Prime; border_radii_image=\u00a0\u00bbon|10px|10px|10px|10px\u00a0\u00bb border_width_all_image=\u00a0\u00bb4px\u00a0\u00bb border_color_all_image=\u00a0\u00bb#F8F8F8&Prime; global_colors_info=\u00a0\u00bb{}\u00a0\u00bb]<\/p>\n<p>V\u00eatements de nuit intelligents avec capteurs et alarme &#8211; test\u00e9s cliniquement pour aider les enfants et les adultes \u00e0 surmonter l&rsquo;\u00e9nur\u00e9sie. Pour ceux qui recherchent une s\u00e9cheresse durable, et pas seulement une protection. <\/p>\n<p>[\/et_pb_blurb][\/et_pb_column][et_pb_column type=\u00a0\u00bb1_4&Prime; _builder_version=\u00a0\u00bb4.27.4&Prime; _module_preset=\u00a0\u00bbdefault\u00a0\u00bb global_colors_info=\u00a0\u00bb{}\u00a0\u00bb][et_pb_blurb title=\u00a0\u00bbACCESSOIRES ET SOUTIEN DE JOUR\u00a0\u00bb url=\u00a0\u00bbhttps:\/\/pjama.eu\/fr\/accessoires-enuresie\/\u00a0\u00bb image=\u00a0\u00bbhttps:\/\/pjama.eu\/wp-content\/uploads\/Pjama_accessories.png\u00a0\u00bb alt=\u00a0\u00bbAccessoires et produits pipi au lit pour le jour\u00a0\u00bb _builder_version=\u00a0\u00bb4.27.6&Prime; _module_preset=\u00a0\u00bbdefault\u00a0\u00bb header_text_align=\u00a0\u00bbcenter\u00a0\u00bb header_text_color=\u00a0\u00bb#D35917&Prime; header_font_size=\u00a0\u00bb25px\u00a0\u00bb body_font=\u00a0\u00bb&#8211;et_global_body_font|&#8211;et_global_heading_font_weight|||||||\u00a0\u00bb body_text_align=\u00a0\u00bbcenter\u00a0\u00bb body_text_color=\u00a0\u00bb#F8F8F8&Prime; body_font_size=\u00a0\u00bb16px\u00a0\u00bb transform_scale_tablet=\u00a0\u00bb\u00a0\u00bb transform_scale_phone=\u00a0\u00bb90%|90%\u00a0\u00bb transform_scale_last_edited=\u00a0\u00bbon|phone\u00a0\u00bb transform_translate_tablet=\u00a0\u00bb\u00a0\u00bb transform_translate_phone=\u00a0\u00bb\u00a0\u00bb transform_translate_last_edited=\u00a0\u00bbon|phone\u00a0\u00bb transform_rotate_tablet=\u00a0\u00bb\u00a0\u00bb transform_rotate_phone=\u00a0\u00bb\u00a0\u00bb transform_rotate_last_edited=\u00a0\u00bbon|phone\u00a0\u00bb transform_skew_tablet=\u00a0\u00bb\u00a0\u00bb transform_skew_phone=\u00a0\u00bb\u00a0\u00bb transform_skew_last_edited=\u00a0\u00bbon|phone\u00a0\u00bb transform_origin_tablet=\u00a0\u00bb\u00a0\u00bb transform_origin_phone=\u00a0\u00bb\u00a0\u00bb transform_origin_last_edited=\u00a0\u00bbon|phone\u00a0\u00bb transform_styles_last_edited=\u00a0\u00bbon|phone\u00a0\u00bb link_option_url=\u00a0\u00bbhttps:\/\/pjama.eu\/fr\/accessoires-enuresie\/\u00a0\u00bb transform_styles_tablet=\u00a0\u00bb\u00a0\u00bb transform_styles_phone=\u00a0\u00bb\u00a0\u00bb header_text_shadow_style=\u00a0\u00bbpreset1&Prime; body_text_shadow_style=\u00a0\u00bbpreset1&Prime; border_radii_image=\u00a0\u00bbon|10px|10px|10px|10px\u00a0\u00bb border_width_all_image=\u00a0\u00bb4px\u00a0\u00bb border_color_all_image=\u00a0\u00bb#F8F8F8&Prime; global_colors_info=\u00a0\u00bb{}\u00a0\u00bb]<\/p>\n<p>Des compl\u00e9ments pratiques qui facilitent la vie quotidienne &#8211; des sacs \u00e9tanches et des Pjama Montre alarme vibrante aux sous-v\u00eatements discrets pour une protection de jour.<\/p>\n<p>&nbsp;<\/p>\n<p>[\/et_pb_blurb][\/et_pb_column][et_pb_column type=\u00a0\u00bb1_4&Prime; _builder_version=\u00a0\u00bb4.27.4&Prime; _module_preset=\u00a0\u00bbdefault\u00a0\u00bb global_colors_info=\u00a0\u00bb{}\u00a0\u00bb][et_pb_blurb title=\u00a0\u00bbProduits pipi au lit et incontinence pour adultes\u00a0\u00bb url=\u00a0\u00bbhttps:\/\/pjama.eu\/fr\/incontinence-nocturne-adulte\/\u00a0\u00bb image=\u00a0\u00bbhttps:\/\/pjama.eu\/wp-content\/uploads\/Blue_shorts_adult-1-e1694786458678-2.png\u00a0\u00bb alt=\u00a0\u00bbL&#039;\u00e9nur\u00e9sie chez l&#039;adulte\u00a0\u00bb _builder_version=\u00a0\u00bb4.27.6&Prime; _module_preset=\u00a0\u00bbdefault\u00a0\u00bb header_text_align=\u00a0\u00bbcenter\u00a0\u00bb header_text_color=\u00a0\u00bb#D35917&Prime; header_font_size=\u00a0\u00bb25px\u00a0\u00bb body_font=\u00a0\u00bb&#8211;et_global_body_font|&#8211;et_global_heading_font_weight|||||||\u00a0\u00bb body_text_align=\u00a0\u00bbcenter\u00a0\u00bb body_text_color=\u00a0\u00bb#F8F8F8&Prime; body_font_size=\u00a0\u00bb16px\u00a0\u00bb link_option_url=\u00a0\u00bbhttps:\/\/pjama.eu\/fr\/incontinence-nocturne-adulte\/\u00a0\u00bb header_text_shadow_style=\u00a0\u00bbpreset1&Prime; body_text_shadow_style=\u00a0\u00bbpreset1&Prime; border_radii_image=\u00a0\u00bbon|10px|10px|10px|10px\u00a0\u00bb border_width_all_image=\u00a0\u00bb4px\u00a0\u00bb border_color_all_image=\u00a0\u00bb#F8F8F8&Prime; global_colors_info=\u00a0\u00bb{}\u00a0\u00bb]<\/p>\n<p>V\u00eatements de nuit absorbants et discrets qui gardent le lit sec \u00e0 la maison ou en voyage.<br data-start=\"646\" data-end=\"649\">Confiance et confort pour les adultes souffrant d&rsquo;\u00e9nur\u00e9sie<em data-start=\"649\" data-end=\"706\">.<\/em><\/p>\n<p>[\/et_pb_blurb][\/et_pb_column][\/et_pb_row][\/et_pb_section][et_pb_section fb_built=\u00a0\u00bb1&Prime; _builder_version=\u00a0\u00bb4.16&Prime; background_color=\u00a0\u00bb#f8f8f8&Prime; background_enable_image=\u00a0\u00bboff\u00a0\u00bb custom_padding=\u00a0\u00bb0px|||||\u00a0\u00bb da_disable_devices=\u00a0\u00bboff|off|off\u00a0\u00bb global_colors_info=\u00a0\u00bb{}\u00a0\u00bb da_is_popup=\u00a0\u00bboff\u00a0\u00bb da_exit_intent=\u00a0\u00bboff\u00a0\u00bb da_has_close=\u00a0\u00bbon\u00a0\u00bb da_alt_close=\u00a0\u00bboff\u00a0\u00bb da_dark_close=\u00a0\u00bboff\u00a0\u00bb da_not_modal=\u00a0\u00bbon\u00a0\u00bb da_is_singular=\u00a0\u00bboff\u00a0\u00bb da_with_loader=\u00a0\u00bboff\u00a0\u00bb da_has_shadow=\u00a0\u00bbon\u00a0\u00bb][\/et_pb_section][et_pb_section fb_built=\u00a0\u00bb1&Prime; _builder_version=\u00a0\u00bb4.27.6&Prime; _module_preset=\u00a0\u00bbdefault\u00a0\u00bb da_disable_devices=\u00a0\u00bboff|off|off\u00a0\u00bb global_colors_info=\u00a0\u00bb{}\u00a0\u00bb da_is_popup=\u00a0\u00bboff\u00a0\u00bb da_exit_intent=\u00a0\u00bboff\u00a0\u00bb da_has_close=\u00a0\u00bbon\u00a0\u00bb da_alt_close=\u00a0\u00bboff\u00a0\u00bb da_dark_close=\u00a0\u00bboff\u00a0\u00bb da_not_modal=\u00a0\u00bbon\u00a0\u00bb da_is_singular=\u00a0\u00bboff\u00a0\u00bb da_with_loader=\u00a0\u00bboff\u00a0\u00bb da_has_shadow=\u00a0\u00bbon\u00a0\u00bb][et_pb_row _builder_version=\u00a0\u00bb4.27.6&Prime; _module_preset=\u00a0\u00bbdefault\u00a0\u00bb global_colors_info=\u00a0\u00bb{}\u00a0\u00bb][et_pb_column type=\u00a0\u00bb4_4&Prime; _builder_version=\u00a0\u00bb4.27.6&Prime; _module_preset=\u00a0\u00bbdefault\u00a0\u00bb global_colors_info=\u00a0\u00bb{}\u00a0\u00bb][et_pb_text _builder_version=\u00a0\u00bb4.27.6&Prime; _module_preset=\u00a0\u00bbdefault\u00a0\u00bb text_font=\u00a0\u00bb&#8211;et_global_body_font|&#8211;et_global_heading_font_weight|||||||\u00a0\u00bb header_text_color=\u00a0\u00bb#D35917&Prime; header_2_text_color=\u00a0\u00bb#D35917&Prime; header_3_text_color=\u00a0\u00bb#072130&Prime; global_colors_info=\u00a0\u00bb{}\u00a0\u00bb]<\/p>\n<h3>Gamme compl\u00e8te de produits pipi au lit<\/h3>\n<h2>Solutions pour enfants, adolescents et adultes<\/h2>\n<p>L&rsquo;\u00e9nur\u00e9sie nocturne touche de nombreuses personnes. Heureusement, il existe aujourd&rsquo;hui des produits pipi au lit modernes pour g\u00e9rer ces accidents. Que vous cherchiez une protection discr\u00e8te ou un traitement, nos solutions facilitent le quotidien des enfants et des adultes.  <\/p>\n<p>Chez Pjama, nous proposons une large gamme de produits pipi au lit con\u00e7us pour la protection et le traitement. Nos produits \u00e9nur\u00e9sie am\u00e9liorent la qualit\u00e9 du sommeil et apportent une tranquillit\u00e9 d&rsquo;esprit durable, que ce soit via une protection absorbante ou un traitement de fond. <\/p>\n<h3>Quels types de produits pipi au lit choisir ?<\/h3>\n<p>Il existe plusieurs types de produits contre l&rsquo;\u00e9nur\u00e9sie qui peuvent \u00eatre utilis\u00e9s individuellement ou en combinaison, en fonction des besoins et des circonstances.<\/p>\n<p><strong>Pjama Protect &#8211; V\u00eatements de nuit protecteurs lavables<\/strong><br \/>Les shorts, pantalons et sous-v\u00eatements lavables avec couches absorbantes prot\u00e8gent le lit tout en ayant l&rsquo;apparence et la sensation d&rsquo;une tenue de nuit normale. Il s&rsquo;agit d&rsquo;une solution discr\u00e8te qui peut \u00eatre utilis\u00e9e \u00e0 la maison, en voyage ou lors de soir\u00e9es pyjama. <\/p>\n<p><strong>Pjama DryGuardians &#8211; Alarme pipi au lit (Traitement)<\/strong><br \/>Les alarmes pipi au lit sont souvent utilis\u00e9es comme m\u00e9thode de traitement. L&rsquo;alarme r\u00e9agit \u00e0 l&rsquo;humidit\u00e9 et aide le corps \u00e0 apprendre \u00e0 se r\u00e9veiller lorsque la vessie est pleine. Avec le temps, cela peut contribuer \u00e0 am\u00e9liorer le contr\u00f4le de la vessie pendant la nuit.  <\/p>\n<p><strong>Accessoires &#8211; Produits de soutien<\/strong><br \/>Les accessoires tels que les montres de rappel, les capteurs et les solutions de stockage peuvent soutenir l&rsquo;entra\u00eenement v\u00e9sical et faciliter les routines quotidiennes.<\/p>\n<p><strong data-start=\"230\" data-end=\"266\">Produits pipi au lit pour adultes : Discr\u00e9tion et confort<\/strong><br data-start=\"266\" data-end=\"269\">Solutions discr\u00e8tes et confortables d\u00e9velopp\u00e9es pour les adultes souffrant d&rsquo;\u00e9nur\u00e9sie nocturne. Les produits sont con\u00e7us pour offrir une protection fiable tout au long de la nuit, tout en ayant l&rsquo;apparence et la sensation d&rsquo;un v\u00eatement de nuit normal. Ils conviennent donc parfaitement \u00e0 une utilisation \u00e0 la maison, en voyage ou lors de s\u00e9jours d&rsquo;une nuit, sans donner l&rsquo;impression d&rsquo;\u00eatre m\u00e9dicalis\u00e9s ou contraignants.  <\/p>\n<p>[\/et_pb_text][\/et_pb_column][\/et_pb_row][et_pb_row _builder_version=\u00a0\u00bb4.27.6&Prime; _module_preset=\u00a0\u00bbdefault\u00a0\u00bb global_colors_info=\u00a0\u00bb{}\u00a0\u00bb][et_pb_column type=\u00a0\u00bb4_4&Prime; _builder_version=\u00a0\u00bb4.27.6&Prime; _module_preset=\u00a0\u00bbdefault\u00a0\u00bb global_colors_info=\u00a0\u00bb{}\u00a0\u00bb][et_pb_text _builder_version=\u00a0\u00bb4.27.6&Prime; _module_preset=\u00a0\u00bbdefault\u00a0\u00bb text_font=\u00a0\u00bb&#8211;et_global_body_font|&#8211;et_global_heading_font_weight|||||||\u00a0\u00bb header_3_text_color=\u00a0\u00bb#072130&Prime; global_colors_info=\u00a0\u00bb{}\u00a0\u00bb]<\/p>\n<h3>Des produits pipi au lit discrets pour un sommeil r\u00e9parateur<\/h3>\n<p>Les produits modernes contre l&rsquo;\u00e9nur\u00e9sie sont con\u00e7us dans un souci de confort, de discr\u00e9tion et de facilit\u00e9 d&rsquo;utilisation. De nombreux produits ressemblent \u00e0 des v\u00eatements de nuit ordinaires et peuvent \u00eatre lav\u00e9s et r\u00e9utilis\u00e9s, ce qui les rend \u00e0 la fois pratiques et plus durables que les produits jetables. <\/p>\n<p>Pour les familles avec enfants, des produits adapt\u00e9s peuvent r\u00e9duire le stress \u00e0 l&rsquo;heure du coucher. Pour les adolescents et les adultes, des solutions discr\u00e8tes facilitent le respect de l&rsquo;intimit\u00e9 et la participation aux activit\u00e9s quotidiennes sans inqui\u00e9tude. <\/p>\n<h3>Comment bien choisir vos produits pipi au lit ?<\/h3>\n<p>Le choix des produits contre l&rsquo;\u00e9nur\u00e9sie d\u00e9pend souvent de l&rsquo;\u00e2ge, de la cause sous-jacente de l&rsquo;\u00e9nur\u00e9sie et des pr\u00e9f\u00e9rences personnelles. Certains privil\u00e9gient une protection fiable pendant la nuit, tandis que d&rsquo;autres souhaitent combiner protection et traitement. <\/p>\n<p>Chez Pjama, vous trouverez des produits pour l&rsquo;\u00e9nur\u00e9sie soigneusement d\u00e9velopp\u00e9s qui combinent des mat\u00e9riaux confortables, un design discret et une technologie moderne &#8211; tout cela pour favoriser un meilleur sommeil et une meilleure qualit\u00e9 de vie. <\/p>\n<p>[\/et_pb_text][\/et_pb_column][\/et_pb_row][\/et_pb_section]<\/p>\n","protected":false},"excerpt":{"rendered":"<p>Des solutions absorbantes fiables qui gardent le lit sec et les accidents priv\u00e9s.Lorsque le traitement n&rsquo;est pas la priorit\u00e9, la tranquillit\u00e9 d&rsquo;esprit l&rsquo;est.V\u00eatements de nuit intelligents avec capteurs et alarme &#8211; test\u00e9s cliniquement pour aider les enfants et les adultes \u00e0 surmonter l&rsquo;\u00e9nur\u00e9sie. Pour ceux qui recherchent une s\u00e9cheresse durable, et pas seulement une protection. [&hellip;]<\/p>\n","protected":false},"author":33,"featured_media":31073,"parent":0,"menu_order":0,"comment_status":"closed","ping_status":"closed","template":"","meta":{"_et_pb_use_builder":"on","_et_pb_old_content":"","_et_gb_content_width":"","footnotes":""},"class_list":["post-26283","page","type-page","status-publish","has-post-thumbnail","hentry"],"_links":{"self":[{"href":"https:\/\/pjama.eu\/fr\/wp-json\/wp\/v2\/pages\/26283","targetHints":{"allow":["GET"]}}],"collection":[{"href":"https:\/\/pjama.eu\/fr\/wp-json\/wp\/v2\/pages"}],"about":[{"href":"https:\/\/pjama.eu\/fr\/wp-json\/wp\/v2\/types\/page"}],"author":[{"embeddable":true,"href":"https:\/\/pjama.eu\/fr\/wp-json\/wp\/v2\/users\/33"}],"replies":[{"embeddable":true,"href":"https:\/\/pjama.eu\/fr\/wp-json\/wp\/v2\/comments?post=26283"}],"version-history":[{"count":29,"href":"https:\/\/pjama.eu\/fr\/wp-json\/wp\/v2\/pages\/26283\/revisions"}],"predecessor-version":[{"id":35089,"href":"https:\/\/pjama.eu\/fr\/wp-json\/wp\/v2\/pages\/26283\/revisions\/35089"}],"wp:featuredmedia":[{"embeddable":true,"href":"https:\/\/pjama.eu\/fr\/wp-json\/wp\/v2\/media\/31073"}],"wp:attachment":[{"href":"https:\/\/pjama.eu\/fr\/wp-json\/wp\/v2\/media?parent=26283"}],"curies":[{"name":"wp","href":"https:\/\/api.w.org\/{rel}","templated":true}]}}