{"id":24433,"date":"2022-12-15T14:46:15","date_gmt":"2022-12-15T13:46:15","guid":{"rendered":"https:\/\/pjama.eu\/product\/pjama-montre-alarme-vibrante-lightblue\/"},"modified":"2026-03-31T11:23:42","modified_gmt":"2026-03-31T09:23:42","slug":"montre-rappel-toilettes-bleu-clair","status":"publish","type":"product","link":"https:\/\/pjama.eu\/fr\/produit\/montre-rappel-toilettes-bleu-clair\/","title":{"rendered":"Pjama Montre alarme vibrante bleu clair"},"content":{"rendered":"<h3 style=\"color: #d35917;\">Pjama Montre alarme vibrante bleu clair<\/h3>\n<p>La montre rappel toilettes bleu clair Pjama est une montre-bracelet \u00e9l\u00e9gante dot\u00e9e d&rsquo;une alarme vibrante. Elle est id\u00e9ale pour g\u00e9rer les fuites d&rsquo;urine en journ\u00e9e en rappelant d&rsquo;aller aux toilettes r\u00e9guli\u00e8rement. L&rsquo;alarme peut \u00eatre r\u00e9gl\u00e9e pour un maximum de 8 intervalles par jour. Le bracelet est en silicone souple et flexible, ajustable \u00e0 la bonne taille. Cette montre rappel toilettes bleu clair dispose d&rsquo;un affichage num\u00e9rique \u00e0 LED moderne et discret. Cette montre rappel toilettes bleu clair est l&rsquo;outil id\u00e9al pour aider les enfants \u00e0 devenir autonomes gr\u00e2ce \u00e0 ses vibrations discr\u00e8tes.  La montre indique l&rsquo;heure comme une horloge ordinaire. La montre rappel toilettes bleu clair Pjama aide enfants et adultes \u00e0 vider leur vessie \u00e0 intervalles r\u00e9guliers pour \u00e9viter les accidents diurnes. Il s&rsquo;agit d&rsquo;une montre-bracelet vibrante pratique et discr\u00e8te pour un usage quotidien. <\/p>\n<h4 style=\"color: #072130;\">UTILISATION QUOTIDIENNE<\/h4>\n<p>Enfants et adultes peuvent utiliser la montre rappel toilettes bleu clair Pjama pour mieux g\u00e9rer l&rsquo;\u00e9nur\u00e9sie et instaurer une routine de passage aux toilettes.<br \/>\n&#8211; Appuyez une fois sur la touche Heure\/Alarme pour afficher l&rsquo;heure.<br \/>\n&#8211; Appuyez deux fois sur le bouton Heure\/Alarme pour v\u00e9rifier la charge de la batterie (de 0 \u00e0 100 %).<br \/>\n&#8211; La vibration peut \u00eatre arr\u00eat\u00e9e imm\u00e9diatement en appuyant sur un bouton, ou s&rsquo;arr\u00eatera automatiquement apr\u00e8s 60 secondes.<\/p>\n<p>Gr\u00e2ce \u00e0 ses vibrations silencieuses, cette montre rappel toilettes bleu clair permet un rappel en toute discr\u00e9tion \u00e0 l&rsquo;\u00e9cole ou au travail.<\/p>\n<h4 style=\"color: #072130;\">CHARGEMENT DE LA MONTRE<\/h4>\n<p>Retirez la montre de son \u00e9tui en silicone et connectez le port USB de la montre \u00e0 votre banque d&rsquo;alimentation (5V) ou \u00e0 votre ordinateur portable. Un voyant bleu indique que la montre est en cours de chargement lorsque le c\u00e2ble USB est connect\u00e9. Une fois la montre enti\u00e8rement charg\u00e9e, le voyant bleu reste allum\u00e9. Une batterie enti\u00e8rement charg\u00e9e peut durer de 6 \u00e0 15 jours.    Durable et ergonomique, notre montre rappel toilettes bleu clair s&rsquo;adapte parfaitement au quotidien des petits et des grands.<\/p>\n<h4 style=\"color: #072130;\">D\u00e9tails<\/h4>\n<p>Source d&rsquo;alimentation : DC 5V, Entr\u00e9e de chargement : Micro USB, Plage de temp\u00e9rature : 0 \u00e0 45 degr\u00e9s Celsius<\/p>\n<h4 style=\"color: #072130;\">Conseils pour les enfants souffrant d&rsquo;incontinence urinaire diurne<\/h4>\n<p>L&rsquo;\u00e9nur\u00e9sie diurne chez les enfants est un probl\u00e8me courant. Environ 3 \u00e0 4 % des enfants \u00e2g\u00e9s de 3 \u00e0 12 ans ont r\u00e9guli\u00e8rement des fuites d&rsquo;urine pendant la journ\u00e9e, mais ces fuites peuvent dispara\u00eetre avec un soutien ad\u00e9quat. <\/p>\n<ul>\n<li>Encouragez l&rsquo;enfant \u00e0 aller r\u00e9guli\u00e8rement aux toilettes, m\u00eame s&rsquo;il n&rsquo;en ressent pas le besoin.<\/li>\n<li>Pr\u00e9voyez des heures de toilette r\u00e9guli\u00e8res et veillez \u00e0 ce que l&rsquo;enfant vide compl\u00e8tement sa vessie.<\/li>\n<li>Un journal de pipi peut aider \u00e0 suivre les habitudes et \u00e0 am\u00e9liorer le contr\u00f4le de la vessie.<\/li>\n<li>Ne punissez jamais l&rsquo;enfant en cas d&rsquo;accident. Encouragez-le et renforcez sa confiance en lui.<\/li>\n<li>Veillez \u00e0 ce que l&rsquo;enfant boive suffisamment pour maintenir une bonne hydratation et faciliter l&rsquo;acc\u00e8s aux toilettes.<\/li>\n<li>La montre rappel toilettes bleu clair Pjama est une aide pr\u00e9cieuse pour automatiser le rappel aux toilettes, m\u00eame lorsque vous n&rsquo;\u00eates pas \u00e0 c\u00f4t\u00e9 de votre enfant.<\/li>\n<\/ul>\n<h4 style=\"color: #072130;\">Si votre enfant fait pipi au lit la nuit<\/h4>\n<p>Le terme m\u00e9dical pour l&rsquo;\u00e9nur\u00e9sie nocturne est l&rsquo;\u00e9nur\u00e9sie nocturne. Les experts estiment que jusqu&rsquo;\u00e0 160 millions de personnes dans le monde souffrent d&rsquo;\u00e9nur\u00e9sie nocturne. L&rsquo;\u00e9nur\u00e9sie nocturne peut avoir des r\u00e9percussions n\u00e9gatives sur les familles, mais il existe des conseils pour g\u00e9rer ce probl\u00e8me. Voici une petite liste qui pourrait vous aider :   <\/p>\n<ul>\n<li>L&rsquo;\u00e9nur\u00e9sie n&rsquo;est pas la faute de votre enfant. Ne le punissez pas et ne le taquinez pas. <\/li>\n<li>Laissez l&rsquo;enfant boire autant qu&rsquo;il le souhaite. Des recherches su\u00e9doises ont montr\u00e9 que cela n&rsquo;avait que peu d&rsquo;impact sur le traitement de l&rsquo;Alarme pipi au lit. <\/li>\n<li>Utilisez le <a href=\"https:\/\/pjama.eu\/fr\/pantalon-anti-pipi-au-lit\/\">Pjama<\/a> lorsque l&rsquo;enfant dort, \u00e0 la maison comme \u00e0 l&rsquo;ext\u00e9rieur.<\/li>\n<li>Pour traiter efficacement l&rsquo;incontinence diurne, optez pour la montre rappel toilettes bleu clair Pjama.<\/li>\n<li>T\u00e9l\u00e9chargez notre <a href=\"https:\/\/pjama.eu\/fr\/alarme-pipi-au-lit-application\/\">appli DryGuardians<\/a> pour utiliser le calendrier et suivre vos progr\u00e8s. Cette application vous sera \u00e9galement utile si vous contactez un m\u00e9decin ou au moment de le faire. <\/li>\n<li>Parlez-en ! Beaucoup d&rsquo;adultes et d&rsquo;enfants souffrent d&rsquo;\u00e9nur\u00e9sie, mais personne n&rsquo;en parle. <\/li>\n<\/ul>\n<h4 style=\"color: #072130;\">Vous voulez en savoir plus ?<\/h4>\n<p>Pour en savoir plus sur l&rsquo;\u00e9nur\u00e9sie, consultez notre page<a href=\"https:\/\/pjama.eu\/fr\/quest-ce-que-lenuresie\/\">\u00ab\u00a0Qu&rsquo;est-ce que l&rsquo;\u00e9nur\u00e9sie ?<\/a><\/p>\n","protected":false},"excerpt":{"rendered":"<h4>Pjama Montre alarme vibrante bleu clair<\/h4>\n<p>Une Pjama Montre alarme vibrante, \u00e9l\u00e9gante et moderne, utilis\u00e9e pour les fuites urinaires diurnes comme rappel pour aller aux toilettes ou pour d&rsquo;autres rappels.<\/p>\n<ul>\n<li>Affichage num\u00e9rique par LED.<\/li>\n<li>La montre indique l&rsquo;heure comme une horloge ordinaire.<\/li>\n<li>L&rsquo;alarme peut \u00eatre r\u00e9gl\u00e9e pour un maximum de 8 intervalles par jour.<\/li>\n<li>Le bracelet est en silicone souple et flexible, ajustable \u00e0 la bonne taille.<\/li>\n<li>Chargement via Micro USB.<\/li>\n<li>La batterie d&rsquo;une montre enti\u00e8rement charg\u00e9e dure entre 6 et 15 jours.<\/li>\n<\/ul>\n<p>Lorsque la Pjama Montre alarme vibrante lightblue n&rsquo;est plus n\u00e9cessaire pour les rappels de toilettes, elle peut \u00eatre utilis\u00e9e comme une montre-bracelet ordinaire.<\/p>\n","protected":false},"featured_media":24435,"template":"","meta":{"_et_pb_use_builder":"","_et_pb_old_content":"","_et_gb_content_width":""},"product_brand":[],"product_cat":[315,317],"product_tag":[],"class_list":{"0":"post-24433","1":"product","2":"type-product","3":"status-publish","4":"has-post-thumbnail","6":"product_cat-pjama-montre-alarme-vibrante","7":"product_cat-accessoires_2025","8":"product_shipping_class-lue","10":"first","11":"instock","12":"taxable","13":"shipping-taxable","14":"purchasable","15":"product-type-simple"},"composite_virtual":false,"composite_layout":"","composite_add_to_cart_form_location":"","composite_editable_in_cart":false,"composite_sold_individually_context":"","composite_shop_price_calc":"","composite_components":[],"composite_scenarios":[],"_links":{"self":[{"href":"https:\/\/pjama.eu\/fr\/wp-json\/wp\/v2\/product\/24433","targetHints":{"allow":["GET"]}}],"collection":[{"href":"https:\/\/pjama.eu\/fr\/wp-json\/wp\/v2\/product"}],"about":[{"href":"https:\/\/pjama.eu\/fr\/wp-json\/wp\/v2\/types\/product"}],"wp:featuredmedia":[{"embeddable":true,"href":"https:\/\/pjama.eu\/fr\/wp-json\/wp\/v2\/media\/24435"}],"wp:attachment":[{"href":"https:\/\/pjama.eu\/fr\/wp-json\/wp\/v2\/media?parent=24433"}],"wp:term":[{"taxonomy":"product_brand","embeddable":true,"href":"https:\/\/pjama.eu\/fr\/wp-json\/wp\/v2\/product_brand?post=24433"},{"taxonomy":"product_cat","embeddable":true,"href":"https:\/\/pjama.eu\/fr\/wp-json\/wp\/v2\/product_cat?post=24433"},{"taxonomy":"product_tag","embeddable":true,"href":"https:\/\/pjama.eu\/fr\/wp-json\/wp\/v2\/product_tag?post=24433"}],"curies":[{"name":"wp","href":"https:\/\/api.w.org\/{rel}","templated":true}]}}