{"id":24586,"date":"2022-12-15T14:39:25","date_gmt":"2022-12-15T13:39:25","guid":{"rendered":"https:\/\/pjama.eu\/product\/pjama-montre-alarme-vibrante-bleu\/"},"modified":"2026-03-31T11:29:00","modified_gmt":"2026-03-31T09:29:00","slug":"montre-rappel-toilettes-bleue","status":"publish","type":"product","link":"https:\/\/pjama.eu\/fr\/produit\/montre-rappel-toilettes-bleue\/","title":{"rendered":"Pjama Montre alarme vibrante Bleu"},"content":{"rendered":"<h3 style=\"color: #d35917;\">Pjama Montre alarme vibrante Bleu<\/h3>\n<p>La montre rappel toilettes bleue Pjama est une alarme vibrante \u00e9l\u00e9gante et moderne, con\u00e7ue pour g\u00e9rer les fuites d&rsquo;urine en rappelant d&rsquo;aller aux toilettes r\u00e9guli\u00e8rement. L&rsquo;alarme peut \u00eatre r\u00e9gl\u00e9e pour un maximum de 8 intervalles par jour. Le bracelet est en silicone souple et flexible, ajustable \u00e0 la bonne taille. Notre montre rappel toilettes bleue dispose d&rsquo;un \u00e9cran num\u00e9rique LED discret et facile \u00e0 lire. Cette montre rappel toilettes bleue est l&rsquo;outil de rappel id\u00e9al pour instaurer une routine d&rsquo;hygi\u00e8ne chez les enfants. <\/p>\n<p>La montre indique l&rsquo;heure comme une montre ordinaire. La montre rappel toilettes bleue Pjama aide enfants et adultes \u00e0 vider leur vessie \u00e0 intervalles r\u00e9guliers durant la journ\u00e9e. Il s&rsquo;agit d&rsquo;une montre-bracelet vibrante pour une utilisation pratique et discr\u00e8te dans la vie de tous les jours. <\/p>\n<h4 style=\"color: #072130;\">Utilisation de la montre rappel toilettes bleue<\/h4>\n<p>La montre rappel toilettes bleue Pjama accompagne les enfants et adultes souffrant d&rsquo;\u00e9nur\u00e9sie qui doivent automatiser le r\u00e9flexe d&rsquo;aller aux toilettes.<\/p>\n<ul>\n<li>Appuyez une fois sur la touche Heure\/Alarme pour afficher l&rsquo;heure.<\/li>\n<li>Appuyez deux fois sur le bouton Heure\/Alarme pour v\u00e9rifier la charge de la batterie (de 0 \u00e0 100 %).<\/li>\n<li>La vibration peut \u00eatre arr\u00eat\u00e9e imm\u00e9diatement en appuyant sur un bouton, ou s&rsquo;arr\u00eatera automatiquement apr\u00e8s 60 secondes.<\/li>\n<\/ul>\n<p>Cette montre rappel toilettes bleue pour enfants \u00e9met une vibration discr\u00e8te pour signaler le moment d&rsquo;aller aux WC sans attirer l&rsquo;attention.<\/p>\n<h4 style=\"color: #072130;\">Comment recharger votre montre rappel toilettes bleue<\/h4>\n<p>Retirez la montre de son \u00e9tui en caoutchouc et connectez le port USB \u00e0 votre banque d&rsquo;alimentation (5V) ou \u00e0 votre ordinateur portable. Lorsque le c\u00e2ble USB est connect\u00e9, un voyant bleu indique la charge. Lorsque la montre est enti\u00e8rement charg\u00e9e, le voyant bleu reste allum\u00e9.  La batterie d&rsquo;une montre enti\u00e8rement charg\u00e9e peut durer de 6 \u00e0 15 jours. Cette montre rappel toilettes bleue est con\u00e7ue pour \u00eatre durable, \u00e9tanche et simple d&rsquo;utilisation pour tous les \u00e2ges.<\/p>\n<h4 style=\"color: #072130;\">D\u00e9tails<\/h4>\n<p>Source d&rsquo;alimentation : DC 5V, Entr\u00e9e de chargement : Micro USB, Temp\u00e9rature de fonctionnement : 0 \u00e0 45\u00b0C.<\/p>\n<h4 style=\"color: #072130;\">Conseils pour les enfants souffrant d&rsquo;incontinence urinaire diurne<\/h4>\n<p>L&rsquo;\u00e9nur\u00e9sie diurne chez les enfants est un probl\u00e8me courant. Environ 3 \u00e0 4 % des enfants \u00e2g\u00e9s de 3 \u00e0 12 ans ont r\u00e9guli\u00e8rement des fuites d&rsquo;urine pendant la journ\u00e9e, mais elles peuvent dispara\u00eetre avec un soutien ad\u00e9quat. <\/p>\n<ul>\n<li>Encouragez l&rsquo;enfant \u00e0 aller r\u00e9guli\u00e8rement aux toilettes, m\u00eame s&rsquo;il n&rsquo;en ressent pas le besoin.<\/li>\n<li>Pr\u00e9voyez des heures de toilette r\u00e9guli\u00e8res et veillez \u00e0 ce que l&rsquo;enfant vide compl\u00e8tement sa vessie.<\/li>\n<li>Un journal d&rsquo;urine peut aider \u00e0 suivre les habitudes et \u00e0 am\u00e9liorer le contr\u00f4le de la vessie.<\/li>\n<li>Ne punissez jamais l&rsquo;enfant en cas d&rsquo;accident. Au contraire, encouragez-le et renforcez sa confiance en lui.<\/li>\n<li>Veillez \u00e0 ce que l&rsquo;enfant boive suffisamment pour maintenir un bon \u00e9quilibre hydrique et faciliter les visites aux toilettes.<\/li>\n<li>Utiliser une montre rappel toilettes bleue est un outil d&rsquo;autonomie essentiel pour rappeler \u00e0 l&rsquo;enfant d&rsquo;aller aux WC en toute ind\u00e9pendance.<\/li>\n<\/ul>\n<h4 style=\"color: #072130;\">Si votre enfant fait pipi au lit la nuit<\/h4>\n<p>Le terme m\u00e9dical pour l&rsquo;\u00e9nur\u00e9sie nocturne est l&rsquo;\u00e9nur\u00e9sie nocturne. Les experts estiment que jusqu&rsquo;\u00e0 160 millions de personnes dans le monde souffrent d&rsquo;\u00e9nur\u00e9sie nocturne. L&rsquo;\u00e9nur\u00e9sie peut avoir un impact n\u00e9gatif sur les familles, mais il existe des conseils pour g\u00e9rer ce probl\u00e8me :  <\/p>\n<ul>\n<li>L&rsquo;\u00e9nur\u00e9sie n&rsquo;est pas la faute de votre enfant. Ne le punissez pas et ne le taquinez pas. <\/li>\n<li>Laissez l&rsquo;enfant boire ce qu&rsquo;il veut. Des recherches su\u00e9doises montrent que cela n&rsquo;a que peu d&rsquo;impact sur les traitements d&rsquo;Alarme pipi au lit. <\/li>\n<li>Utilisez le <a href=\"https:\/\/pjama.eu\/fr\/pantalon-anti-pipi-au-lit\/\">Pjama<\/a> lorsque votre enfant dort, \u00e0 la maison comme \u00e0 l&rsquo;ext\u00e9rieur.<\/li>\n<li>Pour mieux g\u00e9rer l&rsquo;\u00e9nur\u00e9sie diurne, privil\u00e9giez l&rsquo;usage de la montre rappel toilettes bleue Pjama.<\/li>\n<li>T\u00e9l\u00e9chargez notre <a href=\"https:\/\/pjama.eu\/fr\/alarme-pipi-au-lit-application\/\">appli DryGuardians<\/a> pour utiliser le calendrier et enregistrer vos progr\u00e8s. Cette application sera \u00e9galement utile pour contacter un m\u00e9decin. <\/li>\n<li>Parlez-en ! Beaucoup d&rsquo;adultes et d&rsquo;enfants souffrent d&rsquo;\u00e9nur\u00e9sie, mais personne n&rsquo;en parle. <\/li>\n<\/ul>\n<h4 style=\"color: #072130;\">Vous voulez en savoir plus ?<\/h4>\n<p>Pour en savoir plus sur l&rsquo;\u00e9nur\u00e9sie, consultez la page <a href=\"https:\/\/pjama.eu\/fr\/quest-ce-que-lenuresie\/\">Qu&rsquo;est-ce que l&rsquo;\u00e9nur\u00e9sie ?<\/a><\/p>\n","protected":false},"excerpt":{"rendered":"<h4><span data-sheets-root=\"1\">Pjama Montre alarme vibrante bleue &#8211; rappels diurnes pour les visites aux toilettes ou la prise de m\u00e9dicaments<\/span><\/h4>\n<p>Pjama Montre alarme vibrante \u00e9l\u00e9gante et moderne utilis\u00e9e pour les fuites urinaires diurnes comme rappel pour aller aux toilettes ou pour d&rsquo;autres rappels.<\/p>\n<ul>\n<li>\u00c9cran num\u00e9rique LED.<\/li>\n<li>La montre indique l&rsquo;heure comme une montre ordinaire.<\/li>\n<li>L&rsquo;alarme peut \u00eatre r\u00e9gl\u00e9e pour un maximum de 8 intervalles par jour.<\/li>\n<li>Le bracelet est en silicone souple et flexible, ajustable \u00e0 la bonne taille.<\/li>\n<li>Chargement via Micro USB.<\/li>\n<li>La batterie d&rsquo;une montre enti\u00e8rement charg\u00e9e peut durer de 6 \u00e0 15 jours.<\/li>\n<\/ul>\n<p>Lorsque la Pjama Montre alarme vibrante bleue n&rsquo;est plus n\u00e9cessaire pour rappeler d&rsquo;aller aux toilettes, elle fonctionne parfaitement comme une montre-bracelet ordinaire.<\/p>\n","protected":false},"featured_media":24585,"template":"","meta":{"_et_pb_use_builder":"","_et_pb_old_content":"","_et_gb_content_width":""},"product_brand":[],"product_cat":[315,317,313],"product_tag":[],"class_list":{"0":"post-24586","1":"product","2":"type-product","3":"status-publish","4":"has-post-thumbnail","6":"product_cat-pjama-montre-alarme-vibrante","7":"product_cat-accessoires_2025","8":"product_cat-les-enfants","9":"product_shipping_class-lue","11":"first","12":"instock","13":"taxable","14":"shipping-taxable","15":"purchasable","16":"product-type-simple"},"composite_virtual":false,"composite_layout":"","composite_add_to_cart_form_location":"","composite_editable_in_cart":false,"composite_sold_individually_context":"","composite_shop_price_calc":"","composite_components":[],"composite_scenarios":[],"_links":{"self":[{"href":"https:\/\/pjama.eu\/fr\/wp-json\/wp\/v2\/product\/24586","targetHints":{"allow":["GET"]}}],"collection":[{"href":"https:\/\/pjama.eu\/fr\/wp-json\/wp\/v2\/product"}],"about":[{"href":"https:\/\/pjama.eu\/fr\/wp-json\/wp\/v2\/types\/product"}],"wp:featuredmedia":[{"embeddable":true,"href":"https:\/\/pjama.eu\/fr\/wp-json\/wp\/v2\/media\/24585"}],"wp:attachment":[{"href":"https:\/\/pjama.eu\/fr\/wp-json\/wp\/v2\/media?parent=24586"}],"wp:term":[{"taxonomy":"product_brand","embeddable":true,"href":"https:\/\/pjama.eu\/fr\/wp-json\/wp\/v2\/product_brand?post=24586"},{"taxonomy":"product_cat","embeddable":true,"href":"https:\/\/pjama.eu\/fr\/wp-json\/wp\/v2\/product_cat?post=24586"},{"taxonomy":"product_tag","embeddable":true,"href":"https:\/\/pjama.eu\/fr\/wp-json\/wp\/v2\/product_tag?post=24586"}],"curies":[{"name":"wp","href":"https:\/\/api.w.org\/{rel}","templated":true}]}}