{"id":24637,"date":"2020-06-04T09:46:01","date_gmt":"2020-06-04T07:46:01","guid":{"rendered":"https:\/\/pjama.eu\/product\/pjama-dryguardians-kit-dalarme-anti-enuresie\/"},"modified":"2026-03-31T11:02:27","modified_gmt":"2026-03-31T09:02:27","slug":"alarme-enuresie","status":"publish","type":"product","link":"https:\/\/pjama.eu\/fr\/produit\/alarme-enuresie\/","title":{"rendered":"Pjama DryGuardians Kit d&rsquo;alarme anti-\u00e9nur\u00e9sie"},"content":{"rendered":"<h3 style=\"color: #d35917;\">Pjama DryGuardians Kit d&rsquo;alarme anti-\u00e9nur\u00e9sie<\/h3>\n<h4 style=\"color: #072130;\">Traitement de l&rsquo;\u00e9nur\u00e9sie nocturne avec alarme sonore et vibrante<\/h4>\n<p>L&rsquo;alarme \u00e9nur\u00e9sie Pjama DryGuardians est une solution cliniquement efficace pour traiter le pipi au lit chez les enfants et les adultes. Les \u00e9tudes montrent qu&rsquo;il est essentiel de rester motiv\u00e9 et d&rsquo;utiliser le traitement de mani\u00e8re coh\u00e9rente chaque nuit pour vaincre l&rsquo;\u00e9nur\u00e9sie nocturne. Ce set permet de rester plus facilement sur la bonne voie et de r\u00e9ussir.  <\/p>\n<p>Notre alarme \u00e9nur\u00e9sie est compatible avec tous les sous-v\u00eatements de traitement Pjama. Le kit inclut un capteur d&rsquo;humidit\u00e9 haute pr\u00e9cision et une unit\u00e9 d&rsquo;alarme sans fil \u00e0 placer pr\u00e8s du lit. Lorsque le capteur d\u00e9tecte de l&rsquo;humidit\u00e9, l&rsquo;alarme se d\u00e9clenche et r\u00e9veille l&rsquo;utilisateur. Une utilisation r\u00e9guli\u00e8re permet d&rsquo;entra\u00eener le cerveau \u00e0 r\u00e9pondre aux signaux du corps et de rompre avec l&rsquo;habitude de l&rsquo;\u00e9nur\u00e9sie.   <\/p>\n<p>Avec le kit de traitement Pjama complet (y compris le pantalon ou le short de traitement gris), vous b\u00e9n\u00e9ficiez \u00e0 la fois d&rsquo;une protection et d&rsquo;un traitement. Pour les soir\u00e9es pyjama, le capteur peut \u00eatre connect\u00e9 \u00e0 l&rsquo;unit\u00e9 de traitement.<br \/>\n<strong>DryGuardians App<\/strong> sur un t\u00e9l\u00e9phone, ce qui permet d&rsquo;obtenir des vibrations discr\u00e8tes au lieu d&rsquo;une alarme bruyante. Ainsi, les enfants peuvent poursuivre leur traitement sans \u00eatre interrompus, m\u00eame en dehors de la maison. <\/p>\n<h4 style=\"color: #072130;\">Comment fonctionne l&rsquo;alarme \u00e9nur\u00e9sie Pjama DryGuardians ?<\/h4>\n<p>Le capteur de notre alarme \u00e9nur\u00e9sie se clipse sur la ceinture Pjama, utilisant des capteurs textiles int\u00e9gr\u00e9s pour une d\u00e9tection d&rsquo;humidit\u00e9 instantan\u00e9e et fiable. Cela garantit une d\u00e9tection fiable, quel que soit l&rsquo;endroit o\u00f9 l&rsquo;urine tombe ou la position dans laquelle l&rsquo;utilisateur dort. Cette fonctionnalit\u00e9 est particuli\u00e8rement utile pour les gar\u00e7ons, mais tout aussi importante pour les filles qui dorment dans des positions diff\u00e9rentes.  <\/p>\n<p>D\u00e8s la d\u00e9tection d&rsquo;une goutte d&rsquo;urine, l&rsquo;alarme \u00e9nur\u00e9sie s&rsquo;active pour stopper l&rsquo;accident, r\u00e9veiller l&rsquo;enfant et favoriser l&rsquo;apprentissage du r\u00e9flexe de r\u00e9veil.<\/p>\n<h4 style=\"color: #072130;\">Caract\u00e9ristiques et avantages<\/h4>\n<ul>\n<li><strong>Traitement \u00e9nur\u00e9sie efficace :<\/strong> Une m\u00e9thode prouv\u00e9e pour aider enfants et adultes \u00e0 rester au sec la nuit.<\/li>\n<li><strong>Con\u00e7u pour les soir\u00e9es pyjama :<\/strong> Associez-le \u00e0 l&rsquo;appli DryGuardians pour des vibrations discr\u00e8tes.<\/li>\n<li><strong>Chargement par USB :<\/strong> Chargement pratique et rapide par USB.<\/li>\n<li><strong>Syst\u00e8me sans fil :<\/strong> L&rsquo;unit\u00e9 d&rsquo;alarme peut \u00eatre plac\u00e9e jusqu&rsquo;\u00e0 10 m\u00e8tres du capteur.<\/li>\n<li><strong>Alertes parents :<\/strong> Connectez l&rsquo;alarme \u00e9nur\u00e9sie \u00e0 votre smartphone via l&rsquo;application pour \u00eatre alert\u00e9 imm\u00e9diatement.<\/li>\n<\/ul>\n<h4 style=\"color: #072130;\">Suivez vos progr\u00e8s avec l&rsquo;application DryGuardians<\/h4>\n<p>Optimisez le traitement de l&rsquo;alarme \u00e9nur\u00e9sie avec l&rsquo;application DryGuardians : suivi des progr\u00e8s, calendrier de r\u00e9ussite et conseils d&rsquo;experts de sant\u00e9. Ces informations permettent d&rsquo;optimiser le traitement et fournissent des informations pr\u00e9cieuses \u00e0 partager avec les m\u00e9decins si n\u00e9cessaire. <\/p>\n<h4 style=\"color: #072130;\">Conseils pratiques d&rsquo;utilisation<\/h4>\n<ul>\n<li>Veillez \u00e0 ce que les v\u00eatements soient bien ajust\u00e9s et r\u00e9glez le volume de l&rsquo;alarme \u00e0 un niveau appropri\u00e9.<\/li>\n<li>Impliquez votre enfant en lui expliquant le fonctionnement de son alarme \u00e9nur\u00e9sie pour renforcer sa motivation.<\/li>\n<li>Lorsque l&rsquo;alarme retentit, r\u00e9veillez l&rsquo;enfant et guidez-le jusqu&rsquo;\u00e0 la salle de bains.<\/li>\n<li>Respecter les instructions de lavage des v\u00eatements pour maintenir la qualit\u00e9.<\/li>\n<\/ul>\n<h4 style=\"color: #072130;\">Entretien du capteur<\/h4>\n<p><span style=\"font-weight: 400;\">Pour des performances optimales, il convient de toujours retirer et s\u00e9cher le capteur apr\u00e8s utilisation.<\/span> <span style=\"font-weight: 400;\">\u00c9vitez de laisser l&rsquo;appareil attach\u00e9 \u00e0 un v\u00eatement mouill\u00e9 &#8211; vous \u00e9viterez ainsi la corrosion et prolongerez la dur\u00e9e de vie de la batterie.<\/span><\/p>\n<h4 style=\"color: #072130;\">La motivation et la patience sont essentielles<\/h4>\n<p>Le traitement de l&rsquo;\u00e9nur\u00e9sie n\u00e9cessite du temps, de la motivation et des encouragements. Les parents doivent soutenir leurs enfants en leur donnant un feedback positif et en c\u00e9l\u00e9brant les progr\u00e8s accomplis. Le fait de fixer des \u00e9tapes plus petites permet de maintenir la motivation \u00e0 un niveau \u00e9lev\u00e9, l&rsquo;objectif ultime \u00e9tant de se lib\u00e9rer de l&rsquo;\u00e9nur\u00e9sie.  <\/p>\n<p>D\u00e9couvrez toutes nos solutions et conseils sur l&rsquo;alarme \u00e9nur\u00e9sie sur notre <a href=\"https:\/\/pjama.eu\/fr\/\">boutique en ligne<\/a> ou consultez le guide d&rsquo;utilisation <a href=\"https:\/\/pjama.eu\/fr\/manuels-sur-les-produits\/\">ici.<\/a><\/p>\n<footer>\u00a9 2024 Pjama.<\/footer>\n","protected":false},"excerpt":{"rendered":"<h3>Alarme d&rsquo;\u00e9nur\u00e9sie &#8211; comprend un capteur et un haut-parleur &#8211; fait partie de la m\u00e9thode DryGuardians<\/h3>\n<p>Le kit alarme anti-\u00e9nur\u00e9sie DryGuardians de Pjama comprend :<\/p>\n<ul>\n<li>Capteur fix\u00e9 \u00e0 l&rsquo;aide de boutons-pression<\/li>\n<li>Enceinte \u00e0 placer pr\u00e8s du lit<\/li>\n<\/ul>\n<p>Le capteur se fixe sur les pantalons Pjama, les shorts, les boxers ou les slips et constitue un moyen simple, efficace et fiable de traiter l&rsquo;\u00e9nur\u00e9sie et le pipi au lit.<\/p>\n<p>Pour utiliser le set d&rsquo;alarme contre l&rsquo;\u00e9nur\u00e9sie avec votre smartphone, t\u00e9l\u00e9chargez gratuitement l&rsquo;<strong>application DryGuardians<\/strong> sur <a href=\"https:\/\/play.google.com\/store\/apps\/details?id=com.pjama&amp;hl=fr&amp;gl=FR\">Google Play<\/a> ou <a href=\"https:\/\/apps.apple.com\/fr\/app\/dryguardians\/id1498084664\">App Store<\/a>.<\/p>\n","protected":false},"featured_media":31176,"template":"","meta":{"_et_pb_use_builder":"off","_et_pb_old_content":"<h3>Bedwetting Alarm for Pjama Treatment Series<\/h3>\r\n<h4>Treatment with Bedwetting Alarm<\/h4>\r\nThe bedwetting alarm is an effective tool for treating bedwetting and nighttime enuresis, for both children and adults. Research shows that about 70% of individuals who undergo bedwetting treatment with an alarm are completely cured, provided there is motivation to follow the treatment every night during the treatment period. The Pjama bedwetting alarm works with all Pjama treatment garments, including pants, shorts, and underwear. The alarm consists of a sensor that clips onto Pjama pants or underwear and a loudspeaker unit placed by the bed. When the sensor detects moisture, the bedwetting alarm is triggered, waking the person undergoing treatment. Consistent use during the treatment period helps break the bedwetting habit, also known as nighttime enuresis.\r\n\r\nWith the Pjama treatment kit, which includes gray treatment pants or shorts, you get both protection and treatment in one. The Pjama pants or shorts keep the bed dry, while the bedwetting alarm helps establish new routines. For sleepovers, the sensor can be connected to the DryGuardians app on your phone, allowing for discreet vibrations instead of a loud alarm. This is perfect for children with enuresis who want to attend sleepovers without interrupting their treatment.\r\n<h4>How Does the Pjama Bedwetting Alarm Work?<\/h4>\r\nThe bedwetting alarm is designed to help both children and adults with bedwetting and acts as a first-line treatment for enuresis. The sensor attached to the Pjama clothing is connected to an alarm unit that activates upon contact with moisture. This bedwetting treatment works by immediately interrupting the bedwetting, training the brain to respond to the body's signals. The treatment garments have integrated sensor wires, which increase the surface area of the sensor. This means that no matter where the urine lands or the sleeping position you or your child is in, the alarm will reliably detect bedwetting. This feature can be especially valuable for boys, as the area where urine first contacts can vary. The same applies to girls who sleep in different positions, particularly if they often sleep on their back.\r\n<h4>Features and Benefits of the Pjama Bedwetting Alarm<\/h4>\r\n<ul>\r\n \t<li><strong>Effective Treatment:<\/strong> Helps with nighttime enuresis for both children and adults.<\/li>\r\n \t<li><strong>Designed for Sleepovers:<\/strong> Use a mobile phone and the DryGuardians app for discreet treatment.<\/li>\r\n \t<li><strong>USB Charging:<\/strong> The alarm unit is easily charged with a USB charger.<\/li>\r\n \t<li><strong>Wireless System:<\/strong> The alarm unit can be placed up to 10 meters from the sensor.<\/li>\r\n \t<li><strong>Parent Notifications:<\/strong> Connect the bedwetting alarm to a parent's phone to receive notifications upon leakage.<\/li>\r\n<\/ul>\r\n<h4>Track Progress with the DryGuardians App<\/h4>\r\nWith the DryGuardians app, you can easily track progress in treating bedwetting and nighttime enuresis. DryGuardians provides predictions and recommendations developed in collaboration with Swedish healthcare, tailored to how your treatment progresses and ensuring that it is optimized for your specific circumstances and results. Log all accidents and track trends over time, which can help you or your child stay motivated. The collected information is also valuable to share with a doctor if additional advice is needed.\r\n<h4>Practical Tips for Use<\/h4>\r\n<ul>\r\n \t<li>Ensure the clothes fit properly and choose an alarm volume that suits your needs.<\/li>\r\n \t<li>Teach the child how the bedwetting alarm works and involve them in the process.<\/li>\r\n \t<li>When the alarm goes off, wake the child and help them go to the bathroom.<\/li>\r\n \t<li>Wash the Pjama garments according to the instructions to maintain quality.<\/li>\r\n<\/ul>\r\n<h4>Motivation and Patience Are Key<\/h4>\r\nTreating bedwetting and nighttime enuresis is a process that requires both motivation and patience, whether you are an adult or a child. Parents should encourage their children and provide positive feedback for every progress made. Setting smaller goals along the way can help maintain high motivation, with the ultimate goal of becoming free from bedwetting.\r\n\r\nFor more information about bedwetting alarms and enuresis alarms for both children and adults, read more on our <a href=\"https:\/\/pjama.se\">website<\/a> or download the manual <a href=\"https:\/\/pjama.se\/produkt-manualer\/\">here<\/a>.\r\n\r\n<footer>\u00a9 2024 Pjama.<\/footer>\u00a0","_et_gb_content_width":""},"product_brand":[],"product_cat":[337,333,339,336],"product_tag":[],"class_list":{"0":"post-24637","1":"product","2":"type-product","3":"status-publish","4":"has-post-thumbnail","6":"product_cat-alarme-pipi-au-lit","7":"product_cat-accessoires","8":"product_cat-pjamadryguardians_2025","9":"product_cat-traitement-du-pjama","10":"product_shipping_class-lue","12":"first","13":"instock","14":"taxable","15":"shipping-taxable","16":"purchasable","17":"product-type-simple"},"composite_virtual":false,"composite_layout":"","composite_add_to_cart_form_location":"","composite_editable_in_cart":false,"composite_sold_individually_context":"","composite_shop_price_calc":"","composite_components":[],"composite_scenarios":[],"_links":{"self":[{"href":"https:\/\/pjama.eu\/fr\/wp-json\/wp\/v2\/product\/24637","targetHints":{"allow":["GET"]}}],"collection":[{"href":"https:\/\/pjama.eu\/fr\/wp-json\/wp\/v2\/product"}],"about":[{"href":"https:\/\/pjama.eu\/fr\/wp-json\/wp\/v2\/types\/product"}],"wp:featuredmedia":[{"embeddable":true,"href":"https:\/\/pjama.eu\/fr\/wp-json\/wp\/v2\/media\/31176"}],"wp:attachment":[{"href":"https:\/\/pjama.eu\/fr\/wp-json\/wp\/v2\/media?parent=24637"}],"wp:term":[{"taxonomy":"product_brand","embeddable":true,"href":"https:\/\/pjama.eu\/fr\/wp-json\/wp\/v2\/product_brand?post=24637"},{"taxonomy":"product_cat","embeddable":true,"href":"https:\/\/pjama.eu\/fr\/wp-json\/wp\/v2\/product_cat?post=24637"},{"taxonomy":"product_tag","embeddable":true,"href":"https:\/\/pjama.eu\/fr\/wp-json\/wp\/v2\/product_tag?post=24637"}],"curies":[{"name":"wp","href":"https:\/\/api.w.org\/{rel}","templated":true}]}}