{"id":24648,"date":"2021-02-01T11:43:16","date_gmt":"2021-02-01T10:43:16","guid":{"rendered":"https:\/\/pjama.eu\/product\/pjama-dryguardians-sous-vetements-briefs\/"},"modified":"2026-03-28T19:37:05","modified_gmt":"2026-03-28T18:37:05","slug":"pjama-dryguardians-sous-vetements-briefs","status":"publish","type":"product","link":"https:\/\/pjama.eu\/fr\/produit\/pjama-dryguardians-sous-vetements-briefs\/","title":{"rendered":"Pjama DryGuardians Sous-v\u00eatements &#8211; Briefs"},"content":{"rendered":"<h3 style=\"color:#d35917;\">Pjama DryGuardians Sous-v\u00eatements &#8211; Briefs. Traitement Alarme pipi au lit efficace <\/h3>\n<p>Les Sous-v\u00eatements DryGuardians de Pjama &#8211; Briefs sont la solution parfaite pour les enfants qui souffrent d&rsquo;\u00e9nur\u00e9sie (pipi au lit nocturne). En association avec une Alarme pipi au lit ou un Capteur Pjama et l&rsquo;appli DryGuardians, vous b\u00e9n\u00e9ficiez d&rsquo;un traitement efficace et confortable. Ces slips sont dot\u00e9s de fils capteurs int\u00e9gr\u00e9s qui d\u00e9tectent rapidement l&rsquo;humidit\u00e9 et activent l&rsquo;alarme pipi au lit pour aider votre enfant \u00e0 se r\u00e9veiller et \u00e0 arr\u00eater d&rsquo;uriner. T\u00e9l\u00e9chargez l&rsquo;appli DryGuardians sur <a href=\"https:\/\/play.google.com\/store\/apps\/details?id=com.pjama&amp;hl=fr&amp;gl=FR\" target=\"_blank\" rel=\"noopener\">Google Play<\/a> ou <a href=\"https:\/\/apps.apple.com\/fr\/app\/dryguardians\/id1498084664\" target=\"_blank\" rel=\"noopener\">App Store<\/a> pour suivre les progr\u00e8s et recevoir des conseils personnalis\u00e9s tout au long du traitement.   <\/p>\n<h4 style=\"color:#072130;\">Caract\u00e9ristiques<\/h4>\n<p>Les sous-v\u00eatements Pjama DryGuardians &#8211; Briefs sont sp\u00e9cialement con\u00e7us pour les gar\u00e7ons et les filles et fonctionnent en conjonction avec l&rsquo;Alarme ou le Capteur d&rsquo;\u00e9nur\u00e9sie Pjama. Les mod\u00e8les briefs sont \u00e9quip\u00e9s de deux petits boutons \u00e0 la ceinture pour connecter le capteur. Les fils du capteur int\u00e9gr\u00e9 dans la zone de l&rsquo;entrejambe d\u00e9tectent l&rsquo;humidit\u00e9 et activent rapidement l&rsquo;alarme, garantissant ainsi un traitement s\u00fbr et efficace.  <\/p>\n<p>Les fils du capteur int\u00e9gr\u00e9 offrent une zone cible plus large et une d\u00e9tection plus pr\u00e9cise. Cela garantit des r\u00e9sultats fiables quelle que soit la position de sommeil. La conception est avantageuse pour les gar\u00e7ons comme pour les filles, car elle permet une d\u00e9tection pr\u00e9cise, qu&rsquo;ils dorment sur le dos, sur le c\u00f4t\u00e9 ou sur le ventre.  <\/p>\n<h4 style=\"color:#072130;\">Utilisation<\/h4>\n<p>Pjama DryGuardians Sous-v\u00eatements &#8211; Briefs est aussi confortable que des sous-v\u00eatements normaux, ce qui en fait un produit id\u00e9al pour la nuit. Ces mod\u00e8les briefs n&rsquo;absorbent pas les liquides ; au lieu de cela, ils fonctionnent avec l&rsquo;alarme pour rompre l&rsquo;habitude d&rsquo;uriner au lit. <\/p>\n<ul>\n<li>1 x Pjama DryGuardians Sous-v\u00eatements &#8211; Briefs <em>(alarme vendue s\u00e9par\u00e9ment)<\/em><\/li>\n<\/ul>\n<p>Il suffit de fixer le capteur \u00e0 la ceinture, de placer l&rsquo;alarme pr\u00e8s du lit et votre enfant est pr\u00eat. En cas d&rsquo;Alarme pipi au lit, les fils du capteur d\u00e9tectent imm\u00e9diatement l&rsquo;humidit\u00e9 et d\u00e9clenchent l&rsquo;alarme. L&rsquo;alarme peut \u00eatre arr\u00eat\u00e9e \u00e0 l&rsquo;aide du bouton \u00ab\u00a0ON\/OFF\u00a0\u00bb, ce qui permet \u00e0 l&rsquo;enfant d&rsquo;aller aux toilettes et de finir d&rsquo;uriner. L&rsquo;application DryGuardians peut \u00e9galement \u00eatre utilis\u00e9e avec l&rsquo;alarme pour des signaux discrets, des vibrations et le suivi des progr\u00e8s.   <\/p>\n<h4 style=\"color:#072130;\">Mat\u00e9riau<\/h4>\n<p>Les sous-v\u00eatements Pjama DryGuardians &#8211; Briefs sont fabriqu\u00e9s \u00e0 partir de tissus de haute qualit\u00e9, certifi\u00e9s Oeko-Tex, qui sont s\u00fbrs et doux pour la peau des enfants.<\/p>\n<h4 style=\"color:#072130;\">Info<\/h4>\n<ul>\n<li>Se connecte \u00e0 l&rsquo;Alarme pipi au lit de Pjama (via les boutons de la ceinture)<\/li>\n<li>Fils de capteur int\u00e9gr\u00e9s pour une plus grande pr\u00e9cision<\/li>\n<li>Confortable et doux<\/li>\n<li>Discret et pratique<\/li>\n<li>Lavable en machine \u00e0 60\u00b0C<\/li>\n<li>S\u00e9chage par culbutage<\/li>\n<li>Tailles : Enfants<\/li>\n<li>Couleur : violet<\/li>\n<\/ul>\n<p><em>D\u00e9tachez le capteur de Pjama avant le lavage.<\/em><\/p>\n<h4 style=\"color:#072130;\">L&rsquo;application DryGuardians et la clinique de l&rsquo;\u00e9nur\u00e9sie<\/h4>\n<p>L&rsquo;appli DryGuardians offre des fonctionnalit\u00e9s avanc\u00e9es pour le traitement de l&rsquo;\u00e9nur\u00e9sie :<\/p>\n<ul>\n<li>Utilisez l&rsquo;application comme unit\u00e9 sonore pour votre alarme et choisissez diff\u00e9rents signaux d&rsquo;alarme.<\/li>\n<li>Enregistrez vos r\u00e9sultats nocturnes dans le calendrier pour suivre vos progr\u00e8s et obtenir des conseils personnalis\u00e9s.<\/li>\n<li>Recevoir des conseils et un soutien continus pendant le traitement.<\/li>\n<li>Fixez des rappels dans la journ\u00e9e pour encourager les visites aux toilettes.<\/li>\n<\/ul>\n<p>L&rsquo;application est t\u00e9l\u00e9chargeable gratuitement sur <a href=\"https:\/\/play.google.com\/store\/apps\/details?id=com.pjama&amp;hl=fr&amp;gl=FR\" target=\"_blank\" rel=\"noopener\">Google Play<\/a> ou <a href=\"https:\/\/apps.apple.com\/fr\/app\/dryguardians\/id1498084664\" target=\"_blank\" rel=\"noopener\">App Store<\/a>. Pour en savoir plus sur notre clinique de l&rsquo;\u00e9nur\u00e9sie, rendez-vous sur le <a href=\"https:\/\/pjama.eu\/fr\/\">site de Pjama<\/a>. <\/p>\n<h4 style=\"color:#072130;\">Le processus de traitement &#8211; la motivation et la patience sont essentielles<\/h4>\n<p>Le traitement de l&rsquo;\u00e9nur\u00e9sie nocturne n\u00e9cessite de la motivation et de la patience, surtout au cours des premi\u00e8res semaines. Il est important de se fixer des objectifs r\u00e9alistes et de c\u00e9l\u00e9brer les progr\u00e8s accomplis. Le but ultime est d&rsquo;avoir un lit sec sans assistance. Des outils comme les sous-v\u00eatements DryGuardians de Pjama (slips &#8211; enfants), associ\u00e9s \u00e0 des alarmes et \u00e0 l&rsquo;appli DryGuardians, facilitent la t\u00e2che.  <\/p>\n<p>Les parents peuvent soutenir leurs enfants en les encourageant et en leur donnant un feedback positif. L&rsquo;appli DryGuardians fournit des astuces, des conseils et un suivi pour rendre le traitement s\u00fbr et efficace. <\/p>\n<footer>\u00a9 2024 Pjama.<\/footer>\n","protected":false},"excerpt":{"rendered":"<h3>Des mod\u00e8les briefs intelligents pour le traitement de l&rsquo;\u00e9nur\u00e9sie avec des d\u00e9tecteurs int\u00e9gr\u00e9s &#8211; une partie de la m\u00e9thode DryGuardians.<\/h3>\n<p>Les sous-v\u00eatements Pjama DryGuardians &#8211; Briefs constituent un traitement efficace et s\u00fbr de l&rsquo;\u00e9nur\u00e9sie (pipi au lit).<\/p>\n<ul>\n<li>Compatible avec l&rsquo;Alarme pipi au lit de Pjama &#8211; traitez l&rsquo;\u00e9nur\u00e9sie facilement, en toute s\u00e9curit\u00e9 et confortablement.<\/li>\n<li>Large zone cible pour une r\u00e9ponse s\u00fbre et rapide \u00e0 l&rsquo;\u00e9nur\u00e9sie.<\/li>\n<li>Aussi doux et confortable qu&rsquo;un sous-v\u00eatement ordinaire.<\/li>\n<li>Lavable en machine \u00e0 60\u00b0C et peut \u00eatre s\u00e9ch\u00e9 par culbutage.<\/li>\n<\/ul>\n<p>Achetez l&rsquo;alarme et t\u00e9l\u00e9chargez l&rsquo;<strong>application DryGuardians<\/strong>, un service de traitement gratuit pour l&rsquo;\u00e9nur\u00e9sie, sur <a href=\"https:\/\/play.google.com\/store\/apps\/details?id=com.pjama&amp;hl=fr&amp;gl=FR\">Google Play<\/a> ou <a href=\"https:\/\/apps.apple.com\/fr\/app\/dryguardians\/id1498084664\">App Store<\/a>.<\/p>\n","protected":false},"featured_media":30979,"template":"","meta":{"_et_pb_use_builder":"off","_et_pb_old_content":"<h3>Pjama Bedwetting Treatment Briefs \u2013 Effective Alarm Treatment for Bedwetting<\/h3>\r\nPjama Bedwetting Treatment Briefs are the perfect solution for both children and adults who suffer from enuresis (nighttime bedwetting).\r\nIn combination with a Pjama Bedwetting Alarm or Pjama Sensor and our DryGuardians app, you get an effective and comfortable bedwetting treatment. These bedwetting briefs feature integrated sensor wires that quickly detect moisture and activate the bedwetting alarm to help you or your child wake up and stop urination.\r\n\r\nDownload the DryGuardians app from <a href=\"https:\/\/play.google.com\/store\/apps\/details?id=com.pjama&gl=sv&hl=sv\">Google Play<\/a> or <a href=\"https:\/\/apps.apple.com\/sv\/app\/pjama\/id1498084664?mt=8&l=sv\">App Store<\/a> to track progress and receive personalized guidance throughout the treatment of nighttime enuresis.\r\n<h4>Features<\/h4>\r\nPjama Bedwetting Treatment Briefs are specially designed for both boys and girls and work in conjunction with the Pjama Bedwetting Alarm or Pjama Sensor. The briefs are equipped with two small buttons at the waistband to connect the sensor. Integrated sensor wires in the crotch area enable the alarm system to easily detect moisture and quickly activate the bedwetting alarm, helping to treat nighttime enuresis in a safe and effective way.\r\n\r\nThe integrated sensor wires in Pjama Bedwetting Treatment Briefs ensure a larger target area and more accurate detection. Practically, this means that no matter where urine hits or the sleeping position of you or your child, the alarm will reliably detect bedwetting. This is especially valuable for boys, as the area where urine first hits can vary. The same applies to girls who sleep in different positions, particularly those who often sleep on their backs.\r\n<h4>Usage<\/h4>\r\nWearing Pjama Bedwetting Treatment Briefs is as comfortable as wearing regular underwear, making them ideal for children with bedwetting. These briefs for nighttime enuresis are designed to be used with the Pjama bedwetting alarm and do not absorb fluid. The treatment focuses on breaking the habit of urinating in bed.\r\n\r\nThe package includes:\r\n<ul>\r\n \t<li>1 x Pjama Bedwetting Treatment Briefs\r\n(Note: Pjama Bedwetting Alarm sold separately.)<\/li>\r\n<\/ul>\r\nEasily snap the sensor onto the front waistband of the treatment briefs and start the bedwetting alarm, and you\u2019re ready to begin the treatment! Place the bedwetting alarm next to the bed.\r\nIf you or your child wets the bed, the sensitive integrated sensor wires in the treatment briefs quickly detect the moisture and activate the alarm. You or your child can easily stop the alarm by pressing the \"ON\/OFF\" button on the alarm's top and then go to the bathroom to finish urinating.\r\n\r\nTo use the bedwetting alarm with your smartphone, download the DryGuardians app.\r\n<h4>Material<\/h4>\r\nPjama Bedwetting Treatment Briefs are made from high-quality, Oeko-Tex certified fabrics that are safe and gentle on children's skin.\r\n<h4>Info<\/h4>\r\n<ul>\r\n \t<li><em>Connects to Pjama Bedwetting Alarm (via buttons on the front of the briefs)<\/em><\/li>\r\n \t<li><em>Integrated sensor wires for greater accuracy<\/em><\/li>\r\n \t<li><em>Comfortable and soft<\/em><\/li>\r\n \t<li><em>Discrete and practical<\/em><\/li>\r\n \t<li><em>Machine washable at 60 degrees<\/em><\/li>\r\n \t<li><em>Can be tumble dried<\/em><\/li>\r\n \t<li><em>Sizes: Children and Adults<\/em><\/li>\r\n \t<li><em>Color: Purple<\/em><\/li>\r\n<\/ul>\r\n<span style=\"color: #666666;font-size: 14px\">Remember to detach the Pjama Sensor for bedwetting alarms when not in use and before washing.<\/span>\r\n<h4>DryGuardians App and Bedwetting Clinic<\/h4>\r\nThe DryGuardians app offers advanced features for the treatment of bedwetting and nighttime enuresis:\r\n<ul>\r\n \t<li>Use the app as a sound unit for your bedwetting alarm and choose different alarm signals.<\/li>\r\n \t<li>Log the night\u2019s results in the calendar to track progress and receive personalized tips.<\/li>\r\n \t<li>Receive personalized advice and support during the treatment of enuresis.<\/li>\r\n \t<li>Set daytime alarms to remind you or your child to use the bathroom during the day.<\/li>\r\n<\/ul>\r\nThe DryGuardians app is free to download from <a href=\"https:\/\/play.google.com\/store\/apps\/details?id=com.pjama&gl=sv&hl=sv\">Google Play<\/a> or <a href=\"https:\/\/apps.apple.com\/sv\/app\/pjama\/id1498084664?mt=8&l=sv\">App Store<\/a>. Learn more about our Bedwetting Clinic and how we can help you or your child at our <a href=\"https:\/\/pjama.eu\/\">website<\/a>.\r\n<h4>The Treatment Process \u2013 Motivation and Patience are Key<\/h4>\r\nTreating nighttime enuresis requires motivation and patience, especially during the first few weeks. For both children and parents, it is important to set realistic goals and celebrate progress. Remember that a dry bed without assistance is the goal, and tools like Pjama Bedwetting Briefs and bedwetting alarms can make the journey easier.\r\n\r\nAs a parent, you can keep your child motivated by giving positive feedback and compliments. With the help of the <em>DryGuardians App<\/em>, you can receive tips and advice tailored to how your treatment progresses. This is a safe and effective path to a better daily life for both children and adults suffering from enuresis.\r\n\r\n\u00a9 2024 Pjama.","_et_gb_content_width":""},"product_brand":[],"product_cat":[336,333,371,337,313,339],"product_tag":[],"class_list":{"0":"post-24648","1":"product","2":"type-product","3":"status-publish","4":"has-post-thumbnail","6":"product_cat-traitement-du-pjama","7":"product_cat-accessoires","8":"product_cat-adulte","9":"product_cat-alarme-pipi-au-lit","10":"product_cat-les-enfants","11":"product_cat-pjamadryguardians_2025","12":"product_shipping_class-lue","13":"pa_size-10-12-ans","14":"pa_size-5-6-ans","15":"pa_size-6-8-ans","16":"pa_size-8-10-ans","17":"pa_size-grandes-dimensions","18":"pa_size-moyen","19":"pa_size-petit","21":"first","22":"instock","23":"taxable","24":"shipping-taxable","25":"purchasable","26":"product-type-variable"},"composite_virtual":false,"composite_layout":"","composite_add_to_cart_form_location":"","composite_editable_in_cart":false,"composite_sold_individually_context":"","composite_shop_price_calc":"","composite_components":[],"composite_scenarios":[],"_links":{"self":[{"href":"https:\/\/pjama.eu\/fr\/wp-json\/wp\/v2\/product\/24648","targetHints":{"allow":["GET"]}}],"collection":[{"href":"https:\/\/pjama.eu\/fr\/wp-json\/wp\/v2\/product"}],"about":[{"href":"https:\/\/pjama.eu\/fr\/wp-json\/wp\/v2\/types\/product"}],"wp:featuredmedia":[{"embeddable":true,"href":"https:\/\/pjama.eu\/fr\/wp-json\/wp\/v2\/media\/30979"}],"wp:attachment":[{"href":"https:\/\/pjama.eu\/fr\/wp-json\/wp\/v2\/media?parent=24648"}],"wp:term":[{"taxonomy":"product_brand","embeddable":true,"href":"https:\/\/pjama.eu\/fr\/wp-json\/wp\/v2\/product_brand?post=24648"},{"taxonomy":"product_cat","embeddable":true,"href":"https:\/\/pjama.eu\/fr\/wp-json\/wp\/v2\/product_cat?post=24648"},{"taxonomy":"product_tag","embeddable":true,"href":"https:\/\/pjama.eu\/fr\/wp-json\/wp\/v2\/product_tag?post=24648"}],"curies":[{"name":"wp","href":"https:\/\/api.w.org\/{rel}","templated":true}]}}