{"id":24712,"date":"2021-01-29T14:39:48","date_gmt":"2021-01-29T13:39:48","guid":{"rendered":"https:\/\/pjama.eu\/product\/haut-parleur-dalarme-pjama-dryguardians\/"},"modified":"2026-03-24T15:17:31","modified_gmt":"2026-03-24T14:17:31","slug":"haut-parleur-dalarme-pjama-dryguardians","status":"publish","type":"product","link":"https:\/\/pjama.eu\/fr\/produit\/haut-parleur-dalarme-pjama-dryguardians\/","title":{"rendered":"Haut-parleur d&rsquo;alarme Pjama DryGuardians"},"content":{"rendered":"<h3 style=\"color:#d35917;\">Haut-parleur d&rsquo;alarme Pjama DryGuardians<\/h3>\n<p>Le Haut-parleur d&rsquo;alarme Pjama DryGuardians fonctionne avec le <a href=\"https:\/\/pjama.eu\/fr\/produit\/alarme-pipi-au-lit-basic\/\">Capteur d&rsquo;alarme autonome Pjama Dry<\/a> Guardians et le <a href=\"https:\/\/pjama.eu\/fr\/produit\/pjama-dryguardians-capteur-dalarme\/\">Capteur d&rsquo;alarme Pjama DryGuardians<\/a> pour les pantalons, les shorts et les sous-v\u00eatements de traitement Pjama.<br \/>\n<a href=\"https:\/\/pjama.eu\/fr\/guide-des-tailles\/\">Guide des tailles<\/a>.<\/p>\n<h4 style=\"color:#072130;\">Fait partie du syst\u00e8me d&rsquo;alarme pipi au lit Pjama<\/h4>\n<p>Le Haut-parleur d&rsquo;alarme Pjama DryGuardians peut \u00eatre associ\u00e9 au capteur d&rsquo;alarme Pjama DryGuardians utilis\u00e9 dans les pantalons, les shorts et les sous-v\u00eatements de traitement. Avec le haut-parleur, vous pouvez s\u00e9lectionner les tonalit\u00e9s d&rsquo;alarme, r\u00e9gler le volume et l&rsquo;associer \u00e0 plusieurs capteurs. Le haut-parleur se recharge \u00e0 l&rsquo;aide du c\u00e2ble USB fourni. Pour des unit\u00e9s sonores suppl\u00e9mentaires, les parents peuvent \u00e9galement utiliser la fonction d&rsquo;alarme dans l&rsquo;appli DryGuardians.    T\u00e9l\u00e9chargez l&rsquo;<strong>application DryGuardians<\/strong> sur <a href=\"https:\/\/play.google.com\/store\/apps\/details?id=com.pjama&amp;hl=fr&amp;gl=FR\" target=\"_blank\" rel=\"noopener\">Google Play<\/a> ou <a href=\"https:\/\/apps.apple.com\/fr\/app\/dryguardians\/id1498084664\" target=\"_blank\" rel=\"noopener\">App Store<\/a>.<\/p>\n<h4 style=\"color:#072130;\">Ce produit comprend :<\/h4>\n<ul>\n<li>1 \u00d7 Haut-parleur d&rsquo;alarme Pjama DryGuardians<\/li>\n<\/ul>\n<h4 style=\"color:#072130;\">Utilisation<\/h4>\n<p>Placez le Haut-parleur d&rsquo;alarme Pjama DryGuardians \u00e0 moins de 10 m\u00e8tres du capteur pour obtenir les meilleurs r\u00e9sultats. Lorsque l&rsquo;alarme retentit, votre enfant peut l&rsquo;arr\u00eater en appuyant sur le bouton \u00ab\u00a0ON\u00a0\u00bb situ\u00e9 en haut du haut-parleur. Pour utiliser l&rsquo;alarme avec votre smartphone, t\u00e9l\u00e9chargez l&rsquo;application DryGuardians sur <a href=\"https:\/\/play.google.com\/store\/apps\/details?id=com.pjama&amp;hl=fr&amp;gl=FR\" target=\"_blank\" rel=\"noopener\">Google Play<\/a> ou <a href=\"https:\/\/apps.apple.com\/fr\/app\/dryguardians\/id1498084664\" target=\"_blank\" rel=\"noopener\">App Store<\/a>.<\/p>\n<h4 style=\"color:#072130;\">Appairage avec le capteur<\/h4>\n<p>Associez le capteur au Haut-parleur d&rsquo;alarme Pjama DryGuardians en appuyant simultan\u00e9ment sur les boutons \u00ab\u00a0volume\u00a0\u00bb et \u00ab\u00a0tonalit\u00e9\u00a0\u00bb pendant 3 secondes. Ensuite, court-circuitez le capteur en pla\u00e7ant un objet m\u00e9tallique (couteau ou ciseaux) sur les boutons, ou utilisez une goutte d&rsquo;eau sur la surface pour les capteurs sans boutons. Apr\u00e8s 3 \u00e0 5 secondes, le haut-parleur \u00e9met un son pour confirmer le succ\u00e8s de l&rsquo;appairage.  <\/p>\n<h4 style=\"color:#072130;\">Info produit<\/h4>\n<ul>\n<li><em>Couleur :<\/em> Bleu clair<\/li>\n<li><em>Dimensions (L \u00d7 H \u00d7 P) :<\/em> 11 \u00d7 7 \u00d7 3 cm<\/li>\n<li><em>Chargement :<\/em> Chargeur USB (inclus)<\/li>\n<li><em>Temps de charge :<\/em> Ordinateur : 4-6 heures \/ Adaptateur secteur 5V1.0A : 3 heures<\/li>\n<li><em>Volume :<\/em> R\u00e9glable<\/li>\n<li><em>Signaux d&rsquo;alarme :<\/em> 7 types<\/li>\n<li>Manuel complet disponible sur notre <a href=\"https:\/\/pjama.eu\/fr\/manuels-sur-les-produits\/\">site web.<\/a><\/li>\n<li>Pour en savoir plus sur l&rsquo;\u00e9nur\u00e9sie <a href=\"https:\/\/pjama.eu\/fr\/quest-ce-que-lenuresie\/\">, cliquez ici.<\/a><\/li>\n<\/ul>\n<h4 style=\"color:#072130;\">Suivez vos progr\u00e8s avec l&rsquo;application DryGuardians<\/h4>\n<p>L&rsquo;appli DryGuardians propose un calendrier pour l&rsquo;enregistrement, des fonctions d&rsquo;alarme, des signaux multiples et des conseils utiles. Vous pouvez \u00e9galement programmer des alarmes diurnes pour les enfants qui ont des fuites pendant la journ\u00e9e. L&rsquo;appli est t\u00e9l\u00e9chargeable gratuitement et vous connecte \u00e0 la clinique DryGuardians sur l&rsquo;\u00e9nur\u00e9sie, qui offre des conseils personnalis\u00e9s et des astuces de traitement. N&rsquo;oubliez pas d&rsquo;enregistrer les r\u00e9sultats tous les soirs pour suivre les progr\u00e8s et partager vos observations avec les soignants.   <\/p>\n<h4 style=\"color:#072130;\">Le traitement n\u00e9cessite de la motivation et de la patience<\/h4>\n<p>La patience est essentielle dans le traitement de l&rsquo;\u00e9nur\u00e9sie. Le but ultime est d&rsquo;obtenir un lit sec sans aide, mais le fait de fixer de petites \u00e9tapes en cours de route rend le voyage plus facile \u00e0 g\u00e9rer. Les parents jouent un r\u00f4le cl\u00e9 en gardant les enfants motiv\u00e9s par des encouragements et des commentaires positifs. Restez coh\u00e9rent et laissez le Haut-parleur d&rsquo;alarme et l&rsquo;application Pjama DryGuardians faire partie du voyage vers la s\u00e9cheresse.   <\/p>\n<footer>\u00a9 2024 Pjama.<\/footer>\n","protected":false},"excerpt":{"rendered":"<h3><span data-sheets-root=\"1\">Haut-parleur externe pour un r\u00e9veil s\u00e9curis\u00e9 avec l&rsquo;alarme &#8211; fait partie de la m\u00e9thode DryGuardians<\/span><\/h3>\n<p>Un haut-parleur suppl\u00e9mentaire pour les Alarme pipi au lit de Pjama.<\/p>\n<p>Fonctionne avec l&rsquo;Alarme pipi au lit Pjama Connect et le capteur d&rsquo;alarme Pjama DryGuardians pour le traitement des pantalons, des shorts, des cale\u00e7ons et des boxers.<\/p>\n","protected":false},"featured_media":31203,"template":"","meta":{"_et_pb_use_builder":"off","_et_pb_old_content":"<h3>Pjama Speaker<\/h3>\r\nThe Pjama Speaker works with both the <a href=\"https:\/\/pjama.se\/sangvatningslarm\/\">Pjama Connect Bedwetting Alarm<\/a> and the <a href=\"https:\/\/pjama.se\/produkter\/pjama-sensor\/\">Pjama Sensor<\/a> for Pjama treatment pants, shorts, and underwear.\r\n<h4>Part of the Pjama Bedwetting Alarm System<\/h4>\r\nThe Pjama Speaker can be connected to the Pjama Sensor used with treatment pants, shorts, and underwear from Pjama. With the Pjama Speaker, you can choose the alarm signal, adjust the volume, and pair it with different sensors from Pjama. The speaker is charged using the included USB cable. If you want an additional sound unit to, for example, wake you as a parent, you can use the alarm function in the DryGuardians App on your phone. Download the <em>DryGuardians App<\/em> from <a href=\"https:\/\/play.google.com\/store\/apps\/details?id=com.pjama&gl=sv&hl=sv\">Google Play<\/a> or <a href=\"https:\/\/apps.apple.com\/sv\/app\/pjama\/id1498084664?mt=8&l=sv\">App Store<\/a>.\r\n<h4>This Product Includes:<\/h4>\r\n<ul>\r\n \t<li>1 x Pjama Speaker<\/li>\r\n<\/ul>\r\n<h4>Usage<\/h4>\r\nDuring treatment, place the Pjama Speaker within 10 meters of the sensor for best results. When the alarm sounds, your child can easily turn off the alarm by pressing the \"ON\" button on the top of the speaker. To use the bedwetting alarm with your smartphone, you need to download the DryGuardians App from <a href=\"https:\/\/play.google.com\/store\/apps\/details?id=com.pjama\">Google Play<\/a> or <a href=\"https:\/\/apps.apple.com\/se\/app\/pjama\/id1498084664\">App Store<\/a>.\r\n<h4>Pairing with Sensor<\/h4>\r\nPair the sensor with the Pjama Speaker by pressing the \"volume\" and \"tone\" buttons on the speaker unit simultaneously for 3 seconds. Then short-circuit the sensor by placing a metal object such as a knife or scissors on the sensor buttons, or by placing a drop of water on the sensor surface if you have a buttonless sensor. Let the metal object stay on the sensor for about 3-5 seconds, and the speaker will indicate that the sensor is paired by sounding the alarm.\r\n<h4>Product Info<\/h4>\r\n<ul>\r\n \t<li><em>Color: Light Blue<\/em><\/li>\r\n \t<li><em>Dimensions (w-h-d): 11 x 7 x 3 cm<\/em><\/li>\r\n \t<li>Charging: Charges with a USB charger (included)<\/li>\r\n \t<li>Charging time (full charge): Via Computer: 4-6 hrs. Via AC Adapter 5V1.0A: 3 hrs<\/li>\r\n \t<li>Volume: Adjustable<\/li>\r\n \t<li>Alarm Signals: 7 types<\/li>\r\n \t<li>The full manual for the Pjama bedwetting alarm can be found on our <a href=\"https:\/\/pjama.se\/produkt-manualer\/\">website<\/a>.<\/li>\r\n \t<li>Learn more about bedwetting <a href=\"https:\/\/www.rikshandboken-bhv.se\/pediatrik\/uro-genitalt\/sangvatning-hos-barn\/\">here<\/a>.<\/li>\r\n<\/ul>\r\n<h4>Track Your Progress with the DryGuardians App<\/h4>\r\nThe DryGuardians App includes several features. You get access to a calendar for logging, alarm functions, different alarm signals, and general tips and advice to assist with bedwetting treatment. It\u2019s also possible to set daytime alarms for children who experience leaks during the day. The DryGuardians App is free to download from <a href=\"https:\/\/play.google.com\/store\/apps\/details?id=com.pjama&gl=sv&hl=sv\">Google Play<\/a> or <a href=\"https:\/\/apps.apple.com\/sv\/app\/pjama\/id1498084664?mt=8&l=sv\">App Store<\/a>. DryGuardians Bedwetting Clinic gives you personalized tips and guidance through the app during your bedwetting treatment.\r\n\r\nDon\u2019t forget to log the night\u2019s results in the DryGuardians app to keep track of your or your child\u2019s progress. Learn more about the DryGuardians app and bedwetting clinic on our <a href=\"https:\/\/pjama.se\/pjama-sangvatningsklinik\/\">website<\/a>.\r\n<h4>Treatment is a Process Where Motivation and Patience are Key<\/h4>\r\nPatience is key! For faster and long-lasting improvement, patience and motivation are required. If you are a new Pjama user, it\u2019s helpful to keep your ultimate goal in mind \u2013 a dry bed without assistance. If your end goal feels far away, you can set smaller milestones along the way. If you are a parent of a child using Pjama treatment, it\u2019s important to keep the child motivated as well. Provide positive feedback and compliments. If you are motivated, your child will be too! Let Pjama be part of the journey to help your child stay dry!\r\n\r\n\u00a0","_et_gb_content_width":""},"product_brand":[],"product_cat":[317],"product_tag":[],"class_list":{"0":"post-24712","1":"product","2":"type-product","3":"status-publish","4":"has-post-thumbnail","6":"product_cat-accessoires_2025","7":"product_shipping_class-lue","9":"first","10":"instock","11":"taxable","12":"shipping-taxable","13":"purchasable","14":"product-type-simple"},"composite_virtual":false,"composite_layout":"","composite_add_to_cart_form_location":"","composite_editable_in_cart":false,"composite_sold_individually_context":"","composite_shop_price_calc":"","composite_components":[],"composite_scenarios":[],"_links":{"self":[{"href":"https:\/\/pjama.eu\/fr\/wp-json\/wp\/v2\/product\/24712","targetHints":{"allow":["GET"]}}],"collection":[{"href":"https:\/\/pjama.eu\/fr\/wp-json\/wp\/v2\/product"}],"about":[{"href":"https:\/\/pjama.eu\/fr\/wp-json\/wp\/v2\/types\/product"}],"wp:featuredmedia":[{"embeddable":true,"href":"https:\/\/pjama.eu\/fr\/wp-json\/wp\/v2\/media\/31203"}],"wp:attachment":[{"href":"https:\/\/pjama.eu\/fr\/wp-json\/wp\/v2\/media?parent=24712"}],"wp:term":[{"taxonomy":"product_brand","embeddable":true,"href":"https:\/\/pjama.eu\/fr\/wp-json\/wp\/v2\/product_brand?post=24712"},{"taxonomy":"product_cat","embeddable":true,"href":"https:\/\/pjama.eu\/fr\/wp-json\/wp\/v2\/product_cat?post=24712"},{"taxonomy":"product_tag","embeddable":true,"href":"https:\/\/pjama.eu\/fr\/wp-json\/wp\/v2\/product_tag?post=24712"}],"curies":[{"name":"wp","href":"https:\/\/api.w.org\/{rel}","templated":true}]}}