{"id":24733,"date":"2022-12-15T14:31:34","date_gmt":"2022-12-15T13:31:34","guid":{"rendered":"https:\/\/pjama.eu\/product\/pjama-montre-alarme-vibrante-noir\/"},"modified":"2026-03-30T10:13:09","modified_gmt":"2026-03-30T08:13:09","slug":"montre-rappel-toilettes","status":"publish","type":"product","link":"https:\/\/pjama.eu\/fr\/produit\/montre-rappel-toilettes\/","title":{"rendered":"Pjama Montre alarme vibrante &#8211; Noir"},"content":{"rendered":"<h3 style=\"color: #d35917;\">Montre Rappel Toilettes Pjama &#8211; Alarme Vibrante Noire<\/h3>\n<p>D\u00e9couvrez la montre rappel toilettes Pjama, une solution \u00e9l\u00e9gante contre les fuites urinaires diurnes. Cette montre alarme vibrante sert de rappel automatique pour aller aux toilettes.<\/p>\n<ul>\n<li>\u00c9cran num\u00e9rique LED.<\/li>\n<li>La montre indique l&rsquo;heure comme une montre ordinaire.<\/li>\n<li>L&rsquo;alarme peut \u00eatre r\u00e9gl\u00e9e pour un maximum de 8 intervalles par jour.<\/li>\n<li>Le bracelet est en silicone souple et flexible, ajustable \u00e0 la bonne taille.<\/li>\n<li>Chargement via Micro USB.<\/li>\n<li>La batterie d&rsquo;une montre enti\u00e8rement charg\u00e9e peut durer de 6 \u00e0 15 jours.<\/li>\n<\/ul>\n<p>Lorsque la montre vibrante n&rsquo;est plus n\u00e9cessaire pour les rappels de toilettes, elle fonctionne parfaitement comme une montre-bracelet ordinaire.<\/p>\n<h4 style=\"color: #072130;\">Utilisation quotidienne<\/h4>\n<p>La montre rappel toilettes Pjama est con\u00e7ue pour les enfants et adultes souffrant d&rsquo;incontinence ou d&rsquo;\u00e9nur\u00e9sie ayant besoin d&rsquo;un rappel r\u00e9gulier pour se rendre aux toilettes en journ\u00e9e.<\/p>\n<ul>\n<li>Appuyez une fois sur la touche Heure\/Alarme pour afficher l&rsquo;heure.<\/li>\n<li>Appuyez deux fois sur le bouton Heure\/Alarme pour v\u00e9rifier la charge de la batterie (de 0 \u00e0 100 %).<\/li>\n<li>La vibration peut \u00eatre arr\u00eat\u00e9e imm\u00e9diatement en appuyant sur un bouton, ou s&rsquo;arr\u00eatera automatiquement apr\u00e8s 60 secondes.<\/li>\n<\/ul>\n<p>Discr\u00e8te et efficace, cette montre rappel toilettes \u00e9met des vibrations pour signaler le moment id\u00e9al pour une visite aux WC, favorisant ainsi l&rsquo;autonomie.<\/p>\n<h4 style=\"color: #072130;\">Recharger la montre<\/h4>\n<p>Retirez la montre de sa housse en silicone et connectez le port USB de la montre \u00e0 votre banque d&rsquo;alimentation (5V) ou \u00e0 votre ordinateur portable. Un voyant bleu indique que la montre est en cours de chargement. Lorsque la montre est charg\u00e9e \u00e0 100 %, le voyant bleu reste allum\u00e9. La batterie en pleine charge peut durer de 6 \u00e0 15 jours. Facile \u00e0 param\u00e9trer, la montre rappel toilettes Pjama est un outil durable pour accompagner les enfants et les adultes vers une meilleure gestion de leur vessie.   <\/p>\n<h4 style=\"color: #072130;\">D\u00e9tails<\/h4>\n<p>Alimentation : DC 5V, Entr\u00e9e de chargement : Micro USB, Plage de temp\u00e9rature de fonctionnement : 0 \u00e0 45\u00b0Celcius.<\/p>\n<h4 style=\"color: #072130;\">Conseils pour les enfants souffrant d&rsquo;incontinence urinaire diurne<\/h4>\n<p>L&rsquo;\u00e9nur\u00e9sie diurne est un probl\u00e8me courant chez les enfants. Environ 3 \u00e0 4 % des enfants \u00e2g\u00e9s de 3 \u00e0 12 ans ont r\u00e9guli\u00e8rement des fuites urinaires pendant la journ\u00e9e, mais ce probl\u00e8me peut \u00eatre r\u00e9duit gr\u00e2ce \u00e0 un soutien ad\u00e9quat. <\/p>\n<ul>\n<li>Encouragez l&rsquo;enfant \u00e0 aller r\u00e9guli\u00e8rement aux toilettes, m\u00eame s&rsquo;il n&rsquo;en ressent pas le besoin.<\/li>\n<li>Pr\u00e9voyez des heures fixes pour les toilettes et veillez \u00e0 ce que l&rsquo;enfant vide compl\u00e8tement sa vessie.<\/li>\n<li>Un journal des mictions peut aider \u00e0 suivre les habitudes et \u00e0 am\u00e9liorer le contr\u00f4le de la vessie.<\/li>\n<li>Ne punissez jamais l&rsquo;enfant en cas d&rsquo;accident. Au contraire, encouragez-le et renforcez sa confiance en lui.<\/li>\n<li>Veillez \u00e0 ce que l&rsquo;enfant boive suffisamment d&rsquo;eau pour maintenir une bonne hydratation et aller aux toilettes.<\/li>\n<li>Utiliser une montre rappel toilettes Pjama est une aide pr\u00e9cieuse pour l&rsquo;enfant, lui permettant d&rsquo;aller aux toilettes de mani\u00e8re autonome, m\u00eame \u00e0 l&rsquo;\u00e9cole ou en dehors de la maison.<\/li>\n<\/ul>\n<h4 style=\"color: #072130;\">Que faire si votre enfant fait pipi au lit la nuit ?<\/h4>\n<p>Le terme m\u00e9dical pour l&rsquo;\u00e9nur\u00e9sie nocturne est l&rsquo;\u00e9nur\u00e9sie nocturne. Les experts estiment que jusqu&rsquo;\u00e0 160 millions de personnes dans le monde souffrent d&rsquo;\u00e9nur\u00e9sie nocturne. L&rsquo;\u00e9nur\u00e9sie nocturne peut avoir des r\u00e9percussions importantes sur les familles. Toutefois, il existe quelques conseils pour g\u00e9rer ce probl\u00e8me :   <\/p>\n<ul>\n<li>L&rsquo;\u00e9nur\u00e9sie n&rsquo;est pas la faute de votre enfant. Ne punissez jamais l&rsquo;enfant et ne le taquinez pas. <\/li>\n<li>Laissez l&rsquo;enfant boire ce qu&rsquo;il veut. Des recherches su\u00e9doises ont montr\u00e9 que cela n&rsquo;avait que peu d&rsquo;impact sur les traitements d&rsquo;Alarme pipi au lit. <\/li>\n<li>Utilisez le <a href=\"https:\/\/pjama.eu\/fr\/pantalon-anti-pipi-au-lit\/\">Pjama<\/a> lorsque l&rsquo;enfant dort, \u00e0 la maison comme \u00e0 l&rsquo;ext\u00e9rieur.<\/li>\n<li>Pour pr\u00e9venir efficacement les accidents et fuites urinaires diurnes, la montre rappel toilettes Pjama est l&rsquo;accessoire indispensable au quotidien.<\/li>\n<li>T\u00e9l\u00e9chargez notre <a href=\"https:\/\/pjama.eu\/fr\/alarme-pipi-au-lit-application\/\">appli DryGuardians<\/a> pour utiliser le calendrier et suivre les progr\u00e8s r\u00e9alis\u00e9s. Cette application sera \u00e9galement utile pour contacter un m\u00e9decin. <\/li>\n<li>Parlez-en ! Beaucoup d&rsquo;adultes et d&rsquo;enfants souffrent d&rsquo;\u00e9nur\u00e9sie, mais personne n&rsquo;en parle. <\/li>\n<\/ul>\n<h4 style=\"color: #072130;\">Vous voulez en savoir plus ?<\/h4>\n<p>Pour en savoir plus sur l&rsquo;\u00e9nur\u00e9sie, consultez la rubrique <a href=\"https:\/\/pjama.eu\/fr\/quest-ce-que-lenuresie\/\">Qu&rsquo;est-ce que l&rsquo;\u00e9nur\u00e9sie ?<\/a><\/p>\n","protected":false},"excerpt":{"rendered":"<h4><span data-sheets-root=\"1\">Pjama Montre alarme vibrante &#8211; Noir &#8211; rappels diurnes pour les visites aux toilettes ou la prise de m\u00e9dicaments<\/span><\/h4>\n<p>Une Pjama Montre alarme vibrante \u00e9l\u00e9gante et moderne &#8211; Noire utilis\u00e9e pour les fuites urinaires diurnes comme rappel pour aller aux toilettes ou pour d&rsquo;autres rappels.<\/p>\n<ul>\n<li>\u00c9cran num\u00e9rique LED.<\/li>\n<li>La montre indique l&rsquo;heure comme une montre ordinaire.<\/li>\n<li>L&rsquo;alarme peut \u00eatre r\u00e9gl\u00e9e pour un maximum de 8 intervalles par jour.<\/li>\n<li>Le bracelet est en silicone souple et flexible, ajustable \u00e0 la bonne taille.<\/li>\n<li>Chargement via Micro USB.<\/li>\n<li>La batterie d&rsquo;une montre enti\u00e8rement charg\u00e9e peut durer de 6 \u00e0 15 jours.<\/li>\n<\/ul>\n<p>Lorsque la montre n&rsquo;est plus n\u00e9cessaire pour rappeler les visites aux toilettes, elle fonctionne parfaitement comme une montre-bracelet ordinaire.<\/p>\n","protected":false},"featured_media":24735,"template":"","meta":{"_et_pb_use_builder":"","_et_pb_old_content":"","_et_gb_content_width":""},"product_brand":[],"product_cat":[315,317,313],"product_tag":[],"class_list":{"0":"post-24733","1":"product","2":"type-product","3":"status-publish","4":"has-post-thumbnail","6":"product_cat-pjama-montre-alarme-vibrante","7":"product_cat-accessoires_2025","8":"product_cat-les-enfants","9":"product_shipping_class-lue","11":"first","12":"instock","13":"taxable","14":"shipping-taxable","15":"purchasable","16":"product-type-simple"},"composite_virtual":false,"composite_layout":"","composite_add_to_cart_form_location":"","composite_editable_in_cart":false,"composite_sold_individually_context":"","composite_shop_price_calc":"","composite_components":[],"composite_scenarios":[],"_links":{"self":[{"href":"https:\/\/pjama.eu\/fr\/wp-json\/wp\/v2\/product\/24733","targetHints":{"allow":["GET"]}}],"collection":[{"href":"https:\/\/pjama.eu\/fr\/wp-json\/wp\/v2\/product"}],"about":[{"href":"https:\/\/pjama.eu\/fr\/wp-json\/wp\/v2\/types\/product"}],"wp:featuredmedia":[{"embeddable":true,"href":"https:\/\/pjama.eu\/fr\/wp-json\/wp\/v2\/media\/24735"}],"wp:attachment":[{"href":"https:\/\/pjama.eu\/fr\/wp-json\/wp\/v2\/media?parent=24733"}],"wp:term":[{"taxonomy":"product_brand","embeddable":true,"href":"https:\/\/pjama.eu\/fr\/wp-json\/wp\/v2\/product_brand?post=24733"},{"taxonomy":"product_cat","embeddable":true,"href":"https:\/\/pjama.eu\/fr\/wp-json\/wp\/v2\/product_cat?post=24733"},{"taxonomy":"product_tag","embeddable":true,"href":"https:\/\/pjama.eu\/fr\/wp-json\/wp\/v2\/product_tag?post=24733"}],"curies":[{"name":"wp","href":"https:\/\/api.w.org\/{rel}","templated":true}]}}