{"id":24750,"date":"2022-12-15T14:22:15","date_gmt":"2022-12-15T13:22:15","guid":{"rendered":"https:\/\/pjama.eu\/product\/pjama-montre-alarme-vibrante-rose\/"},"modified":"2026-03-31T11:20:49","modified_gmt":"2026-03-31T09:20:49","slug":"montre-rappel-toilettes-rose","status":"publish","type":"product","link":"https:\/\/pjama.eu\/fr\/produit\/montre-rappel-toilettes-rose\/","title":{"rendered":"Pjama Montre alarme vibrante &#8211; Rose"},"content":{"rendered":"<h3 style=\"color: #d35917;\">Montre rappel toilettes rose &#8211; Pjama Montre alarme vibrante<\/h3>\n<p>La montre rappel toilettes rose Pjama est une montre alarme vibrante \u00e9l\u00e9gante con\u00e7ue pour g\u00e9rer les fuites urinaires diurnes. Elle sert de rappel discret pour aller aux toilettes ou pour d&rsquo;autres t\u00e2ches quotidiennes. L&rsquo;alarme peut \u00eatre r\u00e9gl\u00e9e pour un maximum de 8 intervalles par jour. Le bracelet est en silicone souple et flexible, ajustable \u00e0 la bonne taille. Cette montre rappel toilettes rose Pjama int\u00e8gre un \u00e9cran digital LED moderne et lisible. Cette montre vibrante rose est l&rsquo;outil de rappel id\u00e9al pour favoriser l&rsquo;autonomie des enfants. <\/p>\n<p>La montre indique l&rsquo;heure comme une montre ordinaire. La montre rappel toilettes rose Pjama aide enfants et adultes \u00e0 vider leur vessie r\u00e9guli\u00e8rement ou \u00e0 ne pas oublier leurs prises de m\u00e9dicaments. Elle agit comme une montre-bracelet vibrante de rappel, garantissant une utilisation discr\u00e8te et efficace \u00e0 l&rsquo;\u00e9cole ou au travail. <\/p>\n<h4 style=\"color: #072130;\">Utilisation de la montre rappel toilettes bleue<\/h4>\n<p>Polyvalente, la montre rappel toilettes rose accompagne ceux qui souffrent d&rsquo;incontinence diurne en signalant pr\u00e9cis\u00e9ment quand se rendre aux toilettes.<\/p>\n<ul>\n<li>Appuyez une fois sur la touche Heure\/Alarme pour afficher l&rsquo;heure.<\/li>\n<li>Appuyez deux fois sur le bouton Heure\/Alarme pour v\u00e9rifier la charge de la batterie (de 0 \u00e0 100 %).<\/li>\n<li>La vibration peut \u00eatre arr\u00eat\u00e9e imm\u00e9diatement en appuyant sur un bouton, ou s&rsquo;arr\u00eatera automatiquement apr\u00e8s 60 secondes.<\/li>\n<\/ul>\n<p>Gr\u00e2ce \u00e0 ses vibrations silencieuses, cette montre de rappel rose alerte l&rsquo;enfant en toute confidentialit\u00e9 sans attirer l&rsquo;attention de ses camarades.<\/p>\n<h4 style=\"color: #072130;\">Comment recharger votre montre rappel toilettes bleue<\/h4>\n<p>Retirez simplement le module de la montre rappel toilettes rose de son bracelet en silicone et connectez le port USB de la montre \u00e0 votre banque d&rsquo;alimentation (5V) ou \u00e0 votre ordinateur portable. Lorsque le c\u00e2ble USB est connect\u00e9, un voyant bleu indique que la montre est en cours de chargement. Lorsque la montre est enti\u00e8rement charg\u00e9e (100 %), le voyant bleu reste allum\u00e9.   La batterie d&rsquo;une montre enti\u00e8rement charg\u00e9e peut durer de 6 \u00e0 15 jours. Durable et ergonomique, notre montre rappel toilettes bleu clair s&rsquo;adapte parfaitement au quotidien des petits et des grands.<\/p>\n<h4 style=\"color: #072130;\">D\u00e9tails<\/h4>\n<p>Source d&rsquo;alimentation : DC 5V, Entr\u00e9e de chargement : Micro USB, Temp\u00e9rature de fonctionnement : 0 \u00e0 45\u00b0 Celsius.<\/p>\n<h4 style=\"color: #072130;\">Conseils pour les enfants souffrant d&rsquo;incontinence urinaire diurne<\/h4>\n<p>Les accidents diurnes chez les enfants sont fr\u00e9quents. Environ 3 \u00e0 4 % des enfants \u00e2g\u00e9s de 3 \u00e0 12 ans ont des fuites urinaires r\u00e9guli\u00e8res pendant la journ\u00e9e, mais elles peuvent dispara\u00eetre avec un soutien ad\u00e9quat. <\/p>\n<ul>\n<li>Encouragez l&rsquo;enfant \u00e0 aller r\u00e9guli\u00e8rement aux toilettes, m\u00eame s&rsquo;il n&rsquo;en ressent pas le besoin.<\/li>\n<li>Pr\u00e9voyez des heures fixes pour les visites aux toilettes et veillez \u00e0 ce que l&rsquo;enfant vide compl\u00e8tement sa vessie.<\/li>\n<li>Un journal d&rsquo;urine peut aider \u00e0 suivre les habitudes et \u00e0 am\u00e9liorer le contr\u00f4le de la miction.<\/li>\n<li>Ne punissez jamais l&rsquo;enfant en cas d&rsquo;accident &#8211; encouragez-le et renforcez sa confiance en lui.<\/li>\n<li>Veillez \u00e0 ce que l&rsquo;enfant boive suffisamment pour maintenir un bon \u00e9quilibre hydrique et faciliter sa toilette.<\/li>\n<li>Une montre rappel toilettes rose est l&rsquo;outil parfait pour automatiser les passages aux WC, surtout quand l&rsquo;enfant est \u00e0 l&rsquo;\u00e9cole ou en autonomie.<\/li>\n<\/ul>\n<h4 style=\"color: #072130;\">Si votre enfant fait pipi au lit la nuit<\/h4>\n<p>Le terme m\u00e9dical pour l&rsquo;\u00e9nur\u00e9sie nocturne est l&rsquo;\u00e9nur\u00e9sie nocturne. Les experts estiment que jusqu&rsquo;\u00e0 160 millions de personnes dans le monde souffrent d&rsquo;\u00e9nur\u00e9sie nocturne. L&rsquo;\u00e9nur\u00e9sie nocturne peut avoir des r\u00e9percussions importantes sur les familles, mais il existe des conseils pour g\u00e9rer ce probl\u00e8me. Voici quelques suggestions utiles :   <\/p>\n<ul>\n<li>L&rsquo;\u00e9nur\u00e9sie n&rsquo;est pas la faute de votre enfant. Ne le punissez pas et ne le taquinez pas. <\/li>\n<li>Laissez l&rsquo;enfant boire autant qu&rsquo;il le souhaite. Des recherches su\u00e9doises ont montr\u00e9 que cela n&rsquo;avait que peu d&rsquo;effet sur les traitements d&rsquo;Alarme pipi au lit. <\/li>\n<li>Utilisez le <a href=\"https:\/\/pjama.eu\/fr\/pantalon-anti-pipi-au-lit\/\">Pjama<\/a> lorsque l&rsquo;enfant dort, \u00e0 la maison comme \u00e0 l&rsquo;ext\u00e9rieur.<\/li>\n<li>Pour mieux g\u00e9rer les accidents en journ\u00e9e, privil\u00e9giez la montre rappel toilettes rose Pjama.<\/li>\n<li>T\u00e9l\u00e9chargez notre <a href=\"https:\/\/pjama.eu\/fr\/alarme-pipi-au-lit-application\/\">appli DryGuardians<\/a> pour utiliser le calendrier et suivre vos progr\u00e8s. Cela vous sera \u00e9galement utile si vous contactez un m\u00e9decin.<\/li>\n<li>Parlez-en ! Beaucoup d&rsquo;adultes et d&rsquo;enfants souffrent d&rsquo;\u00e9nur\u00e9sie, mais personne n&rsquo;en parle. <\/li>\n<\/ul>\n<h4 style=\"color: #072130;\">Vous voulez en savoir plus ?<\/h4>\n<p>Vous pouvez en savoir plus sur l&rsquo;\u00e9nur\u00e9sie sur notre page : <a href=\"https:\/\/pjama.eu\/fr\/quest-ce-que-lenuresie\/\">Qu&rsquo;est-ce que l&rsquo;\u00e9nur\u00e9sie ?<\/a><\/p>\n","protected":false},"excerpt":{"rendered":"<h4><span data-sheets-root=\"1\">Pjama Montre alarme vibrante discr\u00e8te rose &#8211; rappels diurnes pour les visites aux toilettes ou la prise de m\u00e9dicaments<\/span><\/h4>\n<p>La montre rappel toilettes rose Pjama est une montre alarme vibrante \u00e9l\u00e9gante con\u00e7ue pour g\u00e9rer les fuites urinaires diurnes. Elle sert de rappel discret pour aller aux toilettes ou pour d&rsquo;autres t\u00e2ches quotidiennes.<\/p>\n<ul>\n<li>\u00c9cran num\u00e9rique LED.<\/li>\n<li>La montre affiche l&rsquo;heure comme une montre ordinaire.<\/li>\n<li>L&rsquo;alarme peut \u00eatre r\u00e9gl\u00e9e pour un maximum de 8 intervalles d&rsquo;alarme par jour.<\/li>\n<li>Le bracelet est en silicone souple et flexible, ajustable \u00e0 la bonne taille.<\/li>\n<li>Chargement par Micro USB.<\/li>\n<li>Une batterie enti\u00e8rement charg\u00e9e peut durer de 6 \u00e0 15 jours.<\/li>\n<\/ul>\n<p>Une fois que la montre n&rsquo;est plus n\u00e9cessaire pour rappeler les visites aux toilettes, elle peut \u00eatre utilis\u00e9e comme une montre-bracelet ordinaire.<\/p>\n","protected":false},"featured_media":24752,"template":"","meta":{"_et_pb_use_builder":"","_et_pb_old_content":"","_et_gb_content_width":""},"product_brand":[],"product_cat":[315,317,313],"product_tag":[],"class_list":{"0":"post-24750","1":"product","2":"type-product","3":"status-publish","4":"has-post-thumbnail","6":"product_cat-pjama-montre-alarme-vibrante","7":"product_cat-accessoires_2025","8":"product_cat-les-enfants","9":"product_shipping_class-lue","11":"first","12":"instock","13":"taxable","14":"shipping-taxable","15":"purchasable","16":"product-type-simple"},"composite_virtual":false,"composite_layout":"","composite_add_to_cart_form_location":"","composite_editable_in_cart":false,"composite_sold_individually_context":"","composite_shop_price_calc":"","composite_components":[],"composite_scenarios":[],"_links":{"self":[{"href":"https:\/\/pjama.eu\/fr\/wp-json\/wp\/v2\/product\/24750","targetHints":{"allow":["GET"]}}],"collection":[{"href":"https:\/\/pjama.eu\/fr\/wp-json\/wp\/v2\/product"}],"about":[{"href":"https:\/\/pjama.eu\/fr\/wp-json\/wp\/v2\/types\/product"}],"wp:featuredmedia":[{"embeddable":true,"href":"https:\/\/pjama.eu\/fr\/wp-json\/wp\/v2\/media\/24752"}],"wp:attachment":[{"href":"https:\/\/pjama.eu\/fr\/wp-json\/wp\/v2\/media?parent=24750"}],"wp:term":[{"taxonomy":"product_brand","embeddable":true,"href":"https:\/\/pjama.eu\/fr\/wp-json\/wp\/v2\/product_brand?post=24750"},{"taxonomy":"product_cat","embeddable":true,"href":"https:\/\/pjama.eu\/fr\/wp-json\/wp\/v2\/product_cat?post=24750"},{"taxonomy":"product_tag","embeddable":true,"href":"https:\/\/pjama.eu\/fr\/wp-json\/wp\/v2\/product_tag?post=24750"}],"curies":[{"name":"wp","href":"https:\/\/api.w.org\/{rel}","templated":true}]}}