{"id":24771,"date":"2021-01-29T14:15:16","date_gmt":"2021-01-29T13:15:16","guid":{"rendered":"https:\/\/pjama.eu\/product\/pjama-dryguardians-capteur-dalarme\/"},"modified":"2026-03-24T15:20:50","modified_gmt":"2026-03-24T14:20:50","slug":"pjama-dryguardians-capteur-dalarme","status":"publish","type":"product","link":"https:\/\/pjama.eu\/fr\/produit\/pjama-dryguardians-capteur-dalarme\/","title":{"rendered":"Pjama DryGuardians Capteur d&rsquo;alarme"},"content":{"rendered":"<h3 style=\"color:#d35917;\">Pjama DryGuardians Capteur d&rsquo;alarme<\/h3>\n<h4 style=\"color:#072130;\">Traitement par capteur et application<\/h4>\n<p>Les alarmes pipi au lit sont un outil efficace pour traiter l&rsquo;\u00e9nur\u00e9sie nocturne et le pipi au lit chez les enfants et les adultes. Les recherches montrent qu&rsquo;environ 70 % des personnes qui suivent un traitement \u00e0 l&rsquo;aide d&rsquo;une Alarme pipi lit sont compl\u00e8tement gu\u00e9ries, \u00e0 condition qu&rsquo;elles restent motiv\u00e9es et suivent le traitement de mani\u00e8re coh\u00e9rente pendant toute la p\u00e9riode. <\/p>\n<p>Le capteur d&rsquo;alarme Pjama DryGuardians fonctionne avec tous les v\u00eatements de traitement Pjama, y compris les pantalons, les shorts et les sous-v\u00eatements <em>(vendus s\u00e9par\u00e9ment).<\/em><\/p>\n<p>Le syst\u00e8me se compose d&rsquo;un capteur qui se fixe sur les v\u00eatements Pjama et s&rsquo;utilise avec un smartphone ex\u00e9cutant l&rsquo;application DryGuardians. Lorsque le capteur d\u00e9tecte de l&rsquo;humidit\u00e9, l&rsquo;alarme se d\u00e9clenche sur le t\u00e9l\u00e9phone et r\u00e9veille l&rsquo;utilisateur. Une utilisation r\u00e9guli\u00e8re permet de rompre avec l&rsquo;habitude de faire pipi au lit (\u00e9nur\u00e9sie nocturne).  <\/p>\n<p>Avec le <a href=\"https:\/\/pjama.eu\/fr\/produit\/pjama-dryguardians-pour-les-enfants-souffrant-denuresie-frequente-short\/\">kit de traitement<\/a> Pjama, qui comprend des pantalons ou des shorts de traitement gris, vous b\u00e9n\u00e9ficiez \u00e0 la fois d&rsquo;une protection et d&rsquo;un traitement. Les v\u00eatements gardent le lit sec tandis que l&rsquo;alarme aide \u00e0 \u00e9tablir de nouvelles habitudes. Pour les s\u00e9jours d&rsquo;une nuit, l&rsquo;application DryGuardians permet des vibrations discr\u00e8tes au lieu d&rsquo;alarmes bruyantes, ce qui est id\u00e9al pour les enfants qui veulent participer \u00e0 des soir\u00e9es pyjama sans interrompre le traitement.  <\/p>\n<h4 style=\"color:#072130;\">Comment fonctionne le capteur alarme Pjama DryGuardians ?<\/h4>\n<p>Le capteur et le smartphone agissent ensemble comme un syst\u00e8me d&rsquo;alarme pipi lit complet, con\u00e7u pour aider les enfants et les adultes. Le capteur se fixe aux v\u00eatements de Pjama et se connecte \u00e0 l&rsquo;appli DryGuardians. Il s&rsquo;active au contact de l&rsquo;humidit\u00e9, interrompant imm\u00e9diatement l&rsquo;\u00e9nur\u00e9sie et apprenant au cerveau \u00e0 r\u00e9pondre aux signaux du corps.  <\/p>\n<p>Les v\u00eatements sont dot\u00e9s de fils de d\u00e9tection cousus, ce qui augmente la zone de d\u00e9tection. Cela garantit une d\u00e9tection fiable, quelle que soit la localisation de l&rsquo;urine ou la position de sommeil. Cette caract\u00e9ristique est particuli\u00e8rement utile pour les gar\u00e7ons, mais tout aussi efficace pour les filles, en particulier celles qui dorment souvent sur le dos.  <\/p>\n<h4 style=\"color:#072130;\">Caract\u00e9ristiques et avantages<\/h4>\n<ul>\n<li><strong>Traitement efficace :<\/strong> Il convient aux enfants et aux adultes souffrant d&rsquo;\u00e9nur\u00e9sie nocturne.<\/li>\n<li><strong>Id\u00e9al pour les s\u00e9jours d&rsquo;une nuit :<\/strong> Utilisez le capteur avec l&rsquo;appli DryGuardians pour un traitement discret.<\/li>\n<li><strong>Connexion sans fil :<\/strong> Le t\u00e9l\u00e9phone peut \u00eatre plac\u00e9 \u00e0 une distance de 5 \u00e0 20 m\u00e8tres, selon le mod\u00e8le.<\/li>\n<li><strong>Notifications aux parents :<\/strong> Reliez l&rsquo;alarme au t\u00e9l\u00e9phone d&rsquo;un parent pour des alertes instantan\u00e9es.<\/li>\n<li><strong>Large zone de d\u00e9tection :<\/strong> D\u00e9tecte rapidement l&rsquo;humidit\u00e9, quelle que soit la position de sommeil.<\/li>\n<\/ul>\n<h4 style=\"color:#072130;\">Entretien du capteur<\/h4>\n<p><span style=\"font-weight: 400;\">Pour des performances optimales, il convient de toujours retirer et s\u00e9cher le capteur apr\u00e8s utilisation.<\/span> <span style=\"font-weight: 400;\">\u00c9vitez de laisser l&rsquo;appareil attach\u00e9 \u00e0 un v\u00eatement mouill\u00e9 &#8211; vous \u00e9viterez ainsi la corrosion et prolongerez la dur\u00e9e de vie de la batterie.<\/span><\/p>\n<h4 style=\"color:#072130;\">Suivez vos progr\u00e8s avec l&rsquo;application DryGuardians<\/h4>\n<p>Avec l&rsquo;appli DryGuardians, vous pouvez facilement enregistrer les accidents, suivre l&rsquo;\u00e9volution du traitement et recevoir des recommandations personnalis\u00e9es \u00e9labor\u00e9es avec Swedish healthcare. L&rsquo;application vous aide, vous ou votre enfant, \u00e0 rester motiv\u00e9 et fournit des informations pr\u00e9cieuses \u00e0 partager avec un m\u00e9decin si n\u00e9cessaire. <\/p>\n<h4 style=\"color:#072130;\">Conseils pratiques d&rsquo;utilisation<\/h4>\n<ul>\n<li>Veillez \u00e0 ce que les v\u00eatements soient bien ajust\u00e9s et s\u00e9lectionnez une tonalit\u00e9 d&rsquo;alarme appropri\u00e9e dans l&rsquo;application.<\/li>\n<li>Apprenez \u00e0 votre enfant comment fonctionne l&rsquo;alarme et faites-le participer au processus.<\/li>\n<li>Lorsque l&rsquo;alarme se d\u00e9clenche, aidez l&rsquo;enfant \u00e0 se r\u00e9veiller et \u00e0 aller aux toilettes.<\/li>\n<li>Lavez les v\u00eatements Pjama conform\u00e9ment aux instructions d&rsquo;entretien pour en pr\u00e9server la qualit\u00e9.<\/li>\n<\/ul>\n<h4 style=\"color:#072130;\">La motivation et la patience sont essentielles<\/h4>\n<p>Le traitement de l&rsquo;\u00e9nur\u00e9sie n\u00e9cessite de la patience, de la constance et des encouragements. Les parents doivent fournir des commentaires positifs et c\u00e9l\u00e9brer les petites \u00e9tapes de la vie de leur enfant. L&rsquo;objectif ultime est la s\u00e9cheresse sans aide, et des outils comme le Pjama DryGuardians Capteur d&rsquo;alarme peuvent rendre le voyage plus facile.  <\/p>\n<p>Pour plus d&rsquo;informations sur les solutions de traitement de l&rsquo;\u00e9nur\u00e9sie, visitez notre <a href=\"https:\/\/pjama.eu\/fr\/\">site web<\/a> ou t\u00e9l\u00e9chargez le manuel <a href=\"https:\/\/pjama.eu\/fr\/manuels-sur-les-produits\/\">ici.<\/a><\/p>\n<footer>\u00a9 2024 Pjama.<\/footer>\n","protected":false},"excerpt":{"rendered":"<h3>Capteur d&rsquo;humidit\u00e9 pour connecter les v\u00eatements de nuit et les sous-v\u00eatements DryGuardians \u00e0 l&rsquo;alarme.<\/h3>\n<p>Pjama DryGuardians Capteur d&rsquo;alarme comprend :<\/p>\n<ul>\n<li>Capteur qui se fixe \u00e0 l&rsquo;aide de boutons-pression<\/li>\n<li>DryGuardians App comme dispositif d&rsquo;alarme<\/li>\n<\/ul>\n<p>Le capteur se fixe sur les pantalons Pjama, les shorts, les boxers ou les slips et constitue un moyen simple, efficace et s\u00fbr de traiter l&rsquo;\u00e9nur\u00e9sie et le pipi au lit.<\/p>\n<p>Pour utiliser l&rsquo;alarme d&rsquo;\u00e9nur\u00e9sie avec votre smartphone, t\u00e9l\u00e9chargez gratuitement l&rsquo;<strong>application DryGuardians<\/strong> sur <a href=\"https:\/\/play.google.com\/store\/apps\/details?id=com.pjama&amp;hl=fr&amp;gl=FR\">Google Play<\/a> ou <a href=\"https:\/\/apps.apple.com\/fr\/app\/dryguardians\/id1498084664\">App Store.<\/a><\/p>\n","protected":false},"featured_media":22862,"template":"","meta":{"_et_pb_use_builder":"","_et_pb_old_content":"","_et_gb_content_width":""},"product_brand":[],"product_cat":[317],"product_tag":[],"class_list":{"0":"post-24771","1":"product","2":"type-product","3":"status-publish","4":"has-post-thumbnail","6":"product_cat-accessoires_2025","7":"product_shipping_class-lue","9":"first","10":"onbackorder","11":"taxable","12":"shipping-taxable","13":"purchasable","14":"product-type-simple"},"composite_virtual":false,"composite_layout":"","composite_add_to_cart_form_location":"","composite_editable_in_cart":false,"composite_sold_individually_context":"","composite_shop_price_calc":"","composite_components":[],"composite_scenarios":[],"_links":{"self":[{"href":"https:\/\/pjama.eu\/fr\/wp-json\/wp\/v2\/product\/24771","targetHints":{"allow":["GET"]}}],"collection":[{"href":"https:\/\/pjama.eu\/fr\/wp-json\/wp\/v2\/product"}],"about":[{"href":"https:\/\/pjama.eu\/fr\/wp-json\/wp\/v2\/types\/product"}],"wp:featuredmedia":[{"embeddable":true,"href":"https:\/\/pjama.eu\/fr\/wp-json\/wp\/v2\/media\/22862"}],"wp:attachment":[{"href":"https:\/\/pjama.eu\/fr\/wp-json\/wp\/v2\/media?parent=24771"}],"wp:term":[{"taxonomy":"product_brand","embeddable":true,"href":"https:\/\/pjama.eu\/fr\/wp-json\/wp\/v2\/product_brand?post=24771"},{"taxonomy":"product_cat","embeddable":true,"href":"https:\/\/pjama.eu\/fr\/wp-json\/wp\/v2\/product_cat?post=24771"},{"taxonomy":"product_tag","embeddable":true,"href":"https:\/\/pjama.eu\/fr\/wp-json\/wp\/v2\/product_tag?post=24771"}],"curies":[{"name":"wp","href":"https:\/\/api.w.org\/{rel}","templated":true}]}}