{"id":24944,"date":"2020-03-21T12:32:23","date_gmt":"2020-03-21T11:32:23","guid":{"rendered":"https:\/\/pjama.eu\/product\/pjama-protect-short-denuresie-pour-enfants\/"},"modified":"2026-03-30T09:05:28","modified_gmt":"2026-03-30T07:05:28","slug":"pyjama-anti-pipi-au-lit","status":"publish","type":"product","link":"https:\/\/pjama.eu\/fr\/produit\/pyjama-anti-pipi-au-lit\/","title":{"rendered":"Pjama Protect Short d&rsquo;\u00e9nur\u00e9sie Enfants"},"content":{"rendered":"<h3 style=\"color: #d35917;\">Pyjama anti-pipi au lit Pjama Protect : Le short d&rsquo;\u00e9nur\u00e9sie pour enfants<\/h3>\n<h4 style=\"color: #072130;\">Pyjama anti-pipi au lit : La meilleure solution contre l&rsquo;\u00e9nur\u00e9sie nocturne<\/h4>\n<p>Vous cherchez une solution pour les enfants qui font pipi au lit ou qui souffrent d&rsquo;\u00e9nur\u00e9sie nocturne ? Les shorts anti-\u00e9nur\u00e9sie Pjama Protect pour enfants constituent une solution confortable, discr\u00e8te et efficace pour g\u00e9rer l&rsquo;\u00e9nur\u00e9sie. Elles sont parfaites pour les enfants qui font pipi au lit la nuit ou qui viennent de commencer \u00e0 en faire l&rsquo;exp\u00e9rience. Ces shorts sont imperm\u00e9ables et r\u00e9utilisables, offrant s\u00e9curit\u00e9 et confort aux enfants et aux parents.  <\/p>\n<h4 style=\"color: #072130;\">Pourquoi choisir le pyjama anti-pipi au lit Pjama Protect ?<\/h4>\n<ul>\n<li><strong>Protection et confort :<\/strong> Garde le lit au sec &#8211; le pyjama anti-pipi au lit id\u00e9al pour des nuits sereines sans fuites.<\/li>\n<li><strong>Discret et \u00e9l\u00e9gant :<\/strong> Ressemble \u00e0 un pyjama\/cale\u00e7on de lit normal, parfait pour les enfants qui dorment loin de la maison.<\/li>\n<li><strong>Solution \u00e9cologique :<\/strong> Lavable et r\u00e9utilisable, il r\u00e9duit le besoin de produits jetables comme les couches.<\/li>\n<li><strong>Aide \u00e0 lutter contre l&rsquo;\u00e9nur\u00e9sie nocturne :<\/strong> Con\u00e7u pour fournir un retour d&rsquo;information \u00e0 l&rsquo;enfant en lui permettant de sentir l&rsquo;humidit\u00e9, contrairement aux couches, ce qui l&rsquo;aide \u00e0 se r\u00e9veiller et \u00e0 aller aux toilettes.<\/li>\n<\/ul>\n<h4 style=\"color: #072130;\">Un pyjama anti-pipi au lit s\u00fbr, pratique et imperm\u00e9able<\/h4>\n<p>Con\u00e7u comme un v\u00e9ritable pyjama anti-pipi au lit, le short Pjama est fabriqu\u00e9 dans une mati\u00e8re respirante qui prot\u00e8ge le matelas. Il est parfait pour l&rsquo;enfant de 6 ans ou plus qui fait pipi au lit la nuit. <\/p>\n<h4 style=\"color: #072130;\">Tailles disponibles pour notre pyjama anti-pipi au lit<\/h4>\n<p>Nous proposons des tailles allant de 98 \u00e0 164 cm de long pour convenir aux enfants de tous \u00e2ges. Si votre enfant a besoin d&rsquo;une taille plus grande, celle-ci est disponible dans la <a href=\"https:\/\/pjama.eu\/fr\/incontinence-nocturne-adulte\/\">boutique pour adultes<\/a> jusqu&rsquo;\u00e0 la taille XL. Les shorts sont fabriqu\u00e9s en tissu Tencel, lamin\u00e9 pour les rendre imperm\u00e9ables tout en \u00e9tant doux pour la peau. Les tissus utilis\u00e9s sont <a href=\"https:\/\/www.oeko-tex.com\/en\/our-standards\/oeko-tex-standard-100\" target=\"_blank\" rel=\"noopener\">certifi\u00e9s Oeko-Tex<\/a>. Pour trouver la bonne taille et voir combien chaque taille peut absorber, consultez notre <a href=\"https:\/\/pjama.eu\/fr\/guide-des-tailles\/\">Guide des tailles.<\/a> Vous avez besoin d&rsquo;une taille plus grande ? D\u00e9couvrez notre <a href=\"https:\/\/pjama.eu\/fr\/incontinence-nocturne-adulte\/\">gamme pour adultes<\/a>, qui offre la m\u00eame protection et le m\u00eame confort dans des tailles plus grandes.     <\/p>\n<h4 style=\"color: #072130;\">Le pyjama anti-pipi au lit : id\u00e9al pour les soir\u00e9es pyjama<\/h4>\n<p>Les enfants qui souffrent d&rsquo;\u00e9nur\u00e9sie peuvent ne pas se sentir \u00e0 l&rsquo;aise lorsqu&rsquo;ils dorment en dehors de la maison, par exemple lors d&rsquo;une soir\u00e9e pyjama ou d&rsquo;activit\u00e9s n\u00e9cessitant de passer la nuit sur place. Avec le pyjama anti-pipi au lit Pjama Protect, votre enfant se sent en s\u00e9curit\u00e9 gr\u00e2ce \u00e0 une protection ultra-discr\u00e8te qui ressemble \u00e0 un v\u00eatement de nuit classique. <\/p>\n<h4 style=\"color: #072130;\">Entretien facile<\/h4>\n<p>Les shorts Pjama Protect anti-\u00e9nur\u00e9sie pour enfants sont lavables en machine \u00e0 60\u00b0C et s\u00e9chables au s\u00e8che-linge. Remarque : le short peut prendre plus de temps \u00e0 s\u00e9cher en raison de sa fonction absorbante. Veillez \u00e0 retourner le v\u00eatement lors du lavage afin de faciliter l&rsquo;\u00e9vacuation de l&rsquo;humidit\u00e9. Durable et \u00e9conomique, c&rsquo;est le pyjama anti-pipi au lit parfait pour accompagner les enfants vers des nuits s\u00e8ches. <b>Pjama garantit au moins 100 lavages et jusqu&rsquo;\u00e0 4 mois d&rsquo;utilisation r\u00e9guli\u00e8re lorsqu&rsquo;ils sont entretenus conform\u00e9ment \u00e0 nos instructions de lavage.<\/b> <a href=\"https:\/\/pjama.eu\/fr\/entretien-pjama\/\">Lire les instructions d&rsquo;entretien compl\u00e8tes ici<\/a>.<\/p>\n<h4 style=\"color: #072130;\">Conseils pour g\u00e9rer l&rsquo;\u00e9nur\u00e9sie<\/h4>\n<p>Aide pratique pour un pyjama toujours sec<\/p>\n<ul>\n<li><strong>Utiliser le pyjama anti-pipi au lit Pjama Protect :<\/strong> Une aide simple et confortable pour garder le lit sec \u00e0 la maison et pendant les soir\u00e9es pyjama. Parfait pour \u00e9viter de changer les draps au milieu de la nuit et pour apporter s\u00e9curit\u00e9 et confort \u00e0 votre enfant. <\/li>\n<\/ul>\n<p>Produits pour le traitement de l&rsquo;\u00e9nur\u00e9sie<\/p>\n<ul>\n<li><a href=\"https:\/\/pjama.eu\/fr\/alarme-pipi-au-lit-sans-fil\/\">Alarme pipi au lit Pjama<\/a>: le compl\u00e9ment du pyjama anti-pipi. Efficace pour traiter l&rsquo;\u00e9nur\u00e9sie en aidant votre enfant \u00e0 mieux contr\u00f4ler sa vessie et \u00e0 \u00e9tablir des routines nocturnes.<\/li>\n<li><a href=\"https:\/\/pjama.eu\/fr\/alarme-pipi-au-lit-application\/\">DryGuardians App<\/a>: Suivez les progr\u00e8s et obtenez des informations sur l&rsquo;efficacit\u00e9 du traitement. L&rsquo;application facilite \u00e9galement la communication avec les soignants. <\/li>\n<\/ul>\n<p>Que vous soyez \u00e0 la recherche d&rsquo;une aide ou d&rsquo;un produit de traitement, il est important d&rsquo;avoir une communication ouverte. Parlez ouvertement de l&rsquo;\u00e9nur\u00e9sie pour r\u00e9duire le stress et les sentiments de honte. Cela peut favoriser le d\u00e9veloppement de votre enfant et accro\u00eetre son sentiment de s\u00e9curit\u00e9 par rapport \u00e0 son \u00e9nur\u00e9sie.  <\/p>\n<h4 style=\"color: #072130;\">Comprendre l&rsquo;\u00e9nur\u00e9sie nocturne chez l&rsquo;enfant<\/h4>\n<p>L&rsquo;\u00e9nur\u00e9sie <em>nocturne<\/em> est le terme m\u00e9dical utilis\u00e9 lorsque les enfants ont besoin d&rsquo;un pyjama anti-pipi au lit car ils urinent involontairement la nuit. Il s&rsquo;agit d&rsquo;un probl\u00e8me courant, surtout chez les gar\u00e7ons, qui touche des millions d&rsquo;enfants dans le monde. N&rsquo;oubliez pas que ce n&rsquo;est pas la faute de l&rsquo;enfant et qu&rsquo;il ne doit pas avoir honte ou \u00eatre puni.   Besoin de conseils suppl\u00e9mentaires ? N&rsquo;h\u00e9sitez pas \u00e0 consulter votre infirmi\u00e8re ou votre m\u00e9decin si vous avez des questions sur l&rsquo;\u00e9nur\u00e9sie ou si vous avez besoin de plus d&rsquo;informations sur les options de traitement possibles. Demander l&rsquo;aide d&rsquo;un professionnel peut \u00eatre une \u00e9tape importante pour soutenir votre enfant de la meilleure fa\u00e7on possible. <\/p>\n<footer>\u00a9 2024 Pjama.<\/footer>\n","protected":false},"excerpt":{"rendered":"<h3>Short d&rsquo;\u00e9nur\u00e9sie absorbant pour enfants &#8211; garde le lit au sec.<\/h3>\n<p>Les shorts anti-\u00e9nur\u00e9sie Pjama Protect pour enfants offrent une solution facile \u00e0 entretenir, discr\u00e8te et confortable pour les enfants qui font pipi au lit.<\/p>\n<ul>\n<li>Respirant et compl\u00e8tement imperm\u00e9able pour garder le lit au sec.<\/li>\n<li>Doux et aussi confortable qu&rsquo;un short de pyjama ordinaire.<\/li>\n<li>Lavable en machine \u00e0 60\u00b0C et peut \u00eatre s\u00e9ch\u00e9 par culbutage.<\/li>\n<\/ul>\n<p>Besoin d&rsquo;une taille plus grande ? Explorez notre <a href=\"https:\/\/pjama.eu\/fr\/produit\/short-enuresie-adulte\/\">gamme Adultes<\/a> pour b\u00e9n\u00e9ficier de la m\u00eame protection et du m\u00eame confort dans des tailles plus grandes. <\/p>\n","protected":false},"featured_media":31294,"template":"","meta":{"_et_pb_use_builder":"off","_et_pb_old_content":"<h3 style=\"color: #d35917\">Pjama Protect Bedwetting Shorts Children<\/h3>\r\n<h4 style=\"color: #072130\">The Best Aid for Bedwetting<\/h4>\r\nAre you looking for a solution for children who wet the bed or suffer from nocturnal enuresis? Pjama Protect Bedwetting Shorts Children provide a comfortable, discreet, and effective solution for managing bedwetting. Perfect for children who wet the bed at night or have just started experiencing it. These shorts are waterproof and reusable, offering security and comfort for both children and parents.\r\n<h4 style=\"color: #072130\">Benefits of Pjama Protect Bedwetting Shorts Children<\/h4>\r\n<ul>\r\n \t<li><strong>Protection and Comfort:<\/strong> Keeps the bed dry when accidents happen \u2013 ideal for children who wet the bed.<\/li>\r\n \t<li><strong>Discreet and Stylish:<\/strong> Looks like regular pajama\/bed shorts, perfect for children who sleep away from home.<\/li>\r\n \t<li><strong>Eco-Friendly Solution:<\/strong> Washable and reusable, reducing the need for disposable products like diapers.<\/li>\r\n \t<li><strong>Helps with Nocturnal Enuresis:<\/strong> Designed to provide feedback to the child by allowing them to feel moisture, unlike diapers, helping them wake up and go to the bathroom.<\/li>\r\n<\/ul>\r\n<h4 style=\"color: #072130\">A Safe and Practical Solution<\/h4>\r\nPjama Protect Bedwetting Shorts Children are made from breathable, waterproof material that protects mattresses and sheets. They are perfect for children who wet the bed at night, whether it\u2019s a 6-year-old who has started wetting the bed or older children who suffer from enuresis.\r\n<h4 style=\"color: #072130\">Sizes for All Children<\/h4>\r\nWe offer sizes from 98 to 164 cm in length to fit children of all ages. If your child needs a larger size, this is available in the <a href=\"https:\/\/pjama.eu\/bedwetting-products-for-adults\/\">Adult Shop<\/a> up to size XL. The shorts are made from Tencel fabric, laminated to make them waterproof yet gentle on the skin. The fabrics used are <a href=\"https:\/\/www.oeko-tex.com\/en\/our-standards\/oeko-tex-standard-100\">Oeko-Tex Certified<\/a>. To find the right size and see how much each size can absorb, check our <a href=\"https:\/\/pjama.eu\/size-guide\/\">Size Guide.<\/a>\r\n\r\nDo you need a larger size? Explore our <a href=\"https:\/\/pjama.eu\/bedwetting-products-for-adults\/\">Adult Range<\/a> for the same protection and comfort in extended sizes.\r\n<h4 style=\"color: #072130\">Perfect for Sleepovers<\/h4>\r\nChildren who suffer from bedwetting may feel insecure about sleeping away from home, such as at sleepovers or activities requiring overnight stays. With Pjama Protect Bedwetting Shorts Children, your child can feel secure thanks to the discreet appearance and protection the shorts offer.\r\n<h4 style=\"color: #072130\">Easy Care<\/h4>\r\nPjama Protect Bedwetting Shorts Children are machine washable at 60\u00b0C and tumble dryable. Note: The shorts may take longer to dry due to the absorbent function.\r\nBe sure to turn the garment inside out when washing to help press the moisture out. They are durable and economical, a perfect solution for children who have started wetting the bed at night. <b>Pjama guarantees at least 100 washes and up to 4 months of regular use when cared for according to our washing instructions.<\/b><span style=\"font-weight: 400\">\r\n<\/span><a href=\"https:\/\/pjama.eu\/wash-your-pjama\/\">Read full care instructions here<\/a>.\r\n<h4 style=\"color: #072130\">Tips for Managing Bedwetting<\/h4>\r\nPractical Aid for Dry Sleep\r\n<ul>\r\n \t<li><strong>Use Pjama Protect Bedwetting Shorts Children:<\/strong> A simple and comfortable aid\r\nto keep the bed dry both at home and during sleepovers. Perfect for avoiding the hassle of\r\nchanging sheets in the middle of the night and providing your child with security and comfort.<\/li>\r\n<\/ul>\r\nProducts for Treating Bedwetting\r\n<ul>\r\n \t<li><a href=\"https:\/\/pjama.eu\/wireless-bedwetting-alarm\/\">Pjama Bedwetting Alarm<\/a>: Effective for treating bedwetting by helping your child develop better bladder control and establish nighttime routines.<\/li>\r\n \t<li><a href=\"https:\/\/pjama.eu\/bedwetting-alarm-app\/\">DryGuardians App<\/a>: Track progress and gain insights into treatment effectiveness. The app also facilitates communication with caregivers.<\/li>\r\n<\/ul>\r\nWhether you are looking for an aid or a treatment product, it\u2019s important to have open communication. Talk openly about bedwetting to reduce stress and feelings of shame. This can support your child\u2019s development and increase their sense of security regarding their bedwetting.\r\n<h4 style=\"color: #072130\">What is Nocturnal Enuresis?<\/h4>\r\nBedwetting, also known as <em>nocturnal enuresis<\/em>, occurs when children wet the bed at night. It is a common problem, especially among boys, and affects millions of children worldwide. Remember: this is not the child\u2019s fault and should not lead to shame or punishment.\r\nNeed More Guidance?\r\n\r\nFeel free to consult your nurse or doctor if you have questions about bedwetting or need more information on possible treatment options. Seeking professional help can be an important step in supporting your child in the best way possible.\r\n\r\n<footer>\u00a9 2024 Pjama.<\/footer>","_et_gb_content_width":""},"product_brand":[],"product_cat":[424,313,425],"product_tag":[],"class_list":{"0":"post-24944","1":"product","2":"type-product","3":"status-publish","4":"has-post-thumbnail","6":"product_cat-pjama-original","7":"product_cat-les-enfants","8":"product_cat-pjamaprotect_2025","9":"product_shipping_class-lue","10":"pa_size-10-12-ans","11":"pa_size-3-4-ans","12":"pa_size-5-6-ans","13":"pa_size-6-8-ans","14":"pa_size-8-10-ans","15":"pa_size-petit","17":"first","18":"instock","19":"taxable","20":"shipping-taxable","21":"purchasable","22":"product-type-variable"},"composite_virtual":false,"composite_layout":"","composite_add_to_cart_form_location":"","composite_editable_in_cart":false,"composite_sold_individually_context":"","composite_shop_price_calc":"","composite_components":[],"composite_scenarios":[],"_links":{"self":[{"href":"https:\/\/pjama.eu\/fr\/wp-json\/wp\/v2\/product\/24944","targetHints":{"allow":["GET"]}}],"collection":[{"href":"https:\/\/pjama.eu\/fr\/wp-json\/wp\/v2\/product"}],"about":[{"href":"https:\/\/pjama.eu\/fr\/wp-json\/wp\/v2\/types\/product"}],"wp:featuredmedia":[{"embeddable":true,"href":"https:\/\/pjama.eu\/fr\/wp-json\/wp\/v2\/media\/31294"}],"wp:attachment":[{"href":"https:\/\/pjama.eu\/fr\/wp-json\/wp\/v2\/media?parent=24944"}],"wp:term":[{"taxonomy":"product_brand","embeddable":true,"href":"https:\/\/pjama.eu\/fr\/wp-json\/wp\/v2\/product_brand?post=24944"},{"taxonomy":"product_cat","embeddable":true,"href":"https:\/\/pjama.eu\/fr\/wp-json\/wp\/v2\/product_cat?post=24944"},{"taxonomy":"product_tag","embeddable":true,"href":"https:\/\/pjama.eu\/fr\/wp-json\/wp\/v2\/product_tag?post=24944"}],"curies":[{"name":"wp","href":"https:\/\/api.w.org\/{rel}","templated":true}]}}