{"id":24993,"date":"2020-03-21T12:06:50","date_gmt":"2020-03-21T11:06:50","guid":{"rendered":"https:\/\/pjama.eu\/product\/pjama-protect-pantalons-anti-enuresie-pour-enfants\/"},"modified":"2026-03-31T10:41:53","modified_gmt":"2026-03-31T08:41:53","slug":"pantalon-anti-enuresie-enfant","status":"publish","type":"product","link":"https:\/\/pjama.eu\/fr\/produit\/pantalon-anti-enuresie-enfant\/","title":{"rendered":"Pjama Protect Pantalon anti-\u00e9nur\u00e9sie enfant"},"content":{"rendered":"<h3 style=\"color: #d35917;\">Pjama Protect Pantalon anti-\u00e9nur\u00e9sie enfant<\/h3>\n<h4 style=\"color: #072130;\">Pyjama anti-pipi au lit : La meilleure solution contre l&rsquo;\u00e9nur\u00e9sie nocturne<\/h4>\n<p>Vous cherchez une solution pour les enfants qui font pipi au lit ? Le pantalon anti-\u00e9nur\u00e9sie enfant Pjama Protect constitue une option confortable, discr\u00e8te et efficace pour g\u00e9rer l&rsquo;\u00e9nur\u00e9sie nocturne en toute s\u00e9curit\u00e9. Elles sont parfaites pour les enfants qui font pipi au lit la nuit ou qui viennent de commencer \u00e0 avoir des accidents. Ces pantalons sont imperm\u00e9ables et r\u00e9utilisables, offrant confort et tranquillit\u00e9 d&rsquo;esprit aux enfants comme aux parents.  <\/p>\n<h4 style=\"color: #072130;\">Avantages du pantalon anti-\u00e9nur\u00e9sie enfant Pjama<\/h4>\n<ul>\n<li><strong>Protection et confort :<\/strong> Garde le lit au sec &#8211; le pyjama anti-pipi au lit id\u00e9al pour des nuits sereines sans fuites.<\/li>\n<li><strong>Discret et \u00e9l\u00e9gant :<\/strong> Ressemble \u00e0 un pyjama\/pantalon de nuit ordinaire, parfait pour les soir\u00e9es pyjama.<\/li>\n<li><strong>Solution \u00e9cologique :<\/strong> Lavable et r\u00e9utilisable, il r\u00e9duit le besoin de produits jetables comme les couches.<\/li>\n<li><strong>Aide \u00e0 lutter contre l&rsquo;\u00e9nur\u00e9sie nocturne :<\/strong> Con\u00e7u pour donner un retour d&rsquo;information \u00e0 l&rsquo;enfant en lui permettant de sentir l&rsquo;humidit\u00e9, contrairement aux couches, ce qui l&rsquo;incite \u00e0 se r\u00e9veiller et \u00e0 aller aux toilettes.<\/li>\n<\/ul>\n<h4 style=\"color: #072130;\">Un short imperm\u00e9able pour incontinence urinaire adulte<\/h4>\n<p>Le pantalon anti-\u00e9nur\u00e9sie enfant Pjama est fabriqu\u00e9 dans une mati\u00e8re respirante et imperm\u00e9able prot\u00e9geant efficacement les matelas et la literie. Ils sont parfaits pour les enfants qui font pipi au lit la nuit, qu&rsquo;il s&rsquo;agisse d&rsquo;un enfant de six ans qui vient de commencer \u00e0 faire pipi au lit ou d&rsquo;enfants plus \u00e2g\u00e9s souffrant d&rsquo;\u00e9nur\u00e9sie. <\/p>\n<h4 style=\"color: #072130;\">Tailles disponibles pour notre pyjama anti-pipi au lit<\/h4>\n<p>Nous proposons des tailles allant de 98 \u00e0 164 cm pour les enfants de tous \u00e2ges. Si votre enfant a besoin d&rsquo;une taille plus grande, consultez notre <a href=\"https:\/\/pjama.eu\/fr\/produit\/pantalon-anti-enuresie-adulte\/\">cat\u00e9gorie Adultes<\/a> jusqu&rsquo;\u00e0 la taille XL. Les pantalons sont fabriqu\u00e9s en tissu Tencel, lamin\u00e9 pour les rendre imperm\u00e9ables tout en \u00e9tant doux pour la peau. Les tissus utilis\u00e9s sont <a href=\"https:\/\/www.oeko-tex.com\/en\/our-standards\/oeko-tex-standard-100\" target=\"_blank\" rel=\"noopener\">certifi\u00e9s Oeko-Tex<\/a>. Pour trouver la bonne taille et conna\u00eetre la capacit\u00e9 d&rsquo;absorption de chaque taille, consultez notre <a href=\"https:\/\/pjama.eu\/fr\/guide-des-tailles\/\">guide des tailles<\/a>.   <\/p>\n<p>Vous avez besoin d&rsquo;une taille plus grande ? Explorez notre <a href=\"https:\/\/pjama.eu\/fr\/incontinence-nocturne-adulte\/\">gamme Adultes<\/a> pour b\u00e9n\u00e9ficier de la m\u00eame protection et du m\u00eame confort dans des tailles plus grandes. <\/p>\n<h4 style=\"color: #072130;\">Le pyjama anti-pipi au lit : id\u00e9al pour les soir\u00e9es pyjama<\/h4>\n<p>Les enfants qui souffrent d&rsquo;\u00e9nur\u00e9sie peuvent ne pas se sentir \u00e0 l&rsquo;aise lorsqu&rsquo;ils dorment loin de chez eux, chez des amis ou lors d&rsquo;activit\u00e9s nocturnes. Avec le pantalon anti-\u00e9nur\u00e9sie enfant Pjama Protect, votre enfant retrouve confiance gr\u00e2ce \u00e0 une protection fiable et un design totalement discret. <\/p>\n<h4 style=\"color: #072130;\">Lavage et entretien de votre pantalon absorbant<\/h4>\n<p>Le pantalon anti-\u00e9nur\u00e9sie enfant Pjama est lavable en machine (60\u00b0C) et peut passer au s\u00e8che-linge pour un entretien simplifi\u00e9. Remarque : les pantalons ont un temps de s\u00e9chage plus long en raison de leur caract\u00e9ristique absorbante. Veillez \u00e0 mettre le v\u00eatement \u00e0 l&rsquo;envers lors du lavage pour permettre au liquide d&rsquo;\u00eatre expuls\u00e9 lors de l&rsquo;essorage. <span style=\"font-weight: 400;\">Elles sont durables et rentables &#8211; <\/span><b>Pjama garantit au moins 100 lavages et jusqu&rsquo;\u00e0 4 mois d&rsquo;utilisation r\u00e9guli\u00e8re lorsqu&rsquo;elles sont entretenues conform\u00e9ment \u00e0 nos instructions de lavage.<\/b> Un pantalon anti-\u00e9nur\u00e9sie enfant fiable et pratique pour en finir avec le pipi au lit<span style=\"font-weight: 400;\">.<\/span> <a href=\"https:\/\/pjama.eu\/fr\/entretien-pjama\/\"><span style=\"font-weight: 400;\">Lire les instructions d&rsquo;entretien compl\u00e8tes &lsquo;<\/span><\/a><\/p>\n<h4 style=\"color: #072130;\">Conseils contre le pipi au lit chez l&rsquo;adulte<\/h4>\n<p>Aide pratique pour un sommeil sec.<\/p>\n<ul>\n<li><strong>Pourquoi porter le pantalon anti-\u00e9nur\u00e9sie enfant Pjama :<\/strong> Une solution simple et confortable<br \/>\npour garder le lit sec \u00e0 la maison et pendant les soir\u00e9es pyjama. Parfait pour \u00e9viter de changer les draps<br \/>\nau milieu de la nuit et pour apporter confort et s\u00e9curit\u00e9 \u00e0 l&rsquo;enfant. <\/li>\n<\/ul>\n<p>Produits pour le traitement de l&rsquo;\u00e9nur\u00e9sie<\/p>\n<ul>\n<li><a href=\"https:\/\/pjama.eu\/fr\/alarme-pipi-au-lit-sans-fil\/\">Alarme pipi au lit Pjama<\/a>: Efficace pour traiter l&rsquo;\u00e9nur\u00e9sie en aidant l&rsquo;enfant \u00e0 mieux contr\u00f4ler sa vessie et ses habitudes nocturnes.<\/li>\n<li><a href=\"https:\/\/pjama.eu\/fr\/alarme-pipi-au-lit-application\/\">DryGuardians App<\/a>: Suivez vos progr\u00e8s et obtenez des informations sur l&rsquo;efficacit\u00e9 du traitement. L&rsquo;application facilite \u00e9galement la communication avec les prestataires de soins de sant\u00e9. <\/li>\n<\/ul>\n<p>Que vous cherchiez un pantalon anti-\u00e9nur\u00e9sie enfant ou une alarme sonore, une communication ouverte avec l&rsquo;enfant est essentielle. Parler ouvertement de l&rsquo;\u00e9nur\u00e9sie peut r\u00e9duire le stress et les sentiments de honte. Cela favorise le d\u00e9veloppement de l&rsquo;enfant et augmente son sentiment de s\u00e9curit\u00e9 par rapport \u00e0 son \u00e9nur\u00e9sie.  <\/p>\n<h4 style=\"color: #072130;\">Comprendre l&rsquo;\u00e9nur\u00e9sie nocturne chez l&rsquo;adulte<\/h4>\n<p>L&rsquo;\u00e9nur\u00e9sie <em>nocturne<\/em> est le fait pour un enfant de faire pipi au lit la nuit. Il s&rsquo;agit d&rsquo;un probl\u00e8me courant, surtout chez les gar\u00e7ons, qui touche des millions d&rsquo;enfants dans le monde. Rappelez-vous : ce n&rsquo;est pas la faute de l&rsquo;enfant et cela ne doit pas conduire \u00e0 la honte ou \u00e0 la punition.  <\/p>\n<h4 style=\"color: #072130;\">Besoin de conseils suppl\u00e9mentaires ?<\/h4>\n<p>N&rsquo;h\u00e9sitez pas \u00e0 consulter votre infirmi\u00e8re ou votre m\u00e9decin si vous avez des questions sur l&rsquo;\u00e9nur\u00e9sie ou si vous avez besoin de plus d&rsquo;informations sur les possibilit\u00e9s de traitement. La recherche d&rsquo;une aide professionnelle peut \u00eatre une \u00e9tape importante pour soutenir au mieux votre enfant. <\/p>\n<footer>\u00a9 2024 Pjama.<\/footer>\n","protected":false},"excerpt":{"rendered":"<h3>Pantalons d&rsquo;\u00e9nur\u00e9sie absorbants pour enfants &#8211; gardent le lit au sec.<\/h3>\n<p>Les pantalons Pjama Protect anti-\u00e9nur\u00e9sie pour enfants sont une solution facile \u00e0 entretenir, discr\u00e8te et confortable pour les enfants qui font pipi au lit.<\/p>\n<ul>\n<li>Respirant et enti\u00e8rement imperm\u00e9able pour garder le lit au sec.<\/li>\n<li>Aussi doux et confortable qu&rsquo;un pantalon de pyjama ordinaire.<\/li>\n<li>Lavable en machine \u00e0 60\u00b0C et peut \u00eatre s\u00e9ch\u00e9 par culbutage.<\/li>\n<\/ul>\n<p>Besoin d&rsquo;une taille plus grande ? Explorez notre <a href=\"https:\/\/pjama.eu\/fr\/produit\/pantalon-anti-enuresie-adulte\/\">gamme Adultes<\/a> pour b\u00e9n\u00e9ficier de la m\u00eame protection et du m\u00eame confort dans des tailles plus grandes. <\/p>\n","protected":false},"featured_media":31337,"template":"","meta":{"_et_pb_use_builder":"","_et_pb_old_content":"","_et_gb_content_width":""},"product_brand":[],"product_cat":[424,313,425],"product_tag":[],"class_list":{"0":"post-24993","1":"product","2":"type-product","3":"status-publish","4":"has-post-thumbnail","6":"product_cat-pjama-original","7":"product_cat-les-enfants","8":"product_cat-pjamaprotect_2025","9":"product_shipping_class-lue","10":"pa_size-10-12-ans","11":"pa_size-3-4-ans","12":"pa_size-5-6-ans","13":"pa_size-6-8-ans","14":"pa_size-8-10-ans","15":"pa_size-petit","17":"first","18":"instock","19":"taxable","20":"shipping-taxable","21":"purchasable","22":"product-type-variable"},"composite_virtual":false,"composite_layout":"","composite_add_to_cart_form_location":"","composite_editable_in_cart":false,"composite_sold_individually_context":"","composite_shop_price_calc":"","composite_components":[],"composite_scenarios":[],"_links":{"self":[{"href":"https:\/\/pjama.eu\/fr\/wp-json\/wp\/v2\/product\/24993","targetHints":{"allow":["GET"]}}],"collection":[{"href":"https:\/\/pjama.eu\/fr\/wp-json\/wp\/v2\/product"}],"about":[{"href":"https:\/\/pjama.eu\/fr\/wp-json\/wp\/v2\/types\/product"}],"wp:featuredmedia":[{"embeddable":true,"href":"https:\/\/pjama.eu\/fr\/wp-json\/wp\/v2\/media\/31337"}],"wp:attachment":[{"href":"https:\/\/pjama.eu\/fr\/wp-json\/wp\/v2\/media?parent=24993"}],"wp:term":[{"taxonomy":"product_brand","embeddable":true,"href":"https:\/\/pjama.eu\/fr\/wp-json\/wp\/v2\/product_brand?post=24993"},{"taxonomy":"product_cat","embeddable":true,"href":"https:\/\/pjama.eu\/fr\/wp-json\/wp\/v2\/product_cat?post=24993"},{"taxonomy":"product_tag","embeddable":true,"href":"https:\/\/pjama.eu\/fr\/wp-json\/wp\/v2\/product_tag?post=24993"}],"curies":[{"name":"wp","href":"https:\/\/api.w.org\/{rel}","templated":true}]}}