{"id":25078,"date":"2020-03-21T12:40:14","date_gmt":"2020-03-21T11:40:14","guid":{"rendered":"https:\/\/pjama.eu\/product\/pjama-protect-pantalons-anti-enuresie-pour-adultes\/"},"modified":"2026-03-31T10:25:21","modified_gmt":"2026-03-31T08:25:21","slug":"pantalon-anti-enuresie-adulte","status":"publish","type":"product","link":"https:\/\/pjama.eu\/fr\/produit\/pantalon-anti-enuresie-adulte\/","title":{"rendered":"Pjama Protect Pantalons anti-\u00e9nur\u00e9sie pour adultes"},"content":{"rendered":"<h3 style=\"color: #d35917;\">Pjama Protect Pantalons anti-\u00e9nur\u00e9sie pour adultes<\/h3>\n<h4 style=\"color: #072130;\">&#8211; La meilleure aide pour l&rsquo;\u00e9nur\u00e9sie nocturne et l&rsquo;incontinence urinaire<\/h4>\n<p>Vous cherchez une solution efficace pour g\u00e9rer l&rsquo;\u00e9nur\u00e9sie nocturne chez les adultes ? Les pantalons Pjama Protect Pantalons anti-\u00e9nur\u00e9sie pour adultes offrent une solution confortable, discr\u00e8te et efficace pour g\u00e9rer l&rsquo;\u00e9nur\u00e9sie. Elle est id\u00e9ale pour les adultes souffrant d&rsquo;incontinence urinaire pendant la nuit. Ces pantalons sont doux, imperm\u00e9ables, r\u00e9utilisables et offrent une tranquillit\u00e9 d&rsquo;esprit \u00e0 la fois \u00e0 la maison et lorsque vous vous absentez pour la nuit.  <\/p>\n<h4 style=\"color: #072130;\">Pourquoi choisir le pantalon anti \u00e9nur\u00e9sie adulte Pjama ?<\/h4>\n<ul>\n<li><strong>Protection et confort :<\/strong> Ce pantalon anti \u00e9nur\u00e9sie adulte garde le lit sec malgr\u00e9 les fuites d&rsquo;urine, garantissant une nuit sereine sans changer les draps.<\/li>\n<li><strong>Design discret et fonctionnel :<\/strong> Ressemble \u00e0 un pyjama\/pantalon de nuit ordinaire, ce qui le rend adapt\u00e9 aux adultes \u00e0 la recherche d&rsquo;une solution discr\u00e8te.<\/li>\n<li><strong>\u00c9cologique et \u00e9conomique :<\/strong> lavable et r\u00e9utilisable, il r\u00e9duit le besoin de produits jetables et est plus respectueux de l&rsquo;environnement.<\/li>\n<li><strong>Aide \u00e0 lutter contre l&rsquo;\u00e9nur\u00e9sie nocturne :<\/strong> Con\u00e7u pour fournir un retour d&rsquo;information en sentant l&rsquo;humidit\u00e9, contrairement aux couches, ce qui vous incite \u00e0 vous r\u00e9veiller et \u00e0 aller aux toilettes.<\/li>\n<\/ul>\n<h4 style=\"color: #072130;\">Un short imperm\u00e9able pour incontinence urinaire adulte<\/h4>\n<p>Le pantalon anti \u00e9nur\u00e9sie adulte Pjama est con\u00e7u dans un textile technique respirant et imperm\u00e9able. Il prot\u00e8ge votre literie tout en restant invisible sous un v\u00eatement de nuit classique. Elles conviennent aux adultes souffrant d&rsquo;\u00e9nur\u00e9sie nocturne, qu&rsquo;il s&rsquo;agisse d&rsquo;un probl\u00e8me temporaire ou \u00e0 long terme. Les pantalons conviennent aussi bien aux hommes qu&rsquo;aux femmes.  <\/p>\n<h4 style=\"color: #072130;\">Guide des tailles : Pantalon anti \u00e9nur\u00e9sie adulte<\/h4>\n<p>Nous proposons des tailles allant de Small \u00e0 XL pour convenir \u00e0 toutes les morphologies. Les pantalons sont fabriqu\u00e9s en tissu Tencel, lamin\u00e9 pour les rendre imperm\u00e9ables tout en \u00e9tant doux pour la peau. Les tissus utilis\u00e9s sont <a href=\"https:\/\/www.oeko-tex.com\/en\/our-standards\/oeko-tex-standard-100\" target=\"_blank\" rel=\"noopener\">certifi\u00e9s Oeko-Tex<\/a>. Pour trouver la bonne taille et savoir combien chaque taille peut absorber, consultez notre <a href=\"https:\/\/pjama.eu\/fr\/guide-des-tailles\/\">guide des tailles<\/a>.   <\/p>\n<p>Vous avez besoin d&rsquo;une taille plus petite ? D\u00e9couvrez notre <a href=\"https:\/\/pjama.eu\/fr\/pantalon-anti-pipi-au-lit\/\">gamme pour enfants <\/a>, qui offre la m\u00eame protection et le m\u00eame confort dans des tailles plus grandes. <\/p>\n<h4 style=\"color: #072130;\">Id\u00e9al pour les voyages et nuits hors de chez soi<\/h4>\n<p>Les adultes ayant des probl\u00e8mes d&rsquo;\u00e9nur\u00e9sie peuvent se sentir en danger lorsqu&rsquo;ils sont loin de chez eux, par exemple lorsqu&rsquo;ils voyagent ou s\u00e9journent chez des parents ou des amis. Les pantalons anti-\u00e9nur\u00e9sie Pjama Protect pour adultes apportent un r\u00e9confort et une solution discr\u00e8te, apaisant ainsi les inqui\u00e9tudes li\u00e9es \u00e0 ces situations. La vision de Pjama est d&rsquo;aider les personnes souffrant d&rsquo;\u00e9nur\u00e9sie \u00e0 mener une vie aussi normale que possible, sans limitations.  <\/p>\n<h4 style=\"color: #072130;\">Lavage et entretien de votre pantalon absorbant<\/h4>\n<p>Les Pjama Protect Pantalons anti-\u00e9nur\u00e9sie pour adultes sont lavables en machine \u00e0 60\u00b0C et peuvent \u00eatre s\u00e9ch\u00e9s au s\u00e8che-linge. Veuillez noter qu&rsquo;ils peuvent prendre plus de temps \u00e0 s\u00e9cher en raison de leur capacit\u00e9 d&rsquo;absorption. Retournez le v\u00eatement lors du lavage pour optimiser l&rsquo;\u00e9vacuation de l&rsquo;humidit\u00e9. Ces pantalons sont \u00e0 la fois durables et \u00e9conomiques &#8211; une solution parfaite pour les adultes souffrant d&rsquo;\u00e9nur\u00e9sie nocturne.<br \/>\n<b>Pjama garantit au moins 100 lavages et jusqu&rsquo;\u00e0 4 mois d&rsquo;utilisation r\u00e9guli\u00e8re lorsqu&rsquo;il est entretenu conform\u00e9ment \u00e0 nos instructions de lavage.<\/b><span style=\"font-weight: 400;\"> <\/span> <a href=\"https:\/\/pjama.eu\/fr\/entretien-pjama\/\"><span style=\"font-weight: 400;\">Lire les instructions d&rsquo;entretien compl\u00e8tes &lsquo;<\/span><\/a><\/p>\n<h4 style=\"color: #072130;\">Conseils contre le pipi au lit chez l&rsquo;adulte<\/h4>\n<p>Aides pratiques pour un sommeil sec<\/p>\n<ul>\n<li><strong>Adoptez le pantalon anti \u00e9nur\u00e9sie adulte :<\/strong> Une aide simple et efficace pour maintenir un sommeil sec sans stress, que ce soit \u00e0 domicile ou \u00e0 l&rsquo;h\u00f4tel. Parfait pour \u00e9viter de changer la literie au milieu de la nuit et assurer confort et s\u00e9curit\u00e9. <\/li>\n<\/ul>\n<h4 style=\"color: #072130;\">Solutions compl\u00e9mentaires contre le pipi au lit adulte<\/h4>\n<ul>\n<li><a href=\"https:\/\/pjama.eu\/fr\/alarme-pipi-au-lit-sans-fil\/\">Alarme pipi au lit Pjama<\/a>: Un outil efficace pour aider \u00e0 d\u00e9velopper un meilleur contr\u00f4le de la vessie et \u00e9tablir des routines nocturnes. Les <a href=\"https:\/\/pjama.eu\/fr\/produit\/pjama-dryguardians-pour-hommes-boxers\/\">cale\u00e7ons<\/a> pour hommes et les <a href=\"https:\/\/pjama.eu\/fr\/produit\/pjama-dryguardians-pour-femmes-modeles-briefs\/\">slips<\/a> pour femmes sont disponibles en tailles adultes et sont accompagn\u00e9s d&rsquo;alarmes pipi au lit. Utilisez-les sous vos pantalons de protection pour avoir un retour d&rsquo;information imm\u00e9diat en cas d&rsquo;\u00e9nur\u00e9sie.  <\/li>\n<li><a href=\"https:\/\/pjama.eu\/fr\/alarme-pipi-au-lit-application\/\">DryGuardians App<\/a>: Suivez vos progr\u00e8s et obtenez des informations sur l&rsquo;efficacit\u00e9 de votre traitement. L&rsquo;application facilite \u00e9galement la communication avec les prestataires de soins de sant\u00e9. <\/li>\n<\/ul>\n<p>Si vous n&rsquo;avez jamais \u00e9t\u00e9 trait\u00e9 pour l&rsquo;\u00e9nur\u00e9sie nocturne ou le pipi au lit, c&rsquo;est peut-\u00eatre une option pour vous. Pjama collabore avec Swedish healthcare pour fournir des aides et des options de traitement aux personnes qui font pipi au lit. <\/p>\n<h4 style=\"color: #072130;\">Comprendre l&rsquo;\u00e9nur\u00e9sie nocturne chez l&rsquo;adulte<\/h4>\n<p>L&rsquo;\u00e9nur\u00e9sie nocturne (ou \u00ab\u00a0pipi au lit\u00a0\u00bb) touche de nombreux adultes. Utiliser un pantalon anti \u00e9nur\u00e9sie adulte est une premi\u00e8re \u00e9tape pour retrouver confiance en soi et limiter l&rsquo;impact sur le quotidien. Il est important de comprendre qu&rsquo;il s&rsquo;agit d&rsquo;une situation g\u00e9rable qui ne doit pas entra\u00eener de honte ou de culpabilit\u00e9. Parler ouvertement de l&rsquo;\u00e9nur\u00e9sie nocturne peut r\u00e9duire le stress et les sentiments de honte et apporter le r\u00e9confort n\u00e9cessaire pour g\u00e9rer l&rsquo;\u00e9nur\u00e9sie nocturne.  <\/p>\n<h4 style=\"color: #072130;\">Besoin de conseils suppl\u00e9mentaires ?<\/h4>\n<p>N&rsquo;h\u00e9sitez pas \u00e0 consulter une infirmi\u00e8re ou un m\u00e9decin pour obtenir des conseils sur le traitement et discuter des options possibles. La recherche d&rsquo;une aide professionnelle peut \u00eatre une \u00e9tape importante dans la gestion et le traitement du pipi au lit ou de l&rsquo;\u00e9nur\u00e9sie nocturne. <\/p>\n<footer>\u00a9 2024 Pjama.<\/footer>\n","protected":false},"excerpt":{"rendered":"<div class=\"product-description\">\n<h3>Pantalons d&rsquo;\u00e9nur\u00e9sie absorbants pour adultes &#8211; discrets et confortables.<\/h3>\n<p>Les pantalons anti-\u00e9nur\u00e9sie Pjama Protect pour adultes constituent une solution facile \u00e0 entretenir, discr\u00e8te et confortable pour les adultes ayant des probl\u00e8mes d&rsquo;\u00e9nur\u00e9sie.<\/p>\n<ul>\n<li>Respirant et compl\u00e8tement imperm\u00e9able pour garder le lit au sec.<\/li>\n<li>Doux et aussi confortable qu&rsquo;un pantalon de pyjama ordinaire.<\/li>\n<li>Lavable en machine \u00e0 60\u00b0C et peut \u00eatre s\u00e9ch\u00e9 par culbutage.<\/li>\n<\/ul>\n<p>Besoin d&rsquo;une taille plus petite ? D\u00e9couvrez notre <a href=\"https:\/\/pjama.eu\/fr\/pantalon-anti-pipi-au-lit\/\">gamme Enfants <\/a> pour b\u00e9n\u00e9ficier de la m\u00eame protection et du m\u00eame confort dans des tailles plus grandes. <\/p>\n<\/div>\n","protected":false},"featured_media":31312,"template":"","meta":{"_et_pb_use_builder":"","_et_pb_old_content":"","_et_gb_content_width":""},"product_brand":[],"product_cat":[424,371,425],"product_tag":[],"class_list":{"0":"post-25078","1":"product","2":"type-product","3":"status-publish","4":"has-post-thumbnail","6":"product_cat-pjama-original","7":"product_cat-adulte","8":"product_cat-pjamaprotect_2025","9":"product_shipping_class-lue","10":"pa_size-grandes-dimensions","11":"pa_size-moyen","12":"pa_size-petit","13":"pa_size-xlarge","15":"first","16":"instock","17":"taxable","18":"shipping-taxable","19":"purchasable","20":"product-type-variable"},"composite_virtual":false,"composite_layout":"","composite_add_to_cart_form_location":"","composite_editable_in_cart":false,"composite_sold_individually_context":"","composite_shop_price_calc":"","composite_components":[],"composite_scenarios":[],"_links":{"self":[{"href":"https:\/\/pjama.eu\/fr\/wp-json\/wp\/v2\/product\/25078","targetHints":{"allow":["GET"]}}],"collection":[{"href":"https:\/\/pjama.eu\/fr\/wp-json\/wp\/v2\/product"}],"about":[{"href":"https:\/\/pjama.eu\/fr\/wp-json\/wp\/v2\/types\/product"}],"wp:featuredmedia":[{"embeddable":true,"href":"https:\/\/pjama.eu\/fr\/wp-json\/wp\/v2\/media\/31312"}],"wp:attachment":[{"href":"https:\/\/pjama.eu\/fr\/wp-json\/wp\/v2\/media?parent=25078"}],"wp:term":[{"taxonomy":"product_brand","embeddable":true,"href":"https:\/\/pjama.eu\/fr\/wp-json\/wp\/v2\/product_brand?post=25078"},{"taxonomy":"product_cat","embeddable":true,"href":"https:\/\/pjama.eu\/fr\/wp-json\/wp\/v2\/product_cat?post=25078"},{"taxonomy":"product_tag","embeddable":true,"href":"https:\/\/pjama.eu\/fr\/wp-json\/wp\/v2\/product_tag?post=25078"}],"curies":[{"name":"wp","href":"https:\/\/api.w.org\/{rel}","templated":true}]}}