{"id":25128,"date":"2020-03-21T12:49:41","date_gmt":"2020-03-21T11:49:41","guid":{"rendered":"https:\/\/pjama.eu\/product\/pjama-protect-short-denuresie-pour-adultes\/"},"modified":"2026-05-10T10:42:27","modified_gmt":"2026-05-10T08:42:27","slug":"short-enuresie-adulte","status":"publish","type":"product","link":"https:\/\/pjama.eu\/fr\/produit\/short-enuresie-adulte\/","title":{"rendered":"Pjama Protect Short d&rsquo;\u00e9nur\u00e9sie pour adultes"},"content":{"rendered":"<h3 style=\"color: #d35917;\">Pjama Protect Short d&rsquo;\u00e9nur\u00e9sie pour adultes<\/h3>\n<h4 style=\"color: #072130;\">La solution id\u00e9ale contre le pipi au lit et l&rsquo;incontinence urinaire adulte<\/h4>\n<p>Vous cherchez un short \u00e9nur\u00e9sie adulte efficace ? Le short Pjama Protect est une solution lavable, confortable et discr\u00e8te. Parfait pour l&rsquo;incontinence urinaire nocturne, ce cale\u00e7on imperm\u00e9able et r\u00e9utilisable garantit s\u00e9curit\u00e9 et s\u00e9r\u00e9nit\u00e9, \u00e0 la maison comme en voyage.   <\/p>\n<h4 style=\"color: #072130;\">Pourquoi choisir le short \u00e9nur\u00e9sie adulte Pjama ?<\/h4>\n<ul>\n<li><strong>Protection et confort :<\/strong> Ce short \u00e9nur\u00e9sie adulte garde le lit sec malgr\u00e9 les fuites d&rsquo;urine nocturnes pour un sommeil serein.<\/li>\n<li><strong>Design discret :<\/strong> Ce short ressemble \u00e0 un pyjama classique, offrant une solution invisible contre l&rsquo;\u00e9nur\u00e9sie adulte.<\/li>\n<li><strong>\u00c9cologique et rentable :<\/strong> Lavables et r\u00e9utilisables, ils r\u00e9duisent le besoin de produits jetables et sont plus respectueux de l&rsquo;environnement.<\/li>\n<li><strong>Aide \u00e0 l&rsquo;\u00e9nur\u00e9sie nocturne :<\/strong> Con\u00e7u pour fournir un retour d&rsquo;information par l&rsquo;humidit\u00e9, contrairement aux couches, afin d&rsquo;encourager le r\u00e9veil et l&rsquo;utilisation des toilettes.<\/li>\n<\/ul>\n<h4 style=\"color: #072130;\">Un short imperm\u00e9able pour incontinence urinaire adulte<\/h4>\n<p>Le short \u00e9nur\u00e9sie adulte Pjama est con\u00e7u en tissu respirant et imperm\u00e9able, prot\u00e9geant vos draps et matelas. C&rsquo;est la protection id\u00e9ale pour les hommes et les femmes souffrant de pipi au lit, de fa\u00e7on temporaire ou chronique.  <\/p>\n<h4 style=\"color: #072130;\">Tailles disponibles pour le short \u00e9nur\u00e9sie adulte<\/h4>\n<p>Nous proposons des tailles allant de Small \u00e0 XL pour convenir \u00e0 toutes les morphologies. Les shorts sont fabriqu\u00e9s en tissu Tencel, qui est lamin\u00e9 pour les rendre imperm\u00e9ables tout en \u00e9tant doux pour la peau. Les tissus utilis\u00e9s sont <a href=\"https:\/\/www.oeko-tex.com\/en\/our-standards\/oeko-tex-standard-100\" target=\"_blank\" rel=\"noopener\">certifi\u00e9s Oeko-Tex<\/a>. Pour trouver la bonne taille et conna\u00eetre la capacit\u00e9 d&rsquo;absorption de chaque taille, consultez notre <a href=\"https:\/\/pjama.eu\/fr\/guide-des-tailles\/\">guide des tailles<\/a>.   <\/p>\n<p>Vous avez besoin d&rsquo;une taille plus petite ? D\u00e9couvrez notre <a href=\"https:\/\/pjama.eu\/fr\/pantalon-anti-pipi-au-lit\/\">gamme pour enfants<\/a>, qui offre la m\u00eame protection et le m\u00eame confort dans des tailles plus grandes. <\/p>\n<h4 style=\"color: #072130;\">Id\u00e9al pour les voyages et nuits hors de chez soi<\/h4>\n<p>Voyager avec une \u00e9nur\u00e9sie adulte peut \u00eatre stressant. Le short \u00e9nur\u00e9sie adulte Pjama offre une s\u00e9curit\u00e9 discr\u00e8te en voyage ou chez des amis, r\u00e9duisant l&rsquo;anxi\u00e9t\u00e9 li\u00e9e aux fuites urinaires nocturnes. La vision de Pjama est de faciliter la vie des personnes souffrant d&rsquo;\u00e9nur\u00e9sie, afin qu&rsquo;elles puissent mener une vie aussi normale que possible, sans limitations.  <\/p>\n<h4 style=\"color: #072130;\">Entretien et lavage du short \u00e9nur\u00e9sie<\/h4>\n<p>Le short Pjama Protect anti-\u00e9nur\u00e9sie pour adultes est lavable en machine \u00e0 60\u00b0C et peut \u00eatre s\u00e9ch\u00e9 au s\u00e8che-linge. Veuillez noter que le s\u00e9chage peut prendre plus de temps en raison de sa fonction absorbante. Mettez le v\u00eatement \u00e0 l&rsquo;envers pendant le lavage pour optimiser l&rsquo;\u00e9vacuation des liquides. Ces shorts sont durables et \u00e9conomiques &#8211; une solution parfaite pour les adultes souffrant d&rsquo;\u00e9nur\u00e9sie nocturne.<br \/>\n<b>Pjama garantit au moins 100 lavages et jusqu&rsquo;\u00e0 4 mois d&rsquo;utilisation r\u00e9guli\u00e8re lorsqu&rsquo;il est entretenu conform\u00e9ment \u00e0 nos instructions de lavage.<\/b> <a href=\"https:\/\/pjama.eu\/fr\/entretien-pjama\/\"><span style=\"font-weight: 400;\">Lire les instructions d&rsquo;entretien compl\u00e8tes &lsquo;<\/span><\/a><\/p>\n<h4 style=\"color: #072130;\">Conseils contre le pipi au lit chez l&rsquo;adulte<\/h4>\n<p><strong>Aides pratiques pour un sommeil sec<\/strong><\/p>\n<ul>\n<li><strong>Utilisez le short Pjama Protect anti-\u00e9nur\u00e9sie pour adultes :<\/strong> Une aide simple et confortable pour garder le lit sec \u00e0 la maison et en voyage. Parfait pour \u00e9viter de changer de lit au milieu de la nuit et pour apporter s\u00e9curit\u00e9 et confort. <\/li>\n<\/ul>\n<h4 style=\"color: #072130;\">Traitements et aides pour l&rsquo;\u00e9nur\u00e9sie nocturne adulte<\/h4>\n<ul>\n<li><a href=\"https:\/\/pjama.eu\/fr\/alarme-pipi-au-lit-sans-fil\/\">Alarme pipi au lit Pjama<\/a>: Un outil efficace pour aider \u00e0 d\u00e9velopper un meilleur contr\u00f4le de la vessie et \u00e9tablir des routines nocturnes. Les <a href=\"https:\/\/pjama.eu\/fr\/produit\/pjama-dryguardians-pour-hommes-boxers\/\">cale\u00e7ons<\/a> pour hommes et les <a href=\"https:\/\/pjama.eu\/fr\/produit\/pjama-dryguardians-pour-femmes-modeles-briefs\/\">slips<\/a> pour femmes sont disponibles en tailles adultes et sont accompagn\u00e9s d&rsquo;une Alarme pipi au lit. Utilisez-les en conjonction avec vos v\u00eatements de nuit protecteurs pour obtenir un retour d&rsquo;information imm\u00e9diat en cas d&rsquo;\u00e9nur\u00e9sie.  <\/li>\n<li><a href=\"https:\/\/pjama.eu\/fr\/alarme-pipi-au-lit-application\/\">DryGuardians App<\/a>: Suivez vos progr\u00e8s et obtenez des informations sur l&rsquo;efficacit\u00e9 du traitement. L&rsquo;application facilite \u00e9galement la communication avec les prestataires de soins de sant\u00e9. <\/li>\n<\/ul>\n<p>Si vous n&rsquo;avez jamais \u00e9t\u00e9 trait\u00e9 pour l&rsquo;\u00e9nur\u00e9sie nocturne ou le pipi au lit, ceci pourrait \u00eatre une solution pour vous. Pjama collabore avec Swedish healthcare pour fournir des aides et des options de traitement aux personnes qui font pipi au lit. <\/p>\n<h4 style=\"color: #072130;\">Comprendre l&rsquo;\u00e9nur\u00e9sie nocturne chez l&rsquo;adulte<\/h4>\n<p>L&rsquo;\u00e9nur\u00e9sie nocturne, ou pipi au lit, est un probl\u00e8me plus courant qu&rsquo;on ne le pense chez les adultes, qui se traduit par une perte involontaire d&rsquo;urine pendant le sommeil. Il est important de comprendre qu&rsquo;il s&rsquo;agit d&rsquo;une situation g\u00e9rable qui ne doit pas entra\u00eener de honte ou de culpabilit\u00e9. Parler ouvertement de l&rsquo;\u00e9nur\u00e9sie nocturne peut r\u00e9duire le stress et le sentiment de honte, et apporter le r\u00e9confort n\u00e9cessaire pour g\u00e9rer l&rsquo;\u00e9nur\u00e9sie nocturne.  <\/p>\n<h4 style=\"color: #072130;\">Besoin de conseils suppl\u00e9mentaires ?<\/h4>\n<p>N&rsquo;h\u00e9sitez pas \u00e0 consulter une infirmi\u00e8re ou un m\u00e9decin pour obtenir des conseils sur le traitement et discuter des options possibles. La recherche d&rsquo;une aide professionnelle peut \u00eatre une \u00e9tape importante dans la gestion et le traitement du pipi au lit ou de l&rsquo;\u00e9nur\u00e9sie nocturne. <\/p>\n<footer>\u00a9 2024 Pjama.<\/footer>\n","protected":false},"excerpt":{"rendered":"<div class=\"product-description\">\n<h3><span data-sheets-root=\"1\">Short d&rsquo;\u00e9nur\u00e9sie absorbant pour adultes &#8211; discret et confortable.<\/span><\/h3>\n<p>Les shorts anti-\u00e9nur\u00e9sie Pjama Protect pour adultes sont une solution facile \u00e0 entretenir, discr\u00e8te et confortable pour les adultes ayant des probl\u00e8mes d&rsquo;\u00e9nur\u00e9sie.<\/p>\n<ul>\n<li>Respirant et compl\u00e8tement imperm\u00e9able pour garder le lit au sec.<\/li>\n<li>Aussi doux et confortable qu&rsquo;un short de pyjama classique.<\/li>\n<li>Lavable en machine \u00e0 60\u00b0C et peut \u00eatre s\u00e9ch\u00e9 par culbutage.<\/li>\n<\/ul>\n<p>Besoin d&rsquo;une taille plus petite ? D\u00e9couvrez notre <a href=\"https:\/\/pjama.eu\/fr\/pantalon-anti-pipi-au-lit\/\">gamme pour enfants<\/a>, qui offre la m\u00eame protection et le m\u00eame confort dans des tailles plus grandes. <\/p>\n<\/div>\n","protected":false},"featured_media":31303,"template":"","meta":{"_et_pb_use_builder":"","_et_pb_old_content":"","_et_gb_content_width":""},"product_brand":[],"product_cat":[424,371,425],"product_tag":[],"class_list":{"0":"post-25128","1":"product","2":"type-product","3":"status-publish","4":"has-post-thumbnail","6":"product_cat-pjama-original","7":"product_cat-adulte","8":"product_cat-pjamaprotect_2025","9":"product_shipping_class-lue","10":"pa_size-grandes-dimensions","11":"pa_size-large","12":"pa_size-moyen","13":"pa_size-petit","14":"pa_size-xlarge","15":"pa_size-xwide","16":"pa_size-xxwide","18":"first","19":"instock","20":"taxable","21":"shipping-taxable","22":"purchasable","23":"product-type-variable"},"composite_virtual":false,"composite_layout":"","composite_add_to_cart_form_location":"","composite_editable_in_cart":false,"composite_sold_individually_context":"","composite_shop_price_calc":"","composite_components":[],"composite_scenarios":[],"_links":{"self":[{"href":"https:\/\/pjama.eu\/fr\/wp-json\/wp\/v2\/product\/25128","targetHints":{"allow":["GET"]}}],"collection":[{"href":"https:\/\/pjama.eu\/fr\/wp-json\/wp\/v2\/product"}],"about":[{"href":"https:\/\/pjama.eu\/fr\/wp-json\/wp\/v2\/types\/product"}],"wp:featuredmedia":[{"embeddable":true,"href":"https:\/\/pjama.eu\/fr\/wp-json\/wp\/v2\/media\/31303"}],"wp:attachment":[{"href":"https:\/\/pjama.eu\/fr\/wp-json\/wp\/v2\/media?parent=25128"}],"wp:term":[{"taxonomy":"product_brand","embeddable":true,"href":"https:\/\/pjama.eu\/fr\/wp-json\/wp\/v2\/product_brand?post=25128"},{"taxonomy":"product_cat","embeddable":true,"href":"https:\/\/pjama.eu\/fr\/wp-json\/wp\/v2\/product_cat?post=25128"},{"taxonomy":"product_tag","embeddable":true,"href":"https:\/\/pjama.eu\/fr\/wp-json\/wp\/v2\/product_tag?post=25128"}],"curies":[{"name":"wp","href":"https:\/\/api.w.org\/{rel}","templated":true}]}}