{"id":25666,"date":"2023-12-01T14:09:29","date_gmt":"2023-12-01T13:09:29","guid":{"rendered":"https:\/\/pjama.eu\/product\/taie-doreiller-pjama-protect\/"},"modified":"2026-03-24T13:19:20","modified_gmt":"2026-03-24T12:19:20","slug":"taie-doreiller-pjama-protect","status":"publish","type":"product","link":"https:\/\/pjama.eu\/fr\/produit\/taie-doreiller-pjama-protect\/","title":{"rendered":"Taie d&rsquo;oreiller Pjama Protect"},"content":{"rendered":"<h3 style=\"color:#d35917;\">Protection de l&rsquo;oreiller et de la taie d&rsquo;oreiller en un !<\/h3>\n<p><strong>La taie d&rsquo;oreiller Pjama Protect est fabriqu\u00e9e \u00e0 partir de fibres Tencel, plus douces que la soie, ce qui fait de votre oreiller un endroit o\u00f9 il fait bon dormir.<\/strong><\/p>\n<p> <strong> Imperm\u00e9able <\/strong><br \/>\nLa fine membrane en polyur\u00e9thane emp\u00eache les liquides de p\u00e9n\u00e9trer dans l&rsquo;oreiller tout en agissant comme une barri\u00e8re contre la poussi\u00e8re. Elle entoure l&rsquo;ensemble de l&rsquo;oreiller avec une fermeture \u00e0 glissi\u00e8re sur le c\u00f4t\u00e9. <\/p>\n<p> <strong> Barri\u00e8re anti-poussi\u00e8re <\/strong><br \/>\nGr\u00e2ce \u00e0 la fine membrane de polyur\u00e9thane, le tissu sert de barri\u00e8re anti-poussi\u00e8re, emp\u00eachant l&rsquo;inhalation d&rsquo;acariens \u00e0 l&rsquo;origine d&rsquo;allergies respiratoires. Sans traitement chimique. <\/p>\n<p> <strong> Respirant <\/strong><br \/>\nLe tissu emp\u00eache les liquides de s&rsquo;infiltrer tout en restant parfaitement respirant.<\/p>\n<p> <strong> Naturel <\/strong><br \/>\nLa surface du tissu est 100 % naturelle, fabriqu\u00e9e \u00e0 partir de fibres de bois : TENCEL\u2122 \/ SMARTCEL\u2122. Sans traitement chimique. <\/p>\n<p> <strong> Silent <\/strong><br \/>\nUn tissu totalement discret : imperceptible et silencieux.<\/p>\n<p> <strong> Antibact\u00e9rien <\/strong><br \/>\nGr\u00e2ce aux fibres TENCEL\u2122 Lyocell, qui assurent un excellent contr\u00f4le de l&rsquo;humidit\u00e9, et aux fibres SMARTCEL\u2122, qui poss\u00e8dent d&rsquo;importantes propri\u00e9t\u00e9s antibact\u00e9riennes, la croissance bact\u00e9rienne est emp\u00each\u00e9e.<\/p>\n<p> <strong> Entretien facile <\/strong><br \/>\nLavable en machine \u00e0 60\u00b0C et s\u00e9chage par culbutage \u00e0 basse temp\u00e9rature.<\/p>\n<p> <strong> Bi-\u00e9lastique <\/strong><br \/>\nIl s&rsquo;adapte parfaitement \u00e0 l&rsquo;oreiller qu&rsquo;il prot\u00e8ge.<\/p>\n<p> <strong> Effet cosm\u00e9tique <\/strong><br \/>\nL&rsquo;oxyde de zinc est bon pour la peau et favorise la r\u00e9g\u00e9n\u00e9ration naturelle des cellules cutan\u00e9es.<\/p>\n<p> <strong> Contr\u00f4le des odeurs <\/strong><br \/>\nLes fibres TENCEL\u2122 et SMARTCEL\u2122 emp\u00eachent les odeurs caus\u00e9es par la croissance bact\u00e9rienne et fongique.<\/p>\n<p> <strong> Respect de l&rsquo;environnement <\/strong><br \/>\nLe processus de fabrication du tissu et du produit fini est respectueux de l&rsquo;environnement.<\/p>\n","protected":false},"excerpt":{"rendered":"<h4><span data-sheets-root=\"1\">Taie d&rsquo;oreiller protectrice avec membrane respirante<\/span><\/h4>\n<p><strong>La taie d&rsquo;oreiller Pjama Protect est fabriqu\u00e9e \u00e0 partir de fibres Tencel, plus douces que la soie, ce qui fait de votre oreiller un endroit o\u00f9 il fait bon dormir.<\/strong><\/p>\n<p>Nos lits et nos oreillers sont expos\u00e9s quotidiennement \u00e0 toute une s\u00e9rie de facteurs nocifs. Nos taies d&rsquo;oreiller prot\u00e8gent votre oreiller contre des probl\u00e8mes tels que : <\/p>\n<p>&#8211; Humidit\u00e9 &#8211; Chaque nuit, une personne perd jusqu&rsquo;\u00e0 0,5 litre d&rsquo;eau par \u00e9vaporation.<br \/>\n&#8211; Fuites d&rsquo;incontinence &#8211; \u00c0 diff\u00e9rents stades de la vie, nous pouvons \u00eatre confront\u00e9s \u00e0 l&rsquo;\u00e9nur\u00e9sie ou au pipi au lit.<br \/>\n&#8211; Salet\u00e9s et liquides &#8211; provenant de la nourriture, des animaux domestiques et d&rsquo;autres sources.<br \/>\n&#8211; Acariens et allerg\u00e8nes.<\/p>\n<p>La fine membrane en polyur\u00e9thane emp\u00eache les liquides de p\u00e9n\u00e9trer dans l&rsquo;oreiller tout en agissant comme une barri\u00e8re contre la poussi\u00e8re, \u00e9vitant ainsi l&rsquo;inhalation d&rsquo;acariens et favorisant les allergies. Elle prot\u00e8ge l&rsquo;ensemble de l&rsquo;oreiller, ferm\u00e9 par une fermeture \u00e0 glissi\u00e8re sur le c\u00f4t\u00e9. Les protecteurs sont de la plus haute qualit\u00e9 et sont class\u00e9s comme produits m\u00e9dico-techniques.  <\/p>\n<p>Si vous ou votre enfant souffrez d&rsquo;<em>\u00e9nur\u00e9sie<\/em>, vous pouvez en savoir plus <a href=\"https:\/\/pjama.eu\/fr\/quest-ce-que-lenuresie\/\">ici.<\/a><\/p>\n","protected":false},"featured_media":22884,"template":"","meta":{"_et_pb_use_builder":"","_et_pb_old_content":"","_et_gb_content_width":""},"product_brand":[],"product_cat":[512,313,425],"product_tag":[],"class_list":{"0":"post-25666","1":"product","2":"type-product","3":"status-publish","4":"has-post-thumbnail","6":"product_cat-protection-des-matelas-et-de-la-literie","7":"product_cat-les-enfants","8":"product_cat-pjamaprotect_2025","9":"product_shipping_class-lue","10":"pa_size-55-x-35-cm","11":"pa_size-55-x-60-cm","13":"first","14":"instock","15":"taxable","16":"shipping-taxable","17":"purchasable","18":"product-type-variable"},"composite_virtual":false,"composite_layout":"","composite_add_to_cart_form_location":"","composite_editable_in_cart":false,"composite_sold_individually_context":"","composite_shop_price_calc":"","composite_components":[],"composite_scenarios":[],"_links":{"self":[{"href":"https:\/\/pjama.eu\/fr\/wp-json\/wp\/v2\/product\/25666","targetHints":{"allow":["GET"]}}],"collection":[{"href":"https:\/\/pjama.eu\/fr\/wp-json\/wp\/v2\/product"}],"about":[{"href":"https:\/\/pjama.eu\/fr\/wp-json\/wp\/v2\/types\/product"}],"wp:featuredmedia":[{"embeddable":true,"href":"https:\/\/pjama.eu\/fr\/wp-json\/wp\/v2\/media\/22884"}],"wp:attachment":[{"href":"https:\/\/pjama.eu\/fr\/wp-json\/wp\/v2\/media?parent=25666"}],"wp:term":[{"taxonomy":"product_brand","embeddable":true,"href":"https:\/\/pjama.eu\/fr\/wp-json\/wp\/v2\/product_brand?post=25666"},{"taxonomy":"product_cat","embeddable":true,"href":"https:\/\/pjama.eu\/fr\/wp-json\/wp\/v2\/product_cat?post=25666"},{"taxonomy":"product_tag","embeddable":true,"href":"https:\/\/pjama.eu\/fr\/wp-json\/wp\/v2\/product_tag?post=25666"}],"curies":[{"name":"wp","href":"https:\/\/api.w.org\/{rel}","templated":true}]}}