{"id":28730,"date":"2020-03-21T12:23:06","date_gmt":"2020-03-21T11:23:06","guid":{"rendered":"https:\/\/pjama.eu\/product\/pjama-protect-short-denuresie-pour-enfants-kit-de-demarrage\/"},"modified":"2026-03-25T09:45:34","modified_gmt":"2026-03-25T08:45:34","slug":"pjama-protect-short-denuresie-pour-enfants-kit-de-demarrage","status":"publish","type":"product","link":"https:\/\/pjama.eu\/fr\/produit\/pjama-protect-short-denuresie-pour-enfants-kit-de-demarrage\/","title":{"rendered":"Pjama Protect Short d&rsquo;\u00e9nur\u00e9sie pour enfants &#8211; Kit de d\u00e9marrage"},"content":{"rendered":"<h3 style=\"color: #d35917;\">Pjama Protect Short d&rsquo;\u00e9nur\u00e9sie pour enfants &#8211; Kit de d\u00e9marrage. Une solution compl\u00e8te pour l&rsquo;\u00e9nur\u00e9sie <\/h3>\n<p>Le short d&rsquo;\u00e9nur\u00e9sie Pjama Protect pour enfants &#8211; Kit de d\u00e9marrage est une solution innovante et pratique pour g\u00e9rer l&rsquo;\u00e9nur\u00e9sie de mani\u00e8re confortable, s\u00fbre et efficace. Ce kit de d\u00e9marrage comprend <strong>deux (2) paires de Short Pjama Protect pour l&rsquo;\u00e9nur\u00e9sie et un (1) sac de Pjama imperm\u00e9able<\/strong>, ce qui en fait une solution tout-en-un facile \u00e0 utiliser \u00e0 la maison et en voyage. <\/p>\n<p>Les cale\u00e7ons imperm\u00e9ables et r\u00e9utilisables sont con\u00e7us pour assurer la tranquillit\u00e9 d&rsquo;esprit et le confort des enfants et des parents, tandis que le sac Pjama imperm\u00e9able facilite la gestion des cale\u00e7ons usag\u00e9s pendant les soir\u00e9es pyjama ou en d\u00e9placement. Les shorts permettent de garder le lit sec toute la nuit, ce qui \u00e9vite d&rsquo;avoir \u00e0 changer la literie apr\u00e8s un accident et permet \u00e0 toute la famille de passer des nuits plus calmes sur le site<br \/>\n. <\/p>\n<p>Le kit de d\u00e9marrage est une solution id\u00e9ale pour les parents qui recherchent une m\u00e9thode <strong>\u00e9cologique et rentable<\/strong> pour lutter contre l&rsquo;\u00e9nur\u00e9sie. Les culottes r\u00e9utilisables r\u00e9duisent le besoin de produits jetables comme les couches, ce qui est b\u00e9n\u00e9fique pour l&rsquo;environnement et le porte-monnaie. En outre, les culottes sont douces pour la peau de l&rsquo;enfant et fabriqu\u00e9es \u00e0 partir de mat\u00e9riaux de haute qualit\u00e9 certifi\u00e9s pour une utilisation s\u00fbre.  <\/p>\n<p>Que ce soit \u00e0 la maison, en voyage ou lorsque l&rsquo;enfant reste \u00e0 l&rsquo;ext\u00e9rieur, le short anti-\u00e9nur\u00e9sie Pjama Protect pour enfants &#8211; Kit de d\u00e9marrage offre une solution discr\u00e8te et pratique qui facilite le quotidien et le rend plus confortable pour les enfants comme pour les parents.<\/p>\n<h4 style=\"color: #072130;\">Que contient le kit de d\u00e9marrage ?<\/h4>\n<ul>\n<li><strong>2 paires de Short Pjama Protect anti-\u00e9nur\u00e9sie pour enfants<\/strong> &#8211; Short confortable, discret et imperm\u00e9able qui prot\u00e8ge le lit des accidents.<\/li>\n<li>1 sac \u00e0 Pjama imperm\u00e9able \u2013 Id\u00e9al pour ranger les shorts usag\u00e9s lors de soir\u00e9es pyjama ou de voyages.<\/li>\n<\/ul>\n<h4 style=\"color: #072130;\">Avantages du short d&rsquo;\u00e9nur\u00e9sie Pjama Protect pour enfants &#8211; Kit de d\u00e9marrage<\/h4>\n<ul>\n<li><strong>Prot\u00e8ge le lit :<\/strong> Les shorts gardent le lit au sec et r\u00e9duisent la n\u00e9cessit\u00e9 de changer la literie au milieu de la nuit.<\/li>\n<li><strong>Discret et \u00e9l\u00e9gant :<\/strong> Il ressemble \u00e0 un short de pyjama ordinaire, ce qui le rend parfait pour les soir\u00e9es pyjama entre amis ou en famille.<\/li>\n<li><strong>Option \u00e9cologique :<\/strong> Des shorts r\u00e9utilisables qui r\u00e9duisent les d\u00e9chets des produits jetables.<\/li>\n<li>Pyama pratique : le sac \u00e9tanche permet de ranger facilement le short usag\u00e9 sans risque de fuite.<\/li>\n<\/ul>\n<h4 style=\"color: #072130;\">Une solution s\u00fbre et confortable<\/h4>\n<p>Les shorts anti-\u00e9nur\u00e9sie Pjama Protect sont fabriqu\u00e9s \u00e0 partir de mat\u00e9riaux respirants et imperm\u00e9ables, ce qui les rend confortables \u00e0 porter toute la nuit. Le tissu Tencel de haute qualit\u00e9, <a href=\"https:\/\/www.oeko-tex.com\/en\/our-standards\/oeko-tex-standard-100\" target=\"_blank\" rel=\"noopener\">certifi\u00e9 Oeko-Tex<\/a>, assure le confort des peaux sensibles. Le sac Pjama imperm\u00e9able inclus facilite la gestion des shorts utilis\u00e9s lors des voyages ou des soir\u00e9es pyjama.  <\/p>\n<h4 style=\"color: #072130;\">Parfait pour les soir\u00e9es pyjama et les voyages<\/h4>\n<p>Avec les shorts Pjama Protect anti-\u00e9nur\u00e9sie pour enfants &#8211; Kit de d\u00e9marrage, votre enfant peut se sentir en s\u00e9curit\u00e9, m\u00eame pendant les soir\u00e9es pyjama loin de la maison. Les shorts ressemblent \u00e0 des shorts de pyjama ordinaires, et le sac inclus permet de les manipuler facilement en cas d&rsquo;accident. <\/p>\n<h4 style=\"color: #072130;\">Des tailles pour les enfants de tous \u00e2ges<\/h4>\n<p>Les shorts sont disponibles dans des tailles allant de 98 \u00e0 164 cm, ce qui les rend adapt\u00e9s aux enfants de diff\u00e9rents \u00e2ges. Pour les tailles plus grandes, consultez nos <a href=\"https:\/\/pjama.eu\/fr\/incontinence-nocturne-adulte\/\">mod\u00e8les pour adultes<\/a>. Utilisez notre <a href=\"https:\/\/pjama.eu\/fr\/guide-des-tailles\/\">guide des tailles<\/a> pour trouver la bonne taille pour votre enfant. Il est important que le short soit bien ajust\u00e9 \u00e0 la taille sans \u00eatre trop serr\u00e9.  <\/p>\n<h4 style=\"color: #072130;\">Entretien facile<\/h4>\n<ul>\n<li>Le short est lavable en machine \u00e0 60\u00b0C et peut \u00eatre s\u00e9ch\u00e9 au s\u00e8che-linge.<\/li>\n<li>Lors du lavage, mettez le short \u00e0 l&rsquo;envers pour que l&rsquo;humidit\u00e9 soit \u00e9vacu\u00e9e pendant l&rsquo;essorage.<\/li>\n<li>Le sac \u00e0 Pjama imperm\u00e9able peut \u00eatre lav\u00e9 en machine ou simplement rinc\u00e9 et r\u00e9utilis\u00e9.<\/li>\n<li>Pour plus de d\u00e9tails, consultez nos <a href=\"https:\/\/pjama.eu\/fr\/entretien-pjama\/\">instructions d&rsquo;entretien<\/a>.<br \/>\nPjama<b>garantit au moins 100 lavages et jusqu&rsquo;\u00e0 4 mois d&rsquo;utilisation r\u00e9guli\u00e8re lorsqu&rsquo;il est entretenu conform\u00e9ment \u00e0 nos instructions de lavage.<\/b><\/li>\n<\/ul>\n<h4 style=\"color: #072130;\">G\u00e9rer efficacement l&rsquo;\u00e9nur\u00e9sie<\/h4>\n<ul>\n<li><strong>Utilisation comme aide :<\/strong> Les short d&rsquo;\u00e9nur\u00e9sie sont une solution simple pour garder le lit au sec.<\/li>\n<li><strong>Pour le traitement :<\/strong> Combinez avec nos <a href=\"https:\/\/pjama.eu\/fr\/alarme-pipi-au-lit\/\">alarmes pipi au lit et nos sous-v\u00eatements de traitement<\/a> pour aider votre enfant \u00e0 arr\u00eater de faire pipi au lit.<\/li>\n<li><strong>DryGuardians App :<\/strong> Suivez les progr\u00e8s de votre enfant et enregistrez-les dans l&rsquo;<a href=\"https:\/\/pjama.eu\/fr\/alarme-pipi-au-lit-application\/\">appli DryGuardians<\/a>.<\/li>\n<\/ul>\n<h4 style=\"color: #072130;\">Qu&rsquo;est-ce que l&rsquo;\u00e9nur\u00e9sie nocturne ?<\/h4>\n<p>L&rsquo;\u00e9nur\u00e9sie est un probl\u00e8me courant qui peut \u00eatre d\u00fb \u00e0 la maturation de la vessie ou \u00e0 un sommeil profond. Il est important de se rappeler que ce n&rsquo;est pas la faute de l&rsquo;enfant et qu&rsquo;avec le soutien ad\u00e9quat,<br \/>\ndes progr\u00e8s significatifs peuvent \u00eatre r\u00e9alis\u00e9s. <\/p>\n<h4 style=\"color: #072130;\">Besoin d&rsquo;aide ?<\/h4>\n<p>Consultez votre m\u00e9decin ou votre infirmi\u00e8re si vous avez des questions sur l&rsquo;\u00e9nur\u00e9sie ou les options de traitement.<br \/>\nAvec les shorts anti-\u00e9nur\u00e9sie Pjama Protect pour enfants &#8211; Kit de d\u00e9marrage, vous aurez \u00e0 la fois l&rsquo;esprit tranquille et le confort &#8211; \u00e0 la maison et en d\u00e9placement !<\/p>\n<footer>\u00a9 2024 Pjama.<\/footer>\n","protected":false},"excerpt":{"rendered":"<h3><span data-sheets-root=\"1\">Offre group\u00e9e : short d&rsquo;\u00e9nur\u00e9sie absorbant + \u00e9l\u00e9ments essentiels pour commencer \u00e0 se prot\u00e9ger au lit.<\/span><\/h3>\n<p>Un kit de d\u00e9marrage pratique comprenant deux shorts Pjama Protect anti-\u00e9nur\u00e9sie pour enfants, imperm\u00e9ables et confortables,<br \/>\n, ainsi qu&rsquo;un sac de rangement imperm\u00e9able.<\/p>\n<ul>\n<li>Prot\u00e8ge le lit : Imperm\u00e9able et respirant.<\/li>\n<li>Discret et doux : Ressemble \u00e0 un pantalon de pyjama ordinaire.<\/li>\n<li>Facile d&rsquo;entretien : Lavable en machine et s\u00e9chable au s\u00e8che-linge.<\/li>\n<\/ul>\n<p>Parfait pour la maison et les soir\u00e9es pyjama !<\/p>\n","protected":false},"featured_media":30985,"template":"","meta":{"_et_pb_use_builder":"","_et_pb_old_content":"","_et_gb_content_width":""},"product_brand":[],"product_cat":[424,313,425],"product_tag":[],"class_list":{"0":"post-28730","1":"product","2":"type-product","3":"status-publish","4":"has-post-thumbnail","6":"product_cat-pjama-original","7":"product_cat-les-enfants","8":"product_cat-pjamaprotect_2025","9":"product_shipping_class-lue","10":"pa_size-10-12-ans","11":"pa_size-3-4-ans","12":"pa_size-5-6-ans","13":"pa_size-6-8-ans","14":"pa_size-8-10-ans","15":"pa_size-petit","17":"first","18":"instock","19":"taxable","20":"shipping-taxable","21":"purchasable","22":"product-type-composite"},"composite_virtual":false,"composite_layout":"single","composite_add_to_cart_form_location":"default","composite_editable_in_cart":false,"composite_sold_individually_context":"product","composite_shop_price_calc":"min_max","composite_components":[{"id":"1743168533","title":"Sac Pjama","description":"<p>Sac imperm\u00e9able pour ranger les v\u00eatements mouill\u00e9s lorsque l'on dort \u00e0 l'ext\u00e9rieur.<\/p>\n","query_type":"product_ids","query_ids":[24769],"default_option_id":24769,"thumbnail_id":4402,"thumbnail_src":"https:\/\/pjama.eu\/wp-content\/uploads\/Pjama_bag.jpeg","quantity_min":1,"quantity_max":1,"priced_individually":true,"shipped_individually":false,"optional":false,"discount":"","options_style":"dropdowns","pagination_style":"classic","display_prices":"absolute","show_sorting_options":false,"show_filtering_options":false,"attribute_filter_ids":[],"select_action":"view","product_title_visible":false,"product_descr_visible":false,"product_price_visible":true,"product_thumb_visible":true,"subtotal_visible_product":false,"subtotal_visible_cart":true,"subtotal_visible_orders":true},{"id":"1743168534","title":"Short Pjama pour l&#039;\u00e9nur\u00e9sie","description":"<p>Un pyjama absorbant qui garde le lit au sec.<\/p>\n","query_type":"product_ids","query_ids":[24944],"default_option_id":24944,"thumbnail_id":7507,"thumbnail_src":"https:\/\/pjama.eu\/wp-content\/uploads\/Shorts_Pjama-1-1.jpeg","quantity_min":2,"quantity_max":6,"priced_individually":true,"shipped_individually":false,"optional":false,"discount":"","options_style":"dropdowns","pagination_style":"classic","display_prices":"absolute","show_sorting_options":false,"show_filtering_options":false,"attribute_filter_ids":[],"select_action":"view","product_title_visible":false,"product_descr_visible":false,"product_price_visible":true,"product_thumb_visible":true,"subtotal_visible_product":false,"subtotal_visible_cart":true,"subtotal_visible_orders":true}],"composite_scenarios":[],"_links":{"self":[{"href":"https:\/\/pjama.eu\/fr\/wp-json\/wp\/v2\/product\/28730","targetHints":{"allow":["GET"]}}],"collection":[{"href":"https:\/\/pjama.eu\/fr\/wp-json\/wp\/v2\/product"}],"about":[{"href":"https:\/\/pjama.eu\/fr\/wp-json\/wp\/v2\/types\/product"}],"wp:featuredmedia":[{"embeddable":true,"href":"https:\/\/pjama.eu\/fr\/wp-json\/wp\/v2\/media\/30985"}],"wp:attachment":[{"href":"https:\/\/pjama.eu\/fr\/wp-json\/wp\/v2\/media?parent=28730"}],"wp:term":[{"taxonomy":"product_brand","embeddable":true,"href":"https:\/\/pjama.eu\/fr\/wp-json\/wp\/v2\/product_brand?post=28730"},{"taxonomy":"product_cat","embeddable":true,"href":"https:\/\/pjama.eu\/fr\/wp-json\/wp\/v2\/product_cat?post=28730"},{"taxonomy":"product_tag","embeddable":true,"href":"https:\/\/pjama.eu\/fr\/wp-json\/wp\/v2\/product_tag?post=28730"}],"curies":[{"name":"wp","href":"https:\/\/api.w.org\/{rel}","templated":true}]}}