{"id":28752,"date":"2021-02-01T11:59:38","date_gmt":"2021-02-01T10:59:38","guid":{"rendered":"https:\/\/pjama.eu\/product\/pjama-dryguardians-sous-vetements-et-alarme-boxers\/"},"modified":"2026-03-24T14:56:33","modified_gmt":"2026-03-24T13:56:33","slug":"pjama-dryguardians-sous-vetements-et-alarme-boxers","status":"publish","type":"product","link":"https:\/\/pjama.eu\/fr\/produit\/pjama-dryguardians-sous-vetements-et-alarme-boxers\/","title":{"rendered":"Pjama DryGuardians &#8211; Sous-v\u00eatements et Alarme &#8211; Boxers"},"content":{"rendered":"<h3 style=\"color: #d35917;\">Pjama DryGuardians &#8211; Sous-v\u00eatements et Alarme pipi au lit &#8211; Boxers &#8211; Traitement efficace de l&rsquo;\u00e9nur\u00e9sie pour les gar\u00e7ons<\/h3>\n<p>Pjama DryGuardians &#8211; Kit Alarme pipi au lit &#8211; Boxers est la solution parfaite pour les gar\u00e7ons qui souffrent de pipi au lit (\u00e9nur\u00e9sie nocturne). En combinaison avec notre appli DryGuardians, vous obtenez un traitement efficace et confortable contre le pipi au lit. Ces sous-v\u00eatements contre l&rsquo;\u00e9nur\u00e9sie sont dot\u00e9s de fils capteurs cousus qui d\u00e9tectent rapidement l&rsquo;humidit\u00e9 et activent l&rsquo;alarme pipi au lit pour aider l&rsquo;enfant \u00e0 se r\u00e9veiller et \u00e0 arr\u00eater d&rsquo;uriner. Le service de traitement DryGuardians analyse l&rsquo;\u00e9nur\u00e9sie et fournit des astuces, des conseils et des pr\u00e9dictions sur mesure tout au long du processus.   <\/p>\n<p>T\u00e9l\u00e9chargez l&rsquo;application DryGuardians sur <a href=\"https:\/\/play.google.com\/store\/apps\/details?id=com.pjama&amp;hl=fr&amp;gl=FR\" target=\"_blank\" rel=\"noopener\">Google Play<\/a> ou <a href=\"https:\/\/apps.apple.com\/fr\/app\/dryguardians\/id1498084664\" target=\"_blank\" rel=\"noopener\">App Store<\/a> pour suivre vos progr\u00e8s et recevoir des conseils personnalis\u00e9s tout au long du traitement de l&rsquo;\u00e9nur\u00e9sie nocturne.<\/p>\n<h4 style=\"color: #072130;\">Caract\u00e9ristiques<\/h4>\n<p>L&rsquo;Alarme pipi au lit est con\u00e7ue pour aider les enfants et les adultes qui font pipi au lit et fonctionne comme un traitement de premi\u00e8re intention de l&rsquo;\u00e9nur\u00e9sie. Le capteur fix\u00e9 sur les sous-v\u00eatements Pjama est reli\u00e9 \u00e0 une unit\u00e9 d&rsquo;alarme qui s&rsquo;active lorsqu&rsquo;elle d\u00e9tecte de l&rsquo;humidit\u00e9. Ce traitement d&rsquo;Alarme pipi au lit fonctionne en stoppant imm\u00e9diatement l&rsquo;\u00e9nur\u00e9sie, en entra\u00eenant le cerveau \u00e0 r\u00e9pondre aux signaux du corps.  <\/p>\n<p>Pjama DryGuardians &#8211; Sous-v\u00eatements et Alarme &#8211; Boxers est sp\u00e9cialement con\u00e7u pour l&rsquo;anatomie des gar\u00e7ons et la zone cible du jet d&rsquo;urine. Le short d&rsquo;\u00e9nur\u00e9sie est \u00e9quip\u00e9 de deux petits boutons \u00e0 la taille o\u00f9 vous pouvez facilement attacher le capteur de l&rsquo;alarme pipi au lit. Les fils du capteur cousus autour de l&rsquo;entrejambe permettent au syst\u00e8me d&rsquo;alarme de d\u00e9tecter facilement l&rsquo;humidit\u00e9 et d&rsquo;activer rapidement une alarme anti-pipi au lit, ce qui permet de traiter efficacement et en toute s\u00e9curit\u00e9 l&rsquo;\u00e9nur\u00e9sie nocturne.  <\/p>\n<p>Les fils du capteur cousus dans le Pjama DryGuardians &#8211; Sous-v\u00eatements et Alarme &#8211; Boxers augmentent la zone cible et am\u00e9liorent la pr\u00e9cision de la d\u00e9tection. Cela signifie que, quel que soit l&rsquo;endroit o\u00f9 l&rsquo;urine atterrit ou la position de sommeil de votre enfant, l&rsquo;Alarme pipi au lit d\u00e9tectera en toute s\u00e9curit\u00e9 l&rsquo;\u00e9nur\u00e9sie. Cela peut s&rsquo;av\u00e9rer particuli\u00e8rement utile pour les gar\u00e7ons, car la zone o\u00f9 l&rsquo;urine entre en contact pour la premi\u00e8re fois varie souvent.  <\/p>\n<h4 style=\"color: #072130;\">Utilisation<\/h4>\n<p>Porter les Pjama DryGuardians Sous-v\u00eatements &#8211; Boxers est aussi confortable que de porter des sous-v\u00eatements ordinaires, ce qui les rend id\u00e9aux pour les enfants qui souffrent d&rsquo;\u00e9nur\u00e9sie nocturne. Pjama DryGuardians &#8211; Sous-v\u00eatements et Alarme &#8211; Boxers pour l&rsquo;\u00e9nur\u00e9sie nocturne n&rsquo;absorbe pas les liquides. Le traitement se concentre sur la rupture de l&rsquo;habitude d&rsquo;uriner au lit.  <\/p>\n<p>Le paquet contient :<\/p>\n<ul>\n<li>2 x Pjama DryGuardians &#8211; Sous-v\u00eatements &#8211; Boxers<\/li>\n<li>1 x Pjama DryGuardians Bedwetting Alarme Kit (capteur et unit\u00e9 sonore)<\/li>\n<\/ul>\n<p>Il suffit de clipser le capteur sur la ceinture avant de votre Pjama DryGuardians Sous-v\u00eatements et de d\u00e9clencher l&rsquo;alarme pipi au lit, et vous \u00eates pr\u00eat \u00e0 commencer le traitement ! Placez l&rsquo;Alarme pipi au lit pr\u00e8s du lit.<br \/>\nSi vous ou votre enfant faites pipi au lit, les fils sensibles du capteur cousus dans le sous-v\u00eatement activeront rapidement l&rsquo;alarme. Vous ou votre enfant pouvez facilement arr\u00eater l&rsquo;alarme en appuyant sur le \u00ab\u00a0bouton ON\/OFF\u00a0\u00bb situ\u00e9 sur le dessus de l&rsquo;alarme, puis aller aux toilettes pour finir d&rsquo;uriner.  <\/p>\n<p>Pour utiliser l&rsquo;Alarme pipi au lit avec votre smartphone et participer au service de traitement, t\u00e9l\u00e9chargez l&rsquo;appli DryGuardians. L&rsquo;alarme se connecte automatiquement \u00e0 l&rsquo;appli DryGuardians lorsqu&rsquo;elle est ouverte sur votre t\u00e9l\u00e9phone. <\/p>\n<h4 style=\"color: #072130;\">Entretien du capteur<\/h4>\n<p><span style=\"font-weight: 400;\">Pour des performances optimales, il convient de toujours retirer et s\u00e9cher le capteur apr\u00e8s utilisation.<\/span><span style=\"font-weight: 400;\"><br \/>\n<\/span><span style=\"font-weight: 400;\">\u00c9vitez de laisser l&rsquo;appareil attach\u00e9 \u00e0 un v\u00eatement mouill\u00e9 &#8211; vous \u00e9viterez ainsi la corrosion et prolongerez la dur\u00e9e de vie de la batterie.<\/span><\/p>\n<h4 style=\"color: #072130;\">Caract\u00e9ristiques et avantages de Pjama DryGuardians &#8211; Sous-v\u00eatements et Alarme &#8211; Boxers<\/h4>\n<ul>\n<li><strong>Traitement efficace :<\/strong> Aide \u00e0 lutter contre l&rsquo;\u00e9nur\u00e9sie nocturne chez les enfants.<\/li>\n<li><strong>Personnalis\u00e9 pour les s\u00e9jours d&rsquo;une nuit :<\/strong> Utilisez votre smartphone et l&rsquo;application DryGuardians pour un traitement discret.<\/li>\n<li><strong>Chargement par USB :<\/strong> L&rsquo;unit\u00e9 d&rsquo;alarme se recharge facilement \u00e0 l&rsquo;aide d&rsquo;un chargeur USB.<\/li>\n<li><strong>Syst\u00e8me sans fil :<\/strong> L&rsquo;unit\u00e9 d&rsquo;alarme peut \u00eatre plac\u00e9e jusqu&rsquo;\u00e0 10 m\u00e8tres du capteur.<\/li>\n<li><strong>Notifications pour les parents :<\/strong> Connectez l&rsquo;Alarme pipi au lit au t\u00e9l\u00e9phone portable d&rsquo;un parent pour recevoir des notifications en cas de fuites.<\/li>\n<li><strong>D\u00e9tection s\u00fbre :<\/strong> Large zone cible adapt\u00e9e au flux d&rsquo;urine.<\/li>\n<li><strong>Confortable et doux :<\/strong> Fabriqu\u00e9s \u00e0 partir de tissus de haute qualit\u00e9, certifi\u00e9s Oeko-Tex, ils sont s\u00fbrs et doux pour la peau des enfants.<\/li>\n<li><strong>Durable :<\/strong> Lavable \u00e0 60 degr\u00e9s et peut \u00eatre s\u00e9ch\u00e9 par culbutage.<\/li>\n<\/ul>\n<p><span style=\"color: #666666; font-size: 14px;\">N&rsquo;oubliez pas de d\u00e9tacher le capteur Pjama de l&rsquo;Alarme pipi au lit lorsque vous ne l&rsquo;utilisez pas et avant de le laver.<\/span><\/p>\n<h4 style=\"color: #072130;\">L&rsquo;application DryGuardians et la clinique de l&rsquo;\u00e9nur\u00e9sie<\/h4>\n<p>Avec l&rsquo;appli DryGuardians, vous pouvez facilement suivre les progr\u00e8s r\u00e9alis\u00e9s dans le traitement de l&rsquo;\u00e9nur\u00e9sie nocturne et du pipi au lit. DryGuardians fournit des pr\u00e9dictions et des recommandations \u00e9labor\u00e9es en collaboration avec le syst\u00e8me de sant\u00e9 su\u00e9dois, adapt\u00e9es \u00e0 l&rsquo;\u00e9volution de votre traitement et garantissant qu&rsquo;il est optimis\u00e9 pour vos besoins et progr\u00e8s sp\u00e9cifiques. Enregistrez tous les accidents et observez les tendances au fil du temps, ce qui peut vous aider, vous ou votre enfant, \u00e0 rester motiv\u00e9. Les informations collect\u00e9es sont \u00e9galement utiles \u00e0 partager avec les m\u00e9decins si des conseils suppl\u00e9mentaires sont n\u00e9cessaires.   <\/p>\n<ul>\n<li>Utilisez l&rsquo;appli comme unit\u00e9 sonore pour votre Alarme pipi au lit et choisissez diff\u00e9rents sons d&rsquo;alarme.<\/li>\n<li>Enregistrez les r\u00e9sultats de la nuit dans le calendrier pour suivre vos progr\u00e8s et recevoir des conseils personnalis\u00e9s.<\/li>\n<li>Obtenez des conseils personnalis\u00e9s et un soutien pendant le traitement de l&rsquo;\u00e9nur\u00e9sie.<\/li>\n<li>R\u00e9glez des alarmes diurnes pour vous rappeler, \u00e0 vous ou \u00e0 votre enfant, d&rsquo;aller aux toilettes.<\/li>\n<\/ul>\n<p>L&rsquo;application DryGuardians est t\u00e9l\u00e9chargeable gratuitement sur <a href=\"https:\/\/play.google.com\/store\/apps\/details?id=com.pjama&amp;hl=fr&amp;gl=FR\" target=\"_blank\" rel=\"noopener\">Google Play<\/a> ou <a href=\"https:\/\/apps.apple.com\/fr\/app\/dryguardians\/id1498084664\" target=\"_blank\" rel=\"noopener\">App Store<\/a>. Pour en savoir plus sur notre clinique de l&rsquo;\u00e9nur\u00e9sie et sur la mani\u00e8re dont nous pouvons vous aider, vous ou votre enfant, consultez notre <a href=\"https:\/\/pjama.eu\/fr\/\">site web<\/a>. <\/p>\n<h4 style=\"color: #072130;\">Processus de traitement &#8211; La motivation et la patience sont essentielles<\/h4>\n<p>Le traitement de l&rsquo;\u00e9nur\u00e9sie nocturne n\u00e9cessite de la motivation et de la patience, surtout pendant les premi\u00e8res semaines. Pour les enfants comme pour les parents, il est important de fixer des objectifs r\u00e9alistes et de c\u00e9l\u00e9brer les progr\u00e8s r\u00e9alis\u00e9s. N&rsquo;oubliez pas que l&rsquo;objectif est d&rsquo;avoir un lit sec sans assistance, et que le chemin vers cet objectif peut \u00eatre facilit\u00e9 par des outils tels que DryGuardians pour les gar\u00e7ons. <\/p>\n<p>En tant que parent, vous pouvez maintenir la motivation de votre enfant en lui faisant des commentaires positifs et des compliments. Gr\u00e2ce \u00e0 l&rsquo;<em>appli DryGuardians<\/em>, vous pouvez recevoir des astuces et des conseils adapt\u00e9s \u00e0 l&rsquo;\u00e9volution de son traitement. Il s&rsquo;agit d&rsquo;un moyen s\u00fbr et efficace d&rsquo;am\u00e9liorer la vie quotidienne des enfants et des adultes souffrant d&rsquo;\u00e9nur\u00e9sie.  <\/p>\n<p>\u00a9 2024 Pjama.<\/p>\n","protected":false},"excerpt":{"rendered":"<h3>Pjama DryGuardians &#8211; Sous-v\u00eatements et Alarme &#8211; Boxers<\/h3>\n<p>Pjama DryGuardians &#8211; Alarme pipi au lit &#8211; Boxers est un service complet qui permet un traitement efficace et s\u00fbr de l&rsquo;\u00e9nur\u00e9sie (pipi au lit).<\/p>\n<ul>\n<li>Comprend 2 x Pjama DryGuardians Sous-v\u00eatements &#8211; Boxer et 1 x Pjama DryGuardians Alarme pipi au lit compl\u00e8te (capteur et unit\u00e9 sonore).<\/li>\n<li>Large zone cible pour une r\u00e9ponse rapide et s\u00fbre \u00e0 l&rsquo;\u00e9nur\u00e9sie.<\/li>\n<li>Aussi doux et confortable qu&rsquo;un cale\u00e7on classique.<\/li>\n<li>Lavable en machine \u00e0 60\u00b0C et peut \u00eatre s\u00e9ch\u00e9 par culbutage.<\/li>\n<\/ul>\n<p>T\u00e9l\u00e9chargez l&rsquo;application DryGuardians, un service de traitement gratuit pour les personnes qui font pipi au lit, sur <a href=\"https:\/\/play.google.com\/store\/apps\/details?id=com.pjama&amp;hl=fr&amp;gl=FR\">Google Play<\/a> ou <a href=\"https:\/\/apps.apple.com\/fr\/app\/dryguardians\/id1498084664\" target=\"_blank\" rel=\"noopener\">App Store.<\/a><\/p>\n","protected":false},"featured_media":31153,"template":"","meta":{"_et_pb_use_builder":"","_et_pb_old_content":"","_et_gb_content_width":""},"product_brand":[],"product_cat":[337,313,339,336],"product_tag":[],"class_list":{"0":"post-28752","1":"product","2":"type-product","3":"status-publish","4":"has-post-thumbnail","6":"product_cat-alarme-pipi-au-lit","7":"product_cat-les-enfants","8":"product_cat-pjamadryguardians_2025","9":"product_cat-traitement-du-pjama","10":"product_shipping_class-lue","11":"pa_size-10-12-ans","12":"pa_size-5-6-ans","13":"pa_size-6-8-ans","14":"pa_size-8-10-ans","15":"pa_size-petit","17":"first","18":"instock","19":"taxable","20":"shipping-taxable","21":"purchasable","22":"product-type-composite"},"composite_virtual":false,"composite_layout":"single","composite_add_to_cart_form_location":"default","composite_editable_in_cart":false,"composite_sold_individually_context":"product","composite_shop_price_calc":"min_max","composite_components":[{"id":"1743167486","title":"Alarme pipi lit en Pjama","description":"<p>Alarme pipi au lit avec Haut-parleur et capteur.  <\/p>\n","query_type":"product_ids","query_ids":[24637],"default_option_id":24637,"thumbnail_id":6376,"thumbnail_src":"https:\/\/pjama.eu\/wp-content\/uploads\/Pjama-alarm-600x400-1-300x300-1.jpeg","quantity_min":1,"quantity_max":1,"priced_individually":true,"shipped_individually":false,"optional":false,"discount":"","options_style":"dropdowns","pagination_style":"classic","display_prices":"absolute","show_sorting_options":false,"show_filtering_options":false,"attribute_filter_ids":[],"select_action":"view","product_title_visible":false,"product_descr_visible":false,"product_price_visible":true,"product_thumb_visible":true,"subtotal_visible_product":false,"subtotal_visible_cart":true,"subtotal_visible_orders":true},{"id":"1743167487","title":"Boxer de traitement","description":"<p>Sous-v\u00eatements Boxer pour le traitement de l'\u00e9nur\u00e9sie. Non-absorbant. <\/p>\n","query_type":"product_ids","query_ids":[24878],"default_option_id":24878,"thumbnail_id":3726,"thumbnail_src":"https:\/\/pjama.eu\/wp-content\/uploads\/Boxer-underwear.jpg","quantity_min":2,"quantity_max":9,"priced_individually":true,"shipped_individually":false,"optional":false,"discount":"","options_style":"dropdowns","pagination_style":"classic","display_prices":"absolute","show_sorting_options":false,"show_filtering_options":false,"attribute_filter_ids":[],"select_action":"view","product_title_visible":false,"product_descr_visible":false,"product_price_visible":true,"product_thumb_visible":true,"subtotal_visible_product":false,"subtotal_visible_cart":true,"subtotal_visible_orders":true}],"composite_scenarios":[],"_links":{"self":[{"href":"https:\/\/pjama.eu\/fr\/wp-json\/wp\/v2\/product\/28752","targetHints":{"allow":["GET"]}}],"collection":[{"href":"https:\/\/pjama.eu\/fr\/wp-json\/wp\/v2\/product"}],"about":[{"href":"https:\/\/pjama.eu\/fr\/wp-json\/wp\/v2\/types\/product"}],"wp:featuredmedia":[{"embeddable":true,"href":"https:\/\/pjama.eu\/fr\/wp-json\/wp\/v2\/media\/31153"}],"wp:attachment":[{"href":"https:\/\/pjama.eu\/fr\/wp-json\/wp\/v2\/media?parent=28752"}],"wp:term":[{"taxonomy":"product_brand","embeddable":true,"href":"https:\/\/pjama.eu\/fr\/wp-json\/wp\/v2\/product_brand?post=28752"},{"taxonomy":"product_cat","embeddable":true,"href":"https:\/\/pjama.eu\/fr\/wp-json\/wp\/v2\/product_cat?post=28752"},{"taxonomy":"product_tag","embeddable":true,"href":"https:\/\/pjama.eu\/fr\/wp-json\/wp\/v2\/product_tag?post=28752"}],"curies":[{"name":"wp","href":"https:\/\/api.w.org\/{rel}","templated":true}]}}