{"id":28753,"date":"2021-02-01T11:50:10","date_gmt":"2021-02-01T10:50:10","guid":{"rendered":"https:\/\/pjama.eu\/product\/pjama-dryguardians-sous-vetements-et-alarme-kit-slips\/"},"modified":"2026-03-24T14:59:22","modified_gmt":"2026-03-24T13:59:22","slug":"pjama-dryguardians-sous-vetements-et-alarme-kit-slips","status":"publish","type":"product","link":"https:\/\/pjama.eu\/fr\/produit\/pjama-dryguardians-sous-vetements-et-alarme-kit-slips\/","title":{"rendered":"Pjama DryGuardians &#8211; Sous-v\u00eatements et Alarme Kit &#8211; Slips"},"content":{"rendered":"<h3 style=\"color: #d35917;\">Pjama DryGuardians &#8211; Sous-v\u00eatements et Alarme pipi au lit &#8211; slips &#8211; Traitement efficace de l&rsquo;\u00e9nur\u00e9sie par alarme<\/h3>\n<p>Pjama DryGuardians &#8211; Kit Alarme pipi au lit &#8211; Slips est la solution parfaite pour les jeunes filles souffrant de pipi au lit (\u00e9nur\u00e9sie nocturne). En combinaison avec notre appli DryGuardians, vous b\u00e9n\u00e9ficiez d&rsquo;un traitement efficace et confortable contre l&rsquo;\u00e9nur\u00e9sie. Ces slips pour l&rsquo;\u00e9nur\u00e9sie sont \u00e9quip\u00e9s de fils capteurs cousus qui d\u00e9tectent rapidement l&rsquo;humidit\u00e9 et activent l&rsquo;alarme pour l&rsquo;\u00e9nur\u00e9sie afin d&rsquo;aider l&rsquo;enfant \u00e0 se r\u00e9veiller et \u00e0 interrompre sa miction. Le service de traitement DryGuardians analyse les incidents li\u00e9s \u00e0 l&rsquo;\u00e9nur\u00e9sie et fournit des astuces, des conseils et des pr\u00e9dictions personnalis\u00e9s tout au long du processus.   <\/p>\n<p>T\u00e9l\u00e9chargez l&rsquo;application DryGuardians sur <a href=\"https:\/\/play.google.com\/store\/apps\/details?id=com.pjama&amp;gl=gb&amp;hl=en\" target=\"_blank\" rel=\"noopener\">Google Play<\/a> ou <a href=\"https:\/\/apps.apple.com\/gb\/app\/pjama\/id1498084664?mt=8&amp;l=en\" target=\"_blank\" rel=\"noopener\">App Store<\/a> pour suivre vos progr\u00e8s et recevoir des conseils sur mesure tout au long du traitement de l&rsquo;\u00e9nur\u00e9sie nocturne.<\/p>\n<h4 style=\"color: #072130;\">Caract\u00e9ristiques<\/h4>\n<p>L&rsquo;Alarme pipi au lit est con\u00e7ue pour aider les enfants et les adultes qui font pipi au lit et sert de traitement de premi\u00e8re intention pour l&rsquo;\u00e9nur\u00e9sie. Le capteur fix\u00e9 au v\u00eatement Pjama est reli\u00e9 \u00e0 une unit\u00e9 d&rsquo;alarme qui s&rsquo;active au contact de l&rsquo;humidit\u00e9. Ce traitement de l&rsquo;\u00e9nur\u00e9sie par alarme fonctionne en interrompant imm\u00e9diatement l&rsquo;\u00e9nur\u00e9sie, en entra\u00eenant le cerveau \u00e0 r\u00e9pondre aux signaux du corps.  <\/p>\n<p>Pjama DryGuardians &#8211; Sous-v\u00eatements et Alarme &#8211; Slips est sp\u00e9cialement con\u00e7u pour l&rsquo;anatomie des filles et le point de contact du jet urinaire. Les mod\u00e8les briefs sont \u00e9quip\u00e9s de deux petits boutons \u00e0 la taille, ce qui permet de fixer facilement le capteur de l&rsquo;Alarme pipi au lit. Les fils de d\u00e9tection cousus autour de l&rsquo;entrejambe permettent au syst\u00e8me d&rsquo;alarme de d\u00e9tecter l&rsquo;humidit\u00e9 et de d\u00e9clencher rapidement une alarme anti-mouillage, aidant ainsi \u00e0 traiter l&rsquo;\u00e9nur\u00e9sie nocturne de mani\u00e8re efficace et s\u00fbre.  <\/p>\n<p>Les fils de d\u00e9tection cousus dans le Pjama DryGuardians &#8211; Sous-v\u00eatements et Alarme &#8211; Slips augmentent la zone cible et assurent une d\u00e9tection plus fiable. En pratique, cela signifie que, quel que soit l&rsquo;endroit o\u00f9 l&rsquo;urine arrive ou la fa\u00e7on dont votre enfant dort, l&rsquo;alarme d\u00e9tectera de mani\u00e8re fiable l&rsquo;\u00e9nur\u00e9sie. Pour les filles, en particulier celles qui dorment sur le dos, cela est particuli\u00e8rement utile car la zone de contact avec l&rsquo;urine peut varier.  <\/p>\n<h4 style=\"color: #072130;\">Utilisation<\/h4>\n<p>Le port des mod\u00e8les briefs pour l&rsquo;\u00e9nur\u00e9sie nocturne est aussi confortable que celui de sous-v\u00eatements ordinaires, ce qui les rend id\u00e9aux pour les enfants souffrant d&rsquo;\u00e9nur\u00e9sie nocturne. Pjama DryGuardians &#8211; Sous-v\u00eatements et Alarme &#8211; Slips pour l&rsquo;\u00e9nur\u00e9sie nocturne n&rsquo;absorbe pas les liquides. Le traitement se concentre sur la rupture de l&rsquo;habitude d&rsquo;uriner au lit.  <\/p>\n<p>Le paquet comprend<\/p>\n<ul>\n<li>2 x Pjama DryGuardians Sous-v\u00eatements &#8211; Briefs<\/li>\n<li>1 x Pjama DryGuardians &#8211; Ensemble complet d&rsquo;alarme (capteur et unit\u00e9 sonore)<\/li>\n<\/ul>\n<p>Il suffit d&rsquo;accrocher le capteur \u00e0 la taille avant du mod\u00e8le briefs et de d\u00e9clencher l&rsquo;Alarme pipi au lit pour commencer le traitement ! Placez l&rsquo;Alarme pipi au lit \u00e0 c\u00f4t\u00e9 du lit.<br \/>\nSi l&rsquo;enfant urine, les fils sensibles du capteur cousus dans le mod\u00e8le briefs r\u00e9agissent rapidement et activent l&rsquo;alarme. L&rsquo;enfant peut facilement arr\u00eater l&rsquo;alarme en appuyant sur le \u00ab\u00a0bouton ON\/OFF\u00a0\u00bb situ\u00e9 sur le dessus de l&rsquo;unit\u00e9 d&rsquo;alarme, puis se rendre aux toilettes pour finir d&rsquo;uriner.  <\/p>\n<p>Pour utiliser l&rsquo;Alarme pipi au lit avec votre smartphone et acc\u00e9der au service de traitement, t\u00e9l\u00e9chargez l&rsquo;appli DryGuardians. L&rsquo;alarme se connecte automatiquement \u00e0 l&rsquo;appli DryGuardians lorsqu&rsquo;elle est ouverte sur le t\u00e9l\u00e9phone. <\/p>\n<h4 style=\"color: #072130;\">Entretien du capteur<\/h4>\n<p><span style=\"font-weight: 400;\">Pour des performances optimales, il convient de toujours retirer et s\u00e9cher le capteur apr\u00e8s utilisation.<\/span> <span style=\"font-weight: 400;\">\u00c9vitez de laisser l&rsquo;appareil attach\u00e9 \u00e0 un v\u00eatement mouill\u00e9 &#8211; vous \u00e9viterez ainsi la corrosion et prolongerez la dur\u00e9e de vie de la batterie.<\/span><\/p>\n<h4 style=\"color: #072130;\">Caract\u00e9ristiques et avantages Pjama DryGuardians &#8211; Sous-v\u00eatements et Alarme &#8211; Slips<\/h4>\n<ul>\n<li><strong>Traitement efficace :<\/strong> Aide \u00e0 lutter contre l&rsquo;\u00e9nur\u00e9sie nocturne chez les enfants.<\/li>\n<li><strong>Con\u00e7u pour une utilisation pendant la nuit :<\/strong> Utilisez votre smartphone et l&rsquo;application DryGuardians pour un traitement discret.<\/li>\n<li><strong>Chargement par USB :<\/strong> L&rsquo;unit\u00e9 d&rsquo;alarme se recharge facilement \u00e0 l&rsquo;aide d&rsquo;un chargeur USB.<\/li>\n<li><strong>Syst\u00e8me sans fil :<\/strong> L&rsquo;unit\u00e9 d&rsquo;alarme peut \u00eatre plac\u00e9e jusqu&rsquo;\u00e0 10 m\u00e8tres du capteur.<\/li>\n<li><strong>Notifications pour les parents :<\/strong> Reliez l&rsquo;Alarme pipi au lit au t\u00e9l\u00e9phone portable d&rsquo;un parent pour recevoir des notifications en cas de fuites.<\/li>\n<li><strong>D\u00e9tection fiable :<\/strong> Large zone cible adapt\u00e9e au flux urinaire.<\/li>\n<li><strong>Confortable et doux :<\/strong> Fabriqu\u00e9s \u00e0 partir de tissus de haute qualit\u00e9, certifi\u00e9s Oeko-Tex, ils sont s\u00fbrs et doux pour la peau des enfants.<\/li>\n<li><strong>Durable :<\/strong> Lavable en machine \u00e0 60\u00b0C et peut \u00eatre s\u00e9ch\u00e9 par culbutage.<\/li>\n<\/ul>\n<p><span style=\"color: #666666; font-size: 14px;\">N&rsquo;oubliez pas de d\u00e9tacher le capteur Pjama pour l&rsquo;Alarme pipi au lit lorsque vous ne l&rsquo;utilisez pas et avant de le laver.<\/span><\/p>\n<h4 style=\"color: #072130;\">L&rsquo;application DryGuardians et la clinique de l&rsquo;\u00e9nur\u00e9sie<\/h4>\n<p>Avec l&rsquo;appli DryGuardians, vous pouvez facilement suivre les progr\u00e8s r\u00e9alis\u00e9s dans le traitement de l&rsquo;\u00e9nur\u00e9sie nocturne et du pipi au lit. DryGuardians fournit des pr\u00e9dictions et des recommandations d\u00e9velopp\u00e9es en collaboration avec Swedish healthcare, adapt\u00e9es \u00e0 la progression de votre traitement et garantissant qu&rsquo;il est optimis\u00e9 pour votre situation sp\u00e9cifique. Enregistrez tous les accidents et visualisez les tendances au fil du temps, ce qui peut vous aider, vous ou votre enfant, \u00e0 rester motiv\u00e9. Les informations collect\u00e9es sont \u00e9galement pr\u00e9cieuses pour partager avec les m\u00e9decins lorsque des conseils suppl\u00e9mentaires sont n\u00e9cessaires.   <\/p>\n<ul>\n<li>Utilisez l&rsquo;appli comme unit\u00e9 sonore pour votre Alarme pipi au lit et s\u00e9lectionnez diff\u00e9rents signaux d&rsquo;alarme.<\/li>\n<li>Enregistrez vos r\u00e9sultats nocturnes dans le calendrier pour suivre vos progr\u00e8s et recevoir des conseils personnalis\u00e9s.<\/li>\n<li>Obtenez des conseils personnalis\u00e9s et un soutien pendant le traitement de l&rsquo;\u00e9nur\u00e9sie.<\/li>\n<li>R\u00e9glez des alarmes quotidiennes pour vous rappeler, \u00e0 vous ou \u00e0 votre enfant, d&rsquo;aller aux toilettes pendant la journ\u00e9e.<\/li>\n<\/ul>\n<p>L&rsquo;application DryGuardians est t\u00e9l\u00e9chargeable gratuitement sur <a href=\"https:\/\/play.google.com\/store\/apps\/details?id=com.pjama&amp;gl=gb&amp;hl=en\" target=\"_blank\" rel=\"noopener\">Google Play<\/a> ou <a href=\"https:\/\/apps.apple.com\/gb\/app\/pjama\/id1498084664?mt=8&amp;l=en\" target=\"_blank\" rel=\"noopener\">App Store<\/a>. Pour en savoir plus sur notre clinique de l&rsquo;\u00e9nur\u00e9sie et sur la mani\u00e8re dont nous pouvons vous aider, vous ou votre enfant, consultez notre <a href=\"https:\/\/pjama.eu\/fr\/\">site web<\/a>. <\/p>\n<h4 style=\"color: #072130;\">Le processus de traitement &#8211; la motivation et la patience sont essentielles<\/h4>\n<p>Le traitement de l&rsquo;\u00e9nur\u00e9sie nocturne exige de la motivation et de la patience, surtout pendant les premi\u00e8res semaines. Pour les enfants comme pour les parents, il est important de se fixer des objectifs r\u00e9alistes et de c\u00e9l\u00e9brer les progr\u00e8s. N&rsquo;oubliez pas que l&rsquo;objectif est d&rsquo;avoir un lit sec sans aide, et que le parcours peut \u00eatre facilit\u00e9 par des outils tels que DryGuardians pour les filles.  <\/p>\n<p>En tant que parent, vous pouvez maintenir la motivation de votre enfant en lui faisant des commentaires positifs et des compliments. Avec l&rsquo;aide de l&rsquo;<em>appli DryGuardians<\/em>, vous pouvez obtenir des astuces et des conseils adapt\u00e9s \u00e0 l&rsquo;\u00e9volution du traitement. Il s&rsquo;agit d&rsquo;un moyen s\u00fbr et efficace d&rsquo;am\u00e9liorer la vie quotidienne des enfants et des adultes souffrant d&rsquo;\u00e9nur\u00e9sie.  <\/p>\n<p>\u00a9 2024 Pjama.<\/p>\n","protected":false},"excerpt":{"rendered":"<h3>Pjama DryGuardians &#8211; Sous-v\u00eatements et Alarme Kit &#8211; Slips<\/h3>\n<p>Pjama DryGuardians &#8211; Alarme pipi au lit &#8211; Slips est un service complet qui permet de traiter efficacement et en toute s\u00e9curit\u00e9 l&rsquo;\u00e9nur\u00e9sie (pipi au lit).<\/p>\n<ul>\n<li>Comprend 2 x Pjama DryGuardians &#8211; Sous-v\u00eatements &#8211; slips et 1 x Pjama DryGuardians Kit alarme anti-\u00e9nur\u00e9sie (capteur et unit\u00e9 sonore).<\/li>\n<li>Large zone cible pour une r\u00e9ponse s\u00fbre et rapide \u00e0 l&rsquo;\u00e9nur\u00e9sie.<\/li>\n<li>Aussi doux et confortable qu&rsquo;un sous-v\u00eatement ordinaire.<\/li>\n<li>Lavable en machine \u00e0 60\u00b0C et peut \u00eatre s\u00e9ch\u00e9 par culbutage.<\/li>\n<\/ul>\n<p>T\u00e9l\u00e9chargez l&rsquo;application DryGuardians, un service gratuit de traitement de l&rsquo;\u00e9nur\u00e9sie, sur <a href=\"https:\/\/play.google.com\/store\/apps\/details?id=com.pjama&amp;gl=gb&amp;hl=en\">Google Play<\/a> ou <a href=\"https:\/\/apps.apple.com\/gb\/app\/pjama\/id1498084664?mt=8&amp;l=en\">App Store<\/a>.<\/p>\n","protected":false},"featured_media":31184,"template":"","meta":{"_et_pb_use_builder":"off","_et_pb_old_content":"<h3>BEDWETTING ALARM WITH UNISEX BRIEFS UNDERWEAR- STARTER KIT<\/h3>\r\nPjama Bedwetting Alarm with Unisex Briefs Underwear-Starter Kit is a complete product for treatment of bedwetting. The Pjama Bedwetting Alarm also connects to smartphone. Download the app from <a href=\"https:\/\/play.google.com\/store\/apps\/details?id=com.pjama\">Google Play<\/a> or <a href=\"https:\/\/apps.apple.com\/us\/app\/pjama\/id1498084664\">App Store<\/a>.\r\n\r\nPjama Treatment Unisex Briefs underwear has sewn-in sensor threads, adapted for both boys and girls, to which you easily connect the Pjama Bedwetting Alarm. The Pjama Bedwetting Alarm includes 1 Pjama Sensor and 1 Pjama Speaker.\r\n\r\nFor treatment, you simply connect the Pjama Sensor to 2 small buttons by the waist of the Pjama Treatment Unisex Briefs underwear which in turn wirelessly communicates with the bedwetting alarm unit or your smartphone.\r\nSuitable for laundry in the washing machine at 60 degrees and tumble dry.\r\n\r\nWearing Pjama Treatment Unisex Briefs underwear are as nice as wearing any other underwear, while being able to connect to a sensitive bedwetting alarm system.\r\n<h4>The Product includes:<\/h4>\r\n2 x Pjama Treatment Unisecx Briefs Underwear\r\n1 x Pjama Bedwetting Alarm (Sensor and Speaker)\r\n<h4>MATERIAL<\/h4>\r\nThe Pjama Treatment Unisex Briefs are made of fabrics that are Oeko-Tex certified.\r\n<h4>WASHING<\/h4>\r\nWash and tumble dry product at maximum 60 degrees.\r\nPlease note that when you use Pjama Bedwetting Alarm with the product, be sure to snap off the small Pjama Sensor for Bedwetting Alarm connected to the briefs before washing.\r\n<h4>FOLLOW YOUR DEVELOPMENT WITH THE PJAMA APP AND PJAMA BEDWETTING CLINIC<\/h4>\r\nThe Pjama App includes several functionalities; you get access to the alarm function and can set different alarm signals, in the calendar you can log the progress and success, you can find general tips and advice to assist with the bedwetting treatment. It is also possible to set day alarms for the children who suffer from leakage even during the day. The Pjama app is free to download from <a href=\"https:\/\/play.google.com\/store\/apps\/details?id=com.pjama\">Google Play<\/a> or <a href=\"https:\/\/apps.apple.com\/us\/app\/pjama\/id1498084664\">App Store<\/a>.\r\n\r\nPjama Bedwetting Clinic gives you customized tips and advice during bedwetting treatment.\r\nDo not forget to record the outcome of the night in the Pjama App so that you can keep track of your, or your child's, progress.\r\n\r\nRead more about the Pjama App and <a href=\"https:\/\/pjama.eu\/bedwetting-clinic\/\">Bedwetting Clinic on our website.<\/a>\r\n<h4>TREATMENT IS A PROCESS WHERE MOTIVATION IS THE KEY<\/h4>\r\nPatience is the key! For a faster and long-term improvement, patience and motivation is needed. If you are a new Pjama user, it is good if you have your ultimate goal in mind - a dry bed without aids. If your end goal feels far away, you can set smaller goals along the way.\r\nAnd never forget that you will get through this!","_et_gb_content_width":""},"product_brand":[],"product_cat":[337,313,339,336],"product_tag":[],"class_list":{"0":"post-28753","1":"product","2":"type-product","3":"status-publish","4":"has-post-thumbnail","6":"product_cat-alarme-pipi-au-lit","7":"product_cat-les-enfants","8":"product_cat-pjamadryguardians_2025","9":"product_cat-traitement-du-pjama","10":"product_shipping_class-lue","11":"pa_size-10-12-ans","12":"pa_size-5-6-ans","13":"pa_size-6-8-ans","14":"pa_size-8-10-ans","15":"pa_size-petit","17":"first","18":"instock","19":"taxable","20":"shipping-taxable","21":"purchasable","22":"product-type-composite"},"composite_virtual":false,"composite_layout":"single","composite_add_to_cart_form_location":"default","composite_editable_in_cart":false,"composite_sold_individually_context":"product","composite_shop_price_calc":"min_max","composite_components":[{"id":"1743166762","title":"Alarme pipi lit en Pjama","description":"<p>Alarme pipi au lit avec Haut-parleur et capteur.<\/p>\n","query_type":"product_ids","query_ids":[24637],"default_option_id":24637,"thumbnail_id":6376,"thumbnail_src":"https:\/\/pjama.eu\/wp-content\/uploads\/Pjama-alarm-600x400-1-300x300-1.jpeg","quantity_min":1,"quantity_max":1,"priced_individually":true,"shipped_individually":false,"optional":false,"discount":"","options_style":"dropdowns","pagination_style":"classic","display_prices":"absolute","show_sorting_options":false,"show_filtering_options":false,"attribute_filter_ids":[],"select_action":"view","product_title_visible":false,"product_descr_visible":false,"product_price_visible":true,"product_thumb_visible":true,"subtotal_visible_product":false,"subtotal_visible_cart":true,"subtotal_visible_orders":true},{"id":"1743166763","title":"Mod\u00e8les briefs","description":"<p>Sous-v\u00eatements pour le traitement de l'\u00e9nur\u00e9sie. Non-absorbant. <\/p>\n","query_type":"product_ids","query_ids":[24648],"default_option_id":24648,"thumbnail_id":3729,"thumbnail_src":"https:\/\/pjama.eu\/wp-content\/uploads\/hipster-only.jpg","quantity_min":2,"quantity_max":6,"priced_individually":true,"shipped_individually":false,"optional":false,"discount":"","options_style":"dropdowns","pagination_style":"classic","display_prices":"absolute","show_sorting_options":false,"show_filtering_options":false,"attribute_filter_ids":[],"select_action":"view","product_title_visible":false,"product_descr_visible":false,"product_price_visible":true,"product_thumb_visible":true,"subtotal_visible_product":false,"subtotal_visible_cart":true,"subtotal_visible_orders":true}],"composite_scenarios":[],"_links":{"self":[{"href":"https:\/\/pjama.eu\/fr\/wp-json\/wp\/v2\/product\/28753","targetHints":{"allow":["GET"]}}],"collection":[{"href":"https:\/\/pjama.eu\/fr\/wp-json\/wp\/v2\/product"}],"about":[{"href":"https:\/\/pjama.eu\/fr\/wp-json\/wp\/v2\/types\/product"}],"wp:featuredmedia":[{"embeddable":true,"href":"https:\/\/pjama.eu\/fr\/wp-json\/wp\/v2\/media\/31184"}],"wp:attachment":[{"href":"https:\/\/pjama.eu\/fr\/wp-json\/wp\/v2\/media?parent=28753"}],"wp:term":[{"taxonomy":"product_brand","embeddable":true,"href":"https:\/\/pjama.eu\/fr\/wp-json\/wp\/v2\/product_brand?post=28753"},{"taxonomy":"product_cat","embeddable":true,"href":"https:\/\/pjama.eu\/fr\/wp-json\/wp\/v2\/product_cat?post=28753"},{"taxonomy":"product_tag","embeddable":true,"href":"https:\/\/pjama.eu\/fr\/wp-json\/wp\/v2\/product_tag?post=28753"}],"curies":[{"name":"wp","href":"https:\/\/api.w.org\/{rel}","templated":true}]}}