{"id":28754,"date":"2023-09-26T14:56:47","date_gmt":"2023-09-26T12:56:47","guid":{"rendered":"https:\/\/pjama.eu\/product\/pjama-dryguardians-pour-hommes-boxers\/"},"modified":"2026-03-24T13:26:01","modified_gmt":"2026-03-24T12:26:01","slug":"pjama-dryguardians-pour-hommes-boxers","status":"publish","type":"product","link":"https:\/\/pjama.eu\/fr\/produit\/pjama-dryguardians-pour-hommes-boxers\/","title":{"rendered":"Pjama DryGuardians &#8211; Pour hommes &#8211; Boxers"},"content":{"rendered":"<h3 style=\"color: #d35917;\">Pjama DryGuardians &#8211; Pour hommes &#8211; Boxers<\/h3>\n<p>Pjama DryGuardians &#8211; For Men &#8211; Boxers est la solution parfaite pour les hommes qui souffrent d&rsquo;\u00e9nur\u00e9sie nocturne. En combinaison avec l&rsquo;appli DryGuardians, vous b\u00e9n\u00e9ficiez d&rsquo;un traitement efficace et confortable. Les boxers sont dot\u00e9s de fils capteurs int\u00e9gr\u00e9s qui d\u00e9tectent rapidement l&rsquo;humidit\u00e9 et activent l&rsquo;alarme, aidant ainsi l&rsquo;utilisateur \u00e0 se r\u00e9veiller et \u00e0 interrompre sa miction. Le service DryGuardians analyse \u00e9galement les sch\u00e9mas d&rsquo;\u00e9nur\u00e9sie et fournit des astuces, des conseils et des pr\u00e9dictions personnalis\u00e9s tout au long du processus.   <\/p>\n<p>T\u00e9l\u00e9chargez l&rsquo;application DryGuardians sur <a href=\"https:\/\/play.google.com\/store\/apps\/details?id=com.pjama&amp;hl=fr&amp;gl=FR\" target=\"_blank\" rel=\"noopener\">Google Play<\/a> ou <a href=\"https:\/\/apps.apple.com\/fr\/app\/dryguardians\/id1498084664\" target=\"_blank\" rel=\"noopener\">App Store<\/a> pour suivre vos progr\u00e8s et recevoir des conseils personnalis\u00e9s.<\/p>\n<h4 style=\"color: #072130;\">Caract\u00e9ristiques<\/h4>\n<p>L&rsquo;alarme est con\u00e7ue pour les enfants et les adultes et est consid\u00e9r\u00e9e comme un traitement de premi\u00e8re intention de l&rsquo;\u00e9nur\u00e9sie. Le capteur est reli\u00e9 au cale\u00e7on par deux petits boutons situ\u00e9s \u00e0 la ceinture. Les fils du capteur int\u00e9gr\u00e9s autour de l&rsquo;entrejambe garantissent une d\u00e9tection fiable quelle que soit la position de sommeil. Il est donc particuli\u00e8rement efficace pour les hommes, o\u00f9 le flux d&rsquo;urine et les points de contact peuvent varier.   <\/p>\n<h4 style=\"color: #072130;\">Utilisation<\/h4>\n<p>Les boxers sont aussi confortables que des sous-v\u00eatements ordinaires, ce qui les rend id\u00e9aux pour un traitement discret. <strong>Remarque : ce produit n&rsquo;absorbe pas les liquides.<\/strong><br \/>\nPour une protection suppl\u00e9mentaire du lit, le kit de traitement peut \u00eatre combin\u00e9 avec les <a href=\"https:\/\/pjama.eu\/fr\/produit\/short-enuresie-adulte\/\">sous-v\u00eatements absorbants pour l&rsquo;\u00e9nur\u00e9sie de Pjama<\/a>.<\/p>\n<ul>\n<li>2 \u00d7 Pjama DryGuardians &#8211; Pour hommes &#8211; Boxers<\/li>\n<li>1 \u00d7 Pjama DryGuardians Kit alarme anti-\u00e9nur\u00e9sie lit (capteur et unit\u00e9 sonore)<\/li>\n<\/ul>\n<p>Fixez le capteur \u00e0 la ceinture et d\u00e9clenchez l&rsquo;alarme. En cas d&rsquo;accident, les fils d\u00e9tectent l&rsquo;humidit\u00e9 et d\u00e9clenchent l&rsquo;alarme. L&rsquo;alarme peut \u00eatre arr\u00eat\u00e9e \u00e0 l&rsquo;aide du bouton ON\/OFF. L&rsquo;application DryGuardians se connecte automatiquement lorsqu&rsquo;elle est ouverte sur votre smartphone.   <\/p>\n<h4 style=\"color: #072130;\">Caract\u00e9ristiques et avantages<\/h4>\n<ul>\n<li><strong>Traitement efficace :<\/strong> Aide les adultes et les enfants souffrant d&rsquo;\u00e9nur\u00e9sie nocturne.<\/li>\n<li><strong>Discret :<\/strong> Se connecte \u00e0 l&rsquo;appli DryGuardians pour un traitement silencieux n&rsquo;importe o\u00f9.<\/li>\n<li><strong>Chargement par USB :<\/strong> Rechargez facilement avec le port USB.<\/li>\n<li><strong>Sans fil :<\/strong> L&rsquo;unit\u00e9 d&rsquo;alarme fonctionne jusqu&rsquo;\u00e0 10 m\u00e8tres du capteur.<\/li>\n<li><strong>Notifications par t\u00e9l\u00e9phone :<\/strong> Recevez des alertes directement sur votre smartphone.<\/li>\n<li><strong>D\u00e9tection fiable :<\/strong> Large zone de d\u00e9tection pour une d\u00e9tection s\u00fbre.<\/li>\n<li><strong>Confortable et doux :<\/strong> tissus certifi\u00e9s Oeko-Tex, doux pour la peau.<\/li>\n<li><strong>Durable :<\/strong> Lavable \u00e0 60\u00b0C et adapt\u00e9 au s\u00e9chage en machine.<\/li>\n<\/ul>\n<h4 style=\"color: #d35917;\"><strong>N&rsquo;oubliez pas d&rsquo;enlever le capteur Pjama avant le lavage.<\/strong><\/h4>\n<p>&nbsp;<\/p>\n<h4 style=\"color: #072130;\">L&rsquo;application DryGuardians et la clinique de l&rsquo;\u00e9nur\u00e9sie<\/h4>\n<p>L&rsquo;application DryGuardians permet aux utilisateurs de suivre leurs progr\u00e8s et de recevoir des recommandations sur mesure \u00e9labor\u00e9es avec l&rsquo;expertise su\u00e9doise en mati\u00e8re de soins de sant\u00e9. Il aide \u00e0 maintenir la motivation en enregistrant les r\u00e9sultats, en identifiant les tendances et en partageant les donn\u00e9es avec les prestataires de soins de sant\u00e9 si n\u00e9cessaire. <\/p>\n<ul>\n<li>Choisissez les sons de l&rsquo;alarme directement dans l&rsquo;application.<\/li>\n<li>Enregistrer les r\u00e9sultats nocturnes pour suivre les am\u00e9liorations.<\/li>\n<li>B\u00e9n\u00e9ficier d&rsquo;un soutien personnalis\u00e9 pendant le traitement.<\/li>\n<li>Fixez des rappels pour les visites aux toilettes au cours de la journ\u00e9e.<\/li>\n<\/ul>\n<p>L&rsquo;application est t\u00e9l\u00e9chargeable gratuitement sur <a href=\"https:\/\/play.google.com\/store\/apps\/details?id=com.pjama&amp;hl=fr&amp;gl=FR\" target=\"_blank\" rel=\"noopener\">Google Play<\/a> ou <a href=\"https:\/\/apps.apple.com\/fr\/app\/dryguardians\/id1498084664\" target=\"_blank\" rel=\"noopener\">App Store<\/a>. Pour en savoir plus sur notre clinique de l&rsquo;\u00e9nur\u00e9sie, consultez notre <a href=\"https:\/\/pjama.eu\/fr\/\">site web<\/a>. <\/p>\n<h4 style=\"color: #072130;\">Le processus de traitement &#8211; la motivation et la patience sont essentielles<\/h4>\n<p>Le traitement de l&rsquo;\u00e9nur\u00e9sie nocturne n\u00e9cessite de la motivation et de la patience, surtout pendant les premi\u00e8res semaines. Le but ultime est d&rsquo;avoir un lit sec sans aides, mais il est utile de se fixer des \u00e9tapes plus petites en cours de route. Avec le soutien de l&rsquo;appli DryGuardians, vous pouvez rester motiv\u00e9, suivre vos progr\u00e8s et recevoir des conseils adapt\u00e9s \u00e0 votre parcours. Cela fait de Pjama DryGuardians &#8211; For Men (Boxers) une solution s\u00fbre et efficace pour une meilleure vie quotidienne.   <\/p>\n","protected":false},"excerpt":{"rendered":"<h3><span data-sheets-root=\"1\">Offre group\u00e9e : Kit complet de traitement de l&rsquo;\u00e9nur\u00e9sie adapt\u00e9 aux hommes &#8211; fait partie de la m\u00e9thode DryGuardians.<\/span><\/h3>\n<p>Pjama DryGuardians Sous-v\u00eatements &#8211; Pour hommes &#8211; Boxers est un service complet qui permet un traitement efficace et s\u00fbr de l&rsquo;\u00e9nur\u00e9sie (pipi au lit) chez les adultes.<\/p>\n<ul>\n<li>Comprend 2 \u00d7 Pjama DryGuardians &#8211; For Men &#8211; Boxers et 1 \u00d7 Pjama DryGuardians Kit d&rsquo;alarme anti-\u00e9nur\u00e9sie (capteur et unit\u00e9 sonore).<\/li>\n<li>Large zone de d\u00e9tection pour une r\u00e9ponse s\u00fbre et rapide \u00e0 l&rsquo;\u00e9nur\u00e9sie.<\/li>\n<li>Aussi doux et confortable qu&rsquo;un sous-v\u00eatement ordinaire.<\/li>\n<li>Lavable en machine \u00e0 60\u00b0C et peut \u00eatre s\u00e9ch\u00e9 par culbutage.<\/li>\n<\/ul>\n<p>T\u00e9l\u00e9chargez l&rsquo;application DryGuardians, un service gratuit de traitement de l&rsquo;\u00e9nur\u00e9sie, sur <a href=\"https:\/\/play.google.com\/store\/apps\/details?id=com.pjama&amp;hl=fr&amp;gl=FR\" target=\"_blank\" rel=\"noopener\">Google Play<\/a> ou <a href=\"https:\/\/apps.apple.com\/fr\/app\/dryguardians\/id1498084664\">App Store<\/a>.<\/p>\n","protected":false},"featured_media":30972,"template":"","meta":{"_et_pb_use_builder":"","_et_pb_old_content":"","_et_gb_content_width":""},"product_brand":[],"product_cat":[371],"product_tag":[],"class_list":{"0":"post-28754","1":"product","2":"type-product","3":"status-publish","4":"has-post-thumbnail","6":"product_cat-adulte","7":"product_shipping_class-lue","8":"pa_size-10-12-ans","9":"pa_size-5-6-ans","10":"pa_size-6-8-ans","11":"pa_size-8-10-ans","12":"pa_size-petit","14":"first","15":"instock","16":"taxable","17":"shipping-taxable","18":"purchasable","19":"product-type-composite"},"composite_virtual":false,"composite_layout":"single","composite_add_to_cart_form_location":"default","composite_editable_in_cart":false,"composite_sold_individually_context":"product","composite_shop_price_calc":"min_max","composite_components":[{"id":"1743167139","title":"Alarme pipi lit en Pjama","description":"<p>Alarme pipi au lit avec Haut-parleur et capteur.  <\/p>\n","query_type":"product_ids","query_ids":[24637],"default_option_id":24637,"thumbnail_id":6376,"thumbnail_src":"https:\/\/pjama.eu\/wp-content\/uploads\/Pjama-alarm-600x400-1-300x300-1.jpeg","quantity_min":1,"quantity_max":1,"priced_individually":true,"shipped_individually":false,"optional":false,"discount":"","options_style":"dropdowns","pagination_style":"classic","display_prices":"absolute","show_sorting_options":false,"show_filtering_options":false,"attribute_filter_ids":[],"select_action":"view","product_title_visible":false,"product_descr_visible":false,"product_price_visible":true,"product_thumb_visible":true,"subtotal_visible_product":false,"subtotal_visible_cart":true,"subtotal_visible_orders":true},{"id":"1743167140","title":"Boxer de traitement","description":"<p>Sous-v\u00eatements Boxer pour le traitement de l'\u00e9nur\u00e9sie. Non-absorbant. <\/p>\n","query_type":"product_ids","query_ids":[24878],"default_option_id":24878,"thumbnail_id":3726,"thumbnail_src":"https:\/\/pjama.eu\/wp-content\/uploads\/Boxer-underwear.jpg","quantity_min":2,"quantity_max":9,"priced_individually":true,"shipped_individually":false,"optional":false,"discount":"","options_style":"dropdowns","pagination_style":"classic","display_prices":"absolute","show_sorting_options":false,"show_filtering_options":false,"attribute_filter_ids":[],"select_action":"view","product_title_visible":false,"product_descr_visible":false,"product_price_visible":true,"product_thumb_visible":true,"subtotal_visible_product":false,"subtotal_visible_cart":true,"subtotal_visible_orders":true}],"composite_scenarios":[],"_links":{"self":[{"href":"https:\/\/pjama.eu\/fr\/wp-json\/wp\/v2\/product\/28754","targetHints":{"allow":["GET"]}}],"collection":[{"href":"https:\/\/pjama.eu\/fr\/wp-json\/wp\/v2\/product"}],"about":[{"href":"https:\/\/pjama.eu\/fr\/wp-json\/wp\/v2\/types\/product"}],"wp:featuredmedia":[{"embeddable":true,"href":"https:\/\/pjama.eu\/fr\/wp-json\/wp\/v2\/media\/30972"}],"wp:attachment":[{"href":"https:\/\/pjama.eu\/fr\/wp-json\/wp\/v2\/media?parent=28754"}],"wp:term":[{"taxonomy":"product_brand","embeddable":true,"href":"https:\/\/pjama.eu\/fr\/wp-json\/wp\/v2\/product_brand?post=28754"},{"taxonomy":"product_cat","embeddable":true,"href":"https:\/\/pjama.eu\/fr\/wp-json\/wp\/v2\/product_cat?post=28754"},{"taxonomy":"product_tag","embeddable":true,"href":"https:\/\/pjama.eu\/fr\/wp-json\/wp\/v2\/product_tag?post=28754"}],"curies":[{"name":"wp","href":"https:\/\/api.w.org\/{rel}","templated":true}]}}