{"id":28756,"date":"2023-01-09T15:59:19","date_gmt":"2023-01-09T14:59:19","guid":{"rendered":"https:\/\/pjama.eu\/product\/pjama-dryguardians-kit-mixte-boxers\/"},"modified":"2026-03-24T13:35:38","modified_gmt":"2026-03-24T12:35:38","slug":"pjama-dryguardians-kit-mixte-boxers","status":"publish","type":"product","link":"https:\/\/pjama.eu\/fr\/produit\/pjama-dryguardians-kit-mixte-boxers\/","title":{"rendered":"Pjama DryGuardians &#8211; Kit Mixte Boxers"},"content":{"rendered":"<h3 style=\"color: #d35917;\">Pjama DryGuardians &#8211; Kit Mixte Boxers<\/h3>\n<p>Le Pjama DryGuardians &#8211; Kit Mixte Boxers offre une solution compl\u00e8te pour le traitement de l&rsquo;\u00e9nur\u00e9sie, comprenant l&rsquo;Alarme DryGuardians, le Service d&rsquo;aide \u00e0 l&rsquo;\u00e9nur\u00e9sie, le short d&rsquo;\u00e9nur\u00e9sie et le Boxers. Il garantit un traitement efficace tout en gardant le lit sec pendant toute la nuit. L&rsquo;appli DryGuardians vous donne acc\u00e8s au service de traitement sans frais suppl\u00e9mentaires. T\u00e9l\u00e9chargez-le sur <a href=\"https:\/\/play.google.com\/store\/apps\/details?id=com.pjama&amp;hl=fr&amp;gl=FR\" target=\"_blank\" rel=\"noopener\">Google Play<\/a> ou <a href=\"https:\/\/apps.apple.com\/fr\/app\/dryguardians\/id1498084664\" target=\"_blank\" rel=\"noopener\">App Store<\/a>.   <\/p>\n<p>Le port du short Pjama DryGuardians est aussi confortable qu&rsquo;un pyjama ordinaire, tout en se connectant au syst\u00e8me d&rsquo;alarme sensible pour un traitement efficace. Le short garde le lit au sec pendant le traitement. <\/p>\n<h4 style=\"color: #072130;\">Entretien facile<\/h4>\n<p><span style=\"font-weight: 400;\">Pjama DryGuardians V\u00eatements de nuit pour enfants &#8211; Les shorts sont lavables en machine (60\u00b0C) et peuvent \u00eatre s\u00e9ch\u00e9s par culbutage.<\/span> <span style=\"font-weight: 400;\">REMARQUE : les pantalons et les shorts ont un temps de s\u00e9chage plus long en raison de leur fonction absorbante. Lors du lavage, mettez toujours le v\u00eatement \u00e0 l&rsquo;envers pour permettre \u00e0 l&rsquo;humidit\u00e9 de s&rsquo;\u00e9chapper du tissu. <\/span> <span style=\"font-weight: 400;\">Ils sont durables et rentables. <\/span><b>Pjama garantit au moins 100 lavages et jusqu&rsquo;\u00e0 4 mois d&rsquo;utilisation r\u00e9guli\u00e8re lorsqu&rsquo;il est entretenu conform\u00e9ment \u00e0 nos instructions de lavage.<\/b> <span style=\"font-weight: 400;\">Une solution fiable et pratique pour les enfants qui font pipi au lit la nuit.<\/span> <a href=\"https:\/\/pjama.eu\/fr\/entretien-pjama\/\"><span style=\"font-weight: 400;\">Lire les instructions d&rsquo;entretien compl\u00e8tes &lsquo;<\/span><\/a><\/p>\n<h4 style=\"color: #072130;\">Traitement guid\u00e9 avec l&rsquo;application DryGuardians<\/h4>\n<p>La fonction principale de l&rsquo;application est le calendrier, dans lequel vous enregistrez vos r\u00e9sultats nocturnes. Sur la base de ces donn\u00e9es, l&rsquo;application fournit des conseils et des motivations sous forme de vid\u00e9os, de textes et d&rsquo;images. Apr\u00e8s <strong>4 semaines<\/strong>, l&rsquo;application peut fournir une \u00e9valuation du traitement. M\u00eame si les r\u00e9sultats ne sont pas imm\u00e9diats, le traitement peut \u00eatre efficace \u00e0 un stade ult\u00e9rieur.   <\/p>\n<ul>\n<li>Utilisez l&rsquo;application comme un dispositif sonore avec plusieurs sonneries.<\/li>\n<li>Enregistrer un son d&rsquo;alarme personnel.<\/li>\n<li>R\u00e9glez des alarmes diurnes pour vous rappeler d&rsquo;aller aux toilettes.<\/li>\n<li>Obtenez des conseils d&rsquo;experts et des conseils g\u00e9n\u00e9raux sur le traitement.<\/li>\n<\/ul>\n<p>L&rsquo;application DryGuardians est t\u00e9l\u00e9chargeable gratuitement sur <a href=\"https:\/\/play.google.com\/store\/apps\/details?id=com.pjama&amp;hl=fr&amp;gl=FR\" target=\"_blank\" rel=\"noopener\">Google Play<\/a> ou <a href=\"https:\/\/apps.apple.com\/fr\/app\/dryguardians\/id1498084664\" target=\"_blank\" rel=\"noopener\">App Store<\/a>. Pour en savoir plus, consultez notre <a href=\"https:\/\/pjama.eu\/fr\/alarme-pipi-au-lit-application\/\">site web<\/a>. <\/p>\n<h4 style=\"color: #072130;\">Mat\u00e9riau<\/h4>\n<p>Le short de nuit Pjama DryGuardians est fabriqu\u00e9 en <em>Tencel<\/em>. La couche ext\u00e9rieure est lamin\u00e9e pour l&rsquo;imperm\u00e9abilit\u00e9, tout en conservant la respirabilit\u00e9. Une couche absorbante \u00e0 l&rsquo;entrejambe maintient le liquide \u00e0 l&rsquo;int\u00e9rieur. Tous les tissus sont certifi\u00e9s Oeko-Tex et sans danger pour les enfants.   <\/p>\n<p>Les shorts existent en deux versions : Pjama DryGuardians Sous-v\u00eatements de nuit et Pjama DryGuardians Sous-v\u00eatements &#8211; Boxers con\u00e7us pour les cas plus l\u00e9gers. Les tailles vont de la longueur du corps 98 cm \u00e0 164 cm.<br \/>\nPour les mesures exactes et les d\u00e9tails d&rsquo;absorption, voir notre <a href=\"https:\/\/pjama.eu\/fr\/guide-des-tailles\/\">Guide des tailles.<\/a> <\/p>\n<p>Les sous-v\u00eatements Pjama DryGuardians &#8211; Boxers sont \u00e9galement fabriqu\u00e9s dans des tissus certifi\u00e9s Oeko-Tex, s\u00fbrs et doux pour la peau. Tous les v\u00eatements Mix Kit sont dot\u00e9s de fils de d\u00e9tection int\u00e9gr\u00e9s pour une zone de d\u00e9tection plus large, garantissant une d\u00e9tection fiable quelle que soit la position de sommeil. Ceci est particuli\u00e8rement utile pour les gar\u00e7ons, dont le flux urinaire varie, et tout aussi fiable pour les filles.  <\/p>\n<h4 style=\"color: #072130;\">Utilisation<\/h4>\n<p>Les fils capteurs int\u00e9gr\u00e9s autour de l&rsquo;entrejambe d\u00e9tectent rapidement l&rsquo;urine. Fixez le capteur \u00e0 la ceinture et d\u00e9clenchez l&rsquo;alarme. Placez l&rsquo;unit\u00e9 d&rsquo;alarme \u00e0 c\u00f4t\u00e9 du lit. Lorsque l&rsquo;enfant fait pipi au lit, l&rsquo;alarme se d\u00e9clenche imm\u00e9diatement. L&rsquo;enfant peut l&rsquo;arr\u00eater en appuyant sur le bouton ON\/OFF, puis aller aux toilettes et mettre un short ou un cale\u00e7on sec.    Pour connecter l&rsquo;alarme avec votre smartphone, t\u00e9l\u00e9chargez l&rsquo;application DryGuardians.<\/p>\n<h4 style=\"color: #072130;\">Entretien du capteur<\/h4>\n<p><span style=\"font-weight: 400;\">Pour des performances optimales, il convient de toujours retirer et s\u00e9cher le capteur apr\u00e8s utilisation.<\/span> <span style=\"font-weight: 400;\">\u00c9vitez de laisser l&rsquo;appareil attach\u00e9 \u00e0 un v\u00eatement mouill\u00e9 &#8211; vous \u00e9viterez ainsi la corrosion et prolongerez la dur\u00e9e de vie de la batterie.<\/span><\/p>\n<h4 style=\"color: #072130;\">Info<\/h4>\n<ul>\n<li>Le Pjama Alarm se connecte aux shorts et aux boxers gr\u00e2ce aux boutons de la ceinture.<\/li>\n<li>Filets de d\u00e9tection int\u00e9gr\u00e9s pour une d\u00e9tection rapide et fiable.<\/li>\n<li>Les shorts absorbants prot\u00e8gent le lit.<\/li>\n<li>Confortable et discret.<\/li>\n<li>Lavable \u00e0 60\u00b0C et peut \u00eatre s\u00e9ch\u00e9 par culbutage.<\/li>\n<li>Taille : Enfants.<\/li>\n<li>Couleurs : Gris et bleu.<\/li>\n<li>Chargement par USB (adaptateur non inclus).<\/li>\n<li>Manuel d&rsquo;alarme disponible sur notre <a href=\"https:\/\/pjama.eu\/fr\/manuels-sur-les-produits\/\">site web.<\/a><\/li>\n<li>Pour en savoir plus sur l&rsquo;\u00e9nur\u00e9sie chez l&rsquo;enfant <a href=\"https:\/\/pjama.eu\/fr\/quest-ce-que-lenuresie\/\">, cliquez ici.<\/a><\/li>\n<\/ul>\n<h4 style=\"color: #072130;\">Pour une exp\u00e9rience optimale<\/h4>\n<ul>\n<li>Veillez \u00e0 ce que la taille soit correcte pour un ajustement confortable (voir le guide des tailles).<\/li>\n<li>Impliquez votre enfant et expliquez-lui le processus de traitement.<\/li>\n<li>Personnalisation du son et du volume de l&rsquo;alarme.<\/li>\n<li>T\u00e9l\u00e9chargez l&rsquo;appli DryGuardians pour b\u00e9n\u00e9ficier de conseils personnalis\u00e9s.<\/li>\n<li>Fixez le capteur et maintenez le haut-parleur dans un rayon de 10 m\u00e8tres.<\/li>\n<li>R\u00e9veillez votre enfant lorsque l&rsquo;alarme retentit et emmenez-le aux toilettes.<\/li>\n<li>Retirer le capteur et laver les shorts\/boxers apr\u00e8s utilisation.<\/li>\n<li>Enregistrez vos r\u00e9sultats dans l&rsquo;application pour suivre vos progr\u00e8s et recevoir des conseils.<\/li>\n<\/ul>\n<h4 style=\"color: #072130;\">La motivation et la patience sont essentielles<\/h4>\n<p>La r\u00e9ussite du traitement n\u00e9cessite de la patience et des encouragements. C\u00e9l\u00e9brez les petits pas vers l&rsquo;objectif d&rsquo;un lit sec sans assistance. Le renforcement positif permet aux enfants de rester motiv\u00e9s. Si vous \u00eates motiv\u00e9 en tant que parent, votre enfant le sera aussi !   <\/p>\n<p>\u00a9 2024 Pjama.<\/p>\n","protected":false},"excerpt":{"rendered":"<h3><span data-sheets-root=\"1\">Ensemble : Variante du kit mixte pour les gar\u00e7ons ; comprend plusieurs \u00e9l\u00e9ments pour plus de flexibilit\u00e9 &#8211; fait partie de la m\u00e9thode DryGuardians<\/span><\/h3>\n<p>Ce kit flexible et complet vous permet de cr\u00e9er votre propre ensemble personnalis\u00e9 pour un traitement efficace de l&rsquo;\u00e9nur\u00e9sie (pipi au lit).<\/p>\n<p><b>S\u00e9lectionnez le nombre de produits parmi les suivants :<\/b><\/p>\n<ul>\n<li>Pjama DryGuardians kit alarme anti-\u00e9nur\u00e9sie lit(1)<\/li>\n<li>Pjama DryGuardians V\u00eatements de nuit &#8211; Shorts<\/li>\n<li>Pjama DryGuardians Sous-v\u00eatements &#8211; Boxers<\/li>\n<li>DryGuardians App (gratuite sur<br \/>\n<a href=\"https:\/\/play.google.com\/store\/apps\/details?id=com.pjama&amp;hl=fr&amp;gl=FR\">Google Play<\/a> ou <a href=\"https:\/\/apps.apple.com\/fr\/app\/dryguardians\/id1498084664\">App Store<\/a>)<\/li>\n<\/ul>\n<p>Les cale\u00e7ons souples avec fils capteurs int\u00e9gr\u00e9s gardent le lit au sec et permettent une d\u00e9tection rapide de l&rsquo;urine &#8211; parfaits pour la maison et les voyages. Les boxers contre l&rsquo;\u00e9nur\u00e9sie de Pjama d\u00e9tectent rapidement et efficacement lorsque votre enfant fait pipi au lit.  L&rsquo;appli DryGuardians analyse les donn\u00e9es, offre des conseils d&rsquo;experts et vous permet de suivre vos progr\u00e8s.<\/p>\n<p><em>Nous vous aidons \u00e0 vous d\u00e9barrasser de l&rsquo;\u00e9nur\u00e9sie !<\/em><\/p>\n","protected":false},"featured_media":31256,"template":"","meta":{"_et_pb_use_builder":"","_et_pb_old_content":"","_et_gb_content_width":""},"product_brand":[],"product_cat":[337,313,339,336],"product_tag":[],"class_list":{"0":"post-28756","1":"product","2":"type-product","3":"status-publish","4":"has-post-thumbnail","6":"product_cat-alarme-pipi-au-lit","7":"product_cat-les-enfants","8":"product_cat-pjamadryguardians_2025","9":"product_cat-traitement-du-pjama","10":"product_shipping_class-lue","11":"pa_size-10-12-ans","12":"pa_size-5-6-ans","13":"pa_size-6-8-ans","14":"pa_size-8-10-ans","15":"pa_size-petit","17":"first","18":"instock","19":"taxable","20":"shipping-taxable","21":"purchasable","22":"product-type-composite"},"composite_virtual":false,"composite_layout":"single","composite_add_to_cart_form_location":"default","composite_editable_in_cart":false,"composite_sold_individually_context":"product","composite_shop_price_calc":"min_max","composite_components":[{"id":"1743164570","title":"Alarme pipi lit en Pjama","description":"<p>Alarme pipi au lit avec Haut-parleur et capteur.<\/p>\n","query_type":"product_ids","query_ids":[24637],"default_option_id":24637,"thumbnail_id":6376,"thumbnail_src":"https:\/\/pjama.eu\/wp-content\/uploads\/Pjama-alarm-600x400-1-300x300-1.jpeg","quantity_min":1,"quantity_max":1,"priced_individually":true,"shipped_individually":false,"optional":false,"discount":"","options_style":"dropdowns","pagination_style":"classic","display_prices":"absolute","show_sorting_options":false,"show_filtering_options":false,"attribute_filter_ids":[],"select_action":"view","product_title_visible":false,"product_descr_visible":false,"product_price_visible":true,"product_thumb_visible":true,"subtotal_visible_product":false,"subtotal_visible_cart":true,"subtotal_visible_orders":true},{"id":"1743164571","title":"Boxer de traitement","description":"<p>Sous-v\u00eatements Boxer pour le traitement de l'\u00e9nur\u00e9sie. Non-absorbant. <\/p>\n","query_type":"product_ids","query_ids":[24878],"default_option_id":24878,"thumbnail_id":3726,"thumbnail_src":"https:\/\/pjama.eu\/wp-content\/uploads\/Boxer-underwear.jpg","quantity_min":2,"quantity_max":6,"priced_individually":true,"shipped_individually":false,"optional":false,"discount":"","options_style":"dropdowns","pagination_style":"classic","display_prices":"absolute","show_sorting_options":false,"show_filtering_options":false,"attribute_filter_ids":[],"select_action":"view","product_title_visible":false,"product_descr_visible":false,"product_price_visible":true,"product_thumb_visible":true,"subtotal_visible_product":false,"subtotal_visible_cart":true,"subtotal_visible_orders":true},{"id":"1743164572","title":"Short de traitement","description":"<p>Short d'\u00e9nur\u00e9sie absorbant. Le produit est dot\u00e9 de fils de d\u00e9tection cousus auxquels vous connectez le d\u00e9tecteur. <\/p>\n","query_type":"product_ids","query_ids":[25229],"default_option_id":25229,"thumbnail_id":4407,"thumbnail_src":"https:\/\/pjama.eu\/wp-content\/uploads\/Pjama_treatment_shorts.jpeg","quantity_min":1,"quantity_max":4,"priced_individually":true,"shipped_individually":false,"optional":false,"discount":"","options_style":"dropdowns","pagination_style":"classic","display_prices":"absolute","show_sorting_options":false,"show_filtering_options":false,"attribute_filter_ids":[],"select_action":"view","product_title_visible":false,"product_descr_visible":false,"product_price_visible":true,"product_thumb_visible":true,"subtotal_visible_product":false,"subtotal_visible_cart":true,"subtotal_visible_orders":true}],"composite_scenarios":[],"_links":{"self":[{"href":"https:\/\/pjama.eu\/fr\/wp-json\/wp\/v2\/product\/28756","targetHints":{"allow":["GET"]}}],"collection":[{"href":"https:\/\/pjama.eu\/fr\/wp-json\/wp\/v2\/product"}],"about":[{"href":"https:\/\/pjama.eu\/fr\/wp-json\/wp\/v2\/types\/product"}],"wp:featuredmedia":[{"embeddable":true,"href":"https:\/\/pjama.eu\/fr\/wp-json\/wp\/v2\/media\/31256"}],"wp:attachment":[{"href":"https:\/\/pjama.eu\/fr\/wp-json\/wp\/v2\/media?parent=28756"}],"wp:term":[{"taxonomy":"product_brand","embeddable":true,"href":"https:\/\/pjama.eu\/fr\/wp-json\/wp\/v2\/product_brand?post=28756"},{"taxonomy":"product_cat","embeddable":true,"href":"https:\/\/pjama.eu\/fr\/wp-json\/wp\/v2\/product_cat?post=28756"},{"taxonomy":"product_tag","embeddable":true,"href":"https:\/\/pjama.eu\/fr\/wp-json\/wp\/v2\/product_tag?post=28756"}],"curies":[{"name":"wp","href":"https:\/\/api.w.org\/{rel}","templated":true}]}}