{"id":28757,"date":"2023-01-09T16:29:02","date_gmt":"2023-01-09T15:29:02","guid":{"rendered":"https:\/\/pjama.eu\/product\/pjama-dryguardians-mixte-kit-slips\/"},"modified":"2026-03-24T13:29:59","modified_gmt":"2026-03-24T12:29:59","slug":"pjama-dryguardians-mixte-kit-slips","status":"publish","type":"product","link":"https:\/\/pjama.eu\/fr\/produit\/pjama-dryguardians-mixte-kit-slips\/","title":{"rendered":"Pjama DryGuardians &#8211; Mixte Kit Slips"},"content":{"rendered":"<h3 style=\"color: #d35917;\">Pjama DryGuardians &#8211; Kit Mixte Slips<\/h3>\n<p>Le Pjama DryGuardians &#8211; Kit Mixte Slips offre une solution compl\u00e8te pour le traitement de l&rsquo;\u00e9nur\u00e9sie, comprenant le Pjama DryGuardians Kit d&rsquo;alarme anti-\u00e9nur\u00e9sie, le Treatment Service, le Short et le Briefs. Il offre \u00e0 la fois un traitement et une protection pour garder le lit sec pendant la nuit. Vous pouvez acc\u00e9der au service de traitement dans l&rsquo;appli DryGuardians sans frais suppl\u00e9mentaires. T\u00e9l\u00e9chargez l&rsquo;application DryGuardians sur <a href=\"https:\/\/play.google.com\/store\/apps\/details?id=com.pjama&amp;hl=fr&amp;gl=FR\" target=\"_blank\" rel=\"noopener\">Google Play<\/a> ou <a href=\"https:\/\/apps.apple.com\/fr\/app\/dryguardians\/id1498084664\" target=\"_blank\" rel=\"noopener\">App Store<\/a>.   <\/p>\n<p>Le port d&rsquo;un short Alarme pipi au lit ressemble \u00e0 celui d&rsquo;un pyjama normal, mais il est reli\u00e9 \u00e0 une alarme sensible contre l&rsquo;\u00e9nur\u00e9sie. Ils traitent l&rsquo;\u00e9nur\u00e9sie et gardent le lit sec pendant le processus. <\/p>\n<h4 style=\"color: #072130;\">Entretien facile<\/h4>\n<p><span style=\"font-weight: 400;\">Pjama DryGuardians V\u00eatements de nuit pour enfants &#8211; Les shorts sont lavables en machine (60\u00b0C) et peuvent \u00eatre s\u00e9ch\u00e9s par culbutage.<\/span> <span style=\"font-weight: 400;\">REMARQUE : les pantalons et les shorts ont un temps de s\u00e9chage plus long en raison de leur fonction absorbante. Lors du lavage, mettez toujours le v\u00eatement \u00e0 l&rsquo;envers pour permettre \u00e0 l&rsquo;humidit\u00e9 de s&rsquo;\u00e9chapper du tissu. <\/span> <span style=\"font-weight: 400;\">Ils sont durables et rentables. <\/span><b>Pjama garantit au moins 100 lavages et jusqu&rsquo;\u00e0 4 mois d&rsquo;utilisation r\u00e9guli\u00e8re lorsqu&rsquo;il est entretenu conform\u00e9ment \u00e0 nos instructions de lavage.<\/b> <span style=\"font-weight: 400;\">Une solution fiable et pratique pour les enfants qui font pipi au lit la nuit.<\/span> <a href=\"https:\/\/pjama.eu\/fr\/entretien-pjama\/\"><span style=\"font-weight: 400;\">Lire les instructions d&rsquo;entretien compl\u00e8tes &lsquo;<\/span><\/a><\/p>\n<h4 style=\"color: #072130;\">Traitement guid\u00e9 avec l&rsquo;application DryGuardians<\/h4>\n<p>L&rsquo;appli DryGuardians comprend des fonctionnalit\u00e9s intelligentes telles qu&rsquo;un calendrier permettant de consigner les r\u00e9sultats de la nuit. Sur la base des donn\u00e9es enregistr\u00e9es, l&rsquo;application fournit des messages motivants par le biais de vid\u00e9os, de textes et d&rsquo;images. Apr\u00e8s seulement <strong>4 semaines<\/strong>, l&rsquo;application peut fournir une \u00e9valuation de l&rsquo;efficacit\u00e9 du traitement. M\u00eame si le traitement n&rsquo;est pas efficace dans l&rsquo;imm\u00e9diat, il peut l&rsquo;\u00eatre \u00e0 un stade ult\u00e9rieur.   <\/p>\n<ul>\n<li>Utilisez l&rsquo;application comme une unit\u00e9 sonore et d\u00e9finissez diff\u00e9rentes sonneries.<\/li>\n<li>Enregistrez votre propre son d&rsquo;alarme.<\/li>\n<li>Fixez des rappels de jour pour les visites aux toilettes.<\/li>\n<li>Recevoir des conseils d&rsquo;experts pendant le traitement.<\/li>\n<\/ul>\n<p>L&rsquo;application DryGuardians est t\u00e9l\u00e9chargeable gratuitement sur <a href=\"https:\/\/play.google.com\/store\/apps\/details?id=com.pjama&amp;hl=fr&amp;gl=FR\" target=\"_blank\" rel=\"noopener\">Google Play<\/a> ou <a href=\"https:\/\/apps.apple.com\/fr\/app\/dryguardians\/id1498084664\" target=\"_blank\" rel=\"noopener\">App Store<\/a>. Pour en savoir plus sur le service de traitement, consultez notre <a href=\"https:\/\/pjama.eu\/fr\/alarme-pipi-au-lit-application\/\">site web.<\/a> <\/p>\n<h4 style=\"color: #072130;\">Mat\u00e9riau<\/h4>\n<p>Le short de nuit Pjama DryGuardians est fabriqu\u00e9 en <em>Tencel<\/em>, lamin\u00e9 pour une protection imperm\u00e9able tout en restant respirant. Une couche absorbante est cousue dans la zone de l&rsquo;entrejambe pour garder le liquide \u00e0 l&rsquo;int\u00e9rieur du short. Tous les tissus sont certifi\u00e9s Oeko-Tex.  <\/p>\n<p>Les shorts existent en deux mod\u00e8les : Pjama DryGuardians Shorts de nuit et Pjama DryGuardians Sous-v\u00eatements &#8211; Briefs, con\u00e7us pour les enfants souffrant d&rsquo;une \u00e9nur\u00e9sie plus l\u00e9g\u00e8re. Les tailles vont de 98 cm \u00e0 164 cm. Pour conna\u00eetre les mensurations et la capacit\u00e9 d&rsquo;absorption, consultez notre <a href=\"https:\/\/pjama.eu\/fr\/guide-des-tailles\/\">Guide des tailles<\/a>.  <\/p>\n<p>Les sous-v\u00eatements DryGuardians de Pjama &#8211; Briefs sont \u00e9galement fabriqu\u00e9s \u00e0 partir de tissus de haute qualit\u00e9 certifi\u00e9s Oeko-Tex, s\u00fbrs et doux pour la peau des enfants. Tous les articles du Mix Kit sont dot\u00e9s de fils capteurs int\u00e9gr\u00e9s pour une large zone de d\u00e9tection, garantissant une d\u00e9tection fiable quelle que soit la position de l&rsquo;enfant pendant son sommeil. <\/p>\n<h4 style=\"color: #072130;\">Utilisation<\/h4>\n<p>Les v\u00eatements de traitement contiennent des fils capteurs int\u00e9gr\u00e9s dans la zone de l&rsquo;entrejambe pour une d\u00e9tection rapide de l&rsquo;urine. Fixez le capteur \u00e0 la ceinture et d\u00e9clenchez l&rsquo;alarme. Placez l&rsquo;unit\u00e9 d&rsquo;alarme \u00e0 c\u00f4t\u00e9 du lit. Si l&rsquo;enfant fait pipi au lit, l&rsquo;alarme se d\u00e9clenche imm\u00e9diatement.  <\/p>\n<p>L&rsquo;alarme peut \u00eatre arr\u00eat\u00e9e en appuyant sur le bouton ON\/OFF. L&rsquo;enfant doit alors aller aux toilettes et mettre des v\u00eatements secs. Pour une utilisation sur smartphone, t\u00e9l\u00e9chargez l&rsquo;application DryGuardians.  <\/p>\n<h4 style=\"color: #072130;\">Entretien du capteur<\/h4>\n<p><span style=\"font-weight: 400;\">Pour des performances optimales, il convient de toujours retirer et s\u00e9cher le capteur apr\u00e8s utilisation.<\/span> <span style=\"font-weight: 400;\">\u00c9vitez de laisser l&rsquo;appareil attach\u00e9 \u00e0 un v\u00eatement mouill\u00e9 &#8211; vous \u00e9viterez ainsi la corrosion et prolongerez la dur\u00e9e de vie de la batterie.<\/span><\/p>\n<h4 style=\"color: #072130;\">Info<\/h4>\n<ul>\n<li>L&rsquo;Alarme pipi au lit Pjama se connecte aux shorts et aux mod\u00e8les briefs par des boutons \u00e0 la taille.<\/li>\n<li>Fils capteurs int\u00e9gr\u00e9s pour une d\u00e9tection rapide et fiable.<\/li>\n<li>Les shorts absorbants prot\u00e8gent le lit.<\/li>\n<li>Confortable et discret.<\/li>\n<li>Lavable \u00e0 60\u00b0C et adapt\u00e9 au s\u00e9chage en machine.<\/li>\n<li>Taille : Enfants.<\/li>\n<li>Couleur : gris et bleu.<\/li>\n<li>Chargement par USB (adaptateur non inclus).<\/li>\n<li>Le manuel d&rsquo;alarme est disponible sur notre <a href=\"https:\/\/pjama.eu\/fr\/manuels-sur-les-produits\/\">site web.<\/a><\/li>\n<li>Pour en savoir plus sur l&rsquo;\u00e9nur\u00e9sie chez les enfants <a href=\"https:\/\/pjama.eu\/fr\/quest-ce-que-lenuresie\/\">, cliquez ici.<\/a><\/li>\n<\/ul>\n<h4 style=\"color: #072130;\">Pour une exp\u00e9rience optimale<\/h4>\n<ul>\n<li>V\u00e9rifier la taille pour s&rsquo;assurer d&rsquo;un ajustement confortable (voir le guide des tailles).<\/li>\n<li>Impliquez votre enfant dans le processus pour le motiver.<\/li>\n<li>Choisissez et personnalisez le son et le volume de l&rsquo;alarme.<\/li>\n<li>T\u00e9l\u00e9chargez l&rsquo;application DryGuardians pour b\u00e9n\u00e9ficier de conseils sur mesure.<\/li>\n<li>Fixez le capteur et placez le haut-parleur dans un rayon de 10 m\u00e8tres.<\/li>\n<li>R\u00e9veillez l&rsquo;enfant lorsque l&rsquo;alarme retentit et guidez-le jusqu&rsquo;aux toilettes.<\/li>\n<li>Lavez les v\u00eatements apr\u00e8s chaque utilisation.<\/li>\n<li>Enregistrez vos r\u00e9sultats dans l&rsquo;application pour recevoir des commentaires et des conseils personnalis\u00e9s.<\/li>\n<\/ul>\n<h4 style=\"color: #072130;\">La motivation et la patience sont essentielles<\/h4>\n<p>Le traitement de l&rsquo;\u00e9nur\u00e9sie n\u00e9cessite de la patience et de la motivation. Gardez \u00e0 l&rsquo;esprit l&rsquo;objectif final : un lit sec sans assistance. C\u00e9l\u00e9brez les petites r\u00e9ussites pour que votre enfant reste motiv\u00e9. Les encouragements et les commentaires positifs sont essentiels \u00e0 la r\u00e9ussite du traitement.   <\/p>\n","protected":false},"excerpt":{"rendered":"<h3><span data-sheets-root=\"1\">Ensemble : Variante du kit mixte pour les filles ; comprend plusieurs \u00e9l\u00e9ments pour plus de flexibilit\u00e9 &#8211; fait partie de la m\u00e9thode DryGuardians.<\/span><\/h3>\n<p>Ce kit flexible et complet vous permet de cr\u00e9er votre propre ensemble personnalis\u00e9 pour un traitement efficace de l&rsquo;\u00e9nur\u00e9sie (pipi au lit).<\/p>\n<p><b>Choisissez le nombre de produits parmi les suivants :<\/b><\/p>\n<ul>\n<li>Pjama DryGuardians kit alarme anti-\u00e9nur\u00e9sie lit (1)<\/li>\n<li>Pjama DryGuardians V\u00eatements de nuit<\/li>\n<li>Pjama DryGuardians Sous-v\u00eatements Briefs<\/li>\n<li>Application DryGuardians (gratuite sur <a href=\"https:\/\/play.google.com\/store\/apps\/details?id=com.pjama&amp;hl=fr&amp;gl=FR\">Google Play<\/a> ou <a href=\"https:\/\/apps.apple.com\/fr\/app\/dryguardians\/id1498084664\">App Store)<\/a><\/li>\n<\/ul>\n<p>Les cale\u00e7ons souples avec fils d\u00e9tecteurs int\u00e9gr\u00e9s gardent le lit au sec et permettent une d\u00e9tection rapide de l&rsquo;urine &#8211; parfaits pour la maison et les voyages. Les mod\u00e8les briefs de Pjama d\u00e9tectent rapidement et efficacement lorsque votre enfant fait pipi au lit. <\/p>\n<p>L&rsquo;appli DryGuardians analyse les donn\u00e9es, fournit des conseils d&rsquo;experts et vous permet de suivre vos progr\u00e8s.<\/p>\n<p><em>Nous vous aidons \u00e0 arr\u00eater de faire pipi au lit !<\/em><\/p>\n","protected":false},"featured_media":31265,"template":"","meta":{"_et_pb_use_builder":"off","_et_pb_old_content":"<h4>DryGuardians Mixkit for Girls<\/h4>\r\nPjama Bedwetting Alarm, Treatment Service, Shorts, and Underwear offer you a complete solution for bedwetting treatment, while also providing a solution to keep the bed dry at night.\r\nYou can access the Treatment Service in the DryGuardians App at no extra cost. Download the DryGuardians App from <a href=\"https:\/\/play.google.com\/store\/apps\/details?id=com.pjama&gl=sv&hl=sv\">Google Play<\/a> or <a href=\"https:\/\/apps.apple.com\/sv\/app\/pjama\/id1498084664?mt=8&l=sv\">App Store<\/a>.\r\nWearing Pjama Treatment Shorts is as comfortable as wearing any other pajamas, while also connecting to a sensitive bedwetting alarm to treat bedwetting and keep the bed dry during the treatment process.\r\n<h4>GET GUIDED WITH OUR TREATMENT SERVICE IN THE DryGuardians APP - EVALUATION AFTER 4 WEEKS<\/h4>\r\nThe Treatment Service in the DryGuardians app includes several smart features. The core of the service\/app is the calendar where you can easily log the outcome of the night. Based on this information, we guide and motivate you through the treatment with messages in the form of video, text, and images. These messages will appear in the feed in the DryGuardians App during treatment.\r\nUndergoing treatment with a bedwetting alarm often impacts the entire family. With the data generated, we can already make an assessment after <strong>4 weeks<\/strong> to see if the treatment is working or not. If the treatment doesn\u2019t seem to be working, it\u2019s entirely possible that it may work at a later stage. Additionally, you get access to the following:\r\n<ul>\r\n \t<li>Use the app as a sound unit and set different ringtones.<\/li>\r\n \t<li>Record your own alarm sound.<\/li>\r\n \t<li>Set daytime alarms (to remind bathroom visits during the day).<\/li>\r\n \t<li>General tips and advice during the treatment of nocturnal enuresis.<\/li>\r\n<\/ul>\r\nThe Treatment Service in the DryGuardians app is free to download from <a href=\"https:\/\/play.google.com\/store\/apps\/details?id=com.pjama&gl=sv&hl=sv\">Google Play<\/a> or <a href=\"https:\/\/apps.apple.com\/sv\/app\/pjama\/id1498084664?mt=8&l=sv\">App Store<\/a>. Read more about the DryGuardians app and the Treatment Service on our <a href=\"https:\/\/pjama.eu\/dryguardians-app-3\/\">website<\/a>.\r\n<h4>Material<\/h4>\r\nPjama Treatment Shorts are made of a soft material called <em>Tencel<\/em>. The outer layer of <em>Tencel<\/em> in the shorts is laminated, making the shorts waterproof, while the product also has excellent breathability. An absorbent material is sewn into the critical area in the crotch, ensuring that liquid stays inside the shorts. All materials are Oeko-Tex certified and safe for children.\r\n\r\nThe Treatment Shorts come in two models: <em>Pjama Treatment Shorts<\/em> and <em>Pjama Treatment Shorts Light<\/em>. The Light version is designed for children with lighter bedwetting. Sizes range from body length 98 cm to 164 cm. For exact measurements and absorption capacity, visit our <a href=\"https:\/\/pjama.eu\/size-guide\/\">Size Guide<\/a>.\r\n\r\nPjama Briefs Treatment Underwear are made from high-quality, Oeko-Tex certified fabrics that are safe and gentle on children\u2019s skin.\r\n\r\nAll items in the DryGuardians Mixkit have built-in sensor wires, increasing the detection area for this bedwetting alarm. Practically, this means that regardless of where the urine hits or what sleeping position you or your child are in, the alarm will safely detect bedwetting. For boys, this can be especially valuable as the area where urine first hits often varies. For girls who have different sleeping positions, especially if they often sleep on their back, the same applies.\r\n<h4>Usage<\/h4>\r\nThe treatment garments have built-in sensor wires around the crotch area that quickly detect urine. Simply snap on the sensor at the front waist and start the bedwetting alarm, and you are ready to begin treatment! Place the bedwetting alarm near the bed at the child\u2019s side.\r\nIf the child wets the bed, the sensitive built-in sensor wires in the shorts or underwear quickly detect the urine and activate the alarm. The child can easily stop the alarm by pressing the \"ON\/OFF\" button on the top of the alarm and then go to the bathroom to finish urinating and change into a new pair of Pjama Treatment Shorts or Underwear.\r\nTo use the bedwetting alarm with your smartphone, you need to download the DryGuardians App from <a href=\"https:\/\/play.google.com\/store\/apps\/details?id=com.pjama\">Google Play<\/a> or <a href=\"https:\/\/apps.apple.com\/se\/app\/pjama\/id1498084664\">App Store<\/a>.\r\n<h4>INFO<\/h4>\r\n<ul>\r\n \t<li><em>Pjama Bedwetting Alarm easily connects to both the shorts and underwear through buttons at the waist.<\/em><\/li>\r\n \t<li><em>Built-in sensor wires for quick and reliable urine detection.<\/em><\/li>\r\n \t<li><em>Absorbent (Shorts, protects the bed).<\/em><\/li>\r\n \t<li><em>Comfortable and discreet.<\/em><\/li>\r\n \t<li><em>Washable at 60\u00b0C and can be tumble dried.<\/em><\/li>\r\n \t<li><em>Size: Children.<\/em><\/li>\r\n \t<li><em>Color: Gray and Blue.<\/em><\/li>\r\n \t<li>Pjama bedwetting alarm is charged with a USB charger (adapter not included).<\/li>\r\n \t<li>The manual for the Pjama bedwetting alarm can be found on our <a href=\"https:\/\/pjama.eu\/product-manuals\/\">website<\/a>.<\/li>\r\n \t<li>Read more about bedwetting in children <a href=\"https:\/\/pjama.eu\/what-is-enuresis\/\">here<\/a>.<\/li>\r\n<\/ul>\r\n<h4>FOR THE BEST EXPERIENCE WITH PJAMA<\/h4>\r\nStart by ensuring you have the correct size. Pjama should fit snugly at the waist (without being too tight). Be sure to check our size guide before ordering your Pjama.\r\n<ul>\r\n \t<li>Prepare for treatment by including your child and explaining the process when your child wets the bed.<\/li>\r\n \t<li>Choose an alarm sound and volume for the speaker.<\/li>\r\n \t<li>Download the DryGuardians App from <a href=\"https:\/\/play.google.com\/store\/apps\/details?id=com.pjama&gl=sv&hl=sv\">Google Play<\/a> or <a href=\"https:\/\/apps.apple.com\/sv\/app\/pjama\/id1498084664?mt=8&l=sv\">App Store<\/a>. With our Treatment Service, you\u2019ll receive personalized guidance based on your results.<\/li>\r\n \t<li>Attach the sensor to your Pjama bedwetting shorts or underwear.<\/li>\r\n \t<li>Place the speaker within 10 meters of the sensor.<\/li>\r\n \t<li>When the bedwetting alarm goes off, wake your child and take them to the toilet. It is important for the child to wake up.<\/li>\r\n \t<li>Remove the sensor, turn the shorts inside out, and wash them.<\/li>\r\n \t<li>Record the night\u2019s results in the DryGuardians app for personalized guidance during your bedwetting treatment.<\/li>\r\n<\/ul>\r\n<h4>MOTIVATION AND PATIENCE ARE KEY<\/h4>\r\nPatience is key! For faster and longer-lasting improvement, patience and motivation are required. If you are a new Pjama user, it\u2019s helpful to keep your ultimate goal in mind \u2013 a dry bed without assistance. With encouraging feedback and smaller milestones, the treatment of nocturnal enuresis becomes more successful.\r\nIf you are a parent of a child using Pjama treatment, it\u2019s important to also keep the child motivated. Provide positive feedback and compliments. If you are motivated, your child will be too!\r\n\r\n\u00a9 2024 Pjama.","_et_gb_content_width":""},"product_brand":[],"product_cat":[337,313,339,336],"product_tag":[],"class_list":{"0":"post-28757","1":"product","2":"type-product","3":"status-publish","4":"has-post-thumbnail","6":"product_cat-alarme-pipi-au-lit","7":"product_cat-les-enfants","8":"product_cat-pjamadryguardians_2025","9":"product_cat-traitement-du-pjama","10":"product_shipping_class-lue","11":"pa_size-10-12-ans","12":"pa_size-5-6-ans","13":"pa_size-6-8-ans","14":"pa_size-8-10-ans","15":"pa_size-petit","17":"first","18":"instock","19":"taxable","20":"shipping-taxable","21":"purchasable","22":"product-type-composite"},"composite_virtual":false,"composite_layout":"single","composite_add_to_cart_form_location":"default","composite_editable_in_cart":false,"composite_sold_individually_context":"product","composite_shop_price_calc":"min_max","composite_components":[{"id":"1743154529","title":"Alarme pipi lit en Pjama","description":"<p>Alarme pipi au lit avec Haut-parleur et capteur.<\/p>\n","query_type":"product_ids","query_ids":[24637],"default_option_id":24637,"thumbnail_id":6376,"thumbnail_src":"https:\/\/pjama.eu\/wp-content\/uploads\/Pjama-alarm-600x400-1-300x300-1.jpeg","quantity_min":1,"quantity_max":1,"priced_individually":true,"shipped_individually":false,"optional":false,"discount":"","options_style":"dropdowns","pagination_style":"classic","display_prices":"absolute","show_sorting_options":false,"show_filtering_options":false,"attribute_filter_ids":[],"select_action":"view","product_title_visible":false,"product_descr_visible":false,"product_price_visible":true,"product_thumb_visible":true,"subtotal_visible_product":false,"subtotal_visible_cart":true,"subtotal_visible_orders":true},{"id":"1743154530","title":"Mod\u00e8les briefs","description":"<p>Sous-v\u00eatements pour le traitement de l'\u00e9nur\u00e9sie. Non-absorbant. <\/p>\n","query_type":"product_ids","query_ids":[24648],"default_option_id":24648,"thumbnail_id":3729,"thumbnail_src":"https:\/\/pjama.eu\/wp-content\/uploads\/hipster-only.jpg","quantity_min":2,"quantity_max":4,"priced_individually":true,"shipped_individually":false,"optional":false,"discount":"","options_style":"dropdowns","pagination_style":"classic","display_prices":"absolute","show_sorting_options":false,"show_filtering_options":false,"attribute_filter_ids":[],"select_action":"view","product_title_visible":false,"product_descr_visible":false,"product_price_visible":true,"product_thumb_visible":true,"subtotal_visible_product":false,"subtotal_visible_cart":true,"subtotal_visible_orders":true},{"id":"1743154531","title":"Short de traitement","description":"<p>Short d'\u00e9nur\u00e9sie absorbant. Le produit est dot\u00e9 de fils de d\u00e9tection cousus auxquels vous connectez le d\u00e9tecteur. <\/p>\n","query_type":"product_ids","query_ids":[25229],"default_option_id":25229,"thumbnail_id":4407,"thumbnail_src":"https:\/\/pjama.eu\/wp-content\/uploads\/Pjama_treatment_shorts.jpeg","quantity_min":1,"quantity_max":4,"priced_individually":true,"shipped_individually":false,"optional":false,"discount":"","options_style":"dropdowns","pagination_style":"classic","display_prices":"absolute","show_sorting_options":false,"show_filtering_options":false,"attribute_filter_ids":[],"select_action":"view","product_title_visible":false,"product_descr_visible":false,"product_price_visible":true,"product_thumb_visible":true,"subtotal_visible_product":false,"subtotal_visible_cart":true,"subtotal_visible_orders":true}],"composite_scenarios":[],"_links":{"self":[{"href":"https:\/\/pjama.eu\/fr\/wp-json\/wp\/v2\/product\/28757","targetHints":{"allow":["GET"]}}],"collection":[{"href":"https:\/\/pjama.eu\/fr\/wp-json\/wp\/v2\/product"}],"about":[{"href":"https:\/\/pjama.eu\/fr\/wp-json\/wp\/v2\/types\/product"}],"wp:featuredmedia":[{"embeddable":true,"href":"https:\/\/pjama.eu\/fr\/wp-json\/wp\/v2\/media\/31265"}],"wp:attachment":[{"href":"https:\/\/pjama.eu\/fr\/wp-json\/wp\/v2\/media?parent=28757"}],"wp:term":[{"taxonomy":"product_brand","embeddable":true,"href":"https:\/\/pjama.eu\/fr\/wp-json\/wp\/v2\/product_brand?post=28757"},{"taxonomy":"product_cat","embeddable":true,"href":"https:\/\/pjama.eu\/fr\/wp-json\/wp\/v2\/product_cat?post=28757"},{"taxonomy":"product_tag","embeddable":true,"href":"https:\/\/pjama.eu\/fr\/wp-json\/wp\/v2\/product_tag?post=28757"}],"curies":[{"name":"wp","href":"https:\/\/api.w.org\/{rel}","templated":true}]}}