{"id":31031,"date":"2026-02-20T19:01:38","date_gmt":"2026-02-20T18:01:38","guid":{"rendered":"https:\/\/pjama.eu\/?post_type=product&#038;p=31031"},"modified":"2026-03-31T11:00:46","modified_gmt":"2026-03-31T09:00:46","slug":"alarme-pipi-au-lit-standard","status":"publish","type":"product","link":"https:\/\/pjama.eu\/fr\/produit\/alarme-pipi-au-lit-standard\/","title":{"rendered":"Alarme pipi au lit DryGuardians &#8211; Standard"},"content":{"rendered":"<h3 style=\"color: #d35917;\">Alarme pipi au lit DryGuardians &#8211; Standard<\/h3>\n<p>L&rsquo;<strong>Alarme pipi au lit standard<\/strong> de DryGuardians offre une solution fiable et structur\u00e9e pour traiter l&rsquo;\u00e9nur\u00e9sie. Ce kit complet aide votre enfant \u00e0 retrouver des nuits s\u00e8ches rapidement. Ce kit standard d&rsquo;alarme pour l&rsquo;\u00e9nur\u00e9sie associe une technologie d&rsquo;alarme avanc\u00e9e \u00e0 deux paires de sous-v\u00eatements \u00e9quip\u00e9s de capteurs, offrant \u00e0 votre enfant la constance et le confort n\u00e9cessaires \u00e0 la r\u00e9ussite du traitement. Con\u00e7ue pour une utilisation quotidienne, cette version standard fournit tout ce qui est n\u00e9cessaire pour commencer un traitement s\u00fbr et pratique de l&rsquo;\u00e9nur\u00e9sie \u00e0 la maison.  <\/p>\n<p>T\u00e9l\u00e9chargez l&rsquo;application DryGuardians sur <a href=\"https:\/\/play.google.com\/store\/apps\/details?id=com.pjama&amp;hl=fr&amp;gl=FR\" target=\"_blank\" rel=\"noopener\">Google Play<\/a> ou <a href=\"https:\/\/apps.apple.com\/fr\/app\/dryguardians\/id1498084664\" target=\"_blank\" rel=\"noopener\">App Store<\/a> pour suivre vos progr\u00e8s et recevoir des conseils personnalis\u00e9s tout au long du traitement de l&rsquo;\u00e9nur\u00e9sie nocturne.<\/p>\n<h4 style=\"color: #072130;\">Caract\u00e9ristiques de l&rsquo;Alarme pipi au lit Standard DryGuardians<\/h4>\n<p>Le kit alarme pipi au lit Standard est con\u00e7u pour accompagner les enfants souffrant d&rsquo;\u00e9nur\u00e9sie nocturne et stopper les accidents urinaires pendant le sommeil. Il s&rsquo;agit d&rsquo;un syst\u00e8me d&rsquo;alarme structur\u00e9 pour l&rsquo;\u00e9nur\u00e9sie qui aide le cerveau \u00e0 r\u00e9pondre progressivement aux signaux du corps pendant le sommeil. <\/p>\n<p>Le capteur se fixe aux sous-v\u00eatements DryGuardians et se connecte sans fil \u00e0 l&rsquo;unit\u00e9 d&rsquo;alarme. Lorsque l&rsquo;humidit\u00e9 est d\u00e9tect\u00e9e, l&rsquo;alarme du capteur d&rsquo;humidit\u00e9 s&rsquo;active imm\u00e9diatement, aidant ainsi votre enfant \u00e0 se r\u00e9veiller et \u00e0 aller aux toilettes. <\/p>\n<p>Cette m\u00e9thode met l&rsquo;accent sur la sensibilisation et le soutien \u00e0 long terme des nuits s\u00e8ches gr\u00e2ce \u00e0 la coh\u00e9rence et \u00e0 la routine.<\/p>\n<h4 style=\"color: #072130;\">Pourquoi choisir le pack Alarme pipi au lit Standard ?<\/h4>\n<p>Le kit standard comprend<\/p>\n<ul>\n<li><strong>2 x sous-v\u00eatements DryGuardians<\/strong> (cale\u00e7ons ou slips)<\/li>\n<li><strong>1 x Unit\u00e9 Alarme pipi au lit Standard<\/strong> (capteur sans fil + haut-parleur)<\/li>\n<\/ul>\n<p>Le fait d&rsquo;avoir deux paires de sous-v\u00eatements de traitement garantit :<\/p>\n<ul>\n<li>Rotation hygi\u00e9nique facile<\/li>\n<li>Traitement continu m\u00eame pendant les cycles de lavage<\/li>\n<li>Plus de commodit\u00e9 pour les familles occup\u00e9es<\/li>\n<li>Meilleure valeur \u00e0 long terme par rapport aux solutions \u00e0 v\u00eatement unique<\/li>\n<\/ul>\n<p>Le kit standard de l&rsquo;Alarme pipi au lit est id\u00e9al pour les familles qui souhaitent un syst\u00e8me complet, facile \u00e0 utiliser et pratique, sans complexit\u00e9 inutile.<\/p>\n<h4 style=\"color: #072130;\">Con\u00e7u pour une d\u00e9tection pr\u00e9cise et fiable<\/h4>\n<p>Les sous-v\u00eatements DryGuardians sont \u00e9quip\u00e9s de fils de d\u00e9tection cousus dans la zone cible. Ces fils \u00e9largissent la surface de d\u00e9tection, ce qui permet \u00e0 l&rsquo;alarme d&rsquo;\u00e9nur\u00e9sie de r\u00e9agir rapidement et de mani\u00e8re fiable. <\/p>\n<p>Quelle que soit la position de sommeil de votre enfant, l&rsquo;alarme pipi au lit peut d\u00e9tecter les premiers signes d&rsquo;\u00e9nur\u00e9sie et activer l&rsquo;unit\u00e9 d&rsquo;alarme. Ce retour d&rsquo;information imm\u00e9diat favorise le processus d&rsquo;apprentissage et contribue \u00e0 r\u00e9duire les accidents urinaires nocturnes r\u00e9p\u00e9t\u00e9s au fil du temps. <\/p>\n<p>Des cale\u00e7ons et des mod\u00e8les briefs sont disponibles, ce qui vous permet de choisir la coupe la plus naturelle et la plus confortable pour votre enfant.<\/p>\n<h4 style=\"color: #072130;\">Utilisation &#8211; Simple et adapt\u00e9e aux enfants<\/h4>\n<p>Porter des sous-v\u00eatements DryGuardians, c&rsquo;est comme porter des sous-v\u00eatements ordinaires. Les v\u00eatements sont doux, discrets et fabriqu\u00e9s \u00e0 partir de tissus certifi\u00e9s Oeko-Tex qui respectent la peau des enfants. <\/p>\n<p>Le sous-v\u00eatement n&rsquo;absorbe pas les liquides. L&rsquo;objectif est plut\u00f4t de rompre le cycle de l&rsquo;\u00e9nur\u00e9sie par le biais d&rsquo;un entra\u00eenement bas\u00e9 sur l&rsquo;utilisation d&rsquo;alarmes. <\/p>\n<h4 style=\"color: #072130;\">Mode d&#8217;emploi : Comment utiliser votre Alarme pipi au lit Standard ?<\/h4>\n<ol>\n<li>Fixez le capteur sur les boutons de la ceinture.<\/li>\n<li>Placez l&rsquo;unit\u00e9 d&rsquo;alarme pr\u00e8s du lit (jusqu&rsquo;\u00e0 10 m\u00e8tres).<\/li>\n<li>Allumez l&rsquo;alarme avant de vous coucher.<\/li>\n<li>Si de l&rsquo;humidit\u00e9 est d\u00e9tect\u00e9e, l&rsquo;alarme se d\u00e9clenche.<\/li>\n<li>Votre enfant \u00e9teint l&rsquo;alarme et va aux toilettes.<\/li>\n<\/ol>\n<p>L&rsquo;unit\u00e9 d&rsquo;alarme (haut-parleur) est rechargeable par USB et le capteur peut \u00e9galement se connecter \u00e0 l&rsquo;appli DryGuardians pour une assistance suppl\u00e9mentaire.<\/p>\n<h4 style=\"color: #072130;\">Entretien du capteur<\/h4>\n<p><span style=\"font-weight: 400;\">Pour des performances optimales, il convient de toujours retirer et s\u00e9cher le capteur apr\u00e8s utilisation.<\/span><span style=\"font-weight: 400;\"><br \/>\n<\/span><span style=\"font-weight: 400;\">\u00c9vitez de laisser l&rsquo;appareil attach\u00e9 \u00e0 un v\u00eatement mouill\u00e9 &#8211; vous \u00e9viterez ainsi la corrosion et prolongerez la dur\u00e9e de vie de la batterie.<\/span><\/p>\n<h4 style=\"color: #072130;\">Avantages de la technologie Alarme pipi au lit Standard DryGuardians<\/h4>\n<ul>\n<li>Syst\u00e8me structur\u00e9 et efficace de traitement de l&rsquo;\u00e9nur\u00e9sie<\/li>\n<li>Technologie d&rsquo;alarme par capteur d&rsquo;humidit\u00e9 sans fil<\/li>\n<li>Deux paires de sous-v\u00eatements pour l&rsquo;hygi\u00e8ne et la rotation<\/li>\n<li>Large zone de d\u00e9tection pour une r\u00e9ponse pr\u00e9cise<\/li>\n<li>Mat\u00e9riaux souples et confortables<\/li>\n<li>Lavable en machine \u00e0 60\u00b0C et au s\u00e8che-linge<\/li>\n<li>Unit\u00e9 d&rsquo;alarme rechargeable par USB (Haut-parleur)<\/li>\n<li>Connectivit\u00e9 \u00e0 l&rsquo;application pour le suivi des progr\u00e8s<\/li>\n<li>Favorise la confiance et l&rsquo;ind\u00e9pendance de l&rsquo;enfant<\/li>\n<\/ul>\n<p>Cette combinaison de confort, de fiabilit\u00e9 et de conception pratique fait de l&rsquo;Alarme pipi au lit standard un choix de confiance pour les familles qui g\u00e8rent l&rsquo;\u00e9nur\u00e9sie \u00e0 la maison.<\/p>\n<h4 style=\"color: #072130;\">Le processus de traitement &#8211; La constance permet d&rsquo;obtenir des r\u00e9sultats<\/h4>\n<p>La gestion de l&rsquo;\u00e9nur\u00e9sie n\u00e9cessite de la patience, des encouragements et des attentes r\u00e9alistes. Les premi\u00e8res semaines peuvent n\u00e9cessiter un soutien suppl\u00e9mentaire, mais l&rsquo;utilisation r\u00e9guli\u00e8re, chaque nuit, de l&rsquo;Alarme pipi au lit permet de prendre conscience de la situation et d&rsquo;acqu\u00e9rir de nouvelles habitudes. <\/p>\n<ul>\n<li>Les parents jouent un r\u00f4le important :<\/li>\n<li>Renforcement positif<\/li>\n<li>Maintenir des routines r\u00e9guli\u00e8res \u00e0 l&rsquo;heure du coucher<\/li>\n<li>C\u00e9l\u00e9brer les petites am\u00e9liorations<\/li>\n<\/ul>\n<p>Gr\u00e2ce \u00e0 une structure et \u00e0 des encouragements, de nombreuses familles progressent r\u00e9guli\u00e8rement vers des nuits s\u00e8ches.<\/p>\n<p>L&rsquo;application DryGuardians est t\u00e9l\u00e9chargeable gratuitement sur <a href=\"https:\/\/play.google.com\/store\/apps\/details?id=com.pjama&amp;hl=fr&amp;gl=FR\" target=\"_blank\" rel=\"noopener\">Google Play<\/a> ou <a href=\"https:\/\/apps.apple.com\/fr\/app\/dryguardians\/id1498084664\" target=\"_blank\" rel=\"noopener\">App Store<\/a>. Pour en savoir plus sur notre clinique de l&rsquo;\u00e9nur\u00e9sie et sur la mani\u00e8re dont nous pouvons vous aider, vous ou votre enfant, consultez notre <a href=\"https:\/\/pjama.eu\/fr\/\">site web<\/a>. <\/p>\n<h4 style=\"color: #072130;\">R\u00e9ussir le traitement avec l&rsquo;Alarme pipi au lit Standard<\/h4>\n<p>L&rsquo; <strong>Alarme pipi au lit Standard<\/strong> de DryGuardians est la solution compl\u00e8te pour les familles pr\u00eates \u00e0 vaincre l&rsquo;\u00e9nur\u00e9sie nocturne avec succ\u00e8s. Avec deux paires de sous-v\u00eatements \u00e9quip\u00e9s de capteurs et un syst\u00e8me d&rsquo;alarme d&rsquo;\u00e9nur\u00e9sie fiable, vous avez tout ce qu&rsquo;il faut pour commencer. <\/p>\n<p>Commandez votre Alarme pipi au lit Standard d\u00e8s maintenant pour aider votre enfant \u00e0 retrouver confiance, autonomie et des nuits paisibles.<\/p>\n<p>\u00a9 2024 Pjama.<\/p>\n","protected":false},"excerpt":{"rendered":"<h2>DryGuardians Alarme pipi au lit Standard<\/h2>\n<p>L&rsquo;Alarme pipi au lit DryGuardians Standard est une solution compl\u00e8te pour un traitement efficace de l&rsquo;\u00e9nur\u00e9sie \u00e0 domicile.<\/p>\n<p>Comprend <strong>2 x sous-v\u00eatements DryGuardians<\/strong> (Boxers ou Briefs) et <strong>1 x Alarme pipi au lit<\/strong> (capteur + unit\u00e9 sonore).<\/p>\n<ul>\n<li>Deux paires pour une rotation facile de l&rsquo;hygi\u00e8ne<\/li>\n<li>D\u00e9tection rapide et fiable de l&rsquo;humidit\u00e9<\/li>\n<li>Doux et confortable comme un sous-v\u00eatement normal<\/li>\n<li>Lavable en machine \u00e0 60\u00b0C et au s\u00e8che-linge<\/li>\n<\/ul>\n<p>Une mani\u00e8re simple et structur\u00e9e de soutenir les nuits s\u00e8ches et de renforcer la confiance en soi.<\/p>\n<p>T\u00e9l\u00e9chargez l&rsquo;application DryGuardians, un service de traitement gratuit pour les personnes qui font pipi au lit, sur <a href=\"https:\/\/play.google.com\/store\/apps\/details?id=com.pjama&amp;hl=fr&amp;gl=FR\">Google Play<\/a> ou <a href=\"https:\/\/apps.apple.com\/fr\/app\/dryguardians\/id1498084664\" target=\"_blank\" rel=\"noopener\">App Store.<\/a><\/p>\n","protected":false},"featured_media":31110,"template":"","meta":{"_et_pb_use_builder":"","_et_pb_old_content":"","_et_gb_content_width":""},"product_brand":[],"product_cat":[337,313,339,336],"product_tag":[],"class_list":{"0":"post-31031","1":"product","2":"type-product","3":"status-publish","4":"has-post-thumbnail","6":"product_cat-alarme-pipi-au-lit","7":"product_cat-les-enfants","8":"product_cat-pjamadryguardians_2025","9":"product_cat-traitement-du-pjama","10":"product_shipping_class-lue","11":"pa_size-10-12-ans","12":"pa_size-5-6-ans","13":"pa_size-6-8-ans","14":"pa_size-8-10-ans","15":"pa_size-petit","17":"first","18":"instock","19":"sold-individually","20":"taxable","21":"shipping-taxable","22":"purchasable","23":"product-type-composite"},"composite_virtual":false,"composite_layout":"single","composite_add_to_cart_form_location":"default","composite_editable_in_cart":false,"composite_sold_individually_context":"product","composite_shop_price_calc":"min_max","composite_components":[{"id":"1743167486","title":"Alarme pipi lit en Pjama","description":"<p>Alarme pipi au lit avec Haut-parleur et capteur.  <\/p>\n","query_type":"product_ids","query_ids":[24637],"default_option_id":24637,"thumbnail_id":6376,"thumbnail_src":"https:\/\/pjama.eu\/wp-content\/uploads\/Pjama-alarm-600x400-1-300x300-1.jpeg","quantity_min":1,"quantity_max":1,"priced_individually":true,"shipped_individually":false,"optional":false,"discount":"","options_style":"dropdowns","pagination_style":"classic","display_prices":"absolute","show_sorting_options":false,"show_filtering_options":false,"attribute_filter_ids":[],"select_action":"view","product_title_visible":false,"product_descr_visible":false,"product_price_visible":true,"product_thumb_visible":true,"subtotal_visible_product":false,"subtotal_visible_cart":true,"subtotal_visible_orders":true},{"id":"1773136716","title":"Choisir le type de sous-v\u00eatements ","description":"<p>Choisissez les sous-v\u00eatements utilis\u00e9s avec l'alarme de traitement.<\/p>\n","query_type":"product_ids","query_ids":[24878,24648],"default_option_id":"","thumbnail_id":30715,"thumbnail_src":"https:\/\/pjama.eu\/wp-content\/uploads\/Pjama_boxers_and_briefs.jpg","quantity_min":2,"quantity_max":6,"priced_individually":true,"shipped_individually":false,"optional":false,"discount":"","options_style":"dropdowns","pagination_style":"classic","display_prices":"absolute","show_sorting_options":false,"show_filtering_options":false,"attribute_filter_ids":[],"select_action":"view","product_title_visible":false,"product_descr_visible":false,"product_price_visible":true,"product_thumb_visible":true,"subtotal_visible_product":false,"subtotal_visible_cart":true,"subtotal_visible_orders":true}],"composite_scenarios":[{"id":"1773136717","name":"Show Boxer size \/ hide Briefs size","description":"","configuration":[{"component_id":"1773136716","options_modifier":"in","component_options":[24878]}],"actions":[{"action_id":"compat_group","is_active":false},{"action_id":"conditional_components","is_active":true,"hidden_components":[]},{"action_id":"conditional_options","is_active":false,"hidden_options":[]}],"enabled":true},{"id":"1773137216","name":"Show Briefs size \/ hide Boxer size","description":"","configuration":[{"component_id":"1773136716","options_modifier":"in","component_options":[24648]}],"actions":[{"action_id":"compat_group","is_active":false},{"action_id":"conditional_components","is_active":true,"hidden_components":[]},{"action_id":"conditional_options","is_active":false,"hidden_options":[]}],"enabled":true}],"_links":{"self":[{"href":"https:\/\/pjama.eu\/fr\/wp-json\/wp\/v2\/product\/31031","targetHints":{"allow":["GET"]}}],"collection":[{"href":"https:\/\/pjama.eu\/fr\/wp-json\/wp\/v2\/product"}],"about":[{"href":"https:\/\/pjama.eu\/fr\/wp-json\/wp\/v2\/types\/product"}],"wp:featuredmedia":[{"embeddable":true,"href":"https:\/\/pjama.eu\/fr\/wp-json\/wp\/v2\/media\/31110"}],"wp:attachment":[{"href":"https:\/\/pjama.eu\/fr\/wp-json\/wp\/v2\/media?parent=31031"}],"wp:term":[{"taxonomy":"product_brand","embeddable":true,"href":"https:\/\/pjama.eu\/fr\/wp-json\/wp\/v2\/product_brand?post=31031"},{"taxonomy":"product_cat","embeddable":true,"href":"https:\/\/pjama.eu\/fr\/wp-json\/wp\/v2\/product_cat?post=31031"},{"taxonomy":"product_tag","embeddable":true,"href":"https:\/\/pjama.eu\/fr\/wp-json\/wp\/v2\/product_tag?post=31031"}],"curies":[{"name":"wp","href":"https:\/\/api.w.org\/{rel}","templated":true}]}}