{"id":23683,"date":"2022-12-15T16:55:41","date_gmt":"2022-12-15T15:55:41","guid":{"rendered":"https:\/\/pjama.eu\/negozio-di-accessori\/"},"modified":"2026-03-11T11:21:20","modified_gmt":"2026-03-11T10:21:20","slug":"negozio-di-accessori","status":"publish","type":"page","link":"https:\/\/pjama.eu\/it\/negozio-di-accessori\/","title":{"rendered":"Negozio di accessori"},"content":{"rendered":"<p>[et_pb_section fb_built=&#8221;1&#8243; _builder_version=&#8221;4.27.4&#8243; _module_preset=&#8221;default&#8221; use_background_color_gradient=&#8221;on&#8221; background_color_gradient_stops=&#8221;gcid-5eef58f4-760a-49fb-ad33-042d93415a96 0%|rgba(41,196,169,0) 100%&#8221; background_color_gradient_overlays_image=&#8221;on&#8221; background_image=&#8221;https:\/\/pjama.eu\/wp-content\/uploads\/IMG_8480.jpg&#8221; custom_margin=&#8221;||0px||false|false&#8221; custom_padding=&#8221;||0px||false|false&#8221; da_disable_devices=&#8221;off|off|off&#8221; global_colors_info=&#8221;{%22gcid-2352d280-fe84-43b1-a71e-f400c35a526a%22:%91%22background_color_gradient_stops%22%93,%22gcid-5eef58f4-760a-49fb-ad33-042d93415a96%22:%91%22background_color_gradient_stops%22%93}&#8221; da_is_popup=&#8221;off&#8221; da_exit_intent=&#8221;off&#8221; da_has_close=&#8221;on&#8221; da_alt_close=&#8221;off&#8221; da_dark_close=&#8221;off&#8221; da_not_modal=&#8221;on&#8221; da_is_singular=&#8221;off&#8221; da_with_loader=&#8221;off&#8221; da_has_shadow=&#8221;on&#8221;][et_pb_row column_structure=&#8221;3_5,2_5&#8243; _builder_version=&#8221;4.27.4&#8243; _module_preset=&#8221;default&#8221; global_colors_info=&#8221;{}&#8221;][et_pb_column type=&#8221;3_5&#8243; _builder_version=&#8221;4.27.4&#8243; _module_preset=&#8221;default&#8221; global_colors_info=&#8221;{}&#8221;][et_pb_heading title=&#8221;Accessori per la pip\u00ec a letto e supporto diurno&#8221; _builder_version=&#8221;4.27.5&#8243; _module_preset=&#8221;default&#8221; title_text_color=&#8221;#F8F8F8&#8243; global_colors_info=&#8221;{}&#8221;][\/et_pb_heading][et_pb_text _builder_version=&#8221;4.27.5&#8243; _module_preset=&#8221;default&#8221; text_text_color=&#8221;#F8F8F8&#8243; text_font_size=&#8221;16px&#8221; global_colors_info=&#8221;{}&#8221;]<\/p>\n<p><span style=\"font-weight: 400;\">Accessori e strumenti intelligenti per la pip\u00ec a letto che apportano comfort, sicurezza e flessibilit\u00e0 alla vostra vita quotidiana.<\/span><\/p>\n<p><span style=\"font-weight: 400;\">Dagli orologi Allarme Vibrante Discreto Pjama, alla biancheria intima assorbente da giorno, alle borse da viaggio impermeabili che tengono in ordine i prodotti Pjama, ogni accessorio \u00e8 progettato per rendere pi\u00f9 semplice e sicura la routine quotidiana.<\/span><\/p>\n<p><span style=\"font-weight: 400;\">Piccoli dettagli. Grande differenza &#8211; per la sicurezza e la cura di tutti i giorni. <\/span><\/p>\n<p>[\/et_pb_text][\/et_pb_column][et_pb_column type=&#8221;2_5&#8243; _builder_version=&#8221;4.27.4&#8243; _module_preset=&#8221;default&#8221; global_colors_info=&#8221;{}&#8221;][et_pb_image src=&#8221;https:\/\/pjama.eu\/wp-content\/uploads\/pjama_pink-vibrating-watch-e1694784774136-1-1.jpg&#8221; alt=&#8221;Orologio Allarme vibrante Pjama&#8221; title_text=&#8221;pjama_pink-vibrating-watch-e1694784774136-1-1&#8243; _builder_version=&#8221;4.27.4&#8243; _module_preset=&#8221;default&#8221; transform_translate=&#8221;0px|20px&#8221; border_radii=&#8221;on|10px|10px|10px|10px&#8221; border_width_all=&#8221;5px&#8221; border_color_all=&#8221;#F8F8F8&#8243; global_colors_info=&#8221;{}&#8221;][\/et_pb_image][\/et_pb_column][\/et_pb_row][\/et_pb_section][et_pb_section fb_built=&#8221;1&#8243; _builder_version=&#8221;4.16&#8243; background_color=&#8221;rgba(0,0,0,0)&#8221; custom_margin_tablet=&#8221;-60px||||false|false&#8221; custom_margin_last_edited=&#8221;off|desktop&#8221; custom_padding=&#8221;48px|||||&#8221; da_disable_devices=&#8221;off|off|off&#8221; collapsed=&#8221;on&#8221; global_colors_info=&#8221;{}&#8221; da_is_popup=&#8221;off&#8221; da_exit_intent=&#8221;off&#8221; da_has_close=&#8221;on&#8221; da_alt_close=&#8221;off&#8221; da_dark_close=&#8221;off&#8221; da_not_modal=&#8221;on&#8221; da_is_singular=&#8221;off&#8221; da_with_loader=&#8221;off&#8221; da_has_shadow=&#8221;on&#8221;][et_pb_row custom_padding_last_edited=&#8221;off|desktop&#8221; _builder_version=&#8221;4.27.6&#8243; background_size=&#8221;initial&#8221; background_position=&#8221;top_left&#8221; background_repeat=&#8221;repeat&#8221; custom_padding=&#8221;0px||0px||false|false&#8221; custom_padding_tablet=&#8221;||0px||false|false&#8221; hover_enabled=&#8221;0&#8243; global_colors_info=&#8221;{}&#8221; sticky_enabled=&#8221;0&#8243;][et_pb_column type=&#8221;4_4&#8243; _builder_version=&#8221;4.16&#8243; custom_padding=&#8221;|||&#8221; global_colors_info=&#8221;{}&#8221; custom_padding__hover=&#8221;|||&#8221;][et_pb_shop type=&#8221;product_category&#8221; include_categories=&#8221;206&#8243; hover_overlay_color=&#8221;rgba(31,68,139,0.5)&#8221; hover_icon=&#8221;&#x35;||divi||400&#8243; _builder_version=&#8221;4.27.4&#8243; _module_preset=&#8221;default&#8221; title_text_color=&#8221;gcid-5eef58f4-760a-49fb-ad33-042d93415a96&#8243; border_radii=&#8221;on|7px|7px|7px|7px&#8221; global_colors_info=&#8221;{%22gcid-5eef58f4-760a-49fb-ad33-042d93415a96%22:%91%22title_text_color%22%93}&#8221;][\/et_pb_shop][et_pb_button button_url=&#8221;@ET-DC@eyJkeW5hbWljIjp0cnVlLCJjb250ZW50IjoicG9zdF9saW5rX3VybF9wYWdlIiwic2V0dGluZ3MiOnsicG9zdF9pZCI6IjI2MjQ2In19@&#8221; button_text=&#8221;TORNA AL NEGOZIO WEB&#8221; button_alignment=&#8221;center&#8221; _builder_version=&#8221;4.27.4&#8243; _dynamic_attributes=&#8221;button_url&#8221; _module_preset=&#8221;default&#8221; custom_button=&#8221;on&#8221; button_border_radius=&#8221;7px&#8221; box_shadow_style=&#8221;preset3&#8243; box_shadow_color=&#8221;#1F448B&#8221; global_colors_info=&#8221;{}&#8221;][\/et_pb_button][\/et_pb_column][\/et_pb_row][et_pb_row _builder_version=&#8221;4.27.6&#8243; _module_preset=&#8221;default&#8221;][et_pb_column _builder_version=&#8221;4.27.6&#8243; _module_preset=&#8221;default&#8221; type=&#8221;4_4&#8243;][\/et_pb_column][\/et_pb_row][et_pb_row _builder_version=&#8221;4.27.6&#8243; _module_preset=&#8221;default&#8221; hover_enabled=&#8221;0&#8243; sticky_enabled=&#8221;0&#8243;][et_pb_column _builder_version=&#8221;4.27.6&#8243; _module_preset=&#8221;default&#8221; type=&#8221;4_4&#8243;][et_pb_text _builder_version=&#8221;4.27.6&#8243; _module_preset=&#8221;default&#8221; header_3_text_color=&#8221;#072130&#8243; header_2_text_color=&#8221;#D35917&#8243; hover_enabled=&#8221;0&#8243; sticky_enabled=&#8221;0&#8243;]<\/p>\n<h3><b>Cosa sono gli accessori per la pip\u00ec a letto?<\/b><\/h3>\n<h2><b>Strumenti che migliorano il comfort e la sicurezza quotidiani<\/b><\/h2>\n<p>Gli accessori per la pip\u00ec a letto sono strumenti di supporto progettati per semplificare la vita quotidiana delle persone che gestiscono l&#8217;enuresi notturna o le difficolt\u00e0 di controllo della vescica. Mentre i prodotti di base, come la biancheria da letto assorbente o gli Allarme pip\u00ec a letto, si occupano della protezione e del trattamento notturno, gli accessori aiutano a migliorare la routine quotidiana, l&#8217;organizzazione e la fiducia. <\/p>\n<p>Questi strumenti di supporto possono includere articoli come orologi Allarme Vibrante Pjama, borse impermeabili, sensori di allarme di ricambio e accessori da viaggio. Ogni prodotto svolge un ruolo importante nell&#8217;aiutare le persone a mantenersi organizzate, a mantenere la privacy e a seguire routine strutturate di allenamento della vescica. <\/p>\n<p>Per molte famiglie e adulti, gli accessori giusti per la pip\u00ec a letto aiutano a ridurre lo stress e a rendere pi\u00f9 facile seguire i programmi di trattamento. Che si tratti di prepararsi per la scuola, di viaggiare durante la notte o semplicemente di organizzare la routine notturna a casa, questi piccoli strumenti possono fare una differenza significativa nel comfort e nella sicurezza quotidiani. <\/p>\n<p>[\/et_pb_text][\/et_pb_column][\/et_pb_row][et_pb_row _builder_version=&#8221;4.27.6&#8243; _module_preset=&#8221;default&#8221;][et_pb_column _builder_version=&#8221;4.27.6&#8243; _module_preset=&#8221;default&#8221; type=&#8221;4_4&#8243;][et_pb_text _builder_version=&#8221;4.27.6&#8243; _module_preset=&#8221;default&#8221; header_3_text_color=&#8221;#072130&#8243; header_2_text_color=&#8221;#D35917&#8243; hover_enabled=&#8221;0&#8243; sticky_enabled=&#8221;0&#8243;]<\/p>\n<h3><b>Supporto diurno per una migliore formazione della vescica<\/b><\/h3>\n<h2><b>Perch\u00e9 l&#8217;addestramento diurno della vescica \u00e8 importante<\/b><\/h2>\n<p>La gestione della pip\u00ec a letto spesso non si limita alle soluzioni notturne. Molti professionisti del settore sanitario raccomandano routine di addestramento della vescica durante il giorno come parte di un approccio terapeutico completo. <\/p>\n<p>\u00c8 qui che accessori come gli orologi con vibrazione possono svolgere un ruolo importante. Questi orologi emettono lievi vibrazioni a intervalli programmati, ricordando a chi li indossa di recarsi regolarmente in bagno nel corso della giornata. <\/p>\n<p>Le visite regolari alla toilette possono essere d&#8217;aiuto:<\/p>\n<p><span style=\"font-weight: 400;\">Sostenere le sane abitudini della vescica<\/span><span style=\"font-weight: 400;\"><br \/><\/span><span style=\"font-weight: 400;\"> \u2714 Prevenire il riempimento eccessivo della vescica<\/span><span style=\"font-weight: 400;\"><br \/><\/span><span style=\"font-weight: 400;\"> \u2714 Costruire la consapevolezza dei segnali della vescica<br \/>\u2714 Rafforzare le routine che favoriscono le notti asciutte<\/span><\/p>\n<p>Poich\u00e9 i promemoria sono silenziosi e discreti, gli orologi Allarme Vibrante Pjama sono ideali per essere utilizzati a scuola, al lavoro o durante le attivit\u00e0 quotidiane senza attirare l&#8217;attenzione.<\/p>\n<p>[\/et_pb_text][\/et_pb_column][\/et_pb_row][et_pb_row _builder_version=&#8221;4.27.6&#8243; _module_preset=&#8221;default&#8221;][et_pb_column _builder_version=&#8221;4.27.6&#8243; _module_preset=&#8221;default&#8221; type=&#8221;4_4&#8243;][et_pb_text _builder_version=&#8221;4.27.6&#8243; _module_preset=&#8221;default&#8221; header_3_text_color=&#8221;#072130&#8243; header_2_text_color=&#8221;#D35917&#8243; hover_enabled=&#8221;0&#8243; sticky_enabled=&#8221;0&#8243;]<\/p>\n<h3><b>Orologi Allarme Vibrante Pjama per promemoria quotidiani<\/b><\/h3>\n<h2><b>Avvisi di vibrazione silenziosi per la scuola, il lavoro e i viaggi<\/b><\/h2>\n<p>Uno degli accessori per la pip\u00ec a letto pi\u00f9 utili per il supporto diurno \u00e8 l&#8217;orologio promemoria con vibrazione. Questi orologi sono comunemente utilizzati per l&#8217;addestramento della vescica, i promemoria per il bagno o gli orari dei farmaci. <\/p>\n<p>A differenza degli allarmi tradizionali che producono rumore, gli orologi Allarme Vibrante Pjama utilizzano avvisi di vibrazione delicati che vengono percepiti solo da chi li indossa. Questo li rende particolarmente utili per i bambini in ambiente scolastico o per gli adulti che preferiscono promemoria discreti durante il lavoro o i viaggi. <\/p>\n<p>Tra gli usi pi\u00f9 comuni degli orologi promemoria con vibrazione vi sono:<\/p>\n<p><span style=\"font-weight: 400;\">Promemoria per l&#8217;educazione alla toilette dei bambini<\/span><span style=\"font-weight: 400;\"><br \/><\/span><span style=\"font-weight: 400;\"> Routine per l&#8217;addestramento della vescica raccomandate dai professionisti della sanit\u00e0<\/span><span style=\"font-weight: 400;\"><br \/><\/span><span style=\"font-weight: 400;\"> Promemoria per l&#8217;assunzione di farmaci durante la giornata<br \/>\u2714 Promemoria di routine giornaliera per l&#8217;idratazione o le pause in bagno<\/span><\/p>\n<p><span style=\"font-weight: 400;\">Creando abitudini quotidiane coerenti, gli orologi promemoria possono favorire la gestione complessiva della vescica e aiutare a creare routine che contribuiscono a migliorare il controllo notturno.<\/span><\/p>\n<p>[\/et_pb_text][\/et_pb_column][\/et_pb_row][et_pb_row _builder_version=&#8221;4.27.6&#8243; _module_preset=&#8221;default&#8221;][et_pb_column _builder_version=&#8221;4.27.6&#8243; _module_preset=&#8221;default&#8221; type=&#8221;4_4&#8243;][et_pb_text _builder_version=&#8221;4.27.6&#8243; _module_preset=&#8221;default&#8221; header_3_text_color=&#8221;#072130&#8243; header_2_text_color=&#8221;#D35917&#8243; hover_enabled=&#8221;0&#8243; sticky_enabled=&#8221;0&#8243;]<\/p>\n<h3><b>Accessori per la pip\u00ec a letto per i viaggi e i pigiama party<\/b><\/h3>\n<h2><b>Conservazione discreta dei prodotti per la pip\u00ec a letto<\/b><\/h2>\n<p>Per i bambini, gli adolescenti e gli adulti che gestiscono la pip\u00ec a letto, i viaggi e i pernottamenti possono talvolta creare ansia. Avere gli accessori giusti pu\u00f2 rendere queste situazioni molto pi\u00f9 semplici. <\/p>\n<p>Ad esempio, i sacchetti impermeabili sono un accessorio semplice ma efficace per la pip\u00ec a letto. Consentono di riporre la biancheria da letto in modo discreto e di proteggere gli altri oggetti del bagaglio. Sia che si tratti di un campo scuola, di una gita sportiva o di una vacanza, le borse impermeabili aiutano a mantenere la privacy e l&#8217;organizzazione.  <\/p>\n<p>Questi accessori sono particolarmente utili per:<\/p>\n<p><span style=\"font-weight: 400;\">Gite scolastiche o campi scuola<\/span><span style=\"font-weight: 400;\"><br \/><\/span><span style=\"font-weight: 400;\"> \u2714 Pigiama party con gli amici<\/span><span style=\"font-weight: 400;\"><br \/><\/span><span style=\"font-weight: 400;\"> Vacanze in famiglia e viaggi<br \/>\u2714 Conservazione quotidiana dei prodotti per la notte<\/span><\/p>\n<p>Essendo progettati con la massima discrezione, questi accessori aiutano a garantire che la gestione della pip\u00ec a letto rimanga privata e senza stress.<\/p>\n<p>[\/et_pb_text][\/et_pb_column][\/et_pb_row][et_pb_row _builder_version=&#8221;4.27.6&#8243; _module_preset=&#8221;default&#8221;][et_pb_column _builder_version=&#8221;4.27.6&#8243; _module_preset=&#8221;default&#8221; type=&#8221;4_4&#8243;][et_pb_text _builder_version=&#8221;4.27.6&#8243; _module_preset=&#8221;default&#8221; header_3_text_color=&#8221;#072130&#8243; header_2_text_color=&#8221;#D35917&#8243; hover_enabled=&#8221;0&#8243; sticky_enabled=&#8221;0&#8243;]<\/p>\n<h3><b>Accessori che supportano il trattamento della pip\u00ec a letto<\/b><\/h3>\n<h2><b>Parti di ricambio per i sistemi di allarme pip\u00ec a letto<\/b><\/h2>\n<p>Per le persone che utilizzano la terapia dell&#8217;Allarme pip\u00ec a letto, gli accessori possono anche aiutare a mantenere l&#8217;efficacia del sistema di trattamento. Sensori di ricambio, altoparlanti e altri componenti assicurano che il sistema di allarme continui a funzionare in modo affidabile durante il programma di trattamento. <\/p>\n<p>Gli accessori affidabili aiutano:<\/p>\n<p><span style=\"font-weight: 400;\">Mantenere costanti le prestazioni degli allarmi<\/span><span style=\"font-weight: 400;\"><br \/><\/span><span style=\"font-weight: 400;\"> Estendere la durata di vita dei sistemi di trattamento<\/span><span style=\"font-weight: 400;\"><br \/><\/span><span style=\"font-weight: 400;\"> Sostituire i piccoli componenti senza acquistare un nuovo sistema<br \/>\u2714 Mantenere le routine di trattamento senza intoppi<\/span><\/p>\n<p><span style=\"font-weight: 400;\">Se utilizzati insieme agli allarmi pip\u00ec a letto e alle app per il trattamento, questi accessori contribuiscono a creare un sistema di supporto completo per l&#8217;addestramento notturno della vescica.<\/span><\/p>\n<p>[\/et_pb_text][\/et_pb_column][\/et_pb_row][et_pb_row _builder_version=&#8221;4.27.6&#8243; _module_preset=&#8221;default&#8221;][et_pb_column _builder_version=&#8221;4.27.6&#8243; _module_preset=&#8221;default&#8221; type=&#8221;4_4&#8243;][et_pb_text _builder_version=&#8221;4.27.6&#8243; _module_preset=&#8221;default&#8221; header_3_text_color=&#8221;#072130&#8243; header_2_text_color=&#8221;#D35917&#8243; hover_enabled=&#8221;0&#8243; sticky_enabled=&#8221;0&#8243;]<\/p>\n<h3><b>Accessori per la pip\u00ec a letto per tutte le et\u00e0<\/b><\/h3>\n<h2><b>Per bambini, adolescenti e adulti<\/b><\/h2>\n<p>La gestione della pip\u00ec a letto non \u00e8 limitata a una sola fascia d&#8217;et\u00e0. Gli accessori possono supportare le diverse esigenze nelle varie fasi della vita. <\/p>\n<p><strong><b>I bambini<br \/><\/b><\/strong>I bambini spesso traggono beneficio dagli orologi con vibrazione che aiutano a stabilire una regolare routine di toilette durante le ore di scuola o le attivit\u00e0 quotidiane.<\/p>\n<p><strong><b>Adolescenti<br \/><\/b><\/strong>Per gli adolescenti la discrezione \u00e8 particolarmente importante. Accessori come gli orologi promemoria e le soluzioni di archiviazione impermeabili aiutano a mantenere la privacy e a sostenere una sana routine. <\/p>\n<p><strong><b>Adulti<br \/><\/b><\/strong>Gli adulti che gestiscono l&#8217;enuresi notturna o le patologie della vescica spesso utilizzano gli accessori per l&#8217;organizzazione, gli spostamenti e i promemoria quotidiani, facilitando il mantenimento dell&#8217;indipendenza e della fiducia.<\/p>\n<p>[\/et_pb_text][\/et_pb_column][\/et_pb_row][et_pb_row _builder_version=&#8221;4.27.6&#8243; _module_preset=&#8221;default&#8221;][et_pb_column _builder_version=&#8221;4.27.6&#8243; _module_preset=&#8221;default&#8221; type=&#8221;4_4&#8243;][et_pb_text _builder_version=&#8221;4.27.6&#8243; _module_preset=&#8221;default&#8221; header_3_text_color=&#8221;#072130&#8243; header_2_text_color=&#8221;#D35917&#8243; hover_enabled=&#8221;0&#8243; sticky_enabled=&#8221;0&#8243;]<\/p>\n<h3><b>Accessori utili che semplificano la vita quotidiana<\/b><\/h3>\n<h2><b>Piccoli accessori che fanno una grande differenza<\/b><\/h2>\n<p>Sebbene si parli spesso di pip\u00ec a letto in relazione agli incidenti notturni, gli accessori giusti possono fare una differenza significativa durante l&#8217;intera giornata.<\/p>\n<p>Dagli orologi Allarme Vibrante Pjama che supportano l&#8217;allenamento della vescica alle borse da viaggio impermeabili che mantengono i prodotti organizzati, gli accessori per la pip\u00ec a letto aiutano a semplificare la routine quotidiana e a garantire una maggiore tranquillit\u00e0.<\/p>\n<p>Combinando strumenti pratici con un design discreto, gli accessori Pjama sono stati creati per aiutare le persone di tutte le et\u00e0 a gestire la pip\u00ec a letto o la formazione della vescica. Queste piccole aggiunte alla routine di trattamento o protezione possono contribuire a creare un&#8217;esperienza pi\u00f9 fluida e sicura sia di giorno che di notte. <\/p>\n<p>[\/et_pb_text][\/et_pb_column][\/et_pb_row][et_pb_row _builder_version=&#8221;4.27.6&#8243; _module_preset=&#8221;default&#8221;][et_pb_column _builder_version=&#8221;4.27.6&#8243; _module_preset=&#8221;default&#8221; type=&#8221;4_4&#8243;][et_pb_text _builder_version=&#8221;4.27.6&#8243; _module_preset=&#8221;default&#8221; header_3_text_color=&#8221;#072130&#8243; header_2_text_color=&#8221;#D35917&#8243; hover_enabled=&#8221;0&#8243; sticky_enabled=&#8221;0&#8243;]<\/p>\n<h3><b>Domande frequenti sugli accessori per la pip\u00ec a letto<\/b><\/h3>\n<h2><b>Scegliere gli accessori giusti per le proprie esigenze<\/b><\/h2>\n<p><strong><b>A cosa servono gli accessori per la pip\u00ec a letto?<\/b><\/strong><span style=\"font-weight: 400;\">Gli accessori per la pip\u00ec a letto forniscono un ulteriore supporto alle persone che gestiscono l&#8217;enuresi notturna. Aiutano a organizzare i prodotti per la notte, supportano le routine di addestramento della vescica e facilitano i viaggi o la vita quotidiana. <\/span><\/p>\n<p><strong><b>Gli orologi Allarme Vibrante sono utili per l&#8217;allenamento della vescica?<\/b><\/strong>S\u00ec. Molti professionisti della salute raccomandano visite programmate al bagno come parte dell&#8217;allenamento della vescica. Gli orologi promemoria vibranti forniscono avvisi discreti che aiutano gli utenti a mantenere una routine costante.  <\/p>\n<p><strong><b>Gli accessori per la pip\u00ec a letto sono adatti ai viaggi?<\/b><\/strong>La maggior parte degli accessori per la pip\u00ec a letto sono progettati tenendo conto della discrezione e della portabilit\u00e0. Le borse impermeabili e gli orologi promemoria compatti sono particolarmente utili per i viaggi, le gite scolastiche e i pernottamenti. Tutti i nostri orologi e le parti dell&#8217;allarme sono sicuri per il trasporto.  <\/p>\n<p><strong><b>Gli adulti usano accessori per la pip\u00ec a letto?<br \/><\/b><\/strong>S\u00ec. Gli adulti che gestiscono problemi di vescica notturna o che si sottopongono a training vescicale utilizzano spesso accessori come orologi promemoria, borse impermeabili e componenti di allarme per supportare le routine quotidiane e i programmi di trattamento. <\/p>\n<p>[\/et_pb_text][\/et_pb_column][\/et_pb_row][et_pb_row _builder_version=&#8221;4.27.6&#8243; _module_preset=&#8221;default&#8221;][et_pb_column _builder_version=&#8221;4.27.6&#8243; _module_preset=&#8221;default&#8221; type=&#8221;4_4&#8243;][et_pb_text _builder_version=&#8221;4.27.6&#8243; _module_preset=&#8221;default&#8221; header_3_text_color=&#8221;#072130&#8243; header_2_text_color=&#8221;#D35917&#8243; hover_enabled=&#8221;0&#8243; sticky_enabled=&#8221;0&#8243;]<\/p>\n<h3><b>Come l&#8217;allenamento diurno della vescica aiuta a sostenere le notti asciutte<\/b><\/h3>\n<h2><b>Creare una consapevolezza della salute della vescica<\/b><\/h2>\n<p><span style=\"font-weight: 400;\">Per molte persone che gestiscono la pip\u00ec a letto, migliorare le abitudini vescicali durante il giorno pu\u00f2 svolgere un ruolo importante per ottenere notti migliori. Gli operatori sanitari spesso consigliano di seguire una routine diurna strutturata per aiutare la vescica a sviluppare segnali pi\u00f9 forti e migliorare la consapevolezza. <\/span><\/p>\n<p><span style=\"font-weight: 400;\">L&#8217;addestramento alla vescica diurna si concentra sulla creazione di orari coerenti per la toilette e sulla consapevolezza di quando la vescica \u00e8 piena. Con il tempo, questo aiuta il corpo a riconoscere i segnali della vescica in modo pi\u00f9 efficace, favorendo anche la secchezza notturna. <\/span><\/p>\n<p><span style=\"font-weight: 400;\">\u00c8 qui che gli accessori di supporto per la pip\u00ec a letto, come gli orologi vibranti, diventano strumenti utili. Questi orologi, fornendo dei leggeri promemoria nel corso della giornata, aiutano gli utenti a ricordarsi di andare in bagno regolarmente. In questo modo si evita che la vescica si riempia eccessivamente e si incoraggiano abitudini vescicali pi\u00f9 sane.  <\/span><\/p>\n<p><span style=\"font-weight: 400;\">Una routine regolare, supportata da strumenti di promemoria, pu\u00f2 essere d&#8217;aiuto:<\/span><\/p>\n<p><span style=\"font-weight: 400;\">Rafforzare il controllo della vescica<\/span><span style=\"font-weight: 400;\"><br \/><\/span><span style=\"font-weight: 400;\"> \u2714 Migliorare la consapevolezza dei segnali della vescica<\/span><span style=\"font-weight: 400;\"><br \/><\/span><span style=\"font-weight: 400;\"> \u2714 Supportare i programmi di trattamento della pip\u00ec a letto<br \/>\u2714 Acquisire fiducia nelle routine quotidiane<\/span><\/p>\n<p>Se abbinato a soluzioni notturne come indumenti assorbenti o allarmi pip\u00ec a letto, l&#8217;addestramento alla vescica diurna pu\u00f2 diventare parte di un approccio completo alla gestione dell&#8217;enuresi notturna.<\/p>\n<p>[\/et_pb_text][\/et_pb_column][\/et_pb_row][et_pb_row _builder_version=&#8221;4.27.6&#8243; _module_preset=&#8221;default&#8221;][et_pb_column _builder_version=&#8221;4.27.6&#8243; _module_preset=&#8221;default&#8221; type=&#8221;4_4&#8243;][et_pb_button button_url=&#8221;@ET-DC@eyJkeW5hbWljIjp0cnVlLCJjb250ZW50IjoicG9zdF9saW5rX3VybF9wYWdlIiwic2V0dGluZ3MiOnsicG9zdF9pZCI6IjI2MjQ2In19@&#8221; button_text=&#8221;TORNA AL NEGOZIO WEB&#8221; button_alignment=&#8221;center&#8221; _builder_version=&#8221;4.27.4&#8243; _dynamic_attributes=&#8221;button_url&#8221; _module_preset=&#8221;default&#8221; custom_button=&#8221;on&#8221; button_border_radius=&#8221;7px&#8221; box_shadow_style=&#8221;preset3&#8243; box_shadow_color=&#8221;#1F448B&#8221; global_colors_info=&#8221;{}&#8221;][\/et_pb_button][\/et_pb_column][\/et_pb_row][\/et_pb_section]<\/p>\n","protected":false},"excerpt":{"rendered":"<p>Accessori e strumenti intelligenti per la pip\u00ec a letto che apportano comfort, sicurezza e flessibilit\u00e0 alla vostra vita quotidiana. Dagli orologi Allarme Vibrante Discreto Pjama, alla biancheria intima assorbente da giorno, alle borse da viaggio impermeabili che tengono in ordine i prodotti Pjama, ogni accessorio \u00e8 progettato per rendere pi\u00f9 semplice e sicura la routine [&hellip;]<\/p>\n","protected":false},"author":6,"featured_media":31130,"parent":0,"menu_order":0,"comment_status":"closed","ping_status":"closed","template":"","meta":{"_et_pb_use_builder":"on","_et_pb_old_content":"","_et_gb_content_width":"","footnotes":""},"class_list":["post-23683","page","type-page","status-publish","has-post-thumbnail","hentry"],"_links":{"self":[{"href":"https:\/\/pjama.eu\/it\/wp-json\/wp\/v2\/pages\/23683","targetHints":{"allow":["GET"]}}],"collection":[{"href":"https:\/\/pjama.eu\/it\/wp-json\/wp\/v2\/pages"}],"about":[{"href":"https:\/\/pjama.eu\/it\/wp-json\/wp\/v2\/types\/page"}],"author":[{"embeddable":true,"href":"https:\/\/pjama.eu\/it\/wp-json\/wp\/v2\/users\/6"}],"replies":[{"embeddable":true,"href":"https:\/\/pjama.eu\/it\/wp-json\/wp\/v2\/comments?post=23683"}],"version-history":[{"count":14,"href":"https:\/\/pjama.eu\/it\/wp-json\/wp\/v2\/pages\/23683\/revisions"}],"predecessor-version":[{"id":32981,"href":"https:\/\/pjama.eu\/it\/wp-json\/wp\/v2\/pages\/23683\/revisions\/32981"}],"wp:featuredmedia":[{"embeddable":true,"href":"https:\/\/pjama.eu\/it\/wp-json\/wp\/v2\/media\/31130"}],"wp:attachment":[{"href":"https:\/\/pjama.eu\/it\/wp-json\/wp\/v2\/media?parent=23683"}],"curies":[{"name":"wp","href":"https:\/\/api.w.org\/{rel}","templated":true}]}}