{"id":23687,"date":"2023-09-15T16:07:23","date_gmt":"2023-09-15T14:07:23","guid":{"rendered":"https:\/\/pjama.eu\/negozio-di-pipi-a-letto-adulti\/"},"modified":"2026-03-11T09:52:43","modified_gmt":"2026-03-11T08:52:43","slug":"negozio-di-pipi-a-letto-adulti","status":"publish","type":"page","link":"https:\/\/pjama.eu\/it\/negozio-di-pipi-a-letto-adulti\/","title":{"rendered":"Negozio di pip\u00ec a letto Adulti"},"content":{"rendered":"<p>[et_pb_section fb_built=&#8221;1&#8243; _builder_version=&#8221;4.27.4&#8243; _module_preset=&#8221;default&#8221; background_color=&#8221;#072130&#8243; use_background_color_gradient=&#8221;on&#8221; background_color_gradient_stops=&#8221;#072130 0%|rgba(248,248,248,0) 99%&#8221; background_color_gradient_overlays_image=&#8221;on&#8221; background_image=&#8221;https:\/\/pjama.eu\/wp-content\/uploads\/Blue_shorts_adult-1-1.jpg&#8221; da_disable_devices=&#8221;off|off|off&#8221; global_colors_info=&#8221;{}&#8221; da_is_popup=&#8221;off&#8221; da_exit_intent=&#8221;off&#8221; da_has_close=&#8221;on&#8221; da_alt_close=&#8221;off&#8221; da_dark_close=&#8221;off&#8221; da_not_modal=&#8221;on&#8221; da_is_singular=&#8221;off&#8221; da_with_loader=&#8221;off&#8221; da_has_shadow=&#8221;on&#8221;][et_pb_row column_structure=&#8221;3_5,2_5&#8243; _builder_version=&#8221;4.27.4&#8243; _module_preset=&#8221;default&#8221; global_colors_info=&#8221;{}&#8221;][et_pb_column type=&#8221;3_5&#8243; _builder_version=&#8221;4.27.4&#8243; _module_preset=&#8221;default&#8221; global_colors_info=&#8221;{}&#8221;][et_pb_heading title=&#8221;PRODOTTI PER LA PIP\u00cc A LETTO IN PJAMA PER ADULTI&#8221; _builder_version=&#8221;4.27.5&#8243; _module_preset=&#8221;default&#8221; title_text_color=&#8221;#F8F8F8&#8243; hover_enabled=&#8221;0&#8243; global_colors_info=&#8221;{}&#8221; sticky_enabled=&#8221;0&#8243;][\/et_pb_heading][et_pb_text _builder_version=&#8221;4.27.5&#8243; _module_preset=&#8221;default&#8221; text_text_color=&#8221;#F8F8F8&#8243; text_font_size=&#8221;15px&#8221; custom_margin=&#8221;||0px||false|false&#8221; global_colors_info=&#8221;{}&#8221;]<\/p>\n<p><span style=\"font-weight: 400;\">Comfort, discrezione e sicurezza, per un sonno tranquillo ogni notte.<\/span><\/p>\n<p data-start=\"412\" data-end=\"836\"><span style=\"font-weight: 400;\">Benvenuti nei <em data-start=\"431\" data-end=\"459\">prodotti<\/em> Pjama Protect Pantaloni <em data-start=\"431\" data-end=\"459\">per enuresi notturna per adulti<\/em> &#8211; dove il comfort incontra la fiducia.<br data-start=\"493\" data-end=\"496\">Con Pjama Protect Sleepwear, gli adulti possono dormire tranquilli sapendo di avere una protezione morbida, traspirante e assorbente che mantiene il letto asciutto sia a casa che in viaggio.<br data-start=\"664\" data-end=\"667\">I capi sono discreti, non fanno fruscio e hanno l&#8217;aspetto e la sensazione di normali pantaloni per enuresi o pantaloncini &#8211; un&#8217;alternativa semplice, lavabile e sostenibile ai prodotti monouso.<\/span><\/p>\n<p><span style=\"font-weight: 400;\">Se siete pronti a iniziare il trattamento, il sistema Pjama DryGuardians offre un modo intelligente ed efficace di procedere.<\/span><span style=\"font-weight: 400;\"><br \/><\/span><span style=\"font-weight: 400;\">Utilizzate l&#8217;Allarme pip\u00ec a letto e l&#8217;<a href=\"https:\/\/pjama.eu\/it\/app-dryguardians-aiuta-a-trattare-la-pipi-a-letto-gratuitamente\/\">App DryGuardians<\/a> per un allenamento guidato e personalizzato verso una secchezza duratura.<\/span><\/p>\n<p><span style=\"font-weight: 400;\">Per una maggiore protezione durante il trattamento, \u00e8 possibile indossare la biancheria intima sotto Pjama Protect Sleepwear o aggiungere Pjama Protect Bedding per una maggiore sicurezza.<\/span><\/p>\n<p><span style=\"font-weight: 400;\"><span data-sheets-root=\"1\">I prodotti Pjama Protect per adulti offrono una<\/span>protezione <span data-sheets-root=\"1\">discreta<\/span>. Trattamento intelligente. Fiducia ripristinata.  <\/span><\/p>\n<p>&nbsp;<\/p>\n<p>&nbsp;<\/p>\n<p>[\/et_pb_text][\/et_pb_column][et_pb_column type=&#8221;2_5&#8243; _builder_version=&#8221;4.27.4&#8243; _module_preset=&#8221;default&#8221; global_colors_info=&#8221;{}&#8221;][et_pb_video src=&#8221;https:\/\/pjama.eu\/wp-content\/uploads\/Pjama-for-bedwetters-US.mp4&#8243; image_src=&#8221;https:\/\/pjama.eu\/wp-content\/uploads\/Pjama_saengvaetning_anvaendning.jpg&#8221; _builder_version=&#8221;4.27.4&#8243; _module_preset=&#8221;default&#8221; border_width_all=&#8221;5px&#8221; border_color_all=&#8221;#F8F8F8&#8243; global_colors_info=&#8221;{}&#8221;][\/et_pb_video][\/et_pb_column][\/et_pb_row][\/et_pb_section][et_pb_section fb_built=&#8221;1&#8243; _builder_version=&#8221;4.16&#8243; background_color=&#8221;rgba(0,0,0,0)&#8221; custom_margin_tablet=&#8221;-60px||||false|false&#8221; custom_margin_last_edited=&#8221;off|desktop&#8221; custom_padding=&#8221;48px|||||&#8221; da_disable_devices=&#8221;off|off|off&#8221; collapsed=&#8221;off&#8221; global_colors_info=&#8221;{}&#8221; da_is_popup=&#8221;off&#8221; da_exit_intent=&#8221;off&#8221; da_has_close=&#8221;on&#8221; da_alt_close=&#8221;off&#8221; da_dark_close=&#8221;off&#8221; da_not_modal=&#8221;on&#8221; da_is_singular=&#8221;off&#8221; da_with_loader=&#8221;off&#8221; da_has_shadow=&#8221;on&#8221;][et_pb_row custom_padding_last_edited=&#8221;on|phone&#8221; _builder_version=&#8221;4.19.3&#8243; background_size=&#8221;initial&#8221; background_position=&#8221;top_left&#8221; background_repeat=&#8221;repeat&#8221; custom_margin=&#8221;5%||||false|false&#8221; custom_padding=&#8221;0px||60px|||&#8221; custom_padding_tablet=&#8221;||60px||false|false&#8221; custom_padding_phone=&#8221;&#8221; global_colors_info=&#8221;{}&#8221;][et_pb_column type=&#8221;4_4&#8243; _builder_version=&#8221;4.16&#8243; custom_padding=&#8221;|||&#8221; global_colors_info=&#8221;{}&#8221; custom_padding__hover=&#8221;|||&#8221;][et_pb_shop type=&#8221;product_category&#8221; include_categories=&#8221;45&#8243; icon_hover_color=&#8221;RGBA(255,255,255,0)&#8221; hover_overlay_color=&#8221;rgba(31,68,139,0.5)&#8221; _builder_version=&#8221;4.27.4&#8243; _module_preset=&#8221;default&#8221; title_text_color=&#8221;gcid-5eef58f4-760a-49fb-ad33-042d93415a96&#8243; border_radii=&#8221;on|7px|7px|7px|7px&#8221; global_colors_info=&#8221;{%22gcid-5eef58f4-760a-49fb-ad33-042d93415a96%22:%91%22title_text_color%22%93}&#8221;][\/et_pb_shop][et_pb_button button_url=&#8221;@ET-DC@eyJkeW5hbWljIjp0cnVlLCJjb250ZW50IjoicG9zdF9saW5rX3VybF9wYWdlIiwic2V0dGluZ3MiOnsicG9zdF9pZCI6IjI2MjQ2In19@&#8221; button_text=&#8221;TORNA AL NEGOZIO WEB&#8221; button_alignment=&#8221;center&#8221; _builder_version=&#8221;4.27.4&#8243; _dynamic_attributes=&#8221;button_url&#8221; _module_preset=&#8221;default&#8221; custom_button=&#8221;on&#8221; button_border_radius=&#8221;7px&#8221; box_shadow_style=&#8221;preset3&#8243; box_shadow_color=&#8221;#1F448B&#8221; global_colors_info=&#8221;{}&#8221;][\/et_pb_button][\/et_pb_column][\/et_pb_row][et_pb_row _builder_version=&#8221;4.27.6&#8243; _module_preset=&#8221;default&#8221; global_colors_info=&#8221;{}&#8221;][et_pb_column type=&#8221;4_4&#8243; _builder_version=&#8221;4.27.6&#8243; _module_preset=&#8221;default&#8221; global_colors_info=&#8221;{}&#8221;][et_pb_text _builder_version=&#8221;4.27.6&#8243; _module_preset=&#8221;default&#8221; header_2_text_color=&#8221;#D35917&#8243; header_3_text_color=&#8221;#072130&#8243; global_colors_info=&#8221;{}&#8221;]<\/p>\n<h3><b>Capire la pip\u00ec a letto degli adulti<\/b><\/h3>\n<h2><b>enuresi notturna negli adulti<\/b><\/h2>\n<p>La pip\u00ec a letto \u00e8 spesso associata all&#8217;infanzia, ma l&#8217;enuresi notturna negli adulti \u00e8 pi\u00f9 comune di quanto si pensi. Milioni di adulti in tutta Europa sperimentano perdite vescicali notturne a un certo punto della loro vita a causa di condizioni mediche, stress, effetti collaterali dei farmaci, disturbi del sonno o cambiamenti nella funzione vescicale. <\/p>\n<p>Poich\u00e9 l&#8217;argomento \u00e8 raramente discusso apertamente, molti adulti ritengono di dover gestire il problema in privato. Fortunatamente, i moderni prodotti per la pip\u00ec a letto per adulti offrono soluzioni discrete ed efficaci che consentono di dormire comodamente senza disturbi. <\/p>\n<p>In Pjama, il nostro approccio si concentra sulla fiducia, sul comfort e sulle soluzioni a lungo termine. Sia che abbiate bisogno di una protezione affidabile durante la notte o che siate pronti a iniziare un trattamento attivo, la nostra gamma di prodotti lavabili per la pip\u00ec a letto \u00e8 progettata per favorire un sonno migliore e una migliore qualit\u00e0 di vita. <\/p>\n<p>[\/et_pb_text][\/et_pb_column][\/et_pb_row][et_pb_row _builder_version=&#8221;4.27.6&#8243; _module_preset=&#8221;default&#8221; global_colors_info=&#8221;{}&#8221;][et_pb_column type=&#8221;4_4&#8243; _builder_version=&#8221;4.27.6&#8243; _module_preset=&#8221;default&#8221; global_colors_info=&#8221;{}&#8221;][et_pb_text _builder_version=&#8221;4.27.6&#8243; _module_preset=&#8221;default&#8221; header_2_text_color=&#8221;#D35917&#8243; header_3_text_color=&#8221;#072130&#8243; global_colors_info=&#8221;{}&#8221;]<\/p>\n<h3><b>Perch\u00e9 scegliere i prodotti lavabili per la pip\u00ec a letto per adulti?<\/b><\/h3>\n<h2><b>Protezione affidabile durante la notte<\/b><\/h2>\n<p>Molti adulti provano inizialmente prodotti per l&#8217;incontinenza usa e getta, ma le alternative lavabili offrono diversi vantaggi importanti. I pigiami riutilizzabili per la pip\u00ec a letto sono progettati per avere l&#8217;aspetto e la sensazione di un normale pigiama, pur fornendo l&#8217;assorbenza necessaria per la protezione notturna. <\/p>\n<p>A differenza dei prodotti usa e getta che assomigliano ai pannolini, Pjama Protect Sleepwear offre una soluzione discreta e confortevole che si integra naturalmente nella vostra routine notturna.<\/p>\n<p>[\/et_pb_text][et_pb_text _builder_version=&#8221;4.27.6&#8243; _module_preset=&#8221;default&#8221; header_2_text_color=&#8221;#D35917&#8243; header_3_text_color=&#8221;#072130&#8243; custom_padding=&#8221;5px|5px||5px|false|false&#8221; border_radii=&#8221;on|5px|5px|5px|5px&#8221; border_width_all=&#8221;2px&#8221; border_color_all=&#8221;#D35917&#8243; global_colors_info=&#8221;{}&#8221;]<\/p>\n<p><strong><b>Prodotti per la pip\u00ec a letto lavabili o monouso<\/b><\/strong><\/p>\n<table>\n<tbody>\n<tr>\n<td><b>Caratteristiche<\/b><\/td>\n<td><b>Pjama lavabile Sleepwear<\/b><\/td>\n<td><b>Prodotti usa e getta<\/b><\/td>\n<\/tr>\n<tr>\n<td><span style=\"font-weight: 400;\">Aspetto<\/span><\/td>\n<td><span style=\"font-weight: 400;\">Sembra un normale pantalone da pigiama<\/span><\/td>\n<td><span style=\"font-weight: 400;\">Protezione in stile pannolino<\/span><\/td>\n<\/tr>\n<tr>\n<td><span style=\"font-weight: 400;\">Comfort<\/span><\/td>\n<td><span style=\"font-weight: 400;\">Tessuto per pigiameria morbido e traspirante<\/span><\/td>\n<td><span style=\"font-weight: 400;\">Materiali a base di plastica<\/span><\/td>\n<\/tr>\n<tr>\n<td><span style=\"font-weight: 400;\">Rumore<\/span><\/td>\n<td><span style=\"font-weight: 400;\">Silenzioso e senza fruscii<\/span><\/td>\n<td><span style=\"font-weight: 400;\">Pu\u00f2 produrre suoni stridenti<\/span><\/td>\n<\/tr>\n<tr>\n<td><span style=\"font-weight: 400;\">Sostenibilit\u00e0<\/span><\/td>\n<td><span style=\"font-weight: 400;\">Riutilizzabile fino a 100 lavaggi<\/span><\/td>\n<td><span style=\"font-weight: 400;\">Rifiuti monouso<\/span><\/td>\n<\/tr>\n<tr>\n<td><span style=\"font-weight: 400;\">Costo a lungo termine<\/span><\/td>\n<td><span style=\"font-weight: 400;\">Convenienza nel tempo<\/span><\/td>\n<td><span style=\"font-weight: 400;\">Acquisti mensili continui<\/span><\/td>\n<\/tr>\n<tr>\n<td><span style=\"font-weight: 400;\">La fiducia<\/span><\/td>\n<td><span style=\"font-weight: 400;\">Discreto e riservato<\/span><\/td>\n<td><span style=\"font-weight: 400;\">Spesso visibile o ingombrante<\/span><\/td>\n<\/tr>\n<\/tbody>\n<\/table>\n<p>[\/et_pb_text][et_pb_text _builder_version=&#8221;4.27.6&#8243; _module_preset=&#8221;default&#8221; global_colors_info=&#8221;{}&#8221;]<\/p>\n<p>Per molti adulti, il vantaggio maggiore \u00e8 la discrezione. Poich\u00e9 i prodotti Pjama per la pip\u00ec a letto hanno l&#8217;aspetto di normali indumenti da notte, consentono di mantenere la privacy sia che si dorma a casa, sia che si stia con un partner o in viaggio. <\/p>\n<p>[\/et_pb_text][\/et_pb_column][\/et_pb_row][et_pb_row _builder_version=&#8221;4.27.6&#8243; _module_preset=&#8221;default&#8221; global_colors_info=&#8221;{}&#8221;][et_pb_column type=&#8221;4_4&#8243; _builder_version=&#8221;4.27.6&#8243; _module_preset=&#8221;default&#8221; global_colors_info=&#8221;{}&#8221;][et_pb_text _builder_version=&#8221;4.27.6&#8243; _module_preset=&#8221;default&#8221; header_2_text_color=&#8221;#D35917&#8243; header_3_text_color=&#8221;#072130&#8243; global_colors_info=&#8221;{}&#8221;]<\/p>\n<h3><b>Protezione dalla pip\u00ec a letto per la vita quotidiana<\/b><\/h3>\n<h2><b>Protezione discreta per viaggi, partner e pernottamenti<\/b><\/h2>\n<p>I prodotti affidabili per la pip\u00ec a letto devono adattarsi alla vita reale. Gli adulti hanno spesso bisogno di soluzioni che funzionino in situazioni diverse senza attirare l&#8217;attenzione. <\/p>\n<p><strong>A casa<br \/><\/strong>Molti adulti preferiscono una protezione che permetta loro di dormire comodamente senza preoccuparsi di cambiare le lenzuola o di disturbare il partner. I pigiami lavabili offrono un&#8217;assorbenza affidabile durante la notte, pur mantenendo il comfort di un normale pigiama. <\/p>\n<p><strong>Viaggi e pernottamenti<br \/><\/strong>Viaggiare con i prodotti usa e getta pu\u00f2 essere scomodo e visibile. I prodotti lavabili per adulti per la pip\u00ec a letto offrono un&#8217;alternativa discreta che si adatta facilmente ai bagagli e ha l&#8217;aspetto di una normale biancheria da letto. <\/p>\n<p><strong>Recupero o condizioni temporanee<br \/><\/strong>La pip\u00ec a letto pu\u00f2 talvolta verificarsi durante il recupero da interventi chirurgici, malattie o periodi di stress. In questi casi, la biancheria da letto riutilizzabile offre una protezione affidabile senza dover ricorrere a prodotti usa e getta a lungo termine. <\/p>\n<p>[\/et_pb_text][\/et_pb_column][\/et_pb_row][et_pb_row _builder_version=&#8221;4.27.6&#8243; _module_preset=&#8221;default&#8221; global_colors_info=&#8221;{}&#8221;][et_pb_column type=&#8221;4_4&#8243; _builder_version=&#8221;4.27.6&#8243; _module_preset=&#8221;default&#8221; global_colors_info=&#8221;{}&#8221;][et_pb_text _builder_version=&#8221;4.27.6&#8243; _module_preset=&#8221;default&#8221; header_2_text_color=&#8221;#D35917&#8243; header_3_text_color=&#8221;#072130&#8243; global_colors_info=&#8221;{}&#8221;]<\/p>\n<h3><b>Quale prodotto per adulti per la pip\u00ec a letto \u00e8 adatto a me?<\/b><\/h3>\n<h2><b>Pantaloni per enuresi per adulti, trattamento dell&#8217;allarme pip\u00ec a letto o entrambi?<\/b><\/h2>\n<p>La scelta della soluzione giusta dipende spesso dagli obiettivi e dalla causa della pip\u00ec a letto. Alcuni adulti desiderano soprattutto una protezione discreta durante la notte, mentre altri sono alla ricerca di opzioni di trattamento a lungo termine. <\/p>\n<p><strong><b>Per una protezione discreta<br \/><\/b><\/strong>I pigiami Pjama Protect sono progettati per mantenere il letto asciutto pur avendo l&#8217;aspetto e la sensazione di normali pantaloni o pantaloncini del pigiama. Questi indumenti combinano strati assorbenti, tessuti traspiranti e protezione impermeabile per fornire una copertura affidabile durante la notte. <\/p>\n<p>Sono particolarmente indicati per gli adulti che desiderano un&#8217;alternativa lavabile ai prodotti monouso<span style=\"font-weight: 400;\"> che rimanga confortevole notte dopo notte.<\/span><\/p>\n<p><strong><b>Per una protezione discreta<br \/><\/b><\/strong>Gli adulti che desiderano affrontare la causa alla base della pip\u00ec a letto possono beneficiare del sistema Pjama DryGuardians. Questo sistema combina un allarme pip\u00ec a letto con biancheria intima collegata e l&#8217;app di trattamento DryGuardians. <\/p>\n<p>La terapia dell&#8217;Allarme pip\u00ec a letto funziona rafforzando la risposta del cervello ai segnali della vescica durante il sonno. Con il tempo, questo pu\u00f2 aiutare ad allenare il corpo a svegliarsi prima che si verifichi un incidente. <\/p>\n<p>Il sistema DryGuardians consente agli adulti di tenere traccia dei progressi, di ricevere indicazioni e di seguire un programma strutturato per ottenere una secchezza duratura.<\/p>\n<p>[\/et_pb_text][\/et_pb_column][\/et_pb_row][et_pb_row _builder_version=&#8221;4.27.6&#8243; _module_preset=&#8221;default&#8221; global_colors_info=&#8221;{}&#8221;][et_pb_column type=&#8221;4_4&#8243; _builder_version=&#8221;4.27.6&#8243; _module_preset=&#8221;default&#8221; global_colors_info=&#8221;{}&#8221;][et_pb_text _builder_version=&#8221;4.27.6&#8243; _module_preset=&#8221;default&#8221; header_2_text_color=&#8221;#D35917&#8243; header_3_text_color=&#8221;#072130&#8243; global_colors_info=&#8221;{}&#8221;]<\/p>\n<h3><b>Soluzioni discrete per la pip\u00ec a letto progettate per gli adulti<\/b><\/h3>\n<h2><b>Pigiami confortevoli e dall&#8217;aspetto normale<\/b><\/h2>\n<p>Quando si cercano prodotti per la pip\u00ec a letto per adulti, la discrezione e il comfort sono spesso i fattori pi\u00f9 importanti. Gli adulti desiderano una protezione che si inserisca naturalmente nel loro stile di vita, senza dare l&#8217;impressione di essere medicalizzati o limitati. <\/p>\n<p>La biancheria da letto lavabile di Pjama \u00e8 stata progettata tenendo conto di queste esigenze. I capi utilizzano materiali morbidi e traspiranti e strati assorbenti per mantenere il letto asciutto, pur mantenendo l&#8217;aspetto e la sensazione di una normale biancheria da letto. Essendo riutilizzabili e lavabili in lavatrice, rappresentano anche una soluzione sostenibile ed economica nel tempo.  <\/p>\n<p>Per gli adulti che desiderano una protezione aggiuntiva durante il trattamento, gli shorts e i pantaloni Pjama Protect Pantaloncini per enuresi notturna + Pjama DryGuardians Biancheria Intima possono essere utilizzati insieme al sistema di allarme per enuresi notturna DryGuardians, creando un approccio combinato che offre sia protezione che progressi.<\/p>\n<p>[\/et_pb_text][\/et_pb_column][\/et_pb_row][et_pb_row _builder_version=&#8221;4.27.6&#8243; _module_preset=&#8221;default&#8221; global_colors_info=&#8221;{}&#8221;][et_pb_column type=&#8221;4_4&#8243; _builder_version=&#8221;4.27.6&#8243; _module_preset=&#8221;default&#8221; global_colors_info=&#8221;{}&#8221;][et_pb_text _builder_version=&#8221;4.27.6&#8243; _module_preset=&#8221;default&#8221; header_2_text_color=&#8221;#D35917&#8243; header_3_text_color=&#8221;#072130&#8243; global_colors_info=&#8221;{}&#8221;]<\/p>\n<h3><b>Un approccio moderno alla gestione della pip\u00ec a letto negli adulti<\/b><\/h3>\n<h2><b>Discrezione, privacy e credibilit\u00e0 medica<\/b><\/h2>\n<p>Convivere con la pip\u00ec a letto da adulti pu\u00f2 sembrare isolante, ma esistono soluzioni efficaci. Gli attuali prodotti per adulti per la pip\u00ec a letto combinano comfort, discrezione e opzioni innovative di trattamento o notifica che rendono pi\u00f9 facile riacquistare fiducia e dormire serenamente. <\/p>\n<p>Sia che si tratti di gestire l&#8217;enuresi notturna a lungo termine, sia che si tratti di incidenti notturni temporanei o che si stia iniziando un programma di trattamento, Pjama offre soluzioni progettate per supportare il viaggio verso un sonno migliore.<\/p>\n<p>Grazie alla protezione lavabile, alla tecnologia di trattamento intelligente e al design discreto dei pigiami, i prodotti Pjama Protect aiutano gli adulti a dormire comodamente e con fiducia ogni notte.<\/p>\n<p>[\/et_pb_text][\/et_pb_column][\/et_pb_row][et_pb_row _builder_version=&#8221;4.27.6&#8243; _module_preset=&#8221;default&#8221; global_colors_info=&#8221;{}&#8221;][et_pb_column type=&#8221;4_4&#8243; _builder_version=&#8221;4.27.6&#8243; _module_preset=&#8221;default&#8221; global_colors_info=&#8221;{}&#8221;][et_pb_button button_url=&#8221;@ET-DC@eyJkeW5hbWljIjp0cnVlLCJjb250ZW50IjoicG9zdF9saW5rX3VybF9wYWdlIiwic2V0dGluZ3MiOnsicG9zdF9pZCI6IjI2MjQ2In19@&#8221; button_text=&#8221;TORNA AL NEGOZIO WEB&#8221; button_alignment=&#8221;center&#8221; _builder_version=&#8221;4.27.4&#8243; _dynamic_attributes=&#8221;button_url&#8221; _module_preset=&#8221;default&#8221; custom_button=&#8221;on&#8221; button_border_radius=&#8221;7px&#8221; box_shadow_style=&#8221;preset3&#8243; box_shadow_color=&#8221;#1F448B&#8221; global_colors_info=&#8221;{}&#8221;][\/et_pb_button][\/et_pb_column][\/et_pb_row][\/et_pb_section]<\/p>\n","protected":false},"excerpt":{"rendered":"<p>Pantaloni per enuresi, biancheria intima e allarmi per l&#8217;enuresi negli adulti. Rendete la vostra vita pi\u00f9 facile con i nostri prodotti per la pip\u00ec a letto. <\/p>\n","protected":false},"author":33,"featured_media":28072,"parent":0,"menu_order":0,"comment_status":"closed","ping_status":"closed","template":"","meta":{"_et_pb_use_builder":"on","_et_pb_old_content":"","_et_gb_content_width":"","footnotes":""},"class_list":["post-23687","page","type-page","status-publish","has-post-thumbnail","hentry"],"_links":{"self":[{"href":"https:\/\/pjama.eu\/it\/wp-json\/wp\/v2\/pages\/23687","targetHints":{"allow":["GET"]}}],"collection":[{"href":"https:\/\/pjama.eu\/it\/wp-json\/wp\/v2\/pages"}],"about":[{"href":"https:\/\/pjama.eu\/it\/wp-json\/wp\/v2\/types\/page"}],"author":[{"embeddable":true,"href":"https:\/\/pjama.eu\/it\/wp-json\/wp\/v2\/users\/33"}],"replies":[{"embeddable":true,"href":"https:\/\/pjama.eu\/it\/wp-json\/wp\/v2\/comments?post=23687"}],"version-history":[{"count":16,"href":"https:\/\/pjama.eu\/it\/wp-json\/wp\/v2\/pages\/23687\/revisions"}],"predecessor-version":[{"id":32893,"href":"https:\/\/pjama.eu\/it\/wp-json\/wp\/v2\/pages\/23687\/revisions\/32893"}],"wp:featuredmedia":[{"embeddable":true,"href":"https:\/\/pjama.eu\/it\/wp-json\/wp\/v2\/media\/28072"}],"wp:attachment":[{"href":"https:\/\/pjama.eu\/it\/wp-json\/wp\/v2\/media?parent=23687"}],"curies":[{"name":"wp","href":"https:\/\/api.w.org\/{rel}","templated":true}]}}