{"id":23705,"date":"2020-02-17T17:55:20","date_gmt":"2020-02-17T16:55:20","guid":{"rendered":"https:\/\/pjama.eu\/informazioni-su-pjama-la-nostra-storia\/"},"modified":"2026-04-15T10:10:38","modified_gmt":"2026-04-15T08:10:38","slug":"soluzioni-per-enuresi","status":"publish","type":"page","link":"https:\/\/pjama.eu\/it\/soluzioni-per-enuresi\/","title":{"rendered":"Informazioni su Pjama &#8211; la nostra storia"},"content":{"rendered":"<p>[et_pb_section fb_built=&#8221;1&#8243; custom_padding_last_edited=&#8221;on|phone&#8221; _builder_version=&#8221;4.27.4&#8243; use_background_color_gradient=&#8221;on&#8221; background_color_gradient_stops=&#8221;gcid-5eef58f4-760a-49fb-ad33-042d93415a96 0%|rgba(0,0,0,0.2) 100%&#8221; background_color_gradient_overlays_image=&#8221;on&#8221; background_color_gradient_start=&#8221;rgba(0,0,0,0.2)&#8221; background_color_gradient_end=&#8221;rgba(0,0,0,0.2)&#8221; background_image=&#8221;https:\/\/pjama.eu\/wp-content\/uploads\/pjama-happy-kids-looking-from-above-1.jpg&#8221; custom_padding=&#8221;7%||7%||true|false&#8221; custom_padding_tablet=&#8221;60px||60px||true|false&#8221; custom_padding_phone=&#8221;40px||40px||false|false&#8221; top_divider_color=&#8221;#61a2df&#8221; top_divider_height=&#8221;500px&#8221; bottom_divider_color=&#8221;#ffffff&#8221; bottom_divider_flip=&#8221;horizontal&#8221; bottom_divider_height_tablet=&#8221;58px&#8221; bottom_divider_height_phone=&#8221;32px&#8221; bottom_divider_height_last_edited=&#8221;on|phone&#8221; da_disable_devices=&#8221;off|off|off&#8221; collapsed=&#8221;off&#8221; global_colors_info=&#8221;{%22gcid-5eef58f4-760a-49fb-ad33-042d93415a96%22:%91%22background_color_gradient_stops%22%93}&#8221; da_is_popup=&#8221;off&#8221; da_exit_intent=&#8221;off&#8221; da_has_close=&#8221;on&#8221; da_alt_close=&#8221;off&#8221; da_dark_close=&#8221;off&#8221; da_not_modal=&#8221;on&#8221; da_is_singular=&#8221;off&#8221; da_with_loader=&#8221;off&#8221; da_has_shadow=&#8221;on&#8221;][et_pb_row column_structure=&#8221;3_4,1_4&#8243; custom_padding_last_edited=&#8221;on|phone&#8221; _builder_version=&#8221;4.27.4&#8243; custom_margin=&#8221;|auto|6px|auto||&#8221; custom_padding=&#8221;0px||0px|||&#8221; custom_padding_tablet=&#8221;0px||0px|||&#8221; custom_padding_phone=&#8221;26px||0px||false|false&#8221; global_colors_info=&#8221;{}&#8221;][et_pb_column type=&#8221;3_4&#8243; _builder_version=&#8221;4.16&#8243; global_colors_info=&#8221;{}&#8221;][et_pb_text _builder_version=&#8221;4.27.4&#8243; header_font_size=&#8221;75px&#8221; header_3_text_color=&#8221;#D35917&#8243; header_3_font_size=&#8221;40px&#8221; background_layout=&#8221;dark&#8221; header_font_size_tablet=&#8221;75px&#8221; header_font_size_phone=&#8221;40px&#8221; header_font_size_last_edited=&#8221;on|phone&#8221; header_3_font_size_tablet=&#8221;40px&#8221; header_3_font_size_phone=&#8221;25px&#8221; header_3_font_size_last_edited=&#8221;on|phone&#8221; text_orientation_tablet=&#8221;&#8221; text_orientation_phone=&#8221;left&#8221; text_orientation_last_edited=&#8221;on|desktop&#8221; text_text_shadow_style=&#8221;preset1&#8243; text_text_shadow_blur_strength=&#8221;0.5em&#8221; text_text_shadow_color=&#8221;rgba(0,0,0,0.15)&#8221; global_colors_info=&#8221;{}&#8221;]<\/p>\n<h3>Soluzioni per enuresi e supporto alle famiglie<br \/><\/h3>\n<h1 class=\"hero\">Soluzioni per enuresi: aiutiamo i bambini a sentirsi sicuri e inclusi ogni notte.<\/h1>\n<p>[\/et_pb_text][\/et_pb_column][et_pb_column type=&#8221;1_4&#8243; _builder_version=&#8221;4.16&#8243; global_colors_info=&#8221;{}&#8221;][\/et_pb_column][\/et_pb_row][\/et_pb_section][et_pb_section fb_built=&#8221;1&#8243; custom_padding_last_edited=&#8221;on|desktop&#8221; _builder_version=&#8221;4.16&#8243; custom_padding=&#8221;60px||60px||true|false&#8221; custom_padding_tablet=&#8221;20px||20px||true|false&#8221; custom_padding_phone=&#8221;&#8221; da_disable_devices=&#8221;off|off|off&#8221; collapsed=&#8221;off&#8221; global_colors_info=&#8221;{}&#8221; da_is_popup=&#8221;off&#8221; da_exit_intent=&#8221;off&#8221; da_has_close=&#8221;on&#8221; da_alt_close=&#8221;off&#8221; da_dark_close=&#8221;off&#8221; da_not_modal=&#8221;on&#8221; da_is_singular=&#8221;off&#8221; da_with_loader=&#8221;off&#8221; da_has_shadow=&#8221;on&#8221;][et_pb_row column_structure=&#8221;3_4,1_4&#8243; custom_padding_last_edited=&#8221;on|desktop&#8221; _builder_version=&#8221;4.16&#8243; background_size=&#8221;initial&#8221; background_position=&#8221;top_left&#8221; background_repeat=&#8221;repeat&#8221; custom_padding=&#8221;0px||60px|||&#8221; custom_padding_tablet=&#8221;||0px||false|false&#8221; custom_padding_phone=&#8221;&#8221; global_colors_info=&#8221;{}&#8221;][et_pb_column type=&#8221;3_4&#8243; _builder_version=&#8221;4.16&#8243; custom_padding=&#8221;|||&#8221; global_colors_info=&#8221;{}&#8221; custom_padding__hover=&#8221;|||&#8221;][et_pb_text _builder_version=&#8221;4.27.6&#8243; text_font=&#8221;&#8211;et_global_body_font|&#8211;et_global_heading_font_weight|||||||&#8221; header_2_text_color=&#8221;#D35917&#8243; hover_enabled=&#8221;0&#8243; global_colors_info=&#8221;{}&#8221; header_3_text_color=&#8221;#072130&#8243; sticky_enabled=&#8221;0&#8243;]<\/p>\n<h3>LA NOSTRA<\/h3>\n<h2>MISSIONE: SOLUZIONI PER ENURESI EFFICACI<\/h2>\n<p>Crediamo che tutti meritino le migliori soluzioni per enuresi per sentirsi sicuri di s\u00e9, superando le sfide della pip\u00ec a letto.<br \/>\nLa missione di Pjama \u00e8 fornire soluzioni per enuresi che aiutino bambini e adulti a vivere pienamente ogni momento &#8211; dai pigiama party ai viaggi &#8211; senza vergogna.<\/p>\n<p>La pip\u00ec a letto \u00e8 pi\u00f9 comune di quanto la maggior parte delle persone si renda conto, eppure rimane una sfida silenziosa per molte famiglie.<br \/>\nIl nostro lavoro si basa sull&#8217;empatia e sulla comprensione. Vogliamo eliminare lo stigma, creare fiducia e dare alle famiglie strumenti pratici per rendere la vita pi\u00f9 facile.<br \/>\nFiducia, comfort e inclusione sono alla base di tutto ci\u00f2 che facciamo. <\/p>\n<p>Siamo orgogliosi di aiutare le famiglie di tutto il mondo a passare dalla preoccupazione all&#8217;autonomia, una notte asciutta alla volta.[\/et_pb_text][et_pb_text _builder_version=&#8221;4.27.6&#8243; text_font=&#8221;&#8211;et_global_body_font|&#8211;et_global_heading_font_weight|||||||&#8221; header_2_text_color=&#8221;#D35917&#8243; custom_padding=&#8221;36px|||||&#8221; hover_enabled=&#8221;0&#8243; global_colors_info=&#8221;{}&#8221; header_3_text_color=&#8221;#072130&#8243; sticky_enabled=&#8221;0&#8243;]<\/p>\n<h3>LA NOSTRA STORIA:<\/h3>\n<h2>INNOVAZIONE NELLE SOLUZIONI PER ENURESI<\/h2>\n<p>Nel 2010, Torbj\u00f6rn G\u00e4rdenfors e M\u00e5rten Bernstad sono partiti con un obiettivo chiaro: dare ai bambini affetti da pip\u00ec a letto la stessa libert\u00e0 e sicurezza di tutti gli altri.<\/p>\n<p>Quella che era nata come una piccola idea svedese \u00e8 diventata Pjama, un marchio dedicato alla dignit\u00e0 e all&#8217;inclusione.<br \/>\nLa loro prima innovazione, la pigiameria assorbente, ha permesso ai bambini di dormire serenamente a casa o fuori, senza imbarazzo o limitazioni.<\/p>\n<p>Otto anni dopo, l&#8217;attenzione dell&#8217;azienda si \u00e8 ampliata. Nel 2018, Pjama ha iniziato a ricercare come i tessuti intelligenti e la tecnologia connessa potessero curare la pip\u00ec a letto, non solo proteggerla.<br \/>\nCollaborando a stretto contatto con il settore sanitario svedese e con i principali specialisti dell&#8217;enuresi, il team ha sviluppato una visione per una soluzione completa, basata sui dati, in grado di cambiare la vita. <\/p>\n<p>In occasione del 10\u00b0 anniversario di Pjama, questa visione \u00e8 diventata realt\u00e0 con il lancio di Pjama DryGuardians, che unisce tessuti intelligenti, sensori e strumenti digitali per sostenere un reale progresso verso notti asciutte.<br \/>\nOggi Johan Bergenholtz guida l&#8217;azienda in qualit\u00e0 di CEO, continuando a promuovere l&#8217;innovazione e la consapevolezza in collaborazione con professionisti sanitari e partner in tutto il mondo.<\/p>\n<p>Da una piccola idea nel sud della Svezia, Pjama \u00e8 cresciuta fino a diventare un&#8217;azienda internazionale che serve migliaia di famiglie, cliniche e assistenti in tutto il mondo.<\/p>\n<p>&nbsp;[\/et_pb_text][\/et_pb_column][et_pb_column type=&#8221;1_4&#8243; _builder_version=&#8221;4.16&#8243; custom_padding=&#8221;|||&#8221; global_colors_info=&#8221;{}&#8221; custom_padding__hover=&#8221;|||&#8221;][et_pb_image src=&#8221;https:\/\/pjama.eu\/wp-content\/uploads\/speechbubble.svg&#8221; alt=&#8221;Soluzioni per enuresi Pjama&#8221; title_text=&#8221;bolla vocale&#8221; align=&#8221;center&#8221; align_tablet=&#8221;&#8221; align_phone=&#8221;&#8221; align_last_edited=&#8221;on|desktop&#8221; _builder_version=&#8221;4.27.4&#8243; width=&#8221;100%&#8221; width_tablet=&#8221;85%&#8221; width_phone=&#8221;70%&#8221; width_last_edited=&#8221;on|phone&#8221; module_alignment=&#8221;center&#8221; custom_margin=&#8221;50px||||false|false&#8221; custom_margin_tablet=&#8221;20px||||false|false&#8221; custom_margin_phone=&#8221;20px||||false|false&#8221; custom_margin_last_edited=&#8221;on|desktop&#8221; global_colors_info=&#8221;{}&#8221;][\/et_pb_image][\/et_pb_column][\/et_pb_row][et_pb_row column_structure=&#8221;1_3,2_3&#8243; _builder_version=&#8221;4.22.1&#8243; background_size=&#8221;initial&#8221; background_position=&#8221;top_left&#8221; background_repeat=&#8221;repeat&#8221; custom_margin=&#8221;||40px||false|false&#8221; custom_padding=&#8221;||30px||false|false&#8221; global_colors_info=&#8221;{}&#8221;][et_pb_column type=&#8221;1_3&#8243; _builder_version=&#8221;4.16&#8243; custom_padding=&#8221;|||&#8221; global_colors_info=&#8221;{}&#8221; custom_padding__hover=&#8221;|||&#8221;][et_pb_image src=&#8221;https:\/\/pjama.eu\/wp-content\/uploads\/favicon.png&#8221; alt=&#8221;Soluzioni per enuresi Pjama&#8221; title_text=&#8221;favicon&#8221; show_bottom_space=&#8221;off&#8221; _builder_version=&#8221;4.27.4&#8243; width_tablet=&#8221;&#8221; width_phone=&#8221;100%&#8221; width_last_edited=&#8221;on|phone&#8221; max_width_tablet=&#8221;&#8221; max_width_phone=&#8221;&#8221; max_width_last_edited=&#8221;on|phone&#8221; module_alignment=&#8221;center&#8221; height_tablet=&#8221;&#8221; height_phone=&#8221;1000px&#8221; height_last_edited=&#8221;on|phone&#8221; max_height_tablet=&#8221;&#8221; max_height_phone=&#8221;202px&#8221; max_height_last_edited=&#8221;on|phone&#8221; global_colors_info=&#8221;{}&#8221;][\/et_pb_image][\/et_pb_column][et_pb_column type=&#8221;2_3&#8243; _builder_version=&#8221;4.16&#8243; custom_padding=&#8221;|||&#8221; global_colors_info=&#8221;{}&#8221; custom_padding__hover=&#8221;|||&#8221;][et_pb_text _builder_version=&#8221;4.27.6&#8243; text_font=&#8221;&#8211;et_global_body_font|&#8211;et_global_heading_font_weight|||||||&#8221; header_2_text_color=&#8221;gcid-5eef58f4-760a-49fb-ad33-042d93415a96&#8243; custom_padding=&#8221;||0px||false|false&#8221; hover_enabled=&#8221;0&#8243; global_colors_info=&#8221;{%22gcid-5eef58f4-760a-49fb-ad33-042d93415a96%22:%91%22header_2_text_color%22%93}&#8221; sticky_enabled=&#8221;0&#8243;]<\/p>\n<h2>LE NOSTRE SOLUZIONI PER ENURESI<\/h2>\n<p>Offriamo<a href=\"https:\/\/pjama.eu\/it\/pantaloni-per-enuresi\/\"> pigiami protettivi<\/a> di alta qualit\u00e0 (Pjama Protect Sleepwear) per ragazze, ragazzi, donne e uomini. Creiamo soluzioni di trattamento intelligenti utilizzando Pjama <a href=\"https:\/\/pjama.eu\/it\/pantaloni-allarme-pipi-a-letto\/\">DryGuardians Abbigliamento da notte<\/a>, <a href=\"https:\/\/pjama.eu\/it\/allarme-enuresi-senza-fili\/\">allarmi<\/a> e l&#8217;<a href=\"https:\/\/pjama.eu\/it\/allarme-pipi-a-letto-app\/\">App DryGuardians<\/a>. <\/p>\n<p>Nell&#8217;app, gli utenti possono registrare i risultati notturni, ricevere feedback personalizzati e seguire i propri progressi nel tempo.<br \/>Per gli operatori sanitari, Pjama fornisce un portale dedicato dove i medici possono monitorare il trattamento, modificare le raccomandazioni e supportare i pazienti da remoto.<\/p>\n<p>I nostri prodotti sono sostenibili, lavabili e di lunga durata, riducendo i rifiuti delle alternative usa e getta e promuovendo un consumo responsabile.<br \/>Dal 2014, Pjama ha aiutato oltre 30.000 persone a gestire o superare la pip\u00ec a letto &#8211; con comfort, fiducia e dignit\u00e0.<\/p>\n<p>[\/et_pb_text][et_pb_text _builder_version=&#8221;4.27.6&#8243; text_font=&#8221;&#8211;et_global_body_font|&#8211;et_global_heading_font_weight|||||||&#8221; header_2_text_color=&#8221;gcid-5eef58f4-760a-49fb-ad33-042d93415a96&#8243; custom_padding=&#8221;||0px||false|false&#8221; hover_enabled=&#8221;0&#8243; global_colors_info=&#8221;{%22gcid-5eef58f4-760a-49fb-ad33-042d93415a96%22:%91%22header_2_text_color%22%93}&#8221; sticky_enabled=&#8221;0&#8243;]<\/p>\n<h2>PERCH\u00c9 SCEGLIERE LE SOLUZIONI PER ENURESI PJAMA<\/h2>\n<p>Offriamo soluzioni per enuresi complete: non solo prodotti, ma un percorso di cura e assistenza costante. I nostri modelli discreti ed efficaci sembrano normali pigiami, garantendo al contempo la massima protezione del letto.<\/p>\n<p>Ogni prodotto che creiamo unisce esperienza d&#8217;uso, conoscenze mediche e tecnologia avanzata. Ascoltiamo le famiglie, collaboriamo strettamente con gli esperti del settore sanitario e testiamo rigorosamente le nostre soluzioni per garantire una sicurezza duratura e prestazioni affidabili. <\/p>\n<p>La gamma Pjama Protect copre tutte le esigenze: dalla protezione e dal trattamento agli accessori pratici che semplificano e supportano la routine quotidiana.<br \/>La nostra missione va oltre le notti asciutte: ci sforziamo di portare fiducia, indipendenza e inclusione a ogni persona affetta da pip\u00ec a letto.<\/p>\n<p>Mentre continuiamo a crescere, il nostro obiettivo rimane lo stesso: aiutare le persone di tutto il mondo a vivere al meglio la propria vita, senza limiti, senza vergogna e senza interruzioni.<\/p>\n<p>[\/et_pb_text][\/et_pb_column][\/et_pb_row][\/et_pb_section]<\/p>\n","protected":false},"excerpt":{"rendered":"<p>Soluzioni per enuresi e supporto alle famiglie Soluzioni per enuresi: aiutiamo i bambini a sentirsi sicuri e inclusi ogni notte.LA NOSTRA MISSIONE: SOLUZIONI PER ENURESI EFFICACI Crediamo che tutti meritino le migliori soluzioni per enuresi per sentirsi sicuri di s\u00e9, superando le sfide della pip\u00ec a letto. La missione di Pjama \u00e8 fornire soluzioni per [&hellip;]<\/p>\n","protected":false},"author":1,"featured_media":28099,"parent":0,"menu_order":0,"comment_status":"closed","ping_status":"closed","template":"","meta":{"_et_pb_use_builder":"on","_et_pb_old_content":"<!-- wp:paragraph -->\r\n<p>This is an example page. It's different from a blog post because it will stay in one place and will show up in your site navigation (in most themes). Most people start with an About page that introduces them to potential site visitors. It might say something like this:<\/p>\r\n<!-- \/wp:paragraph --><!-- wp:quote -->\r\n<blockquote class=\"wp-block-quote\">\r\n<p>Hi there! I'm a bike messenger by day, aspiring actor by night, and this is my website. I live in Los Angeles, have a great dog named Jack, and I like pi\u00f1a coladas. (And gettin' caught in the rain.)<\/p>\r\n<\/blockquote>\r\n<!-- \/wp:quote --><!-- wp:paragraph -->\r\n<p>...or something like this:<\/p>\r\n<!-- \/wp:paragraph --><!-- wp:quote -->\r\n<blockquote class=\"wp-block-quote\">\r\n<p>The XYZ Doohickey Company was founded in 1971, and has been providing quality doohickeys to the public ever since. Located in Gotham City, XYZ employs over 2,000 people and does all kinds of awesome things for the Gotham community.<\/p>\r\n<\/blockquote>\r\n<!-- \/wp:quote --><!-- wp:paragraph -->\r\n<p>As a new WordPress user, you should go to <a href=\"https:\/\/pjama.eu\/wp-admin\/\">your dashboard<\/a> to delete this page and create new pages for your content. Have fun!<\/p>\r\n<!-- \/wp:paragraph -->","_et_gb_content_width":"","footnotes":""},"class_list":["post-23705","page","type-page","status-publish","has-post-thumbnail","hentry"],"_links":{"self":[{"href":"https:\/\/pjama.eu\/it\/wp-json\/wp\/v2\/pages\/23705","targetHints":{"allow":["GET"]}}],"collection":[{"href":"https:\/\/pjama.eu\/it\/wp-json\/wp\/v2\/pages"}],"about":[{"href":"https:\/\/pjama.eu\/it\/wp-json\/wp\/v2\/types\/page"}],"author":[{"embeddable":true,"href":"https:\/\/pjama.eu\/it\/wp-json\/wp\/v2\/users\/1"}],"replies":[{"embeddable":true,"href":"https:\/\/pjama.eu\/it\/wp-json\/wp\/v2\/comments?post=23705"}],"version-history":[{"count":24,"href":"https:\/\/pjama.eu\/it\/wp-json\/wp\/v2\/pages\/23705\/revisions"}],"predecessor-version":[{"id":36188,"href":"https:\/\/pjama.eu\/it\/wp-json\/wp\/v2\/pages\/23705\/revisions\/36188"}],"wp:featuredmedia":[{"embeddable":true,"href":"https:\/\/pjama.eu\/it\/wp-json\/wp\/v2\/media\/28099"}],"wp:attachment":[{"href":"https:\/\/pjama.eu\/it\/wp-json\/wp\/v2\/media?parent=23705"}],"curies":[{"name":"wp","href":"https:\/\/api.w.org\/{rel}","templated":true}]}}