{"id":23734,"date":"2020-03-23T11:06:27","date_gmt":"2020-03-23T10:06:27","guid":{"rendered":"https:\/\/pjama.eu\/che-cose-lenuresi\/"},"modified":"2026-04-09T10:00:23","modified_gmt":"2026-04-09T08:00:23","slug":"che-cose-lenuresi","status":"publish","type":"page","link":"https:\/\/pjama.eu\/it\/che-cose-lenuresi\/","title":{"rendered":"Che cos&#8217;\u00e8 l&#8217;enuresi"},"content":{"rendered":"<p>[et_pb_section fb_built=&#8221;1&#8243; custom_padding_last_edited=&#8221;on|phone&#8221; _builder_version=&#8221;4.27.4&#8243; background_color=&#8221;gcid-5eef58f4-760a-49fb-ad33-042d93415a96&#8243; background_enable_image=&#8221;off&#8221; background_size=&#8221;contain&#8221; background_position=&#8221;top_left&#8221; custom_padding=&#8221;8%||8%||true|false&#8221; custom_padding_tablet=&#8221;7%||10%||false|false&#8221; custom_padding_phone=&#8221;10%||13%||false|false&#8221; bottom_divider_style=&#8221;asymmetric&#8221; bottom_divider_color=&#8221;#ffffff&#8221; bottom_divider_height=&#8221;76px&#8221; bottom_divider_height_tablet=&#8221;52px&#8221; bottom_divider_height_phone=&#8221;33px&#8221; bottom_divider_height_last_edited=&#8221;on|phone&#8221; background_last_edited=&#8221;on|phone&#8221; da_disable_devices=&#8221;off|off|off&#8221; collapsed=&#8221;off&#8221; global_colors_info=&#8221;{%22gcid-5eef58f4-760a-49fb-ad33-042d93415a96%22:%91%22background_color%22%93}&#8221; da_is_popup=&#8221;off&#8221; da_exit_intent=&#8221;off&#8221; da_has_close=&#8221;on&#8221; da_alt_close=&#8221;off&#8221; da_dark_close=&#8221;off&#8221; da_not_modal=&#8221;on&#8221; da_is_singular=&#8221;off&#8221; da_with_loader=&#8221;off&#8221; da_has_shadow=&#8221;on&#8221;][et_pb_row custom_padding_last_edited=&#8221;on|phone&#8221; _builder_version=&#8221;4.27.4&#8243; custom_padding=&#8221;0px||0px|||&#8221; custom_padding_tablet=&#8221;0px||0px|||&#8221; custom_padding_phone=&#8221;20px||0px||false|false&#8221; collapsed=&#8221;off&#8221; global_colors_info=&#8221;{}&#8221;][et_pb_column type=&#8221;4_4&#8243; _builder_version=&#8221;4.16&#8243; global_colors_info=&#8221;{}&#8221;][et_pb_heading title=&#8221;Capire l&#039;enuresi&#8221; _builder_version=&#8221;4.27.4&#8243; _module_preset=&#8221;default&#8221; title_text_color=&#8221;#D35917&#8243; title_font_size=&#8221;40px&#8221; title_font_size_tablet=&#8221;40px&#8221; title_font_size_phone=&#8221;25px&#8221; title_font_size_last_edited=&#8221;on|phone&#8221; global_colors_info=&#8221;{}&#8221;][\/et_pb_heading][et_pb_heading title=&#8221;Che cos&#039;\u00e8 l&#039;enuresi (pip\u00ec a letto)?&#8221; _builder_version=&#8221;4.27.4&#8243; _module_preset=&#8221;default&#8221; title_text_color=&#8221;#F8F8F8&#8243; title_font_size=&#8221;75px&#8221; title_font_size_tablet=&#8221;75px&#8221; title_font_size_phone=&#8221;40px&#8221; title_font_size_last_edited=&#8221;on|phone&#8221; global_colors_info=&#8221;{}&#8221;][\/et_pb_heading][\/et_pb_column][\/et_pb_row][\/et_pb_section][et_pb_section fb_built=&#8221;1&#8243; custom_padding_last_edited=&#8221;on|phone&#8221; _builder_version=&#8221;4.16&#8243; custom_padding=&#8221;20px||||false|false&#8221; custom_padding_tablet=&#8221;0px||||false|false&#8221; custom_padding_phone=&#8221;0px||||false|false&#8221; da_disable_devices=&#8221;off|off|off&#8221; collapsed=&#8221;off&#8221; global_colors_info=&#8221;{}&#8221; da_is_popup=&#8221;off&#8221; da_exit_intent=&#8221;off&#8221; da_has_close=&#8221;on&#8221; da_alt_close=&#8221;off&#8221; da_dark_close=&#8221;off&#8221; da_not_modal=&#8221;on&#8221; da_is_singular=&#8221;off&#8221; da_with_loader=&#8221;off&#8221; da_has_shadow=&#8221;on&#8221;][et_pb_row column_structure=&#8221;2_3,1_3&#8243; _builder_version=&#8221;4.16&#8243; global_colors_info=&#8221;{}&#8221;][et_pb_column type=&#8221;2_3&#8243; _builder_version=&#8221;4.16&#8243; custom_padding=&#8221;|||&#8221; global_colors_info=&#8221;{}&#8221; custom_padding__hover=&#8221;|||&#8221;][et_pb_text _builder_version=&#8221;4.27.6&#8243; header_2_text_color=&#8221;#D35917&#8243; header_3_text_color=&#8221;gcid-5eef58f4-760a-49fb-ad33-042d93415a96&#8243; hover_enabled=&#8221;0&#8243; global_colors_info=&#8221;{%22gcid-5eef58f4-760a-49fb-ad33-042d93415a96%22:%91%22header_3_text_color%22%93}&#8221; text_font=&#8221;&#8211;et_global_body_font|&#8211;et_global_heading_font_weight|||||||&#8221; sticky_enabled=&#8221;0&#8243;]<\/p>\n<h2>Che cos&#8217;\u00e8 l&#8217;enuresi?<\/h2>\n<p>Enuresi &#8211; o pip\u00ec a letto &#8211; significa minzione involontaria durante il sonno. \u00c8 molto pi\u00f9 comune di quanto si pensi e pu\u00f2 colpire sia i bambini che gli adulti.<br data-start=\"746\" data-end=\"749\">Vediamo pi\u00f9 da vicino perch\u00e9 si verifica, come pu\u00f2 essere gestita e cosa si pu\u00f2 fare per aiutare il proprio figlio o se stessi. <\/p>\n<h3>CAUSE E FATTORI<\/h3>\n<p>La situazione di ogni persona \u00e8 unica. Ma le ricerche dimostrano che la pip\u00ec a letto \u00e8 spesso il risultato di una combinazione di fattori genetici, biologici e ambientali.<br data-start=\"1081\" data-end=\"1084\">Qui di seguito troverete le cause pi\u00f9 comuni e il modo in cui agiscono insieme. <\/p>\n<h3>STORIA DELLA FAMIGLIA<\/h3>\n<p>S\u00ec, la pip\u00ec a letto pu\u00f2 essere genetica.<\/p>\n<ul>\n<li>Circa il 50% dei bambini che bagnano il letto ha almeno un genitore che ha fatto lo stesso.<\/li>\n<li>Se entrambi i genitori hanno fatto la pip\u00ec a letto da bambini, la probabilit\u00e0 che il figlio la faccia sale al 75%.<\/li>\n<li>Un bambino senza precedenti familiari ha solo il 15% di possibilit\u00e0 di esserne affetto.<br data-start=\"1513\" data-end=\"1516\">La pip\u00ec a letto \u00e8 anche pi\u00f9 comune nei ragazzi che nelle ragazze.<br data-start=\"1570\" data-end=\"1573\"><em data-start=\"1574\" data-end=\"1605\">(Fonte: <a class=\"decorated-link\" href=\"http:\/\/www.urologyhealth.org\" target=\"_new\" rel=\"noopener\" data-start=\"1583\" data-end=\"1604\">www.urologyhealth.org)<\/a><\/em><\/li>\n<\/ul>\n<h3><b>SVILUPPO LENTO DEL CONTROLLO CEREBRALE DELLA VESCICA<\/b><\/h3>\n<p>Avrete probabilmente sentito qualcuno dire: <em data-start=\"1699\" data-end=\"1729\">&#8220;Mio figlio dorme cos\u00ec profondamente&#8221; .<\/em><br data-start=\"1729\" data-end=\"1732\">In alcuni casi \u00e8 vero, ed \u00e8 importante. Il sonno profondo pu\u00f2 ritardare la comunicazione tra la vescica e il cervello. Invece di svegliarsi per urinare, i muscoli del pavimento pelvico si rilassano e la vescica si svuota mentre il bambino continua a dormire.  <\/p>\n<p data-start=\"1983\" data-end=\"2172\">Questa connessione cervello-vescica matura nel tempo, ma pu\u00f2 essere sostenuta e rafforzata con un trattamento costante, come l&#8217;uso del Pjama DryGuardians Abbigliamento da notte e del Sistema di allarme.<\/p>\n<h3><b>RIDUZIONE DELLA CAPACIT\u00c0 VESCICALE<\/b><\/h3>\n<p>Alcuni bambini hanno semplicemente una vescica che contiene meno urina della media. Quando la vescica si riempie pi\u00f9 velocemente durante la notte, possono verificarsi incidenti. Si tratta di un problema comune, che di solito migliora con la crescita del bambino.  <\/p>\n<h3><b>IPERPRODUZIONE DI URINA DURANTE IL SONNO<\/b><\/h3>\n<p>In alcuni bambini, i reni producono troppa urina durante la notte.<br data-start=\"2532\" data-end=\"2535\">Normalmente, il cervello rilascia un ormone chiamato vasopressina (ADH) per rallentare la produzione di urina durante il sonno.<br data-start=\"2643\" data-end=\"2646\">Se il cervello non rilascia una quantit\u00e0 sufficiente di questo ormone, o se i reni non rispondono correttamente, il bambino si sveglia con la necessit\u00e0 di urinare o bagna il letto mentre dorme.<\/p>\n<p data-start=\"2819\" data-end=\"2931\">Anche le bevande contenenti caffeina o carbonati possono stimolare i reni, aumentando la produzione di urina durante la notte.<\/p>\n<h3>DISTURBI DEL SONNO<\/h3>\n<p>Condizioni del sonno come l&#8217;apnea ostruttiva del sonno o il sonnambulismo possono indurre il cuore a rilasciare il peptide natriuretico atriale (ANP), un ormone che indica ai reni di produrre pi\u00f9 urina durante la notte.<\/p>\n<h3>CONSTIGAZIONE<\/h3>\n<p>La stitichezza pu\u00f2 esercitare una pressione supplementare sulla vescica, riducendone la capacit\u00e0 e il controllo.<br data-start=\"3293\" data-end=\"3296\">Alleviare la stitichezza spesso aiuta a migliorare i sintomi della pip\u00ec a letto.<\/p>\n<p>[\/et_pb_text][\/et_pb_column][et_pb_column type=&#8221;1_3&#8243; _builder_version=&#8221;4.16&#8243; custom_padding=&#8221;|||&#8221; global_colors_info=&#8221;{}&#8221; custom_padding__hover=&#8221;|||&#8221;][et_pb_image src=&#8221;https:\/\/pjama.eu\/wp-content\/uploads\/pjama-experts-estimate.svg&#8221; _builder_version=&#8221;4.16&#8243; global_colors_info=&#8221;{}&#8221;][\/et_pb_image][\/et_pb_column][\/et_pb_row][et_pb_row column_structure=&#8221;1_3,2_3&#8243; _builder_version=&#8221;4.16&#8243; global_colors_info=&#8221;{}&#8221;][et_pb_column type=&#8221;1_3&#8243; _builder_version=&#8221;4.16&#8243; global_colors_info=&#8221;{}&#8221;][\/et_pb_column][et_pb_column type=&#8221;2_3&#8243; _builder_version=&#8221;4.16&#8243; global_colors_info=&#8221;{}&#8221;][et_pb_text module_class=&#8221;custom_bullets_wpcc custom_bullets_wpcc&#8211;point&#8221; _builder_version=&#8221;4.27.6&#8243; header_2_text_color=&#8221;gcid-5eef58f4-760a-49fb-ad33-042d93415a96&#8243; hover_enabled=&#8221;0&#8243; ul_font_size_tablet=&#8221;&#8221; ul_font_size_phone=&#8221;17px&#8221; ul_font_size_last_edited=&#8221;on|phone&#8221; global_colors_info=&#8221;{%22gcid-5eef58f4-760a-49fb-ad33-042d93415a96%22:%91%22header_2_text_color%22%93}&#8221; text_font=&#8221;&#8211;et_global_body_font|&#8211;et_global_heading_font_weight|||||||&#8221; sticky_enabled=&#8221;0&#8243;]<\/p>\n<h2>CONVIVERE CON LA PIP\u00cc A LETTO<\/h2>\n<p>La pip\u00ec a letto pu\u00f2 colpire emotivamente sia i bambini che le famiglie, ma pu\u00f2 essere gestita con successo. Ecco alcuni consigli e promemoria che fanno davvero la differenza: <\/p>\n<ul>\n<li>La pip\u00ec a letto non \u00e8 colpa di vostro figlio: non punitelo o prendetelo in giro.<\/li>\n<li>Lasciate che il bambino mangi e beva normalmente. La ricerca svedese dimostra che queste abitudini hanno un impatto minimo sul trattamento. <\/li>\n<li>Usate i Pjama DryGuardians Abbigliamento da notte &#8211; sia a casa che fuori.<\/li>\n<li>Seguite i progressi con la <span style=\"font-weight: 400;\"> <a href=\"https:\/\/pjama.eu\/it\/allarme-pipi-a-letto-app\/\">DryGuardians App<\/a> <\/span>utilizzando il calendario integrato per registrare le notti asciutte e bagnate. Questo pu\u00f2 essere utile anche quando si consulta il medico. <\/li>\n<li>Parlare apertamente &#8211; la pip\u00ec a letto \u00e8 comune e condividere le esperienze aiuta a ridurre la vergogna.<\/li>\n<li>Non chiamatelo mai &#8220;vergogna&#8221;. I bambini ne sentono gi\u00e0 abbastanza altrove. <\/li>\n<li>Non si arrenda! Il trattamento richiede tempo, ma i progressi arriveranno &#8211; e voi state andando benissimo. <\/li>\n<\/ul>\n<p>[\/et_pb_text][\/et_pb_column][\/et_pb_row][\/et_pb_section][et_pb_section fb_built=&#8221;1&#8243; custom_padding_last_edited=&#8221;on|phone&#8221; _builder_version=&#8221;4.27.4&#8243; background_enable_color=&#8221;off&#8221; custom_padding=&#8221;20px||||false|false&#8221; custom_padding_tablet=&#8221;0px||||false|false&#8221; custom_padding_phone=&#8221;0px||||false|false&#8221; da_disable_devices=&#8221;off|off|off&#8221; collapsed=&#8221;on&#8221; global_colors_info=&#8221;{}&#8221; da_is_popup=&#8221;off&#8221; da_exit_intent=&#8221;off&#8221; da_has_close=&#8221;on&#8221; da_alt_close=&#8221;off&#8221; da_dark_close=&#8221;off&#8221; da_not_modal=&#8221;on&#8221; da_is_singular=&#8221;off&#8221; da_with_loader=&#8221;off&#8221; da_has_shadow=&#8221;on&#8221;][et_pb_row column_structure=&#8221;2_3,1_3&#8243; _builder_version=&#8221;4.16&#8243; global_colors_info=&#8221;{}&#8221;][et_pb_column type=&#8221;2_3&#8243; _builder_version=&#8221;4.16&#8243; custom_padding=&#8221;|||&#8221; global_colors_info=&#8221;{}&#8221; custom_padding__hover=&#8221;|||&#8221;][et_pb_text _builder_version=&#8221;4.27.6&#8243; header_2_text_color=&#8221;#D35917&#8243; header_3_text_color=&#8221;gcid-5eef58f4-760a-49fb-ad33-042d93415a96&#8243; hover_enabled=&#8221;0&#8243; global_colors_info=&#8221;{%22gcid-5eef58f4-760a-49fb-ad33-042d93415a96%22:%91%22header_3_text_color%22%93}&#8221; text_font=&#8221;&#8211;et_global_body_font|&#8211;et_global_heading_font_weight|||||||&#8221; sticky_enabled=&#8221;0&#8243;]<\/p>\n<h2>ENURESI NEGLI ADULTI: QUALI SONO LE CAUSE?<\/h2>\n<p data-start=\"4266\" data-end=\"4442\">Sebbene la pip\u00ec a letto sia spesso associata ai bambini, colpisce anche circa 5 milioni di adulti solo negli Stati Uniti<em data-start=\"4393\" data-end=\"4438\">(Fonte: <a href=\"https:\/\/www.nafc.org\/adult-bedwetting\" target=\"_blank\" rel=\"noopener noreferrer\">* National Association for Continence<\/a><\/em>).<\/p>\n<p data-start=\"4444\" data-end=\"4535\">Le cause potenziali sono molteplici: da fattori scatenanti temporanei a condizioni mediche sottostanti.<\/p>\n<h3>GENETICA<\/h3>\n<p>Proprio come nei bambini, l&#8217;enuresi degli adulti pu\u00f2 essere ereditaria.<\/p>\n<h3><b>Infezioni del tratto urinario (UTI)<\/b><\/h3>\n<p>Un&#8217;infezione della vescica pu\u00f2 aumentare lo stimolo a urinare, causando talvolta incidenti durante il sonno.<br data-start=\"4804\" data-end=\"4807\">La maggior parte delle IVU sono lievi e si risolvono rapidamente con gli antibiotici.<\/p>\n<h3><b>EFFETTI COLLATERALI DEI FARMACI<\/b><\/h3>\n<p>Alcuni farmaci per patologie cardiache, per la salute mentale o per la pressione sanguigna possono influire sul controllo della vescica.<\/p>\n<h3>STRESS E ANSIA<\/h3>\n<p>Lo stress mentale pu\u00f2 scatenare o peggiorare la pip\u00ec a letto. In molti casi, i sintomi scompaiono quando i livelli di stress diminuiscono. <\/p>\n<h3>BEVANDE E STIMOLANTI<\/h3>\n<p>Le bevande con caffeina o gassosa possono irritare la vescica e aumentare la produzione di urina.<\/p>\n<h3><b>ALTRE CONDIZIONI MEDICHE<\/b><\/h3>\n<p>Alcuni adulti hanno una vescica pi\u00f9 piccola, una vescica iperattiva o differenze strutturali che riducono la capacit\u00e0 di immagazzinamento notturno.<\/p>\n<p data-start=\"5446\" data-end=\"5672\">In caso di pip\u00ec a letto in et\u00e0 adulta, consultare il medico per escludere le cause sottostanti.<br data-start=\"5536\" data-end=\"5539\">Sebbene l&#8217;enuresi comporti raramente rischi per la salute fisica, pu\u00f2 incidere fortemente sulla qualit\u00e0 della vita e sull&#8217;autostima.<\/p>\n<p>&nbsp;<\/p>\n<p>[\/et_pb_text][\/et_pb_column][et_pb_column type=&#8221;1_3&#8243; _builder_version=&#8221;4.16&#8243; custom_padding=&#8221;|||&#8221; global_colors_info=&#8221;{}&#8221; custom_padding__hover=&#8221;|||&#8221;][et_pb_image src=&#8221;https:\/\/pjama.eu\/wp-content\/uploads\/pjama-figure-panic.svg&#8221; alt=&#8221;L&#039;enuresi da Pjama&#8221; title_text=&#8221;Pjama-figura-panico&#8221; align=&#8221;center&#8221; _builder_version=&#8221;4.27.4&#8243; width_tablet=&#8221;&#8221; width_phone=&#8221;40%&#8221; width_last_edited=&#8221;on|phone&#8221; global_colors_info=&#8221;{}&#8221;][\/et_pb_image][\/et_pb_column][\/et_pb_row][et_pb_row column_structure=&#8221;1_3,2_3&#8243; custom_padding_last_edited=&#8221;on|phone&#8221; _builder_version=&#8221;4.27.4&#8243; custom_margin_tablet=&#8221;&#8221; custom_margin_phone=&#8221;0px||||false|false&#8221; custom_margin_last_edited=&#8221;on|phone&#8221; custom_padding_tablet=&#8221;&#8221; custom_padding_phone=&#8221;1px||||false|false&#8221; global_colors_info=&#8221;{}&#8221;][et_pb_column type=&#8221;1_3&#8243; _builder_version=&#8221;4.16&#8243; global_colors_info=&#8221;{}&#8221;][\/et_pb_column][et_pb_column type=&#8221;2_3&#8243; _builder_version=&#8221;4.16&#8243; global_colors_info=&#8221;{}&#8221;][et_pb_text module_class=&#8221;custom_bullets_wpcc custom_bullets_wpcc&#8211;point&#8221; _builder_version=&#8221;4.27.6&#8243; header_2_text_color=&#8221;#D35917&#8243; header_3_text_color=&#8221;gcid-5eef58f4-760a-49fb-ad33-042d93415a96&#8243; hover_enabled=&#8221;0&#8243; ul_font_size_tablet=&#8221;&#8221; ul_font_size_phone=&#8221;17px&#8221; ul_font_size_last_edited=&#8221;on|phone&#8221; global_colors_info=&#8221;{%22gcid-5eef58f4-760a-49fb-ad33-042d93415a96%22:%91%22header_3_text_color%22%93}&#8221; text_font=&#8221;&#8211;et_global_body_font|&#8211;et_global_heading_font_weight|||||||&#8221; sticky_enabled=&#8221;0&#8243;]<\/p>\n<h2><b>GESTIONE E TRATTAMENTO DELLA PIP\u00cc A LETTO NEGLI ADULTI<\/b><\/h2>\n<p>Convivere con l&#8217;enuresi dell&#8217;adulto pu\u00f2 essere emotivamente impegnativo, ma l&#8217;aiuto \u00e8 disponibile.<br data-start=\"5810\" data-end=\"5813\">Ecco le strategie di trattamento pi\u00f9 comuni:<\/p>\n<p>&nbsp;<\/p>\n<h3 data-start=\"5861\" data-end=\"5879\"><strong data-start=\"5865\" data-end=\"5879\">Farmaci<\/strong><\/h3>\n<p data-start=\"5880\" data-end=\"6015\">Alcuni farmaci possono aiutare a ridurre i sintomi o a controllare la produzione di urina durante la notte.<br data-start=\"5957\" data-end=\"5960\">Tuttavia, non si tratta di cure, ma di un supporto alla gestione.<\/p>\n<h3 data-start=\"6017\" data-end=\"6042\"><strong data-start=\"6021\" data-end=\"6042\">Allarmi pip\u00ec a letto<\/strong><\/h3>\n<p data-start=\"6043\" data-end=\"6229\">Gli allarmi pip\u00ec a letto possono aiutare a rieducare il corpo a svegliarsi prima che si verifichi un incidente.<br data-start=\"6124\" data-end=\"6127\">Il Pjama DryGuardians Sensore Allarme Indipendente \u00e8 un&#8217;opzione discreta ed efficace per gli adulti.<\/p>\n<h3 data-start=\"6231\" data-end=\"6246\"><strong data-start=\"6235\" data-end=\"6246\">Terapia<\/strong><\/h3>\n<p data-start=\"6247\" data-end=\"6351\">Se lo stress o l&#8217;ansia contribuiscono alla pip\u00ec a letto, la terapia pu\u00f2 aiutare ad affrontare le cause sottostanti.<\/p>\n<h3 data-start=\"6353\" data-end=\"6378\"><strong data-start=\"6357\" data-end=\"6378\">Routine di idratazione<\/strong><\/h3>\n<p data-start=\"6379\" data-end=\"6578\">Bere 6-8 bicchieri di liquidi al giorno, possibilmente all&#8217;inizio della giornata.<br data-start=\"6444\" data-end=\"6447\">Ridurre l&#8217;assunzione di liquidi alla sera e scegliere bevande non contenenti caffeina e non gassate per ridurre il rischio di incidenti notturni.<\/p>\n<p>[\/et_pb_text][\/et_pb_column][\/et_pb_row][\/et_pb_section]<\/p>\n","protected":false},"excerpt":{"rendered":"<p>Che cos&#8217;\u00e8 l&#8217;enuresi? Enuresi &#8211; o pip\u00ec a letto &#8211; significa minzione involontaria durante il sonno. \u00c8 molto pi\u00f9 comune di quanto si pensi e pu\u00f2 colpire sia i bambini che gli adulti.Vediamo pi\u00f9 da vicino perch\u00e9 si verifica, come pu\u00f2 essere gestita e cosa si pu\u00f2 fare per aiutare il proprio figlio o se [&hellip;]<\/p>\n","protected":false},"author":1,"featured_media":0,"parent":0,"menu_order":0,"comment_status":"closed","ping_status":"closed","template":"","meta":{"_et_pb_use_builder":"on","_et_pb_old_content":"","_et_gb_content_width":"","footnotes":""},"class_list":["post-23734","page","type-page","status-publish","hentry"],"_links":{"self":[{"href":"https:\/\/pjama.eu\/it\/wp-json\/wp\/v2\/pages\/23734","targetHints":{"allow":["GET"]}}],"collection":[{"href":"https:\/\/pjama.eu\/it\/wp-json\/wp\/v2\/pages"}],"about":[{"href":"https:\/\/pjama.eu\/it\/wp-json\/wp\/v2\/types\/page"}],"author":[{"embeddable":true,"href":"https:\/\/pjama.eu\/it\/wp-json\/wp\/v2\/users\/1"}],"replies":[{"embeddable":true,"href":"https:\/\/pjama.eu\/it\/wp-json\/wp\/v2\/comments?post=23734"}],"version-history":[{"count":14,"href":"https:\/\/pjama.eu\/it\/wp-json\/wp\/v2\/pages\/23734\/revisions"}],"predecessor-version":[{"id":35870,"href":"https:\/\/pjama.eu\/it\/wp-json\/wp\/v2\/pages\/23734\/revisions\/35870"}],"wp:attachment":[{"href":"https:\/\/pjama.eu\/it\/wp-json\/wp\/v2\/media?parent=23734"}],"curies":[{"name":"wp","href":"https:\/\/api.w.org\/{rel}","templated":true}]}}